{"id":29361,"date":"2025-05-08T11:41:39","date_gmt":"2025-05-08T09:41:39","guid":{"rendered":"https:\/\/clinicagirona.cat\/?page_id=29361"},"modified":"2026-03-11T11:09:04","modified_gmt":"2026-03-11T10:09:04","slug":"nuclear-medicine","status":"publish","type":"page","link":"https:\/\/clinicagirona.cat\/en\/especialitats\/medicina-nuclear\/","title":{"rendered":"Nuclear Medicine"},"content":{"rendered":"<div data-elementor-type=\"wp-page\" data-elementor-id=\"29361\" class=\"elementor elementor-29361\">\n\t\t\t\t<div class=\"wd-negative-gap elementor-element elementor-element-87be594 e-flex e-con-boxed e-con e-parent\" data-id=\"87be594\" data-element_type=\"container\" data-e-type=\"container\">\n\t\t\t\t\t<div class=\"e-con-inner\">\n\t\t\t\t<div class=\"elementor-element elementor-element-ae42b2d wd-width-100 elementor-widget elementor-widget-wd_title\" data-id=\"ae42b2d\" data-element_type=\"widget\" data-e-type=\"widget\" data-widget_type=\"wd_title.default\">\n\t\t\t\t<div class=\"elementor-widget-container\">\n\t\t\t\t\t\t\t<div class=\"title-wrapper wd-set-mb reset-last-child wd-title-color-default wd-title-style-default wd-title-size-medium text-left\">\n\n\t\t\t\n\t\t\t<div class=\"liner-continer\">\n\t\t\t\t<h2 class=\"woodmart-title-container title wd-fontsize-xl\">Nuclear Medicine Department at Girona Clinic: Molecular Imaging and Precise Treatment<br \/>\n<\/h2> \n\t\t\t\t\t\t\t<\/div>\n\n\t\t\t\t\t<\/div>\n\t\t\t\t\t\t<\/div>\n\t\t\t\t<\/div>\n\t\t\t\t\t<\/div>\n\t\t\t\t<\/div>\n\t\t<div class=\"wd-negative-gap elementor-element elementor-element-ce2f3f6 e-flex e-con-boxed e-con e-parent\" data-id=\"ce2f3f6\" data-element_type=\"container\" data-e-type=\"container\">\n\t\t\t\t\t<div class=\"e-con-inner\">\n\t\t<div class=\"elementor-element elementor-element-826aa5e e-con-full e-flex e-con e-child\" data-id=\"826aa5e\" data-element_type=\"container\" data-e-type=\"container\">\n\t\t\t\t<div class=\"elementor-element elementor-element-969a311 wd-width-100 elementor-widget elementor-widget-wd_title\" data-id=\"969a311\" data-element_type=\"widget\" data-e-type=\"widget\" data-widget_type=\"wd_title.default\">\n\t\t\t\t<div class=\"elementor-widget-container\">\n\t\t\t\t\t\t\t<div class=\"title-wrapper wd-set-mb reset-last-child wd-title-color-default wd-title-style-default wd-title-size-default text-center\">\n\n\t\t\t\n\t\t\t<div class=\"liner-continer\">\n\t\t\t\t<h4 class=\"woodmart-title-container title wd-fontsize-l\">Contact<\/h4> \n\t\t\t\t\t\t\t<\/div>\n\n\t\t\t\t\t<\/div>\n\t\t\t\t\t\t<\/div>\n\t\t\t\t<\/div>\n\t\t\t\t<div class=\"elementor-element elementor-element-005973b elementor-align-center elementor-icon-list--layout-traditional elementor-list-item-link-full_width elementor-widget elementor-widget-icon-list\" data-id=\"005973b\" data-element_type=\"widget\" data-e-type=\"widget\" data-widget_type=\"icon-list.default\">\n\t\t\t\t<div class=\"elementor-widget-container\">\n\t\t\t\t\t\t\t<ul class=\"elementor-icon-list-items\">\n\t\t\t\t\t\t\t<li class=\"elementor-icon-list-item\">\n\t\t\t\t\t\t\t\t\t\t\t<span class=\"elementor-icon-list-icon\">\n\t\t\t\t\t\t\t<svg aria-hidden=\"true\" class=\"e-font-icon-svg e-fas-map-pin\" viewbox=\"0 0 288 512\" xmlns=\"http:\/\/www.w3.org\/2000\/svg\"><path d=\"M112 316.94v156.69l22.02 33.02c4.75 7.12 15.22 7.12 19.97 0L176 473.63V316.94c-10.39 1.92-21.06 3.06-32 3.06s-21.61-1.14-32-3.06zM144 0C64.47 0 0 64.47 0 144s64.47 144 144 144 144-64.47 144-144S223.53 0 144 0zm0 76c-37.5 0-68 30.5-68 68 0 6.62-5.38 12-12 12s-12-5.38-12-12c0-50.73 41.28-92 92-92 6.62 0 12 5.38 12 12s-5.38 12-12 12z\"><\/path><\/svg>\t\t\t\t\t\t<\/span>\n\t\t\t\t\t\t\t\t\t\t<span class=\"elementor-icon-list-text\">Basement<\/span>\n\t\t\t\t\t\t\t\t\t<\/li>\n\t\t\t\t\t\t\t\t<li class=\"elementor-icon-list-item\">\n\t\t\t\t\t\t\t\t\t\t\t<span class=\"elementor-icon-list-icon\">\n\t\t\t\t\t\t\t<svg aria-hidden=\"true\" class=\"e-font-icon-svg e-fas-mobile-alt\" viewbox=\"0 0 320 512\" xmlns=\"http:\/\/www.w3.org\/2000\/svg\"><path d=\"M272 0H48C21.5 0 0 21.5 0 48v416c0 26.5 21.5 48 48 48h224c26.5 0 48-21.5 48-48V48c0-26.5-21.5-48-48-48zM160 480c-17.7 0-32-14.3-32-32s14.3-32 32-32 32 14.3 32 32-14.3 32-32 32zm112-108c0 6.6-5.4 12-12 12H60c-6.6 0-12-5.4-12-12V60c0-6.6 5.4-12 12-12h200c6.6 0 12 5.4 12 12v312z\"><\/path><\/svg>\t\t\t\t\t\t<\/span>\n\t\t\t\t\t\t\t\t\t\t<span class=\"elementor-icon-list-text\">972 225 599<\/span>\n\t\t\t\t\t\t\t\t\t<\/li>\n\t\t\t\t\t\t<\/ul>\n\t\t\t\t\t\t<\/div>\n\t\t\t\t<\/div>\n\t\t\t\t<div class=\"elementor-element elementor-element-5e1d7ab elementor-widget elementor-widget-wd_button\" data-id=\"5e1d7ab\" data-element_type=\"widget\" data-e-type=\"widget\" data-widget_type=\"wd_button.default\">\n\t\t\t\t<div class=\"elementor-widget-container\">\n\t\t\t\t\t\t\t<div class=\"wd-button-wrapper text-center\" >\n\t\t\t<a class=\"btn btn-style-default btn-shape-rectangle btn-size-default btn-color-primary btn-full-width btn-icon-pos-right\"  href=\"https:\/\/www.cetir.com\/\" target=\"_blank\">\n\t\t\t\t<span class=\"wd-btn-text\" data-elementor-setting-key=\"text\">\n\t\t\t\t\tCetir Webpage\t\t\t\t<\/span>\n\n\t\t\t\t\t\t\t<\/a>\n\t\t<\/div>\n\t\t\t\t\t\t<\/div>\n\t\t\t\t<\/div>\n\t\t\t\t<\/div>\n\t\t<div class=\"elementor-element elementor-element-dabf0aa e-con-full e-flex e-con e-child\" data-id=\"dabf0aa\" data-element_type=\"container\" data-e-type=\"container\">\n\t\t\t\t<div class=\"elementor-element elementor-element-21119cb color-scheme-inherit text-left elementor-widget elementor-widget-text-editor\" data-id=\"21119cb\" data-element_type=\"widget\" data-e-type=\"widget\" data-widget_type=\"text-editor.default\">\n\t\t\t\t<div class=\"elementor-widget-container\">\n\t\t\t\t\t\t\t\t\t<p>At the Nuclear Medicine Service of Cl\u00ednica Girona, we use small amounts of radioactive substances (radiopharmaceuticals) to obtain functional and molecular images of the inside of the body, as well as for the treatment of certain diseases. This specialty allows us to evaluate the functioning of organs and tissues at the cellular level, providing<strong> crucial information for early diagnosis<\/strong>, staging and monitoring of various pathologies, including cancer, heart and neurological diseases.<\/p>\t\t\t\t\t\t\t\t<\/div>\n\t\t\t\t<\/div>\n\t\t\t\t<div class=\"elementor-element elementor-element-a282ab2 color-scheme-inherit text-left elementor-widget elementor-widget-text-editor\" data-id=\"a282ab2\" data-element_type=\"widget\" data-e-type=\"widget\" data-widget_type=\"text-editor.default\">\n\t\t\t\t<div class=\"elementor-widget-container\">\n\t\t\t\t\t\t\t\t\t<p>Unlike other imaging techniques that mainly show organ structure, nuclear medicine allows us to observe<strong> How organs and tissues work<\/strong>. Radiopharmaceuticals are distributed throughout the body and emit a small amount of radiation that is detected by specialised equipment, creating images that reflect metabolic activity and biological processes at a molecular level.<\/p>\t\t\t\t\t\t\t\t<\/div>\n\t\t\t\t<\/div>\n\t\t\t\t<\/div>\n\t\t\t\t\t<\/div>\n\t\t\t\t<\/div>\n\t\t<div class=\"wd-negative-gap elementor-element elementor-element-069116f e-flex e-con-boxed e-con e-parent\" data-id=\"069116f\" data-element_type=\"container\" data-e-type=\"container\">\n\t\t\t\t\t<div class=\"e-con-inner\">\n\t\t\t\t<div class=\"elementor-element elementor-element-c11b20f elementor-widget elementor-widget-n-accordion\" data-id=\"c11b20f\" data-element_type=\"widget\" data-e-type=\"widget\" data-settings=\"{&quot;default_state&quot;:&quot;all_collapsed&quot;,&quot;max_items_expended&quot;:&quot;one&quot;,&quot;n_accordion_animation_duration&quot;:{&quot;unit&quot;:&quot;ms&quot;,&quot;size&quot;:400,&quot;sizes&quot;:[]}}\" data-widget_type=\"nested-accordion.default\">\n\t\t\t\t<div class=\"elementor-widget-container\">\n\t\t\t\t\t\t\t<div class=\"e-n-accordion\" aria-label=\"Accordion. Open links with Enter or Space, close with Escape, and navigate with Arrow Keys\">\n\t\t\t\t\t\t<details id=\"e-n-accordion-item-2020\" class=\"e-n-accordion-item\" >\n\t\t\t\t<summary class=\"e-n-accordion-item-title\" data-accordion-index=\"1\" tabindex=\"0\" aria-expanded=\"false\" aria-controls=\"e-n-accordion-item-2020\" >\n\t\t\t\t\t<span class='e-n-accordion-item-title-header'><div class=\"e-n-accordion-item-title-text\"> Outpatient service <\/div><\/span>\n\t\t\t\t\t\t\t<span class='e-n-accordion-item-title-icon'>\n\t\t\t<span class='e-opened' ><svg aria-hidden=\"true\" class=\"e-font-icon-svg e-fas-minus\" viewbox=\"0 0 448 512\" xmlns=\"http:\/\/www.w3.org\/2000\/svg\"><path d=\"M416 208H32c-17.67 0-32 14.33-32 32v32c0 17.67 14.33 32 32 32h384c17.67 0 32-14.33 32-32v-32c0-17.67-14.33-32-32-32z\"><\/path><\/svg><\/span>\n\t\t\t<span class='e-closed'><svg aria-hidden=\"true\" class=\"e-font-icon-svg e-fas-plus\" viewbox=\"0 0 448 512\" xmlns=\"http:\/\/www.w3.org\/2000\/svg\"><path d=\"M416 208H272V64c0-17.67-14.33-32-32-32h-32c-17.67 0-32 14.33-32 32v144H32c-17.67 0-32 14.33-32 32v32c0 17.67 14.33 32 32 32h144v144c0 17.67 14.33 32 32 32h32c17.67 0 32-14.33 32-32V304h144c17.67 0 32-14.33 32-32v-32c0-17.67-14.33-32-32-32z\"><\/path><\/svg><\/span>\n\t\t<\/span>\n\n\t\t\t\t\t\t<\/summary>\n\t\t\t\t<div role=\"region\" aria-labelledby=\"e-n-accordion-item-2020\" class=\"elementor-element elementor-element-9cbf22b e-con-full e-flex e-con e-child\" data-id=\"9cbf22b\" data-element_type=\"container\" data-e-type=\"container\" data-settings=\"{&quot;background_background&quot;:&quot;classic&quot;}\">\n\t\t\t\t<div class=\"elementor-element elementor-element-e46b677 elementor-widget elementor-widget-wd_text_block\" data-id=\"e46b677\" data-element_type=\"widget\" data-e-type=\"widget\" data-widget_type=\"wd_text_block.default\">\n\t\t\t\t<div class=\"elementor-widget-container\">\n\t\t\t\t\t\t\t<div class=\"wd-text-block reset-last-child text-left color-primary\">\n\t\t\t\n\t\t\t<p><strong>Nuclear Cardiology<\/strong><\/p><ul><li>Myocardial perfusion SPECT.<\/li><li>First-pass ventriculography.<\/li><li>Isotope ventriculography.<\/li><li>Technetium pyrophosphate scan.<\/li><\/ul><p><strong>Central Nervous System<\/strong><\/p><ul><li>Cisternography.<\/li><li>Cerebral perfusion SPECT.<\/li><li>SPECT scan of receptors.<\/li><li>SPECT cerebral amb Tal\u00b7li.<\/li><li>Cerebral angiography.<\/li><\/ul><p><strong>Endocrine System<\/strong><\/p><ul><li>Thyroid scan.<\/li><li>Parathyroid scintigraphy.<\/li><li>Whole-body scan with Iodine 131.<\/li><li>Adrenal scintigraphy (cortex).<\/li><li>123I MIBG scintigraphy.<br \/>Dacryocystography.<\/li><\/ul><p><strong>Oncology Studies<\/strong><\/p><ul><li>Sentinel lymph node detection.<\/li><li>Gallium tracking.<\/li><li>Octreotide scan.<\/li><li>Scintigraphy with monoclonal antibodies.<\/li><li>Mammography.<\/li><\/ul><p><strong>Digestive System<\/strong><\/p><ul><li>Salivary gland scintigraphy.<\/li><li>Oesophageal transit.<\/li><li>Gastro-oesophageal reflux. Pulmonary micro-aspiration.<\/li><li>Gastric bud.<\/li><li>Meckel's diverticulum scan.<\/li><li>Hepatosplenic scintigraphy.<\/li><li>Hepatobiliary scintigraphy.<\/li><li>Spleen scan.<\/li><li>Liver scan with labelled red blood cells.<\/li><li>Peritoneal scan.<\/li><li>Gastrointestinal bleeding scan.<\/li><\/ul><p><strong>Uro-genital System<\/strong><\/p><ul><li>99mTc-MAG3 renogram. Diuretic renogram.<\/li><li>Captopril Renogram with 99mTc-DTPA. Glomerular filtrate.<\/li><li>Indirect cystogram.<\/li><li>Renal scintigraphy.<\/li><li>Testicular scintigraphy.<\/li><\/ul><p><strong>Skeletal Explorations<\/strong><\/p><ul><li>Bone scan.<br \/>SPECT ossi.<\/li><li>Bone scintigraphy with leukocytes.<\/li><li>Bone scan with gallium<\/li><li>Bone marrow scan (reticuloendothelial system study).<\/li><\/ul><p><strong>Lung explorations<\/strong><\/p><ul><li>Ventilation lung scan.<\/li><li>Pulmonary perfusion scintigraphy.<\/li><\/ul><p><strong>Peripheral vascular system and lymphatic system<\/strong><\/p><ul><li>Angiography.<\/li><li>Phlebography.<\/li><li>Lymphoscintigraphy.<\/li><\/ul><p><strong>Therapeutics<\/strong><\/p><ul><li>Treatment of hyperthyroidism.<\/li><li>Treatment of thyroid carcinoma.<\/li><li>Metabolic therapy with P32.<\/li><li>Synoviortesis.<\/li><li>MIBG treatment.<\/li><li>Palliative pain management.<\/li><\/ul><p><strong>Inflammation-Infection<\/strong><\/p><ul><li>Partial gallium scan.<\/li><li>Body scan with Gallium.<\/li><li>Leukocyte scintigraphy.<\/li><li>Leukocyte tracking.<\/li><\/ul><p><strong>Parkinson's receptor study<\/strong><\/p><p><strong>Bone metastases. New prostate<\/strong><\/p>\n\t\t\t\t\t<\/div>\n\t\t\t\t\t\t<\/div>\n\t\t\t\t<\/div>\n\t\t\t\t<\/div>\n\t\t\t\t\t<\/details>\n\t\t\t\t\t<\/div>\n\t\t\t\t\t\t<\/div>\n\t\t\t\t<\/div>\n\t\t\t\t\t<\/div>\n\t\t\t\t<\/div>\n\t\t\t\t<\/div>","protected":false},"excerpt":{"rendered":"<p>Servei de Medicina Nuclear de Cl\u00ednica Girona: Imatge molecular i tractament prec\u00eds Contacte Planta -1 972 225 599 P\u00e0gina web<\/p>","protected":false},"author":1,"featured_media":32042,"parent":28790,"menu_order":0,"comment_status":"closed","ping_status":"closed","template":"","meta":{"footnotes":""},"class_list":["post-29361","page","type-page","status-publish","has-post-thumbnail","hentry"],"yoast_head":"<!-- This site is optimized with the Yoast SEO plugin v27.4 - https:\/\/yoast.com\/product\/yoast-seo-wordpress\/ -->\n<title>Medicina Nuclear - Cl\u00ednica Girona - Especialitats<\/title>\n<meta name=\"description\" content=\"Al Servei de Medicina Nuclear de Cl\u00ednica Girona, utilitzem petites quantitats de subst\u00e0ncies radioactives (radiof\u00e0rmacs) per obtenir imatges funcionals i moleculars de l&#039;interior del cos, aix\u00ed com per al tractament de certes malalties.\" \/>\n<meta name=\"robots\" content=\"index, follow, max-snippet:-1, max-image-preview:large, max-video-preview:-1\" \/>\n<link rel=\"canonical\" href=\"https:\/\/clinicagirona.cat\/en\/specialities\/nuclear-medicine\/\" \/>\n<meta property=\"og:locale\" content=\"en_GB\" \/>\n<meta property=\"og:type\" content=\"article\" \/>\n<meta property=\"og:title\" content=\"Medicina Nuclear - Cl\u00ednica Girona - Especialitats\" \/>\n<meta property=\"og:description\" content=\"Al Servei de Medicina Nuclear de Cl\u00ednica Girona, utilitzem petites quantitats de subst\u00e0ncies radioactives (radiof\u00e0rmacs) per obtenir imatges funcionals i moleculars de l&#039;interior del cos, aix\u00ed com per al tractament de certes malalties.\" \/>\n<meta property=\"og:url\" content=\"https:\/\/clinicagirona.cat\/en\/specialities\/nuclear-medicine\/\" \/>\n<meta property=\"og:site_name\" content=\"Cl\u00ednica Girona\" \/>\n<meta property=\"article:publisher\" content=\"http:\/\/www.facebook.com\/clinicagirona\" \/>\n<meta property=\"article:modified_time\" content=\"2026-03-11T10:09:04+00:00\" \/>\n<meta property=\"og:image\" content=\"https:\/\/clinicagirona.cat\/wp-content\/uploads\/2025\/05\/medicina-nuclear-banner-.jpg\" \/>\n\t<meta property=\"og:image:width\" content=\"900\" \/>\n\t<meta property=\"og:image:height\" content=\"600\" \/>\n\t<meta property=\"og:image:type\" content=\"image\/jpeg\" \/>\n<meta name=\"twitter:card\" content=\"summary_large_image\" \/>\n<meta name=\"twitter:label1\" content=\"Estimated reading time\" \/>\n\t<meta name=\"twitter:data1\" content=\"4 minutes\" \/>\n<script type=\"application\/ld+json\" class=\"yoast-schema-graph\">{\"@context\":\"https:\\\/\\\/schema.org\",\"@graph\":[{\"@type\":\"WebPage\",\"@id\":\"https:\\\/\\\/clinicagirona.cat\\\/especialitats\\\/medicina-nuclear\\\/\",\"url\":\"https:\\\/\\\/clinicagirona.cat\\\/especialitats\\\/medicina-nuclear\\\/\",\"name\":\"Medicina Nuclear - Cl\u00ednica Girona - Especialitats\",\"isPartOf\":{\"@id\":\"https:\\\/\\\/clinicagirona.cat\\\/#website\"},\"primaryImageOfPage\":{\"@id\":\"https:\\\/\\\/clinicagirona.cat\\\/especialitats\\\/medicina-nuclear\\\/#primaryimage\"},\"image\":{\"@id\":\"https:\\\/\\\/clinicagirona.cat\\\/especialitats\\\/medicina-nuclear\\\/#primaryimage\"},\"thumbnailUrl\":\"https:\\\/\\\/clinicagirona.cat\\\/wp-content\\\/uploads\\\/2025\\\/05\\\/medicina-nuclear-banner-.jpg\",\"datePublished\":\"2025-05-08T09:41:39+00:00\",\"dateModified\":\"2026-03-11T10:09:04+00:00\",\"description\":\"Al Servei de Medicina Nuclear de Cl\u00ednica Girona, utilitzem petites quantitats de subst\u00e0ncies radioactives (radiof\u00e0rmacs) per obtenir imatges funcionals i moleculars de l'interior del cos, aix\u00ed com per al tractament de certes malalties.\",\"breadcrumb\":{\"@id\":\"https:\\\/\\\/clinicagirona.cat\\\/especialitats\\\/medicina-nuclear\\\/#breadcrumb\"},\"inLanguage\":\"en-GB\",\"potentialAction\":[{\"@type\":\"ReadAction\",\"target\":[\"https:\\\/\\\/clinicagirona.cat\\\/especialitats\\\/medicina-nuclear\\\/\"]}]},{\"@type\":\"ImageObject\",\"inLanguage\":\"en-GB\",\"@id\":\"https:\\\/\\\/clinicagirona.cat\\\/especialitats\\\/medicina-nuclear\\\/#primaryimage\",\"url\":\"https:\\\/\\\/clinicagirona.cat\\\/wp-content\\\/uploads\\\/2025\\\/05\\\/medicina-nuclear-banner-.jpg\",\"contentUrl\":\"https:\\\/\\\/clinicagirona.cat\\\/wp-content\\\/uploads\\\/2025\\\/05\\\/medicina-nuclear-banner-.jpg\",\"width\":900,\"height\":600,\"caption\":\"Serveis de medicina nuclear a Cl\u00ednica Girona\"},{\"@type\":\"BreadcrumbList\",\"@id\":\"https:\\\/\\\/clinicagirona.cat\\\/especialitats\\\/medicina-nuclear\\\/#breadcrumb\",\"itemListElement\":[{\"@type\":\"ListItem\",\"position\":1,\"name\":\"Inici\",\"item\":\"https:\\\/\\\/clinicagirona.cat\\\/\"},{\"@type\":\"ListItem\",\"position\":2,\"name\":\"Especialitats\",\"item\":\"https:\\\/\\\/clinicagirona.cat\\\/especialitats\\\/\"},{\"@type\":\"ListItem\",\"position\":3,\"name\":\"Medicina Nuclear\"}]},{\"@type\":\"WebSite\",\"@id\":\"https:\\\/\\\/clinicagirona.cat\\\/#website\",\"url\":\"https:\\\/\\\/clinicagirona.cat\\\/\",\"name\":\"Cl\u00ednica Girona\",\"description\":\"Cuidem la teva salut, et cuidem a tu\",\"publisher\":{\"@id\":\"https:\\\/\\\/clinicagirona.cat\\\/#organization\"},\"potentialAction\":[{\"@type\":\"SearchAction\",\"target\":{\"@type\":\"EntryPoint\",\"urlTemplate\":\"https:\\\/\\\/clinicagirona.cat\\\/?s={search_term_string}\"},\"query-input\":{\"@type\":\"PropertyValueSpecification\",\"valueRequired\":true,\"valueName\":\"search_term_string\"}}],\"inLanguage\":\"en-GB\"},{\"@type\":\"Organization\",\"@id\":\"https:\\\/\\\/clinicagirona.cat\\\/#organization\",\"name\":\"Cl\u00ednica Girona\",\"url\":\"https:\\\/\\\/clinicagirona.cat\\\/\",\"logo\":{\"@type\":\"ImageObject\",\"inLanguage\":\"en-GB\",\"@id\":\"https:\\\/\\\/clinicagirona.cat\\\/#\\\/schema\\\/logo\\\/image\\\/\",\"url\":\"https:\\\/\\\/clinicagirona.cat\\\/wp-content\\\/uploads\\\/2026\\\/04\\\/clinica-girona-logo-quadrat.jpg\",\"contentUrl\":\"https:\\\/\\\/clinicagirona.cat\\\/wp-content\\\/uploads\\\/2026\\\/04\\\/clinica-girona-logo-quadrat.jpg\",\"width\":1000,\"height\":1000,\"caption\":\"Cl\u00ednica Girona\"},\"image\":{\"@id\":\"https:\\\/\\\/clinicagirona.cat\\\/#\\\/schema\\\/logo\\\/image\\\/\"},\"sameAs\":[\"http:\\\/\\\/www.facebook.com\\\/clinicagirona\",\"https:\\\/\\\/www.instagram.com\\\/clinicagirona\\\/\",\"http:\\\/\\\/www.youtube.com\\\/clinicagirona\",\"http:\\\/\\\/www.linkedin.com\\\/in\\\/clnica-girona-130222b6\\\/\"]}]}<\/script>\n<!-- \/ Yoast SEO plugin. -->","yoast_head_json":{"title":"Nuclear Medicine - Girona Clinic - Specialities","description":"At the Nuclear Medicine Department of Cl\u00ednica Girona, we use small amounts of radioactive substances (radiopharmaceuticals) to obtain functional and molecular images of the inside of the body, as well as for the treatment of certain diseases.","robots":{"index":"index","follow":"follow","max-snippet":"max-snippet:-1","max-image-preview":"max-image-preview:large","max-video-preview":"max-video-preview:-1"},"canonical":"https:\/\/clinicagirona.cat\/en\/specialities\/nuclear-medicine\/","og_locale":"en_GB","og_type":"article","og_title":"Medicina Nuclear - Cl\u00ednica Girona - Especialitats","og_description":"Al Servei de Medicina Nuclear de Cl\u00ednica Girona, utilitzem petites quantitats de subst\u00e0ncies radioactives (radiof\u00e0rmacs) per obtenir imatges funcionals i moleculars de l'interior del cos, aix\u00ed com per al tractament de certes malalties.","og_url":"https:\/\/clinicagirona.cat\/en\/specialities\/nuclear-medicine\/","og_site_name":"Cl\u00ednica Girona","article_publisher":"http:\/\/www.facebook.com\/clinicagirona","article_modified_time":"2026-03-11T10:09:04+00:00","og_image":[{"width":900,"height":600,"url":"https:\/\/clinicagirona.cat\/wp-content\/uploads\/2025\/05\/medicina-nuclear-banner-.jpg","type":"image\/jpeg"}],"twitter_card":"summary_large_image","twitter_misc":{"Estimated reading time":"4 minutes"},"schema":{"@context":"https:\/\/schema.org","@graph":[{"@type":"WebPage","@id":"https:\/\/clinicagirona.cat\/especialitats\/medicina-nuclear\/","url":"https:\/\/clinicagirona.cat\/especialitats\/medicina-nuclear\/","name":"Nuclear Medicine - Girona Clinic - Specialities","isPartOf":{"@id":"https:\/\/clinicagirona.cat\/#website"},"primaryImageOfPage":{"@id":"https:\/\/clinicagirona.cat\/especialitats\/medicina-nuclear\/#primaryimage"},"image":{"@id":"https:\/\/clinicagirona.cat\/especialitats\/medicina-nuclear\/#primaryimage"},"thumbnailUrl":"https:\/\/clinicagirona.cat\/wp-content\/uploads\/2025\/05\/medicina-nuclear-banner-.jpg","datePublished":"2025-05-08T09:41:39+00:00","dateModified":"2026-03-11T10:09:04+00:00","description":"At the Nuclear Medicine Department of Cl\u00ednica Girona, we use small amounts of radioactive substances (radiopharmaceuticals) to obtain functional and molecular images of the inside of the body, as well as for the treatment of certain diseases.","breadcrumb":{"@id":"https:\/\/clinicagirona.cat\/especialitats\/medicina-nuclear\/#breadcrumb"},"inLanguage":"en-GB","potentialAction":[{"@type":"ReadAction","target":["https:\/\/clinicagirona.cat\/especialitats\/medicina-nuclear\/"]}]},{"@type":"ImageObject","inLanguage":"en-GB","@id":"https:\/\/clinicagirona.cat\/especialitats\/medicina-nuclear\/#primaryimage","url":"https:\/\/clinicagirona.cat\/wp-content\/uploads\/2025\/05\/medicina-nuclear-banner-.jpg","contentUrl":"https:\/\/clinicagirona.cat\/wp-content\/uploads\/2025\/05\/medicina-nuclear-banner-.jpg","width":900,"height":600,"caption":"Serveis de medicina nuclear a Cl\u00ednica Girona"},{"@type":"BreadcrumbList","@id":"https:\/\/clinicagirona.cat\/especialitats\/medicina-nuclear\/#breadcrumb","itemListElement":[{"@type":"ListItem","position":1,"name":"Inici","item":"https:\/\/clinicagirona.cat\/"},{"@type":"ListItem","position":2,"name":"Especialitats","item":"https:\/\/clinicagirona.cat\/especialitats\/"},{"@type":"ListItem","position":3,"name":"Medicina Nuclear"}]},{"@type":"WebSite","@id":"https:\/\/clinicagirona.cat\/#website","url":"https:\/\/clinicagirona.cat\/","name":"Cl\u00ednica Girona","description":"We look after your health, we look after you","publisher":{"@id":"https:\/\/clinicagirona.cat\/#organization"},"potentialAction":[{"@type":"SearchAction","target":{"@type":"EntryPoint","urlTemplate":"https:\/\/clinicagirona.cat\/?s={search_term_string}"},"query-input":{"@type":"PropertyValueSpecification","valueRequired":true,"valueName":"search_term_string"}}],"inLanguage":"en-GB"},{"@type":"Organization","@id":"https:\/\/clinicagirona.cat\/#organization","name":"Cl\u00ednica Girona","url":"https:\/\/clinicagirona.cat\/","logo":{"@type":"ImageObject","inLanguage":"en-GB","@id":"https:\/\/clinicagirona.cat\/#\/schema\/logo\/image\/","url":"https:\/\/clinicagirona.cat\/wp-content\/uploads\/2026\/04\/clinica-girona-logo-quadrat.jpg","contentUrl":"https:\/\/clinicagirona.cat\/wp-content\/uploads\/2026\/04\/clinica-girona-logo-quadrat.jpg","width":1000,"height":1000,"caption":"Cl\u00ednica Girona"},"image":{"@id":"https:\/\/clinicagirona.cat\/#\/schema\/logo\/image\/"},"sameAs":["http:\/\/www.facebook.com\/clinicagirona","https:\/\/www.instagram.com\/clinicagirona\/","http:\/\/www.youtube.com\/clinicagirona","http:\/\/www.linkedin.com\/in\/clnica-girona-130222b6\/"]}]}},"_links":{"self":[{"href":"https:\/\/clinicagirona.cat\/en\/wp-json\/wp\/v2\/pages\/29361","targetHints":{"allow":["GET"]}}],"collection":[{"href":"https:\/\/clinicagirona.cat\/en\/wp-json\/wp\/v2\/pages"}],"about":[{"href":"https:\/\/clinicagirona.cat\/en\/wp-json\/wp\/v2\/types\/page"}],"author":[{"embeddable":true,"href":"https:\/\/clinicagirona.cat\/en\/wp-json\/wp\/v2\/users\/1"}],"replies":[{"embeddable":true,"href":"https:\/\/clinicagirona.cat\/en\/wp-json\/wp\/v2\/comments?post=29361"}],"version-history":[{"count":130,"href":"https:\/\/clinicagirona.cat\/en\/wp-json\/wp\/v2\/pages\/29361\/revisions"}],"predecessor-version":[{"id":38735,"href":"https:\/\/clinicagirona.cat\/en\/wp-json\/wp\/v2\/pages\/29361\/revisions\/38735"}],"up":[{"embeddable":true,"href":"https:\/\/clinicagirona.cat\/en\/wp-json\/wp\/v2\/pages\/28790"}],"wp:featuredmedia":[{"embeddable":true,"href":"https:\/\/clinicagirona.cat\/en\/wp-json\/wp\/v2\/media\/32042"}],"wp:attachment":[{"href":"https:\/\/clinicagirona.cat\/en\/wp-json\/wp\/v2\/media?parent=29361"}],"curies":[{"name":"wp","href":"https:\/\/api.w.org\/{rel}","templated":true}]}}