{"id":29612,"date":"2025-05-08T16:08:49","date_gmt":"2025-05-08T14:08:49","guid":{"rendered":"https:\/\/clinicagirona.cat\/?page_id=29612"},"modified":"2026-03-11T11:32:51","modified_gmt":"2026-03-11T10:32:51","slug":"assisted-reproduction-unit-2","status":"publish","type":"page","link":"https:\/\/clinicagirona.cat\/en\/especialitats\/unitat-de-reproduccio-assistida\/","title":{"rendered":"Assisted Reproduction Unit"},"content":{"rendered":"<div data-elementor-type=\"wp-page\" data-elementor-id=\"29612\" class=\"elementor elementor-29612\">\n\t\t\t\t<div class=\"wd-negative-gap elementor-element elementor-element-87be594 e-flex e-con-boxed e-con e-parent\" data-id=\"87be594\" data-element_type=\"container\" data-e-type=\"container\">\n\t\t\t\t\t<div class=\"e-con-inner\">\n\t\t\t\t<div class=\"elementor-element elementor-element-ae42b2d wd-width-100 elementor-widget elementor-widget-wd_title\" data-id=\"ae42b2d\" data-element_type=\"widget\" data-e-type=\"widget\" data-widget_type=\"wd_title.default\">\n\t\t\t\t<div class=\"elementor-widget-container\">\n\t\t\t\t\t\t\t<div class=\"title-wrapper wd-set-mb reset-last-child wd-title-color-default wd-title-style-default wd-title-size-medium text-left\">\n\n\t\t\t\n\t\t\t<div class=\"liner-continer\">\n\t\t\t\t<h2 class=\"woodmart-title-container title wd-fontsize-xl\">Assisted Reproduction Unit at Cl\u00ednica Girona: Your path to motherhood and fatherhood<br \/>\n<\/h2> \n\t\t\t\t\t\t\t<\/div>\n\n\t\t\t\t\t<\/div>\n\t\t\t\t\t\t<\/div>\n\t\t\t\t<\/div>\n\t\t\t\t\t<\/div>\n\t\t\t\t<\/div>\n\t\t<div class=\"wd-negative-gap elementor-element elementor-element-ce2f3f6 e-flex e-con-boxed e-con e-parent\" data-id=\"ce2f3f6\" data-element_type=\"container\" data-e-type=\"container\">\n\t\t\t\t\t<div class=\"e-con-inner\">\n\t\t<div class=\"elementor-element elementor-element-826aa5e e-con-full e-flex e-con e-child\" data-id=\"826aa5e\" data-element_type=\"container\" data-e-type=\"container\">\n\t\t\t\t<div class=\"elementor-element elementor-element-969a311 wd-width-100 elementor-widget elementor-widget-wd_title\" data-id=\"969a311\" data-element_type=\"widget\" data-e-type=\"widget\" data-widget_type=\"wd_title.default\">\n\t\t\t\t<div class=\"elementor-widget-container\">\n\t\t\t\t\t\t\t<div class=\"title-wrapper wd-set-mb reset-last-child wd-title-color-default wd-title-style-default wd-title-size-default text-center\">\n\n\t\t\t\n\t\t\t<div class=\"liner-continer\">\n\t\t\t\t<h4 class=\"woodmart-title-container title wd-fontsize-l\">Contact<\/h4> \n\t\t\t\t\t\t\t<\/div>\n\n\t\t\t\t\t<\/div>\n\t\t\t\t\t\t<\/div>\n\t\t\t\t<\/div>\n\t\t\t\t<div class=\"elementor-element elementor-element-005973b elementor-align-center elementor-icon-list--layout-traditional elementor-list-item-link-full_width elementor-widget elementor-widget-icon-list\" data-id=\"005973b\" data-element_type=\"widget\" data-e-type=\"widget\" data-widget_type=\"icon-list.default\">\n\t\t\t\t<div class=\"elementor-widget-container\">\n\t\t\t\t\t\t\t<ul class=\"elementor-icon-list-items\">\n\t\t\t\t\t\t\t<li class=\"elementor-icon-list-item\">\n\t\t\t\t\t\t\t\t\t\t\t<span class=\"elementor-icon-list-icon\">\n\t\t\t\t\t\t\t<svg aria-hidden=\"true\" class=\"e-font-icon-svg e-fas-map-pin\" viewbox=\"0 0 288 512\" xmlns=\"http:\/\/www.w3.org\/2000\/svg\"><path d=\"M112 316.94v156.69l22.02 33.02c4.75 7.12 15.22 7.12 19.97 0L176 473.63V316.94c-10.39 1.92-21.06 3.06-32 3.06s-21.61-1.14-32-3.06zM144 0C64.47 0 0 64.47 0 144s64.47 144 144 144 144-64.47 144-144S223.53 0 144 0zm0 76c-37.5 0-68 30.5-68 68 0 6.62-5.38 12-12 12s-12-5.38-12-12c0-50.73 41.28-92 92-92 6.62 0 12 5.38 12 12s-5.38 12-12 12z\"><\/path><\/svg>\t\t\t\t\t\t<\/span>\n\t\t\t\t\t\t\t\t\t\t<span class=\"elementor-icon-list-text\">Second Floor<\/span>\n\t\t\t\t\t\t\t\t\t<\/li>\n\t\t\t\t\t\t\t\t<li class=\"elementor-icon-list-item\">\n\t\t\t\t\t\t\t\t\t\t\t<span class=\"elementor-icon-list-icon\">\n\t\t\t\t\t\t\t<svg aria-hidden=\"true\" class=\"e-font-icon-svg e-fas-mobile-alt\" viewbox=\"0 0 320 512\" xmlns=\"http:\/\/www.w3.org\/2000\/svg\"><path d=\"M272 0H48C21.5 0 0 21.5 0 48v416c0 26.5 21.5 48 48 48h224c26.5 0 48-21.5 48-48V48c0-26.5-21.5-48-48-48zM160 480c-17.7 0-32-14.3-32-32s14.3-32 32-32 32 14.3 32 32-14.3 32-32 32zm112-108c0 6.6-5.4 12-12 12H60c-6.6 0-12-5.4-12-12V60c0-6.6 5.4-12 12-12h200c6.6 0 12 5.4 12 12v312z\"><\/path><\/svg>\t\t\t\t\t\t<\/span>\n\t\t\t\t\t\t\t\t\t\t<span class=\"elementor-icon-list-text\">972 205 262<\/span>\n\t\t\t\t\t\t\t\t\t<\/li>\n\t\t\t\t\t\t<\/ul>\n\t\t\t\t\t\t<\/div>\n\t\t\t\t<\/div>\n\t\t\t\t<div class=\"elementor-element elementor-element-5e09add elementor-widget elementor-widget-wd_button\" data-id=\"5e09add\" data-element_type=\"widget\" data-e-type=\"widget\" data-widget_type=\"wd_button.default\">\n\t\t\t\t<div class=\"elementor-widget-container\">\n\t\t\t\t\t\t\t<div class=\"wd-button-wrapper text-center\" >\n\t\t\t<a class=\"btn btn-style-default btn-shape-rectangle btn-size-default btn-color-primary btn-full-width btn-icon-pos-right\"  href=\"https:\/\/www.girofiv.com\/\">\n\t\t\t\t<span class=\"wd-btn-text\" data-elementor-setting-key=\"text\">\n\t\t\t\t\tWeb Girofiv\t\t\t\t<\/span>\n\n\t\t\t\t\t\t\t<\/a>\n\t\t<\/div>\n\t\t\t\t\t\t<\/div>\n\t\t\t\t<\/div>\n\t\t\t\t<\/div>\n\t\t<div class=\"elementor-element elementor-element-dabf0aa e-con-full e-flex e-con e-child\" data-id=\"dabf0aa\" data-element_type=\"container\" data-e-type=\"container\">\n\t\t\t\t<div class=\"elementor-element elementor-element-21119cb color-scheme-inherit text-left elementor-widget elementor-widget-text-editor\" data-id=\"21119cb\" data-element_type=\"widget\" data-e-type=\"widget\" data-widget_type=\"text-editor.default\">\n\t\t\t\t<div class=\"elementor-widget-container\">\n\t\t\t\t\t\t\t\t\t<p>At the Assisted Reproduction Unit of Cl\u00ednica Girona, we are a <strong>multidisciplinary team of fertility specialists<\/strong> Dedicated to offering personalised and advanced solutions to couples and individuals wishing to have children. We understand the excitement and emotion of this journey, and our priority is to accompany them with professionalism, sensitivity, and the most innovative techniques to make their dream of starting a family a reality.<\/p>\t\t\t\t\t\t\t\t<\/div>\n\t\t\t\t<\/div>\n\t\t\t\t<div class=\"elementor-element elementor-element-a282ab2 color-scheme-inherit text-left elementor-widget elementor-widget-text-editor\" data-id=\"a282ab2\" data-element_type=\"widget\" data-e-type=\"widget\" data-widget_type=\"text-editor.default\">\n\t\t\t\t<div class=\"elementor-widget-container\">\n\t\t\t\t\t\t\t\t\t<p>We know that fertility problems can be a path full of uncertainty and frustration. Our team will offer you <strong>a comprehensive evaluation, an accurate diagnosis and an individualised treatment plan<\/strong>, adapted to their specific needs and circumstances, with the aim of achieving the desired pregnancy.<\/p>\t\t\t\t\t\t\t\t<\/div>\n\t\t\t\t<\/div>\n\t\t\t\t<\/div>\n\t\t\t\t\t<\/div>\n\t\t\t\t<\/div>\n\t\t<div class=\"wd-negative-gap elementor-element elementor-element-fe86cee e-flex e-con-boxed e-con e-parent\" data-id=\"fe86cee\" data-element_type=\"container\" data-e-type=\"container\">\n\t\t\t\t\t<div class=\"e-con-inner\">\n\t\t\t\t<div class=\"elementor-element elementor-element-cd0d9d7 elementor-widget elementor-widget-n-accordion\" data-id=\"cd0d9d7\" data-element_type=\"widget\" data-e-type=\"widget\" data-settings=\"{&quot;default_state&quot;:&quot;all_collapsed&quot;,&quot;max_items_expended&quot;:&quot;one&quot;,&quot;n_accordion_animation_duration&quot;:{&quot;unit&quot;:&quot;ms&quot;,&quot;size&quot;:400,&quot;sizes&quot;:[]}}\" data-widget_type=\"nested-accordion.default\">\n\t\t\t\t<div class=\"elementor-widget-container\">\n\t\t\t\t\t\t\t<div class=\"e-n-accordion\" aria-label=\"Accordion. Open links with Enter or Space, close with Escape, and navigate with Arrow Keys\">\n\t\t\t\t\t\t<details id=\"e-n-accordion-item-2150\" class=\"e-n-accordion-item\" >\n\t\t\t\t<summary class=\"e-n-accordion-item-title\" data-accordion-index=\"1\" tabindex=\"0\" aria-expanded=\"false\" aria-controls=\"e-n-accordion-item-2150\" >\n\t\t\t\t\t<span class='e-n-accordion-item-title-header'><div class=\"e-n-accordion-item-title-text\"> Outpatient service <\/div><\/span>\n\t\t\t\t\t\t\t<span class='e-n-accordion-item-title-icon'>\n\t\t\t<span class='e-opened' ><svg aria-hidden=\"true\" class=\"e-font-icon-svg e-fas-minus\" viewbox=\"0 0 448 512\" xmlns=\"http:\/\/www.w3.org\/2000\/svg\"><path d=\"M416 208H32c-17.67 0-32 14.33-32 32v32c0 17.67 14.33 32 32 32h384c17.67 0 32-14.33 32-32v-32c0-17.67-14.33-32-32-32z\"><\/path><\/svg><\/span>\n\t\t\t<span class='e-closed'><svg aria-hidden=\"true\" class=\"e-font-icon-svg e-fas-plus\" viewbox=\"0 0 448 512\" xmlns=\"http:\/\/www.w3.org\/2000\/svg\"><path d=\"M416 208H272V64c0-17.67-14.33-32-32-32h-32c-17.67 0-32 14.33-32 32v144H32c-17.67 0-32 14.33-32 32v32c0 17.67 14.33 32 32 32h144v144c0 17.67 14.33 32 32 32h32c17.67 0 32-14.33 32-32V304h144c17.67 0 32-14.33 32-32v-32c0-17.67-14.33-32-32-32z\"><\/path><\/svg><\/span>\n\t\t<\/span>\n\n\t\t\t\t\t\t<\/summary>\n\t\t\t\t<div role=\"region\" aria-labelledby=\"e-n-accordion-item-2150\" class=\"elementor-element elementor-element-7d835c9 e-con-full e-flex e-con e-child\" data-id=\"7d835c9\" data-element_type=\"container\" data-e-type=\"container\" data-settings=\"{&quot;background_background&quot;:&quot;classic&quot;}\">\n\t\t\t\t<div class=\"elementor-element elementor-element-5aabc3d elementor-widget elementor-widget-wd_text_block\" data-id=\"5aabc3d\" data-element_type=\"widget\" data-e-type=\"widget\" data-widget_type=\"wd_text_block.default\">\n\t\t\t\t<div class=\"elementor-widget-container\">\n\t\t\t\t\t\t\t<div class=\"wd-text-block reset-last-child text-left color-primary\">\n\t\t\t\n\t\t\t<ul><li>Artificial insemination.<\/li><li>In Vitro Fertilisation (IVF\/ICSI\/IMSI).<\/li><li>Embryo freezing.<\/li><li>Frozen embryo transfer.<\/li><li>Egg donation programme.<\/li><li>Embryo donation programme.<\/li><li>Sperm retrieval from testicles.<\/li><li>Sperm bank.<\/li><li>Preimplantation genetic diagnosis.<\/li><li>Culture to blastocyst.<\/li><li>Embryoscope.<\/li><li>Fertility consultation.<\/li><li>Fertility preservation.<\/li><li>Sperm freezing.<\/li><li>Egg vitrification.<\/li><li>Reproductive genetic counselling.<\/li><\/ul>\n\t\t\t\t\t<\/div>\n\t\t\t\t\t\t<\/div>\n\t\t\t\t<\/div>\n\t\t\t\t<\/div>\n\t\t\t\t\t<\/details>\n\t\t\t\t\t<\/div>\n\t\t\t\t\t\t<\/div>\n\t\t\t\t<\/div>\n\t\t\t\t\t<\/div>\n\t\t\t\t<\/div>\n\t\t\t\t<\/div>","protected":false},"excerpt":{"rendered":"<p>Unitat de Reproducci\u00f3 Assistida de Cl\u00ednica Girona: El seu cam\u00ed cap a la maternitat i la paternitat Contacte Segona Planta<\/p>","protected":false},"author":1,"featured_media":32140,"parent":28790,"menu_order":0,"comment_status":"closed","ping_status":"closed","template":"","meta":{"footnotes":""},"class_list":["post-29612","page","type-page","status-publish","has-post-thumbnail","hentry"],"yoast_head":"<!-- This site is optimized with the Yoast SEO plugin v27.4 - https:\/\/yoast.com\/product\/yoast-seo-wordpress\/ -->\n<title>Unitat de Reproducci\u00f3 Assistida - Cl\u00ednica Girona - Especialitats<\/title>\n<meta name=\"description\" content=\"Equip multidisciplinari d&#039;especialistes en fertilitat dedicats a oferir solucions personalitzades i avan\u00e7ades a parelles i persones que desitgen tenir fills.\" \/>\n<meta name=\"robots\" content=\"index, follow, max-snippet:-1, max-image-preview:large, max-video-preview:-1\" \/>\n<link rel=\"canonical\" href=\"https:\/\/clinicagirona.cat\/en\/specialities\/assisted-reproduction-unit-2\/\" \/>\n<meta property=\"og:locale\" content=\"en_GB\" \/>\n<meta property=\"og:type\" content=\"article\" \/>\n<meta property=\"og:title\" content=\"Unitat de Reproducci\u00f3 Assistida - Cl\u00ednica Girona - Especialitats\" \/>\n<meta property=\"og:description\" content=\"Equip multidisciplinari d&#039;especialistes en fertilitat dedicats a oferir solucions personalitzades i avan\u00e7ades a parelles i persones que desitgen tenir fills.\" \/>\n<meta property=\"og:url\" content=\"https:\/\/clinicagirona.cat\/en\/specialities\/assisted-reproduction-unit-2\/\" \/>\n<meta property=\"og:site_name\" content=\"Cl\u00ednica Girona\" \/>\n<meta property=\"article:publisher\" content=\"http:\/\/www.facebook.com\/clinicagirona\" \/>\n<meta property=\"article:modified_time\" content=\"2026-03-11T10:32:51+00:00\" \/>\n<meta property=\"og:image\" content=\"https:\/\/clinicagirona.cat\/wp-content\/uploads\/2025\/05\/Reproduccio-assistida-banner-.jpg\" \/>\n\t<meta property=\"og:image:width\" content=\"900\" \/>\n\t<meta property=\"og:image:height\" content=\"600\" \/>\n\t<meta property=\"og:image:type\" content=\"image\/jpeg\" \/>\n<meta name=\"twitter:card\" content=\"summary_large_image\" \/>\n<meta name=\"twitter:label1\" content=\"Estimated reading time\" \/>\n\t<meta name=\"twitter:data1\" content=\"2 minutes\" \/>\n<script type=\"application\/ld+json\" class=\"yoast-schema-graph\">{\"@context\":\"https:\\\/\\\/schema.org\",\"@graph\":[{\"@type\":\"WebPage\",\"@id\":\"https:\\\/\\\/clinicagirona.cat\\\/especialitats\\\/unitat-de-reproduccio-assistida\\\/\",\"url\":\"https:\\\/\\\/clinicagirona.cat\\\/especialitats\\\/unitat-de-reproduccio-assistida\\\/\",\"name\":\"Unitat de Reproducci\u00f3 Assistida - Cl\u00ednica Girona - Especialitats\",\"isPartOf\":{\"@id\":\"https:\\\/\\\/clinicagirona.cat\\\/#website\"},\"primaryImageOfPage\":{\"@id\":\"https:\\\/\\\/clinicagirona.cat\\\/especialitats\\\/unitat-de-reproduccio-assistida\\\/#primaryimage\"},\"image\":{\"@id\":\"https:\\\/\\\/clinicagirona.cat\\\/especialitats\\\/unitat-de-reproduccio-assistida\\\/#primaryimage\"},\"thumbnailUrl\":\"https:\\\/\\\/clinicagirona.cat\\\/wp-content\\\/uploads\\\/2025\\\/05\\\/Reproduccio-assistida-banner-.jpg\",\"datePublished\":\"2025-05-08T14:08:49+00:00\",\"dateModified\":\"2026-03-11T10:32:51+00:00\",\"description\":\"Equip multidisciplinari d'especialistes en fertilitat dedicats a oferir solucions personalitzades i avan\u00e7ades a parelles i persones que desitgen tenir fills.\",\"breadcrumb\":{\"@id\":\"https:\\\/\\\/clinicagirona.cat\\\/especialitats\\\/unitat-de-reproduccio-assistida\\\/#breadcrumb\"},\"inLanguage\":\"en-GB\",\"potentialAction\":[{\"@type\":\"ReadAction\",\"target\":[\"https:\\\/\\\/clinicagirona.cat\\\/especialitats\\\/unitat-de-reproduccio-assistida\\\/\"]}]},{\"@type\":\"ImageObject\",\"inLanguage\":\"en-GB\",\"@id\":\"https:\\\/\\\/clinicagirona.cat\\\/especialitats\\\/unitat-de-reproduccio-assistida\\\/#primaryimage\",\"url\":\"https:\\\/\\\/clinicagirona.cat\\\/wp-content\\\/uploads\\\/2025\\\/05\\\/Reproduccio-assistida-banner-.jpg\",\"contentUrl\":\"https:\\\/\\\/clinicagirona.cat\\\/wp-content\\\/uploads\\\/2025\\\/05\\\/Reproduccio-assistida-banner-.jpg\",\"width\":900,\"height\":600,\"caption\":\"Unitat de Reproducci\u00f3 Assistida\"},{\"@type\":\"BreadcrumbList\",\"@id\":\"https:\\\/\\\/clinicagirona.cat\\\/especialitats\\\/unitat-de-reproduccio-assistida\\\/#breadcrumb\",\"itemListElement\":[{\"@type\":\"ListItem\",\"position\":1,\"name\":\"Inici\",\"item\":\"https:\\\/\\\/clinicagirona.cat\\\/\"},{\"@type\":\"ListItem\",\"position\":2,\"name\":\"Especialitats\",\"item\":\"https:\\\/\\\/clinicagirona.cat\\\/especialitats\\\/\"},{\"@type\":\"ListItem\",\"position\":3,\"name\":\"Unitat de Reproducci\u00f3 Assistida\"}]},{\"@type\":\"WebSite\",\"@id\":\"https:\\\/\\\/clinicagirona.cat\\\/#website\",\"url\":\"https:\\\/\\\/clinicagirona.cat\\\/\",\"name\":\"Cl\u00ednica Girona\",\"description\":\"Cuidem la teva salut, et cuidem a tu\",\"publisher\":{\"@id\":\"https:\\\/\\\/clinicagirona.cat\\\/#organization\"},\"potentialAction\":[{\"@type\":\"SearchAction\",\"target\":{\"@type\":\"EntryPoint\",\"urlTemplate\":\"https:\\\/\\\/clinicagirona.cat\\\/?s={search_term_string}\"},\"query-input\":{\"@type\":\"PropertyValueSpecification\",\"valueRequired\":true,\"valueName\":\"search_term_string\"}}],\"inLanguage\":\"en-GB\"},{\"@type\":\"Organization\",\"@id\":\"https:\\\/\\\/clinicagirona.cat\\\/#organization\",\"name\":\"Cl\u00ednica Girona\",\"url\":\"https:\\\/\\\/clinicagirona.cat\\\/\",\"logo\":{\"@type\":\"ImageObject\",\"inLanguage\":\"en-GB\",\"@id\":\"https:\\\/\\\/clinicagirona.cat\\\/#\\\/schema\\\/logo\\\/image\\\/\",\"url\":\"https:\\\/\\\/clinicagirona.cat\\\/wp-content\\\/uploads\\\/2026\\\/04\\\/clinica-girona-logo-quadrat.jpg\",\"contentUrl\":\"https:\\\/\\\/clinicagirona.cat\\\/wp-content\\\/uploads\\\/2026\\\/04\\\/clinica-girona-logo-quadrat.jpg\",\"width\":1000,\"height\":1000,\"caption\":\"Cl\u00ednica Girona\"},\"image\":{\"@id\":\"https:\\\/\\\/clinicagirona.cat\\\/#\\\/schema\\\/logo\\\/image\\\/\"},\"sameAs\":[\"http:\\\/\\\/www.facebook.com\\\/clinicagirona\",\"https:\\\/\\\/www.instagram.com\\\/clinicagirona\\\/\",\"http:\\\/\\\/www.youtube.com\\\/clinicagirona\",\"http:\\\/\\\/www.linkedin.com\\\/in\\\/clnica-girona-130222b6\\\/\"]}]}<\/script>\n<!-- \/ Yoast SEO plugin. -->","yoast_head_json":{"title":"Assisted Reproduction Unit - Girona Clinic - Specialities","description":"A multidisciplinary team of fertility specialists dedicated to offering personalised and advanced solutions to couples and individuals wishing to have children.","robots":{"index":"index","follow":"follow","max-snippet":"max-snippet:-1","max-image-preview":"max-image-preview:large","max-video-preview":"max-video-preview:-1"},"canonical":"https:\/\/clinicagirona.cat\/en\/specialities\/assisted-reproduction-unit-2\/","og_locale":"en_GB","og_type":"article","og_title":"Unitat de Reproducci\u00f3 Assistida - Cl\u00ednica Girona - Especialitats","og_description":"Equip multidisciplinari d'especialistes en fertilitat dedicats a oferir solucions personalitzades i avan\u00e7ades a parelles i persones que desitgen tenir fills.","og_url":"https:\/\/clinicagirona.cat\/en\/specialities\/assisted-reproduction-unit-2\/","og_site_name":"Cl\u00ednica Girona","article_publisher":"http:\/\/www.facebook.com\/clinicagirona","article_modified_time":"2026-03-11T10:32:51+00:00","og_image":[{"width":900,"height":600,"url":"https:\/\/clinicagirona.cat\/wp-content\/uploads\/2025\/05\/Reproduccio-assistida-banner-.jpg","type":"image\/jpeg"}],"twitter_card":"summary_large_image","twitter_misc":{"Estimated reading time":"2 minutes"},"schema":{"@context":"https:\/\/schema.org","@graph":[{"@type":"WebPage","@id":"https:\/\/clinicagirona.cat\/especialitats\/unitat-de-reproduccio-assistida\/","url":"https:\/\/clinicagirona.cat\/especialitats\/unitat-de-reproduccio-assistida\/","name":"Assisted Reproduction Unit - Girona Clinic - Specialities","isPartOf":{"@id":"https:\/\/clinicagirona.cat\/#website"},"primaryImageOfPage":{"@id":"https:\/\/clinicagirona.cat\/especialitats\/unitat-de-reproduccio-assistida\/#primaryimage"},"image":{"@id":"https:\/\/clinicagirona.cat\/especialitats\/unitat-de-reproduccio-assistida\/#primaryimage"},"thumbnailUrl":"https:\/\/clinicagirona.cat\/wp-content\/uploads\/2025\/05\/Reproduccio-assistida-banner-.jpg","datePublished":"2025-05-08T14:08:49+00:00","dateModified":"2026-03-11T10:32:51+00:00","description":"A multidisciplinary team of fertility specialists dedicated to offering personalised and advanced solutions to couples and individuals wishing to have children.","breadcrumb":{"@id":"https:\/\/clinicagirona.cat\/especialitats\/unitat-de-reproduccio-assistida\/#breadcrumb"},"inLanguage":"en-GB","potentialAction":[{"@type":"ReadAction","target":["https:\/\/clinicagirona.cat\/especialitats\/unitat-de-reproduccio-assistida\/"]}]},{"@type":"ImageObject","inLanguage":"en-GB","@id":"https:\/\/clinicagirona.cat\/especialitats\/unitat-de-reproduccio-assistida\/#primaryimage","url":"https:\/\/clinicagirona.cat\/wp-content\/uploads\/2025\/05\/Reproduccio-assistida-banner-.jpg","contentUrl":"https:\/\/clinicagirona.cat\/wp-content\/uploads\/2025\/05\/Reproduccio-assistida-banner-.jpg","width":900,"height":600,"caption":"Unitat de Reproducci\u00f3 Assistida"},{"@type":"BreadcrumbList","@id":"https:\/\/clinicagirona.cat\/especialitats\/unitat-de-reproduccio-assistida\/#breadcrumb","itemListElement":[{"@type":"ListItem","position":1,"name":"Inici","item":"https:\/\/clinicagirona.cat\/"},{"@type":"ListItem","position":2,"name":"Especialitats","item":"https:\/\/clinicagirona.cat\/especialitats\/"},{"@type":"ListItem","position":3,"name":"Unitat de Reproducci\u00f3 Assistida"}]},{"@type":"WebSite","@id":"https:\/\/clinicagirona.cat\/#website","url":"https:\/\/clinicagirona.cat\/","name":"Cl\u00ednica Girona","description":"We look after your health, we look after you","publisher":{"@id":"https:\/\/clinicagirona.cat\/#organization"},"potentialAction":[{"@type":"SearchAction","target":{"@type":"EntryPoint","urlTemplate":"https:\/\/clinicagirona.cat\/?s={search_term_string}"},"query-input":{"@type":"PropertyValueSpecification","valueRequired":true,"valueName":"search_term_string"}}],"inLanguage":"en-GB"},{"@type":"Organization","@id":"https:\/\/clinicagirona.cat\/#organization","name":"Cl\u00ednica Girona","url":"https:\/\/clinicagirona.cat\/","logo":{"@type":"ImageObject","inLanguage":"en-GB","@id":"https:\/\/clinicagirona.cat\/#\/schema\/logo\/image\/","url":"https:\/\/clinicagirona.cat\/wp-content\/uploads\/2026\/04\/clinica-girona-logo-quadrat.jpg","contentUrl":"https:\/\/clinicagirona.cat\/wp-content\/uploads\/2026\/04\/clinica-girona-logo-quadrat.jpg","width":1000,"height":1000,"caption":"Cl\u00ednica Girona"},"image":{"@id":"https:\/\/clinicagirona.cat\/#\/schema\/logo\/image\/"},"sameAs":["http:\/\/www.facebook.com\/clinicagirona","https:\/\/www.instagram.com\/clinicagirona\/","http:\/\/www.youtube.com\/clinicagirona","http:\/\/www.linkedin.com\/in\/clnica-girona-130222b6\/"]}]}},"_links":{"self":[{"href":"https:\/\/clinicagirona.cat\/en\/wp-json\/wp\/v2\/pages\/29612","targetHints":{"allow":["GET"]}}],"collection":[{"href":"https:\/\/clinicagirona.cat\/en\/wp-json\/wp\/v2\/pages"}],"about":[{"href":"https:\/\/clinicagirona.cat\/en\/wp-json\/wp\/v2\/types\/page"}],"author":[{"embeddable":true,"href":"https:\/\/clinicagirona.cat\/en\/wp-json\/wp\/v2\/users\/1"}],"replies":[{"embeddable":true,"href":"https:\/\/clinicagirona.cat\/en\/wp-json\/wp\/v2\/comments?post=29612"}],"version-history":[{"count":35,"href":"https:\/\/clinicagirona.cat\/en\/wp-json\/wp\/v2\/pages\/29612\/revisions"}],"predecessor-version":[{"id":38780,"href":"https:\/\/clinicagirona.cat\/en\/wp-json\/wp\/v2\/pages\/29612\/revisions\/38780"}],"up":[{"embeddable":true,"href":"https:\/\/clinicagirona.cat\/en\/wp-json\/wp\/v2\/pages\/28790"}],"wp:featuredmedia":[{"embeddable":true,"href":"https:\/\/clinicagirona.cat\/en\/wp-json\/wp\/v2\/media\/32140"}],"wp:attachment":[{"href":"https:\/\/clinicagirona.cat\/en\/wp-json\/wp\/v2\/media?parent=29612"}],"curies":[{"name":"wp","href":"https:\/\/api.w.org\/{rel}","templated":true}]}}