{"id":3,"date":"2025-04-11T08:33:28","date_gmt":"2025-04-11T08:33:28","guid":{"rendered":"https:\/\/clinicagirona.cat\/?page_id=3"},"modified":"2025-10-28T10:52:18","modified_gmt":"2025-10-28T09:52:18","slug":"privacy-policy-2","status":"publish","type":"page","link":"https:\/\/clinicagirona.cat\/en\/politica-de-privacitat\/","title":{"rendered":"Privacy Policy"},"content":{"rendered":"<p>Cl\u00ednica Girona S.A., in compliance with European Data Protection Regulation 679\/2016, guarantees the protection and confidentiality of all personal data provided to us by our clients, \u201cusers\u201d, on the Website.<\/p>\n\n\n\n<h2 class=\"wp-block-heading\" style=\"font-size:25px\">Basic information<\/h2>\n\n\n\n<p>In accordance with Article 13 of the General Data Protection Regulation (GDPR), Cl\u00ednica Girona S.A., as the data controller, informs you of the following relevant aspects:<\/p>\n\n\n\n<ul class=\"wp-block-list\">\n<li><strong>Data Controller<\/strong>.- Cl\u00ednica Girona S.A.<\/li>\n\n\n\n<li><strong>Purpose<\/strong>.The purpose of the information provided by interested parties is processed for the purpose of managing the sending of the information they request from us, and to provide interested parties with the requested information. The data provided will be retained for as long as a commercial relationship is maintained and its deletion is not requested.<\/li>\n\n\n\n<li><strong>Rights Exercise<\/strong>.To: protecciodades@clinicagirona.cat<\/li>\n\n\n\n<li><strong>Withdrawal<\/strong>.Free<\/li>\n\n\n\n<li><strong>Recipients<\/strong>.-- Data will not be shared with third parties unless legally required.<\/li>\n\n\n\n<li><strong>Claim<\/strong>.Spanish control authority<\/li>\n\n\n\n<li><strong>Additional Information<\/strong>.- You can consult additional and detailed information on data protection and privacy at www.clinicagirona.cat<\/li>\n<\/ul>\n\n\n\n<p>Cl\u00ednica Girona S.A. is responsible for the processing of personal data it collects and processes, providing you with the following contact methods:<br>Cl\u00ednica Girona S.A. with NIF A17001025, with its registered address at Carrer Barcelona, 206, 17005 Girona, and email address:&nbsp;<a href=\"mailto:protecciodades@clinicagirona.cat\"><span style=\"text-decoration: underline;\">protecciodades@clinicagirona.cat<\/span><\/a><\/p>\n\n\n\n<div style=\"height:15px\" aria-hidden=\"true\" class=\"wp-block-spacer\"><\/div>\n\n\n\n<h2 class=\"wp-block-heading\" style=\"font-size:25px\">Policy Range<\/h2>\n\n\n\n<p>When you access and use our website www.clinicagirona.cat, you agree to accept this privacy policy, as well as the provisions contained in the Legal Notice and cookie policy.<\/p>\n\n\n\n<p>We are providing you with the information so that, prior to documenting your personal data, you can access the Privacy Policy and any other relevant information regarding Data Protection.<\/p>\n\n\n\n<p>This policy also serves to provide additional second-level information, of those informative clauses that redirect to this one, for that purpose.<\/p>\n\n\n\n<div style=\"height:15px\" aria-hidden=\"true\" class=\"wp-block-spacer\"><\/div>\n\n\n\n<h2 class=\"wp-block-heading\" style=\"font-size:25px\">Purpose of Processing<\/h2>\n\n\n\n<p>Cl\u00ednica Girona S.A. will process the information you provide for the following purposes:<\/p>\n\n\n\n<ul class=\"wp-block-list\">\n<li>To manage any type of request, suggestion, or petition regarding our professional services that you may formulate.<\/li>\n\n\n\n<li>Commercial communications: Processing of your data for the purpose of informing you about articles of interest and general information about our services via email.<\/li>\n\n\n\n<li>Administrative, accounting, and tax management.<\/li>\n\n\n\n<li>To manage data provided by job candidates through their Curriculum Vitae (CV) for the selection process. You expressly authorise the Campsite to process your data for the stated purpose.<\/li>\n<\/ul>\n\n\n\n<p>Cl\u00ednica Girona S.A. will process your data and information provided for selection processes with the strictest confidentiality, adopting the necessary technical and organisational measures to prevent loss, misuse, alteration, and\/or unauthorised access.<\/p>\n\n\n\n<div style=\"height:15px\" aria-hidden=\"true\" class=\"wp-block-spacer\"><\/div>\n\n\n\n<h2 class=\"wp-block-heading\" style=\"font-size:25px\">Data retention period<\/h2>\n\n\n\n<p>The retention period for personal data will vary depending on the service you may contract or provide.<br>In any case, it will be the minimum necessary, and may be adjusted according to the circumstances that apply in each case, and current legislation.<\/p>\n\n\n\n<div style=\"height:15px\" aria-hidden=\"true\" class=\"wp-block-spacer\"><\/div>\n\n\n\n<h2 class=\"wp-block-heading\" style=\"font-size:25px\">Legitimisation<\/h2>\n\n\n\n<p>The legal basis for processing data is the consent of the data subjects for the processing and management of any request for information or enquiry about our professional services, as well as for sending commercial communications by Cl\u00ednica Girona S.A. when the processing is necessary for the performance of a contract.<\/p>\n\n\n\n<div style=\"height:15px\" aria-hidden=\"true\" class=\"wp-block-spacer\"><\/div>\n\n\n\n<h2 class=\"wp-block-heading\" style=\"font-size:25px\">Data provenance<\/h2>\n\n\n\n<p>All personal data processed through our website is obtained directly from the data subject.<\/p>\n\n\n\n<div style=\"height:15px\" aria-hidden=\"true\" class=\"wp-block-spacer\"><\/div>\n\n\n\n<h2 class=\"wp-block-heading\" style=\"font-size:25px\">Rights<\/h2>\n\n\n\n<p>In compliance with the European data protection regulation \u2013 commonly referred to as the GDPR \u2013 we inform you of the rights you hold as the data subject and owner of the personal data we collect and process, including the following rights:<\/p>\n\n\n\n<ul class=\"wp-block-list\">\n<li>You have the right to withdraw your consent to the processing of your personal data, free of charge and at any time.<\/li>\n\n\n\n<li>The right to access your personal data, as well as the right to rectification, is hereby acknowledged.<\/li>\n\n\n\n<li>You have the right to object to the processing of your personal data, as well as the right to erasure, commonly known as the right to be forgotten. Likewise, you have the right to object to processing for automated individual decision-making.<\/li>\n\n\n\n<li>You have the right to obtain restriction of processing of your personal data.<\/li>\n\n\n\n<li>You have the right to request the portability of your personal data.<\/li>\n\n\n\n<li>You have the right to lodge a complaint with the relevant data protection supervisory authority, which is the Spanish Data Protection Agency (<a href=\"http:\/\/www.agpd.es\/\"><span style=\"text-decoration: underline;\">agpd.es<\/span><\/a>).<\/li>\n<\/ul>\n\n\n\n<p>The aforementioned rights recognised can be exercised by means of a request sent via email to: protecciodades@clinicagirona.cat or via the contact methods we make available to you, indicating in the subject line of the message or communication the reference: *GDPR Rights. Likewise, in order to process this request, we require additional information that allows us to verify the identity of the person exercising the right and linked to the processing of personal data. Additional or documentary information will be required to prove the identity of the affected or interested person exercising the right in question.<\/p>\n\n\n\n<div style=\"height:15px\" aria-hidden=\"true\" class=\"wp-block-spacer\"><\/div>\n\n\n\n<h2 class=\"wp-block-heading\" style=\"font-size:25px\">Withdrawal<\/h2>\n\n\n\n<p>By virtue of Directive 2002\/58\/EC concerning the services of the information society and the possibility of sending promotional or advertising communications by electronic means, incorporate or provide recipients of these communications with simple and free mechanisms to withdraw consent granted for the purpose of sending them, fully complying with European and national regulations on the matter.<\/p>\n\n\n\n<div style=\"height:15px\" aria-hidden=\"true\" class=\"wp-block-spacer\"><\/div>\n\n\n\n<h2 class=\"wp-block-heading\" style=\"font-size:25px\">Cookie Policy<\/h2>\n\n\n\n<p>A \u2018Cookie\u2019 is a small file that is stored on the user's computer and allows us to recognise them. The collection of cookies helps us to improve the quality of our website, enabling us to control which pages our users find useful and which they do not.<\/p>\n\n\n\n<p>Cookies are essential for the functioning of the internet, offering countless advantages in the provision of interactive services, making your browsing and usability of our website easier. Please note that cookies cannot damage your equipment and that, if they are enabled, they help us to identify and resolve errors. If you would like more information about cookies, please click on this link:&nbsp;<a href=\"https:\/\/clinicagirona.cat\/en\/cookies\/\"><span style=\"text-decoration: underline;\">https:\/\/clinicagirona.cat\/cookies\/<\/span><\/a><\/p>\n\n\n\n<div style=\"height:15px\" aria-hidden=\"true\" class=\"wp-block-spacer\"><\/div>\n\n\n\n<h2 class=\"wp-block-heading\" style=\"font-size:25px\">Data breach notification<\/h2>\n\n\n\n<p>In the event that your data is compromised, Cl\u00ednica Girona S.A. will notify you and the relevant supervisory authorities within 72 hours by email with information on the scope of the breach, the affected data, any impact on services, and Cl\u00ednica Girona S.A.'s action plan with measures to protect the data and limit any potential negative effects on data subjects.<\/p>\n\n\n\n<p>A \u201cpersonal data breach\u201d refers to a security violation that results in the destruction, loss, alteration, unauthorised disclosure of, or access to, personal data which has been transmitted, stored or otherwise processed in connection with the provision of the Service, whether accidentally or unlawfully.<\/p>\n\n\n\n<div style=\"height:15px\" aria-hidden=\"true\" class=\"wp-block-spacer\"><\/div>\n\n\n\n<h2 class=\"wp-block-heading\" style=\"font-size:25px\">Doubts and modifications<\/h2>\n\n\n\n<p>If you have any questions about this Privacy Policy, please contact us by sending an email to the address&nbsp;<a href=\"mailto:protecciodades@clinicagirona.cat\"><span style=\"text-decoration: underline;\">protecciodades@clinicagirona.cat<\/span><\/a><\/p>\n\n\n\n<div style=\"height:15px\" aria-hidden=\"true\" class=\"wp-block-spacer\"><\/div>\n\n\n\n<h2 class=\"wp-block-heading\" style=\"font-size:25px\">Use of artificial intelligence systems in medical diagnosis<\/h2>\n\n\n\n<p>With the aim of improving the quality of care and diagnostic accuracy, this healthcare centre uses&nbsp;<strong>Artificial intelligence (AI) systems<\/strong>&nbsp;with a tool to support medical personnel in the interpretation of X-rays and other medical images.<\/p>\n\n\n\n<p>These systems are&nbsp;<strong>certificates in accordance with Regulation (EU) 2017\/745 on medical devices<\/strong>&nbsp;meet the requirements set out in the&nbsp;<strong>Regulation (EU) 2024\/1689 on Artificial Intelligence (AI Act)<\/strong>.<\/p>\n\n\n\n<p>The algorithms used&nbsp;<strong>analysing medical images to identify potential anomalies or clinical patterns<\/strong>, but&nbsp;<strong>they do not issue diagnoses autonomously or make automated decisions with legal or significant effects<\/strong>&nbsp;for the patient.<br>The final clinical decisions are always&nbsp;<strong>adopted by qualified medical professionals<\/strong>.<\/p>\n\n\n\n<p>The processing of personal data in this context is carried out in accordance with the&nbsp;<strong>Regulation (EU) 2016\/679 (GDPR)<\/strong>&nbsp;I am with&nbsp;<strong>Organic Law 3\/2018 on Personal Data Protection and the Guarantee of Digital Rights<\/strong>, applying the necessary technical and organisational measures to guarantee its security and confidentiality.<\/p>\n\n\n\n<p>In the event that your medical images or health data may be used for purposes of\u00a0<strong>research or further training of AI models<\/strong>, they will be asked\u00a0<strong>explicit and separate consent<\/strong>, guaranteeing anonymisation<strong> pseudonymisation<\/strong>\u00a0of the data according to current regulations.<\/p>\n\n\n\n<p>To exercise your rights of access, rectification, erasure, restriction or objection, you may contact&nbsp;<strong>Data Protection Officer (DPO)<\/strong>&nbsp;from the centre via post:&nbsp;<a href=\"mailto:protecciodades@clinicagirona.cat\" target=\"_blank\" rel=\"noreferrer noopener\">protecciodades@clinicagirona.cat<\/a>&nbsp;to the postal address indicated in this policy.<\/p>\n\n\n\n<div style=\"height:90px\" aria-hidden=\"true\" class=\"wp-block-spacer\"><\/div>\n\n\n\n<p><\/p>","protected":false},"excerpt":{"rendered":"<p>Cl\u00ednica Girona S.A., in compliance with European Data Protection Regulation 679\/2016, guarantees the protection and confidentiality of<\/p>","protected":false},"author":1,"featured_media":0,"parent":0,"menu_order":0,"comment_status":"closed","ping_status":"open","template":"","meta":{"footnotes":""},"class_list":["post-3","page","type-page","status-publish","hentry"],"yoast_head":"<!-- This site is optimized with the Yoast SEO plugin v27.4 - https:\/\/yoast.com\/product\/yoast-seo-wordpress\/ -->\n<title>Pol\u00edtica de Privacitat - Cl\u00ednica Girona<\/title>\n<meta name=\"robots\" content=\"noindex, follow\" \/>\n<meta property=\"og:locale\" content=\"en_GB\" \/>\n<meta property=\"og:type\" content=\"article\" \/>\n<meta property=\"og:title\" content=\"Pol\u00edtica de Privacitat - Cl\u00ednica Girona\" \/>\n<meta property=\"og:description\" content=\"Cl\u00ednica Girona S.A. en compliment del Reglament Europeu de protecci\u00f3 de dades 679\/2016, garanteix la protecci\u00f3 i la confidencialitat de\" \/>\n<meta property=\"og:url\" content=\"https:\/\/clinicagirona.cat\/en\/privacy-policy-2\/\" \/>\n<meta property=\"og:site_name\" content=\"Cl\u00ednica Girona\" \/>\n<meta property=\"article:publisher\" content=\"http:\/\/www.facebook.com\/clinicagirona\" \/>\n<meta property=\"article:modified_time\" content=\"2025-10-28T09:52:18+00:00\" \/>\n<meta property=\"og:image\" content=\"https:\/\/clinicagirona.cat\/wp-content\/uploads\/2025\/05\/clinica-girona-frontal-b.jpg\" \/>\n\t<meta property=\"og:image:width\" content=\"900\" \/>\n\t<meta property=\"og:image:height\" content=\"608\" \/>\n\t<meta property=\"og:image:type\" content=\"image\/jpeg\" \/>\n<meta name=\"twitter:card\" content=\"summary_large_image\" \/>\n<meta name=\"twitter:label1\" content=\"Estimated reading time\" \/>\n\t<meta name=\"twitter:data1\" content=\"8 minutes\" \/>\n<script type=\"application\/ld+json\" class=\"yoast-schema-graph\">{\"@context\":\"https:\\\/\\\/schema.org\",\"@graph\":[{\"@type\":\"WebPage\",\"@id\":\"https:\\\/\\\/clinicagirona.cat\\\/politica-de-privacitat\\\/\",\"url\":\"https:\\\/\\\/clinicagirona.cat\\\/politica-de-privacitat\\\/\",\"name\":\"Pol\u00edtica de Privacitat - Cl\u00ednica Girona\",\"isPartOf\":{\"@id\":\"https:\\\/\\\/clinicagirona.cat\\\/#website\"},\"datePublished\":\"2025-04-11T08:33:28+00:00\",\"dateModified\":\"2025-10-28T09:52:18+00:00\",\"breadcrumb\":{\"@id\":\"https:\\\/\\\/clinicagirona.cat\\\/politica-de-privacitat\\\/#breadcrumb\"},\"inLanguage\":\"en-GB\",\"potentialAction\":[{\"@type\":\"ReadAction\",\"target\":[\"https:\\\/\\\/clinicagirona.cat\\\/politica-de-privacitat\\\/\"]}]},{\"@type\":\"BreadcrumbList\",\"@id\":\"https:\\\/\\\/clinicagirona.cat\\\/politica-de-privacitat\\\/#breadcrumb\",\"itemListElement\":[{\"@type\":\"ListItem\",\"position\":1,\"name\":\"Inici\",\"item\":\"https:\\\/\\\/clinicagirona.cat\\\/\"},{\"@type\":\"ListItem\",\"position\":2,\"name\":\"Pol\u00edtica de Privacitat\"}]},{\"@type\":\"WebSite\",\"@id\":\"https:\\\/\\\/clinicagirona.cat\\\/#website\",\"url\":\"https:\\\/\\\/clinicagirona.cat\\\/\",\"name\":\"Cl\u00ednica Girona\",\"description\":\"Cuidem la teva salut, et cuidem a tu\",\"publisher\":{\"@id\":\"https:\\\/\\\/clinicagirona.cat\\\/#organization\"},\"potentialAction\":[{\"@type\":\"SearchAction\",\"target\":{\"@type\":\"EntryPoint\",\"urlTemplate\":\"https:\\\/\\\/clinicagirona.cat\\\/?s={search_term_string}\"},\"query-input\":{\"@type\":\"PropertyValueSpecification\",\"valueRequired\":true,\"valueName\":\"search_term_string\"}}],\"inLanguage\":\"en-GB\"},{\"@type\":\"Organization\",\"@id\":\"https:\\\/\\\/clinicagirona.cat\\\/#organization\",\"name\":\"Cl\u00ednica Girona\",\"url\":\"https:\\\/\\\/clinicagirona.cat\\\/\",\"logo\":{\"@type\":\"ImageObject\",\"inLanguage\":\"en-GB\",\"@id\":\"https:\\\/\\\/clinicagirona.cat\\\/#\\\/schema\\\/logo\\\/image\\\/\",\"url\":\"https:\\\/\\\/clinicagirona.cat\\\/wp-content\\\/uploads\\\/2026\\\/04\\\/clinica-girona-logo-quadrat.jpg\",\"contentUrl\":\"https:\\\/\\\/clinicagirona.cat\\\/wp-content\\\/uploads\\\/2026\\\/04\\\/clinica-girona-logo-quadrat.jpg\",\"width\":1000,\"height\":1000,\"caption\":\"Cl\u00ednica Girona\"},\"image\":{\"@id\":\"https:\\\/\\\/clinicagirona.cat\\\/#\\\/schema\\\/logo\\\/image\\\/\"},\"sameAs\":[\"http:\\\/\\\/www.facebook.com\\\/clinicagirona\",\"https:\\\/\\\/www.instagram.com\\\/clinicagirona\\\/\",\"http:\\\/\\\/www.youtube.com\\\/clinicagirona\",\"http:\\\/\\\/www.linkedin.com\\\/in\\\/clnica-girona-130222b6\\\/\"]}]}<\/script>\n<!-- \/ Yoast SEO plugin. -->","yoast_head_json":{"title":"Privacy Policy - Cl\u00ednica Girona","robots":{"index":"noindex","follow":"follow"},"og_locale":"en_GB","og_type":"article","og_title":"Pol\u00edtica de Privacitat - Cl\u00ednica Girona","og_description":"Cl\u00ednica Girona S.A. en compliment del Reglament Europeu de protecci\u00f3 de dades 679\/2016, garanteix la protecci\u00f3 i la confidencialitat de","og_url":"https:\/\/clinicagirona.cat\/en\/privacy-policy-2\/","og_site_name":"Cl\u00ednica Girona","article_publisher":"http:\/\/www.facebook.com\/clinicagirona","article_modified_time":"2025-10-28T09:52:18+00:00","og_image":[{"width":900,"height":608,"url":"https:\/\/clinicagirona.cat\/wp-content\/uploads\/2025\/05\/clinica-girona-frontal-b.jpg","type":"image\/jpeg"}],"twitter_card":"summary_large_image","twitter_misc":{"Estimated reading time":"8 minutes"},"schema":{"@context":"https:\/\/schema.org","@graph":[{"@type":"WebPage","@id":"https:\/\/clinicagirona.cat\/politica-de-privacitat\/","url":"https:\/\/clinicagirona.cat\/politica-de-privacitat\/","name":"Privacy Policy - Cl\u00ednica Girona","isPartOf":{"@id":"https:\/\/clinicagirona.cat\/#website"},"datePublished":"2025-04-11T08:33:28+00:00","dateModified":"2025-10-28T09:52:18+00:00","breadcrumb":{"@id":"https:\/\/clinicagirona.cat\/politica-de-privacitat\/#breadcrumb"},"inLanguage":"en-GB","potentialAction":[{"@type":"ReadAction","target":["https:\/\/clinicagirona.cat\/politica-de-privacitat\/"]}]},{"@type":"BreadcrumbList","@id":"https:\/\/clinicagirona.cat\/politica-de-privacitat\/#breadcrumb","itemListElement":[{"@type":"ListItem","position":1,"name":"Inici","item":"https:\/\/clinicagirona.cat\/"},{"@type":"ListItem","position":2,"name":"Pol\u00edtica de Privacitat"}]},{"@type":"WebSite","@id":"https:\/\/clinicagirona.cat\/#website","url":"https:\/\/clinicagirona.cat\/","name":"Cl\u00ednica Girona","description":"We look after your health, we look after you","publisher":{"@id":"https:\/\/clinicagirona.cat\/#organization"},"potentialAction":[{"@type":"SearchAction","target":{"@type":"EntryPoint","urlTemplate":"https:\/\/clinicagirona.cat\/?s={search_term_string}"},"query-input":{"@type":"PropertyValueSpecification","valueRequired":true,"valueName":"search_term_string"}}],"inLanguage":"en-GB"},{"@type":"Organization","@id":"https:\/\/clinicagirona.cat\/#organization","name":"Cl\u00ednica Girona","url":"https:\/\/clinicagirona.cat\/","logo":{"@type":"ImageObject","inLanguage":"en-GB","@id":"https:\/\/clinicagirona.cat\/#\/schema\/logo\/image\/","url":"https:\/\/clinicagirona.cat\/wp-content\/uploads\/2026\/04\/clinica-girona-logo-quadrat.jpg","contentUrl":"https:\/\/clinicagirona.cat\/wp-content\/uploads\/2026\/04\/clinica-girona-logo-quadrat.jpg","width":1000,"height":1000,"caption":"Cl\u00ednica Girona"},"image":{"@id":"https:\/\/clinicagirona.cat\/#\/schema\/logo\/image\/"},"sameAs":["http:\/\/www.facebook.com\/clinicagirona","https:\/\/www.instagram.com\/clinicagirona\/","http:\/\/www.youtube.com\/clinicagirona","http:\/\/www.linkedin.com\/in\/clnica-girona-130222b6\/"]}]}},"_links":{"self":[{"href":"https:\/\/clinicagirona.cat\/en\/wp-json\/wp\/v2\/pages\/3","targetHints":{"allow":["GET"]}}],"collection":[{"href":"https:\/\/clinicagirona.cat\/en\/wp-json\/wp\/v2\/pages"}],"about":[{"href":"https:\/\/clinicagirona.cat\/en\/wp-json\/wp\/v2\/types\/page"}],"author":[{"embeddable":true,"href":"https:\/\/clinicagirona.cat\/en\/wp-json\/wp\/v2\/users\/1"}],"replies":[{"embeddable":true,"href":"https:\/\/clinicagirona.cat\/en\/wp-json\/wp\/v2\/comments?post=3"}],"version-history":[{"count":10,"href":"https:\/\/clinicagirona.cat\/en\/wp-json\/wp\/v2\/pages\/3\/revisions"}],"predecessor-version":[{"id":35095,"href":"https:\/\/clinicagirona.cat\/en\/wp-json\/wp\/v2\/pages\/3\/revisions\/35095"}],"wp:attachment":[{"href":"https:\/\/clinicagirona.cat\/en\/wp-json\/wp\/v2\/media?parent=3"}],"curies":[{"name":"wp","href":"https:\/\/api.w.org\/{rel}","templated":true}]}}