{"id":30147,"date":"2025-05-14T10:41:50","date_gmt":"2025-05-14T08:41:50","guid":{"rendered":"https:\/\/clinicagirona.cat\/?page_id=30147"},"modified":"2026-04-08T11:57:43","modified_gmt":"2026-04-08T09:57:43","slug":"traffic-accident-unit","status":"publish","type":"page","link":"https:\/\/clinicagirona.cat\/en\/especialitats\/unitat-daccidents-de-transit\/","title":{"rendered":"Traffic Accident Unit"},"content":{"rendered":"<div data-elementor-type=\"wp-page\" data-elementor-id=\"30147\" class=\"elementor elementor-30147\">\n\t\t\t\t<div class=\"wd-negative-gap elementor-element elementor-element-ce2f3f6 e-flex e-con-boxed e-con e-parent\" data-id=\"ce2f3f6\" data-element_type=\"container\" data-e-type=\"container\">\n\t\t\t\t\t<div class=\"e-con-inner\">\n\t\t<div class=\"elementor-element elementor-element-826aa5e e-con-full e-flex e-con e-child\" data-id=\"826aa5e\" data-element_type=\"container\" data-e-type=\"container\">\n\t\t\t\t<div class=\"elementor-element elementor-element-969a311 wd-width-100 elementor-widget elementor-widget-wd_title\" data-id=\"969a311\" data-element_type=\"widget\" data-e-type=\"widget\" data-widget_type=\"wd_title.default\">\n\t\t\t\t<div class=\"elementor-widget-container\">\n\t\t\t\t\t\t\t<div class=\"title-wrapper wd-set-mb reset-last-child wd-title-color-default wd-title-style-default wd-title-size-default text-center\">\n\n\t\t\t\n\t\t\t<div class=\"liner-continer\">\n\t\t\t\t<h4 class=\"woodmart-title-container title wd-fontsize-l\">Accident and Emergency Department, Cl\u00ednica Girona <\/h4> \n\t\t\t\t\t\t\t<\/div>\n\n\t\t\t\t\t<\/div>\n\t\t\t\t\t\t<\/div>\n\t\t\t\t<\/div>\n\t\t\t\t<div class=\"elementor-element elementor-element-005973b elementor-align-center elementor-icon-list--layout-traditional elementor-list-item-link-full_width elementor-widget elementor-widget-icon-list\" data-id=\"005973b\" data-element_type=\"widget\" data-e-type=\"widget\" data-widget_type=\"icon-list.default\">\n\t\t\t\t<div class=\"elementor-widget-container\">\n\t\t\t\t\t\t\t<ul class=\"elementor-icon-list-items\">\n\t\t\t\t\t\t\t<li class=\"elementor-icon-list-item\">\n\t\t\t\t\t\t\t\t\t\t\t<span class=\"elementor-icon-list-icon\">\n\t\t\t\t\t\t\t<svg aria-hidden=\"true\" class=\"e-font-icon-svg e-fas-mobile-alt\" viewbox=\"0 0 320 512\" xmlns=\"http:\/\/www.w3.org\/2000\/svg\"><path d=\"M272 0H48C21.5 0 0 21.5 0 48v416c0 26.5 21.5 48 48 48h224c26.5 0 48-21.5 48-48V48c0-26.5-21.5-48-48-48zM160 480c-17.7 0-32-14.3-32-32s14.3-32 32-32 32 14.3 32 32-14.3 32-32 32zm112-108c0 6.6-5.4 12-12 12H60c-6.6 0-12-5.4-12-12V60c0-6.6 5.4-12 12-12h200c6.6 0 12 5.4 12 12v312z\"><\/path><\/svg>\t\t\t\t\t\t<\/span>\n\t\t\t\t\t\t\t\t\t\t<span class=\"elementor-icon-list-text\">972 22 82 62<\/span>\n\t\t\t\t\t\t\t\t\t<\/li>\n\t\t\t\t\t\t\t\t<li class=\"elementor-icon-list-item\">\n\t\t\t\t\t\t\t\t\t\t\t<a href=\"mailto:transits@fisiomedicgrup.cat\">\n\n\t\t\t\t\t\t\t\t\t\t\t\t<span class=\"elementor-icon-list-icon\">\n\t\t\t\t\t\t\t<svg aria-hidden=\"true\" class=\"e-font-icon-svg e-far-envelope\" viewbox=\"0 0 512 512\" xmlns=\"http:\/\/www.w3.org\/2000\/svg\"><path d=\"M464 64H48C21.49 64 0 85.49 0 112v288c0 26.51 21.49 48 48 48h416c26.51 0 48-21.49 48-48V112c0-26.51-21.49-48-48-48zm0 48v40.805c-22.422 18.259-58.168 46.651-134.587 106.49-16.841 13.247-50.201 45.072-73.413 44.701-23.208.375-56.579-31.459-73.413-44.701C106.18 199.465 70.425 171.067 48 152.805V112h416zM48 400V214.398c22.914 18.251 55.409 43.862 104.938 82.646 21.857 17.205 60.134 55.186 103.062 54.955 42.717.231 80.509-37.199 103.053-54.947 49.528-38.783 82.032-64.401 104.947-82.653V400H48z\"><\/path><\/svg>\t\t\t\t\t\t<\/span>\n\t\t\t\t\t\t\t\t\t\t<span class=\"elementor-icon-list-text\">transits@fisiomedicgrup.cat<\/span>\n\t\t\t\t\t\t\t\t\t\t\t<\/a>\n\t\t\t\t\t\t\t\t\t<\/li>\n\t\t\t\t\t\t\t\t<li class=\"elementor-icon-list-item\">\n\t\t\t\t\t\t\t\t\t\t\t<span class=\"elementor-icon-list-icon\">\n\t\t\t\t\t\t\t<svg aria-hidden=\"true\" class=\"e-font-icon-svg e-far-clock\" viewbox=\"0 0 512 512\" xmlns=\"http:\/\/www.w3.org\/2000\/svg\"><path d=\"M256 8C119 8 8 119 8 256s111 248 248 248 248-111 248-248S393 8 256 8zm0 448c-110.5 0-200-89.5-200-200S145.5 56 256 56s200 89.5 200 200-89.5 200-200 200zm61.8-104.4l-84.9-61.7c-3.1-2.3-4.9-5.9-4.9-9.7V116c0-6.6 5.4-12 12-12h32c6.6 0 12 5.4 12 12v141.7l66.8 48.6c5.4 3.9 6.5 11.4 2.6 16.8L334.6 349c-3.9 5.3-11.4 6.5-16.8 2.6z\"><\/path><\/svg>\t\t\t\t\t\t<\/span>\n\t\t\t\t\t\t\t\t\t\t<span class=\"elementor-icon-list-text\">Monday to Friday from 8 am to 6 pm<\/span>\n\t\t\t\t\t\t\t\t\t<\/li>\n\t\t\t\t\t\t<\/ul>\n\t\t\t\t\t\t<\/div>\n\t\t\t\t<\/div>\n\t\t\t\t<\/div>\n\t\t<div class=\"elementor-element elementor-element-dabf0aa e-con-full e-flex e-con e-child\" data-id=\"dabf0aa\" data-element_type=\"container\" data-e-type=\"container\">\n\t\t\t\t<div class=\"elementor-element elementor-element-21119cb color-scheme-inherit text-left elementor-widget elementor-widget-text-editor\" data-id=\"21119cb\" data-element_type=\"widget\" data-e-type=\"widget\" data-widget_type=\"text-editor.default\">\n\t\t\t\t<div class=\"elementor-widget-container\">\n\t\t\t\t\t\t\t\t\t<p>If you have suffered any type of injury due to a road traffic accident (motorcycle, car, being run over, etc.), the Traffic Accidents Department at Cl\u00ednica Girona offers you a comprehensive care treatment service and, in addition, <strong>manages all the necessary procedures for its proper resolution<\/strong>.<\/p>\t\t\t\t\t\t\t\t<\/div>\n\t\t\t\t<\/div>\n\t\t\t\t<div class=\"elementor-element elementor-element-a282ab2 color-scheme-inherit text-left elementor-widget elementor-widget-text-editor\" data-id=\"a282ab2\" data-element_type=\"widget\" data-e-type=\"widget\" data-widget_type=\"text-editor.default\">\n\t\t\t\t<div class=\"elementor-widget-container\">\n\t\t\t\t\t\t\t\t\t<p>Our Department has extensive experience and is the\u2019<strong>unique to the Girona regions<\/strong> that forms part of <span style=\"text-decoration: underline;\">\u00a0<a href=\"https:\/\/www.unespa.es\/\" target=\"_blank\" rel=\"noopener\">UNESPA<\/a><\/span>\u00a0with the maximum classification of GROUP A.\u00a0<span style=\"text-decoration: underline;\"><a href=\"https:\/\/www.unespa.es\/\" target=\"_blank\" rel=\"noopener\">UNESPA<\/a><\/span> is the most important business association of insurers, bringing together more than 230 insurance entities, with a total business volume of more than 96%% of the market.<\/p>\t\t\t\t\t\t\t\t<\/div>\n\t\t\t\t<\/div>\n\t\t\t\t<div class=\"elementor-element elementor-element-c47ffee color-scheme-inherit text-left elementor-widget elementor-widget-text-editor\" data-id=\"c47ffee\" data-element_type=\"widget\" data-e-type=\"widget\" data-widget_type=\"text-editor.default\">\n\t\t\t\t<div class=\"elementor-widget-container\">\n\t\t\t\t\t\t\t\t\t<p>Cl\u00ednica Girona has a large medical team, made up of more than 250 specialists of renowned prestige and with the latest generation technology with equipment such as <strong>vertical resonance<\/strong> <strong>Unique in the Girona counties<\/strong>. The Clinic has its own rehabilitation centre, with modern equipment and a professional team of experts to ensure the most effective restoration of your health. The centre has an Emergency service, <strong>available 24\/7<\/strong>\u00a0throughout the year, with a large team and also has an ICU service.<\/p>\t\t\t\t\t\t\t\t<\/div>\n\t\t\t\t<\/div>\n\t\t\t\t<div class=\"elementor-element elementor-element-81da0ab color-scheme-inherit text-left elementor-widget elementor-widget-text-editor\" data-id=\"81da0ab\" data-element_type=\"widget\" data-e-type=\"widget\" data-widget_type=\"text-editor.default\">\n\t\t\t\t<div class=\"elementor-widget-container\">\n\t\t\t\t\t\t\t\t\t<p>The Accidents Department of Cl\u00ednica Girona <strong>manages all necessary supplementary tests<\/strong> (CT, Magnetic Resonance Imaging - open, closed, and upright), as well as surgical interventions should they need to be performed.<\/p>\t\t\t\t\t\t\t\t<\/div>\n\t\t\t\t<\/div>\n\t\t\t\t<div class=\"elementor-element elementor-element-8d718a3 elementor-widget elementor-widget-wd_button\" data-id=\"8d718a3\" data-element_type=\"widget\" data-e-type=\"widget\" data-widget_type=\"wd_button.default\">\n\t\t\t\t<div class=\"elementor-widget-container\">\n\t\t\t\t\t\t\t<div class=\"wd-button-wrapper text-left\" >\n\t\t\t<a class=\"btn btn-style-default btn-shape-rectangle btn-size-large btn-color-primary btn-icon-pos-right\"  href=\"https:\/\/clinicagirona.cat\/wp-content\/uploads\/2026\/04\/FMG-A5-UNITAT-TRANSITS.pdf\">\n\t\t\t\t<span class=\"wd-btn-text\" data-elementor-setting-key=\"text\">\n\t\t\t\t\tRoad Traffic Accidents\t\t\t\t<\/span>\n\n\t\t\t\t\t\t\t\t\t<span class=\"wd-btn-icon\">\n\t\t\t\t\t\t<svg class=\"wd-icon e-font-icon-svg e-fas-car-crash\" viewbox=\"0 0 640 512\" xmlns=\"http:\/\/www.w3.org\/2000\/svg\"><path d=\"M143.25 220.81l-12.42 46.37c-3.01 11.25-3.63 22.89-2.41 34.39l-35.2 28.98c-6.57 5.41-16.31-.43-14.62-8.77l15.44-76.68c1.06-5.26-2.66-10.28-8-10.79l-77.86-7.55c-8.47-.82-11.23-11.83-4.14-16.54l65.15-43.3c4.46-2.97 5.38-9.15 1.98-13.29L21.46 93.22c-5.41-6.57.43-16.3 8.78-14.62l76.68 15.44c5.26 1.06 10.28-2.66 10.8-8l7.55-77.86c.82-8.48 11.83-11.23 16.55-4.14l43.3 65.14c2.97 4.46 9.15 5.38 13.29 1.98l60.4-49.71c6.57-5.41 16.3.43 14.62 8.77L262.1 86.38c-2.71 3.05-5.43 6.09-7.91 9.4l-32.15 42.97-10.71 14.32c-32.73 8.76-59.18 34.53-68.08 67.74zm494.57 132.51l-12.42 46.36c-3.13 11.68-9.38 21.61-17.55 29.36a66.876 66.876 0 0 1-8.76 7l-13.99 52.23c-1.14 4.27-3.1 8.1-5.65 11.38-7.67 9.84-20.74 14.68-33.54 11.25L515 502.62c-17.07-4.57-27.2-22.12-22.63-39.19l8.28-30.91-247.28-66.26-8.28 30.91c-4.57 17.07-22.12 27.2-39.19 22.63l-30.91-8.28c-12.8-3.43-21.7-14.16-23.42-26.51-.57-4.12-.35-8.42.79-12.68l13.99-52.23a66.62 66.62 0 0 1-4.09-10.45c-3.2-10.79-3.65-22.52-.52-34.2l12.42-46.37c5.31-19.8 19.36-34.83 36.89-42.21a64.336 64.336 0 0 1 18.49-4.72l18.13-24.23 32.15-42.97c3.45-4.61 7.19-8.9 11.2-12.84 8-7.89 17.03-14.44 26.74-19.51 4.86-2.54 9.89-4.71 15.05-6.49 10.33-3.58 21.19-5.63 32.24-6.04 11.05-.41 22.31.82 33.43 3.8l122.68 32.87c11.12 2.98 21.48 7.54 30.85 13.43a111.11 111.11 0 0 1 34.69 34.5c8.82 13.88 14.64 29.84 16.68 46.99l6.36 53.29 3.59 30.05a64.49 64.49 0 0 1 22.74 29.93c4.39 11.88 5.29 25.19 1.75 38.39zM255.58 234.34c-18.55-4.97-34.21 4.04-39.17 22.53-4.96 18.49 4.11 34.12 22.65 39.09 18.55 4.97 45.54 15.51 50.49-2.98 4.96-18.49-15.43-53.67-33.97-58.64zm290.61 28.17l-6.36-53.29c-.58-4.87-1.89-9.53-3.82-13.86-5.8-12.99-17.2-23.01-31.42-26.82l-122.68-32.87a48.008 48.008 0 0 0-50.86 17.61l-32.15 42.97 172 46.08 75.29 20.18zm18.49 54.65c-18.55-4.97-53.8 15.31-58.75 33.79-4.95 18.49 23.69 22.86 42.24 27.83 18.55 4.97 34.21-4.04 39.17-22.53 4.95-18.48-4.11-34.12-22.66-39.09z\"><\/path><\/svg>\t\t\t\t\t<\/span>\n\t\t\t\t\t\t\t<\/a>\n\t\t<\/div>\n\t\t\t\t\t\t<\/div>\n\t\t\t\t<\/div>\n\t\t\t\t<\/div>\n\t\t\t\t\t<\/div>\n\t\t\t\t<\/div>\n\t\t\t\t<\/div>","protected":false},"excerpt":{"rendered":"<p>Unitat d\u2019Accidents de Tr\u00e0nsit de Cl\u00ednica Girona 972 22 82 62 transits@fisiomedicgrup.cat De dilluns a divendres de 8 a 18<\/p>","protected":false},"author":1,"featured_media":32198,"parent":28790,"menu_order":0,"comment_status":"closed","ping_status":"closed","template":"","meta":{"footnotes":""},"class_list":["post-30147","page","type-page","status-publish","has-post-thumbnail","hentry"],"yoast_head":"<!-- This site is optimized with the Yoast SEO plugin v27.4 - https:\/\/yoast.com\/product\/yoast-seo-wordpress\/ -->\n<title>Unitat d&#039;Accidents de Tr\u00e0nsit - Cl\u00ednica Girona - Especialitats<\/title>\n<meta name=\"description\" content=\"Si ha patit alguna lesi\u00f3 per un accident de tr\u00e0nsit, el Departament d\u2019Accidents de Tr\u00e0nsit ofereix un servei de tractament assistencial.\" \/>\n<meta name=\"robots\" content=\"index, follow, max-snippet:-1, max-image-preview:large, max-video-preview:-1\" \/>\n<link rel=\"canonical\" href=\"https:\/\/clinicagirona.cat\/en\/specialities\/traffic-accident-unit\/\" \/>\n<meta property=\"og:locale\" content=\"en_GB\" \/>\n<meta property=\"og:type\" content=\"article\" \/>\n<meta property=\"og:title\" content=\"Unitat d&#039;Accidents de Tr\u00e0nsit - Cl\u00ednica Girona - Especialitats\" \/>\n<meta property=\"og:description\" content=\"Si ha patit alguna lesi\u00f3 per un accident de tr\u00e0nsit, el Departament d\u2019Accidents de Tr\u00e0nsit ofereix un servei de tractament assistencial.\" \/>\n<meta property=\"og:url\" content=\"https:\/\/clinicagirona.cat\/en\/specialities\/traffic-accident-unit\/\" \/>\n<meta property=\"og:site_name\" content=\"Cl\u00ednica Girona\" \/>\n<meta property=\"article:publisher\" content=\"http:\/\/www.facebook.com\/clinicagirona\" \/>\n<meta property=\"article:modified_time\" content=\"2026-04-08T09:57:43+00:00\" \/>\n<meta property=\"og:image\" content=\"https:\/\/clinicagirona.cat\/wp-content\/uploads\/2025\/05\/Accidents-transit-banner-.jpg\" \/>\n\t<meta property=\"og:image:width\" content=\"900\" \/>\n\t<meta property=\"og:image:height\" content=\"600\" \/>\n\t<meta property=\"og:image:type\" content=\"image\/jpeg\" \/>\n<meta name=\"twitter:card\" content=\"summary_large_image\" \/>\n<meta name=\"twitter:label1\" content=\"Estimated reading time\" \/>\n\t<meta name=\"twitter:data1\" content=\"2 minutes\" \/>\n<script type=\"application\/ld+json\" class=\"yoast-schema-graph\">{\"@context\":\"https:\\\/\\\/schema.org\",\"@graph\":[{\"@type\":\"WebPage\",\"@id\":\"https:\\\/\\\/clinicagirona.cat\\\/especialitats\\\/unitat-daccidents-de-transit\\\/\",\"url\":\"https:\\\/\\\/clinicagirona.cat\\\/especialitats\\\/unitat-daccidents-de-transit\\\/\",\"name\":\"Unitat d'Accidents de Tr\u00e0nsit - Cl\u00ednica Girona - Especialitats\",\"isPartOf\":{\"@id\":\"https:\\\/\\\/clinicagirona.cat\\\/#website\"},\"primaryImageOfPage\":{\"@id\":\"https:\\\/\\\/clinicagirona.cat\\\/especialitats\\\/unitat-daccidents-de-transit\\\/#primaryimage\"},\"image\":{\"@id\":\"https:\\\/\\\/clinicagirona.cat\\\/especialitats\\\/unitat-daccidents-de-transit\\\/#primaryimage\"},\"thumbnailUrl\":\"https:\\\/\\\/clinicagirona.cat\\\/wp-content\\\/uploads\\\/2025\\\/05\\\/Accidents-transit-banner-.jpg\",\"datePublished\":\"2025-05-14T08:41:50+00:00\",\"dateModified\":\"2026-04-08T09:57:43+00:00\",\"description\":\"Si ha patit alguna lesi\u00f3 per un accident de tr\u00e0nsit, el Departament d\u2019Accidents de Tr\u00e0nsit ofereix un servei de tractament assistencial.\",\"breadcrumb\":{\"@id\":\"https:\\\/\\\/clinicagirona.cat\\\/especialitats\\\/unitat-daccidents-de-transit\\\/#breadcrumb\"},\"inLanguage\":\"en-GB\",\"potentialAction\":[{\"@type\":\"ReadAction\",\"target\":[\"https:\\\/\\\/clinicagirona.cat\\\/especialitats\\\/unitat-daccidents-de-transit\\\/\"]}]},{\"@type\":\"ImageObject\",\"inLanguage\":\"en-GB\",\"@id\":\"https:\\\/\\\/clinicagirona.cat\\\/especialitats\\\/unitat-daccidents-de-transit\\\/#primaryimage\",\"url\":\"https:\\\/\\\/clinicagirona.cat\\\/wp-content\\\/uploads\\\/2025\\\/05\\\/Accidents-transit-banner-.jpg\",\"contentUrl\":\"https:\\\/\\\/clinicagirona.cat\\\/wp-content\\\/uploads\\\/2025\\\/05\\\/Accidents-transit-banner-.jpg\",\"width\":900,\"height\":600},{\"@type\":\"BreadcrumbList\",\"@id\":\"https:\\\/\\\/clinicagirona.cat\\\/especialitats\\\/unitat-daccidents-de-transit\\\/#breadcrumb\",\"itemListElement\":[{\"@type\":\"ListItem\",\"position\":1,\"name\":\"Inici\",\"item\":\"https:\\\/\\\/clinicagirona.cat\\\/\"},{\"@type\":\"ListItem\",\"position\":2,\"name\":\"Especialitats\",\"item\":\"https:\\\/\\\/clinicagirona.cat\\\/especialitats\\\/\"},{\"@type\":\"ListItem\",\"position\":3,\"name\":\"Unitat d&#8217;Accidents de Tr\u00e0nsit\"}]},{\"@type\":\"WebSite\",\"@id\":\"https:\\\/\\\/clinicagirona.cat\\\/#website\",\"url\":\"https:\\\/\\\/clinicagirona.cat\\\/\",\"name\":\"Cl\u00ednica Girona\",\"description\":\"Cuidem la teva salut, et cuidem a tu\",\"publisher\":{\"@id\":\"https:\\\/\\\/clinicagirona.cat\\\/#organization\"},\"potentialAction\":[{\"@type\":\"SearchAction\",\"target\":{\"@type\":\"EntryPoint\",\"urlTemplate\":\"https:\\\/\\\/clinicagirona.cat\\\/?s={search_term_string}\"},\"query-input\":{\"@type\":\"PropertyValueSpecification\",\"valueRequired\":true,\"valueName\":\"search_term_string\"}}],\"inLanguage\":\"en-GB\"},{\"@type\":\"Organization\",\"@id\":\"https:\\\/\\\/clinicagirona.cat\\\/#organization\",\"name\":\"Cl\u00ednica Girona\",\"url\":\"https:\\\/\\\/clinicagirona.cat\\\/\",\"logo\":{\"@type\":\"ImageObject\",\"inLanguage\":\"en-GB\",\"@id\":\"https:\\\/\\\/clinicagirona.cat\\\/#\\\/schema\\\/logo\\\/image\\\/\",\"url\":\"https:\\\/\\\/clinicagirona.cat\\\/wp-content\\\/uploads\\\/2026\\\/04\\\/clinica-girona-logo-quadrat.jpg\",\"contentUrl\":\"https:\\\/\\\/clinicagirona.cat\\\/wp-content\\\/uploads\\\/2026\\\/04\\\/clinica-girona-logo-quadrat.jpg\",\"width\":1000,\"height\":1000,\"caption\":\"Cl\u00ednica Girona\"},\"image\":{\"@id\":\"https:\\\/\\\/clinicagirona.cat\\\/#\\\/schema\\\/logo\\\/image\\\/\"},\"sameAs\":[\"http:\\\/\\\/www.facebook.com\\\/clinicagirona\",\"https:\\\/\\\/www.instagram.com\\\/clinicagirona\\\/\",\"http:\\\/\\\/www.youtube.com\\\/clinicagirona\",\"http:\\\/\\\/www.linkedin.com\\\/in\\\/clnica-girona-130222b6\\\/\"]}]}<\/script>\n<!-- \/ Yoast SEO plugin. -->","yoast_head_json":{"title":"Road Traffic Accidents Unit - Cl\u00ednica Girona - Specialities","description":"If you have suffered an injury from a road traffic accident, the Road Traffic Accidents Department offers an assisted treatment service.","robots":{"index":"index","follow":"follow","max-snippet":"max-snippet:-1","max-image-preview":"max-image-preview:large","max-video-preview":"max-video-preview:-1"},"canonical":"https:\/\/clinicagirona.cat\/en\/specialities\/traffic-accident-unit\/","og_locale":"en_GB","og_type":"article","og_title":"Unitat d'Accidents de Tr\u00e0nsit - Cl\u00ednica Girona - Especialitats","og_description":"Si ha patit alguna lesi\u00f3 per un accident de tr\u00e0nsit, el Departament d\u2019Accidents de Tr\u00e0nsit ofereix un servei de tractament assistencial.","og_url":"https:\/\/clinicagirona.cat\/en\/specialities\/traffic-accident-unit\/","og_site_name":"Cl\u00ednica Girona","article_publisher":"http:\/\/www.facebook.com\/clinicagirona","article_modified_time":"2026-04-08T09:57:43+00:00","og_image":[{"width":900,"height":600,"url":"https:\/\/clinicagirona.cat\/wp-content\/uploads\/2025\/05\/Accidents-transit-banner-.jpg","type":"image\/jpeg"}],"twitter_card":"summary_large_image","twitter_misc":{"Estimated reading time":"2 minutes"},"schema":{"@context":"https:\/\/schema.org","@graph":[{"@type":"WebPage","@id":"https:\/\/clinicagirona.cat\/especialitats\/unitat-daccidents-de-transit\/","url":"https:\/\/clinicagirona.cat\/especialitats\/unitat-daccidents-de-transit\/","name":"Road Traffic Accidents Unit - Cl\u00ednica Girona - Specialities","isPartOf":{"@id":"https:\/\/clinicagirona.cat\/#website"},"primaryImageOfPage":{"@id":"https:\/\/clinicagirona.cat\/especialitats\/unitat-daccidents-de-transit\/#primaryimage"},"image":{"@id":"https:\/\/clinicagirona.cat\/especialitats\/unitat-daccidents-de-transit\/#primaryimage"},"thumbnailUrl":"https:\/\/clinicagirona.cat\/wp-content\/uploads\/2025\/05\/Accidents-transit-banner-.jpg","datePublished":"2025-05-14T08:41:50+00:00","dateModified":"2026-04-08T09:57:43+00:00","description":"If you have suffered an injury from a road traffic accident, the Road Traffic Accidents Department offers an assisted treatment service.","breadcrumb":{"@id":"https:\/\/clinicagirona.cat\/especialitats\/unitat-daccidents-de-transit\/#breadcrumb"},"inLanguage":"en-GB","potentialAction":[{"@type":"ReadAction","target":["https:\/\/clinicagirona.cat\/especialitats\/unitat-daccidents-de-transit\/"]}]},{"@type":"ImageObject","inLanguage":"en-GB","@id":"https:\/\/clinicagirona.cat\/especialitats\/unitat-daccidents-de-transit\/#primaryimage","url":"https:\/\/clinicagirona.cat\/wp-content\/uploads\/2025\/05\/Accidents-transit-banner-.jpg","contentUrl":"https:\/\/clinicagirona.cat\/wp-content\/uploads\/2025\/05\/Accidents-transit-banner-.jpg","width":900,"height":600},{"@type":"BreadcrumbList","@id":"https:\/\/clinicagirona.cat\/especialitats\/unitat-daccidents-de-transit\/#breadcrumb","itemListElement":[{"@type":"ListItem","position":1,"name":"Inici","item":"https:\/\/clinicagirona.cat\/"},{"@type":"ListItem","position":2,"name":"Especialitats","item":"https:\/\/clinicagirona.cat\/especialitats\/"},{"@type":"ListItem","position":3,"name":"Unitat d&#8217;Accidents de Tr\u00e0nsit"}]},{"@type":"WebSite","@id":"https:\/\/clinicagirona.cat\/#website","url":"https:\/\/clinicagirona.cat\/","name":"Cl\u00ednica Girona","description":"We look after your health, we look after you","publisher":{"@id":"https:\/\/clinicagirona.cat\/#organization"},"potentialAction":[{"@type":"SearchAction","target":{"@type":"EntryPoint","urlTemplate":"https:\/\/clinicagirona.cat\/?s={search_term_string}"},"query-input":{"@type":"PropertyValueSpecification","valueRequired":true,"valueName":"search_term_string"}}],"inLanguage":"en-GB"},{"@type":"Organization","@id":"https:\/\/clinicagirona.cat\/#organization","name":"Cl\u00ednica Girona","url":"https:\/\/clinicagirona.cat\/","logo":{"@type":"ImageObject","inLanguage":"en-GB","@id":"https:\/\/clinicagirona.cat\/#\/schema\/logo\/image\/","url":"https:\/\/clinicagirona.cat\/wp-content\/uploads\/2026\/04\/clinica-girona-logo-quadrat.jpg","contentUrl":"https:\/\/clinicagirona.cat\/wp-content\/uploads\/2026\/04\/clinica-girona-logo-quadrat.jpg","width":1000,"height":1000,"caption":"Cl\u00ednica Girona"},"image":{"@id":"https:\/\/clinicagirona.cat\/#\/schema\/logo\/image\/"},"sameAs":["http:\/\/www.facebook.com\/clinicagirona","https:\/\/www.instagram.com\/clinicagirona\/","http:\/\/www.youtube.com\/clinicagirona","http:\/\/www.linkedin.com\/in\/clnica-girona-130222b6\/"]}]}},"_links":{"self":[{"href":"https:\/\/clinicagirona.cat\/en\/wp-json\/wp\/v2\/pages\/30147","targetHints":{"allow":["GET"]}}],"collection":[{"href":"https:\/\/clinicagirona.cat\/en\/wp-json\/wp\/v2\/pages"}],"about":[{"href":"https:\/\/clinicagirona.cat\/en\/wp-json\/wp\/v2\/types\/page"}],"author":[{"embeddable":true,"href":"https:\/\/clinicagirona.cat\/en\/wp-json\/wp\/v2\/users\/1"}],"replies":[{"embeddable":true,"href":"https:\/\/clinicagirona.cat\/en\/wp-json\/wp\/v2\/comments?post=30147"}],"version-history":[{"count":59,"href":"https:\/\/clinicagirona.cat\/en\/wp-json\/wp\/v2\/pages\/30147\/revisions"}],"predecessor-version":[{"id":38972,"href":"https:\/\/clinicagirona.cat\/en\/wp-json\/wp\/v2\/pages\/30147\/revisions\/38972"}],"up":[{"embeddable":true,"href":"https:\/\/clinicagirona.cat\/en\/wp-json\/wp\/v2\/pages\/28790"}],"wp:featuredmedia":[{"embeddable":true,"href":"https:\/\/clinicagirona.cat\/en\/wp-json\/wp\/v2\/media\/32198"}],"wp:attachment":[{"href":"https:\/\/clinicagirona.cat\/en\/wp-json\/wp\/v2\/media?parent=30147"}],"curies":[{"name":"wp","href":"https:\/\/api.w.org\/{rel}","templated":true}]}}