{"id":31047,"date":"2025-05-19T09:53:56","date_gmt":"2025-05-19T07:53:56","guid":{"rendered":"https:\/\/clinicagirona.cat\/?page_id=31047"},"modified":"2025-06-04T15:40:51","modified_gmt":"2025-06-04T13:40:51","slug":"external-consultation-satisfaction-survey","status":"publish","type":"page","link":"https:\/\/clinicagirona.cat\/en\/enquesta-satisfaccio-consultes-externes\/","title":{"rendered":"Outpatient Department Satisfaction Survey"},"content":{"rendered":"<div data-elementor-type=\"wp-page\" data-elementor-id=\"31047\" class=\"elementor elementor-31047\">\n\t\t\t\t<div class=\"wd-negative-gap elementor-element elementor-element-2d45f18 e-flex e-con-boxed e-con e-parent\" data-id=\"2d45f18\" data-element_type=\"container\" data-e-type=\"container\">\n\t\t\t\t\t<div class=\"e-con-inner\">\n\t\t<div class=\"elementor-element elementor-element-bdcc40b e-con-full e-flex e-con e-child\" data-id=\"bdcc40b\" data-element_type=\"container\" data-e-type=\"container\">\n\t\t\t\t<div class=\"elementor-element elementor-element-1c5f2f9 wd-width-100 elementor-widget elementor-widget-wd_title\" data-id=\"1c5f2f9\" data-element_type=\"widget\" data-e-type=\"widget\" data-widget_type=\"wd_title.default\">\n\t\t\t\t<div class=\"elementor-widget-container\">\n\t\t\t\t\t\t\t<div class=\"title-wrapper wd-set-mb reset-last-child wd-title-color-default wd-title-style-default wd-title-size-medium text-left\">\n\n\t\t\t\n\t\t\t<div class=\"liner-continer\">\n\t\t\t\t<h4 class=\"woodmart-title-container title wd-fontsize-xl\">Q\u00dcESTIONARI DE CONSULTES EXTERNES<br \/>\n<\/h4> \n\t\t\t\t\t\t\t<\/div>\n\n\t\t\t\t\t<\/div>\n\t\t\t\t\t\t<\/div>\n\t\t\t\t<\/div>\n\t\t\t\t<div class=\"elementor-element elementor-element-855eadb color-scheme-inherit text-left elementor-widget elementor-widget-text-editor\" data-id=\"855eadb\" data-element_type=\"widget\" data-e-type=\"widget\" data-widget_type=\"text-editor.default\">\n\t\t\t\t<div class=\"elementor-widget-container\">\n\t\t\t\t\t\t\t\t\t<p>Despr\u00e9s d\u2019haver estat at\u00e8s a les nostres consultes externes, agrair\u00edem que ens valor\u00e9s aquests diferents punts.<br \/>Moltes gr\u00e0cies.<\/p>\t\t\t\t\t\t\t\t<\/div>\n\t\t\t\t<\/div>\n\t\t\t\t<div class=\"elementor-element elementor-element-3c380e7 elementor-widget elementor-widget-html\" data-id=\"3c380e7\" data-element_type=\"widget\" data-e-type=\"widget\" data-widget_type=\"html.default\">\n\t\t\t\t<div class=\"elementor-widget-container\">\n\t\t\t\t\t<button data-tf-popup=\"HiqvmMWR\" data-tf-opacity=\"100\" data-tf-size=\"100\" data-tf-iframe-props=\"title=QUESTIONARI DE CONSULTES EXTERNES\" data-tf-transitive-search-params data-tf-medium=\"snippet\" style=\"all:unset;display:inline-block;max-width:100%;white-space:nowrap;overflow:hidden;text-overflow:ellipsis;background-color:#3369a4;color:#fff;font-size:17px;border-radius:0px;padding:0 33px;font-weight:500;height:50px;cursor:pointer;line-height:50px;text-align:center;margin:0;text-decoration:none;\">Iniciar enquesta consultes externes<\/button><script src=\"\/\/embed.typeform.com\/next\/embed.js\"><\/script>\t\t\t\t<\/div>\n\t\t\t\t<\/div>\n\t\t\t\t<\/div>\n\t\t\t\t\t<\/div>\n\t\t\t\t<\/div>\n\t\t\t\t<\/div>","protected":false},"excerpt":{"rendered":"<p>Q\u00dcESTIONARI DE CONSULTES EXTERNES Despr\u00e9s d\u2019haver estat at\u00e8s a les nostres consultes externes, agrair\u00edem que ens valor\u00e9s aquests diferents punts.Moltes<\/p>","protected":false},"author":1,"featured_media":32937,"parent":0,"menu_order":0,"comment_status":"closed","ping_status":"closed","template":"","meta":{"footnotes":""},"class_list":["post-31047","page","type-page","status-publish","has-post-thumbnail","hentry"],"yoast_head":"<!-- This site is optimized with the Yoast SEO plugin v27.4 - https:\/\/yoast.com\/product\/yoast-seo-wordpress\/ -->\n<title>Enquesta satisfacci\u00f3 Consultes Externes - Cl\u00ednica Girona<\/title>\n<meta name=\"description\" content=\"Comparteix la teva opini\u00f3 sobre les Consultes Externes de la Cl\u00ednica Girona! La teva valoraci\u00f3 ens ajuda a millorar el nostre servei ambulatori.\" \/>\n<meta name=\"robots\" content=\"noindex, follow\" \/>\n<meta property=\"og:locale\" content=\"en_GB\" \/>\n<meta property=\"og:type\" content=\"article\" \/>\n<meta property=\"og:title\" content=\"Enquesta satisfacci\u00f3 Consultes Externes - Cl\u00ednica Girona\" \/>\n<meta property=\"og:description\" content=\"Comparteix la teva opini\u00f3 sobre les Consultes Externes de la Cl\u00ednica Girona! La teva valoraci\u00f3 ens ajuda a millorar el nostre servei ambulatori.\" \/>\n<meta property=\"og:url\" content=\"https:\/\/clinicagirona.cat\/en\/external-consultation-satisfaction-survey\/\" \/>\n<meta property=\"og:site_name\" content=\"Cl\u00ednica Girona\" \/>\n<meta property=\"article:publisher\" content=\"http:\/\/www.facebook.com\/clinicagirona\" \/>\n<meta property=\"article:modified_time\" content=\"2025-06-04T13:40:51+00:00\" \/>\n<meta property=\"og:image\" content=\"https:\/\/clinicagirona.cat\/wp-content\/uploads\/2025\/05\/Clinica-girona-banner.jpg\" \/>\n\t<meta property=\"og:image:width\" content=\"900\" \/>\n\t<meta property=\"og:image:height\" content=\"600\" \/>\n\t<meta property=\"og:image:type\" content=\"image\/jpeg\" \/>\n<meta name=\"twitter:card\" content=\"summary_large_image\" \/>\n<meta name=\"twitter:label1\" content=\"Estimated reading time\" \/>\n\t<meta name=\"twitter:data1\" content=\"1 minute\" \/>\n<script type=\"application\/ld+json\" class=\"yoast-schema-graph\">{\"@context\":\"https:\\\/\\\/schema.org\",\"@graph\":[{\"@type\":\"WebPage\",\"@id\":\"https:\\\/\\\/clinicagirona.cat\\\/enquesta-satisfaccio-consultes-externes\\\/\",\"url\":\"https:\\\/\\\/clinicagirona.cat\\\/enquesta-satisfaccio-consultes-externes\\\/\",\"name\":\"Enquesta satisfacci\u00f3 Consultes Externes - Cl\u00ednica Girona\",\"isPartOf\":{\"@id\":\"https:\\\/\\\/clinicagirona.cat\\\/#website\"},\"primaryImageOfPage\":{\"@id\":\"https:\\\/\\\/clinicagirona.cat\\\/enquesta-satisfaccio-consultes-externes\\\/#primaryimage\"},\"image\":{\"@id\":\"https:\\\/\\\/clinicagirona.cat\\\/enquesta-satisfaccio-consultes-externes\\\/#primaryimage\"},\"thumbnailUrl\":\"https:\\\/\\\/clinicagirona.cat\\\/wp-content\\\/uploads\\\/2025\\\/05\\\/Clinica-girona-banner.jpg\",\"datePublished\":\"2025-05-19T07:53:56+00:00\",\"dateModified\":\"2025-06-04T13:40:51+00:00\",\"description\":\"Comparteix la teva opini\u00f3 sobre les Consultes Externes de la Cl\u00ednica Girona! La teva valoraci\u00f3 ens ajuda a millorar el nostre servei ambulatori.\",\"breadcrumb\":{\"@id\":\"https:\\\/\\\/clinicagirona.cat\\\/enquesta-satisfaccio-consultes-externes\\\/#breadcrumb\"},\"inLanguage\":\"en-GB\",\"potentialAction\":[{\"@type\":\"ReadAction\",\"target\":[\"https:\\\/\\\/clinicagirona.cat\\\/enquesta-satisfaccio-consultes-externes\\\/\"]}]},{\"@type\":\"ImageObject\",\"inLanguage\":\"en-GB\",\"@id\":\"https:\\\/\\\/clinicagirona.cat\\\/enquesta-satisfaccio-consultes-externes\\\/#primaryimage\",\"url\":\"https:\\\/\\\/clinicagirona.cat\\\/wp-content\\\/uploads\\\/2025\\\/05\\\/Clinica-girona-banner.jpg\",\"contentUrl\":\"https:\\\/\\\/clinicagirona.cat\\\/wp-content\\\/uploads\\\/2025\\\/05\\\/Clinica-girona-banner.jpg\",\"width\":900,\"height\":600,\"caption\":\"Edifici Cl\u00ednica Girona\"},{\"@type\":\"BreadcrumbList\",\"@id\":\"https:\\\/\\\/clinicagirona.cat\\\/enquesta-satisfaccio-consultes-externes\\\/#breadcrumb\",\"itemListElement\":[{\"@type\":\"ListItem\",\"position\":1,\"name\":\"Inici\",\"item\":\"https:\\\/\\\/clinicagirona.cat\\\/\"},{\"@type\":\"ListItem\",\"position\":2,\"name\":\"Enquesta satisfacci\u00f3 Consultes Externes\"}]},{\"@type\":\"WebSite\",\"@id\":\"https:\\\/\\\/clinicagirona.cat\\\/#website\",\"url\":\"https:\\\/\\\/clinicagirona.cat\\\/\",\"name\":\"Cl\u00ednica Girona\",\"description\":\"Cuidem la teva salut, et cuidem a tu\",\"publisher\":{\"@id\":\"https:\\\/\\\/clinicagirona.cat\\\/#organization\"},\"potentialAction\":[{\"@type\":\"SearchAction\",\"target\":{\"@type\":\"EntryPoint\",\"urlTemplate\":\"https:\\\/\\\/clinicagirona.cat\\\/?s={search_term_string}\"},\"query-input\":{\"@type\":\"PropertyValueSpecification\",\"valueRequired\":true,\"valueName\":\"search_term_string\"}}],\"inLanguage\":\"en-GB\"},{\"@type\":\"Organization\",\"@id\":\"https:\\\/\\\/clinicagirona.cat\\\/#organization\",\"name\":\"Cl\u00ednica Girona\",\"url\":\"https:\\\/\\\/clinicagirona.cat\\\/\",\"logo\":{\"@type\":\"ImageObject\",\"inLanguage\":\"en-GB\",\"@id\":\"https:\\\/\\\/clinicagirona.cat\\\/#\\\/schema\\\/logo\\\/image\\\/\",\"url\":\"https:\\\/\\\/clinicagirona.cat\\\/wp-content\\\/uploads\\\/2026\\\/04\\\/clinica-girona-logo-quadrat.jpg\",\"contentUrl\":\"https:\\\/\\\/clinicagirona.cat\\\/wp-content\\\/uploads\\\/2026\\\/04\\\/clinica-girona-logo-quadrat.jpg\",\"width\":1000,\"height\":1000,\"caption\":\"Cl\u00ednica Girona\"},\"image\":{\"@id\":\"https:\\\/\\\/clinicagirona.cat\\\/#\\\/schema\\\/logo\\\/image\\\/\"},\"sameAs\":[\"http:\\\/\\\/www.facebook.com\\\/clinicagirona\",\"https:\\\/\\\/www.instagram.com\\\/clinicagirona\\\/\",\"http:\\\/\\\/www.youtube.com\\\/clinicagirona\",\"http:\\\/\\\/www.linkedin.com\\\/in\\\/clnica-girona-130222b6\\\/\"]}]}<\/script>\n<!-- \/ Yoast SEO plugin. -->","yoast_head_json":{"title":"Enquesta satisfacci\u00f3 Consultes Externes - Cl\u00ednica Girona","description":"Comparteix la teva opini\u00f3 sobre les Consultes Externes de la Cl\u00ednica Girona! La teva valoraci\u00f3 ens ajuda a millorar el nostre servei ambulatori.","robots":{"index":"noindex","follow":"follow"},"og_locale":"en_GB","og_type":"article","og_title":"Enquesta satisfacci\u00f3 Consultes Externes - Cl\u00ednica Girona","og_description":"Comparteix la teva opini\u00f3 sobre les Consultes Externes de la Cl\u00ednica Girona! La teva valoraci\u00f3 ens ajuda a millorar el nostre servei ambulatori.","og_url":"https:\/\/clinicagirona.cat\/en\/external-consultation-satisfaction-survey\/","og_site_name":"Cl\u00ednica Girona","article_publisher":"http:\/\/www.facebook.com\/clinicagirona","article_modified_time":"2025-06-04T13:40:51+00:00","og_image":[{"width":900,"height":600,"url":"https:\/\/clinicagirona.cat\/wp-content\/uploads\/2025\/05\/Clinica-girona-banner.jpg","type":"image\/jpeg"}],"twitter_card":"summary_large_image","twitter_misc":{"Estimated reading time":"1 minute"},"schema":{"@context":"https:\/\/schema.org","@graph":[{"@type":"WebPage","@id":"https:\/\/clinicagirona.cat\/enquesta-satisfaccio-consultes-externes\/","url":"https:\/\/clinicagirona.cat\/enquesta-satisfaccio-consultes-externes\/","name":"Enquesta satisfacci\u00f3 Consultes Externes - Cl\u00ednica Girona","isPartOf":{"@id":"https:\/\/clinicagirona.cat\/#website"},"primaryImageOfPage":{"@id":"https:\/\/clinicagirona.cat\/enquesta-satisfaccio-consultes-externes\/#primaryimage"},"image":{"@id":"https:\/\/clinicagirona.cat\/enquesta-satisfaccio-consultes-externes\/#primaryimage"},"thumbnailUrl":"https:\/\/clinicagirona.cat\/wp-content\/uploads\/2025\/05\/Clinica-girona-banner.jpg","datePublished":"2025-05-19T07:53:56+00:00","dateModified":"2025-06-04T13:40:51+00:00","description":"Comparteix la teva opini\u00f3 sobre les Consultes Externes de la Cl\u00ednica Girona! La teva valoraci\u00f3 ens ajuda a millorar el nostre servei ambulatori.","breadcrumb":{"@id":"https:\/\/clinicagirona.cat\/enquesta-satisfaccio-consultes-externes\/#breadcrumb"},"inLanguage":"en-GB","potentialAction":[{"@type":"ReadAction","target":["https:\/\/clinicagirona.cat\/enquesta-satisfaccio-consultes-externes\/"]}]},{"@type":"ImageObject","inLanguage":"en-GB","@id":"https:\/\/clinicagirona.cat\/enquesta-satisfaccio-consultes-externes\/#primaryimage","url":"https:\/\/clinicagirona.cat\/wp-content\/uploads\/2025\/05\/Clinica-girona-banner.jpg","contentUrl":"https:\/\/clinicagirona.cat\/wp-content\/uploads\/2025\/05\/Clinica-girona-banner.jpg","width":900,"height":600,"caption":"Edifici Cl\u00ednica Girona"},{"@type":"BreadcrumbList","@id":"https:\/\/clinicagirona.cat\/enquesta-satisfaccio-consultes-externes\/#breadcrumb","itemListElement":[{"@type":"ListItem","position":1,"name":"Inici","item":"https:\/\/clinicagirona.cat\/"},{"@type":"ListItem","position":2,"name":"Enquesta satisfacci\u00f3 Consultes Externes"}]},{"@type":"WebSite","@id":"https:\/\/clinicagirona.cat\/#website","url":"https:\/\/clinicagirona.cat\/","name":"Cl\u00ednica Girona","description":"We look after your health, we look after you","publisher":{"@id":"https:\/\/clinicagirona.cat\/#organization"},"potentialAction":[{"@type":"SearchAction","target":{"@type":"EntryPoint","urlTemplate":"https:\/\/clinicagirona.cat\/?s={search_term_string}"},"query-input":{"@type":"PropertyValueSpecification","valueRequired":true,"valueName":"search_term_string"}}],"inLanguage":"en-GB"},{"@type":"Organization","@id":"https:\/\/clinicagirona.cat\/#organization","name":"Cl\u00ednica Girona","url":"https:\/\/clinicagirona.cat\/","logo":{"@type":"ImageObject","inLanguage":"en-GB","@id":"https:\/\/clinicagirona.cat\/#\/schema\/logo\/image\/","url":"https:\/\/clinicagirona.cat\/wp-content\/uploads\/2026\/04\/clinica-girona-logo-quadrat.jpg","contentUrl":"https:\/\/clinicagirona.cat\/wp-content\/uploads\/2026\/04\/clinica-girona-logo-quadrat.jpg","width":1000,"height":1000,"caption":"Cl\u00ednica Girona"},"image":{"@id":"https:\/\/clinicagirona.cat\/#\/schema\/logo\/image\/"},"sameAs":["http:\/\/www.facebook.com\/clinicagirona","https:\/\/www.instagram.com\/clinicagirona\/","http:\/\/www.youtube.com\/clinicagirona","http:\/\/www.linkedin.com\/in\/clnica-girona-130222b6\/"]}]}},"_links":{"self":[{"href":"https:\/\/clinicagirona.cat\/en\/wp-json\/wp\/v2\/pages\/31047","targetHints":{"allow":["GET"]}}],"collection":[{"href":"https:\/\/clinicagirona.cat\/en\/wp-json\/wp\/v2\/pages"}],"about":[{"href":"https:\/\/clinicagirona.cat\/en\/wp-json\/wp\/v2\/types\/page"}],"author":[{"embeddable":true,"href":"https:\/\/clinicagirona.cat\/en\/wp-json\/wp\/v2\/users\/1"}],"replies":[{"embeddable":true,"href":"https:\/\/clinicagirona.cat\/en\/wp-json\/wp\/v2\/comments?post=31047"}],"version-history":[{"count":10,"href":"https:\/\/clinicagirona.cat\/en\/wp-json\/wp\/v2\/pages\/31047\/revisions"}],"predecessor-version":[{"id":31068,"href":"https:\/\/clinicagirona.cat\/en\/wp-json\/wp\/v2\/pages\/31047\/revisions\/31068"}],"wp:featuredmedia":[{"embeddable":true,"href":"https:\/\/clinicagirona.cat\/en\/wp-json\/wp\/v2\/media\/32937"}],"wp:attachment":[{"href":"https:\/\/clinicagirona.cat\/en\/wp-json\/wp\/v2\/media?parent=31047"}],"curies":[{"name":"wp","href":"https:\/\/api.w.org\/{rel}","templated":true}]}}