{"id":31435,"date":"2025-05-20T11:22:28","date_gmt":"2025-05-20T09:22:28","guid":{"rendered":"https:\/\/clinicagirona.cat\/?page_id=31435"},"modified":"2026-04-14T16:28:14","modified_gmt":"2026-04-14T14:28:14","slug":"strategic-plan","status":"publish","type":"page","link":"https:\/\/clinicagirona.cat\/en\/pla-estrategic\/","title":{"rendered":"Strategic Plan"},"content":{"rendered":"<div data-elementor-type=\"wp-page\" data-elementor-id=\"31435\" class=\"elementor elementor-31435\">\n\t\t\t\t<div class=\"wd-negative-gap elementor-element elementor-element-e15afb9 e-flex e-con-boxed e-con e-parent\" data-id=\"e15afb9\" data-element_type=\"container\" data-e-type=\"container\">\n\t\t\t\t\t<div class=\"e-con-inner\">\n\t\t<div class=\"elementor-element elementor-element-cfbd4d3 e-con-full e-flex e-con e-child\" data-id=\"cfbd4d3\" data-element_type=\"container\" data-e-type=\"container\">\n\t\t\t\t<div class=\"elementor-element elementor-element-4d6f18b color-scheme-inherit text-left elementor-widget elementor-widget-text-editor\" data-id=\"4d6f18b\" data-element_type=\"widget\" data-e-type=\"widget\" data-widget_type=\"text-editor.default\">\n\t\t\t\t<div class=\"elementor-widget-container\">\n\t\t\t\t\t\t\t\t\t<p>The Strategic Plan of Cl\u00ednica Girona for the years 2022-2026 has been defined taking into account social changes and the <strong>technological advancements<\/strong> to the new needs of the citizenry.<\/p>\t\t\t\t\t\t\t\t<\/div>\n\t\t\t\t<\/div>\n\t\t\t\t<div class=\"elementor-element elementor-element-4a6f479 color-scheme-inherit text-left elementor-widget elementor-widget-text-editor\" data-id=\"4a6f479\" data-element_type=\"widget\" data-e-type=\"widget\" data-widget_type=\"text-editor.default\">\n\t\t\t\t<div class=\"elementor-widget-container\">\n\t\t\t\t\t\t\t\t\t<p>The plan is <strong>clearly future-oriented<\/strong> to respond to the needs and characteristics of its stakeholders: Customers, employees, professionals, shareholders, citizens and suppliers.<\/p><p>The Strategic Plan has identified six pillars:<\/p>\t\t\t\t\t\t\t\t<\/div>\n\t\t\t\t<\/div>\n\t\t\t\t<\/div>\n\t\t\t\t\t<\/div>\n\t\t\t\t<\/div>\n\t\t<div class=\"wd-negative-gap elementor-element elementor-element-e96c394 e-grid e-con-boxed e-con e-child\" data-id=\"e96c394\" data-element_type=\"container\" data-e-type=\"container\">\n\t\t\t\t\t<div class=\"e-con-inner\">\n\t\t<div class=\"wd-negative-gap elementor-element elementor-element-2344523 contenidor e-flex e-con-boxed e-con e-child\" data-id=\"2344523\" data-element_type=\"container\" data-e-type=\"container\">\n\t\t\t\t\t<div class=\"e-con-inner\">\n\t\t<div class=\"wd-negative-gap elementor-element elementor-element-e8dc084 e-flex e-con-boxed e-con e-child\" data-id=\"e8dc084\" data-element_type=\"container\" data-e-type=\"container\">\n\t\t\t\t\t<div class=\"e-con-inner\">\n\t\t\t\t<div class=\"elementor-element elementor-element-354c7db wd-width-100 elementor-widget elementor-widget-wd_title\" data-id=\"354c7db\" data-element_type=\"widget\" data-e-type=\"widget\" data-widget_type=\"wd_title.default\">\n\t\t\t\t<div class=\"elementor-widget-container\">\n\t\t\t\t\t\t\t<div class=\"title-wrapper wd-set-mb reset-last-child wd-title-color-default wd-title-style-default wd-title-size-default text-left\">\n\n\t\t\t\n\t\t\t<div class=\"liner-continer\">\n\t\t\t\t<h2 class=\"woodmart-title-container title wd-fontsize-l\">Maintain the economic and financial sustainability of the organization<\/h2> \n\t\t\t\t\t\t\t<\/div>\n\n\t\t\t\t\t\t\t<div class=\"title-after_title reset-last-child wd-fontsize-xs\">\n\t\t\t\t\t<p>At Cl\u00ednica Girona, we understand that economic and financial sustainability is essential to guarantee the continuity, quality, and excellence of the healthcare services we offer. That's why we work with a <strong>efficient and responsible resource management<\/strong>, ensuring the balance between care needs and economic viability criteria.<\/p>\t\t\t\t<\/div>\n\t\t\t\t\t<\/div>\n\t\t\t\t\t\t<\/div>\n\t\t\t\t<\/div>\n\t\t\t\t\t<\/div>\n\t\t\t\t<\/div>\n\t\t\t\t\t<\/div>\n\t\t\t\t<\/div>\n\t\t<div class=\"elementor-element elementor-element-2fd4418 e-con-full contenidor e-flex e-con e-child\" data-id=\"2fd4418\" data-element_type=\"container\" data-e-type=\"container\">\n\t\t<div class=\"wd-negative-gap elementor-element elementor-element-88858fa e-flex e-con-boxed e-con e-child\" data-id=\"88858fa\" data-element_type=\"container\" data-e-type=\"container\">\n\t\t\t\t\t<div class=\"e-con-inner\">\n\t\t\t\t<div class=\"elementor-element elementor-element-c5ee60c wd-width-100 elementor-widget elementor-widget-wd_title\" data-id=\"c5ee60c\" data-element_type=\"widget\" data-e-type=\"widget\" data-widget_type=\"wd_title.default\">\n\t\t\t\t<div class=\"elementor-widget-container\">\n\t\t\t\t\t\t\t<div class=\"title-wrapper wd-set-mb reset-last-child wd-title-color-default wd-title-style-default wd-title-size-default text-left\">\n\n\t\t\t\n\t\t\t<div class=\"liner-continer\">\n\t\t\t\t<h2 class=\"woodmart-title-container title wd-fontsize-l\">2. Strengthening strategic alliances and expanding market share<br \/>\n<\/h2> \n\t\t\t\t\t\t\t<\/div>\n\n\t\t\t\t\t\t\t<div class=\"title-after_title reset-last-child wd-fontsize-xs\">\n\t\t\t\t\t<p>We believe in a <strong>growth model based on collaboration, innovation, and the creation of synergies with other actors in the healthcare sector<\/strong>, <strong>social and technological<\/strong>. Strengthening strategic alliances allows us to reinforce our market position, improve our service offering, and respond more agilely and efficiently to the needs of our patients.<\/p>\t\t\t\t<\/div>\n\t\t\t\t\t<\/div>\n\t\t\t\t\t\t<\/div>\n\t\t\t\t<\/div>\n\t\t\t\t\t<\/div>\n\t\t\t\t<\/div>\n\t\t\t\t<\/div>\n\t\t<div class=\"elementor-element elementor-element-64708bd e-con-full contenidor e-flex e-con e-child\" data-id=\"64708bd\" data-element_type=\"container\" data-e-type=\"container\">\n\t\t<div class=\"wd-negative-gap elementor-element elementor-element-dc99686 e-flex e-con-boxed e-con e-child\" data-id=\"dc99686\" data-element_type=\"container\" data-e-type=\"container\">\n\t\t\t\t\t<div class=\"e-con-inner\">\n\t\t\t\t<div class=\"elementor-element elementor-element-9b46984 wd-width-100 elementor-widget elementor-widget-wd_title\" data-id=\"9b46984\" data-element_type=\"widget\" data-e-type=\"widget\" data-widget_type=\"wd_title.default\">\n\t\t\t\t<div class=\"elementor-widget-container\">\n\t\t\t\t\t\t\t<div class=\"title-wrapper wd-set-mb reset-last-child wd-title-color-default wd-title-style-default wd-title-size-default text-left\">\n\n\t\t\t\n\t\t\t<div class=\"liner-continer\">\n\t\t\t\t<h2 class=\"woodmart-title-container title wd-fontsize-l\">3. Ensure equity and equality in the organization<br \/>\n<\/h2> \n\t\t\t\t\t\t\t<\/div>\n\n\t\t\t\t\t\t\t<div class=\"title-after_title reset-last-child wd-fontsize-xs\">\n\t\t\t\t\t<p>Consider that equity and equality are <strong>fundamental pillars for building a healthy, inclusive, and respectful working environment<\/strong> both for our human team and for the people we serve. We are firmly committed to fostering an organisational culture based on respect for diversity, non-discrimination, and equal opportunities.<\/p>\t\t\t\t<\/div>\n\t\t\t\t\t<\/div>\n\t\t\t\t\t\t<\/div>\n\t\t\t\t<\/div>\n\t\t\t\t\t<\/div>\n\t\t\t\t<\/div>\n\t\t\t\t<\/div>\n\t\t<div class=\"elementor-element elementor-element-ac79f43 e-con-full contenidor e-flex e-con e-child\" data-id=\"ac79f43\" data-element_type=\"container\" data-e-type=\"container\">\n\t\t<div class=\"wd-negative-gap elementor-element elementor-element-19c510f e-flex e-con-boxed e-con e-child\" data-id=\"19c510f\" data-element_type=\"container\" data-e-type=\"container\">\n\t\t\t\t\t<div class=\"e-con-inner\">\n\t\t\t\t<div class=\"elementor-element elementor-element-9129304 wd-width-100 elementor-widget elementor-widget-wd_title\" data-id=\"9129304\" data-element_type=\"widget\" data-e-type=\"widget\" data-widget_type=\"wd_title.default\">\n\t\t\t\t<div class=\"elementor-widget-container\">\n\t\t\t\t\t\t\t<div class=\"title-wrapper wd-set-mb reset-last-child wd-title-color-default wd-title-style-default wd-title-size-default text-left\">\n\n\t\t\t\n\t\t\t<div class=\"liner-continer\">\n\t\t\t\t<h2 class=\"woodmart-title-container title wd-fontsize-l\">4. Harnessing computerisation and digital transformation<br \/>\n<\/h2> \n\t\t\t\t\t\t\t<\/div>\n\n\t\t\t\t\t\t\t<div class=\"title-after_title reset-last-child wd-fontsize-xs\">\n\t\t\t\t\t<p>At Cl\u00ednica Girona, we firmly believe in digital transformation as a key tool for improving care quality, optimising internal processes and<strong> to offer more agile, secure and patient-centred care<\/strong>. Digitalisation not only allows us to be more efficient, but also more accessible, innovative and sustainable.<\/p>\t\t\t\t<\/div>\n\t\t\t\t\t<\/div>\n\t\t\t\t\t\t<\/div>\n\t\t\t\t<\/div>\n\t\t\t\t\t<\/div>\n\t\t\t\t<\/div>\n\t\t\t\t<\/div>\n\t\t<div class=\"elementor-element elementor-element-605978a e-con-full contenidor e-flex e-con e-child\" data-id=\"605978a\" data-element_type=\"container\" data-e-type=\"container\">\n\t\t<div class=\"wd-negative-gap elementor-element elementor-element-8b22e49 e-flex e-con-boxed e-con e-child\" data-id=\"8b22e49\" data-element_type=\"container\" data-e-type=\"container\">\n\t\t\t\t\t<div class=\"e-con-inner\">\n\t\t\t\t<div class=\"elementor-element elementor-element-05a30fd wd-width-100 elementor-widget elementor-widget-wd_title\" data-id=\"05a30fd\" data-element_type=\"widget\" data-e-type=\"widget\" data-widget_type=\"wd_title.default\">\n\t\t\t\t<div class=\"elementor-widget-container\">\n\t\t\t\t\t\t\t<div class=\"title-wrapper wd-set-mb reset-last-child wd-title-color-default wd-title-style-default wd-title-size-default text-left\">\n\n\t\t\t\n\t\t\t<div class=\"liner-continer\">\n\t\t\t\t<h2 class=\"woodmart-title-container title wd-fontsize-l\">5. Prioritise a quality policy based on continuous improvement with clearly customer-oriented actions<br \/>\n<\/h2> \n\t\t\t\t\t\t\t<\/div>\n\n\t\t\t\t\t\t\t<div class=\"title-after_title reset-last-child wd-fontsize-xs\">\n\t\t\t\t\t<p>At Cl\u00ednica Girona, we understand quality as a cross-cutting commitment that permeates all areas of the organisation. Our quality policy is based on the continuous improvement of processes, services and care, with a <strong>clear focus on satisfaction and well-being of the patient<\/strong>.<\/p>\t\t\t\t<\/div>\n\t\t\t\t\t<\/div>\n\t\t\t\t\t\t<\/div>\n\t\t\t\t<\/div>\n\t\t\t\t\t<\/div>\n\t\t\t\t<\/div>\n\t\t\t\t<\/div>\n\t\t<div class=\"elementor-element elementor-element-3002249 e-con-full contenidor e-flex e-con e-child\" data-id=\"3002249\" data-element_type=\"container\" data-e-type=\"container\">\n\t\t<div class=\"wd-negative-gap elementor-element elementor-element-9eff369 e-flex e-con-boxed e-con e-child\" data-id=\"9eff369\" data-element_type=\"container\" data-e-type=\"container\">\n\t\t\t\t\t<div class=\"e-con-inner\">\n\t\t\t\t<div class=\"elementor-element elementor-element-9f66786 wd-width-100 elementor-widget elementor-widget-wd_title\" data-id=\"9f66786\" data-element_type=\"widget\" data-e-type=\"widget\" data-widget_type=\"wd_title.default\">\n\t\t\t\t<div class=\"elementor-widget-container\">\n\t\t\t\t\t\t\t<div class=\"title-wrapper wd-set-mb reset-last-child wd-title-color-default wd-title-style-default wd-title-size-default text-left\">\n\n\t\t\t\n\t\t\t<div class=\"liner-continer\">\n\t\t\t\t<h2 class=\"woodmart-title-container title wd-fontsize-l\">Implement a CSR project and apply sustainability mechanisms aligned with environmental policy.<br \/>\n<\/h2> \n\t\t\t\t\t\t\t<\/div>\n\n\t\t\t\t\t\t\t<div class=\"title-after_title reset-last-child wd-fontsize-xs\">\n\t\t\t\t\t<p>To this end, we are driving a solid Corporate Social Responsibility (CSR) project that integrates social and ethical, environmental, and good governance actions into our daily operations.<\/p>\t\t\t\t<\/div>\n\t\t\t\t\t<\/div>\n\t\t\t\t\t\t<\/div>\n\t\t\t\t<\/div>\n\t\t\t\t\t<\/div>\n\t\t\t\t<\/div>\n\t\t\t\t<\/div>\n\t\t\t\t\t<\/div>\n\t\t\t\t<\/div>\n\t\t\t\t<\/div>","protected":false},"excerpt":{"rendered":"<p>The Strategic Plan of Cl\u00ednica Girona for the years 2022-2026 has been defined taking into account social changes and the<\/p>","protected":false},"author":1,"featured_media":32937,"parent":0,"menu_order":0,"comment_status":"closed","ping_status":"closed","template":"","meta":{"footnotes":""},"class_list":["post-31435","page","type-page","status-publish","has-post-thumbnail","hentry"],"yoast_head":"<!-- This site is optimized with the Yoast SEO plugin v27.4 - https:\/\/yoast.com\/product\/yoast-seo-wordpress\/ -->\n<title>Pla Estrat\u00e8gic - Cl\u00ednica Girona<\/title>\n<meta name=\"description\" content=\"Descobreix el Pla Estrat\u00e8gic de Cl\u00ednica Girona. Coneix la nostra visi\u00f3 de futur, objectius i comprom\u00eds amb l&#039;excel\u00b7l\u00e8ncia m\u00e8dica i la millora cont\u00ednua de l&#039;atenci\u00f3 sanit\u00e0ria a Girona.\" \/>\n<meta name=\"robots\" content=\"index, follow, max-snippet:-1, max-image-preview:large, max-video-preview:-1\" \/>\n<link rel=\"canonical\" href=\"https:\/\/clinicagirona.cat\/en\/strategic-plan\/\" \/>\n<meta property=\"og:locale\" content=\"en_GB\" \/>\n<meta property=\"og:type\" content=\"article\" \/>\n<meta property=\"og:title\" content=\"Pla Estrat\u00e8gic - Cl\u00ednica Girona\" \/>\n<meta property=\"og:description\" content=\"Descobreix el Pla Estrat\u00e8gic de Cl\u00ednica Girona. Coneix la nostra visi\u00f3 de futur, objectius i comprom\u00eds amb l&#039;excel\u00b7l\u00e8ncia m\u00e8dica i la millora cont\u00ednua de l&#039;atenci\u00f3 sanit\u00e0ria a Girona.\" \/>\n<meta property=\"og:url\" content=\"https:\/\/clinicagirona.cat\/en\/strategic-plan\/\" \/>\n<meta property=\"og:site_name\" content=\"Cl\u00ednica Girona\" \/>\n<meta property=\"article:publisher\" content=\"http:\/\/www.facebook.com\/clinicagirona\" \/>\n<meta property=\"article:modified_time\" content=\"2026-04-14T14:28:14+00:00\" \/>\n<meta property=\"og:image\" content=\"https:\/\/clinicagirona.cat\/wp-content\/uploads\/2025\/05\/Clinica-girona-banner.jpg\" \/>\n\t<meta property=\"og:image:width\" content=\"900\" \/>\n\t<meta property=\"og:image:height\" content=\"600\" \/>\n\t<meta property=\"og:image:type\" content=\"image\/jpeg\" \/>\n<meta name=\"twitter:card\" content=\"summary_large_image\" \/>\n<meta name=\"twitter:label1\" content=\"Estimated reading time\" \/>\n\t<meta name=\"twitter:data1\" content=\"3 minutes\" \/>\n<script type=\"application\/ld+json\" class=\"yoast-schema-graph\">{\"@context\":\"https:\\\/\\\/schema.org\",\"@graph\":[{\"@type\":\"WebPage\",\"@id\":\"https:\\\/\\\/clinicagirona.cat\\\/pla-estrategic\\\/\",\"url\":\"https:\\\/\\\/clinicagirona.cat\\\/pla-estrategic\\\/\",\"name\":\"Pla Estrat\u00e8gic - Cl\u00ednica Girona\",\"isPartOf\":{\"@id\":\"https:\\\/\\\/clinicagirona.cat\\\/#website\"},\"primaryImageOfPage\":{\"@id\":\"https:\\\/\\\/clinicagirona.cat\\\/pla-estrategic\\\/#primaryimage\"},\"image\":{\"@id\":\"https:\\\/\\\/clinicagirona.cat\\\/pla-estrategic\\\/#primaryimage\"},\"thumbnailUrl\":\"https:\\\/\\\/clinicagirona.cat\\\/wp-content\\\/uploads\\\/2025\\\/05\\\/Clinica-girona-banner.jpg\",\"datePublished\":\"2025-05-20T09:22:28+00:00\",\"dateModified\":\"2026-04-14T14:28:14+00:00\",\"description\":\"Descobreix el Pla Estrat\u00e8gic de Cl\u00ednica Girona. Coneix la nostra visi\u00f3 de futur, objectius i comprom\u00eds amb l'excel\u00b7l\u00e8ncia m\u00e8dica i la millora cont\u00ednua de l'atenci\u00f3 sanit\u00e0ria a Girona.\",\"breadcrumb\":{\"@id\":\"https:\\\/\\\/clinicagirona.cat\\\/pla-estrategic\\\/#breadcrumb\"},\"inLanguage\":\"en-GB\",\"potentialAction\":[{\"@type\":\"ReadAction\",\"target\":[\"https:\\\/\\\/clinicagirona.cat\\\/pla-estrategic\\\/\"]}]},{\"@type\":\"ImageObject\",\"inLanguage\":\"en-GB\",\"@id\":\"https:\\\/\\\/clinicagirona.cat\\\/pla-estrategic\\\/#primaryimage\",\"url\":\"https:\\\/\\\/clinicagirona.cat\\\/wp-content\\\/uploads\\\/2025\\\/05\\\/Clinica-girona-banner.jpg\",\"contentUrl\":\"https:\\\/\\\/clinicagirona.cat\\\/wp-content\\\/uploads\\\/2025\\\/05\\\/Clinica-girona-banner.jpg\",\"width\":900,\"height\":600,\"caption\":\"Edifici Cl\u00ednica Girona\"},{\"@type\":\"BreadcrumbList\",\"@id\":\"https:\\\/\\\/clinicagirona.cat\\\/pla-estrategic\\\/#breadcrumb\",\"itemListElement\":[{\"@type\":\"ListItem\",\"position\":1,\"name\":\"Inici\",\"item\":\"https:\\\/\\\/clinicagirona.cat\\\/\"},{\"@type\":\"ListItem\",\"position\":2,\"name\":\"Pla Estrat\u00e8gic\"}]},{\"@type\":\"WebSite\",\"@id\":\"https:\\\/\\\/clinicagirona.cat\\\/#website\",\"url\":\"https:\\\/\\\/clinicagirona.cat\\\/\",\"name\":\"Cl\u00ednica Girona\",\"description\":\"Cuidem la teva salut, et cuidem a tu\",\"publisher\":{\"@id\":\"https:\\\/\\\/clinicagirona.cat\\\/#organization\"},\"potentialAction\":[{\"@type\":\"SearchAction\",\"target\":{\"@type\":\"EntryPoint\",\"urlTemplate\":\"https:\\\/\\\/clinicagirona.cat\\\/?s={search_term_string}\"},\"query-input\":{\"@type\":\"PropertyValueSpecification\",\"valueRequired\":true,\"valueName\":\"search_term_string\"}}],\"inLanguage\":\"en-GB\"},{\"@type\":\"Organization\",\"@id\":\"https:\\\/\\\/clinicagirona.cat\\\/#organization\",\"name\":\"Cl\u00ednica Girona\",\"url\":\"https:\\\/\\\/clinicagirona.cat\\\/\",\"logo\":{\"@type\":\"ImageObject\",\"inLanguage\":\"en-GB\",\"@id\":\"https:\\\/\\\/clinicagirona.cat\\\/#\\\/schema\\\/logo\\\/image\\\/\",\"url\":\"https:\\\/\\\/clinicagirona.cat\\\/wp-content\\\/uploads\\\/2026\\\/04\\\/clinica-girona-logo-quadrat.jpg\",\"contentUrl\":\"https:\\\/\\\/clinicagirona.cat\\\/wp-content\\\/uploads\\\/2026\\\/04\\\/clinica-girona-logo-quadrat.jpg\",\"width\":1000,\"height\":1000,\"caption\":\"Cl\u00ednica Girona\"},\"image\":{\"@id\":\"https:\\\/\\\/clinicagirona.cat\\\/#\\\/schema\\\/logo\\\/image\\\/\"},\"sameAs\":[\"http:\\\/\\\/www.facebook.com\\\/clinicagirona\",\"https:\\\/\\\/www.instagram.com\\\/clinicagirona\\\/\",\"http:\\\/\\\/www.youtube.com\\\/clinicagirona\",\"http:\\\/\\\/www.linkedin.com\\\/in\\\/clnica-girona-130222b6\\\/\"]}]}<\/script>\n<!-- \/ Yoast SEO plugin. -->","yoast_head_json":{"title":"Strategic Plan - Girona Clinic","description":"Discover the Cl\u00ednica Girona Strategic Plan. Learn about our vision for the future, objectives, and commitment to medical excellence and the continuous improvement of healthcare in Girona.","robots":{"index":"index","follow":"follow","max-snippet":"max-snippet:-1","max-image-preview":"max-image-preview:large","max-video-preview":"max-video-preview:-1"},"canonical":"https:\/\/clinicagirona.cat\/en\/strategic-plan\/","og_locale":"en_GB","og_type":"article","og_title":"Pla Estrat\u00e8gic - Cl\u00ednica Girona","og_description":"Descobreix el Pla Estrat\u00e8gic de Cl\u00ednica Girona. Coneix la nostra visi\u00f3 de futur, objectius i comprom\u00eds amb l'excel\u00b7l\u00e8ncia m\u00e8dica i la millora cont\u00ednua de l'atenci\u00f3 sanit\u00e0ria a Girona.","og_url":"https:\/\/clinicagirona.cat\/en\/strategic-plan\/","og_site_name":"Cl\u00ednica Girona","article_publisher":"http:\/\/www.facebook.com\/clinicagirona","article_modified_time":"2026-04-14T14:28:14+00:00","og_image":[{"width":900,"height":600,"url":"https:\/\/clinicagirona.cat\/wp-content\/uploads\/2025\/05\/Clinica-girona-banner.jpg","type":"image\/jpeg"}],"twitter_card":"summary_large_image","twitter_misc":{"Estimated reading time":"3 minutes"},"schema":{"@context":"https:\/\/schema.org","@graph":[{"@type":"WebPage","@id":"https:\/\/clinicagirona.cat\/pla-estrategic\/","url":"https:\/\/clinicagirona.cat\/pla-estrategic\/","name":"Strategic Plan - Girona Clinic","isPartOf":{"@id":"https:\/\/clinicagirona.cat\/#website"},"primaryImageOfPage":{"@id":"https:\/\/clinicagirona.cat\/pla-estrategic\/#primaryimage"},"image":{"@id":"https:\/\/clinicagirona.cat\/pla-estrategic\/#primaryimage"},"thumbnailUrl":"https:\/\/clinicagirona.cat\/wp-content\/uploads\/2025\/05\/Clinica-girona-banner.jpg","datePublished":"2025-05-20T09:22:28+00:00","dateModified":"2026-04-14T14:28:14+00:00","description":"Discover the Cl\u00ednica Girona Strategic Plan. Learn about our vision for the future, objectives, and commitment to medical excellence and the continuous improvement of healthcare in Girona.","breadcrumb":{"@id":"https:\/\/clinicagirona.cat\/pla-estrategic\/#breadcrumb"},"inLanguage":"en-GB","potentialAction":[{"@type":"ReadAction","target":["https:\/\/clinicagirona.cat\/pla-estrategic\/"]}]},{"@type":"ImageObject","inLanguage":"en-GB","@id":"https:\/\/clinicagirona.cat\/pla-estrategic\/#primaryimage","url":"https:\/\/clinicagirona.cat\/wp-content\/uploads\/2025\/05\/Clinica-girona-banner.jpg","contentUrl":"https:\/\/clinicagirona.cat\/wp-content\/uploads\/2025\/05\/Clinica-girona-banner.jpg","width":900,"height":600,"caption":"Edifici Cl\u00ednica Girona"},{"@type":"BreadcrumbList","@id":"https:\/\/clinicagirona.cat\/pla-estrategic\/#breadcrumb","itemListElement":[{"@type":"ListItem","position":1,"name":"Inici","item":"https:\/\/clinicagirona.cat\/"},{"@type":"ListItem","position":2,"name":"Pla Estrat\u00e8gic"}]},{"@type":"WebSite","@id":"https:\/\/clinicagirona.cat\/#website","url":"https:\/\/clinicagirona.cat\/","name":"Cl\u00ednica Girona","description":"We look after your health, we look after you","publisher":{"@id":"https:\/\/clinicagirona.cat\/#organization"},"potentialAction":[{"@type":"SearchAction","target":{"@type":"EntryPoint","urlTemplate":"https:\/\/clinicagirona.cat\/?s={search_term_string}"},"query-input":{"@type":"PropertyValueSpecification","valueRequired":true,"valueName":"search_term_string"}}],"inLanguage":"en-GB"},{"@type":"Organization","@id":"https:\/\/clinicagirona.cat\/#organization","name":"Cl\u00ednica Girona","url":"https:\/\/clinicagirona.cat\/","logo":{"@type":"ImageObject","inLanguage":"en-GB","@id":"https:\/\/clinicagirona.cat\/#\/schema\/logo\/image\/","url":"https:\/\/clinicagirona.cat\/wp-content\/uploads\/2026\/04\/clinica-girona-logo-quadrat.jpg","contentUrl":"https:\/\/clinicagirona.cat\/wp-content\/uploads\/2026\/04\/clinica-girona-logo-quadrat.jpg","width":1000,"height":1000,"caption":"Cl\u00ednica Girona"},"image":{"@id":"https:\/\/clinicagirona.cat\/#\/schema\/logo\/image\/"},"sameAs":["http:\/\/www.facebook.com\/clinicagirona","https:\/\/www.instagram.com\/clinicagirona\/","http:\/\/www.youtube.com\/clinicagirona","http:\/\/www.linkedin.com\/in\/clnica-girona-130222b6\/"]}]}},"_links":{"self":[{"href":"https:\/\/clinicagirona.cat\/en\/wp-json\/wp\/v2\/pages\/31435","targetHints":{"allow":["GET"]}}],"collection":[{"href":"https:\/\/clinicagirona.cat\/en\/wp-json\/wp\/v2\/pages"}],"about":[{"href":"https:\/\/clinicagirona.cat\/en\/wp-json\/wp\/v2\/types\/page"}],"author":[{"embeddable":true,"href":"https:\/\/clinicagirona.cat\/en\/wp-json\/wp\/v2\/users\/1"}],"replies":[{"embeddable":true,"href":"https:\/\/clinicagirona.cat\/en\/wp-json\/wp\/v2\/comments?post=31435"}],"version-history":[{"count":76,"href":"https:\/\/clinicagirona.cat\/en\/wp-json\/wp\/v2\/pages\/31435\/revisions"}],"predecessor-version":[{"id":39002,"href":"https:\/\/clinicagirona.cat\/en\/wp-json\/wp\/v2\/pages\/31435\/revisions\/39002"}],"wp:featuredmedia":[{"embeddable":true,"href":"https:\/\/clinicagirona.cat\/en\/wp-json\/wp\/v2\/media\/32937"}],"wp:attachment":[{"href":"https:\/\/clinicagirona.cat\/en\/wp-json\/wp\/v2\/media?parent=31435"}],"curies":[{"name":"wp","href":"https:\/\/api.w.org\/{rel}","templated":true}]}}