{"id":31444,"date":"2025-05-20T11:37:28","date_gmt":"2025-05-20T09:37:28","guid":{"rendered":"https:\/\/clinicagirona.cat\/?page_id=31444"},"modified":"2026-03-09T15:05:49","modified_gmt":"2026-03-09T14:05:49","slug":"social-media-policy","status":"publish","type":"page","link":"https:\/\/clinicagirona.cat\/en\/politica-de-xarxes-socials\/","title":{"rendered":"Social Media Policy"},"content":{"rendered":"<h2 class=\"wp-block-heading\" style=\"font-size:20px\">Information about the data controller for data hosted on the official CL\u00cdNICA GIRONA, S.A. page on social networks.<\/h2>\n\n\n\n<p>In accordance with the duty of information established in Regulation (EU) 2016\/679 of 27 April (GDPR), CL\u00cdNICA GIRONA, S.A., hereinafter Cl\u00ednica Girona, wishes to inform users of this social network of the policy regarding the processing and protection of personal data of those who voluntarily access and use the official page of Cl\u00ednica Girona. Access and use by the user of this official page implies that they expressly accept this privacy policy and give their consent for the processing of their personal data. These accounts are not managed 24 hours a day.<\/p>\n\n\n\n<div style=\"height:15px\" aria-hidden=\"true\" class=\"wp-block-spacer\"><\/div>\n\n\n\n<h2 class=\"wp-block-heading\" style=\"font-size:20px\">2. Data on minors or incapacitated persons.<\/h2>\n\n\n\n<p>Access to and registration on this social network is prohibited for individuals under the age of fourteen (14). Furthermore, if the user is incapacitated, it is advised that the consensual assistance of the holder of the user's parental authority or guardianship, or their legal representative, will be required for access to and use of this official page. The responsible party shall be expressly exempt from any liability that may arise from the use of their official page by minors or incapacitated individuals, with such liability resting with their legal representatives in each case.<\/p>\n\n\n\n<div style=\"height:15px\" aria-hidden=\"true\" class=\"wp-block-spacer\"><\/div>\n\n\n\n<h2 class=\"wp-block-heading\" style=\"font-size:20px\">3. Identification of the company name of the data controller.<\/h2>\n\n\n\n<p>The user is informed that Cl\u00ednica Girona, with its registered office at Carretera de Barcelona, 206, 17005\u2013Girona, is responsible for the files and processing through which the user's personal data is collected and stored as a result of registering for and using Cl\u00ednica Girona's official page on this social network, without prejudice to the processing for which the entity owning the social network where our official page is located is responsible.<\/p>\n\n\n\n<div style=\"height:15px\" aria-hidden=\"true\" class=\"wp-block-spacer\"><\/div>\n\n\n\n<h2 class=\"wp-block-heading\" style=\"font-size:20px\">4. Purposes for which personal data are used, information and consent.<\/h2>\n\n\n\n<p>The personal data provided voluntarily by the user, through the official page, will form part of a data processing for which Cl\u00ednica Girona is responsible, with the aim of offering you information, by email or any other electronic or physical means, present or future, that makes it possible to carry out commercial communication, sending newsletters to those users who subscribe, exchanging information with Cl\u00ednica Girona and other users, and establishing communication with third parties.<br>From the moment the user uses this official page, they give their free, unequivocal, specific, informed and express consent for the processing of their personal data by Cl\u00ednica Girona, for the correct provision of these services in accordance with what is established in this policy.<\/p>\n\n\n\n<p>Users are free to use the official page of Cl\u00ednica Girona on this social network, and therefore, if users do not agree with the processing of their data for these purposes, they should not use or provide their personal data.<\/p>\n\n\n\n<p>Through this official page, the user may share texts, photos, videos, and other types of information and\/or content which shall be subject to this policy as well as to the Platform's Rules and Conditions. The user shall be responsible for ensuring that all content they publish complies with current legislation, this policy, and the Platform's Rules.<\/p>\n\n\n\n<p>Users may only post personal data, photographs and information or other content on this official page if they are the owner and proprietor of it, or if they hold authorisation from a third party.<\/p>\n\n\n\n<p>Cl\u00ednica Girona reserves the right to unilaterally remove from this official page, without prior notice or authorisation from the user, any content published by the user that infringes or violates current legislation, the rules established in this policy, and the Platform Rules.<\/p>\n\n\n\n<p>The information and personal data voluntarily provided by the user through the social networks of Cl\u00ednica Girona are processed for the purpose of:<br>\u2022 Manage user registration, account creation, and the use of Cl\u00ednica Girona's social media.<br>\u2022 Respond to all requests made via Cl\u00ednica Girona's social media channels.<br>\u2022 Send information and advertising from Cl\u00ednica Girona via electronic means.<br>\u2022 To know the user's opinion and assessment.<br>\u2022 To understand the user's opinion and feedback, and to keep them up to date on activities, news, and special offers of interest to them.<\/p>\n\n\n\n<p>All of this, provided that it has been previously and expressly consented to by the interested party.<\/p>\n\n\n\n<p>The information provided by the user through Cl\u00ednica Girona's social media channels, including personal data, may be published depending on the services the user uses, and may therefore be made publicly available to other social media users. From the profile of each social network, the user can configure what information they wish to make public in each case, view the permissions that have been granted, revoke or disable them, as well as any third-party applications that are no longer desired.<br><\/p>\n\n\n\n<p>Users can share texts, photos, videos and other types of information or content on social networks, which in this case they will do freely, voluntarily and knowingly. If they do so, this content will be subject to this policy as well as the rules and terms of access and use of the respective social network. The user will be responsible for ensuring that all content they publish complies with current legislation, this policy and the legal notice. The user may only publish personal data, photographs and information or other content that they own or for which they have the authorisation of third parties.<br><\/p>\n\n\n\n<p>Cl\u00ednica Girona shall be entitled to remove from this official page \u2013 unilaterally and without prior notice or authorisation from the user \u2013 any content published by the user that infringes or violates current legislation, the rules established in this policy and\/or those of social networks.<\/p>\n\n\n\n<div style=\"height:15px\" aria-hidden=\"true\" class=\"wp-block-spacer\"><\/div>\n\n\n\n<h2 class=\"wp-block-heading\" style=\"font-size:20px\">5. Identification of recipients to whom data transfers or communications are foreseen.<\/h2>\n\n\n\n<p>Users are hereby warned that all information and content published on the official Cl\u00ednica Girona page on the social network may be seen by other users of the official page and the social networking platform. Consequently, all information and content published by the user on the official Cl\u00ednica Girona page on this social network will be communicated to other users by the very nature of the service.<\/p>\n\n\n\n<p>We only anticipate data transfers or communications that, due to current regulations, we are obliged to make to judges, courts, public administrations, and competent administrative authorities.<\/p>\n\n\n\n<div style=\"height:15px\" aria-hidden=\"true\" class=\"wp-block-spacer\"><\/div>\n\n\n\n<h2 class=\"wp-block-heading\" style=\"font-size:20px\">6. Other third-party service providers.<\/h2>\n\n\n\n<p>Cl\u00ednica Girona warns the user that this entity is solely responsible for and guarantees the confidentiality, security, and processing of data in accordance with this policy, with respect to the personal data it collects from the user through this official page on this social network. It shall not be held responsible for the processing and subsequent use of personal data that may be carried out by the owner of the social network or by third-party information society service providers to which it may gain access by reason of the provision of their services or exercise of their activity, nor by third parties who establish links to the social network, nor by those responsible to whom, through links, it directs users affiliated with this official page.<\/p>\n\n\n\n<div style=\"height:15px\" aria-hidden=\"true\" class=\"wp-block-spacer\"><\/div>\n\n\n\n<h2 class=\"wp-block-heading\" style=\"font-size:20px\">7. Data Quality.<\/h2>\n\n\n\n<p>Cl\u00ednica Girona warns the user that, unless a legally constituted representation exists, no user may use the identity of another person and communicate their personal data. Therefore, the user must always bear in mind that they can only provide personal data corresponding to their own identity and that is adequate, relevant, current, accurate, and truthful. In any case, the user must respect the privacy of third parties, whether they are users of the social network or the official page of Cl\u00ednica Girona or not.<\/p>\n\n\n\n<div style=\"height:15px\" aria-hidden=\"true\" class=\"wp-block-spacer\"><\/div>\n\n\n\n<h2 class=\"wp-block-heading\" style=\"font-size:20px\">8. Exercising of the rights of access, rectification, erasure, and objection to data.<\/h2>\n\n\n\n<p>Users are informed of the possibility to exercise their rights of access, rectification, cancellation, and objection by submitting a written request to Cl\u00ednica Girona, with its registered office at Carretera Barcelona, 206, 17005-Girona, along with a photocopy of their DNI (National Identity Document), to the aforementioned address, or by email to:\u00a0<a href=\"mailto:protecciodades@clinicagirona.cat\"><span style=\"text-decoration: underline;\">protecciodades@clinicagirona.cat<\/span><\/a><br>Rights available to the Interested Party:<br>\u2022 Right to withdraw consent at any time.<br>\u2022 Right of access, rectification, portability and erasure of your data and to restrict or object to its processing.<br>\u2022 Right to lodge a complaint with the Supervisory Authority (www.agpd.es) if you consider that the processing is not in accordance with current regulations.<\/p>\n\n\n\n<div style=\"height:15px\" aria-hidden=\"true\" class=\"wp-block-spacer\"><\/div>\n\n\n\n<h2 class=\"wp-block-heading\" style=\"font-size:20px\">9. Usage standards.<\/h2>\n\n\n\n<ul class=\"wp-block-list\">\n<li>Do not write anything discriminatory, racist, defamatory, obscene, that infringes current regulations, that invites others to do so, or that promotes uncivil behaviour.<\/li>\n\n\n\n<li>Be kind and respectful of others and their opinions.<\/li>\n\n\n\n<li>I respect people's privacy and reputation.<\/li>\n\n\n\n<li>Once is enough; avoid repeating the same message continuously.<\/li>\n\n\n\n<li>The content of the intervention should be related to the matter being discussed.<\/li>\n\n\n\n<li>This way, it facilitates conversation.<\/li>\n<\/ul>\n\n\n\n<div style=\"height:15px\" aria-hidden=\"true\" class=\"wp-block-spacer\"><\/div>\n\n\n\n<h2 class=\"wp-block-heading\" style=\"font-size:20px\">10. Other information of interest.<\/h2>\n\n\n\n<p>Cl\u00ednica Girona may amend and\/or replace this policy at any time with information that, depending on the case, will replace, supplement and\/or amend the information currently published here. Therefore, users should access it periodically to stay updated.<\/p>\n\n\n\n<p>The user can contact us via the internal messaging service of the social network or via the following address and contact details:<br>CL\u00cdNICA GIRONA S.A.<br>Carretera Barcelona, 206, 17005, Girona.<br><a href=\"mailto:protecciodades@clinicagirona.cat\"><span style=\"text-decoration: underline;\">protecciodades@clinicagirona.cat<\/span><\/a><\/p>\n\n\n\n<p>Likewise, the user can consult the rules and policies published by the social network's owner for its use.<\/p>\n\n\n\n<div style=\"height:90px\" aria-hidden=\"true\" class=\"wp-block-spacer\"><\/div>\n\n\n\n<p><\/p>","protected":false},"excerpt":{"rendered":"<p>1. Information about the data controller for data hosted on the official CL\u00cdNICA GIRONA, S.A. website at<\/p>","protected":false},"author":1,"featured_media":0,"parent":0,"menu_order":0,"comment_status":"closed","ping_status":"open","template":"","meta":{"footnotes":""},"class_list":["post-31444","page","type-page","status-publish","hentry"],"yoast_head":"<!-- This site is optimized with the Yoast SEO plugin v27.4 - https:\/\/yoast.com\/product\/yoast-seo-wordpress\/ -->\n<title>Pol\u00edtica de Xarxes Socials - Cl\u00ednica Girona<\/title>\n<meta name=\"robots\" content=\"noindex, follow\" \/>\n<meta property=\"og:locale\" content=\"en_GB\" \/>\n<meta property=\"og:type\" content=\"article\" \/>\n<meta property=\"og:title\" content=\"Pol\u00edtica de Xarxes Socials - Cl\u00ednica Girona\" \/>\n<meta property=\"og:description\" content=\"1. Informaci\u00f3 sobre el responsable del tractament de les dades allotjades en la p\u00e0gina oficial de CL\u00cdNICA GIRONA, S.A.\u00a0a les\" \/>\n<meta property=\"og:url\" content=\"https:\/\/clinicagirona.cat\/en\/social-media-policy\/\" \/>\n<meta property=\"og:site_name\" content=\"Cl\u00ednica Girona\" \/>\n<meta property=\"article:publisher\" content=\"http:\/\/www.facebook.com\/clinicagirona\" \/>\n<meta property=\"article:modified_time\" content=\"2026-03-09T14:05:49+00:00\" \/>\n<meta property=\"og:image\" content=\"https:\/\/clinicagirona.cat\/wp-content\/uploads\/2025\/05\/clinica-girona-frontal-b.jpg\" \/>\n\t<meta property=\"og:image:width\" content=\"900\" \/>\n\t<meta property=\"og:image:height\" content=\"608\" \/>\n\t<meta property=\"og:image:type\" content=\"image\/jpeg\" \/>\n<meta name=\"twitter:card\" content=\"summary_large_image\" \/>\n<meta name=\"twitter:label1\" content=\"Estimated reading time\" \/>\n\t<meta name=\"twitter:data1\" content=\"9 minutes\" \/>\n<script type=\"application\/ld+json\" class=\"yoast-schema-graph\">{\"@context\":\"https:\\\/\\\/schema.org\",\"@graph\":[{\"@type\":\"WebPage\",\"@id\":\"https:\\\/\\\/clinicagirona.cat\\\/politica-de-xarxes-socials\\\/\",\"url\":\"https:\\\/\\\/clinicagirona.cat\\\/politica-de-xarxes-socials\\\/\",\"name\":\"Pol\u00edtica de Xarxes Socials - Cl\u00ednica Girona\",\"isPartOf\":{\"@id\":\"https:\\\/\\\/clinicagirona.cat\\\/#website\"},\"datePublished\":\"2025-05-20T09:37:28+00:00\",\"dateModified\":\"2026-03-09T14:05:49+00:00\",\"breadcrumb\":{\"@id\":\"https:\\\/\\\/clinicagirona.cat\\\/politica-de-xarxes-socials\\\/#breadcrumb\"},\"inLanguage\":\"en-GB\",\"potentialAction\":[{\"@type\":\"ReadAction\",\"target\":[\"https:\\\/\\\/clinicagirona.cat\\\/politica-de-xarxes-socials\\\/\"]}]},{\"@type\":\"BreadcrumbList\",\"@id\":\"https:\\\/\\\/clinicagirona.cat\\\/politica-de-xarxes-socials\\\/#breadcrumb\",\"itemListElement\":[{\"@type\":\"ListItem\",\"position\":1,\"name\":\"Inici\",\"item\":\"https:\\\/\\\/clinicagirona.cat\\\/\"},{\"@type\":\"ListItem\",\"position\":2,\"name\":\"Pol\u00edtica de Xarxes Socials\"}]},{\"@type\":\"WebSite\",\"@id\":\"https:\\\/\\\/clinicagirona.cat\\\/#website\",\"url\":\"https:\\\/\\\/clinicagirona.cat\\\/\",\"name\":\"Cl\u00ednica Girona\",\"description\":\"Cuidem la teva salut, et cuidem a tu\",\"publisher\":{\"@id\":\"https:\\\/\\\/clinicagirona.cat\\\/#organization\"},\"potentialAction\":[{\"@type\":\"SearchAction\",\"target\":{\"@type\":\"EntryPoint\",\"urlTemplate\":\"https:\\\/\\\/clinicagirona.cat\\\/?s={search_term_string}\"},\"query-input\":{\"@type\":\"PropertyValueSpecification\",\"valueRequired\":true,\"valueName\":\"search_term_string\"}}],\"inLanguage\":\"en-GB\"},{\"@type\":\"Organization\",\"@id\":\"https:\\\/\\\/clinicagirona.cat\\\/#organization\",\"name\":\"Cl\u00ednica Girona\",\"url\":\"https:\\\/\\\/clinicagirona.cat\\\/\",\"logo\":{\"@type\":\"ImageObject\",\"inLanguage\":\"en-GB\",\"@id\":\"https:\\\/\\\/clinicagirona.cat\\\/#\\\/schema\\\/logo\\\/image\\\/\",\"url\":\"https:\\\/\\\/clinicagirona.cat\\\/wp-content\\\/uploads\\\/2026\\\/04\\\/clinica-girona-logo-quadrat.jpg\",\"contentUrl\":\"https:\\\/\\\/clinicagirona.cat\\\/wp-content\\\/uploads\\\/2026\\\/04\\\/clinica-girona-logo-quadrat.jpg\",\"width\":1000,\"height\":1000,\"caption\":\"Cl\u00ednica Girona\"},\"image\":{\"@id\":\"https:\\\/\\\/clinicagirona.cat\\\/#\\\/schema\\\/logo\\\/image\\\/\"},\"sameAs\":[\"http:\\\/\\\/www.facebook.com\\\/clinicagirona\",\"https:\\\/\\\/www.instagram.com\\\/clinicagirona\\\/\",\"http:\\\/\\\/www.youtube.com\\\/clinicagirona\",\"http:\\\/\\\/www.linkedin.com\\\/in\\\/clnica-girona-130222b6\\\/\"]}]}<\/script>\n<!-- \/ Yoast SEO plugin. -->","yoast_head_json":{"title":"Social Media Policy - Cl\u00ednica Girona","robots":{"index":"noindex","follow":"follow"},"og_locale":"en_GB","og_type":"article","og_title":"Pol\u00edtica de Xarxes Socials - Cl\u00ednica Girona","og_description":"1. Informaci\u00f3 sobre el responsable del tractament de les dades allotjades en la p\u00e0gina oficial de CL\u00cdNICA GIRONA, S.A.\u00a0a les","og_url":"https:\/\/clinicagirona.cat\/en\/social-media-policy\/","og_site_name":"Cl\u00ednica Girona","article_publisher":"http:\/\/www.facebook.com\/clinicagirona","article_modified_time":"2026-03-09T14:05:49+00:00","og_image":[{"width":900,"height":608,"url":"https:\/\/clinicagirona.cat\/wp-content\/uploads\/2025\/05\/clinica-girona-frontal-b.jpg","type":"image\/jpeg"}],"twitter_card":"summary_large_image","twitter_misc":{"Estimated reading time":"9 minutes"},"schema":{"@context":"https:\/\/schema.org","@graph":[{"@type":"WebPage","@id":"https:\/\/clinicagirona.cat\/politica-de-xarxes-socials\/","url":"https:\/\/clinicagirona.cat\/politica-de-xarxes-socials\/","name":"Social Media Policy - Cl\u00ednica Girona","isPartOf":{"@id":"https:\/\/clinicagirona.cat\/#website"},"datePublished":"2025-05-20T09:37:28+00:00","dateModified":"2026-03-09T14:05:49+00:00","breadcrumb":{"@id":"https:\/\/clinicagirona.cat\/politica-de-xarxes-socials\/#breadcrumb"},"inLanguage":"en-GB","potentialAction":[{"@type":"ReadAction","target":["https:\/\/clinicagirona.cat\/politica-de-xarxes-socials\/"]}]},{"@type":"BreadcrumbList","@id":"https:\/\/clinicagirona.cat\/politica-de-xarxes-socials\/#breadcrumb","itemListElement":[{"@type":"ListItem","position":1,"name":"Inici","item":"https:\/\/clinicagirona.cat\/"},{"@type":"ListItem","position":2,"name":"Pol\u00edtica de Xarxes Socials"}]},{"@type":"WebSite","@id":"https:\/\/clinicagirona.cat\/#website","url":"https:\/\/clinicagirona.cat\/","name":"Cl\u00ednica Girona","description":"We look after your health, we look after you","publisher":{"@id":"https:\/\/clinicagirona.cat\/#organization"},"potentialAction":[{"@type":"SearchAction","target":{"@type":"EntryPoint","urlTemplate":"https:\/\/clinicagirona.cat\/?s={search_term_string}"},"query-input":{"@type":"PropertyValueSpecification","valueRequired":true,"valueName":"search_term_string"}}],"inLanguage":"en-GB"},{"@type":"Organization","@id":"https:\/\/clinicagirona.cat\/#organization","name":"Cl\u00ednica Girona","url":"https:\/\/clinicagirona.cat\/","logo":{"@type":"ImageObject","inLanguage":"en-GB","@id":"https:\/\/clinicagirona.cat\/#\/schema\/logo\/image\/","url":"https:\/\/clinicagirona.cat\/wp-content\/uploads\/2026\/04\/clinica-girona-logo-quadrat.jpg","contentUrl":"https:\/\/clinicagirona.cat\/wp-content\/uploads\/2026\/04\/clinica-girona-logo-quadrat.jpg","width":1000,"height":1000,"caption":"Cl\u00ednica Girona"},"image":{"@id":"https:\/\/clinicagirona.cat\/#\/schema\/logo\/image\/"},"sameAs":["http:\/\/www.facebook.com\/clinicagirona","https:\/\/www.instagram.com\/clinicagirona\/","http:\/\/www.youtube.com\/clinicagirona","http:\/\/www.linkedin.com\/in\/clnica-girona-130222b6\/"]}]}},"_links":{"self":[{"href":"https:\/\/clinicagirona.cat\/en\/wp-json\/wp\/v2\/pages\/31444","targetHints":{"allow":["GET"]}}],"collection":[{"href":"https:\/\/clinicagirona.cat\/en\/wp-json\/wp\/v2\/pages"}],"about":[{"href":"https:\/\/clinicagirona.cat\/en\/wp-json\/wp\/v2\/types\/page"}],"author":[{"embeddable":true,"href":"https:\/\/clinicagirona.cat\/en\/wp-json\/wp\/v2\/users\/1"}],"replies":[{"embeddable":true,"href":"https:\/\/clinicagirona.cat\/en\/wp-json\/wp\/v2\/comments?post=31444"}],"version-history":[{"count":3,"href":"https:\/\/clinicagirona.cat\/en\/wp-json\/wp\/v2\/pages\/31444\/revisions"}],"predecessor-version":[{"id":38588,"href":"https:\/\/clinicagirona.cat\/en\/wp-json\/wp\/v2\/pages\/31444\/revisions\/38588"}],"wp:attachment":[{"href":"https:\/\/clinicagirona.cat\/en\/wp-json\/wp\/v2\/media?parent=31444"}],"curies":[{"name":"wp","href":"https:\/\/api.w.org\/{rel}","templated":true}]}}