{"id":31515,"date":"2025-05-20T13:03:52","date_gmt":"2025-05-20T11:03:52","guid":{"rendered":"https:\/\/clinicagirona.cat\/?page_id=31515"},"modified":"2026-02-18T11:45:07","modified_gmt":"2026-02-18T10:45:07","slug":"socia-media","status":"publish","type":"page","link":"https:\/\/clinicagirona.cat\/en\/xarxes-socials\/","title":{"rendered":"Social Networks"},"content":{"rendered":"<div data-elementor-type=\"wp-page\" data-elementor-id=\"31515\" class=\"elementor elementor-31515\">\n\t\t\t\t<div class=\"wd-negative-gap elementor-element elementor-element-a9232a0 wd-section-stretch-content e-flex e-con-boxed e-con e-parent\" data-id=\"a9232a0\" data-element_type=\"container\" data-e-type=\"container\">\n\t\t\t\t\t<div class=\"e-con-inner\">\n\t\t<div class=\"elementor-element elementor-element-ffe092d e-con-full e-flex e-con e-child\" data-id=\"ffe092d\" data-element_type=\"container\" data-e-type=\"container\" data-settings=\"{&quot;background_background&quot;:&quot;classic&quot;}\">\n\t\t\t\t<\/div>\n\t\t<div class=\"elementor-element elementor-element-3f209f3 e-con-full e-flex e-con e-child\" data-id=\"3f209f3\" data-element_type=\"container\" data-e-type=\"container\">\n\t\t<div class=\"elementor-element elementor-element-3718629 e-con-full e-flex e-con e-child\" data-id=\"3718629\" data-element_type=\"container\" data-e-type=\"container\">\n\t\t\t\t<div class=\"elementor-element elementor-element-c86454b elementor-widget elementor-widget-wd_text_block\" data-id=\"c86454b\" data-element_type=\"widget\" data-e-type=\"widget\" data-widget_type=\"wd_text_block.default\">\n\t\t\t\t<div class=\"elementor-widget-container\">\n\t\t\t\t\t\t\t<div class=\"wd-text-block reset-last-child text-left\">\n\t\t\t\n\t\t\t<p>Cl\u00ednica Girona is a health centre<strong>\u00a0digitised.<\/strong>\u00a0You are present on the internet, with <b>page<\/b>\u00a0<strong>Web<\/strong> since October 1999, being one of the first healthcare centres in the Girona regions to have its own domain and website.<\/p><p>From that first website designed with Word, we've moved to the current one, developed with new technologies and the latest languages. It's a responsive website, adapted to different devices, mobile, tablet, and computer, and following the line of <b>facilitate accessibility for all kinds of users. <\/b>Our website aims to ensure that people with specific needs can enjoy content and services under the same conditions as everyone else.<\/p><p>Fem els\u00a0<span style=\"text-decoration: underline;\"><a href=\"\/en\/accessibility\/\" target=\"_blank\" rel=\"noopener\">accessible communication supports<\/a><\/span>\u00a0to remove barriers, in this way users of the Cl\u00ednica Girona website interact with our organisation and services in an inclusive manner. Since 2012, the Cl\u00ednica Girona Group has also been present in<strong>\u00a0social media, with accounts on Facebook, Instagram, LinkedIn and YouTube.<\/strong><\/p><p>You can consult our here\u00a0<span style=\"text-decoration: underline;\"><a href=\"\/en\/social-media-policy\/\" target=\"_blank\" rel=\"noopener\">Social Media Policy<\/a><\/span>.<\/p>\n\t\t\t\t\t<\/div>\n\t\t\t\t\t\t<\/div>\n\t\t\t\t<\/div>\n\t\t\t\t<div class=\"elementor-element elementor-element-35eb967 elementor-widget elementor-widget-wd_social_buttons\" data-id=\"35eb967\" data-element_type=\"widget\" data-e-type=\"widget\" data-widget_type=\"wd_social_buttons.default\">\n\t\t\t\t<div class=\"elementor-widget-container\">\n\t\t\t\t\t\t\t\t<div id=\"\" class=\"wd-social-icons wd-style-primary wd-size-default social-follow wd-shape-circle color-scheme-dark text-left\">\n\t\t\t\t\n\t\t\t\t\n\t\t\t\t\t\t\t\t\t<a rel=\"noopener noreferrer nofollow\" href=\"http:\/\/www.facebook.com\/clinicagirona\" target=\"_blank\" class=\"wd-social-icon social-facebook\" aria-label=\"Facebook social link\">\n\t\t\t\t\t\t<span class=\"wd-icon\"><\/span>\n\t\t\t\t\t\t\t\t\t\t\t<\/a>\n\t\t\t\t\n\t\t\t\t\n\t\t\t\t\n\t\t\t\t\n\t\t\t\t\t\t\t\t\t<a rel=\"noopener noreferrer nofollow\" href=\"https:\/\/www.instagram.com\/clinicagirona\/\" target=\"_blank\" class=\"wd-social-icon social-instagram\" aria-label=\"Instagram social link\">\n\t\t\t\t\t\t<span class=\"wd-icon\"><\/span>\n\t\t\t\t\t\t\t\t\t\t\t<\/a>\n\t\t\t\t\n\t\t\t\t\n\t\t\t\t\t\t\t\t\t<a rel=\"noopener noreferrer nofollow\" href=\"http:\/\/www.youtube.com\/clinicagirona\" target=\"_blank\" class=\"wd-social-icon social-youtube\" aria-label=\"YouTube social link\">\n\t\t\t\t\t\t<span class=\"wd-icon\"><\/span>\n\t\t\t\t\t\t\t\t\t\t\t<\/a>\n\t\t\t\t\n\t\t\t\t\n\t\t\t\t\n\t\t\t\t\t\t\t\t\t<a rel=\"noopener noreferrer nofollow\" href=\"http:\/\/www.linkedin.com\/in\/clnica-girona-130222b6\/\" target=\"_blank\" class=\"wd-social-icon social-linkedin\" aria-label=\"Linkedin social link\">\n\t\t\t\t\t\t<span class=\"wd-icon\"><\/span>\n\t\t\t\t\t\t\t\t\t\t\t<\/a>\n\t\t\t\t\n\t\t\t\t\n\t\t\t\t\n\t\t\t\t\n\t\t\t\t\n\t\t\t\t\n\t\t\t\t\n\t\t\t\t\n\t\t\t\t\n\t\t\t\t\n\t\t\t\t\n\t\t\t\t\n\t\t\t\t\n\t\t\t\t\n\t\t\t\t\n\t\t\t\t\n\t\t\t\t\n\t\t\t\t\n\t\t\t<\/div>\n\n\t\t\t\t\t\t<\/div>\n\t\t\t\t<\/div>\n\t\t\t\t<\/div>\n\t\t\t\t<\/div>\n\t\t\t\t\t<\/div>\n\t\t\t\t<\/div>\n\t\t\t\t<\/div>","protected":false},"excerpt":{"rendered":"<p>Cl\u00ednica Girona\u00a0\u00e9s un centre de salut\u00a0digitalitzat.\u00a0\u00c9s present a Internet, amb p\u00e0gina\u00a0web des de l\u2019octubre de 1999, sent un dels primers<\/p>","protected":false},"author":1,"featured_media":32937,"parent":0,"menu_order":0,"comment_status":"closed","ping_status":"closed","template":"","meta":{"footnotes":""},"class_list":["post-31515","page","type-page","status-publish","has-post-thumbnail","hentry"],"yoast_head":"<!-- This site is optimized with the Yoast SEO plugin v27.4 - https:\/\/yoast.com\/product\/yoast-seo-wordpress\/ -->\n<title>Xarxes Socials - Cl\u00ednica Girona<\/title>\n<meta name=\"description\" content=\"Segueix Cl\u00ednica Girona a les nostres xarxes socials! Mant\u00e9n-te al dia de les \u00faltimes not\u00edcies de salut, consells m\u00e8dics i informaci\u00f3 rellevant de la nostra cl\u00ednica a Girona.\" \/>\n<meta name=\"robots\" content=\"index, follow, max-snippet:-1, max-image-preview:large, max-video-preview:-1\" \/>\n<link rel=\"canonical\" href=\"https:\/\/clinicagirona.cat\/en\/socia-media\/\" \/>\n<meta property=\"og:locale\" content=\"en_GB\" \/>\n<meta property=\"og:type\" content=\"article\" \/>\n<meta property=\"og:title\" content=\"Xarxes Socials - Cl\u00ednica Girona\" \/>\n<meta property=\"og:description\" content=\"Segueix Cl\u00ednica Girona a les nostres xarxes socials! Mant\u00e9n-te al dia de les \u00faltimes not\u00edcies de salut, consells m\u00e8dics i informaci\u00f3 rellevant de la nostra cl\u00ednica a Girona.\" \/>\n<meta property=\"og:url\" content=\"https:\/\/clinicagirona.cat\/en\/socia-media\/\" \/>\n<meta property=\"og:site_name\" content=\"Cl\u00ednica Girona\" \/>\n<meta property=\"article:publisher\" content=\"http:\/\/www.facebook.com\/clinicagirona\" \/>\n<meta property=\"article:modified_time\" content=\"2026-02-18T10:45:07+00:00\" \/>\n<meta property=\"og:image\" content=\"https:\/\/clinicagirona.cat\/wp-content\/uploads\/2025\/05\/Clinica-girona-banner.jpg\" \/>\n\t<meta property=\"og:image:width\" content=\"900\" \/>\n\t<meta property=\"og:image:height\" content=\"600\" \/>\n\t<meta property=\"og:image:type\" content=\"image\/jpeg\" \/>\n<meta name=\"twitter:card\" content=\"summary_large_image\" \/>\n<meta name=\"twitter:label1\" content=\"Estimated reading time\" \/>\n\t<meta name=\"twitter:data1\" content=\"1 minute\" \/>\n<script type=\"application\/ld+json\" class=\"yoast-schema-graph\">{\"@context\":\"https:\\\/\\\/schema.org\",\"@graph\":[{\"@type\":\"WebPage\",\"@id\":\"https:\\\/\\\/clinicagirona.cat\\\/xarxes-socials\\\/\",\"url\":\"https:\\\/\\\/clinicagirona.cat\\\/xarxes-socials\\\/\",\"name\":\"Xarxes Socials - Cl\u00ednica Girona\",\"isPartOf\":{\"@id\":\"https:\\\/\\\/clinicagirona.cat\\\/#website\"},\"primaryImageOfPage\":{\"@id\":\"https:\\\/\\\/clinicagirona.cat\\\/xarxes-socials\\\/#primaryimage\"},\"image\":{\"@id\":\"https:\\\/\\\/clinicagirona.cat\\\/xarxes-socials\\\/#primaryimage\"},\"thumbnailUrl\":\"https:\\\/\\\/clinicagirona.cat\\\/wp-content\\\/uploads\\\/2025\\\/05\\\/Clinica-girona-banner.jpg\",\"datePublished\":\"2025-05-20T11:03:52+00:00\",\"dateModified\":\"2026-02-18T10:45:07+00:00\",\"description\":\"Segueix Cl\u00ednica Girona a les nostres xarxes socials! Mant\u00e9n-te al dia de les \u00faltimes not\u00edcies de salut, consells m\u00e8dics i informaci\u00f3 rellevant de la nostra cl\u00ednica a Girona.\",\"breadcrumb\":{\"@id\":\"https:\\\/\\\/clinicagirona.cat\\\/xarxes-socials\\\/#breadcrumb\"},\"inLanguage\":\"en-GB\",\"potentialAction\":[{\"@type\":\"ReadAction\",\"target\":[\"https:\\\/\\\/clinicagirona.cat\\\/xarxes-socials\\\/\"]}]},{\"@type\":\"ImageObject\",\"inLanguage\":\"en-GB\",\"@id\":\"https:\\\/\\\/clinicagirona.cat\\\/xarxes-socials\\\/#primaryimage\",\"url\":\"https:\\\/\\\/clinicagirona.cat\\\/wp-content\\\/uploads\\\/2025\\\/05\\\/Clinica-girona-banner.jpg\",\"contentUrl\":\"https:\\\/\\\/clinicagirona.cat\\\/wp-content\\\/uploads\\\/2025\\\/05\\\/Clinica-girona-banner.jpg\",\"width\":900,\"height\":600,\"caption\":\"Edifici Cl\u00ednica Girona\"},{\"@type\":\"BreadcrumbList\",\"@id\":\"https:\\\/\\\/clinicagirona.cat\\\/xarxes-socials\\\/#breadcrumb\",\"itemListElement\":[{\"@type\":\"ListItem\",\"position\":1,\"name\":\"Inici\",\"item\":\"https:\\\/\\\/clinicagirona.cat\\\/\"},{\"@type\":\"ListItem\",\"position\":2,\"name\":\"Xarxes Socials\"}]},{\"@type\":\"WebSite\",\"@id\":\"https:\\\/\\\/clinicagirona.cat\\\/#website\",\"url\":\"https:\\\/\\\/clinicagirona.cat\\\/\",\"name\":\"Cl\u00ednica Girona\",\"description\":\"Cuidem la teva salut, et cuidem a tu\",\"publisher\":{\"@id\":\"https:\\\/\\\/clinicagirona.cat\\\/#organization\"},\"potentialAction\":[{\"@type\":\"SearchAction\",\"target\":{\"@type\":\"EntryPoint\",\"urlTemplate\":\"https:\\\/\\\/clinicagirona.cat\\\/?s={search_term_string}\"},\"query-input\":{\"@type\":\"PropertyValueSpecification\",\"valueRequired\":true,\"valueName\":\"search_term_string\"}}],\"inLanguage\":\"en-GB\"},{\"@type\":\"Organization\",\"@id\":\"https:\\\/\\\/clinicagirona.cat\\\/#organization\",\"name\":\"Cl\u00ednica Girona\",\"url\":\"https:\\\/\\\/clinicagirona.cat\\\/\",\"logo\":{\"@type\":\"ImageObject\",\"inLanguage\":\"en-GB\",\"@id\":\"https:\\\/\\\/clinicagirona.cat\\\/#\\\/schema\\\/logo\\\/image\\\/\",\"url\":\"https:\\\/\\\/clinicagirona.cat\\\/wp-content\\\/uploads\\\/2026\\\/04\\\/clinica-girona-logo-quadrat.jpg\",\"contentUrl\":\"https:\\\/\\\/clinicagirona.cat\\\/wp-content\\\/uploads\\\/2026\\\/04\\\/clinica-girona-logo-quadrat.jpg\",\"width\":1000,\"height\":1000,\"caption\":\"Cl\u00ednica Girona\"},\"image\":{\"@id\":\"https:\\\/\\\/clinicagirona.cat\\\/#\\\/schema\\\/logo\\\/image\\\/\"},\"sameAs\":[\"http:\\\/\\\/www.facebook.com\\\/clinicagirona\",\"https:\\\/\\\/www.instagram.com\\\/clinicagirona\\\/\",\"http:\\\/\\\/www.youtube.com\\\/clinicagirona\",\"http:\\\/\\\/www.linkedin.com\\\/in\\\/clnica-girona-130222b6\\\/\"]}]}<\/script>\n<!-- \/ Yoast SEO plugin. -->","yoast_head_json":{"title":"Social Networks - Cl\u00ednica Girona","description":"Follow Cl\u00ednica Girona on our social networks! Stay up-to-date with the latest health news, medical advice, and relevant information from our clinic in Girona.","robots":{"index":"index","follow":"follow","max-snippet":"max-snippet:-1","max-image-preview":"max-image-preview:large","max-video-preview":"max-video-preview:-1"},"canonical":"https:\/\/clinicagirona.cat\/en\/socia-media\/","og_locale":"en_GB","og_type":"article","og_title":"Xarxes Socials - Cl\u00ednica Girona","og_description":"Segueix Cl\u00ednica Girona a les nostres xarxes socials! Mant\u00e9n-te al dia de les \u00faltimes not\u00edcies de salut, consells m\u00e8dics i informaci\u00f3 rellevant de la nostra cl\u00ednica a Girona.","og_url":"https:\/\/clinicagirona.cat\/en\/socia-media\/","og_site_name":"Cl\u00ednica Girona","article_publisher":"http:\/\/www.facebook.com\/clinicagirona","article_modified_time":"2026-02-18T10:45:07+00:00","og_image":[{"width":900,"height":600,"url":"https:\/\/clinicagirona.cat\/wp-content\/uploads\/2025\/05\/Clinica-girona-banner.jpg","type":"image\/jpeg"}],"twitter_card":"summary_large_image","twitter_misc":{"Estimated reading time":"1 minute"},"schema":{"@context":"https:\/\/schema.org","@graph":[{"@type":"WebPage","@id":"https:\/\/clinicagirona.cat\/xarxes-socials\/","url":"https:\/\/clinicagirona.cat\/xarxes-socials\/","name":"Social Networks - Cl\u00ednica Girona","isPartOf":{"@id":"https:\/\/clinicagirona.cat\/#website"},"primaryImageOfPage":{"@id":"https:\/\/clinicagirona.cat\/xarxes-socials\/#primaryimage"},"image":{"@id":"https:\/\/clinicagirona.cat\/xarxes-socials\/#primaryimage"},"thumbnailUrl":"https:\/\/clinicagirona.cat\/wp-content\/uploads\/2025\/05\/Clinica-girona-banner.jpg","datePublished":"2025-05-20T11:03:52+00:00","dateModified":"2026-02-18T10:45:07+00:00","description":"Follow Cl\u00ednica Girona on our social networks! Stay up-to-date with the latest health news, medical advice, and relevant information from our clinic in Girona.","breadcrumb":{"@id":"https:\/\/clinicagirona.cat\/xarxes-socials\/#breadcrumb"},"inLanguage":"en-GB","potentialAction":[{"@type":"ReadAction","target":["https:\/\/clinicagirona.cat\/xarxes-socials\/"]}]},{"@type":"ImageObject","inLanguage":"en-GB","@id":"https:\/\/clinicagirona.cat\/xarxes-socials\/#primaryimage","url":"https:\/\/clinicagirona.cat\/wp-content\/uploads\/2025\/05\/Clinica-girona-banner.jpg","contentUrl":"https:\/\/clinicagirona.cat\/wp-content\/uploads\/2025\/05\/Clinica-girona-banner.jpg","width":900,"height":600,"caption":"Edifici Cl\u00ednica Girona"},{"@type":"BreadcrumbList","@id":"https:\/\/clinicagirona.cat\/xarxes-socials\/#breadcrumb","itemListElement":[{"@type":"ListItem","position":1,"name":"Inici","item":"https:\/\/clinicagirona.cat\/"},{"@type":"ListItem","position":2,"name":"Xarxes Socials"}]},{"@type":"WebSite","@id":"https:\/\/clinicagirona.cat\/#website","url":"https:\/\/clinicagirona.cat\/","name":"Cl\u00ednica Girona","description":"We look after your health, we look after you","publisher":{"@id":"https:\/\/clinicagirona.cat\/#organization"},"potentialAction":[{"@type":"SearchAction","target":{"@type":"EntryPoint","urlTemplate":"https:\/\/clinicagirona.cat\/?s={search_term_string}"},"query-input":{"@type":"PropertyValueSpecification","valueRequired":true,"valueName":"search_term_string"}}],"inLanguage":"en-GB"},{"@type":"Organization","@id":"https:\/\/clinicagirona.cat\/#organization","name":"Cl\u00ednica Girona","url":"https:\/\/clinicagirona.cat\/","logo":{"@type":"ImageObject","inLanguage":"en-GB","@id":"https:\/\/clinicagirona.cat\/#\/schema\/logo\/image\/","url":"https:\/\/clinicagirona.cat\/wp-content\/uploads\/2026\/04\/clinica-girona-logo-quadrat.jpg","contentUrl":"https:\/\/clinicagirona.cat\/wp-content\/uploads\/2026\/04\/clinica-girona-logo-quadrat.jpg","width":1000,"height":1000,"caption":"Cl\u00ednica Girona"},"image":{"@id":"https:\/\/clinicagirona.cat\/#\/schema\/logo\/image\/"},"sameAs":["http:\/\/www.facebook.com\/clinicagirona","https:\/\/www.instagram.com\/clinicagirona\/","http:\/\/www.youtube.com\/clinicagirona","http:\/\/www.linkedin.com\/in\/clnica-girona-130222b6\/"]}]}},"_links":{"self":[{"href":"https:\/\/clinicagirona.cat\/en\/wp-json\/wp\/v2\/pages\/31515","targetHints":{"allow":["GET"]}}],"collection":[{"href":"https:\/\/clinicagirona.cat\/en\/wp-json\/wp\/v2\/pages"}],"about":[{"href":"https:\/\/clinicagirona.cat\/en\/wp-json\/wp\/v2\/types\/page"}],"author":[{"embeddable":true,"href":"https:\/\/clinicagirona.cat\/en\/wp-json\/wp\/v2\/users\/1"}],"replies":[{"embeddable":true,"href":"https:\/\/clinicagirona.cat\/en\/wp-json\/wp\/v2\/comments?post=31515"}],"version-history":[{"count":16,"href":"https:\/\/clinicagirona.cat\/en\/wp-json\/wp\/v2\/pages\/31515\/revisions"}],"predecessor-version":[{"id":37189,"href":"https:\/\/clinicagirona.cat\/en\/wp-json\/wp\/v2\/pages\/31515\/revisions\/37189"}],"wp:featuredmedia":[{"embeddable":true,"href":"https:\/\/clinicagirona.cat\/en\/wp-json\/wp\/v2\/media\/32937"}],"wp:attachment":[{"href":"https:\/\/clinicagirona.cat\/en\/wp-json\/wp\/v2\/media?parent=31515"}],"curies":[{"name":"wp","href":"https:\/\/api.w.org\/{rel}","templated":true}]}}