{"id":32216,"date":"2025-05-22T14:41:43","date_gmt":"2025-05-22T12:41:43","guid":{"rendered":"https:\/\/clinicagirona.cat\/?page_id=32216"},"modified":"2026-03-10T16:50:27","modified_gmt":"2026-03-10T15:50:27","slug":"anesthesiology","status":"publish","type":"page","link":"https:\/\/clinicagirona.cat\/en\/especialitats\/anestesiologia\/","title":{"rendered":"Anaesthesiology"},"content":{"rendered":"<div data-elementor-type=\"wp-page\" data-elementor-id=\"32216\" class=\"elementor elementor-32216\">\n\t\t\t\t<div class=\"wd-negative-gap elementor-element elementor-element-87be594 e-flex e-con-boxed e-con e-parent\" data-id=\"87be594\" data-element_type=\"container\" data-e-type=\"container\">\n\t\t\t\t\t<div class=\"e-con-inner\">\n\t\t\t\t<div class=\"elementor-element elementor-element-ae42b2d wd-width-100 elementor-widget elementor-widget-wd_title\" data-id=\"ae42b2d\" data-element_type=\"widget\" data-e-type=\"widget\" data-widget_type=\"wd_title.default\">\n\t\t\t\t<div class=\"elementor-widget-container\">\n\t\t\t\t\t\t\t<div class=\"title-wrapper wd-set-mb reset-last-child wd-title-color-default wd-title-style-default wd-title-size-medium text-left\">\n\n\t\t\t\n\t\t\t<div class=\"liner-continer\">\n\t\t\t\t<h2 class=\"woodmart-title-container title wd-fontsize-xl\">Anaesthesiology Department at Cl\u00ednica Girona: Your safety, our commitment<\/h2> \n\t\t\t\t\t\t\t<\/div>\n\n\t\t\t\t\t<\/div>\n\t\t\t\t\t\t<\/div>\n\t\t\t\t<\/div>\n\t\t\t\t\t<\/div>\n\t\t\t\t<\/div>\n\t\t<div class=\"wd-negative-gap elementor-element elementor-element-8f5137f e-flex e-con-boxed e-con e-parent\" data-id=\"8f5137f\" data-element_type=\"container\" data-e-type=\"container\">\n\t\t\t\t\t<div class=\"e-con-inner\">\n\t\t<div class=\"elementor-element elementor-element-34fc82e e-con-full e-flex e-con e-child\" data-id=\"34fc82e\" data-element_type=\"container\" data-e-type=\"container\">\n\t\t\t\t<div class=\"elementor-element elementor-element-89ed527 color-scheme-inherit text-left elementor-widget elementor-widget-text-editor\" data-id=\"89ed527\" data-element_type=\"widget\" data-e-type=\"widget\" data-widget_type=\"text-editor.default\">\n\t\t\t\t<div class=\"elementor-widget-container\">\n\t\t\t\t\t\t\t\t\t<p>At the Anaesthesiology and Resuscitation Service of Cl\u00ednica Girona, we are responsible for guaranteeing your <strong>Safety, comfort and well-being<\/strong> Before, during, and after any surgical, diagnostic, or therapeutic procedure requiring anaesthesia. Our highly qualified staff works with the most advanced technology and rigorous protocols to offer you personalised care of the highest standard.<\/p>\t\t\t\t\t\t\t\t<\/div>\n\t\t\t\t<\/div>\n\t\t\t\t<div class=\"elementor-element elementor-element-50dab5d color-scheme-inherit text-left elementor-widget elementor-widget-text-editor\" data-id=\"50dab5d\" data-element_type=\"widget\" data-e-type=\"widget\" data-widget_type=\"text-editor.default\">\n\t\t\t\t<div class=\"elementor-widget-container\">\n\t\t\t\t\t\t\t\t\t<p>We understand that the idea of anaesthesia or a procedure can cause nervousness. That's why our commitment is to offer you <strong>Clear information<\/strong>, resolve all their doubts and ensure their process is as safe and comfortable as possible, with exhaustive pain control at all times.<\/p>\t\t\t\t\t\t\t\t<\/div>\n\t\t\t\t<\/div>\n\t\t\t\t<\/div>\n\t\t\t\t\t<\/div>\n\t\t\t\t<\/div>\n\t\t<div class=\"wd-negative-gap elementor-element elementor-element-35dcf07 e-flex e-con-boxed e-con e-parent\" data-id=\"35dcf07\" data-element_type=\"container\" data-e-type=\"container\">\n\t\t\t\t\t<div class=\"e-con-inner\">\n\t\t\t\t<div class=\"elementor-element elementor-element-2d2e9c4 elementor-widget elementor-widget-n-accordion\" data-id=\"2d2e9c4\" data-element_type=\"widget\" data-e-type=\"widget\" data-settings=\"{&quot;default_state&quot;:&quot;all_collapsed&quot;,&quot;max_items_expended&quot;:&quot;one&quot;,&quot;n_accordion_animation_duration&quot;:{&quot;unit&quot;:&quot;ms&quot;,&quot;size&quot;:400,&quot;sizes&quot;:[]}}\" data-widget_type=\"nested-accordion.default\">\n\t\t\t\t<div class=\"elementor-widget-container\">\n\t\t\t\t\t\t\t<div class=\"e-n-accordion\" aria-label=\"Accordion. Open links with Enter or Space, close with Escape, and navigate with Arrow Keys\">\n\t\t\t\t\t\t<details id=\"e-n-accordion-item-4730\" class=\"e-n-accordion-item\" >\n\t\t\t\t<summary class=\"e-n-accordion-item-title\" data-accordion-index=\"1\" tabindex=\"0\" aria-expanded=\"false\" aria-controls=\"e-n-accordion-item-4730\" >\n\t\t\t\t\t<span class='e-n-accordion-item-title-header'><div class=\"e-n-accordion-item-title-text\"> Services <\/div><\/span>\n\t\t\t\t\t\t\t<span class='e-n-accordion-item-title-icon'>\n\t\t\t<span class='e-opened' ><svg aria-hidden=\"true\" class=\"e-font-icon-svg e-fas-minus\" viewbox=\"0 0 448 512\" xmlns=\"http:\/\/www.w3.org\/2000\/svg\"><path d=\"M416 208H32c-17.67 0-32 14.33-32 32v32c0 17.67 14.33 32 32 32h384c17.67 0 32-14.33 32-32v-32c0-17.67-14.33-32-32-32z\"><\/path><\/svg><\/span>\n\t\t\t<span class='e-closed'><svg aria-hidden=\"true\" class=\"e-font-icon-svg e-fas-plus\" viewbox=\"0 0 448 512\" xmlns=\"http:\/\/www.w3.org\/2000\/svg\"><path d=\"M416 208H272V64c0-17.67-14.33-32-32-32h-32c-17.67 0-32 14.33-32 32v144H32c-17.67 0-32 14.33-32 32v32c0 17.67 14.33 32 32 32h144v144c0 17.67 14.33 32 32 32h32c17.67 0 32-14.33 32-32V304h144c17.67 0 32-14.33 32-32v-32c0-17.67-14.33-32-32-32z\"><\/path><\/svg><\/span>\n\t\t<\/span>\n\n\t\t\t\t\t\t<\/summary>\n\t\t\t\t<div role=\"region\" aria-labelledby=\"e-n-accordion-item-4730\" class=\"elementor-element elementor-element-298ea66 e-con-full e-flex e-con e-child\" data-id=\"298ea66\" data-element_type=\"container\" data-e-type=\"container\" data-settings=\"{&quot;background_background&quot;:&quot;classic&quot;}\">\n\t\t\t\t<div class=\"elementor-element elementor-element-f0c06de elementor-widget elementor-widget-wd_text_block\" data-id=\"f0c06de\" data-element_type=\"widget\" data-e-type=\"widget\" data-widget_type=\"wd_text_block.default\">\n\t\t\t\t<div class=\"elementor-widget-container\">\n\t\t\t\t\t\t\t<div class=\"wd-text-block reset-last-child text-left color-primary\">\n\t\t\t\n\t\t\t<ul><li data-sourcepos=\"19:1-19:268\"><strong>Pre-operative assessment (Pre-anaesthesia assessment):<\/strong> We will conduct a thorough review of your medical history, medication, and health status to select the safest and most suitable type of anaesthesia for you, explaining the procedure and addressing all your concerns.<\/li><li data-sourcepos=\"20:1-20:136\"><strong>General anaesthesia<\/strong> Procedure by which a controlled state of unconsciousness is induced so that pain is not felt and the intervention is not remembered.<\/li><li data-sourcepos=\"21:1-21:261\"><strong>Regional (locoregional) anaesthesia:<\/strong> Selective blocking of sensation and movement in a specific part of the body (e.g., epidural or spinal anaesthesia, peripheral nerve blocks), allowing the patient to be awake or lightly sedated.<\/li><li data-sourcepos=\"22:1-22:145\"><strong>Conscious sedation<\/strong> Administration of medication to induce a state of relaxation and light sleep, while maintaining the ability to respond to stimuli.<\/li><li data-sourcepos=\"23:1-23:245\"><strong>Advanced intraoperative monitoring<\/strong> Continuous and exhaustive monitoring of all vital signs (heart rate, blood pressure, oxygen saturation, brain activity, etc.) during surgery to detect and manage any changes.<\/li><li data-sourcepos=\"24:1-24:199\"><strong>Postoperative pain management:<\/strong> Active pain management once surgery is completed using various techniques and medications to ensure your maximum comfort during recovery.<\/li><li data-sourcepos=\"25:1-25:184\"><strong>Advanced life support and resuscitation<\/strong> Our staff are highly trained in managing critical situations and cardiopulmonary resuscitation at any time.<\/li><li data-sourcepos=\"27:1-28:0\"><strong>Attention in urgent and emergency situations:<\/strong> Our team is available for the management of critically ill patients in the Emergency Department and the Intensive Care Unit.<\/li><\/ul>\n\t\t\t\t\t<\/div>\n\t\t\t\t\t\t<\/div>\n\t\t\t\t<\/div>\n\t\t\t\t<\/div>\n\t\t\t\t\t<\/details>\n\t\t\t\t\t<\/div>\n\t\t\t\t\t\t<\/div>\n\t\t\t\t<\/div>\n\t\t\t\t\t<\/div>\n\t\t\t\t<\/div>\n\t\t\t\t<\/div>","protected":false},"excerpt":{"rendered":"<p>Servei d&#8217;Anestesiologia de Cl\u00ednica Girona: La seva seguretat, el nostre comprom\u00eds Al Servei d&#8217;Anestesiologia i Reanimaci\u00f3 de Cl\u00ednica Girona ens<\/p>","protected":false},"author":1,"featured_media":32212,"parent":28790,"menu_order":0,"comment_status":"closed","ping_status":"closed","template":"","meta":{"footnotes":""},"class_list":["post-32216","page","type-page","status-publish","has-post-thumbnail","hentry"],"yoast_head":"<!-- This site is optimized with the Yoast SEO plugin v27.4 - https:\/\/yoast.com\/product\/yoast-seo-wordpress\/ -->\n<title>Anestesiologia - Cl\u00ednica Girona - Especialitats<\/title>\n<meta name=\"description\" content=\"Especialistes encarregats de garantir la teva seguretat, confort i benestar abans, durant i despr\u00e9s de qualsevol procediment quir\u00fargic, diagn\u00f2stic o terap\u00e8utic que requereixi anest\u00e8sia.\" \/>\n<meta name=\"robots\" content=\"index, follow, max-snippet:-1, max-image-preview:large, max-video-preview:-1\" \/>\n<link rel=\"canonical\" href=\"https:\/\/clinicagirona.cat\/en\/specialities\/anesthesiology\/\" \/>\n<meta property=\"og:locale\" content=\"en_GB\" \/>\n<meta property=\"og:type\" content=\"article\" \/>\n<meta property=\"og:title\" content=\"Anestesiologia - Cl\u00ednica Girona - Especialitats\" \/>\n<meta property=\"og:description\" content=\"Especialistes encarregats de garantir la teva seguretat, confort i benestar abans, durant i despr\u00e9s de qualsevol procediment quir\u00fargic, diagn\u00f2stic o terap\u00e8utic que requereixi anest\u00e8sia.\" \/>\n<meta property=\"og:url\" content=\"https:\/\/clinicagirona.cat\/en\/specialities\/anesthesiology\/\" \/>\n<meta property=\"og:site_name\" content=\"Cl\u00ednica Girona\" \/>\n<meta property=\"article:publisher\" content=\"http:\/\/www.facebook.com\/clinicagirona\" \/>\n<meta property=\"article:modified_time\" content=\"2026-03-10T15:50:27+00:00\" \/>\n<meta property=\"og:image\" content=\"https:\/\/clinicagirona.cat\/wp-content\/uploads\/2025\/05\/Anestesiologia-banner-.jpg\" \/>\n\t<meta property=\"og:image:width\" content=\"900\" \/>\n\t<meta property=\"og:image:height\" content=\"600\" \/>\n\t<meta property=\"og:image:type\" content=\"image\/jpeg\" \/>\n<meta name=\"twitter:card\" content=\"summary_large_image\" \/>\n<meta name=\"twitter:label1\" content=\"Estimated reading time\" \/>\n\t<meta name=\"twitter:data1\" content=\"4 minutes\" \/>\n<script type=\"application\/ld+json\" class=\"yoast-schema-graph\">{\"@context\":\"https:\\\/\\\/schema.org\",\"@graph\":[{\"@type\":\"WebPage\",\"@id\":\"https:\\\/\\\/clinicagirona.cat\\\/especialitats\\\/anestesiologia\\\/\",\"url\":\"https:\\\/\\\/clinicagirona.cat\\\/especialitats\\\/anestesiologia\\\/\",\"name\":\"Anestesiologia - Cl\u00ednica Girona - Especialitats\",\"isPartOf\":{\"@id\":\"https:\\\/\\\/clinicagirona.cat\\\/#website\"},\"primaryImageOfPage\":{\"@id\":\"https:\\\/\\\/clinicagirona.cat\\\/especialitats\\\/anestesiologia\\\/#primaryimage\"},\"image\":{\"@id\":\"https:\\\/\\\/clinicagirona.cat\\\/especialitats\\\/anestesiologia\\\/#primaryimage\"},\"thumbnailUrl\":\"https:\\\/\\\/clinicagirona.cat\\\/wp-content\\\/uploads\\\/2025\\\/05\\\/Anestesiologia-banner-.jpg\",\"datePublished\":\"2025-05-22T12:41:43+00:00\",\"dateModified\":\"2026-03-10T15:50:27+00:00\",\"description\":\"Especialistes encarregats de garantir la teva seguretat, confort i benestar abans, durant i despr\u00e9s de qualsevol procediment quir\u00fargic, diagn\u00f2stic o terap\u00e8utic que requereixi anest\u00e8sia.\",\"breadcrumb\":{\"@id\":\"https:\\\/\\\/clinicagirona.cat\\\/especialitats\\\/anestesiologia\\\/#breadcrumb\"},\"inLanguage\":\"en-GB\",\"potentialAction\":[{\"@type\":\"ReadAction\",\"target\":[\"https:\\\/\\\/clinicagirona.cat\\\/especialitats\\\/anestesiologia\\\/\"]}]},{\"@type\":\"ImageObject\",\"inLanguage\":\"en-GB\",\"@id\":\"https:\\\/\\\/clinicagirona.cat\\\/especialitats\\\/anestesiologia\\\/#primaryimage\",\"url\":\"https:\\\/\\\/clinicagirona.cat\\\/wp-content\\\/uploads\\\/2025\\\/05\\\/Anestesiologia-banner-.jpg\",\"contentUrl\":\"https:\\\/\\\/clinicagirona.cat\\\/wp-content\\\/uploads\\\/2025\\\/05\\\/Anestesiologia-banner-.jpg\",\"width\":900,\"height\":600,\"caption\":\"Persona rebent anest\u00e8sia oral\"},{\"@type\":\"BreadcrumbList\",\"@id\":\"https:\\\/\\\/clinicagirona.cat\\\/especialitats\\\/anestesiologia\\\/#breadcrumb\",\"itemListElement\":[{\"@type\":\"ListItem\",\"position\":1,\"name\":\"Inici\",\"item\":\"https:\\\/\\\/clinicagirona.cat\\\/\"},{\"@type\":\"ListItem\",\"position\":2,\"name\":\"Especialitats\",\"item\":\"https:\\\/\\\/clinicagirona.cat\\\/especialitats\\\/\"},{\"@type\":\"ListItem\",\"position\":3,\"name\":\"Anestesiologia\"}]},{\"@type\":\"WebSite\",\"@id\":\"https:\\\/\\\/clinicagirona.cat\\\/#website\",\"url\":\"https:\\\/\\\/clinicagirona.cat\\\/\",\"name\":\"Cl\u00ednica Girona\",\"description\":\"Cuidem la teva salut, et cuidem a tu\",\"publisher\":{\"@id\":\"https:\\\/\\\/clinicagirona.cat\\\/#organization\"},\"potentialAction\":[{\"@type\":\"SearchAction\",\"target\":{\"@type\":\"EntryPoint\",\"urlTemplate\":\"https:\\\/\\\/clinicagirona.cat\\\/?s={search_term_string}\"},\"query-input\":{\"@type\":\"PropertyValueSpecification\",\"valueRequired\":true,\"valueName\":\"search_term_string\"}}],\"inLanguage\":\"en-GB\"},{\"@type\":\"Organization\",\"@id\":\"https:\\\/\\\/clinicagirona.cat\\\/#organization\",\"name\":\"Cl\u00ednica Girona\",\"url\":\"https:\\\/\\\/clinicagirona.cat\\\/\",\"logo\":{\"@type\":\"ImageObject\",\"inLanguage\":\"en-GB\",\"@id\":\"https:\\\/\\\/clinicagirona.cat\\\/#\\\/schema\\\/logo\\\/image\\\/\",\"url\":\"https:\\\/\\\/clinicagirona.cat\\\/wp-content\\\/uploads\\\/2026\\\/04\\\/clinica-girona-logo-quadrat.jpg\",\"contentUrl\":\"https:\\\/\\\/clinicagirona.cat\\\/wp-content\\\/uploads\\\/2026\\\/04\\\/clinica-girona-logo-quadrat.jpg\",\"width\":1000,\"height\":1000,\"caption\":\"Cl\u00ednica Girona\"},\"image\":{\"@id\":\"https:\\\/\\\/clinicagirona.cat\\\/#\\\/schema\\\/logo\\\/image\\\/\"},\"sameAs\":[\"http:\\\/\\\/www.facebook.com\\\/clinicagirona\",\"https:\\\/\\\/www.instagram.com\\\/clinicagirona\\\/\",\"http:\\\/\\\/www.youtube.com\\\/clinicagirona\",\"http:\\\/\\\/www.linkedin.com\\\/in\\\/clnica-girona-130222b6\\\/\"]}]}<\/script>\n<!-- \/ Yoast SEO plugin. -->","yoast_head_json":{"title":"Anaesthesiology - Cl\u00ednica Girona - Specialities","description":"Specialists tasked with ensuring your safety, comfort, and well-being before, during, and after any surgical, diagnostic, or therapeutic procedure requiring anaesthesia.","robots":{"index":"index","follow":"follow","max-snippet":"max-snippet:-1","max-image-preview":"max-image-preview:large","max-video-preview":"max-video-preview:-1"},"canonical":"https:\/\/clinicagirona.cat\/en\/specialities\/anesthesiology\/","og_locale":"en_GB","og_type":"article","og_title":"Anestesiologia - Cl\u00ednica Girona - Especialitats","og_description":"Especialistes encarregats de garantir la teva seguretat, confort i benestar abans, durant i despr\u00e9s de qualsevol procediment quir\u00fargic, diagn\u00f2stic o terap\u00e8utic que requereixi anest\u00e8sia.","og_url":"https:\/\/clinicagirona.cat\/en\/specialities\/anesthesiology\/","og_site_name":"Cl\u00ednica Girona","article_publisher":"http:\/\/www.facebook.com\/clinicagirona","article_modified_time":"2026-03-10T15:50:27+00:00","og_image":[{"width":900,"height":600,"url":"https:\/\/clinicagirona.cat\/wp-content\/uploads\/2025\/05\/Anestesiologia-banner-.jpg","type":"image\/jpeg"}],"twitter_card":"summary_large_image","twitter_misc":{"Estimated reading time":"4 minutes"},"schema":{"@context":"https:\/\/schema.org","@graph":[{"@type":"WebPage","@id":"https:\/\/clinicagirona.cat\/especialitats\/anestesiologia\/","url":"https:\/\/clinicagirona.cat\/especialitats\/anestesiologia\/","name":"Anaesthesiology - Cl\u00ednica Girona - Specialities","isPartOf":{"@id":"https:\/\/clinicagirona.cat\/#website"},"primaryImageOfPage":{"@id":"https:\/\/clinicagirona.cat\/especialitats\/anestesiologia\/#primaryimage"},"image":{"@id":"https:\/\/clinicagirona.cat\/especialitats\/anestesiologia\/#primaryimage"},"thumbnailUrl":"https:\/\/clinicagirona.cat\/wp-content\/uploads\/2025\/05\/Anestesiologia-banner-.jpg","datePublished":"2025-05-22T12:41:43+00:00","dateModified":"2026-03-10T15:50:27+00:00","description":"Specialists tasked with ensuring your safety, comfort, and well-being before, during, and after any surgical, diagnostic, or therapeutic procedure requiring anaesthesia.","breadcrumb":{"@id":"https:\/\/clinicagirona.cat\/especialitats\/anestesiologia\/#breadcrumb"},"inLanguage":"en-GB","potentialAction":[{"@type":"ReadAction","target":["https:\/\/clinicagirona.cat\/especialitats\/anestesiologia\/"]}]},{"@type":"ImageObject","inLanguage":"en-GB","@id":"https:\/\/clinicagirona.cat\/especialitats\/anestesiologia\/#primaryimage","url":"https:\/\/clinicagirona.cat\/wp-content\/uploads\/2025\/05\/Anestesiologia-banner-.jpg","contentUrl":"https:\/\/clinicagirona.cat\/wp-content\/uploads\/2025\/05\/Anestesiologia-banner-.jpg","width":900,"height":600,"caption":"Persona rebent anest\u00e8sia oral"},{"@type":"BreadcrumbList","@id":"https:\/\/clinicagirona.cat\/especialitats\/anestesiologia\/#breadcrumb","itemListElement":[{"@type":"ListItem","position":1,"name":"Inici","item":"https:\/\/clinicagirona.cat\/"},{"@type":"ListItem","position":2,"name":"Especialitats","item":"https:\/\/clinicagirona.cat\/especialitats\/"},{"@type":"ListItem","position":3,"name":"Anestesiologia"}]},{"@type":"WebSite","@id":"https:\/\/clinicagirona.cat\/#website","url":"https:\/\/clinicagirona.cat\/","name":"Cl\u00ednica Girona","description":"We look after your health, we look after you","publisher":{"@id":"https:\/\/clinicagirona.cat\/#organization"},"potentialAction":[{"@type":"SearchAction","target":{"@type":"EntryPoint","urlTemplate":"https:\/\/clinicagirona.cat\/?s={search_term_string}"},"query-input":{"@type":"PropertyValueSpecification","valueRequired":true,"valueName":"search_term_string"}}],"inLanguage":"en-GB"},{"@type":"Organization","@id":"https:\/\/clinicagirona.cat\/#organization","name":"Cl\u00ednica Girona","url":"https:\/\/clinicagirona.cat\/","logo":{"@type":"ImageObject","inLanguage":"en-GB","@id":"https:\/\/clinicagirona.cat\/#\/schema\/logo\/image\/","url":"https:\/\/clinicagirona.cat\/wp-content\/uploads\/2026\/04\/clinica-girona-logo-quadrat.jpg","contentUrl":"https:\/\/clinicagirona.cat\/wp-content\/uploads\/2026\/04\/clinica-girona-logo-quadrat.jpg","width":1000,"height":1000,"caption":"Cl\u00ednica Girona"},"image":{"@id":"https:\/\/clinicagirona.cat\/#\/schema\/logo\/image\/"},"sameAs":["http:\/\/www.facebook.com\/clinicagirona","https:\/\/www.instagram.com\/clinicagirona\/","http:\/\/www.youtube.com\/clinicagirona","http:\/\/www.linkedin.com\/in\/clnica-girona-130222b6\/"]}]}},"_links":{"self":[{"href":"https:\/\/clinicagirona.cat\/en\/wp-json\/wp\/v2\/pages\/32216","targetHints":{"allow":["GET"]}}],"collection":[{"href":"https:\/\/clinicagirona.cat\/en\/wp-json\/wp\/v2\/pages"}],"about":[{"href":"https:\/\/clinicagirona.cat\/en\/wp-json\/wp\/v2\/types\/page"}],"author":[{"embeddable":true,"href":"https:\/\/clinicagirona.cat\/en\/wp-json\/wp\/v2\/users\/1"}],"replies":[{"embeddable":true,"href":"https:\/\/clinicagirona.cat\/en\/wp-json\/wp\/v2\/comments?post=32216"}],"version-history":[{"count":37,"href":"https:\/\/clinicagirona.cat\/en\/wp-json\/wp\/v2\/pages\/32216\/revisions"}],"predecessor-version":[{"id":38655,"href":"https:\/\/clinicagirona.cat\/en\/wp-json\/wp\/v2\/pages\/32216\/revisions\/38655"}],"up":[{"embeddable":true,"href":"https:\/\/clinicagirona.cat\/en\/wp-json\/wp\/v2\/pages\/28790"}],"wp:featuredmedia":[{"embeddable":true,"href":"https:\/\/clinicagirona.cat\/en\/wp-json\/wp\/v2\/media\/32212"}],"wp:attachment":[{"href":"https:\/\/clinicagirona.cat\/en\/wp-json\/wp\/v2\/media?parent=32216"}],"curies":[{"name":"wp","href":"https:\/\/api.w.org\/{rel}","templated":true}]}}