{"id":34616,"date":"2025-07-09T11:41:58","date_gmt":"2025-07-09T09:41:58","guid":{"rendered":"https:\/\/clinicagirona.cat\/?page_id=34616"},"modified":"2025-07-09T11:43:16","modified_gmt":"2025-07-09T09:43:16","slug":"legal-notice-3","status":"publish","type":"page","link":"https:\/\/clinicagirona.cat\/en\/aviso-legal\/","title":{"rendered":"Legal notice"},"content":{"rendered":"<p>Cl\u00ednica Girona S.A., con domicilio en Girona, en la Carretera Barcelona, 206, y con C.I.F. n\u00famero A17001025 inscrita en el Registro Mercantil de Girona, en el Tomo 358, Hoja GI-6802, folio 133, inscripci\u00f3n 1\u00aa, titular de la direcci\u00f3n URL <a href=\"https:\/\/clinicagirona.cat\/en\/\" target=\"_blank\" rel=\"noreferrer noopener\">https:\/\/clinicagirona.cat<\/a> y tel\u00e9fono de contacto 972 20 45 00. <\/p>\n\n\n\n<p>Como usuario, es importante que conozcas estos t\u00e9rminos antes de continuar tu navegaci\u00f3n. <\/p>\n\n\n\n<p>Como responsable de esta web, asumo el compromiso de procesar la informaci\u00f3n de mis usuarios y clientes con plenas garant\u00edas y cumplir con los requisitos nacionales y europeos que regulan la recopilaci\u00f3n y uso de los datos personales de mis usuarios. <\/p>\n\n\n\n<p>Se ha adecuado a la Ley Org\u00e1nica 3\/2018, de 5 de diciembre, de Protecci\u00f3n de Datos Personales y garant\u00eda de los derechos digitales (LOPD), cumpliendo igualmente con el Reglamento (UE) 2016\/679 del Parlamento Europeo y del Consejo de 27 de abril de 2016 relativo a la protecci\u00f3n de las personas f\u00edsicas (RGPD), as\u00ed como con la Ley 34\/2002, de 11 de julio, de Servicios de la Sociedad de la Informaci\u00f3n y Comercio Electr\u00f3nico (LSSICE o LSSI).<\/p>\n\n\n\n<div style=\"height:15px\" aria-hidden=\"true\" class=\"wp-block-spacer\"><\/div>\n\n\n\n<h2 class=\"wp-block-heading\" style=\"font-size:25px\">Obligaciones de los usuarios<\/h2>\n\n\n\n<p>El usuario queda <strong>informado, y acepta<\/strong>, que el acceso a la presente web no supone, de ninguna manera, el inicio de una relaci\u00f3n comercial con Cl\u00ednica Girona S.A. De esta manera, el usuario se <strong>compromete a utilizar el sitio web, sus servicios y contenidos sin contravenir la legislaci\u00f3n vigente, la buena fe y el orden p\u00fablico<\/strong>.<\/p>\n\n\n\n<p>Queda <strong>prohibido el uso de la web, con fines il\u00edcitos o lesivos<\/strong>, o que, de cualquier forma, puedan causar perjuicio o impedir el normal funcionamiento del sitio web. Respecto de los contenidos de esta web, se proh\u00edbe:<\/p>\n\n\n\n<ul class=\"wp-block-list\">\n<li>Su <strong>reproducci\u00f3n, distribuci\u00f3n o modificaci\u00f3n<\/strong>, total o parcial, salvo que se cuente con mi autorizaci\u00f3n como leg\u00edtimo titular.<\/li>\n\n\n\n<li>Cualquier <strong>vulneraci\u00f3n de los derechos del prestador<\/strong> o de m\u00ed como leg\u00edtimo titular.<\/li>\n\n\n\n<li>Su <strong>utilizaci\u00f3n para fines comerciales o publicitarios<\/strong>.<\/li>\n<\/ul>\n\n\n\n<p>En el uso de la web de Cl\u00ednica Girona S.A., el usuario se compromete a <strong>no llevar a cabo ninguna conducta que pudiera da\u00f1ar la imagen, los intereses y los derechos de Cl\u00ednica Girona S.A.<\/strong> o de terceros, o que pudiera da\u00f1ar, inutilizar o sobrecargar el portal de Cl\u00ednica Girona S.A. que impidiera, de cualquier forma, la normal utilizaci\u00f3n de la web.<\/p>\n\n\n\n<p>No obstante, el usuario debe ser consciente de que las <strong>medidas de seguridad de los sistemas inform\u00e1ticos en internet no son enteramente fiables<\/strong> y que, por tanto, Cl\u00ednica Girona S.A. no puede garantizar la inexistencia de <strong>malware<\/strong> u otros elementos que puedan producir alteraciones en los sistemas inform\u00e1ticos (software y hardware) del usuario o en sus documentos electr\u00f3nicos y ficheros contenidos en estos, aunque pongo todos los medios necesarios y las medidas de seguridad oportunas para evitar la presencia de estos elementos da\u00f1inos.<\/p>\n\n\n\n<div style=\"height:15px\" aria-hidden=\"true\" class=\"wp-block-spacer\"><\/div>\n\n\n\n<h2 class=\"wp-block-heading\" style=\"font-size:25px\">Datos de car\u00e1cter personal<\/h2>\n\n\n\n<p>Cl\u00ednica Girona S.A. <strong>cumple \u00edntegramente con la legislaci\u00f3n vigente en materia de protecci\u00f3n de datos de car\u00e1cter personal<\/strong> y con los <strong>compromisos de confidencialidad propios de su actividad<\/strong>. Cl\u00ednica Girona S.A. ha <strong>adoptado las medidas t\u00e9cnicas necesarias para mantener el nivel de seguridad requerido<\/strong>, seg\u00fan la naturaleza de los datos personales tratados y las circunstancias del tratamiento, con el fin de <strong>evitar, en la medida de lo posible y siempre seg\u00fan el estado de la t\u00e9cnica, su alteraci\u00f3n, p\u00e9rdida, tratamiento o acceso no autorizado<\/strong>.<\/p>\n\n\n\n<p>Cl\u00ednica Girona S.A. dispone de una <strong>Privacy Policy<\/strong> donde se describe, con detalle, nuestros esfuerzos por la transparencia y la seguridad de la informaci\u00f3n que manejamos.<\/p>\n\n\n\n<div style=\"height:15px\" aria-hidden=\"true\" class=\"wp-block-spacer\"><\/div>\n\n\n\n<h2 class=\"wp-block-heading\" style=\"font-size:25px\">Propiedad Intelectual e Industrial<\/h2>\n\n\n\n<p>Todas las <strong>marcas, nombres comerciales o signos distintivos<\/strong> de cualquier clase que aparecen en la p\u00e1gina web son <strong>propiedad de Cl\u00ednica Girona S.A. o de terceros autorizados<\/strong>, sin que pueda entenderse que el uso o acceso a la p\u00e1gina web atribuya al Usuario derecho sobre las citadas marcas, nombres comerciales y\/o signos distintivos.<\/p>\n\n\n\n<p>Los <strong>contenidos son propiedad intelectual de Cl\u00ednica Girona S.A. o de terceros<\/strong>, sin que puedan entenderse cedidos al Usuario, en virtud de lo establecido en la pol\u00edtica de privacidad.<\/p>\n\n\n\n<div style=\"height:15px\" aria-hidden=\"true\" class=\"wp-block-spacer\"><\/div>\n\n\n\n<h2 class=\"wp-block-heading\" style=\"font-size:25px\">Responsabilidades<\/h2>\n\n\n\n<p>Cl\u00ednica Girona S.A. <strong>no se responsabiliza de los da\u00f1os o perjuicios<\/strong> de cualquier clase producidos en el Usuario que se deban a <strong>fallos o desconexiones en las redes de telecomunicaciones<\/strong> que produzcan la suspensi\u00f3n, cancelaci\u00f3n o interrupci\u00f3n del servicio de la p\u00e1gina web durante la prestaci\u00f3n del mismo o con car\u00e1cter previo.<\/p>\n\n\n\n<p>Cl\u00ednica Girona S.A. <strong>no es responsable de la informaci\u00f3n y otros contenidos integrados en espacios o p\u00e1ginas web de terceros<\/strong> accesibles desde el portal de Cl\u00ednica Girona S.A. mediante enlaces, ni de la informaci\u00f3n y otros contenidos integrados en espacios o p\u00e1ginas web de terceros desde los cuales se acceda mediante enlaces al portal.<\/p>\n\n\n\n<p>Cl\u00ednica Girona S.A. <strong>tampoco asume ninguna responsabilidad por da\u00f1os, perjuicios, p\u00e9rdidas, reclamaciones o gastos<\/strong>, producidos por:<\/p>\n\n\n\n<ol class=\"wp-block-list\">\n<li><strong>Interferencias, interrupciones, fallos, omisiones, aver\u00edas telef\u00f3nicas, retrasos, bloqueos o desconexiones<\/strong> en el funcionamiento del sistema electr\u00f3nico, motivadas por deficiencias, sobrecargas y errores en las l\u00edneas y redes de telecomunicaciones, o por cualquier otra causa ajena al control de Cl\u00ednica Girona S.A.<\/li>\n\n\n\n<li><strong>Intromisiones ileg\u00edtimas<\/strong> mediante el uso de programas maliciosos de cualquier tipo y a trav\u00e9s de cualquier medio de comunicaci\u00f3n, como virus inform\u00e1ticos, etc.<\/li>\n\n\n\n<li><strong>Uso indebido o inadecuado<\/strong> de las p\u00e1ginas web de Cl\u00ednica Girona S.A.<\/li>\n\n\n\n<li><strong>Errores de seguridad o navegaci\u00f3n<\/strong> producidos por un mal funcionamiento del navegador o por el empleo de versiones no actualizadas del mismo.<\/li>\n<\/ol>\n\n\n\n<div style=\"height:15px\" aria-hidden=\"true\" class=\"wp-block-spacer\"><\/div>\n\n\n\n<h2 class=\"wp-block-heading\" style=\"font-size:25px\">Ley aplicable<\/h2>\n\n\n\n<p>Este aviso legal se rige en todos y cada uno de sus extremos por la <strong>ley espa\u00f1ola<\/strong> y el <strong>Nuevo Reglamento Europeo de Protecci\u00f3n de Datos 679\/2016<\/strong>.<\/p>\n\n\n\n<p>Para la resoluci\u00f3n de cualquier conflicto que pudiera derivarse del acceso a la p\u00e1gina web, el Usuario y Cl\u00ednica Girona S.A. acuerdan <strong>someterse expresamente a los juzgados y tribunales de la ciudad de Palam\u00f3s<\/strong>, con renuncia a cualquier otro fuero general o especial que les pudiera corresponder.<\/p>\n\n\n\n<p>En las presentes condiciones se les aplicar\u00e1 tambi\u00e9n la <strong>Ley 34\/2002, de 11 de julio, de Servicios de la Informaci\u00f3n y Correo Electr\u00f3nico<\/strong>.<\/p>\n\n\n\n<div style=\"height:60px\" aria-hidden=\"true\" class=\"wp-block-spacer\"><\/div>","protected":false},"excerpt":{"rendered":"<p>Cl\u00ednica Girona S.A., con domicilio en Girona, en la Carretera Barcelona, 206, y con C.I.F. n\u00famero A17001025 inscrita en el<\/p>","protected":false},"author":1,"featured_media":0,"parent":0,"menu_order":0,"comment_status":"closed","ping_status":"closed","template":"","meta":{"footnotes":""},"class_list":["post-34616","page","type-page","status-publish","hentry"],"yoast_head":"<!-- This site is optimized with the Yoast SEO plugin v27.4 - https:\/\/yoast.com\/product\/yoast-seo-wordpress\/ -->\n<title>Aviso legal - Cl\u00ednica Girona<\/title>\n<meta name=\"robots\" content=\"noindex, follow\" \/>\n<meta property=\"og:locale\" content=\"en_GB\" \/>\n<meta property=\"og:type\" content=\"article\" \/>\n<meta property=\"og:title\" content=\"Aviso legal - Cl\u00ednica Girona\" \/>\n<meta property=\"og:description\" content=\"Cl\u00ednica Girona S.A., con domicilio en Girona, en la Carretera Barcelona, 206, y con C.I.F. n\u00famero A17001025 inscrita en el\" \/>\n<meta property=\"og:url\" content=\"https:\/\/clinicagirona.cat\/en\/legal-notice-3\/\" \/>\n<meta property=\"og:site_name\" content=\"Cl\u00ednica Girona\" \/>\n<meta property=\"article:publisher\" content=\"http:\/\/www.facebook.com\/clinicagirona\" \/>\n<meta property=\"article:modified_time\" content=\"2025-07-09T09:43:16+00:00\" \/>\n<meta property=\"og:image\" content=\"https:\/\/clinicagirona.cat\/wp-content\/uploads\/2025\/05\/clinica-girona-frontal-b.jpg\" \/>\n\t<meta property=\"og:image:width\" content=\"900\" \/>\n\t<meta property=\"og:image:height\" content=\"608\" \/>\n\t<meta property=\"og:image:type\" content=\"image\/jpeg\" \/>\n<meta name=\"twitter:card\" content=\"summary_large_image\" \/>\n<meta name=\"twitter:label1\" content=\"Estimated reading time\" \/>\n\t<meta name=\"twitter:data1\" content=\"6 minutes\" \/>\n<script type=\"application\/ld+json\" class=\"yoast-schema-graph\">{\"@context\":\"https:\\\/\\\/schema.org\",\"@graph\":[{\"@type\":\"WebPage\",\"@id\":\"https:\\\/\\\/clinicagirona.cat\\\/aviso-legal\\\/\",\"url\":\"https:\\\/\\\/clinicagirona.cat\\\/aviso-legal\\\/\",\"name\":\"Aviso legal - Cl\u00ednica Girona\",\"isPartOf\":{\"@id\":\"https:\\\/\\\/clinicagirona.cat\\\/#website\"},\"datePublished\":\"2025-07-09T09:41:58+00:00\",\"dateModified\":\"2025-07-09T09:43:16+00:00\",\"breadcrumb\":{\"@id\":\"https:\\\/\\\/clinicagirona.cat\\\/aviso-legal\\\/#breadcrumb\"},\"inLanguage\":\"en-GB\",\"potentialAction\":[{\"@type\":\"ReadAction\",\"target\":[\"https:\\\/\\\/clinicagirona.cat\\\/aviso-legal\\\/\"]}]},{\"@type\":\"BreadcrumbList\",\"@id\":\"https:\\\/\\\/clinicagirona.cat\\\/aviso-legal\\\/#breadcrumb\",\"itemListElement\":[{\"@type\":\"ListItem\",\"position\":1,\"name\":\"Inici\",\"item\":\"https:\\\/\\\/clinicagirona.cat\\\/\"},{\"@type\":\"ListItem\",\"position\":2,\"name\":\"Aviso legal\"}]},{\"@type\":\"WebSite\",\"@id\":\"https:\\\/\\\/clinicagirona.cat\\\/#website\",\"url\":\"https:\\\/\\\/clinicagirona.cat\\\/\",\"name\":\"Cl\u00ednica Girona\",\"description\":\"Cuidem la teva salut, et cuidem a tu\",\"publisher\":{\"@id\":\"https:\\\/\\\/clinicagirona.cat\\\/#organization\"},\"potentialAction\":[{\"@type\":\"SearchAction\",\"target\":{\"@type\":\"EntryPoint\",\"urlTemplate\":\"https:\\\/\\\/clinicagirona.cat\\\/?s={search_term_string}\"},\"query-input\":{\"@type\":\"PropertyValueSpecification\",\"valueRequired\":true,\"valueName\":\"search_term_string\"}}],\"inLanguage\":\"en-GB\"},{\"@type\":\"Organization\",\"@id\":\"https:\\\/\\\/clinicagirona.cat\\\/#organization\",\"name\":\"Cl\u00ednica Girona\",\"url\":\"https:\\\/\\\/clinicagirona.cat\\\/\",\"logo\":{\"@type\":\"ImageObject\",\"inLanguage\":\"en-GB\",\"@id\":\"https:\\\/\\\/clinicagirona.cat\\\/#\\\/schema\\\/logo\\\/image\\\/\",\"url\":\"https:\\\/\\\/clinicagirona.cat\\\/wp-content\\\/uploads\\\/2026\\\/04\\\/clinica-girona-logo-quadrat.jpg\",\"contentUrl\":\"https:\\\/\\\/clinicagirona.cat\\\/wp-content\\\/uploads\\\/2026\\\/04\\\/clinica-girona-logo-quadrat.jpg\",\"width\":1000,\"height\":1000,\"caption\":\"Cl\u00ednica Girona\"},\"image\":{\"@id\":\"https:\\\/\\\/clinicagirona.cat\\\/#\\\/schema\\\/logo\\\/image\\\/\"},\"sameAs\":[\"http:\\\/\\\/www.facebook.com\\\/clinicagirona\",\"https:\\\/\\\/www.instagram.com\\\/clinicagirona\\\/\",\"http:\\\/\\\/www.youtube.com\\\/clinicagirona\",\"http:\\\/\\\/www.linkedin.com\\\/in\\\/clnica-girona-130222b6\\\/\"]}]}<\/script>\n<!-- \/ Yoast SEO plugin. -->","yoast_head_json":{"title":"Aviso legal - Cl\u00ednica Girona","robots":{"index":"noindex","follow":"follow"},"og_locale":"en_GB","og_type":"article","og_title":"Aviso legal - Cl\u00ednica Girona","og_description":"Cl\u00ednica Girona S.A., con domicilio en Girona, en la Carretera Barcelona, 206, y con C.I.F. n\u00famero A17001025 inscrita en el","og_url":"https:\/\/clinicagirona.cat\/en\/legal-notice-3\/","og_site_name":"Cl\u00ednica Girona","article_publisher":"http:\/\/www.facebook.com\/clinicagirona","article_modified_time":"2025-07-09T09:43:16+00:00","og_image":[{"width":900,"height":608,"url":"https:\/\/clinicagirona.cat\/wp-content\/uploads\/2025\/05\/clinica-girona-frontal-b.jpg","type":"image\/jpeg"}],"twitter_card":"summary_large_image","twitter_misc":{"Estimated reading time":"6 minutes"},"schema":{"@context":"https:\/\/schema.org","@graph":[{"@type":"WebPage","@id":"https:\/\/clinicagirona.cat\/aviso-legal\/","url":"https:\/\/clinicagirona.cat\/aviso-legal\/","name":"Aviso legal - Cl\u00ednica Girona","isPartOf":{"@id":"https:\/\/clinicagirona.cat\/#website"},"datePublished":"2025-07-09T09:41:58+00:00","dateModified":"2025-07-09T09:43:16+00:00","breadcrumb":{"@id":"https:\/\/clinicagirona.cat\/aviso-legal\/#breadcrumb"},"inLanguage":"en-GB","potentialAction":[{"@type":"ReadAction","target":["https:\/\/clinicagirona.cat\/aviso-legal\/"]}]},{"@type":"BreadcrumbList","@id":"https:\/\/clinicagirona.cat\/aviso-legal\/#breadcrumb","itemListElement":[{"@type":"ListItem","position":1,"name":"Inici","item":"https:\/\/clinicagirona.cat\/"},{"@type":"ListItem","position":2,"name":"Aviso legal"}]},{"@type":"WebSite","@id":"https:\/\/clinicagirona.cat\/#website","url":"https:\/\/clinicagirona.cat\/","name":"Cl\u00ednica Girona","description":"We look after your health, we look after you","publisher":{"@id":"https:\/\/clinicagirona.cat\/#organization"},"potentialAction":[{"@type":"SearchAction","target":{"@type":"EntryPoint","urlTemplate":"https:\/\/clinicagirona.cat\/?s={search_term_string}"},"query-input":{"@type":"PropertyValueSpecification","valueRequired":true,"valueName":"search_term_string"}}],"inLanguage":"en-GB"},{"@type":"Organization","@id":"https:\/\/clinicagirona.cat\/#organization","name":"Cl\u00ednica Girona","url":"https:\/\/clinicagirona.cat\/","logo":{"@type":"ImageObject","inLanguage":"en-GB","@id":"https:\/\/clinicagirona.cat\/#\/schema\/logo\/image\/","url":"https:\/\/clinicagirona.cat\/wp-content\/uploads\/2026\/04\/clinica-girona-logo-quadrat.jpg","contentUrl":"https:\/\/clinicagirona.cat\/wp-content\/uploads\/2026\/04\/clinica-girona-logo-quadrat.jpg","width":1000,"height":1000,"caption":"Cl\u00ednica Girona"},"image":{"@id":"https:\/\/clinicagirona.cat\/#\/schema\/logo\/image\/"},"sameAs":["http:\/\/www.facebook.com\/clinicagirona","https:\/\/www.instagram.com\/clinicagirona\/","http:\/\/www.youtube.com\/clinicagirona","http:\/\/www.linkedin.com\/in\/clnica-girona-130222b6\/"]}]}},"_links":{"self":[{"href":"https:\/\/clinicagirona.cat\/en\/wp-json\/wp\/v2\/pages\/34616","targetHints":{"allow":["GET"]}}],"collection":[{"href":"https:\/\/clinicagirona.cat\/en\/wp-json\/wp\/v2\/pages"}],"about":[{"href":"https:\/\/clinicagirona.cat\/en\/wp-json\/wp\/v2\/types\/page"}],"author":[{"embeddable":true,"href":"https:\/\/clinicagirona.cat\/en\/wp-json\/wp\/v2\/users\/1"}],"replies":[{"embeddable":true,"href":"https:\/\/clinicagirona.cat\/en\/wp-json\/wp\/v2\/comments?post=34616"}],"version-history":[{"count":1,"href":"https:\/\/clinicagirona.cat\/en\/wp-json\/wp\/v2\/pages\/34616\/revisions"}],"predecessor-version":[{"id":34619,"href":"https:\/\/clinicagirona.cat\/en\/wp-json\/wp\/v2\/pages\/34616\/revisions\/34619"}],"wp:attachment":[{"href":"https:\/\/clinicagirona.cat\/en\/wp-json\/wp\/v2\/media?parent=34616"}],"curies":[{"name":"wp","href":"https:\/\/api.w.org\/{rel}","templated":true}]}}