{"id":34621,"date":"2025-07-09T12:06:52","date_gmt":"2025-07-09T10:06:52","guid":{"rendered":"https:\/\/clinicagirona.cat\/?page_id=34621"},"modified":"2025-07-09T12:06:53","modified_gmt":"2025-07-09T10:06:53","slug":"politica-de-privacidad","status":"publish","type":"page","link":"https:\/\/clinicagirona.cat\/en\/politica-de-privacidad\/","title":{"rendered":"Privacy Policy"},"content":{"rendered":"<p>Cl\u00ednica Girona S.A., en cumplimiento del <strong>Reglamento Europeo de Protecci\u00f3n de Datos 679\/2016<\/strong>, garantiza la <strong>protecci\u00f3n y la confidencialidad de los datos personales<\/strong> de cualquier tipo que nos proporcionen nuestros clientes, \u201cusuarios\u201d, en la Web.<\/p>\n\n\n\n<h2 class=\"wp-block-heading\" style=\"font-size:25px\">Informaci\u00f3n b\u00e1sica<\/h2>\n\n\n\n<p>En virtud del <strong>art\u00edculo 13 del Reglamento Europeo de Protecci\u00f3n de Datos (RGPD)<\/strong>, Cl\u00ednica Girona S.A., como responsable del tratamiento, le informa de los siguientes aspectos relevantes:<\/p>\n\n\n\n<ul class=\"wp-block-list\">\n<li><strong>Responsable del Tratamiento<\/strong>: Cl\u00ednica Girona S.A.<\/li>\n\n\n\n<li><strong>Finalidad<\/strong>: La finalidad de la informaci\u00f3n que nos facilitan las personas interesadas es gestionarla para enviarles la informaci\u00f3n que nos soliciten y facilitarles la informaci\u00f3n requerida. Los datos proporcionados se conservar\u00e1n mientras se mantenga una relaci\u00f3n mercantil y no se solicite su supresi\u00f3n.<\/li>\n\n\n\n<li><strong>Ejercicio de Derechos<\/strong>: Dirigirse a: protecciodades@clinicagirona.cat<\/li>\n\n\n\n<li><strong>Desistimiento<\/strong>: Gratuito.<\/li>\n\n\n\n<li><strong>Destinatarios<\/strong>: No se ceder\u00e1n datos a terceros excepto por obligaci\u00f3n legal.<\/li>\n\n\n\n<li><strong>Reclamaci\u00f3n<\/strong>: Autoridad de control Espa\u00f1ola.<\/li>\n\n\n\n<li><strong>Informaci\u00f3n Adicional<\/strong>: Puede consultar informaci\u00f3n adicional y detallada sobre protecci\u00f3n de datos y privacidad en www.clinicagirona.cat<\/li>\n<\/ul>\n\n\n\n<p>Cl\u00ednica Girona S.A. es la <strong>responsable del tratamiento de datos personales<\/strong> que recaba y trata, poniendo a su disposici\u00f3n los siguientes medios de comunicaci\u00f3n para contactar:<\/p>\n\n\n\n<p>Cl\u00ednica Girona S.A. con NIF A17001025, con domicilio en Carrer Barcelona, 206, 17005 Girona y correo electr\u00f3nico: <a href=\"mailto:protecciodades@clinicagirona.cat\"><span style=\"text-decoration: underline;\">protecciodades@clinicagirona.cat<\/span><\/a>.<\/p>\n\n\n\n<div style=\"height:15px\" aria-hidden=\"true\" class=\"wp-block-spacer\"><\/div>\n\n\n\n<h2 class=\"wp-block-heading\" style=\"font-size:25px\">Alcance de la Pol\u00edtica<\/h2>\n\n\n\n<p>Cuando accede y utiliza nuestra p\u00e1gina Web <strong>www.clinicagirona.cat<\/strong>, se compromete a <strong>aceptar esta pol\u00edtica de privacidad<\/strong>, as\u00ed como las disposiciones contenidas en el <strong>Aviso Legal y pol\u00edtica de cookies<\/strong>.<\/p>\n\n\n\n<p>Le proporcionamos la informaci\u00f3n para que, con car\u00e1cter previo a la documentaci\u00f3n de sus datos personales, pueda <strong>acceder a la Pol\u00edtica de Privacidad y a cualquier otra informaci\u00f3n relevante en materia de Protecci\u00f3n de datos<\/strong>.<\/p>\n\n\n\n<p>Asimismo, la presente pol\u00edtica sirve para <strong>facilitar informaci\u00f3n adicional de segundo nivel<\/strong> de aquellas cl\u00e1usulas informativas que redirigen a esta, con tal finalidad.<\/p>\n\n\n\n<div style=\"height:15px\" aria-hidden=\"true\" class=\"wp-block-spacer\"><\/div>\n\n\n\n<h2 class=\"wp-block-heading\" style=\"font-size:25px\">Finalidad del Tratamiento<\/h2>\n\n\n\n<p>Cl\u00ednica Girona S.A. <strong>tratar\u00e1 la informaci\u00f3n que nos proporcione con las siguientes finalidades<\/strong>:<\/p>\n\n\n\n<ul class=\"wp-block-list\">\n<li><strong>Gestionar cualquier tipo de solicitud, sugerencia o petici\u00f3n<\/strong> sobre nuestros servicios profesionales que nos formule.<\/li>\n\n\n\n<li><strong>Comunicaciones comerciales<\/strong>: Tratamiento de sus datos con la finalidad de <strong>informarle de art\u00edculos de inter\u00e9s e informaci\u00f3n general sobre nuestros servicios v\u00eda correo electr\u00f3nico<\/strong>.<\/li>\n\n\n\n<li><strong>Gestiones administrativas, contables y fiscales<\/strong>.<\/li>\n\n\n\n<li><strong>Gestionar datos aportados por los candidatos a un puesto de trabajo a trav\u00e9s de Curriculum Vitae (CV)<\/strong>, con la finalidad del proceso de selecci\u00f3n. Usted autoriza expresamente a la Cl\u00ednica para que proceda al tratamiento de sus datos para la finalidad indicada.<\/li>\n<\/ul>\n\n\n\n<p>Cl\u00ednica Girona S.A. <strong>tratar\u00e1 sus datos e informaci\u00f3n aportada para los procesos de selecci\u00f3n con la m\u00e1s estricta confidencialidad<\/strong>.<\/p>\n\n\n\n<div style=\"height:15px\" aria-hidden=\"true\" class=\"wp-block-spacer\"><\/div>\n\n\n\n<h2 class=\"wp-block-heading\" style=\"font-size:25px\">Plazo de conservaci\u00f3n de sus datos<\/h2>\n\n\n\n<p>El per\u00edodo de <strong>conservaci\u00f3n de los datos personales variar\u00e1 en funci\u00f3n del servicio que pueda llegar a contratar o prestar<\/strong>. En cualquier caso, ser\u00e1 el <strong>m\u00ednimo necesario<\/strong>, pudiendo mantenerse seg\u00fan las circunstancias que se apliquen en cada caso y la legislaci\u00f3n vigente actual.<\/p>\n\n\n\n<div style=\"height:15px\" aria-hidden=\"true\" class=\"wp-block-spacer\"><\/div>\n\n\n\n<h2 class=\"wp-block-heading\" style=\"font-size:25px\">Legitimaci\u00f3n<\/h2>\n\n\n\n<p>La base legal para el tratamiento de los datos es el <strong>consentimiento de las personas interesadas<\/strong> para la tramitaci\u00f3n y gesti\u00f3n de cualquier solicitud de informaci\u00f3n o consulta sobre nuestros servicios profesionales, as\u00ed como para el env\u00edo de comunicaciones comerciales llevadas a cabo por Cl\u00ednica Girona S.A. cuando el tratamiento sea necesario para la ejecuci\u00f3n de un contrato.<\/p>\n\n\n\n<div style=\"height:15px\" aria-hidden=\"true\" class=\"wp-block-spacer\"><\/div>\n\n\n\n<h2 class=\"wp-block-heading\" style=\"font-size:25px\">Procedencia de los datos<\/h2>\n\n\n\n<p>Todos los <strong>datos personales que tratamos a trav\u00e9s de nuestra p\u00e1gina web proceden directamente del mismo interesado<\/strong>.<\/p>\n\n\n\n<div style=\"height:15px\" aria-hidden=\"true\" class=\"wp-block-spacer\"><\/div>\n\n\n\n<h2 class=\"wp-block-heading\" style=\"font-size:25px\">Derechos<\/h2>\n\n\n\n<p>En cumplimiento de la normativa europea de protecci\u00f3n de datos \u2014com\u00fanmente denominado <strong>RGPD<\/strong>\u2014, le informa de los <strong>derechos que ostenta como titular y afectado de los datos personales<\/strong> que recabamos y tratamos, incluidos los siguientes derechos:<\/p>\n\n\n\n<ul class=\"wp-block-list\">\n<li>Tiene derecho a <strong>desistir de manera gratuita y en cualquier momento del consentimiento<\/strong> otorgado para el tratamiento de sus datos personales.<\/li>\n\n\n\n<li>Tiene reconocido el <strong>derecho de acceso a sus datos personales<\/strong>, as\u00ed como el <strong>derecho a rectificaci\u00f3n<\/strong> de aquellos.<\/li>\n\n\n\n<li>Tiene <strong>derecho a oponerse al procesamiento de sus datos personales<\/strong>, as\u00ed como el <strong>derecho a supresi\u00f3n<\/strong>, com\u00fanmente denominado, <strong>derecho al olvido<\/strong>. De igual forma, tiene derecho a oponerse al tratamiento para decisiones individuales automatizadas.<\/li>\n\n\n\n<li>Tiene <strong>derecho a obtener la limitaci\u00f3n del tratamiento de datos personales<\/strong>.<\/li>\n\n\n\n<li>Tiene <strong>derecho a solicitar la portabilidad de sus datos personales<\/strong>.<\/li>\n\n\n\n<li>Tiene <strong>derecho a presentar una queja a la Autoridad de control de protecci\u00f3n de datos<\/strong> que corresponda, siendo la Agencia Espa\u00f1ola de Protecci\u00f3n de Datos (agpd.es).<\/li>\n<\/ul>\n\n\n\n<p>Los precedentes derechos reconocidos los podr\u00e1 ejercitar mediante solicitud dirigida a trav\u00e9s de <strong>correo electr\u00f3nico: protecciodades@clinicagirona.cat<\/strong> o a trav\u00e9s de los medios de contacto que ponemos a su disposici\u00f3n, indicando en el asunto del mensaje o comunicaci\u00f3n la referencia: <strong>Derechos GDPR<\/strong>. Asimismo, para poder cursar esta solicitud requerimos informaci\u00f3n adicional que permita acreditar la identidad de la persona ejerciendo y vinculada al tratamiento de datos personales; se requerir\u00e1 la aportaci\u00f3n de informaci\u00f3n adicional o documental que acredite esta identidad del afectado o interesado que ejerza el derecho en cuesti\u00f3n.<\/p>\n\n\n\n<div style=\"height:15px\" aria-hidden=\"true\" class=\"wp-block-spacer\"><\/div>\n\n\n\n<h2 class=\"wp-block-heading\" style=\"font-size:25px\">Desistimiento<\/h2>\n\n\n\n<p>En virtud de la <strong>Directiva 2002\/58\/CE<\/strong> en relaci\u00f3n con los servicios de la sociedad de la informaci\u00f3n y la posibilidad de remitir comunicaciones promocionales o publicitarias por medios electr\u00f3nicos, incorpora o facilita a los destinatarios de estas comunicaciones <strong>mecanismos sencillos y gratuitos para desistir del consentimiento<\/strong> otorgado para la finalidad del env\u00edo de aquellas, cumpliendo \u00edntegramente con la normativa europea y nacional sobre la materia referida.<\/p>\n\n\n\n<div style=\"height:15px\" aria-hidden=\"true\" class=\"wp-block-spacer\"><\/div>\n\n\n\n<h2 class=\"wp-block-heading\" style=\"font-size:25px\">Cookie Policy<\/h2>\n\n\n\n<p>Una <strong>&#8216;Galleta&#8217; (&#8220;Cookie\u201d) es un peque\u00f1o archivo que se almacena en el ordenador del usuario y nos permite reconocerle<\/strong>. El conjunto de galletas nos ayuda a <strong>mejorar la calidad de nuestra web<\/strong>, lo que nos permite controlar qu\u00e9 p\u00e1ginas encuentran nuestros usuarios \u00fatiles y cu\u00e1les no.<\/p>\n\n\n\n<p>Las galletas son esenciales para el funcionamiento de internet, aportando innumerables ventajas en la prestaci\u00f3n de servicios interactivos, facilit\u00e1ndole la navegaci\u00f3n y usabilidad de nuestra web. Tenga en cuenta que las <strong>galletas no pueden da\u00f1ar su equipo y que est\u00e9n activadas nos ayudan a identificar y resolver los errores<\/strong>. Si quiere m\u00e1s informaci\u00f3n sobre las galletas, haga clic en este enlace: <a href=\"https:\/\/clinicagirona.cat\/en\/cookies-es\/\" target=\"_blank\" rel=\"noreferrer noopener\">https:\/\/clinicagirona.cat\/cookies-es\/<\/a><\/p>\n\n\n\n<div style=\"height:15px\" aria-hidden=\"true\" class=\"wp-block-spacer\"><\/div>\n\n\n\n<h2 class=\"wp-block-heading\" style=\"font-size:25px\">Aviso de violaci\u00f3n de datos personales<\/h2>\n\n\n\n<p>En el caso de que sus datos se vean comprometidos, Cl\u00ednica Girona S.A. le <strong>notificar\u00e1 a usted y a las autoridades supervisoras competentes en un plazo de 72 horas<\/strong> por correo electr\u00f3nico con informaci\u00f3n sobre el alcance de la violaci\u00f3n, los datos afectados, cualquier impacto en el servicio y el plan de acci\u00f3n de Cl\u00ednica Girona S.A. con las medidas para proteger los datos y limitar cualquier posible efecto negativo en los interesados.<\/p>\n\n\n\n<p>La <strong>&#8220;infracci\u00f3n de datos personales&#8221;<\/strong> hace referencia a una violaci\u00f3n de la seguridad que conduce a la destrucci\u00f3n, p\u00e9rdida, alteraci\u00f3n, divulgaci\u00f3n no autorizada o acceso, accidental o ilegal, a los datos personales transmitidos, almacenados o procesados relacionados con la prestaci\u00f3n del Servicio.<\/p>\n\n\n\n<div style=\"height:15px\" aria-hidden=\"true\" class=\"wp-block-spacer\"><\/div>\n\n\n\n<h2 class=\"wp-block-heading\" style=\"font-size:25px\">Dudas y modificaciones<\/h2>\n\n\n\n<p>Si tiene alguna pregunta sobre la presente Pol\u00edtica de Privacidad, le rogamos que <strong>se ponga en contacto con nosotros enviando un correo electr\u00f3nico a la direcci\u00f3n protecciodades@clinicagirona.cat<\/strong>.<\/p>\n\n\n\n<div style=\"height:90px\" aria-hidden=\"true\" class=\"wp-block-spacer\"><\/div>","protected":false},"excerpt":{"rendered":"<p>Cl\u00ednica Girona S.A., en cumplimiento del Reglamento Europeo de Protecci\u00f3n de Datos 679\/2016, garantiza la protecci\u00f3n y la confidencialidad de<\/p>","protected":false},"author":1,"featured_media":0,"parent":0,"menu_order":0,"comment_status":"closed","ping_status":"closed","template":"","meta":{"footnotes":""},"class_list":["post-34621","page","type-page","status-publish","hentry"],"yoast_head":"<!-- This site is optimized with the Yoast SEO plugin v27.4 - https:\/\/yoast.com\/product\/yoast-seo-wordpress\/ -->\n<title>Pol\u00edtica de Privacidad - Cl\u00ednica Girona<\/title>\n<meta name=\"robots\" content=\"noindex, follow\" \/>\n<meta property=\"og:locale\" content=\"en_GB\" \/>\n<meta property=\"og:type\" content=\"article\" \/>\n<meta property=\"og:title\" content=\"Pol\u00edtica de Privacidad - Cl\u00ednica Girona\" \/>\n<meta property=\"og:description\" content=\"Cl\u00ednica Girona S.A., en cumplimiento del Reglamento Europeo de Protecci\u00f3n de Datos 679\/2016, garantiza la protecci\u00f3n y la confidencialidad de\" \/>\n<meta property=\"og:url\" content=\"https:\/\/clinicagirona.cat\/en\/politica-de-privacidad\/\" \/>\n<meta property=\"og:site_name\" content=\"Cl\u00ednica Girona\" \/>\n<meta property=\"article:publisher\" content=\"http:\/\/www.facebook.com\/clinicagirona\" \/>\n<meta property=\"article:modified_time\" content=\"2025-07-09T10:06:53+00:00\" \/>\n<meta property=\"og:image\" content=\"https:\/\/clinicagirona.cat\/wp-content\/uploads\/2025\/05\/clinica-girona-frontal-b.jpg\" \/>\n\t<meta property=\"og:image:width\" content=\"900\" \/>\n\t<meta property=\"og:image:height\" content=\"608\" \/>\n\t<meta property=\"og:image:type\" content=\"image\/jpeg\" \/>\n<meta name=\"twitter:card\" content=\"summary_large_image\" \/>\n<meta name=\"twitter:label1\" content=\"Estimated reading time\" \/>\n\t<meta name=\"twitter:data1\" content=\"7 minutes\" \/>\n<script type=\"application\/ld+json\" class=\"yoast-schema-graph\">{\"@context\":\"https:\\\/\\\/schema.org\",\"@graph\":[{\"@type\":\"WebPage\",\"@id\":\"https:\\\/\\\/clinicagirona.cat\\\/politica-de-privacidad\\\/\",\"url\":\"https:\\\/\\\/clinicagirona.cat\\\/politica-de-privacidad\\\/\",\"name\":\"Pol\u00edtica de Privacidad - Cl\u00ednica Girona\",\"isPartOf\":{\"@id\":\"https:\\\/\\\/clinicagirona.cat\\\/#website\"},\"datePublished\":\"2025-07-09T10:06:52+00:00\",\"dateModified\":\"2025-07-09T10:06:53+00:00\",\"breadcrumb\":{\"@id\":\"https:\\\/\\\/clinicagirona.cat\\\/politica-de-privacidad\\\/#breadcrumb\"},\"inLanguage\":\"en-GB\",\"potentialAction\":[{\"@type\":\"ReadAction\",\"target\":[\"https:\\\/\\\/clinicagirona.cat\\\/politica-de-privacidad\\\/\"]}]},{\"@type\":\"BreadcrumbList\",\"@id\":\"https:\\\/\\\/clinicagirona.cat\\\/politica-de-privacidad\\\/#breadcrumb\",\"itemListElement\":[{\"@type\":\"ListItem\",\"position\":1,\"name\":\"Inici\",\"item\":\"https:\\\/\\\/clinicagirona.cat\\\/\"},{\"@type\":\"ListItem\",\"position\":2,\"name\":\"Pol\u00edtica de Privacidad\"}]},{\"@type\":\"WebSite\",\"@id\":\"https:\\\/\\\/clinicagirona.cat\\\/#website\",\"url\":\"https:\\\/\\\/clinicagirona.cat\\\/\",\"name\":\"Cl\u00ednica Girona\",\"description\":\"Cuidem la teva salut, et cuidem a tu\",\"publisher\":{\"@id\":\"https:\\\/\\\/clinicagirona.cat\\\/#organization\"},\"potentialAction\":[{\"@type\":\"SearchAction\",\"target\":{\"@type\":\"EntryPoint\",\"urlTemplate\":\"https:\\\/\\\/clinicagirona.cat\\\/?s={search_term_string}\"},\"query-input\":{\"@type\":\"PropertyValueSpecification\",\"valueRequired\":true,\"valueName\":\"search_term_string\"}}],\"inLanguage\":\"en-GB\"},{\"@type\":\"Organization\",\"@id\":\"https:\\\/\\\/clinicagirona.cat\\\/#organization\",\"name\":\"Cl\u00ednica Girona\",\"url\":\"https:\\\/\\\/clinicagirona.cat\\\/\",\"logo\":{\"@type\":\"ImageObject\",\"inLanguage\":\"en-GB\",\"@id\":\"https:\\\/\\\/clinicagirona.cat\\\/#\\\/schema\\\/logo\\\/image\\\/\",\"url\":\"https:\\\/\\\/clinicagirona.cat\\\/wp-content\\\/uploads\\\/2026\\\/04\\\/clinica-girona-logo-quadrat.jpg\",\"contentUrl\":\"https:\\\/\\\/clinicagirona.cat\\\/wp-content\\\/uploads\\\/2026\\\/04\\\/clinica-girona-logo-quadrat.jpg\",\"width\":1000,\"height\":1000,\"caption\":\"Cl\u00ednica Girona\"},\"image\":{\"@id\":\"https:\\\/\\\/clinicagirona.cat\\\/#\\\/schema\\\/logo\\\/image\\\/\"},\"sameAs\":[\"http:\\\/\\\/www.facebook.com\\\/clinicagirona\",\"https:\\\/\\\/www.instagram.com\\\/clinicagirona\\\/\",\"http:\\\/\\\/www.youtube.com\\\/clinicagirona\",\"http:\\\/\\\/www.linkedin.com\\\/in\\\/clnica-girona-130222b6\\\/\"]}]}<\/script>\n<!-- \/ Yoast SEO plugin. -->","yoast_head_json":{"title":"Pol\u00edtica de Privacidad - Cl\u00ednica Girona","robots":{"index":"noindex","follow":"follow"},"og_locale":"en_GB","og_type":"article","og_title":"Pol\u00edtica de Privacidad - Cl\u00ednica Girona","og_description":"Cl\u00ednica Girona S.A., en cumplimiento del Reglamento Europeo de Protecci\u00f3n de Datos 679\/2016, garantiza la protecci\u00f3n y la confidencialidad de","og_url":"https:\/\/clinicagirona.cat\/en\/politica-de-privacidad\/","og_site_name":"Cl\u00ednica Girona","article_publisher":"http:\/\/www.facebook.com\/clinicagirona","article_modified_time":"2025-07-09T10:06:53+00:00","og_image":[{"width":900,"height":608,"url":"https:\/\/clinicagirona.cat\/wp-content\/uploads\/2025\/05\/clinica-girona-frontal-b.jpg","type":"image\/jpeg"}],"twitter_card":"summary_large_image","twitter_misc":{"Estimated reading time":"7 minutes"},"schema":{"@context":"https:\/\/schema.org","@graph":[{"@type":"WebPage","@id":"https:\/\/clinicagirona.cat\/politica-de-privacidad\/","url":"https:\/\/clinicagirona.cat\/politica-de-privacidad\/","name":"Pol\u00edtica de Privacidad - Cl\u00ednica Girona","isPartOf":{"@id":"https:\/\/clinicagirona.cat\/#website"},"datePublished":"2025-07-09T10:06:52+00:00","dateModified":"2025-07-09T10:06:53+00:00","breadcrumb":{"@id":"https:\/\/clinicagirona.cat\/politica-de-privacidad\/#breadcrumb"},"inLanguage":"en-GB","potentialAction":[{"@type":"ReadAction","target":["https:\/\/clinicagirona.cat\/politica-de-privacidad\/"]}]},{"@type":"BreadcrumbList","@id":"https:\/\/clinicagirona.cat\/politica-de-privacidad\/#breadcrumb","itemListElement":[{"@type":"ListItem","position":1,"name":"Inici","item":"https:\/\/clinicagirona.cat\/"},{"@type":"ListItem","position":2,"name":"Pol\u00edtica de Privacidad"}]},{"@type":"WebSite","@id":"https:\/\/clinicagirona.cat\/#website","url":"https:\/\/clinicagirona.cat\/","name":"Cl\u00ednica Girona","description":"We look after your health, we look after you","publisher":{"@id":"https:\/\/clinicagirona.cat\/#organization"},"potentialAction":[{"@type":"SearchAction","target":{"@type":"EntryPoint","urlTemplate":"https:\/\/clinicagirona.cat\/?s={search_term_string}"},"query-input":{"@type":"PropertyValueSpecification","valueRequired":true,"valueName":"search_term_string"}}],"inLanguage":"en-GB"},{"@type":"Organization","@id":"https:\/\/clinicagirona.cat\/#organization","name":"Cl\u00ednica Girona","url":"https:\/\/clinicagirona.cat\/","logo":{"@type":"ImageObject","inLanguage":"en-GB","@id":"https:\/\/clinicagirona.cat\/#\/schema\/logo\/image\/","url":"https:\/\/clinicagirona.cat\/wp-content\/uploads\/2026\/04\/clinica-girona-logo-quadrat.jpg","contentUrl":"https:\/\/clinicagirona.cat\/wp-content\/uploads\/2026\/04\/clinica-girona-logo-quadrat.jpg","width":1000,"height":1000,"caption":"Cl\u00ednica Girona"},"image":{"@id":"https:\/\/clinicagirona.cat\/#\/schema\/logo\/image\/"},"sameAs":["http:\/\/www.facebook.com\/clinicagirona","https:\/\/www.instagram.com\/clinicagirona\/","http:\/\/www.youtube.com\/clinicagirona","http:\/\/www.linkedin.com\/in\/clnica-girona-130222b6\/"]}]}},"_links":{"self":[{"href":"https:\/\/clinicagirona.cat\/en\/wp-json\/wp\/v2\/pages\/34621","targetHints":{"allow":["GET"]}}],"collection":[{"href":"https:\/\/clinicagirona.cat\/en\/wp-json\/wp\/v2\/pages"}],"about":[{"href":"https:\/\/clinicagirona.cat\/en\/wp-json\/wp\/v2\/types\/page"}],"author":[{"embeddable":true,"href":"https:\/\/clinicagirona.cat\/en\/wp-json\/wp\/v2\/users\/1"}],"replies":[{"embeddable":true,"href":"https:\/\/clinicagirona.cat\/en\/wp-json\/wp\/v2\/comments?post=34621"}],"version-history":[{"count":1,"href":"https:\/\/clinicagirona.cat\/en\/wp-json\/wp\/v2\/pages\/34621\/revisions"}],"predecessor-version":[{"id":34626,"href":"https:\/\/clinicagirona.cat\/en\/wp-json\/wp\/v2\/pages\/34621\/revisions\/34626"}],"wp:attachment":[{"href":"https:\/\/clinicagirona.cat\/en\/wp-json\/wp\/v2\/media?parent=34621"}],"curies":[{"name":"wp","href":"https:\/\/api.w.org\/{rel}","templated":true}]}}