{"id":34637,"date":"2025-07-09T12:29:56","date_gmt":"2025-07-09T10:29:56","guid":{"rendered":"https:\/\/clinicagirona.cat\/?page_id=34637"},"modified":"2025-07-09T12:30:00","modified_gmt":"2025-07-09T10:30:00","slug":"data-protection-officer-2","status":"publish","type":"page","link":"https:\/\/clinicagirona.cat\/en\/delegado-de-proteccion-de-datos\/","title":{"rendered":"Group Data Protection Officer, Cl\u00ednica Girona"},"content":{"rendered":"<p>Telephone: 972 010 300<br>Carrer de Barcelona 206, 17005 Girona<br>Email:\u00a0<a href=\"mailto:protecciodades@clinicagirona.cat\"><span style=\"text-decoration: underline;\">protecciodades@clinicagirona.cat<\/span><\/a><\/p>\n\n\n\n<p><br>Cl\u00ednica Girona, as Data Controller, in compliance with Regulation (EU) 2016\/679 of the European Parliament and of the Council of 27 April 2016 on the protection of individuals with regard to the processing of personal data and on the free movement of such data, hereafter GDPR, hereby informs you that it adheres to the Standard Code of the Catalan Union of Hospitals (UCH), with registration number CT151, in compliance with Organic Law 15\/1999 on the Protection of Personal Data (LOPD), and that it has a Data Protection Officer who ensures the correct processing of your data, which will only be used to fulfil the purpose and objectives for which they have been provided. Cl\u00ednica Girona will process this agreement in accordance with legal requirements, taking appropriate security measures to guarantee the confidentiality and integrity of the information in accordance with the provisions of the new GDPR and other applicable legislation.<\/p>\n\n\n\n<p>Cl\u00ednica Girona informs you that you have the right to access, rectify, erase, restrict processing, data portability, and object to the processing of your data as stipulated in the data protection regulations. To exercise these rights, you must contact the Data Protection Officer in writing at C\/ de Barcelona 206 (17005-Girona) or by email at\u00a0<a href=\"mailto:protecciodades@clinicagirona.cat\"><span style=\"text-decoration: underline;\">protecciodades@clinicagirona.cat<\/span><\/a>; in any case, a photocopy of your national identity document or equivalent must be attached.<\/p>\n\n\n\n<p>Here is a PDF with the\u00a0<a href=\"\/wp-content\/uploads\/2025\/05\/DRETS-RGPD.pdf\" target=\"_blank\" rel=\"noreferrer noopener\"><span style=\"text-decoration: underline;\">RIGHTS FORM<\/span><\/a>.<\/p>\n\n\n\n<p>Likewise, you are informed of your right to lodge a complaint with the competent supervisory authority, in accordance with the procedure applicable to the specific case.<\/p>\n\n\n\n<div style=\"height:60px\" aria-hidden=\"true\" class=\"wp-block-spacer\"><\/div>\n\n\n\n<p><\/p>","protected":false},"excerpt":{"rendered":"<p>Telephone: 972 010 300\nCarrer de Barcelona 206, 17005 GIRONA\nEmail: protecciodades@clinicagirona.cat\nCl\u00ednica Girona, Data Controller, in compliance with Regulation (EU) 2016\/679<\/p>","protected":false},"author":1,"featured_media":0,"parent":0,"menu_order":0,"comment_status":"closed","ping_status":"closed","template":"","meta":{"footnotes":""},"class_list":["post-34637","page","type-page","status-publish","hentry"],"yoast_head":"<!-- This site is optimized with the Yoast SEO plugin v27.5 - https:\/\/yoast.com\/product\/yoast-seo-wordpress\/ -->\n<title>Delegado de Protecci\u00f3n de Datos del Grupo Cl\u00ednica Girona - Cl\u00ednica Girona<\/title>\n<meta name=\"robots\" content=\"noindex, follow\" \/>\n<meta property=\"og:locale\" content=\"en_GB\" \/>\n<meta property=\"og:type\" content=\"article\" \/>\n<meta property=\"og:title\" content=\"Delegado de Protecci\u00f3n de Datos del Grupo Cl\u00ednica Girona - Cl\u00ednica Girona\" \/>\n<meta property=\"og:description\" content=\"Tel\u00e9fono: 972 010 300Carrer de Barcelona 206, 17005 GIRONAEmail:\u00a0protecciodades@clinicagirona.cat Cl\u00ednica Girona, Responsable del Tratamiento, en cumplimiento del Reglamento (UE) 2016\/679\" \/>\n<meta property=\"og:url\" content=\"https:\/\/clinicagirona.cat\/en\/data-protection-officer-2\/\" \/>\n<meta property=\"og:site_name\" content=\"Cl\u00ednica Girona\" \/>\n<meta property=\"article:publisher\" content=\"http:\/\/www.facebook.com\/clinicagirona\" \/>\n<meta property=\"article:modified_time\" content=\"2025-07-09T10:30:00+00:00\" \/>\n<meta property=\"og:image\" content=\"https:\/\/clinicagirona.cat\/wp-content\/uploads\/2025\/05\/clinica-girona-frontal-b.jpg\" \/>\n\t<meta property=\"og:image:width\" content=\"900\" \/>\n\t<meta property=\"og:image:height\" content=\"608\" \/>\n\t<meta property=\"og:image:type\" content=\"image\/jpeg\" \/>\n<meta name=\"twitter:card\" content=\"summary_large_image\" \/>\n<meta name=\"twitter:label1\" content=\"Estimated reading time\" \/>\n\t<meta name=\"twitter:data1\" content=\"2 minutes\" \/>\n<script type=\"application\/ld+json\" class=\"yoast-schema-graph\">{\"@context\":\"https:\\\/\\\/schema.org\",\"@graph\":[{\"@type\":\"WebPage\",\"@id\":\"https:\\\/\\\/clinicagirona.cat\\\/delegado-de-proteccion-de-datos\\\/\",\"url\":\"https:\\\/\\\/clinicagirona.cat\\\/delegado-de-proteccion-de-datos\\\/\",\"name\":\"Delegado de Protecci\u00f3n de Datos del Grupo Cl\u00ednica Girona - Cl\u00ednica Girona\",\"isPartOf\":{\"@id\":\"https:\\\/\\\/clinicagirona.cat\\\/#website\"},\"datePublished\":\"2025-07-09T10:29:56+00:00\",\"dateModified\":\"2025-07-09T10:30:00+00:00\",\"breadcrumb\":{\"@id\":\"https:\\\/\\\/clinicagirona.cat\\\/delegado-de-proteccion-de-datos\\\/#breadcrumb\"},\"inLanguage\":\"en-GB\",\"potentialAction\":[{\"@type\":\"ReadAction\",\"target\":[\"https:\\\/\\\/clinicagirona.cat\\\/delegado-de-proteccion-de-datos\\\/\"]}]},{\"@type\":\"BreadcrumbList\",\"@id\":\"https:\\\/\\\/clinicagirona.cat\\\/delegado-de-proteccion-de-datos\\\/#breadcrumb\",\"itemListElement\":[{\"@type\":\"ListItem\",\"position\":1,\"name\":\"Inici\",\"item\":\"https:\\\/\\\/clinicagirona.cat\\\/\"},{\"@type\":\"ListItem\",\"position\":2,\"name\":\"Delegado de Protecci\u00f3n de Datos del Grupo Cl\u00ednica Girona\"}]},{\"@type\":\"WebSite\",\"@id\":\"https:\\\/\\\/clinicagirona.cat\\\/#website\",\"url\":\"https:\\\/\\\/clinicagirona.cat\\\/\",\"name\":\"Cl\u00ednica Girona\",\"description\":\"Cuidem la teva salut, et cuidem a tu\",\"publisher\":{\"@id\":\"https:\\\/\\\/clinicagirona.cat\\\/#organization\"},\"potentialAction\":[{\"@type\":\"SearchAction\",\"target\":{\"@type\":\"EntryPoint\",\"urlTemplate\":\"https:\\\/\\\/clinicagirona.cat\\\/?s={search_term_string}\"},\"query-input\":{\"@type\":\"PropertyValueSpecification\",\"valueRequired\":true,\"valueName\":\"search_term_string\"}}],\"inLanguage\":\"en-GB\"},{\"@type\":\"Organization\",\"@id\":\"https:\\\/\\\/clinicagirona.cat\\\/#organization\",\"name\":\"Cl\u00ednica Girona\",\"url\":\"https:\\\/\\\/clinicagirona.cat\\\/\",\"logo\":{\"@type\":\"ImageObject\",\"inLanguage\":\"en-GB\",\"@id\":\"https:\\\/\\\/clinicagirona.cat\\\/#\\\/schema\\\/logo\\\/image\\\/\",\"url\":\"https:\\\/\\\/clinicagirona.cat\\\/wp-content\\\/uploads\\\/2026\\\/04\\\/clinica-girona-logo-quadrat.jpg\",\"contentUrl\":\"https:\\\/\\\/clinicagirona.cat\\\/wp-content\\\/uploads\\\/2026\\\/04\\\/clinica-girona-logo-quadrat.jpg\",\"width\":1000,\"height\":1000,\"caption\":\"Cl\u00ednica Girona\"},\"image\":{\"@id\":\"https:\\\/\\\/clinicagirona.cat\\\/#\\\/schema\\\/logo\\\/image\\\/\"},\"sameAs\":[\"http:\\\/\\\/www.facebook.com\\\/clinicagirona\",\"https:\\\/\\\/www.instagram.com\\\/clinicagirona\\\/\",\"http:\\\/\\\/www.youtube.com\\\/clinicagirona\",\"http:\\\/\\\/www.linkedin.com\\\/in\\\/clnica-girona-130222b6\\\/\"]}]}<\/script>\n<!-- \/ Yoast SEO plugin. -->","yoast_head_json":{"title":"Data Protection Officer for the Girona Clinic Group - Girona Clinic","robots":{"index":"noindex","follow":"follow"},"og_locale":"en_GB","og_type":"article","og_title":"Delegado de Protecci\u00f3n de Datos del Grupo Cl\u00ednica Girona - Cl\u00ednica Girona","og_description":"Tel\u00e9fono: 972 010 300Carrer de Barcelona 206, 17005 GIRONAEmail:\u00a0protecciodades@clinicagirona.cat Cl\u00ednica Girona, Responsable del Tratamiento, en cumplimiento del Reglamento (UE) 2016\/679","og_url":"https:\/\/clinicagirona.cat\/en\/data-protection-officer-2\/","og_site_name":"Cl\u00ednica Girona","article_publisher":"http:\/\/www.facebook.com\/clinicagirona","article_modified_time":"2025-07-09T10:30:00+00:00","og_image":[{"width":900,"height":608,"url":"https:\/\/clinicagirona.cat\/wp-content\/uploads\/2025\/05\/clinica-girona-frontal-b.jpg","type":"image\/jpeg"}],"twitter_card":"summary_large_image","twitter_misc":{"Estimated reading time":"2 minutes"},"schema":{"@context":"https:\/\/schema.org","@graph":[{"@type":"WebPage","@id":"https:\/\/clinicagirona.cat\/delegado-de-proteccion-de-datos\/","url":"https:\/\/clinicagirona.cat\/delegado-de-proteccion-de-datos\/","name":"Data Protection Officer for the Girona Clinic Group - Girona Clinic","isPartOf":{"@id":"https:\/\/clinicagirona.cat\/#website"},"datePublished":"2025-07-09T10:29:56+00:00","dateModified":"2025-07-09T10:30:00+00:00","breadcrumb":{"@id":"https:\/\/clinicagirona.cat\/delegado-de-proteccion-de-datos\/#breadcrumb"},"inLanguage":"en-GB","potentialAction":[{"@type":"ReadAction","target":["https:\/\/clinicagirona.cat\/delegado-de-proteccion-de-datos\/"]}]},{"@type":"BreadcrumbList","@id":"https:\/\/clinicagirona.cat\/delegado-de-proteccion-de-datos\/#breadcrumb","itemListElement":[{"@type":"ListItem","position":1,"name":"Inici","item":"https:\/\/clinicagirona.cat\/"},{"@type":"ListItem","position":2,"name":"Delegado de Protecci\u00f3n de Datos del Grupo Cl\u00ednica Girona"}]},{"@type":"WebSite","@id":"https:\/\/clinicagirona.cat\/#website","url":"https:\/\/clinicagirona.cat\/","name":"Cl\u00ednica Girona","description":"We look after your health, we look after you","publisher":{"@id":"https:\/\/clinicagirona.cat\/#organization"},"potentialAction":[{"@type":"SearchAction","target":{"@type":"EntryPoint","urlTemplate":"https:\/\/clinicagirona.cat\/?s={search_term_string}"},"query-input":{"@type":"PropertyValueSpecification","valueRequired":true,"valueName":"search_term_string"}}],"inLanguage":"en-GB"},{"@type":"Organization","@id":"https:\/\/clinicagirona.cat\/#organization","name":"Cl\u00ednica Girona","url":"https:\/\/clinicagirona.cat\/","logo":{"@type":"ImageObject","inLanguage":"en-GB","@id":"https:\/\/clinicagirona.cat\/#\/schema\/logo\/image\/","url":"https:\/\/clinicagirona.cat\/wp-content\/uploads\/2026\/04\/clinica-girona-logo-quadrat.jpg","contentUrl":"https:\/\/clinicagirona.cat\/wp-content\/uploads\/2026\/04\/clinica-girona-logo-quadrat.jpg","width":1000,"height":1000,"caption":"Cl\u00ednica Girona"},"image":{"@id":"https:\/\/clinicagirona.cat\/#\/schema\/logo\/image\/"},"sameAs":["http:\/\/www.facebook.com\/clinicagirona","https:\/\/www.instagram.com\/clinicagirona\/","http:\/\/www.youtube.com\/clinicagirona","http:\/\/www.linkedin.com\/in\/clnica-girona-130222b6\/"]}]}},"_links":{"self":[{"href":"https:\/\/clinicagirona.cat\/en\/wp-json\/wp\/v2\/pages\/34637","targetHints":{"allow":["GET"]}}],"collection":[{"href":"https:\/\/clinicagirona.cat\/en\/wp-json\/wp\/v2\/pages"}],"about":[{"href":"https:\/\/clinicagirona.cat\/en\/wp-json\/wp\/v2\/types\/page"}],"author":[{"embeddable":true,"href":"https:\/\/clinicagirona.cat\/en\/wp-json\/wp\/v2\/users\/1"}],"replies":[{"embeddable":true,"href":"https:\/\/clinicagirona.cat\/en\/wp-json\/wp\/v2\/comments?post=34637"}],"version-history":[{"count":1,"href":"https:\/\/clinicagirona.cat\/en\/wp-json\/wp\/v2\/pages\/34637\/revisions"}],"predecessor-version":[{"id":34639,"href":"https:\/\/clinicagirona.cat\/en\/wp-json\/wp\/v2\/pages\/34637\/revisions\/34639"}],"wp:attachment":[{"href":"https:\/\/clinicagirona.cat\/en\/wp-json\/wp\/v2\/media?parent=34637"}],"curies":[{"name":"wp","href":"https:\/\/api.w.org\/{rel}","templated":true}]}}