{"id":29361,"date":"2025-05-08T11:41:39","date_gmt":"2025-05-08T09:41:39","guid":{"rendered":"https:\/\/clinicagirona.cat\/?page_id=29361"},"modified":"2026-03-11T11:09:04","modified_gmt":"2026-03-11T10:09:04","slug":"medicina-nuclear","status":"publish","type":"page","link":"https:\/\/clinicagirona.cat\/es\/especialitats\/medicina-nuclear\/","title":{"rendered":"Medicina Nuclear"},"content":{"rendered":"<div data-elementor-type=\"wp-page\" data-elementor-id=\"29361\" class=\"elementor elementor-29361\">\n\t\t\t\t<div class=\"wd-negative-gap elementor-element elementor-element-87be594 e-flex e-con-boxed e-con e-parent\" data-id=\"87be594\" data-element_type=\"container\" data-e-type=\"container\">\n\t\t\t\t\t<div class=\"e-con-inner\">\n\t\t\t\t<div class=\"elementor-element elementor-element-ae42b2d wd-width-100 elementor-widget elementor-widget-wd_title\" data-id=\"ae42b2d\" data-element_type=\"widget\" data-e-type=\"widget\" data-widget_type=\"wd_title.default\">\n\t\t\t\t<div class=\"elementor-widget-container\">\n\t\t\t\t\t\t\t<div class=\"title-wrapper wd-set-mb reset-last-child wd-title-color-default wd-title-style-default wd-title-size-medium text-left\">\n\n\t\t\t\n\t\t\t<div class=\"liner-continer\">\n\t\t\t\t<h2 class=\"woodmart-title-container title wd-fontsize-xl\">Servicio de Medicina Nuclear de Cl\u00ednica Girona: Imagen molecular y tratamiento preciso<br \/>\n<\/h2> \n\t\t\t\t\t\t\t<\/div>\n\n\t\t\t\t\t<\/div>\n\t\t\t\t\t\t<\/div>\n\t\t\t\t<\/div>\n\t\t\t\t\t<\/div>\n\t\t\t\t<\/div>\n\t\t<div class=\"wd-negative-gap elementor-element elementor-element-ce2f3f6 e-flex e-con-boxed e-con e-parent\" data-id=\"ce2f3f6\" data-element_type=\"container\" data-e-type=\"container\">\n\t\t\t\t\t<div class=\"e-con-inner\">\n\t\t<div class=\"elementor-element elementor-element-826aa5e e-con-full e-flex e-con e-child\" data-id=\"826aa5e\" data-element_type=\"container\" data-e-type=\"container\">\n\t\t\t\t<div class=\"elementor-element elementor-element-969a311 wd-width-100 elementor-widget elementor-widget-wd_title\" data-id=\"969a311\" data-element_type=\"widget\" data-e-type=\"widget\" data-widget_type=\"wd_title.default\">\n\t\t\t\t<div class=\"elementor-widget-container\">\n\t\t\t\t\t\t\t<div class=\"title-wrapper wd-set-mb reset-last-child wd-title-color-default wd-title-style-default wd-title-size-default text-center\">\n\n\t\t\t\n\t\t\t<div class=\"liner-continer\">\n\t\t\t\t<h4 class=\"woodmart-title-container title wd-fontsize-l\">Contacto<\/h4> \n\t\t\t\t\t\t\t<\/div>\n\n\t\t\t\t\t<\/div>\n\t\t\t\t\t\t<\/div>\n\t\t\t\t<\/div>\n\t\t\t\t<div class=\"elementor-element elementor-element-005973b elementor-align-center elementor-icon-list--layout-traditional elementor-list-item-link-full_width elementor-widget elementor-widget-icon-list\" data-id=\"005973b\" data-element_type=\"widget\" data-e-type=\"widget\" data-widget_type=\"icon-list.default\">\n\t\t\t\t<div class=\"elementor-widget-container\">\n\t\t\t\t\t\t\t<ul class=\"elementor-icon-list-items\">\n\t\t\t\t\t\t\t<li class=\"elementor-icon-list-item\">\n\t\t\t\t\t\t\t\t\t\t\t<span class=\"elementor-icon-list-icon\">\n\t\t\t\t\t\t\t<svg aria-hidden=\"true\" class=\"e-font-icon-svg e-fas-map-pin\" viewbox=\"0 0 288 512\" xmlns=\"http:\/\/www.w3.org\/2000\/svg\"><path d=\"M112 316.94v156.69l22.02 33.02c4.75 7.12 15.22 7.12 19.97 0L176 473.63V316.94c-10.39 1.92-21.06 3.06-32 3.06s-21.61-1.14-32-3.06zM144 0C64.47 0 0 64.47 0 144s64.47 144 144 144 144-64.47 144-144S223.53 0 144 0zm0 76c-37.5 0-68 30.5-68 68 0 6.62-5.38 12-12 12s-12-5.38-12-12c0-50.73 41.28-92 92-92 6.62 0 12 5.38 12 12s-5.38 12-12 12z\"><\/path><\/svg>\t\t\t\t\t\t<\/span>\n\t\t\t\t\t\t\t\t\t\t<span class=\"elementor-icon-list-text\">Planta -1<\/span>\n\t\t\t\t\t\t\t\t\t<\/li>\n\t\t\t\t\t\t\t\t<li class=\"elementor-icon-list-item\">\n\t\t\t\t\t\t\t\t\t\t\t<span class=\"elementor-icon-list-icon\">\n\t\t\t\t\t\t\t<svg aria-hidden=\"true\" class=\"e-font-icon-svg e-fas-mobile-alt\" viewbox=\"0 0 320 512\" xmlns=\"http:\/\/www.w3.org\/2000\/svg\"><path d=\"M272 0H48C21.5 0 0 21.5 0 48v416c0 26.5 21.5 48 48 48h224c26.5 0 48-21.5 48-48V48c0-26.5-21.5-48-48-48zM160 480c-17.7 0-32-14.3-32-32s14.3-32 32-32 32 14.3 32 32-14.3 32-32 32zm112-108c0 6.6-5.4 12-12 12H60c-6.6 0-12-5.4-12-12V60c0-6.6 5.4-12 12-12h200c6.6 0 12 5.4 12 12v312z\"><\/path><\/svg>\t\t\t\t\t\t<\/span>\n\t\t\t\t\t\t\t\t\t\t<span class=\"elementor-icon-list-text\">972 225 599<\/span>\n\t\t\t\t\t\t\t\t\t<\/li>\n\t\t\t\t\t\t<\/ul>\n\t\t\t\t\t\t<\/div>\n\t\t\t\t<\/div>\n\t\t\t\t<div class=\"elementor-element elementor-element-5e1d7ab elementor-widget elementor-widget-wd_button\" data-id=\"5e1d7ab\" data-element_type=\"widget\" data-e-type=\"widget\" data-widget_type=\"wd_button.default\">\n\t\t\t\t<div class=\"elementor-widget-container\">\n\t\t\t\t\t\t\t<div class=\"wd-button-wrapper text-center\" >\n\t\t\t<a class=\"btn btn-style-default btn-shape-rectangle btn-size-default btn-color-primary btn-full-width btn-icon-pos-right\"  href=\"https:\/\/www.cetir.com\/\" target=\"_blank\">\n\t\t\t\t<span class=\"wd-btn-text\" data-elementor-setting-key=\"text\">\n\t\t\t\t\tP\u00e1gina web Cetir\t\t\t\t<\/span>\n\n\t\t\t\t\t\t\t<\/a>\n\t\t<\/div>\n\t\t\t\t\t\t<\/div>\n\t\t\t\t<\/div>\n\t\t\t\t<\/div>\n\t\t<div class=\"elementor-element elementor-element-dabf0aa e-con-full e-flex e-con e-child\" data-id=\"dabf0aa\" data-element_type=\"container\" data-e-type=\"container\">\n\t\t\t\t<div class=\"elementor-element elementor-element-21119cb color-scheme-inherit text-left elementor-widget elementor-widget-text-editor\" data-id=\"21119cb\" data-element_type=\"widget\" data-e-type=\"widget\" data-widget_type=\"text-editor.default\">\n\t\t\t\t<div class=\"elementor-widget-container\">\n\t\t\t\t\t\t\t\t\t<p>En el Servicio de Medicina Nuclear de Cl\u00ednica Girona utilizamos peque\u00f1as cantidades de sustancias radiactivas (radiof\u00e1rmacos) para obtener im\u00e1genes funcionales y moleculares del interior del cuerpo, as\u00ed como para el tratamiento de ciertas enfermedades. Esta especialidad nos permite evaluar el funcionamiento de los \u00f3rganos y tejidos a nivel celular, proporcionando<strong> informaci\u00f3n crucial para el diagn\u00f3stico precoz<\/strong>, la estadificaci\u00f3n y el seguimiento de diversas patolog\u00edas, incluyendo el c\u00e1ncer, enfermedades card\u00edacas y neurol\u00f3gicas.<\/p>\t\t\t\t\t\t\t\t<\/div>\n\t\t\t\t<\/div>\n\t\t\t\t<div class=\"elementor-element elementor-element-a282ab2 color-scheme-inherit text-left elementor-widget elementor-widget-text-editor\" data-id=\"a282ab2\" data-element_type=\"widget\" data-e-type=\"widget\" data-widget_type=\"text-editor.default\">\n\t\t\t\t<div class=\"elementor-widget-container\">\n\t\t\t\t\t\t\t\t\t<p>A diferencia de otras t\u00e9cnicas de imagen que principalmente muestran la estructura de los \u00f3rganos, la medicina nuclear nos permite observar<strong> c\u00f3mo funcionan los \u00f3rganos y los tejidos<\/strong>. Los radiof\u00e1rmacos se distribuyen por el organismo y emiten una peque\u00f1a cantidad de radiaci\u00f3n que es detectada por equipos especializados, creando im\u00e1genes que reflejan la actividad metab\u00f3lica y los procesos biol\u00f3gicos a nivel molecular.<\/p>\t\t\t\t\t\t\t\t<\/div>\n\t\t\t\t<\/div>\n\t\t\t\t<\/div>\n\t\t\t\t\t<\/div>\n\t\t\t\t<\/div>\n\t\t<div class=\"wd-negative-gap elementor-element elementor-element-069116f e-flex e-con-boxed e-con e-parent\" data-id=\"069116f\" data-element_type=\"container\" data-e-type=\"container\">\n\t\t\t\t\t<div class=\"e-con-inner\">\n\t\t\t\t<div class=\"elementor-element elementor-element-c11b20f elementor-widget elementor-widget-n-accordion\" data-id=\"c11b20f\" data-element_type=\"widget\" data-e-type=\"widget\" data-settings=\"{&quot;default_state&quot;:&quot;all_collapsed&quot;,&quot;max_items_expended&quot;:&quot;one&quot;,&quot;n_accordion_animation_duration&quot;:{&quot;unit&quot;:&quot;ms&quot;,&quot;size&quot;:400,&quot;sizes&quot;:[]}}\" data-widget_type=\"nested-accordion.default\">\n\t\t\t\t<div class=\"elementor-widget-container\">\n\t\t\t\t\t\t\t<div class=\"e-n-accordion\" aria-label=\"\u00bfCl\u00ednica Girona es accesible para personas con movilidad reducida?\">\n\t\t\t\t\t\t<details id=\"e-n-accordion-item-2020\" class=\"e-n-accordion-item\" >\n\t\t\t\t<summary class=\"e-n-accordion-item-title\" data-accordion-index=\"1\" tabindex=\"0\" aria-expanded=\"false\" aria-controls=\"e-n-accordion-item-2020\" >\n\t\t\t\t\t<span class='e-n-accordion-item-title-header'><div class=\"e-n-accordion-item-title-text\"> Servicio ambulatorio <\/div><\/span>\n\t\t\t\t\t\t\t<span class='e-n-accordion-item-title-icon'>\n\t\t\t<span class='e-opened' ><svg aria-hidden=\"true\" class=\"e-font-icon-svg e-fas-minus\" viewbox=\"0 0 448 512\" xmlns=\"http:\/\/www.w3.org\/2000\/svg\"><path d=\"M416 208H32c-17.67 0-32 14.33-32 32v32c0 17.67 14.33 32 32 32h384c17.67 0 32-14.33 32-32v-32c0-17.67-14.33-32-32-32z\"><\/path><\/svg><\/span>\n\t\t\t<span class='e-closed'><svg aria-hidden=\"true\" class=\"e-font-icon-svg e-fas-plus\" viewbox=\"0 0 448 512\" xmlns=\"http:\/\/www.w3.org\/2000\/svg\"><path d=\"M416 208H272V64c0-17.67-14.33-32-32-32h-32c-17.67 0-32 14.33-32 32v144H32c-17.67 0-32 14.33-32 32v32c0 17.67 14.33 32 32 32h144v144c0 17.67 14.33 32 32 32h32c17.67 0 32-14.33 32-32V304h144c17.67 0 32-14.33 32-32v-32c0-17.67-14.33-32-32-32z\"><\/path><\/svg><\/span>\n\t\t<\/span>\n\n\t\t\t\t\t\t<\/summary>\n\t\t\t\t<div role=\"region\" aria-labelledby=\"e-n-accordion-item-2020\" class=\"elementor-element elementor-element-9cbf22b e-con-full e-flex e-con e-child\" data-id=\"9cbf22b\" data-element_type=\"container\" data-e-type=\"container\" data-settings=\"{&quot;background_background&quot;:&quot;classic&quot;}\">\n\t\t\t\t<div class=\"elementor-element elementor-element-e46b677 elementor-widget elementor-widget-wd_text_block\" data-id=\"e46b677\" data-element_type=\"widget\" data-e-type=\"widget\" data-widget_type=\"wd_text_block.default\">\n\t\t\t\t<div class=\"elementor-widget-container\">\n\t\t\t\t\t\t\t<div class=\"wd-text-block reset-last-child text-left color-primary\">\n\t\t\t\n\t\t\t<p><strong>Cardiolog\u00eda Nuclear:<\/strong><\/p><ul><li>SPECT de perfusi\u00f3n mioc\u00e1rdica.<\/li><li>Ventriculograf\u00eda de primer paso.<\/li><li>Ventriculograf\u00eda isot\u00f3pica.<\/li><li>Gammagraf\u00eda con pirofosfatos.<\/li><\/ul><p><strong>Sistema Nervioso Central:<\/strong><\/p><ul><li>Cisternogammagraf\u00eda.<\/li><li>SPECT cerebral de perfusi\u00f3n.<\/li><li>SPECT cerebral de receptores.<\/li><li>SPECT cerebral con Talio.<\/li><li>Angiogammagraf\u00eda cerebral.<\/li><\/ul><p><strong>Sistema Endocrino:<\/strong><\/p><ul><li>Gammagraf\u00eda tiroidea.<\/li><li>Gammagraf\u00eda paratiroidea.<\/li><li>Escaneo corporal total con Yodo 131.<\/li><li>Gammagraf\u00eda suprarrenal (corteza).<\/li><li>Gammagraf\u00eda con |123 MIBG.<br \/>Dacriocistogammagraf\u00eda.<\/li><\/ul><p><strong>Estudios Oncol\u00f3gicos:<\/strong><\/p><ul><li>Detecci\u00f3n del ganglio centinela.<\/li><li>Rastreo con Galio.<\/li><li>Gammagraf\u00eda con octre\u00f3tido.<\/li><li>Gammagraf\u00eda con anticuerpos monoclonales.<\/li><li>Gammagraf\u00eda de mama.<\/li><\/ul><p><strong>Sistema Digestivo:<\/strong><\/p><ul><li>Gammagraf\u00eda de las gl\u00e1ndulas salivales.<\/li><li>Tr\u00e1nsito esof\u00e1gico.<\/li><li>Reflujo gastroesof\u00e1gico. Microaspiraciones pulmonares.<\/li><li>Vaciado g\u00e1strico.<\/li><li>Gammagraf\u00eda del divert\u00edculo de Meckel.<\/li><li>Gammagraf\u00eda hepatoespl\u00e9nica.<\/li><li>Gammagraf\u00eda hepatobiliar.<\/li><li>Gammagraf\u00eda espl\u00e9nica.<\/li><li>Gammagraf\u00eda hep\u00e1tica con eritrocitos marcados.<\/li><li>Gammagraf\u00eda peritoneal.<\/li><li>Gammagraf\u00eda de hemorragia intestinal.<\/li><\/ul><p><strong>Sistema Urogenital:<\/strong><\/p><ul><li>Renograma con 99mTc-MAG3. Renograma con diur\u00e9tico.<\/li><li>Renograma con Captropril amb 99mTc-DTPA. Filtrado glomerular.<\/li><li>Cistogammagraf\u00eda indirecta.<\/li><li>Gammagraf\u00eda renal.<\/li><li>Gammagraf\u00eda testicular.<\/li><\/ul><p><strong>Exploraciones del esqueleto:<\/strong><\/p><ul><li>Gammagraf\u00eda \u00f3sea.<br \/>SPECT \u00f3seo.<\/li><li>Gammagraf\u00eda \u00f3sea con leucocitos.<\/li><li>Gammagraf\u00eda \u00f3sea con Galio<\/li><li>Gammagraf\u00eda medular (estudio del sistema ret\u00edculo-endotelial).<\/li><\/ul><p><strong>Exploraciones pulmonares:<\/strong><\/p><ul><li>Gammagraf\u00eda pulmonar de ventilaci\u00f3n.<\/li><li>Gammagraf\u00eda pulmonar de perfusi\u00f3n.<\/li><\/ul><p><strong>Sistema vascular perif\u00e9rico y sistema linf\u00e1tico:<\/strong><\/p><ul><li>Angiogammagraf\u00eda.<\/li><li>Flebogammagraf\u00eda.<\/li><li>Linfogammagraf\u00eda.<\/li><\/ul><p><strong>Terap\u00e9utica:<\/strong><\/p><ul><li>Tratamiento del hipertiroidismo.<\/li><li>Tratamiento del carcinoma de tiroides.<\/li><li>Terapia metab\u00f3lica con P32.<\/li><li>Sinovectom\u00eda.<\/li><li>Tratamiento con MIBG.<\/li><li>Tratamiento paliativo del dolor.<\/li><\/ul><p><strong>Inflamaci\u00f3n-Infecci\u00f3n:<\/strong><\/p><ul><li>Gammagraf\u00eda parcial con Galio.<\/li><li>Rastreo corporal con Galio.<\/li><li>Gammagraf\u00eda con leucocitos.<\/li><li>Rastreo corporal con leucocitos.<\/li><\/ul><p><strong>Estudio de receptores para el Parkinson<\/strong><\/p><p><strong>Met\u00e1stasis \u00f3seas. Pr\u00f3stata neo<\/strong><\/p>\n\t\t\t\t\t<\/div>\n\t\t\t\t\t\t<\/div>\n\t\t\t\t<\/div>\n\t\t\t\t<\/div>\n\t\t\t\t\t<\/details>\n\t\t\t\t\t<\/div>\n\t\t\t\t\t\t<\/div>\n\t\t\t\t<\/div>\n\t\t\t\t\t<\/div>\n\t\t\t\t<\/div>\n\t\t\t\t<\/div>","protected":false},"excerpt":{"rendered":"<p>Servicio de Medicina Nuclear de Cl\u00ednica Girona: Imagen molecular y tratamiento preciso Contacto Planta -1 972 225 599 P\u00e1gina web<\/p>","protected":false},"author":1,"featured_media":32042,"parent":28790,"menu_order":0,"comment_status":"closed","ping_status":"closed","template":"","meta":{"footnotes":""},"class_list":["post-29361","page","type-page","status-publish","has-post-thumbnail","hentry"],"yoast_head":"<!-- This site is optimized with the Yoast SEO plugin v27.4 - https:\/\/yoast.com\/product\/yoast-seo-wordpress\/ -->\n<title>Medicina Nuclear - Cl\u00ednica Girona - Especialitats<\/title>\n<meta name=\"description\" content=\"Al Servei de Medicina Nuclear de Cl\u00ednica Girona, utilitzem petites quantitats de subst\u00e0ncies radioactives (radiof\u00e0rmacs) per obtenir imatges funcionals i moleculars de l&#039;interior del cos, aix\u00ed com per al tractament de certes malalties.\" \/>\n<meta name=\"robots\" content=\"index, follow, max-snippet:-1, max-image-preview:large, max-video-preview:-1\" \/>\n<link rel=\"canonical\" href=\"https:\/\/clinicagirona.cat\/es\/especialidades\/medicina-nuclear\/\" \/>\n<meta property=\"og:locale\" content=\"es_ES\" \/>\n<meta property=\"og:type\" content=\"article\" \/>\n<meta property=\"og:title\" content=\"Medicina Nuclear - Cl\u00ednica Girona - Especialitats\" \/>\n<meta property=\"og:description\" content=\"Al Servei de Medicina Nuclear de Cl\u00ednica Girona, utilitzem petites quantitats de subst\u00e0ncies radioactives (radiof\u00e0rmacs) per obtenir imatges funcionals i moleculars de l&#039;interior del cos, aix\u00ed com per al tractament de certes malalties.\" \/>\n<meta property=\"og:url\" content=\"https:\/\/clinicagirona.cat\/es\/especialidades\/medicina-nuclear\/\" \/>\n<meta property=\"og:site_name\" content=\"Cl\u00ednica Girona\" \/>\n<meta property=\"article:publisher\" content=\"http:\/\/www.facebook.com\/clinicagirona\" \/>\n<meta property=\"article:modified_time\" content=\"2026-03-11T10:09:04+00:00\" \/>\n<meta property=\"og:image\" content=\"https:\/\/clinicagirona.cat\/wp-content\/uploads\/2025\/05\/medicina-nuclear-banner-.jpg\" \/>\n\t<meta property=\"og:image:width\" content=\"900\" \/>\n\t<meta property=\"og:image:height\" content=\"600\" \/>\n\t<meta property=\"og:image:type\" content=\"image\/jpeg\" \/>\n<meta name=\"twitter:card\" content=\"summary_large_image\" \/>\n<meta name=\"twitter:label1\" content=\"Tiempo de lectura\" \/>\n\t<meta name=\"twitter:data1\" content=\"4 minutos\" \/>\n<script type=\"application\/ld+json\" class=\"yoast-schema-graph\">{\"@context\":\"https:\\\/\\\/schema.org\",\"@graph\":[{\"@type\":\"WebPage\",\"@id\":\"https:\\\/\\\/clinicagirona.cat\\\/especialitats\\\/medicina-nuclear\\\/\",\"url\":\"https:\\\/\\\/clinicagirona.cat\\\/especialitats\\\/medicina-nuclear\\\/\",\"name\":\"Medicina Nuclear - Cl\u00ednica Girona - Especialitats\",\"isPartOf\":{\"@id\":\"https:\\\/\\\/clinicagirona.cat\\\/#website\"},\"primaryImageOfPage\":{\"@id\":\"https:\\\/\\\/clinicagirona.cat\\\/especialitats\\\/medicina-nuclear\\\/#primaryimage\"},\"image\":{\"@id\":\"https:\\\/\\\/clinicagirona.cat\\\/especialitats\\\/medicina-nuclear\\\/#primaryimage\"},\"thumbnailUrl\":\"https:\\\/\\\/clinicagirona.cat\\\/wp-content\\\/uploads\\\/2025\\\/05\\\/medicina-nuclear-banner-.jpg\",\"datePublished\":\"2025-05-08T09:41:39+00:00\",\"dateModified\":\"2026-03-11T10:09:04+00:00\",\"description\":\"Al Servei de Medicina Nuclear de Cl\u00ednica Girona, utilitzem petites quantitats de subst\u00e0ncies radioactives (radiof\u00e0rmacs) per obtenir imatges funcionals i moleculars de l'interior del cos, aix\u00ed com per al tractament de certes malalties.\",\"breadcrumb\":{\"@id\":\"https:\\\/\\\/clinicagirona.cat\\\/especialitats\\\/medicina-nuclear\\\/#breadcrumb\"},\"inLanguage\":\"es\",\"potentialAction\":[{\"@type\":\"ReadAction\",\"target\":[\"https:\\\/\\\/clinicagirona.cat\\\/especialitats\\\/medicina-nuclear\\\/\"]}]},{\"@type\":\"ImageObject\",\"inLanguage\":\"es\",\"@id\":\"https:\\\/\\\/clinicagirona.cat\\\/especialitats\\\/medicina-nuclear\\\/#primaryimage\",\"url\":\"https:\\\/\\\/clinicagirona.cat\\\/wp-content\\\/uploads\\\/2025\\\/05\\\/medicina-nuclear-banner-.jpg\",\"contentUrl\":\"https:\\\/\\\/clinicagirona.cat\\\/wp-content\\\/uploads\\\/2025\\\/05\\\/medicina-nuclear-banner-.jpg\",\"width\":900,\"height\":600,\"caption\":\"Serveis de medicina nuclear a Cl\u00ednica Girona\"},{\"@type\":\"BreadcrumbList\",\"@id\":\"https:\\\/\\\/clinicagirona.cat\\\/especialitats\\\/medicina-nuclear\\\/#breadcrumb\",\"itemListElement\":[{\"@type\":\"ListItem\",\"position\":1,\"name\":\"Inici\",\"item\":\"https:\\\/\\\/clinicagirona.cat\\\/\"},{\"@type\":\"ListItem\",\"position\":2,\"name\":\"Especialitats\",\"item\":\"https:\\\/\\\/clinicagirona.cat\\\/especialitats\\\/\"},{\"@type\":\"ListItem\",\"position\":3,\"name\":\"Medicina Nuclear\"}]},{\"@type\":\"WebSite\",\"@id\":\"https:\\\/\\\/clinicagirona.cat\\\/#website\",\"url\":\"https:\\\/\\\/clinicagirona.cat\\\/\",\"name\":\"Cl\u00ednica Girona\",\"description\":\"Cuidem la teva salut, et cuidem a tu\",\"publisher\":{\"@id\":\"https:\\\/\\\/clinicagirona.cat\\\/#organization\"},\"potentialAction\":[{\"@type\":\"SearchAction\",\"target\":{\"@type\":\"EntryPoint\",\"urlTemplate\":\"https:\\\/\\\/clinicagirona.cat\\\/?s={search_term_string}\"},\"query-input\":{\"@type\":\"PropertyValueSpecification\",\"valueRequired\":true,\"valueName\":\"search_term_string\"}}],\"inLanguage\":\"es\"},{\"@type\":\"Organization\",\"@id\":\"https:\\\/\\\/clinicagirona.cat\\\/#organization\",\"name\":\"Cl\u00ednica Girona\",\"url\":\"https:\\\/\\\/clinicagirona.cat\\\/\",\"logo\":{\"@type\":\"ImageObject\",\"inLanguage\":\"es\",\"@id\":\"https:\\\/\\\/clinicagirona.cat\\\/#\\\/schema\\\/logo\\\/image\\\/\",\"url\":\"https:\\\/\\\/clinicagirona.cat\\\/wp-content\\\/uploads\\\/2026\\\/04\\\/clinica-girona-logo-quadrat.jpg\",\"contentUrl\":\"https:\\\/\\\/clinicagirona.cat\\\/wp-content\\\/uploads\\\/2026\\\/04\\\/clinica-girona-logo-quadrat.jpg\",\"width\":1000,\"height\":1000,\"caption\":\"Cl\u00ednica Girona\"},\"image\":{\"@id\":\"https:\\\/\\\/clinicagirona.cat\\\/#\\\/schema\\\/logo\\\/image\\\/\"},\"sameAs\":[\"http:\\\/\\\/www.facebook.com\\\/clinicagirona\",\"https:\\\/\\\/www.instagram.com\\\/clinicagirona\\\/\",\"http:\\\/\\\/www.youtube.com\\\/clinicagirona\",\"http:\\\/\\\/www.linkedin.com\\\/in\\\/clnica-girona-130222b6\\\/\"]}]}<\/script>\n<!-- \/ Yoast SEO plugin. -->","yoast_head_json":{"title":"Medicina Nuclear - Cl\u00ednica Girona - Especialidades","description":"En el Servicio de Medicina Nuclear de Cl\u00ednica Girona, utilizamos peque\u00f1as cantidades de sustancias radiactivas (radiof\u00e1rmacos) para obtener im\u00e1genes funcionales y moleculares del interior del cuerpo, as\u00ed como para el tratamiento de ciertas enfermedades.","robots":{"index":"index","follow":"follow","max-snippet":"max-snippet:-1","max-image-preview":"max-image-preview:large","max-video-preview":"max-video-preview:-1"},"canonical":"https:\/\/clinicagirona.cat\/es\/especialidades\/medicina-nuclear\/","og_locale":"es_ES","og_type":"article","og_title":"Medicina Nuclear - Cl\u00ednica Girona - Especialitats","og_description":"Al Servei de Medicina Nuclear de Cl\u00ednica Girona, utilitzem petites quantitats de subst\u00e0ncies radioactives (radiof\u00e0rmacs) per obtenir imatges funcionals i moleculars de l'interior del cos, aix\u00ed com per al tractament de certes malalties.","og_url":"https:\/\/clinicagirona.cat\/es\/especialidades\/medicina-nuclear\/","og_site_name":"Cl\u00ednica Girona","article_publisher":"http:\/\/www.facebook.com\/clinicagirona","article_modified_time":"2026-03-11T10:09:04+00:00","og_image":[{"width":900,"height":600,"url":"https:\/\/clinicagirona.cat\/wp-content\/uploads\/2025\/05\/medicina-nuclear-banner-.jpg","type":"image\/jpeg"}],"twitter_card":"summary_large_image","twitter_misc":{"Tiempo de lectura":"4 minutos"},"schema":{"@context":"https:\/\/schema.org","@graph":[{"@type":"WebPage","@id":"https:\/\/clinicagirona.cat\/especialitats\/medicina-nuclear\/","url":"https:\/\/clinicagirona.cat\/especialitats\/medicina-nuclear\/","name":"Medicina Nuclear - Cl\u00ednica Girona - Especialidades","isPartOf":{"@id":"https:\/\/clinicagirona.cat\/#website"},"primaryImageOfPage":{"@id":"https:\/\/clinicagirona.cat\/especialitats\/medicina-nuclear\/#primaryimage"},"image":{"@id":"https:\/\/clinicagirona.cat\/especialitats\/medicina-nuclear\/#primaryimage"},"thumbnailUrl":"https:\/\/clinicagirona.cat\/wp-content\/uploads\/2025\/05\/medicina-nuclear-banner-.jpg","datePublished":"2025-05-08T09:41:39+00:00","dateModified":"2026-03-11T10:09:04+00:00","description":"En el Servicio de Medicina Nuclear de Cl\u00ednica Girona, utilizamos peque\u00f1as cantidades de sustancias radiactivas (radiof\u00e1rmacos) para obtener im\u00e1genes funcionales y moleculares del interior del cuerpo, as\u00ed como para el tratamiento de ciertas enfermedades.","breadcrumb":{"@id":"https:\/\/clinicagirona.cat\/especialitats\/medicina-nuclear\/#breadcrumb"},"inLanguage":"es","potentialAction":[{"@type":"ReadAction","target":["https:\/\/clinicagirona.cat\/especialitats\/medicina-nuclear\/"]}]},{"@type":"ImageObject","inLanguage":"es","@id":"https:\/\/clinicagirona.cat\/especialitats\/medicina-nuclear\/#primaryimage","url":"https:\/\/clinicagirona.cat\/wp-content\/uploads\/2025\/05\/medicina-nuclear-banner-.jpg","contentUrl":"https:\/\/clinicagirona.cat\/wp-content\/uploads\/2025\/05\/medicina-nuclear-banner-.jpg","width":900,"height":600,"caption":"Serveis de medicina nuclear a Cl\u00ednica Girona"},{"@type":"BreadcrumbList","@id":"https:\/\/clinicagirona.cat\/especialitats\/medicina-nuclear\/#breadcrumb","itemListElement":[{"@type":"ListItem","position":1,"name":"Inici","item":"https:\/\/clinicagirona.cat\/"},{"@type":"ListItem","position":2,"name":"Especialitats","item":"https:\/\/clinicagirona.cat\/especialitats\/"},{"@type":"ListItem","position":3,"name":"Medicina Nuclear"}]},{"@type":"WebSite","@id":"https:\/\/clinicagirona.cat\/#website","url":"https:\/\/clinicagirona.cat\/","name":"Cl\u00ednica Girona","description":"Cuidamos tu salud, te cuidamos a ti","publisher":{"@id":"https:\/\/clinicagirona.cat\/#organization"},"potentialAction":[{"@type":"SearchAction","target":{"@type":"EntryPoint","urlTemplate":"https:\/\/clinicagirona.cat\/?s={search_term_string}"},"query-input":{"@type":"PropertyValueSpecification","valueRequired":true,"valueName":"search_term_string"}}],"inLanguage":"es"},{"@type":"Organization","@id":"https:\/\/clinicagirona.cat\/#organization","name":"Cl\u00ednica Girona","url":"https:\/\/clinicagirona.cat\/","logo":{"@type":"ImageObject","inLanguage":"es","@id":"https:\/\/clinicagirona.cat\/#\/schema\/logo\/image\/","url":"https:\/\/clinicagirona.cat\/wp-content\/uploads\/2026\/04\/clinica-girona-logo-quadrat.jpg","contentUrl":"https:\/\/clinicagirona.cat\/wp-content\/uploads\/2026\/04\/clinica-girona-logo-quadrat.jpg","width":1000,"height":1000,"caption":"Cl\u00ednica Girona"},"image":{"@id":"https:\/\/clinicagirona.cat\/#\/schema\/logo\/image\/"},"sameAs":["http:\/\/www.facebook.com\/clinicagirona","https:\/\/www.instagram.com\/clinicagirona\/","http:\/\/www.youtube.com\/clinicagirona","http:\/\/www.linkedin.com\/in\/clnica-girona-130222b6\/"]}]}},"_links":{"self":[{"href":"https:\/\/clinicagirona.cat\/es\/wp-json\/wp\/v2\/pages\/29361","targetHints":{"allow":["GET"]}}],"collection":[{"href":"https:\/\/clinicagirona.cat\/es\/wp-json\/wp\/v2\/pages"}],"about":[{"href":"https:\/\/clinicagirona.cat\/es\/wp-json\/wp\/v2\/types\/page"}],"author":[{"embeddable":true,"href":"https:\/\/clinicagirona.cat\/es\/wp-json\/wp\/v2\/users\/1"}],"replies":[{"embeddable":true,"href":"https:\/\/clinicagirona.cat\/es\/wp-json\/wp\/v2\/comments?post=29361"}],"version-history":[{"count":130,"href":"https:\/\/clinicagirona.cat\/es\/wp-json\/wp\/v2\/pages\/29361\/revisions"}],"predecessor-version":[{"id":38735,"href":"https:\/\/clinicagirona.cat\/es\/wp-json\/wp\/v2\/pages\/29361\/revisions\/38735"}],"up":[{"embeddable":true,"href":"https:\/\/clinicagirona.cat\/es\/wp-json\/wp\/v2\/pages\/28790"}],"wp:featuredmedia":[{"embeddable":true,"href":"https:\/\/clinicagirona.cat\/es\/wp-json\/wp\/v2\/media\/32042"}],"wp:attachment":[{"href":"https:\/\/clinicagirona.cat\/es\/wp-json\/wp\/v2\/media?parent=29361"}],"curies":[{"name":"wp","href":"https:\/\/api.w.org\/{rel}","templated":true}]}}