{"id":29592,"date":"2025-05-08T15:52:20","date_gmt":"2025-05-08T13:52:20","guid":{"rendered":"https:\/\/clinicagirona.cat\/?page_id=29592"},"modified":"2026-04-09T09:34:28","modified_gmt":"2026-04-09T07:34:28","slug":"fisioterapia","status":"publish","type":"page","link":"https:\/\/clinicagirona.cat\/es\/especialitats\/fisioterapia\/","title":{"rendered":"Fisioterapia"},"content":{"rendered":"<div data-elementor-type=\"wp-page\" data-elementor-id=\"29592\" class=\"elementor elementor-29592\">\n\t\t\t\t<div class=\"wd-negative-gap elementor-element elementor-element-87be594 e-flex e-con-boxed e-con e-parent\" data-id=\"87be594\" data-element_type=\"container\" data-e-type=\"container\">\n\t\t\t\t\t<div class=\"e-con-inner\">\n\t\t\t\t<div class=\"elementor-element elementor-element-ae42b2d wd-width-100 elementor-widget elementor-widget-wd_title\" data-id=\"ae42b2d\" data-element_type=\"widget\" data-e-type=\"widget\" data-widget_type=\"wd_title.default\">\n\t\t\t\t<div class=\"elementor-widget-container\">\n\t\t\t\t\t\t\t<div class=\"title-wrapper wd-set-mb reset-last-child wd-title-color-default wd-title-style-default wd-title-size-medium text-left\">\n\n\t\t\t\n\t\t\t<div class=\"liner-continer\">\n\t\t\t\t<h2 class=\"woodmart-title-container title wd-fontsize-xl\">Servicio de Fisioterapia de Cl\u00ednica Girona: Recupere su movimiento, mejore su vida<br \/>\n<\/h2> \n\t\t\t\t\t\t\t<\/div>\n\n\t\t\t\t\t<\/div>\n\t\t\t\t\t\t<\/div>\n\t\t\t\t<\/div>\n\t\t\t\t\t<\/div>\n\t\t\t\t<\/div>\n\t\t<div class=\"wd-negative-gap elementor-element elementor-element-ce2f3f6 e-flex e-con-boxed e-con e-parent\" data-id=\"ce2f3f6\" data-element_type=\"container\" data-e-type=\"container\">\n\t\t\t\t\t<div class=\"e-con-inner\">\n\t\t<div class=\"elementor-element elementor-element-826aa5e e-con-full e-flex e-con e-child\" data-id=\"826aa5e\" data-element_type=\"container\" data-e-type=\"container\">\n\t\t\t\t<div class=\"elementor-element elementor-element-969a311 wd-width-100 elementor-widget elementor-widget-wd_title\" data-id=\"969a311\" data-element_type=\"widget\" data-e-type=\"widget\" data-widget_type=\"wd_title.default\">\n\t\t\t\t<div class=\"elementor-widget-container\">\n\t\t\t\t\t\t\t<div class=\"title-wrapper wd-set-mb reset-last-child wd-title-color-default wd-title-style-default wd-title-size-default text-center\">\n\n\t\t\t\n\t\t\t<div class=\"liner-continer\">\n\t\t\t\t<h4 class=\"woodmart-title-container title wd-fontsize-l\">Contacto<\/h4> \n\t\t\t\t\t\t\t<\/div>\n\n\t\t\t\t\t<\/div>\n\t\t\t\t\t\t<\/div>\n\t\t\t\t<\/div>\n\t\t\t\t<div class=\"elementor-element elementor-element-005973b elementor-align-center elementor-icon-list--layout-traditional elementor-list-item-link-full_width elementor-widget elementor-widget-icon-list\" data-id=\"005973b\" data-element_type=\"widget\" data-e-type=\"widget\" data-widget_type=\"icon-list.default\">\n\t\t\t\t<div class=\"elementor-widget-container\">\n\t\t\t\t\t\t\t<ul class=\"elementor-icon-list-items\">\n\t\t\t\t\t\t\t<li class=\"elementor-icon-list-item\">\n\t\t\t\t\t\t\t\t\t\t\t<span class=\"elementor-icon-list-icon\">\n\t\t\t\t\t\t\t<svg aria-hidden=\"true\" class=\"e-font-icon-svg e-fas-map-pin\" viewbox=\"0 0 288 512\" xmlns=\"http:\/\/www.w3.org\/2000\/svg\"><path d=\"M112 316.94v156.69l22.02 33.02c4.75 7.12 15.22 7.12 19.97 0L176 473.63V316.94c-10.39 1.92-21.06 3.06-32 3.06s-21.61-1.14-32-3.06zM144 0C64.47 0 0 64.47 0 144s64.47 144 144 144 144-64.47 144-144S223.53 0 144 0zm0 76c-37.5 0-68 30.5-68 68 0 6.62-5.38 12-12 12s-12-5.38-12-12c0-50.73 41.28-92 92-92 6.62 0 12 5.38 12 12s-5.38 12-12 12z\"><\/path><\/svg>\t\t\t\t\t\t<\/span>\n\t\t\t\t\t\t\t\t\t\t<span class=\"elementor-icon-list-text\">Planta Baja<\/span>\n\t\t\t\t\t\t\t\t\t<\/li>\n\t\t\t\t\t\t\t\t<li class=\"elementor-icon-list-item\">\n\t\t\t\t\t\t\t\t\t\t\t<span class=\"elementor-icon-list-icon\">\n\t\t\t\t\t\t\t<svg aria-hidden=\"true\" class=\"e-font-icon-svg e-fas-mobile-alt\" viewbox=\"0 0 320 512\" xmlns=\"http:\/\/www.w3.org\/2000\/svg\"><path d=\"M272 0H48C21.5 0 0 21.5 0 48v416c0 26.5 21.5 48 48 48h224c26.5 0 48-21.5 48-48V48c0-26.5-21.5-48-48-48zM160 480c-17.7 0-32-14.3-32-32s14.3-32 32-32 32 14.3 32 32-14.3 32-32 32zm112-108c0 6.6-5.4 12-12 12H60c-6.6 0-12-5.4-12-12V60c0-6.6 5.4-12 12-12h200c6.6 0 12 5.4 12 12v312z\"><\/path><\/svg>\t\t\t\t\t\t<\/span>\n\t\t\t\t\t\t\t\t\t\t<span class=\"elementor-icon-list-text\">972 226 255<\/span>\n\t\t\t\t\t\t\t\t\t<\/li>\n\t\t\t\t\t\t<\/ul>\n\t\t\t\t\t\t<\/div>\n\t\t\t\t<\/div>\n\t\t\t\t<\/div>\n\t\t<div class=\"elementor-element elementor-element-dabf0aa e-con-full e-flex e-con e-child\" data-id=\"dabf0aa\" data-element_type=\"container\" data-e-type=\"container\">\n\t\t\t\t<div class=\"elementor-element elementor-element-21119cb color-scheme-inherit text-left elementor-widget elementor-widget-text-editor\" data-id=\"21119cb\" data-element_type=\"widget\" data-e-type=\"widget\" data-widget_type=\"text-editor.default\">\n\t\t\t\t<div class=\"elementor-widget-container\">\n\t\t\t\t\t\t\t\t\t<p>El servicio de Fisioterapia y Rehabilitaci\u00f3n de Cl\u00ednica Girona ofrece tratamientos eficaces y personalizados y apuesta firmemente por la aplicaci\u00f3n de nuevas tecnolog\u00edas y por la formaci\u00f3n continuada. Tiene un amplio abanico de servicios para dar respuesta a las necesidades de los pacientes, as\u00ed como trabaja desde la globalidad y de manera interdisciplinar y coordinada con todos los profesionales de los centros. Es pionero y especialista en la aplicaci\u00f3n de la terapia por ondas de choque y tambi\u00e9n ofrece el servicio de alquiler de aparatos, as\u00ed como fisioterapia avanzada y especializada en diversos \u00e1mbitos, realizando los tratamientos desde un <b>enfoque riguroso, coordinado y profundamente humano<\/b>.<\/p><p>Para m\u00e1s informaci\u00f3n:\u00a0<a href=\"https:\/\/www.fisiomedicgrup.cat\/ca\/fisiomedic-clinica-girona\" target=\"_blank\" rel=\"noopener\"><strong>www.fisiomedicgrup.cat<\/strong><\/a><\/p>\t\t\t\t\t\t\t\t<\/div>\n\t\t\t\t<\/div>\n\t\t\t\t<\/div>\n\t\t\t\t\t<\/div>\n\t\t\t\t<\/div>\n\t\t<div class=\"wd-negative-gap elementor-element elementor-element-3806f2d e-flex e-con-boxed e-con e-parent\" data-id=\"3806f2d\" data-element_type=\"container\" data-e-type=\"container\">\n\t\t\t\t\t<div class=\"e-con-inner\">\n\t\t\t\t<div class=\"elementor-element elementor-element-b4e5b8d elementor-widget elementor-widget-n-accordion\" data-id=\"b4e5b8d\" data-element_type=\"widget\" data-e-type=\"widget\" data-settings=\"{&quot;default_state&quot;:&quot;all_collapsed&quot;,&quot;max_items_expended&quot;:&quot;one&quot;,&quot;n_accordion_animation_duration&quot;:{&quot;unit&quot;:&quot;ms&quot;,&quot;size&quot;:400,&quot;sizes&quot;:[]}}\" data-widget_type=\"nested-accordion.default\">\n\t\t\t\t<div class=\"elementor-widget-container\">\n\t\t\t\t\t\t\t<div class=\"e-n-accordion\" aria-label=\"\u00bfCl\u00ednica Girona es accesible para personas con movilidad reducida?\">\n\t\t\t\t\t\t<details id=\"e-n-accordion-item-1890\" class=\"e-n-accordion-item\" >\n\t\t\t\t<summary class=\"e-n-accordion-item-title\" data-accordion-index=\"1\" tabindex=\"0\" aria-expanded=\"false\" aria-controls=\"e-n-accordion-item-1890\" >\n\t\t\t\t\t<span class='e-n-accordion-item-title-header'><div class=\"e-n-accordion-item-title-text\"> Servicio Central <\/div><\/span>\n\t\t\t\t\t\t\t<span class='e-n-accordion-item-title-icon'>\n\t\t\t<span class='e-opened' ><svg aria-hidden=\"true\" class=\"e-font-icon-svg e-fas-minus\" viewbox=\"0 0 448 512\" xmlns=\"http:\/\/www.w3.org\/2000\/svg\"><path d=\"M416 208H32c-17.67 0-32 14.33-32 32v32c0 17.67 14.33 32 32 32h384c17.67 0 32-14.33 32-32v-32c0-17.67-14.33-32-32-32z\"><\/path><\/svg><\/span>\n\t\t\t<span class='e-closed'><svg aria-hidden=\"true\" class=\"e-font-icon-svg e-fas-plus\" viewbox=\"0 0 448 512\" xmlns=\"http:\/\/www.w3.org\/2000\/svg\"><path d=\"M416 208H272V64c0-17.67-14.33-32-32-32h-32c-17.67 0-32 14.33-32 32v144H32c-17.67 0-32 14.33-32 32v32c0 17.67 14.33 32 32 32h144v144c0 17.67 14.33 32 32 32h32c17.67 0 32-14.33 32-32V304h144c17.67 0 32-14.33 32-32v-32c0-17.67-14.33-32-32-32z\"><\/path><\/svg><\/span>\n\t\t<\/span>\n\n\t\t\t\t\t\t<\/summary>\n\t\t\t\t<div role=\"region\" aria-labelledby=\"e-n-accordion-item-1890\" class=\"elementor-element elementor-element-7be77fe e-con-full e-flex e-con e-child\" data-id=\"7be77fe\" data-element_type=\"container\" data-e-type=\"container\">\n\t\t<div role=\"region\" aria-labelledby=\"e-n-accordion-item-1890\" class=\"elementor-element elementor-element-ce35eb6 e-con-full e-flex e-con e-child\" data-id=\"ce35eb6\" data-element_type=\"container\" data-e-type=\"container\" data-settings=\"{&quot;background_background&quot;:&quot;classic&quot;}\">\n\t\t\t\t<div class=\"elementor-element elementor-element-d3f99c0 elementor-widget elementor-widget-wd_text_block\" data-id=\"d3f99c0\" data-element_type=\"widget\" data-e-type=\"widget\" data-widget_type=\"wd_text_block.default\">\n\t\t\t\t<div class=\"elementor-widget-container\">\n\t\t\t\t\t\t\t<div class=\"wd-text-block reset-last-child text-left color-primary\">\n\t\t\t\n\t\t\t<p><strong>Fisioterapia cl\u00e1sica:<\/strong><\/p><ul><li>Fisioterapia.<\/li><li>Recuperaci\u00f3n.<\/li><li>Grupos de gimnasia terap\u00e9utica y reeducaci\u00f3n postural.<\/li><li>Readaptaci\u00f3n a la actividad f\u00edsica.<\/li><li>Fisioterapia a domicilio<\/li><\/ul><p><strong>Fisioterapia avanzada:<\/strong><\/p><ul><li>Fisioterapia invasiva.<\/li><li>Ondas de choque.<\/li><li>Osteopat\u00eda.<\/li><li>Estudio biomec\u00e1nico de la marcha 4D y plantillas personalizadas.<\/li><li>Radiofrecuencia.<\/li><li>Alquiler de aparatos.<\/li><li>Aparatos de \u00faltima generaci\u00f3n.<\/li><\/ul><p><strong>Fisioterapia especializada:<\/strong><\/p><ul><li>Fisioterapia oncol\u00f3gica.<\/li><li>Fisioterapia venolinf\u00e1tica (Lipedema \/ Linfedema).<\/li><li>Fisioterapia pedi\u00e1trica.<\/li><li>Fisioest\u00e9tica.<\/li><li>Fisioterapia del suelo p\u00e9lvico.<\/li><li>Reeducaci\u00f3n temporomandibular.<\/li><li>Logopedia.<\/li><li>Fisioterapia card\u00edaca.<\/li><li>Fisioterapia respiratoria.<\/li><li>Fisioterapia neurol\u00f3gica.<\/li><li>Fisioterapia vestibular.<\/li><\/ul>\n\t\t\t\t\t<\/div>\n\t\t\t\t\t\t<\/div>\n\t\t\t\t<\/div>\n\t\t\t\t<\/div>\n\t\t\t\t<\/div>\n\t\t\t\t\t<\/details>\n\t\t\t\t\t<\/div>\n\t\t\t\t\t\t<\/div>\n\t\t\t\t<\/div>\n\t\t\t\t\t<\/div>\n\t\t\t\t<\/div>\n\t\t\t\t<\/div>","protected":false},"excerpt":{"rendered":"<p>Servei de Fisioter\u00e0pia de Cl\u00ednica Girona: Recuperi el seu moviment, millori la seva vida Contacte Primera Planta 972 226 255<\/p>","protected":false},"author":1,"featured_media":32115,"parent":28790,"menu_order":0,"comment_status":"closed","ping_status":"closed","template":"","meta":{"footnotes":""},"class_list":["post-29592","page","type-page","status-publish","has-post-thumbnail","hentry"],"yoast_head":"<!-- This site is optimized with the Yoast SEO plugin v27.4 - https:\/\/yoast.com\/product\/yoast-seo-wordpress\/ -->\n<title>Fisioter\u00e0pia - Cl\u00ednica Girona - Especialitats<\/title>\n<meta name=\"description\" content=\"Fisioterapeutes, terapeutes ocupacionals i altres professionals de la rehabilitaci\u00f3 dedicats a ajudar-te a recuperar la teva funcionalitat f\u00edsica, alleujar el dolor i millorar la teva qualitat de vida.\" \/>\n<meta name=\"robots\" content=\"index, follow, max-snippet:-1, max-image-preview:large, max-video-preview:-1\" \/>\n<link rel=\"canonical\" href=\"https:\/\/clinicagirona.cat\/es\/especialidades\/fisioterapia\/\" \/>\n<meta property=\"og:locale\" content=\"es_ES\" \/>\n<meta property=\"og:type\" content=\"article\" \/>\n<meta property=\"og:title\" content=\"Fisioter\u00e0pia - Cl\u00ednica Girona - Especialitats\" \/>\n<meta property=\"og:description\" content=\"Fisioterapeutes, terapeutes ocupacionals i altres professionals de la rehabilitaci\u00f3 dedicats a ajudar-te a recuperar la teva funcionalitat f\u00edsica, alleujar el dolor i millorar la teva qualitat de vida.\" \/>\n<meta property=\"og:url\" content=\"https:\/\/clinicagirona.cat\/es\/especialidades\/fisioterapia\/\" \/>\n<meta property=\"og:site_name\" content=\"Cl\u00ednica Girona\" \/>\n<meta property=\"article:publisher\" content=\"http:\/\/www.facebook.com\/clinicagirona\" \/>\n<meta property=\"article:modified_time\" content=\"2026-04-09T07:34:28+00:00\" \/>\n<meta property=\"og:image\" content=\"https:\/\/clinicagirona.cat\/wp-content\/uploads\/2025\/05\/Fisioterapia-banner-.jpg\" \/>\n\t<meta property=\"og:image:width\" content=\"900\" \/>\n\t<meta property=\"og:image:height\" content=\"600\" \/>\n\t<meta property=\"og:image:type\" content=\"image\/jpeg\" \/>\n<meta name=\"twitter:card\" content=\"summary_large_image\" \/>\n<meta name=\"twitter:label1\" content=\"Tiempo de lectura\" \/>\n\t<meta name=\"twitter:data1\" content=\"2 minutos\" \/>\n<script type=\"application\/ld+json\" class=\"yoast-schema-graph\">{\"@context\":\"https:\\\/\\\/schema.org\",\"@graph\":[{\"@type\":\"WebPage\",\"@id\":\"https:\\\/\\\/clinicagirona.cat\\\/especialitats\\\/fisioterapia\\\/\",\"url\":\"https:\\\/\\\/clinicagirona.cat\\\/especialitats\\\/fisioterapia\\\/\",\"name\":\"Fisioter\u00e0pia - Cl\u00ednica Girona - Especialitats\",\"isPartOf\":{\"@id\":\"https:\\\/\\\/clinicagirona.cat\\\/#website\"},\"primaryImageOfPage\":{\"@id\":\"https:\\\/\\\/clinicagirona.cat\\\/especialitats\\\/fisioterapia\\\/#primaryimage\"},\"image\":{\"@id\":\"https:\\\/\\\/clinicagirona.cat\\\/especialitats\\\/fisioterapia\\\/#primaryimage\"},\"thumbnailUrl\":\"https:\\\/\\\/clinicagirona.cat\\\/wp-content\\\/uploads\\\/2025\\\/05\\\/Fisioterapia-banner-.jpg\",\"datePublished\":\"2025-05-08T13:52:20+00:00\",\"dateModified\":\"2026-04-09T07:34:28+00:00\",\"description\":\"Fisioterapeutes, terapeutes ocupacionals i altres professionals de la rehabilitaci\u00f3 dedicats a ajudar-te a recuperar la teva funcionalitat f\u00edsica, alleujar el dolor i millorar la teva qualitat de vida.\",\"breadcrumb\":{\"@id\":\"https:\\\/\\\/clinicagirona.cat\\\/especialitats\\\/fisioterapia\\\/#breadcrumb\"},\"inLanguage\":\"es\",\"potentialAction\":[{\"@type\":\"ReadAction\",\"target\":[\"https:\\\/\\\/clinicagirona.cat\\\/especialitats\\\/fisioterapia\\\/\"]}]},{\"@type\":\"ImageObject\",\"inLanguage\":\"es\",\"@id\":\"https:\\\/\\\/clinicagirona.cat\\\/especialitats\\\/fisioterapia\\\/#primaryimage\",\"url\":\"https:\\\/\\\/clinicagirona.cat\\\/wp-content\\\/uploads\\\/2025\\\/05\\\/Fisioterapia-banner-.jpg\",\"contentUrl\":\"https:\\\/\\\/clinicagirona.cat\\\/wp-content\\\/uploads\\\/2025\\\/05\\\/Fisioterapia-banner-.jpg\",\"width\":900,\"height\":600,\"caption\":\"Serveis de fisioter\u00e0pia a Cl\u00ednica Girona\"},{\"@type\":\"BreadcrumbList\",\"@id\":\"https:\\\/\\\/clinicagirona.cat\\\/especialitats\\\/fisioterapia\\\/#breadcrumb\",\"itemListElement\":[{\"@type\":\"ListItem\",\"position\":1,\"name\":\"Inici\",\"item\":\"https:\\\/\\\/clinicagirona.cat\\\/\"},{\"@type\":\"ListItem\",\"position\":2,\"name\":\"Especialitats\",\"item\":\"https:\\\/\\\/clinicagirona.cat\\\/especialitats\\\/\"},{\"@type\":\"ListItem\",\"position\":3,\"name\":\"Fisioter\u00e0pia\"}]},{\"@type\":\"WebSite\",\"@id\":\"https:\\\/\\\/clinicagirona.cat\\\/#website\",\"url\":\"https:\\\/\\\/clinicagirona.cat\\\/\",\"name\":\"Cl\u00ednica Girona\",\"description\":\"Cuidem la teva salut, et cuidem a tu\",\"publisher\":{\"@id\":\"https:\\\/\\\/clinicagirona.cat\\\/#organization\"},\"potentialAction\":[{\"@type\":\"SearchAction\",\"target\":{\"@type\":\"EntryPoint\",\"urlTemplate\":\"https:\\\/\\\/clinicagirona.cat\\\/?s={search_term_string}\"},\"query-input\":{\"@type\":\"PropertyValueSpecification\",\"valueRequired\":true,\"valueName\":\"search_term_string\"}}],\"inLanguage\":\"es\"},{\"@type\":\"Organization\",\"@id\":\"https:\\\/\\\/clinicagirona.cat\\\/#organization\",\"name\":\"Cl\u00ednica Girona\",\"url\":\"https:\\\/\\\/clinicagirona.cat\\\/\",\"logo\":{\"@type\":\"ImageObject\",\"inLanguage\":\"es\",\"@id\":\"https:\\\/\\\/clinicagirona.cat\\\/#\\\/schema\\\/logo\\\/image\\\/\",\"url\":\"https:\\\/\\\/clinicagirona.cat\\\/wp-content\\\/uploads\\\/2026\\\/04\\\/clinica-girona-logo-quadrat.jpg\",\"contentUrl\":\"https:\\\/\\\/clinicagirona.cat\\\/wp-content\\\/uploads\\\/2026\\\/04\\\/clinica-girona-logo-quadrat.jpg\",\"width\":1000,\"height\":1000,\"caption\":\"Cl\u00ednica Girona\"},\"image\":{\"@id\":\"https:\\\/\\\/clinicagirona.cat\\\/#\\\/schema\\\/logo\\\/image\\\/\"},\"sameAs\":[\"http:\\\/\\\/www.facebook.com\\\/clinicagirona\",\"https:\\\/\\\/www.instagram.com\\\/clinicagirona\\\/\",\"http:\\\/\\\/www.youtube.com\\\/clinicagirona\",\"http:\\\/\\\/www.linkedin.com\\\/in\\\/clnica-girona-130222b6\\\/\"]}]}<\/script>\n<!-- \/ Yoast SEO plugin. -->","yoast_head_json":{"title":"Fisioterapia - Cl\u00ednica Girona - Especialidades","description":"Fisioterapeutas, terapeutas ocupacionales y otros profesionales de la rehabilitaci\u00f3n dedicados a ayudarte a recuperar tu funcionalidad f\u00edsica, aliviar el dolor y mejorar tu calidad de vida.","robots":{"index":"index","follow":"follow","max-snippet":"max-snippet:-1","max-image-preview":"max-image-preview:large","max-video-preview":"max-video-preview:-1"},"canonical":"https:\/\/clinicagirona.cat\/es\/especialidades\/fisioterapia\/","og_locale":"es_ES","og_type":"article","og_title":"Fisioter\u00e0pia - Cl\u00ednica Girona - Especialitats","og_description":"Fisioterapeutes, terapeutes ocupacionals i altres professionals de la rehabilitaci\u00f3 dedicats a ajudar-te a recuperar la teva funcionalitat f\u00edsica, alleujar el dolor i millorar la teva qualitat de vida.","og_url":"https:\/\/clinicagirona.cat\/es\/especialidades\/fisioterapia\/","og_site_name":"Cl\u00ednica Girona","article_publisher":"http:\/\/www.facebook.com\/clinicagirona","article_modified_time":"2026-04-09T07:34:28+00:00","og_image":[{"width":900,"height":600,"url":"https:\/\/clinicagirona.cat\/wp-content\/uploads\/2025\/05\/Fisioterapia-banner-.jpg","type":"image\/jpeg"}],"twitter_card":"summary_large_image","twitter_misc":{"Tiempo de lectura":"2 minutos"},"schema":{"@context":"https:\/\/schema.org","@graph":[{"@type":"WebPage","@id":"https:\/\/clinicagirona.cat\/especialitats\/fisioterapia\/","url":"https:\/\/clinicagirona.cat\/especialitats\/fisioterapia\/","name":"Fisioterapia - Cl\u00ednica Girona - Especialidades","isPartOf":{"@id":"https:\/\/clinicagirona.cat\/#website"},"primaryImageOfPage":{"@id":"https:\/\/clinicagirona.cat\/especialitats\/fisioterapia\/#primaryimage"},"image":{"@id":"https:\/\/clinicagirona.cat\/especialitats\/fisioterapia\/#primaryimage"},"thumbnailUrl":"https:\/\/clinicagirona.cat\/wp-content\/uploads\/2025\/05\/Fisioterapia-banner-.jpg","datePublished":"2025-05-08T13:52:20+00:00","dateModified":"2026-04-09T07:34:28+00:00","description":"Fisioterapeutas, terapeutas ocupacionales y otros profesionales de la rehabilitaci\u00f3n dedicados a ayudarte a recuperar tu funcionalidad f\u00edsica, aliviar el dolor y mejorar tu calidad de vida.","breadcrumb":{"@id":"https:\/\/clinicagirona.cat\/especialitats\/fisioterapia\/#breadcrumb"},"inLanguage":"es","potentialAction":[{"@type":"ReadAction","target":["https:\/\/clinicagirona.cat\/especialitats\/fisioterapia\/"]}]},{"@type":"ImageObject","inLanguage":"es","@id":"https:\/\/clinicagirona.cat\/especialitats\/fisioterapia\/#primaryimage","url":"https:\/\/clinicagirona.cat\/wp-content\/uploads\/2025\/05\/Fisioterapia-banner-.jpg","contentUrl":"https:\/\/clinicagirona.cat\/wp-content\/uploads\/2025\/05\/Fisioterapia-banner-.jpg","width":900,"height":600,"caption":"Serveis de fisioter\u00e0pia a Cl\u00ednica Girona"},{"@type":"BreadcrumbList","@id":"https:\/\/clinicagirona.cat\/especialitats\/fisioterapia\/#breadcrumb","itemListElement":[{"@type":"ListItem","position":1,"name":"Inici","item":"https:\/\/clinicagirona.cat\/"},{"@type":"ListItem","position":2,"name":"Especialitats","item":"https:\/\/clinicagirona.cat\/especialitats\/"},{"@type":"ListItem","position":3,"name":"Fisioter\u00e0pia"}]},{"@type":"WebSite","@id":"https:\/\/clinicagirona.cat\/#website","url":"https:\/\/clinicagirona.cat\/","name":"Cl\u00ednica Girona","description":"Cuidamos tu salud, te cuidamos a ti","publisher":{"@id":"https:\/\/clinicagirona.cat\/#organization"},"potentialAction":[{"@type":"SearchAction","target":{"@type":"EntryPoint","urlTemplate":"https:\/\/clinicagirona.cat\/?s={search_term_string}"},"query-input":{"@type":"PropertyValueSpecification","valueRequired":true,"valueName":"search_term_string"}}],"inLanguage":"es"},{"@type":"Organization","@id":"https:\/\/clinicagirona.cat\/#organization","name":"Cl\u00ednica Girona","url":"https:\/\/clinicagirona.cat\/","logo":{"@type":"ImageObject","inLanguage":"es","@id":"https:\/\/clinicagirona.cat\/#\/schema\/logo\/image\/","url":"https:\/\/clinicagirona.cat\/wp-content\/uploads\/2026\/04\/clinica-girona-logo-quadrat.jpg","contentUrl":"https:\/\/clinicagirona.cat\/wp-content\/uploads\/2026\/04\/clinica-girona-logo-quadrat.jpg","width":1000,"height":1000,"caption":"Cl\u00ednica Girona"},"image":{"@id":"https:\/\/clinicagirona.cat\/#\/schema\/logo\/image\/"},"sameAs":["http:\/\/www.facebook.com\/clinicagirona","https:\/\/www.instagram.com\/clinicagirona\/","http:\/\/www.youtube.com\/clinicagirona","http:\/\/www.linkedin.com\/in\/clnica-girona-130222b6\/"]}]}},"_links":{"self":[{"href":"https:\/\/clinicagirona.cat\/es\/wp-json\/wp\/v2\/pages\/29592","targetHints":{"allow":["GET"]}}],"collection":[{"href":"https:\/\/clinicagirona.cat\/es\/wp-json\/wp\/v2\/pages"}],"about":[{"href":"https:\/\/clinicagirona.cat\/es\/wp-json\/wp\/v2\/types\/page"}],"author":[{"embeddable":true,"href":"https:\/\/clinicagirona.cat\/es\/wp-json\/wp\/v2\/users\/1"}],"replies":[{"embeddable":true,"href":"https:\/\/clinicagirona.cat\/es\/wp-json\/wp\/v2\/comments?post=29592"}],"version-history":[{"count":62,"href":"https:\/\/clinicagirona.cat\/es\/wp-json\/wp\/v2\/pages\/29592\/revisions"}],"predecessor-version":[{"id":38993,"href":"https:\/\/clinicagirona.cat\/es\/wp-json\/wp\/v2\/pages\/29592\/revisions\/38993"}],"up":[{"embeddable":true,"href":"https:\/\/clinicagirona.cat\/es\/wp-json\/wp\/v2\/pages\/28790"}],"wp:featuredmedia":[{"embeddable":true,"href":"https:\/\/clinicagirona.cat\/es\/wp-json\/wp\/v2\/media\/32115"}],"wp:attachment":[{"href":"https:\/\/clinicagirona.cat\/es\/wp-json\/wp\/v2\/media?parent=29592"}],"curies":[{"name":"wp","href":"https:\/\/api.w.org\/{rel}","templated":true}]}}