{"id":3,"date":"2025-04-11T08:33:28","date_gmt":"2025-04-11T08:33:28","guid":{"rendered":"https:\/\/clinicagirona.cat\/?page_id=3"},"modified":"2025-10-28T10:52:18","modified_gmt":"2025-10-28T09:52:18","slug":"politica-de-privacidad","status":"publish","type":"page","link":"https:\/\/clinicagirona.cat\/es\/politica-de-privacitat\/","title":{"rendered":"Pol\u00edtica de privacidad"},"content":{"rendered":"<p>Cl\u00ednica Girona S.A. en cumplimiento del Reglamento Europeo de protecci\u00f3n de datos 679\/2016, garantiza la protecci\u00f3n y la confidencialidad de los datos personales de cualquier tipo, que nos proporcionen nuestros clientes, \u201cusuarios\u201d, en la Web.<\/p>\n\n\n\n<h2 class=\"wp-block-heading\" style=\"font-size:25px\">Informaci\u00f3n b\u00e1sica<\/h2>\n\n\n\n<p>En virtud del art\u00edculo 13 del Reglamento Europeo de Protecci\u00f3n de Datos (RGPD), Cl\u00ednica Girona S.A., como responsable del tratamiento, le informa de los siguientes aspectos relevantes:<\/p>\n\n\n\n<ul class=\"wp-block-list\">\n<li><strong>Responsable del Tratamiento<\/strong>Cl\u00ednica Girona S.A.<\/li>\n\n\n\n<li><strong>Finalidad:<\/strong>El prop\u00f3sito de la informaci\u00f3n que nos facilitan las personas interesadas se trata con el fin de gestionar el env\u00edo de la informaci\u00f3n que nos soliciten, y facilitar a los interesados la informaci\u00f3n solicitada. Los datos proporcionados se conservar\u00e1n mientras se mantenga una relaci\u00f3n mercantil y no se solicite su supresi\u00f3n.<\/li>\n\n\n\n<li><strong>Ejercicio de Derechos:<\/strong>Dirigido a: protecciodades@clinicagirona.cat<\/li>\n\n\n\n<li><strong>Desistimiento:<\/strong>Gratuito<\/li>\n\n\n\n<li><strong>Destinatarios:<\/strong>Los datos no se ceder\u00e1n a terceros salvo obligaci\u00f3n legal.<\/li>\n\n\n\n<li><strong>Reclamaci\u00f3n:<\/strong>Autoridad de control espa\u00f1ola<\/li>\n\n\n\n<li><strong>Informaci\u00f3n Adicional:<\/strong>Puede consultar informaci\u00f3n adicional y detallada sobre protecci\u00f3n de datos y privacidad en www.clinicagirona.cat<\/li>\n<\/ul>\n\n\n\n<p>Cl\u00ednica Girona S.A. es la responsable del tratamiento de los datos personales que recaba y trata, poniendo a su disposici\u00f3n los siguientes medios de comunicaci\u00f3n para su puesta en contacto en:<br>Cl\u00ednica Girona S.A. con NIF A17001025 con domicilio en la calle Barcelona, 206, 17005 Girona y correo electr\u00f3nico:&nbsp;<a href=\"mailto:protecciodades@clinicagirona.cat\"><span style=\"text-decoration: underline;\">protecciodades@clinicagirona.cat<\/span><\/a><\/p>\n\n\n\n<div style=\"height:15px\" aria-hidden=\"true\" class=\"wp-block-spacer\"><\/div>\n\n\n\n<h2 class=\"wp-block-heading\" style=\"font-size:25px\">Alcance de la pol\u00edtica<\/h2>\n\n\n\n<p>Al acceder y utilizar nuestra p\u00e1gina web www.clinicagirona.cat, usted se compromete a aceptar esta pol\u00edtica de privacidad, as\u00ed como las disposiciones contenidas en el Aviso Legal y pol\u00edtica de cookies.<\/p>\n\n\n\n<p>Le proporcionamos la informaci\u00f3n para que, con car\u00e1cter previo a la documentaci\u00f3n de sus datos personales, pueda acceder a la Pol\u00edtica de Privacidad y a cualquier otra informaci\u00f3n relevante en materia de Protecci\u00f3n de datos.<\/p>\n\n\n\n<p>Asimismo, la presente pol\u00edtica sirve para facilitar informaci\u00f3n adicional de segundo nivel, de aquellas cl\u00e1usulas informativas que redirigen a esta, con tal finalidad.<\/p>\n\n\n\n<div style=\"height:15px\" aria-hidden=\"true\" class=\"wp-block-spacer\"><\/div>\n\n\n\n<h2 class=\"wp-block-heading\" style=\"font-size:25px\">Finalidad del Tratamiento<\/h2>\n\n\n\n<p>Cl\u00ednica Girona S.A. tratar\u00e1 la informaci\u00f3n que nos proporcione con las siguientes finalidades:<\/p>\n\n\n\n<ul class=\"wp-block-list\">\n<li>Gestionar cualquier tipo de solicitud, sugerencia o petici\u00f3n sobre nuestros servicios profesionales que nos formule.<\/li>\n\n\n\n<li>Comunicaciones comerciales: Tratamiento de sus datos con el fin de informarle de art\u00edculos de inter\u00e9s e informaci\u00f3n general sobre nuestros servicios v\u00eda correo electr\u00f3nico.<\/li>\n\n\n\n<li>Gestiones administrativas, contables y fiscales.<\/li>\n\n\n\n<li>Gestionar los datos aportados por los candidatos a un puesto de trabajo a trav\u00e9s de Curriculum Vitae (CV), con la finalidad del proceso de selecci\u00f3n. Usted autoriza expresamente  que se proceda al tratamiento de sus datos para la finalidad indicada.<\/li>\n<\/ul>\n\n\n\n<p>Cl\u00ednica Girona S.A. tratar\u00e1 sus datos e informaci\u00f3n aportada para los procesos de selecci\u00f3n con la m\u00e1s estricta confidencialidad, adoptando para ello las medidas t\u00e9cnicas y organizativas necesarias para evitar la p\u00e9rdida, mal uso, alteraci\u00f3n y\/o acceso no autorizado.<\/p>\n\n\n\n<div style=\"height:15px\" aria-hidden=\"true\" class=\"wp-block-spacer\"><\/div>\n\n\n\n<h2 class=\"wp-block-heading\" style=\"font-size:25px\">T\u00e9rminos de conservaci\u00f3n de sus datos<\/h2>\n\n\n\n<p>El per\u00edodo de conservaci\u00f3n de los datos personales variar\u00e1 en funci\u00f3n del servicio que pueda llegar a contratar o prestar.<br>En cualquier caso, ser\u00e1 el m\u00ednimo necesario, pudiendo mantenerse seg\u00fan las circunstancias que se apliquen en cada caso, y la legislaci\u00f3n vigente actual.<\/p>\n\n\n\n<div style=\"height:15px\" aria-hidden=\"true\" class=\"wp-block-spacer\"><\/div>\n\n\n\n<h2 class=\"wp-block-heading\" style=\"font-size:25px\">Legitimaci\u00f3n<\/h2>\n\n\n\n<p>La base legal para el tratamiento de los datos es el consentimiento de las personas interesadas para la tramitaci\u00f3n y gesti\u00f3n de cualquier solicitud de informaci\u00f3n o consulta sobre nuestros servicios profesionales, as\u00ed como para el env\u00edo de comunicaciones comerciales llevadas a cabo por Cl\u00ednica Girona S.A. cuando el tratamiento sea necesario para la ejecuci\u00f3n de un contrato.<\/p>\n\n\n\n<div style=\"height:15px\" aria-hidden=\"true\" class=\"wp-block-spacer\"><\/div>\n\n\n\n<h2 class=\"wp-block-heading\" style=\"font-size:25px\">Origen de los datos<\/h2>\n\n\n\n<p>Todos los datos personales que tratamos a trav\u00e9s de nuestra p\u00e1gina web proceden directamente del propio interesado.<\/p>\n\n\n\n<div style=\"height:15px\" aria-hidden=\"true\" class=\"wp-block-spacer\"><\/div>\n\n\n\n<h2 class=\"wp-block-heading\" style=\"font-size:25px\">Derechos<\/h2>\n\n\n\n<p>En cumplimiento de la normativa europea de protecci\u00f3n de datos -com\u00fanmente denominada RGPD-, le informamos de los derechos que ostenta como titular y afectado de los datos personales que recabamos y tratamos, incluidos los siguientes derechos:<\/p>\n\n\n\n<ul class=\"wp-block-list\">\n<li>Tiene derecho a revocar de manera gratuita y en cualquier momento el consentimiento otorgado para el tratamiento de sus datos personales.<\/li>\n\n\n\n<li>Tiene reconocido el derecho de acceso a sus datos personales, as\u00ed como el derecho de rectificaci\u00f3n de los mismos.<\/li>\n\n\n\n<li>Tiene derecho a oponerse al procesamiento de sus datos personales, as\u00ed como al derecho de supresi\u00f3n, com\u00fanmente denominado derecho al olvido. De igual forma, tiene derecho a oponerse al tratamiento para decisiones individuales automatizadas.<\/li>\n\n\n\n<li>Tiene derecho a obtener la limitaci\u00f3n del tratamiento de datos personales.<\/li>\n\n\n\n<li>Tiene derecho a solicitar la portabilidad de sus datos personales.<\/li>\n\n\n\n<li>Derecho a presentar una reclamaci\u00f3n ante la autoridad de control de protecci\u00f3n de datos correspondiente, siendo la Agencia Espa\u00f1ola de Protecci\u00f3n de Datos (AEPD) la autoridad competente en Espa\u00f1a<a href=\"http:\/\/www.agpd.es\/\"><span style=\"text-decoration: underline;\">(http:\/\/www.agpd.es\/<\/span><\/a>).<\/li>\n<\/ul>\n\n\n\n<p>Los precedentes derechos reconocidos los podr\u00e1 ejercitar mediante solicitud dirigida a trav\u00e9s de correo electr\u00f3nico: protecciodades@clinicagirona.cat o a trav\u00e9s de los medios de contacto que ponemos a su disposici\u00f3n indicando en el asunto del mensaje o comunicaci\u00f3n la referencia: Derechos GDPR. Asimismo, para poder cursar esta solicitud requerimos informaci\u00f3n adicional que permita acreditar la identidad de la persona ejercitando y vinculada al tratamiento de datos personales, se requerir\u00e1 la aportaci\u00f3n de informaci\u00f3n adicional o documental que acredite esta identidad del afectado o interesado que ejercite el derecho en cuesti\u00f3n.<\/p>\n\n\n\n<div style=\"height:15px\" aria-hidden=\"true\" class=\"wp-block-spacer\"><\/div>\n\n\n\n<h2 class=\"wp-block-heading\" style=\"font-size:25px\">Desistimiento:<\/h2>\n\n\n\n<p>En virtud de la Directiva 2002\/58\/CE en relaci\u00f3n con los servicios de la sociedad de la informaci\u00f3n y la posibilidad de remitir comunicaciones promocionales o publicitarias por medios electr\u00f3nicos, incorpora o facilita a los destinatarios de estas comunicaciones mecanismos, sencillos y gratuitos, para desistir del consentimiento otorgado para la finalidad del env\u00edo de aquellas, cumpliendo \u00edntegramente con la normativa europea y nacional sobre la materia referida.<\/p>\n\n\n\n<div style=\"height:15px\" aria-hidden=\"true\" class=\"wp-block-spacer\"><\/div>\n\n\n\n<h2 class=\"wp-block-heading\" style=\"font-size:25px\">Pol\u00edtica de cookies<\/h2>\n\n\n\n<p>Una \u2018Cookie\u2019 es un peque\u00f1o archivo que se almacena en el ordenador del usuario y nos permite reconocerle. El conjunto de cookies nos ayuda a mejorar la calidad de nuestra web, lo que nos permite controlar qu\u00e9 p\u00e1ginas encuentran \u00fatiles nuestros usuarios y cu\u00e1les no.<\/p>\n\n\n\n<p>Las cookies son esenciales para el funcionamiento de internet, aportando innumerables ventajas en la prestaci\u00f3n de servicios interactivos, facilit\u00e1ndole la navegaci\u00f3n y usabilidad de nuestra web. Tenga en cuenta que las cookies no pueden da\u00f1ar su equipo y que, al estar activadas, nos ayudan a identificar y resolver los errores. Si quiere m\u00e1s informaci\u00f3n sobre las cookies, haga clic en este enlace:&nbsp;<a href=\"https:\/\/clinicagirona.cat\/es\/cookies\/\"><span style=\"text-decoration: underline;\">https:\/\/clinicagirona.cat\/cookies\/<\/span><\/a><\/p>\n\n\n\n<div style=\"height:15px\" aria-hidden=\"true\" class=\"wp-block-spacer\"><\/div>\n\n\n\n<h2 class=\"wp-block-heading\" style=\"font-size:25px\">Aviso de violaci\u00f3n de datos personales<\/h2>\n\n\n\n<p>En caso de que sus datos se vean comprometidos, Cl\u00ednica Girona S.A. le notificar\u00e1 a usted y a las autoridades supervisoras competentes en un plazo de 72 horas por correo electr\u00f3nico con informaci\u00f3n sobre el alcance de la violaci\u00f3n, los datos afectados, cualquier impacto en el servicio y el plan de acci\u00f3n de Cl\u00ednica Girona S.A. con las medidas para proteger los datos y limitar cualquier posible efecto negativo en los interesados.<\/p>\n\n\n\n<p>La \u201cinfracci\u00f3n de datos personales\u201d se refiere a una violaci\u00f3n de la seguridad que conduce a la destrucci\u00f3n, p\u00e9rdida, alteraci\u00f3n, divulgaci\u00f3n no autorizada o acceso, accidental o ilegal, a los datos personales transmitidos, almacenados o procesados en relaci\u00f3n con la prestaci\u00f3n del Servicio.<\/p>\n\n\n\n<div style=\"height:15px\" aria-hidden=\"true\" class=\"wp-block-spacer\"><\/div>\n\n\n\n<h2 class=\"wp-block-heading\" style=\"font-size:25px\">Dudas y modificaciones<\/h2>\n\n\n\n<p>Si tiene alguna pregunta sobre la presente Pol\u00edtica de Privacidad, le rogamos que se ponga en contacto con nosotros enviando un correo electr\u00f3nico a la direcci\u00f3n&nbsp;<a href=\"mailto:protecciodades@clinicagirona.cat\"><span style=\"text-decoration: underline;\">protecciodades@clinicagirona.cat<\/span><\/a><\/p>\n\n\n\n<div style=\"height:15px\" aria-hidden=\"true\" class=\"wp-block-spacer\"><\/div>\n\n\n\n<h2 class=\"wp-block-heading\" style=\"font-size:25px\">Uso de sistemas de inteligencia artificial en el diagn\u00f3stico m\u00e9dico<\/h2>\n\n\n\n<p>Con el objetivo de mejorar la calidad asistencial y la precisi\u00f3n de los diagn\u00f3sticos, este centro sanitario utiliza&nbsp;<strong>sistemas de inteligencia artificial (IA)<\/strong>&nbsp;con la herramienta de apoyo al personal m\u00e9dico en la interpretaci\u00f3n de radiograf\u00edas y otras im\u00e1genes m\u00e9dicas.<\/p>\n\n\n\n<p>Estos sistemas est\u00e1n&nbsp;<strong>certificados de conformidad con el Reglamento (UE) 2017\/745 de productos sanitarios<\/strong>&nbsp;y cumplen los requisitos establecidos en el&nbsp;<strong>Reglamento (UE) 2024\/1689 sobre inteligencia artificial (Ley de IA)<\/strong>.<\/p>\n\n\n\n<p>Los algoritmos utilizados&nbsp;<strong>analizan las im\u00e1genes m\u00e9dicas para identificar posibles anomal\u00edas o patrones cl\u00ednicos<\/strong>, pero&nbsp;<strong>no emiten diagn\u00f3sticos de forma aut\u00f3noma ni toman decisiones automatizadas con efectos jur\u00eddicos o significativos<\/strong>&nbsp;para el paciente.<br>Las decisiones cl\u00ednicas finales son siempre&nbsp;<strong>adoptados por profesionales m\u00e9dicos cualificados<\/strong>.<\/p>\n\n\n\n<p>El tratamiento de datos personales en este contexto se realiza de acuerdo con el&nbsp;<strong>Reglamento (UE) 2016\/679 (RGPD)<\/strong>&nbsp;y con la&nbsp;<strong>Ley org\u00e1nica 3\/2018, de protecci\u00f3n de datos personales y garant\u00eda de los derechos digitales<\/strong>, aplicando las medidas t\u00e9cnicas y organizativas necesarias para garantizar su seguridad y confidencialidad.<\/p>\n\n\n\n<p>En caso de que sus im\u00e1genes m\u00e9dicas o datos de salud puedan utilizarse con fines de\u00a0<strong>investigaci\u00f3n o entrenamiento adicional de modelos de IA<\/strong>, se le pedir\u00e1\u00a0<strong>consentimiento expl\u00edcito y separado<\/strong>, garantizando la anonimizaci\u00f3n<strong> o seudonimizaci\u00f3n<\/strong>\u00a0de los datos seg\u00fan la normativa vigente.<\/p>\n\n\n\n<p>Para ejercer sus derechos de acceso, rectificaci\u00f3n, supresi\u00f3n, limitaci\u00f3n u oposici\u00f3n, puede dirigirse a&nbsp;<strong>Delegado\/a de Protecci\u00f3n de Datos (DPD)<\/strong>&nbsp;desde el centro por correo:&nbsp;<a href=\"mailto:protecciodades@clinicagirona.cat\" target=\"_blank\" rel=\"noreferrer noopener\">protecciodades@clinicagirona.cat<\/a>&nbsp;o a la direcci\u00f3n postal indicada en esta pol\u00edtica.<\/p>\n\n\n\n<div style=\"height:90px\" aria-hidden=\"true\" class=\"wp-block-spacer\"><\/div>\n\n\n\n<p><\/p>","protected":false},"excerpt":{"rendered":"<p>Cl\u00ednica Girona S.A. en cumplimiento del Reglamento Europeo de protecci\u00f3n de datos 679\/2016, garantiza la protecci\u00f3n y la confidencialidad de<\/p>","protected":false},"author":1,"featured_media":0,"parent":0,"menu_order":0,"comment_status":"closed","ping_status":"open","template":"","meta":{"footnotes":""},"class_list":["post-3","page","type-page","status-publish","hentry"],"yoast_head":"<!-- This site is optimized with the Yoast SEO plugin v27.4 - https:\/\/yoast.com\/product\/yoast-seo-wordpress\/ -->\n<title>Pol\u00edtica de Privacitat - Cl\u00ednica Girona<\/title>\n<meta name=\"robots\" content=\"noindex, follow\" \/>\n<meta property=\"og:locale\" content=\"es_ES\" \/>\n<meta property=\"og:type\" content=\"article\" \/>\n<meta property=\"og:title\" content=\"Pol\u00edtica de Privacitat - Cl\u00ednica Girona\" \/>\n<meta property=\"og:description\" content=\"Cl\u00ednica Girona S.A. en compliment del Reglament Europeu de protecci\u00f3 de dades 679\/2016, garanteix la protecci\u00f3 i la confidencialitat de\" \/>\n<meta property=\"og:url\" content=\"https:\/\/clinicagirona.cat\/es\/politica-de-privacidad\/\" \/>\n<meta property=\"og:site_name\" content=\"Cl\u00ednica Girona\" \/>\n<meta property=\"article:publisher\" content=\"http:\/\/www.facebook.com\/clinicagirona\" \/>\n<meta property=\"article:modified_time\" content=\"2025-10-28T09:52:18+00:00\" \/>\n<meta property=\"og:image\" content=\"https:\/\/clinicagirona.cat\/wp-content\/uploads\/2025\/05\/clinica-girona-frontal-b.jpg\" \/>\n\t<meta property=\"og:image:width\" content=\"900\" \/>\n\t<meta property=\"og:image:height\" content=\"608\" \/>\n\t<meta property=\"og:image:type\" content=\"image\/jpeg\" \/>\n<meta name=\"twitter:card\" content=\"summary_large_image\" \/>\n<meta name=\"twitter:label1\" content=\"Tiempo de lectura\" \/>\n\t<meta name=\"twitter:data1\" content=\"8 minutos\" \/>\n<script type=\"application\/ld+json\" class=\"yoast-schema-graph\">{\"@context\":\"https:\\\/\\\/schema.org\",\"@graph\":[{\"@type\":\"WebPage\",\"@id\":\"https:\\\/\\\/clinicagirona.cat\\\/politica-de-privacitat\\\/\",\"url\":\"https:\\\/\\\/clinicagirona.cat\\\/politica-de-privacitat\\\/\",\"name\":\"Pol\u00edtica de Privacitat - Cl\u00ednica Girona\",\"isPartOf\":{\"@id\":\"https:\\\/\\\/clinicagirona.cat\\\/#website\"},\"datePublished\":\"2025-04-11T08:33:28+00:00\",\"dateModified\":\"2025-10-28T09:52:18+00:00\",\"breadcrumb\":{\"@id\":\"https:\\\/\\\/clinicagirona.cat\\\/politica-de-privacitat\\\/#breadcrumb\"},\"inLanguage\":\"es\",\"potentialAction\":[{\"@type\":\"ReadAction\",\"target\":[\"https:\\\/\\\/clinicagirona.cat\\\/politica-de-privacitat\\\/\"]}]},{\"@type\":\"BreadcrumbList\",\"@id\":\"https:\\\/\\\/clinicagirona.cat\\\/politica-de-privacitat\\\/#breadcrumb\",\"itemListElement\":[{\"@type\":\"ListItem\",\"position\":1,\"name\":\"Inici\",\"item\":\"https:\\\/\\\/clinicagirona.cat\\\/\"},{\"@type\":\"ListItem\",\"position\":2,\"name\":\"Pol\u00edtica de Privacitat\"}]},{\"@type\":\"WebSite\",\"@id\":\"https:\\\/\\\/clinicagirona.cat\\\/#website\",\"url\":\"https:\\\/\\\/clinicagirona.cat\\\/\",\"name\":\"Cl\u00ednica Girona\",\"description\":\"Cuidem la teva salut, et cuidem a tu\",\"publisher\":{\"@id\":\"https:\\\/\\\/clinicagirona.cat\\\/#organization\"},\"potentialAction\":[{\"@type\":\"SearchAction\",\"target\":{\"@type\":\"EntryPoint\",\"urlTemplate\":\"https:\\\/\\\/clinicagirona.cat\\\/?s={search_term_string}\"},\"query-input\":{\"@type\":\"PropertyValueSpecification\",\"valueRequired\":true,\"valueName\":\"search_term_string\"}}],\"inLanguage\":\"es\"},{\"@type\":\"Organization\",\"@id\":\"https:\\\/\\\/clinicagirona.cat\\\/#organization\",\"name\":\"Cl\u00ednica Girona\",\"url\":\"https:\\\/\\\/clinicagirona.cat\\\/\",\"logo\":{\"@type\":\"ImageObject\",\"inLanguage\":\"es\",\"@id\":\"https:\\\/\\\/clinicagirona.cat\\\/#\\\/schema\\\/logo\\\/image\\\/\",\"url\":\"https:\\\/\\\/clinicagirona.cat\\\/wp-content\\\/uploads\\\/2026\\\/04\\\/clinica-girona-logo-quadrat.jpg\",\"contentUrl\":\"https:\\\/\\\/clinicagirona.cat\\\/wp-content\\\/uploads\\\/2026\\\/04\\\/clinica-girona-logo-quadrat.jpg\",\"width\":1000,\"height\":1000,\"caption\":\"Cl\u00ednica Girona\"},\"image\":{\"@id\":\"https:\\\/\\\/clinicagirona.cat\\\/#\\\/schema\\\/logo\\\/image\\\/\"},\"sameAs\":[\"http:\\\/\\\/www.facebook.com\\\/clinicagirona\",\"https:\\\/\\\/www.instagram.com\\\/clinicagirona\\\/\",\"http:\\\/\\\/www.youtube.com\\\/clinicagirona\",\"http:\\\/\\\/www.linkedin.com\\\/in\\\/clnica-girona-130222b6\\\/\"]}]}<\/script>\n<!-- \/ Yoast SEO plugin. -->","yoast_head_json":{"title":"Pol\u00edtica de Privacidad - Cl\u00ednica Girona","robots":{"index":"noindex","follow":"follow"},"og_locale":"es_ES","og_type":"article","og_title":"Pol\u00edtica de Privacitat - Cl\u00ednica Girona","og_description":"Cl\u00ednica Girona S.A. en compliment del Reglament Europeu de protecci\u00f3 de dades 679\/2016, garanteix la protecci\u00f3 i la confidencialitat de","og_url":"https:\/\/clinicagirona.cat\/es\/politica-de-privacidad\/","og_site_name":"Cl\u00ednica Girona","article_publisher":"http:\/\/www.facebook.com\/clinicagirona","article_modified_time":"2025-10-28T09:52:18+00:00","og_image":[{"width":900,"height":608,"url":"https:\/\/clinicagirona.cat\/wp-content\/uploads\/2025\/05\/clinica-girona-frontal-b.jpg","type":"image\/jpeg"}],"twitter_card":"summary_large_image","twitter_misc":{"Tiempo de lectura":"8 minutos"},"schema":{"@context":"https:\/\/schema.org","@graph":[{"@type":"WebPage","@id":"https:\/\/clinicagirona.cat\/politica-de-privacitat\/","url":"https:\/\/clinicagirona.cat\/politica-de-privacitat\/","name":"Pol\u00edtica de Privacidad - Cl\u00ednica Girona","isPartOf":{"@id":"https:\/\/clinicagirona.cat\/#website"},"datePublished":"2025-04-11T08:33:28+00:00","dateModified":"2025-10-28T09:52:18+00:00","breadcrumb":{"@id":"https:\/\/clinicagirona.cat\/politica-de-privacitat\/#breadcrumb"},"inLanguage":"es","potentialAction":[{"@type":"ReadAction","target":["https:\/\/clinicagirona.cat\/politica-de-privacitat\/"]}]},{"@type":"BreadcrumbList","@id":"https:\/\/clinicagirona.cat\/politica-de-privacitat\/#breadcrumb","itemListElement":[{"@type":"ListItem","position":1,"name":"Inici","item":"https:\/\/clinicagirona.cat\/"},{"@type":"ListItem","position":2,"name":"Pol\u00edtica de Privacitat"}]},{"@type":"WebSite","@id":"https:\/\/clinicagirona.cat\/#website","url":"https:\/\/clinicagirona.cat\/","name":"Cl\u00ednica Girona","description":"Cuidamos tu salud, te cuidamos a ti","publisher":{"@id":"https:\/\/clinicagirona.cat\/#organization"},"potentialAction":[{"@type":"SearchAction","target":{"@type":"EntryPoint","urlTemplate":"https:\/\/clinicagirona.cat\/?s={search_term_string}"},"query-input":{"@type":"PropertyValueSpecification","valueRequired":true,"valueName":"search_term_string"}}],"inLanguage":"es"},{"@type":"Organization","@id":"https:\/\/clinicagirona.cat\/#organization","name":"Cl\u00ednica Girona","url":"https:\/\/clinicagirona.cat\/","logo":{"@type":"ImageObject","inLanguage":"es","@id":"https:\/\/clinicagirona.cat\/#\/schema\/logo\/image\/","url":"https:\/\/clinicagirona.cat\/wp-content\/uploads\/2026\/04\/clinica-girona-logo-quadrat.jpg","contentUrl":"https:\/\/clinicagirona.cat\/wp-content\/uploads\/2026\/04\/clinica-girona-logo-quadrat.jpg","width":1000,"height":1000,"caption":"Cl\u00ednica Girona"},"image":{"@id":"https:\/\/clinicagirona.cat\/#\/schema\/logo\/image\/"},"sameAs":["http:\/\/www.facebook.com\/clinicagirona","https:\/\/www.instagram.com\/clinicagirona\/","http:\/\/www.youtube.com\/clinicagirona","http:\/\/www.linkedin.com\/in\/clnica-girona-130222b6\/"]}]}},"_links":{"self":[{"href":"https:\/\/clinicagirona.cat\/es\/wp-json\/wp\/v2\/pages\/3","targetHints":{"allow":["GET"]}}],"collection":[{"href":"https:\/\/clinicagirona.cat\/es\/wp-json\/wp\/v2\/pages"}],"about":[{"href":"https:\/\/clinicagirona.cat\/es\/wp-json\/wp\/v2\/types\/page"}],"author":[{"embeddable":true,"href":"https:\/\/clinicagirona.cat\/es\/wp-json\/wp\/v2\/users\/1"}],"replies":[{"embeddable":true,"href":"https:\/\/clinicagirona.cat\/es\/wp-json\/wp\/v2\/comments?post=3"}],"version-history":[{"count":10,"href":"https:\/\/clinicagirona.cat\/es\/wp-json\/wp\/v2\/pages\/3\/revisions"}],"predecessor-version":[{"id":35095,"href":"https:\/\/clinicagirona.cat\/es\/wp-json\/wp\/v2\/pages\/3\/revisions\/35095"}],"wp:attachment":[{"href":"https:\/\/clinicagirona.cat\/es\/wp-json\/wp\/v2\/media?parent=3"}],"curies":[{"name":"wp","href":"https:\/\/api.w.org\/{rel}","templated":true}]}}