{"id":30248,"date":"2025-05-14T13:35:02","date_gmt":"2025-05-14T11:35:02","guid":{"rendered":"https:\/\/clinicagirona.cat\/?page_id=30248"},"modified":"2026-02-19T17:55:15","modified_gmt":"2026-02-19T16:55:15","slug":"codigo-tipo","status":"publish","type":"page","link":"https:\/\/clinicagirona.cat\/es\/codi-tipus\/","title":{"rendered":"C\u00f3digo de tipo"},"content":{"rendered":"<div data-elementor-type=\"wp-page\" data-elementor-id=\"30248\" class=\"elementor elementor-30248\">\n\t\t\t\t<div class=\"wd-negative-gap elementor-element elementor-element-2d45f18 e-flex e-con-boxed e-con e-parent\" data-id=\"2d45f18\" data-element_type=\"container\" data-e-type=\"container\">\n\t\t\t\t\t<div class=\"e-con-inner\">\n\t\t<div class=\"elementor-element elementor-element-bdcc40b e-con-full e-flex e-con e-child\" data-id=\"bdcc40b\" data-element_type=\"container\" data-e-type=\"container\">\n\t\t\t\t<div class=\"elementor-element elementor-element-1771730 color-scheme-inherit text-left elementor-widget elementor-widget-text-editor\" data-id=\"1771730\" data-element_type=\"widget\" data-e-type=\"widget\" data-widget_type=\"text-editor.default\">\n\t\t\t\t<div class=\"elementor-widget-container\">\n\t\t\t\t\t\t\t\t\t<p>Cuando una persona acude a un centro sanitario, lo hace con el objetivo de solucionar un problema puntual de falta de salud. Se pone en nuestras manos y tenemos un <strong>compromiso t\u00e9cnico, m\u00e9dico y \u00e9tico<\/strong> mientras est\u00e9 con nosotros.<\/p>\t\t\t\t\t\t\t\t<\/div>\n\t\t\t\t<\/div>\n\t\t\t\t<div class=\"elementor-element elementor-element-93fe4ae color-scheme-inherit text-left elementor-widget elementor-widget-text-editor\" data-id=\"93fe4ae\" data-element_type=\"widget\" data-e-type=\"widget\" data-widget_type=\"text-editor.default\">\n\t\t\t\t<div class=\"elementor-widget-container\">\n\t\t\t\t\t\t\t\t\t<p>Mediante el c\u00f3digo \u00e9tico institucional de Cl\u00ednica Girona, aprobado por el Consejo de Administraci\u00f3n, el centro manifiesta su compromiso de respetar las normativas \u00e9ticas en todas y cada una de sus actuaciones bas\u00e1ndose en los principios de <strong>respeto a la dignidad, la confianza, la integridad y la honestidad<\/strong>.<\/p>\t\t\t\t\t\t\t\t<\/div>\n\t\t\t\t<\/div>\n\t\t\t\t<div class=\"elementor-element elementor-element-1c5f2f9 wd-width-100 elementor-widget elementor-widget-wd_title\" data-id=\"1c5f2f9\" data-element_type=\"widget\" data-e-type=\"widget\" data-widget_type=\"wd_title.default\">\n\t\t\t\t<div class=\"elementor-widget-container\">\n\t\t\t\t\t\t\t<div class=\"title-wrapper wd-set-mb reset-last-child wd-title-color-default wd-title-style-default wd-title-size-medium text-left\">\n\n\t\t\t\n\t\t\t<div class=\"liner-continer\">\n\t\t\t\t<h4 class=\"woodmart-title-container title wd-fontsize-xl\">Protegemos sus datos personales de salud<br \/>\n<\/h4> \n\t\t\t\t\t\t\t<\/div>\n\n\t\t\t\t\t\t\t<div class=\"title-after_title reset-last-child wd-fontsize-s\">\n\t\t\t\t\t<h4><strong>Cuidar la salud de las personas es un derecho. Cuidar de sus datos personales y de salud, un deber.<\/strong><\/h4>\t\t\t\t<\/div>\n\t\t\t\t\t<\/div>\n\t\t\t\t\t\t<\/div>\n\t\t\t\t<\/div>\n\t\t\t\t<div class=\"elementor-element elementor-element-1f14f46 color-scheme-inherit text-left elementor-widget elementor-widget-text-editor\" data-id=\"1f14f46\" data-element_type=\"widget\" data-e-type=\"widget\" data-widget_type=\"text-editor.default\">\n\t\t\t\t<div class=\"elementor-widget-container\">\n\t\t\t\t\t\t\t\t\t<p>El\u00a0<strong>Reglamento General de Protecci\u00f3n de Datos (RGPD)<\/strong>\u00a0es una normativa europea que fue aprobada en mayo de 2016 y que es\u00a0<strong>de aplicaci\u00f3n directa a los estados desde el 25 de mayo de 2018<\/strong>. A pesar de que el Estado ha elaborado una Ley Org\u00e1nica de Protecci\u00f3n de Datos propia (Ley Org\u00e1nica 3\/2018, de 5 de diciembre, de Protecci\u00f3n de Datos Personales y Garant\u00eda de los Derechos Digitales), esta no hace nada m\u00e1s que concretar lo que ya regula el Reglamento.<\/p><p>La Uni\u00f3 Catalana d'Hospitals, mediante el C\u00f3digo Tipo, acompa\u00f1a a las entidades del sector en la aplicaci\u00f3n de la normativa de protecci\u00f3n de datos, colaborando de manera activa para alcanzar unos<strong> grados de cumplimiento relevantes<\/strong>.<\/p><p>Continuando con la trayectoria de anticiparse y promover las mejoras sanitarias que siempre han identificado a Cl\u00ednica Girona y la Uni\u00f3 Catalana d\u2019Hospitals, se ha elaborado un C\u00f3digo Tipo cuyo objetivo m\u00e1ximo se ve reflejado en su lema: \u201c<strong>Protegemos tus datos personales de salud<\/strong>\u201d.<\/p><p>Este C\u00f3digo Tipo es el reglamento que los centros de la UCH \u2013de la cual Cl\u00ednica Girona forma parte\u2013 se autoimponen para garantizar el derecho que la persona tiene ante las entidades proveedoras de servicios sanitarios de <strong>ser informada de todo lo que hace referencia a sus datos<\/strong> y al uso que, dentro del marco de la Ley de Protecci\u00f3n de Datos, se puede hacer de ellos.<\/p><p>En definitiva, el C\u00f3digo Tipo se convierte en un conjunto de normas deontol\u00f3gicas sectoriales que garantizan que no solo velamos por las personas en t\u00e9rminos de salud, sino tambi\u00e9n en t\u00e9rminos de confidencialidad en todo lo que hace referencia a su historia cl\u00ednica., <strong>sea en el soporte que sea<\/strong>.<\/p><p>Este c\u00f3digo no comporta una burocratizaci\u00f3n ni un incremento de los requisitos legales exigibles, sino que es una <strong>herramienta de mejora de la atenci\u00f3n a las personas<\/strong> y unifica el derecho a la informaci\u00f3n que estas tienen. Asimismo, acredita la excelencia en los centros adheridos, ofreciendo una mayor garant\u00eda para los usuarios.<\/p><p>Supone un paso m\u00e1s all\u00e1 al ofrecer un <strong>servicio de calidad<\/strong> a los ciudadanos no solo en el aspecto m\u00e9dico y asistencial, sino tambi\u00e9n en el de gesti\u00f3n. En este caso concreto, el de los datos personales de salud.<\/p>\t\t\t\t\t\t\t\t<\/div>\n\t\t\t\t<\/div>\n\t\t\t\t<\/div>\n\t\t\t\t\t<\/div>\n\t\t\t\t<\/div>\n\t\t\t\t<\/div>","protected":false},"excerpt":{"rendered":"<p>Quan una persona va a un centre sanitari ho fa per tal de solucionar un problema puntual de manca de<\/p>","protected":false},"author":1,"featured_media":32937,"parent":0,"menu_order":0,"comment_status":"closed","ping_status":"closed","template":"","meta":{"footnotes":""},"class_list":["post-30248","page","type-page","status-publish","has-post-thumbnail","hentry"],"yoast_head":"<!-- This site is optimized with the Yoast SEO plugin v27.4 - https:\/\/yoast.com\/product\/yoast-seo-wordpress\/ -->\n<title>Codi Tipus - Cl\u00ednica Girona<\/title>\n<meta name=\"description\" content=\"Codi Tipus \u00e9s el reglament que els centres de la UCH s\u2019autoimposen per garantir el dret que la persona est\u00e0 protegida i rep un tracte digne.\" \/>\n<meta name=\"robots\" content=\"index, follow, max-snippet:-1, max-image-preview:large, max-video-preview:-1\" \/>\n<link rel=\"canonical\" href=\"https:\/\/clinicagirona.cat\/es\/codigo-tipo\/\" \/>\n<meta property=\"og:locale\" content=\"es_ES\" \/>\n<meta property=\"og:type\" content=\"article\" \/>\n<meta property=\"og:title\" content=\"Codi Tipus - Cl\u00ednica Girona\" \/>\n<meta property=\"og:description\" content=\"Codi Tipus \u00e9s el reglament que els centres de la UCH s\u2019autoimposen per garantir el dret que la persona est\u00e0 protegida i rep un tracte digne.\" \/>\n<meta property=\"og:url\" content=\"https:\/\/clinicagirona.cat\/es\/codigo-tipo\/\" \/>\n<meta property=\"og:site_name\" content=\"Cl\u00ednica Girona\" \/>\n<meta property=\"article:publisher\" content=\"http:\/\/www.facebook.com\/clinicagirona\" \/>\n<meta property=\"article:modified_time\" content=\"2026-02-19T16:55:15+00:00\" \/>\n<meta property=\"og:image\" content=\"https:\/\/clinicagirona.cat\/wp-content\/uploads\/2025\/05\/Clinica-girona-banner.jpg\" \/>\n\t<meta property=\"og:image:width\" content=\"900\" \/>\n\t<meta property=\"og:image:height\" content=\"600\" \/>\n\t<meta property=\"og:image:type\" content=\"image\/jpeg\" \/>\n<meta name=\"twitter:card\" content=\"summary_large_image\" \/>\n<meta name=\"twitter:label1\" content=\"Tiempo de lectura\" \/>\n\t<meta name=\"twitter:data1\" content=\"3 minutos\" \/>\n<script type=\"application\/ld+json\" class=\"yoast-schema-graph\">{\"@context\":\"https:\\\/\\\/schema.org\",\"@graph\":[{\"@type\":\"WebPage\",\"@id\":\"https:\\\/\\\/clinicagirona.cat\\\/codi-tipus\\\/\",\"url\":\"https:\\\/\\\/clinicagirona.cat\\\/codi-tipus\\\/\",\"name\":\"Codi Tipus - Cl\u00ednica Girona\",\"isPartOf\":{\"@id\":\"https:\\\/\\\/clinicagirona.cat\\\/#website\"},\"primaryImageOfPage\":{\"@id\":\"https:\\\/\\\/clinicagirona.cat\\\/codi-tipus\\\/#primaryimage\"},\"image\":{\"@id\":\"https:\\\/\\\/clinicagirona.cat\\\/codi-tipus\\\/#primaryimage\"},\"thumbnailUrl\":\"https:\\\/\\\/clinicagirona.cat\\\/wp-content\\\/uploads\\\/2025\\\/05\\\/Clinica-girona-banner.jpg\",\"datePublished\":\"2025-05-14T11:35:02+00:00\",\"dateModified\":\"2026-02-19T16:55:15+00:00\",\"description\":\"Codi Tipus \u00e9s el reglament que els centres de la UCH s\u2019autoimposen per garantir el dret que la persona est\u00e0 protegida i rep un tracte digne.\",\"breadcrumb\":{\"@id\":\"https:\\\/\\\/clinicagirona.cat\\\/codi-tipus\\\/#breadcrumb\"},\"inLanguage\":\"es\",\"potentialAction\":[{\"@type\":\"ReadAction\",\"target\":[\"https:\\\/\\\/clinicagirona.cat\\\/codi-tipus\\\/\"]}]},{\"@type\":\"ImageObject\",\"inLanguage\":\"es\",\"@id\":\"https:\\\/\\\/clinicagirona.cat\\\/codi-tipus\\\/#primaryimage\",\"url\":\"https:\\\/\\\/clinicagirona.cat\\\/wp-content\\\/uploads\\\/2025\\\/05\\\/Clinica-girona-banner.jpg\",\"contentUrl\":\"https:\\\/\\\/clinicagirona.cat\\\/wp-content\\\/uploads\\\/2025\\\/05\\\/Clinica-girona-banner.jpg\",\"width\":900,\"height\":600,\"caption\":\"Edifici Cl\u00ednica Girona\"},{\"@type\":\"BreadcrumbList\",\"@id\":\"https:\\\/\\\/clinicagirona.cat\\\/codi-tipus\\\/#breadcrumb\",\"itemListElement\":[{\"@type\":\"ListItem\",\"position\":1,\"name\":\"Inici\",\"item\":\"https:\\\/\\\/clinicagirona.cat\\\/\"},{\"@type\":\"ListItem\",\"position\":2,\"name\":\"Codi Tipus\"}]},{\"@type\":\"WebSite\",\"@id\":\"https:\\\/\\\/clinicagirona.cat\\\/#website\",\"url\":\"https:\\\/\\\/clinicagirona.cat\\\/\",\"name\":\"Cl\u00ednica Girona\",\"description\":\"Cuidem la teva salut, et cuidem a tu\",\"publisher\":{\"@id\":\"https:\\\/\\\/clinicagirona.cat\\\/#organization\"},\"potentialAction\":[{\"@type\":\"SearchAction\",\"target\":{\"@type\":\"EntryPoint\",\"urlTemplate\":\"https:\\\/\\\/clinicagirona.cat\\\/?s={search_term_string}\"},\"query-input\":{\"@type\":\"PropertyValueSpecification\",\"valueRequired\":true,\"valueName\":\"search_term_string\"}}],\"inLanguage\":\"es\"},{\"@type\":\"Organization\",\"@id\":\"https:\\\/\\\/clinicagirona.cat\\\/#organization\",\"name\":\"Cl\u00ednica Girona\",\"url\":\"https:\\\/\\\/clinicagirona.cat\\\/\",\"logo\":{\"@type\":\"ImageObject\",\"inLanguage\":\"es\",\"@id\":\"https:\\\/\\\/clinicagirona.cat\\\/#\\\/schema\\\/logo\\\/image\\\/\",\"url\":\"https:\\\/\\\/clinicagirona.cat\\\/wp-content\\\/uploads\\\/2026\\\/04\\\/clinica-girona-logo-quadrat.jpg\",\"contentUrl\":\"https:\\\/\\\/clinicagirona.cat\\\/wp-content\\\/uploads\\\/2026\\\/04\\\/clinica-girona-logo-quadrat.jpg\",\"width\":1000,\"height\":1000,\"caption\":\"Cl\u00ednica Girona\"},\"image\":{\"@id\":\"https:\\\/\\\/clinicagirona.cat\\\/#\\\/schema\\\/logo\\\/image\\\/\"},\"sameAs\":[\"http:\\\/\\\/www.facebook.com\\\/clinicagirona\",\"https:\\\/\\\/www.instagram.com\\\/clinicagirona\\\/\",\"http:\\\/\\\/www.youtube.com\\\/clinicagirona\",\"http:\\\/\\\/www.linkedin.com\\\/in\\\/clnica-girona-130222b6\\\/\"]}]}<\/script>\n<!-- \/ Yoast SEO plugin. -->","yoast_head_json":{"title":"Codi Tipus - Cl\u00ednica Girona","description":"El C\u00f3digo de \u00c9tica es el reglamento que los centros de la UCH se autoimponen para garantizar el derecho de que la persona est\u00e1 protegida y recibe un trato digno.","robots":{"index":"index","follow":"follow","max-snippet":"max-snippet:-1","max-image-preview":"max-image-preview:large","max-video-preview":"max-video-preview:-1"},"canonical":"https:\/\/clinicagirona.cat\/es\/codigo-tipo\/","og_locale":"es_ES","og_type":"article","og_title":"Codi Tipus - Cl\u00ednica Girona","og_description":"Codi Tipus \u00e9s el reglament que els centres de la UCH s\u2019autoimposen per garantir el dret que la persona est\u00e0 protegida i rep un tracte digne.","og_url":"https:\/\/clinicagirona.cat\/es\/codigo-tipo\/","og_site_name":"Cl\u00ednica Girona","article_publisher":"http:\/\/www.facebook.com\/clinicagirona","article_modified_time":"2026-02-19T16:55:15+00:00","og_image":[{"width":900,"height":600,"url":"https:\/\/clinicagirona.cat\/wp-content\/uploads\/2025\/05\/Clinica-girona-banner.jpg","type":"image\/jpeg"}],"twitter_card":"summary_large_image","twitter_misc":{"Tiempo de lectura":"3 minutos"},"schema":{"@context":"https:\/\/schema.org","@graph":[{"@type":"WebPage","@id":"https:\/\/clinicagirona.cat\/codi-tipus\/","url":"https:\/\/clinicagirona.cat\/codi-tipus\/","name":"Codi Tipus - Cl\u00ednica Girona","isPartOf":{"@id":"https:\/\/clinicagirona.cat\/#website"},"primaryImageOfPage":{"@id":"https:\/\/clinicagirona.cat\/codi-tipus\/#primaryimage"},"image":{"@id":"https:\/\/clinicagirona.cat\/codi-tipus\/#primaryimage"},"thumbnailUrl":"https:\/\/clinicagirona.cat\/wp-content\/uploads\/2025\/05\/Clinica-girona-banner.jpg","datePublished":"2025-05-14T11:35:02+00:00","dateModified":"2026-02-19T16:55:15+00:00","description":"El C\u00f3digo de \u00c9tica es el reglamento que los centros de la UCH se autoimponen para garantizar el derecho de que la persona est\u00e1 protegida y recibe un trato digno.","breadcrumb":{"@id":"https:\/\/clinicagirona.cat\/codi-tipus\/#breadcrumb"},"inLanguage":"es","potentialAction":[{"@type":"ReadAction","target":["https:\/\/clinicagirona.cat\/codi-tipus\/"]}]},{"@type":"ImageObject","inLanguage":"es","@id":"https:\/\/clinicagirona.cat\/codi-tipus\/#primaryimage","url":"https:\/\/clinicagirona.cat\/wp-content\/uploads\/2025\/05\/Clinica-girona-banner.jpg","contentUrl":"https:\/\/clinicagirona.cat\/wp-content\/uploads\/2025\/05\/Clinica-girona-banner.jpg","width":900,"height":600,"caption":"Edifici Cl\u00ednica Girona"},{"@type":"BreadcrumbList","@id":"https:\/\/clinicagirona.cat\/codi-tipus\/#breadcrumb","itemListElement":[{"@type":"ListItem","position":1,"name":"Inici","item":"https:\/\/clinicagirona.cat\/"},{"@type":"ListItem","position":2,"name":"Codi Tipus"}]},{"@type":"WebSite","@id":"https:\/\/clinicagirona.cat\/#website","url":"https:\/\/clinicagirona.cat\/","name":"Cl\u00ednica Girona","description":"Cuidamos tu salud, te cuidamos a ti","publisher":{"@id":"https:\/\/clinicagirona.cat\/#organization"},"potentialAction":[{"@type":"SearchAction","target":{"@type":"EntryPoint","urlTemplate":"https:\/\/clinicagirona.cat\/?s={search_term_string}"},"query-input":{"@type":"PropertyValueSpecification","valueRequired":true,"valueName":"search_term_string"}}],"inLanguage":"es"},{"@type":"Organization","@id":"https:\/\/clinicagirona.cat\/#organization","name":"Cl\u00ednica Girona","url":"https:\/\/clinicagirona.cat\/","logo":{"@type":"ImageObject","inLanguage":"es","@id":"https:\/\/clinicagirona.cat\/#\/schema\/logo\/image\/","url":"https:\/\/clinicagirona.cat\/wp-content\/uploads\/2026\/04\/clinica-girona-logo-quadrat.jpg","contentUrl":"https:\/\/clinicagirona.cat\/wp-content\/uploads\/2026\/04\/clinica-girona-logo-quadrat.jpg","width":1000,"height":1000,"caption":"Cl\u00ednica Girona"},"image":{"@id":"https:\/\/clinicagirona.cat\/#\/schema\/logo\/image\/"},"sameAs":["http:\/\/www.facebook.com\/clinicagirona","https:\/\/www.instagram.com\/clinicagirona\/","http:\/\/www.youtube.com\/clinicagirona","http:\/\/www.linkedin.com\/in\/clnica-girona-130222b6\/"]}]}},"_links":{"self":[{"href":"https:\/\/clinicagirona.cat\/es\/wp-json\/wp\/v2\/pages\/30248","targetHints":{"allow":["GET"]}}],"collection":[{"href":"https:\/\/clinicagirona.cat\/es\/wp-json\/wp\/v2\/pages"}],"about":[{"href":"https:\/\/clinicagirona.cat\/es\/wp-json\/wp\/v2\/types\/page"}],"author":[{"embeddable":true,"href":"https:\/\/clinicagirona.cat\/es\/wp-json\/wp\/v2\/users\/1"}],"replies":[{"embeddable":true,"href":"https:\/\/clinicagirona.cat\/es\/wp-json\/wp\/v2\/comments?post=30248"}],"version-history":[{"count":19,"href":"https:\/\/clinicagirona.cat\/es\/wp-json\/wp\/v2\/pages\/30248\/revisions"}],"predecessor-version":[{"id":37286,"href":"https:\/\/clinicagirona.cat\/es\/wp-json\/wp\/v2\/pages\/30248\/revisions\/37286"}],"wp:featuredmedia":[{"embeddable":true,"href":"https:\/\/clinicagirona.cat\/es\/wp-json\/wp\/v2\/media\/32937"}],"wp:attachment":[{"href":"https:\/\/clinicagirona.cat\/es\/wp-json\/wp\/v2\/media?parent=30248"}],"curies":[{"name":"wp","href":"https:\/\/api.w.org\/{rel}","templated":true}]}}