{"id":30443,"date":"2025-05-15T10:06:32","date_gmt":"2025-05-15T08:06:32","guid":{"rendered":"https:\/\/clinicagirona.cat\/?page_id=30443"},"modified":"2025-05-27T19:28:01","modified_gmt":"2025-05-27T17:28:01","slug":"creditos","status":"publish","type":"page","link":"https:\/\/clinicagirona.cat\/es\/credits\/","title":{"rendered":"Cr\u00e9ditos"},"content":{"rendered":"<div data-elementor-type=\"wp-page\" data-elementor-id=\"30443\" class=\"elementor elementor-30443\">\n\t\t\t\t<div class=\"wd-negative-gap elementor-element elementor-element-a9232a0 wd-section-stretch-content e-flex e-con-boxed e-con e-parent\" data-id=\"a9232a0\" data-element_type=\"container\" data-e-type=\"container\">\n\t\t\t\t\t<div class=\"e-con-inner\">\n\t\t<div class=\"elementor-element elementor-element-ffe092d e-con-full e-flex e-con e-child\" data-id=\"ffe092d\" data-element_type=\"container\" data-e-type=\"container\" data-settings=\"{&quot;background_background&quot;:&quot;classic&quot;}\">\n\t\t\t\t<\/div>\n\t\t<div class=\"elementor-element elementor-element-3f209f3 e-con-full e-flex e-con e-child\" data-id=\"3f209f3\" data-element_type=\"container\" data-e-type=\"container\">\n\t\t<div class=\"elementor-element elementor-element-3718629 e-con-full e-flex e-con e-child\" data-id=\"3718629\" data-element_type=\"container\" data-e-type=\"container\">\n\t\t\t\t<div class=\"elementor-element elementor-element-6a53f7a wd-width-100 elementor-widget elementor-widget-wd_title\" data-id=\"6a53f7a\" data-element_type=\"widget\" data-e-type=\"widget\" data-widget_type=\"wd_title.default\">\n\t\t\t\t<div class=\"elementor-widget-container\">\n\t\t\t\t\t\t\t<div class=\"title-wrapper wd-set-mb reset-last-child wd-title-color-default wd-title-style-default wd-title-size-medium text-left\">\n\n\t\t\t\n\t\t\t<div class=\"liner-continer\">\n\t\t\t\t<h4 class=\"woodmart-title-container title wd-fontsize-xl\">Dise\u00f1o y maquetaci\u00f3n web<br \/>\n<\/h4> \n\t\t\t\t\t\t\t<\/div>\n\n\t\t\t\t\t\t\t<div class=\"title-after_title reset-last-child wd-fontsize-s\">\n\t\t\t\t\t<p><strong>marlon branding<\/strong>\u00a0\u2013\u00a0<span style=\"text-decoration: underline\"><a href=\"https:\/\/marlonbranding.net\/\" target=\"_blank\" rel=\"noopener\">Sitio web<\/a><\/span><br \/>Accesibilidad web<\/p>\t\t\t\t<\/div>\n\t\t\t\t\t<\/div>\n\t\t\t\t\t\t<\/div>\n\t\t\t\t<\/div>\n\t\t\t\t<div class=\"elementor-element elementor-element-6092b21 wd-width-100 elementor-widget elementor-widget-wd_title\" data-id=\"6092b21\" data-element_type=\"widget\" data-e-type=\"widget\" data-widget_type=\"wd_title.default\">\n\t\t\t\t<div class=\"elementor-widget-container\">\n\t\t\t\t\t\t\t<div class=\"title-wrapper wd-set-mb reset-last-child wd-title-color-default wd-title-style-default wd-title-size-medium text-left\">\n\n\t\t\t\n\t\t\t<div class=\"liner-continer\">\n\t\t\t\t<h4 class=\"woodmart-title-container title wd-fontsize-xl\">Fotograf\u00edas<br \/>\n<\/h4> \n\t\t\t\t\t\t\t<\/div>\n\n\t\t\t\t\t\t\t<div class=\"title-after_title reset-last-child wd-fontsize-s\">\n\t\t\t\t\t<p><strong>Eddy Kelele<\/strong>\u00a0\u2013\u00a0<span style=\"text-decoration: underline\"><a href=\"https:\/\/viusalt.cat\/historia\/eddy\/\" target=\"_blank\" rel=\"noopener\">Sitio web<\/a><\/span><br \/><strong>Ferran Oll\u00e9<\/strong>\u00a0 \u2013\u00a0<span style=\"text-decoration: underline\"><a href=\"https:\/\/www.instagram.com\/ferranop\/\" target=\"_blank\" rel=\"noopener\">Instagram<\/a><\/span><br \/><strong>Gael del R\u00edo y Luca Bani<\/strong>\u00a0\u2013\u00a0<span style=\"text-decoration: underline\"><a href=\"http:\/\/delriobani.com\/\" target=\"_blank\" rel=\"noopener\">Sitio web<\/a><\/span><br \/><strong>AMMT y AT2<\/strong>\u00a0\u2013\u00a0<span style=\"text-decoration: underline\"><a href=\"https:\/\/www.pmmtarquitectura.es\/\" target=\"_blank\" rel=\"noopener\">Sitio web<\/a><\/span>\u00a0 \u2013\u00a0\u00a0<span style=\"text-decoration: underline\"><a href=\"https:\/\/www.at2serveis.net\/\" target=\"_blank\" rel=\"noopener\">Sitio web<\/a><\/span><br \/><strong>Joan Carles Guerrero<\/strong>\u00a0\u2013 Servicio de Comunicaci\u00f3n de Cl\u00ednica Girona<br \/>Archivo Documental y personal del Grupo Cl\u00ednica Girona<\/p>\t\t\t\t<\/div>\n\t\t\t\t\t<\/div>\n\t\t\t\t\t\t<\/div>\n\t\t\t\t<\/div>\n\t\t\t\t<div class=\"elementor-element elementor-element-7f8b449 wd-width-100 elementor-widget elementor-widget-wd_title\" data-id=\"7f8b449\" data-element_type=\"widget\" data-e-type=\"widget\" data-widget_type=\"wd_title.default\">\n\t\t\t\t<div class=\"elementor-widget-container\">\n\t\t\t\t\t\t\t<div class=\"title-wrapper wd-set-mb reset-last-child wd-title-color-default wd-title-style-default wd-title-size-medium text-left\">\n\n\t\t\t\n\t\t\t<div class=\"liner-continer\">\n\t\t\t\t<h4 class=\"woodmart-title-container title wd-fontsize-xl\">V\u00eddeos<br \/>\n<\/h4> \n\t\t\t\t\t\t\t<\/div>\n\n\t\t\t\t\t\t\t<div class=\"title-after_title reset-last-child wd-fontsize-s\">\n\t\t\t\t\t<p><strong>David S\u00e1nchez \u201cCineasta\u201d<\/strong>\u00a0\u2013\u00a0<a href=\"https:\/\/zez.am\/davidfilmmaker\" target=\"_blank\" rel=\"noopener\"><span style=\"text-decoration: underline\">Sitio web<\/span><\/a>\u00a0 \/ <span style=\"text-decoration: underline\"><a href=\"https:\/\/www.instagram.com\/davidfilmmaker\/\" target=\"_blank\" rel=\"noopener\">Instagram<\/a><\/span><br \/><strong>Jordi Cruset<\/strong>\u00a0\u2013\u00a0<span style=\"text-decoration: underline\"><a href=\"https:\/\/www.instagram.com\/crusetjordi\/\" target=\"_blank\" rel=\"noopener\">Sitio web<\/a><\/span><br \/><strong>Joan Carles Guerrero<\/strong>\u00a0\u2013 Servicio de Comunicaci\u00f3n de Cl\u00ednica Girona<\/p>\t\t\t\t<\/div>\n\t\t\t\t\t<\/div>\n\t\t\t\t\t\t<\/div>\n\t\t\t\t<\/div>\n\t\t\t\t<\/div>\n\t\t\t\t<\/div>\n\t\t\t\t\t<\/div>\n\t\t\t\t<\/div>\n\t\t\t\t<\/div>","protected":false},"excerpt":{"rendered":"<p>Disseny i maquetaci\u00f3 web: marlon branding\u00a0\u2013\u00a0Lloc webAccessibilitat web Fotografies: Eddy Kelele\u00a0\u2013\u00a0Lloc webFerran Oll\u00e9\u00a0 \u2013\u00a0InstagramGael del Rio i Luca Bani\u00a0\u2013\u00a0Lloc webAMMT<\/p>","protected":false},"author":1,"featured_media":0,"parent":0,"menu_order":0,"comment_status":"closed","ping_status":"closed","template":"","meta":{"footnotes":""},"class_list":["post-30443","page","type-page","status-publish","hentry"],"yoast_head":"<!-- This site is optimized with the Yoast SEO plugin v27.4 - https:\/\/yoast.com\/product\/yoast-seo-wordpress\/ -->\n<title>Cr\u00e8dits - Cl\u00ednica Girona<\/title>\n<meta name=\"description\" content=\"Informaci\u00f3 sobre els responsables i tecnologies darrere d&#039;aquesta web. Coneix l&#039;equip i les eines que fan possible la nostra pres\u00e8ncia online.\" \/>\n<meta name=\"robots\" content=\"index, follow, max-snippet:-1, max-image-preview:large, max-video-preview:-1\" \/>\n<link rel=\"canonical\" href=\"https:\/\/clinicagirona.cat\/es\/creditos\/\" \/>\n<meta property=\"og:locale\" content=\"es_ES\" \/>\n<meta property=\"og:type\" content=\"article\" \/>\n<meta property=\"og:title\" content=\"Cr\u00e8dits - Cl\u00ednica Girona\" \/>\n<meta property=\"og:description\" content=\"Informaci\u00f3 sobre els responsables i tecnologies darrere d&#039;aquesta web. Coneix l&#039;equip i les eines que fan possible la nostra pres\u00e8ncia online.\" \/>\n<meta property=\"og:url\" content=\"https:\/\/clinicagirona.cat\/es\/creditos\/\" \/>\n<meta property=\"og:site_name\" content=\"Cl\u00ednica Girona\" \/>\n<meta property=\"article:publisher\" content=\"http:\/\/www.facebook.com\/clinicagirona\" \/>\n<meta property=\"article:modified_time\" content=\"2025-05-27T17:28:01+00:00\" \/>\n<meta property=\"og:image\" content=\"https:\/\/clinicagirona.cat\/wp-content\/uploads\/2025\/05\/clinica-girona-frontal-b.jpg\" \/>\n\t<meta property=\"og:image:width\" content=\"900\" \/>\n\t<meta property=\"og:image:height\" content=\"608\" \/>\n\t<meta property=\"og:image:type\" content=\"image\/jpeg\" \/>\n<meta name=\"twitter:card\" content=\"summary_large_image\" \/>\n<meta name=\"twitter:label1\" content=\"Tiempo de lectura\" \/>\n\t<meta name=\"twitter:data1\" content=\"1 minuto\" \/>\n<script type=\"application\/ld+json\" class=\"yoast-schema-graph\">{\"@context\":\"https:\\\/\\\/schema.org\",\"@graph\":[{\"@type\":\"WebPage\",\"@id\":\"https:\\\/\\\/clinicagirona.cat\\\/credits\\\/\",\"url\":\"https:\\\/\\\/clinicagirona.cat\\\/credits\\\/\",\"name\":\"Cr\u00e8dits - Cl\u00ednica Girona\",\"isPartOf\":{\"@id\":\"https:\\\/\\\/clinicagirona.cat\\\/#website\"},\"datePublished\":\"2025-05-15T08:06:32+00:00\",\"dateModified\":\"2025-05-27T17:28:01+00:00\",\"description\":\"Informaci\u00f3 sobre els responsables i tecnologies darrere d'aquesta web. Coneix l'equip i les eines que fan possible la nostra pres\u00e8ncia online.\",\"breadcrumb\":{\"@id\":\"https:\\\/\\\/clinicagirona.cat\\\/credits\\\/#breadcrumb\"},\"inLanguage\":\"es\",\"potentialAction\":[{\"@type\":\"ReadAction\",\"target\":[\"https:\\\/\\\/clinicagirona.cat\\\/credits\\\/\"]}]},{\"@type\":\"BreadcrumbList\",\"@id\":\"https:\\\/\\\/clinicagirona.cat\\\/credits\\\/#breadcrumb\",\"itemListElement\":[{\"@type\":\"ListItem\",\"position\":1,\"name\":\"Inici\",\"item\":\"https:\\\/\\\/clinicagirona.cat\\\/\"},{\"@type\":\"ListItem\",\"position\":2,\"name\":\"Cr\u00e8dits\"}]},{\"@type\":\"WebSite\",\"@id\":\"https:\\\/\\\/clinicagirona.cat\\\/#website\",\"url\":\"https:\\\/\\\/clinicagirona.cat\\\/\",\"name\":\"Cl\u00ednica Girona\",\"description\":\"Cuidem la teva salut, et cuidem a tu\",\"publisher\":{\"@id\":\"https:\\\/\\\/clinicagirona.cat\\\/#organization\"},\"potentialAction\":[{\"@type\":\"SearchAction\",\"target\":{\"@type\":\"EntryPoint\",\"urlTemplate\":\"https:\\\/\\\/clinicagirona.cat\\\/?s={search_term_string}\"},\"query-input\":{\"@type\":\"PropertyValueSpecification\",\"valueRequired\":true,\"valueName\":\"search_term_string\"}}],\"inLanguage\":\"es\"},{\"@type\":\"Organization\",\"@id\":\"https:\\\/\\\/clinicagirona.cat\\\/#organization\",\"name\":\"Cl\u00ednica Girona\",\"url\":\"https:\\\/\\\/clinicagirona.cat\\\/\",\"logo\":{\"@type\":\"ImageObject\",\"inLanguage\":\"es\",\"@id\":\"https:\\\/\\\/clinicagirona.cat\\\/#\\\/schema\\\/logo\\\/image\\\/\",\"url\":\"https:\\\/\\\/clinicagirona.cat\\\/wp-content\\\/uploads\\\/2026\\\/04\\\/clinica-girona-logo-quadrat.jpg\",\"contentUrl\":\"https:\\\/\\\/clinicagirona.cat\\\/wp-content\\\/uploads\\\/2026\\\/04\\\/clinica-girona-logo-quadrat.jpg\",\"width\":1000,\"height\":1000,\"caption\":\"Cl\u00ednica Girona\"},\"image\":{\"@id\":\"https:\\\/\\\/clinicagirona.cat\\\/#\\\/schema\\\/logo\\\/image\\\/\"},\"sameAs\":[\"http:\\\/\\\/www.facebook.com\\\/clinicagirona\",\"https:\\\/\\\/www.instagram.com\\\/clinicagirona\\\/\",\"http:\\\/\\\/www.youtube.com\\\/clinicagirona\",\"http:\\\/\\\/www.linkedin.com\\\/in\\\/clnica-girona-130222b6\\\/\"]}]}<\/script>\n<!-- \/ Yoast SEO plugin. -->","yoast_head_json":{"title":"Cr\u00e9ditos - Cl\u00ednica Girona","description":"Informaci\u00f3n sobre los responsables y tecnolog\u00edas detr\u00e1s de esta web. Conoce el equipo y las herramientas que hacen posible nuestra presencia online.","robots":{"index":"index","follow":"follow","max-snippet":"max-snippet:-1","max-image-preview":"max-image-preview:large","max-video-preview":"max-video-preview:-1"},"canonical":"https:\/\/clinicagirona.cat\/es\/creditos\/","og_locale":"es_ES","og_type":"article","og_title":"Cr\u00e8dits - Cl\u00ednica Girona","og_description":"Informaci\u00f3 sobre els responsables i tecnologies darrere d'aquesta web. Coneix l'equip i les eines que fan possible la nostra pres\u00e8ncia online.","og_url":"https:\/\/clinicagirona.cat\/es\/creditos\/","og_site_name":"Cl\u00ednica Girona","article_publisher":"http:\/\/www.facebook.com\/clinicagirona","article_modified_time":"2025-05-27T17:28:01+00:00","og_image":[{"width":900,"height":608,"url":"https:\/\/clinicagirona.cat\/wp-content\/uploads\/2025\/05\/clinica-girona-frontal-b.jpg","type":"image\/jpeg"}],"twitter_card":"summary_large_image","twitter_misc":{"Tiempo de lectura":"1 minuto"},"schema":{"@context":"https:\/\/schema.org","@graph":[{"@type":"WebPage","@id":"https:\/\/clinicagirona.cat\/credits\/","url":"https:\/\/clinicagirona.cat\/credits\/","name":"Cr\u00e9ditos - Cl\u00ednica Girona","isPartOf":{"@id":"https:\/\/clinicagirona.cat\/#website"},"datePublished":"2025-05-15T08:06:32+00:00","dateModified":"2025-05-27T17:28:01+00:00","description":"Informaci\u00f3n sobre los responsables y tecnolog\u00edas detr\u00e1s de esta web. Conoce el equipo y las herramientas que hacen posible nuestra presencia online.","breadcrumb":{"@id":"https:\/\/clinicagirona.cat\/credits\/#breadcrumb"},"inLanguage":"es","potentialAction":[{"@type":"ReadAction","target":["https:\/\/clinicagirona.cat\/credits\/"]}]},{"@type":"BreadcrumbList","@id":"https:\/\/clinicagirona.cat\/credits\/#breadcrumb","itemListElement":[{"@type":"ListItem","position":1,"name":"Inici","item":"https:\/\/clinicagirona.cat\/"},{"@type":"ListItem","position":2,"name":"Cr\u00e8dits"}]},{"@type":"WebSite","@id":"https:\/\/clinicagirona.cat\/#website","url":"https:\/\/clinicagirona.cat\/","name":"Cl\u00ednica Girona","description":"Cuidamos tu salud, te cuidamos a ti","publisher":{"@id":"https:\/\/clinicagirona.cat\/#organization"},"potentialAction":[{"@type":"SearchAction","target":{"@type":"EntryPoint","urlTemplate":"https:\/\/clinicagirona.cat\/?s={search_term_string}"},"query-input":{"@type":"PropertyValueSpecification","valueRequired":true,"valueName":"search_term_string"}}],"inLanguage":"es"},{"@type":"Organization","@id":"https:\/\/clinicagirona.cat\/#organization","name":"Cl\u00ednica Girona","url":"https:\/\/clinicagirona.cat\/","logo":{"@type":"ImageObject","inLanguage":"es","@id":"https:\/\/clinicagirona.cat\/#\/schema\/logo\/image\/","url":"https:\/\/clinicagirona.cat\/wp-content\/uploads\/2026\/04\/clinica-girona-logo-quadrat.jpg","contentUrl":"https:\/\/clinicagirona.cat\/wp-content\/uploads\/2026\/04\/clinica-girona-logo-quadrat.jpg","width":1000,"height":1000,"caption":"Cl\u00ednica Girona"},"image":{"@id":"https:\/\/clinicagirona.cat\/#\/schema\/logo\/image\/"},"sameAs":["http:\/\/www.facebook.com\/clinicagirona","https:\/\/www.instagram.com\/clinicagirona\/","http:\/\/www.youtube.com\/clinicagirona","http:\/\/www.linkedin.com\/in\/clnica-girona-130222b6\/"]}]}},"_links":{"self":[{"href":"https:\/\/clinicagirona.cat\/es\/wp-json\/wp\/v2\/pages\/30443","targetHints":{"allow":["GET"]}}],"collection":[{"href":"https:\/\/clinicagirona.cat\/es\/wp-json\/wp\/v2\/pages"}],"about":[{"href":"https:\/\/clinicagirona.cat\/es\/wp-json\/wp\/v2\/types\/page"}],"author":[{"embeddable":true,"href":"https:\/\/clinicagirona.cat\/es\/wp-json\/wp\/v2\/users\/1"}],"replies":[{"embeddable":true,"href":"https:\/\/clinicagirona.cat\/es\/wp-json\/wp\/v2\/comments?post=30443"}],"version-history":[{"count":52,"href":"https:\/\/clinicagirona.cat\/es\/wp-json\/wp\/v2\/pages\/30443\/revisions"}],"predecessor-version":[{"id":32540,"href":"https:\/\/clinicagirona.cat\/es\/wp-json\/wp\/v2\/pages\/30443\/revisions\/32540"}],"wp:attachment":[{"href":"https:\/\/clinicagirona.cat\/es\/wp-json\/wp\/v2\/media?parent=30443"}],"curies":[{"name":"wp","href":"https:\/\/api.w.org\/{rel}","templated":true}]}}