{"id":30473,"date":"2025-05-15T10:39:01","date_gmt":"2025-05-15T08:39:01","guid":{"rendered":"https:\/\/clinicagirona.cat\/?page_id=30473"},"modified":"2025-07-09T12:29:59","modified_gmt":"2025-07-09T10:29:59","slug":"delegado-de-proteccion-de-datos","status":"publish","type":"page","link":"https:\/\/clinicagirona.cat\/es\/delegat-de-proteccio-de-dades\/","title":{"rendered":"Delegado de Protecci\u00f3n de Datos"},"content":{"rendered":"<p>Tel\u00e9fono: 972 010 300<br>Carrer de Barcelona 206, 17005 GIRONA<br>Correo electr\u00f3nico:&nbsp;<a href=\"mailto:protecciodades@clinicagirona.cat\"><span style=\"text-decoration: underline;\">protecciodades@clinicagirona.cat<\/span><\/a><\/p>\n\n\n\n<p>Cl\u00ednica Girona, Responsable del Tratamiento, en cumplimiento del Reglamento (UE) 2016\/679 del Parlamento Europeo y del Consejo, de 27 de abril de 2016, relativo a la protecci\u00f3n de las personas f\u00edsicas en lo que respecta al tratamiento de datos personales y a la libre circulaci\u00f3n de estos datos, en adelante RGPD, le informa que est\u00e1 adherida al C\u00f3digo Tipo de la Uni\u00f3 Catalana d\u2019Hospitals (UCH), con el registro CT151, y que dispone de un Delegado de Protecci\u00f3n de Datos que vela por el correcto tratamiento de sus datos, que solo ser\u00e1n utilizados para cumplir la finalidad y los objetivos para los que han sido facilitados. Cl\u00ednica Girona tratar\u00e1 este acuerdo con las exigencias legales, tomando las medidas de seguridad correspondientes para garantizar la confidencialidad e integridad de la informaci\u00f3n de acuerdo con lo establecido en el nuevo RGPD y el resto de legislaci\u00f3n aplicable.<\/p>\n\n\n\n<p>Cl\u00ednica Girona le informa que usted tiene la facultad de ejercer los derechos de acceso, rectificaci\u00f3n, supresi\u00f3n, limitaci\u00f3n del tratamiento, portabilidad y oposici\u00f3n de sus datos de acuerdo con lo dispuesto en la normativa en materia de protecci\u00f3n de datos. Para ejercerlos, deber\u00e1 dirigirse por escrito al Delegado de Protecci\u00f3n de Datos en C\/ de Barcelona 206 (17005-Girona) o por email a&nbsp;<a href=\"mailto:protecciodades@clinicagirona.cat\"><span style=\"text-decoration: underline;\">protecciodades@clinicagirona.cat<\/span><\/a>; en cualquier caso se deber\u00e1 adjuntar una fotocopia de su documento nacional de identidad o bien equivalente.<\/p>\n\n\n\n<p>Aqu\u00ed tienes un PDF con el&nbsp;<a href=\"\/wp-content\/uploads\/2025\/05\/DRETS-RGPD.pdf\" target=\"_blank\" rel=\"noreferrer noopener\"><span style=\"text-decoration: underline;\">FORMULARIO DE DERECHOS<\/span><\/a>.<\/p>\n\n\n\n<p>Asimismo, se le informa de su derecho a presentar una reclamaci\u00f3n ante la autoridad de control competente, de acuerdo con el procedimiento que corresponda seg\u00fan el caso concreto.<\/p>\n\n\n\n<div style=\"height:60px\" aria-hidden=\"true\" class=\"wp-block-spacer\"><\/div>\n\n\n\n<p><\/p>","protected":false},"excerpt":{"rendered":"<p>Tel\u00e8fon: 972 010 300Carrer de Barcelona 206, 17005 GIRONAEmail:&nbsp;protecciodades@clinicagirona.cat Cl\u00ednica Girona, Responsable del Tractament, en compliment del Reglament (UE) 2016\/679<\/p>","protected":false},"author":1,"featured_media":0,"parent":0,"menu_order":0,"comment_status":"closed","ping_status":"closed","template":"","meta":{"footnotes":""},"class_list":["post-30473","page","type-page","status-publish","hentry"],"yoast_head":"<!-- This site is optimized with the Yoast SEO plugin v27.4 - https:\/\/yoast.com\/product\/yoast-seo-wordpress\/ -->\n<title>Delegat de Protecci\u00f3 de Dades - Cl\u00ednica Girona<\/title>\n<meta name=\"robots\" content=\"noindex, follow\" \/>\n<meta property=\"og:locale\" content=\"es_ES\" \/>\n<meta property=\"og:type\" content=\"article\" \/>\n<meta property=\"og:title\" content=\"Delegat de Protecci\u00f3 de Dades - Cl\u00ednica Girona\" \/>\n<meta property=\"og:description\" content=\"Tel\u00e8fon: 972 010 300Carrer de Barcelona 206, 17005 GIRONAEmail:&nbsp;protecciodades@clinicagirona.cat Cl\u00ednica Girona, Responsable del Tractament, en compliment del Reglament (UE) 2016\/679\" \/>\n<meta property=\"og:url\" content=\"https:\/\/clinicagirona.cat\/es\/delegado-de-proteccion-de-datos\/\" \/>\n<meta property=\"og:site_name\" content=\"Cl\u00ednica Girona\" \/>\n<meta property=\"article:publisher\" content=\"http:\/\/www.facebook.com\/clinicagirona\" \/>\n<meta property=\"article:modified_time\" content=\"2025-07-09T10:29:59+00:00\" \/>\n<meta property=\"og:image\" content=\"https:\/\/clinicagirona.cat\/wp-content\/uploads\/2025\/05\/clinica-girona-frontal-b.jpg\" \/>\n\t<meta property=\"og:image:width\" content=\"900\" \/>\n\t<meta property=\"og:image:height\" content=\"608\" \/>\n\t<meta property=\"og:image:type\" content=\"image\/jpeg\" \/>\n<meta name=\"twitter:card\" content=\"summary_large_image\" \/>\n<meta name=\"twitter:label1\" content=\"Tiempo de lectura\" \/>\n\t<meta name=\"twitter:data1\" content=\"2 minutos\" \/>\n<script type=\"application\/ld+json\" class=\"yoast-schema-graph\">{\"@context\":\"https:\\\/\\\/schema.org\",\"@graph\":[{\"@type\":\"WebPage\",\"@id\":\"https:\\\/\\\/clinicagirona.cat\\\/delegat-de-proteccio-de-dades\\\/\",\"url\":\"https:\\\/\\\/clinicagirona.cat\\\/delegat-de-proteccio-de-dades\\\/\",\"name\":\"Delegat de Protecci\u00f3 de Dades - Cl\u00ednica Girona\",\"isPartOf\":{\"@id\":\"https:\\\/\\\/clinicagirona.cat\\\/#website\"},\"datePublished\":\"2025-05-15T08:39:01+00:00\",\"dateModified\":\"2025-07-09T10:29:59+00:00\",\"breadcrumb\":{\"@id\":\"https:\\\/\\\/clinicagirona.cat\\\/delegat-de-proteccio-de-dades\\\/#breadcrumb\"},\"inLanguage\":\"es\",\"potentialAction\":[{\"@type\":\"ReadAction\",\"target\":[\"https:\\\/\\\/clinicagirona.cat\\\/delegat-de-proteccio-de-dades\\\/\"]}]},{\"@type\":\"BreadcrumbList\",\"@id\":\"https:\\\/\\\/clinicagirona.cat\\\/delegat-de-proteccio-de-dades\\\/#breadcrumb\",\"itemListElement\":[{\"@type\":\"ListItem\",\"position\":1,\"name\":\"Inici\",\"item\":\"https:\\\/\\\/clinicagirona.cat\\\/\"},{\"@type\":\"ListItem\",\"position\":2,\"name\":\"Delegat de Protecci\u00f3 de Dades\"}]},{\"@type\":\"WebSite\",\"@id\":\"https:\\\/\\\/clinicagirona.cat\\\/#website\",\"url\":\"https:\\\/\\\/clinicagirona.cat\\\/\",\"name\":\"Cl\u00ednica Girona\",\"description\":\"Cuidem la teva salut, et cuidem a tu\",\"publisher\":{\"@id\":\"https:\\\/\\\/clinicagirona.cat\\\/#organization\"},\"potentialAction\":[{\"@type\":\"SearchAction\",\"target\":{\"@type\":\"EntryPoint\",\"urlTemplate\":\"https:\\\/\\\/clinicagirona.cat\\\/?s={search_term_string}\"},\"query-input\":{\"@type\":\"PropertyValueSpecification\",\"valueRequired\":true,\"valueName\":\"search_term_string\"}}],\"inLanguage\":\"es\"},{\"@type\":\"Organization\",\"@id\":\"https:\\\/\\\/clinicagirona.cat\\\/#organization\",\"name\":\"Cl\u00ednica Girona\",\"url\":\"https:\\\/\\\/clinicagirona.cat\\\/\",\"logo\":{\"@type\":\"ImageObject\",\"inLanguage\":\"es\",\"@id\":\"https:\\\/\\\/clinicagirona.cat\\\/#\\\/schema\\\/logo\\\/image\\\/\",\"url\":\"https:\\\/\\\/clinicagirona.cat\\\/wp-content\\\/uploads\\\/2026\\\/04\\\/clinica-girona-logo-quadrat.jpg\",\"contentUrl\":\"https:\\\/\\\/clinicagirona.cat\\\/wp-content\\\/uploads\\\/2026\\\/04\\\/clinica-girona-logo-quadrat.jpg\",\"width\":1000,\"height\":1000,\"caption\":\"Cl\u00ednica Girona\"},\"image\":{\"@id\":\"https:\\\/\\\/clinicagirona.cat\\\/#\\\/schema\\\/logo\\\/image\\\/\"},\"sameAs\":[\"http:\\\/\\\/www.facebook.com\\\/clinicagirona\",\"https:\\\/\\\/www.instagram.com\\\/clinicagirona\\\/\",\"http:\\\/\\\/www.youtube.com\\\/clinicagirona\",\"http:\\\/\\\/www.linkedin.com\\\/in\\\/clnica-girona-130222b6\\\/\"]}]}<\/script>\n<!-- \/ Yoast SEO plugin. -->","yoast_head_json":{"title":"Delegado de Protecci\u00f3n de Datos - Cl\u00ednica Girona","robots":{"index":"noindex","follow":"follow"},"og_locale":"es_ES","og_type":"article","og_title":"Delegat de Protecci\u00f3 de Dades - Cl\u00ednica Girona","og_description":"Tel\u00e8fon: 972 010 300Carrer de Barcelona 206, 17005 GIRONAEmail:&nbsp;protecciodades@clinicagirona.cat Cl\u00ednica Girona, Responsable del Tractament, en compliment del Reglament (UE) 2016\/679","og_url":"https:\/\/clinicagirona.cat\/es\/delegado-de-proteccion-de-datos\/","og_site_name":"Cl\u00ednica Girona","article_publisher":"http:\/\/www.facebook.com\/clinicagirona","article_modified_time":"2025-07-09T10:29:59+00:00","og_image":[{"width":900,"height":608,"url":"https:\/\/clinicagirona.cat\/wp-content\/uploads\/2025\/05\/clinica-girona-frontal-b.jpg","type":"image\/jpeg"}],"twitter_card":"summary_large_image","twitter_misc":{"Tiempo de lectura":"2 minutos"},"schema":{"@context":"https:\/\/schema.org","@graph":[{"@type":"WebPage","@id":"https:\/\/clinicagirona.cat\/delegat-de-proteccio-de-dades\/","url":"https:\/\/clinicagirona.cat\/delegat-de-proteccio-de-dades\/","name":"Delegado de Protecci\u00f3n de Datos - Cl\u00ednica Girona","isPartOf":{"@id":"https:\/\/clinicagirona.cat\/#website"},"datePublished":"2025-05-15T08:39:01+00:00","dateModified":"2025-07-09T10:29:59+00:00","breadcrumb":{"@id":"https:\/\/clinicagirona.cat\/delegat-de-proteccio-de-dades\/#breadcrumb"},"inLanguage":"es","potentialAction":[{"@type":"ReadAction","target":["https:\/\/clinicagirona.cat\/delegat-de-proteccio-de-dades\/"]}]},{"@type":"BreadcrumbList","@id":"https:\/\/clinicagirona.cat\/delegat-de-proteccio-de-dades\/#breadcrumb","itemListElement":[{"@type":"ListItem","position":1,"name":"Inici","item":"https:\/\/clinicagirona.cat\/"},{"@type":"ListItem","position":2,"name":"Delegat de Protecci\u00f3 de Dades"}]},{"@type":"WebSite","@id":"https:\/\/clinicagirona.cat\/#website","url":"https:\/\/clinicagirona.cat\/","name":"Cl\u00ednica Girona","description":"Cuidamos tu salud, te cuidamos a ti","publisher":{"@id":"https:\/\/clinicagirona.cat\/#organization"},"potentialAction":[{"@type":"SearchAction","target":{"@type":"EntryPoint","urlTemplate":"https:\/\/clinicagirona.cat\/?s={search_term_string}"},"query-input":{"@type":"PropertyValueSpecification","valueRequired":true,"valueName":"search_term_string"}}],"inLanguage":"es"},{"@type":"Organization","@id":"https:\/\/clinicagirona.cat\/#organization","name":"Cl\u00ednica Girona","url":"https:\/\/clinicagirona.cat\/","logo":{"@type":"ImageObject","inLanguage":"es","@id":"https:\/\/clinicagirona.cat\/#\/schema\/logo\/image\/","url":"https:\/\/clinicagirona.cat\/wp-content\/uploads\/2026\/04\/clinica-girona-logo-quadrat.jpg","contentUrl":"https:\/\/clinicagirona.cat\/wp-content\/uploads\/2026\/04\/clinica-girona-logo-quadrat.jpg","width":1000,"height":1000,"caption":"Cl\u00ednica Girona"},"image":{"@id":"https:\/\/clinicagirona.cat\/#\/schema\/logo\/image\/"},"sameAs":["http:\/\/www.facebook.com\/clinicagirona","https:\/\/www.instagram.com\/clinicagirona\/","http:\/\/www.youtube.com\/clinicagirona","http:\/\/www.linkedin.com\/in\/clnica-girona-130222b6\/"]}]}},"_links":{"self":[{"href":"https:\/\/clinicagirona.cat\/es\/wp-json\/wp\/v2\/pages\/30473","targetHints":{"allow":["GET"]}}],"collection":[{"href":"https:\/\/clinicagirona.cat\/es\/wp-json\/wp\/v2\/pages"}],"about":[{"href":"https:\/\/clinicagirona.cat\/es\/wp-json\/wp\/v2\/types\/page"}],"author":[{"embeddable":true,"href":"https:\/\/clinicagirona.cat\/es\/wp-json\/wp\/v2\/users\/1"}],"replies":[{"embeddable":true,"href":"https:\/\/clinicagirona.cat\/es\/wp-json\/wp\/v2\/comments?post=30473"}],"version-history":[{"count":5,"href":"https:\/\/clinicagirona.cat\/es\/wp-json\/wp\/v2\/pages\/30473\/revisions"}],"predecessor-version":[{"id":34638,"href":"https:\/\/clinicagirona.cat\/es\/wp-json\/wp\/v2\/pages\/30473\/revisions\/34638"}],"wp:attachment":[{"href":"https:\/\/clinicagirona.cat\/es\/wp-json\/wp\/v2\/media?parent=30473"}],"curies":[{"name":"wp","href":"https:\/\/api.w.org\/{rel}","templated":true}]}}