{"id":31414,"date":"2025-05-20T11:00:42","date_gmt":"2025-05-20T09:00:42","guid":{"rendered":"https:\/\/clinicagirona.cat\/?page_id=31414"},"modified":"2026-04-20T15:13:10","modified_gmt":"2026-04-20T13:13:10","slug":"organigrama","status":"publish","type":"page","link":"https:\/\/clinicagirona.cat\/es\/organigrama\/","title":{"rendered":"Organigrama"},"content":{"rendered":"<div data-elementor-type=\"wp-page\" data-elementor-id=\"31414\" class=\"elementor elementor-31414\">\n\t\t\t\t<div class=\"wd-negative-gap elementor-element elementor-element-e15afb9 e-flex e-con-boxed e-con e-parent\" data-id=\"e15afb9\" data-element_type=\"container\" data-e-type=\"container\">\n\t\t\t\t\t<div class=\"e-con-inner\">\n\t\t<div class=\"elementor-element elementor-element-cfbd4d3 e-con-full e-flex e-con e-child\" data-id=\"cfbd4d3\" data-element_type=\"container\" data-e-type=\"container\">\n\t\t\t\t<div class=\"elementor-element elementor-element-4d6f18b color-scheme-inherit text-left elementor-widget elementor-widget-text-editor\" data-id=\"4d6f18b\" data-element_type=\"widget\" data-e-type=\"widget\" data-widget_type=\"text-editor.default\">\n\t\t\t\t<div class=\"elementor-widget-container\">\n\t\t\t\t\t\t\t\t\t<p>La estructura organizativa de Cl\u00ednica Girona es un <strong>elemento estrat\u00e9gico din\u00e1mico<\/strong> que se ha ido adaptando a los tiempos y a las diversas situaciones.<\/p>\t\t\t\t\t\t\t\t<\/div>\n\t\t\t\t<\/div>\n\t\t\t\t<div class=\"elementor-element elementor-element-4a6f479 color-scheme-inherit text-left elementor-widget elementor-widget-text-editor\" data-id=\"4a6f479\" data-element_type=\"widget\" data-e-type=\"widget\" data-widget_type=\"text-editor.default\">\n\t\t\t\t<div class=\"elementor-widget-container\">\n\t\t\t\t\t\t\t\t\t<p>De esta manera, en los \u00faltimos a\u00f1os, Cl\u00ednica Girona ha adecuado su estructura organizativa para afrontar con garant\u00edas los retos que se van sucediendo. Aqu\u00ed pueden consultar el organigrama que tenemos en Cl\u00ednica Girona.<\/p>\t\t\t\t\t\t\t\t<\/div>\n\t\t\t\t<\/div>\n\t\t\t\t<\/div>\n\t\t\t\t\t<\/div>\n\t\t\t\t<\/div>\n\t\t<div class=\"wd-negative-gap elementor-element elementor-element-355b4d2 e-flex e-con-boxed e-con e-parent\" data-id=\"355b4d2\" data-element_type=\"container\" data-e-type=\"container\">\n\t\t\t\t\t<div class=\"e-con-inner\">\n\t\t\t\t<div class=\"elementor-element elementor-element-11657c3 elementor-widget elementor-widget-image\" data-id=\"11657c3\" data-element_type=\"widget\" data-e-type=\"widget\" data-widget_type=\"image.default\">\n\t\t\t\t<div class=\"elementor-widget-container\">\n\t\t\t\t\t\t\t\t\t\t\t\t\t\t\t<img fetchpriority=\"high\" decoding=\"async\" width=\"1400\" height=\"600\" src=\"https:\/\/clinicagirona.cat\/wp-content\/uploads\/2026\/04\/Organigrama-Clinica-Girona-abril-2026.jpg\" class=\"attachment-full size-full wp-image-39055\" alt=\"Organigrama Cl\u00ednica Girona abril 2026\" srcset=\"https:\/\/clinicagirona.cat\/wp-content\/uploads\/2026\/04\/Organigrama-Clinica-Girona-abril-2026.jpg 1400w, https:\/\/clinicagirona.cat\/wp-content\/uploads\/2026\/04\/Organigrama-Clinica-Girona-abril-2026-400x171.jpg 400w, https:\/\/clinicagirona.cat\/wp-content\/uploads\/2026\/04\/Organigrama-Clinica-Girona-abril-2026-1300x557.jpg 1300w, https:\/\/clinicagirona.cat\/wp-content\/uploads\/2026\/04\/Organigrama-Clinica-Girona-abril-2026-768x329.jpg 768w, https:\/\/clinicagirona.cat\/wp-content\/uploads\/2026\/04\/Organigrama-Clinica-Girona-abril-2026-18x8.jpg 18w, https:\/\/clinicagirona.cat\/wp-content\/uploads\/2026\/04\/Organigrama-Clinica-Girona-abril-2026-430x184.jpg 430w, https:\/\/clinicagirona.cat\/wp-content\/uploads\/2026\/04\/Organigrama-Clinica-Girona-abril-2026-700x300.jpg 700w, https:\/\/clinicagirona.cat\/wp-content\/uploads\/2026\/04\/Organigrama-Clinica-Girona-abril-2026-150x64.jpg 150w\" sizes=\"(max-width: 1400px) 100vw, 1400px\" \/>\t\t\t\t\t\t\t\t\t\t\t\t\t\t\t<\/div>\n\t\t\t\t<\/div>\n\t\t\t\t\t<\/div>\n\t\t\t\t<\/div>\n\t\t\t\t<\/div>","protected":false},"excerpt":{"rendered":"<p>L\u2019estructura organitzativa de Cl\u00ednica Girona \u00e9s un element estrat\u00e8gic din\u00e0mic que s\u2019ha anat adaptant als temps i a les diverses<\/p>","protected":false},"author":1,"featured_media":0,"parent":0,"menu_order":0,"comment_status":"closed","ping_status":"closed","template":"","meta":{"footnotes":""},"class_list":["post-31414","page","type-page","status-publish","hentry"],"yoast_head":"<!-- This site is optimized with the Yoast SEO plugin v27.4 - https:\/\/yoast.com\/product\/yoast-seo-wordpress\/ -->\n<title>Organigrama - Cl\u00ednica Girona<\/title>\n<meta name=\"description\" content=\"Descobreix l&#039;organigrama de Cl\u00ednica Girona. Coneix l&#039;estructura del nostre equip de direcci\u00f3 i els professionals que fan possible una atenci\u00f3 m\u00e8dica de qualitat a Girona.\" \/>\n<meta name=\"robots\" content=\"index, follow, max-snippet:-1, max-image-preview:large, max-video-preview:-1\" \/>\n<link rel=\"canonical\" href=\"https:\/\/clinicagirona.cat\/es\/organigrama\/\" \/>\n<meta property=\"og:locale\" content=\"es_ES\" \/>\n<meta property=\"og:type\" content=\"article\" \/>\n<meta property=\"og:title\" content=\"Organigrama - Cl\u00ednica Girona\" \/>\n<meta property=\"og:description\" content=\"Descobreix l&#039;organigrama de Cl\u00ednica Girona. Coneix l&#039;estructura del nostre equip de direcci\u00f3 i els professionals que fan possible una atenci\u00f3 m\u00e8dica de qualitat a Girona.\" \/>\n<meta property=\"og:url\" content=\"https:\/\/clinicagirona.cat\/es\/organigrama\/\" \/>\n<meta property=\"og:site_name\" content=\"Cl\u00ednica Girona\" \/>\n<meta property=\"article:publisher\" content=\"http:\/\/www.facebook.com\/clinicagirona\" \/>\n<meta property=\"article:modified_time\" content=\"2026-04-20T13:13:10+00:00\" \/>\n<meta property=\"og:image\" content=\"https:\/\/clinicagirona.cat\/wp-content\/uploads\/2026\/04\/Organigrama-Clinica-Girona-abril-2026.jpg\" \/>\n<meta name=\"twitter:card\" content=\"summary_large_image\" \/>\n<meta name=\"twitter:label1\" content=\"Tiempo de lectura\" \/>\n\t<meta name=\"twitter:data1\" content=\"1 minuto\" \/>\n<script type=\"application\/ld+json\" class=\"yoast-schema-graph\">{\"@context\":\"https:\\\/\\\/schema.org\",\"@graph\":[{\"@type\":\"WebPage\",\"@id\":\"https:\\\/\\\/clinicagirona.cat\\\/organigrama\\\/\",\"url\":\"https:\\\/\\\/clinicagirona.cat\\\/organigrama\\\/\",\"name\":\"Organigrama - Cl\u00ednica Girona\",\"isPartOf\":{\"@id\":\"https:\\\/\\\/clinicagirona.cat\\\/#website\"},\"primaryImageOfPage\":{\"@id\":\"https:\\\/\\\/clinicagirona.cat\\\/organigrama\\\/#primaryimage\"},\"image\":{\"@id\":\"https:\\\/\\\/clinicagirona.cat\\\/organigrama\\\/#primaryimage\"},\"thumbnailUrl\":\"https:\\\/\\\/clinicagirona.cat\\\/wp-content\\\/uploads\\\/2026\\\/04\\\/Organigrama-Clinica-Girona-abril-2026.jpg\",\"datePublished\":\"2025-05-20T09:00:42+00:00\",\"dateModified\":\"2026-04-20T13:13:10+00:00\",\"description\":\"Descobreix l'organigrama de Cl\u00ednica Girona. Coneix l'estructura del nostre equip de direcci\u00f3 i els professionals que fan possible una atenci\u00f3 m\u00e8dica de qualitat a Girona.\",\"breadcrumb\":{\"@id\":\"https:\\\/\\\/clinicagirona.cat\\\/organigrama\\\/#breadcrumb\"},\"inLanguage\":\"es\",\"potentialAction\":[{\"@type\":\"ReadAction\",\"target\":[\"https:\\\/\\\/clinicagirona.cat\\\/organigrama\\\/\"]}]},{\"@type\":\"ImageObject\",\"inLanguage\":\"es\",\"@id\":\"https:\\\/\\\/clinicagirona.cat\\\/organigrama\\\/#primaryimage\",\"url\":\"https:\\\/\\\/clinicagirona.cat\\\/wp-content\\\/uploads\\\/2026\\\/04\\\/Organigrama-Clinica-Girona-abril-2026.jpg\",\"contentUrl\":\"https:\\\/\\\/clinicagirona.cat\\\/wp-content\\\/uploads\\\/2026\\\/04\\\/Organigrama-Clinica-Girona-abril-2026.jpg\"},{\"@type\":\"BreadcrumbList\",\"@id\":\"https:\\\/\\\/clinicagirona.cat\\\/organigrama\\\/#breadcrumb\",\"itemListElement\":[{\"@type\":\"ListItem\",\"position\":1,\"name\":\"Inici\",\"item\":\"https:\\\/\\\/clinicagirona.cat\\\/\"},{\"@type\":\"ListItem\",\"position\":2,\"name\":\"Organigrama\"}]},{\"@type\":\"WebSite\",\"@id\":\"https:\\\/\\\/clinicagirona.cat\\\/#website\",\"url\":\"https:\\\/\\\/clinicagirona.cat\\\/\",\"name\":\"Cl\u00ednica Girona\",\"description\":\"Cuidem la teva salut, et cuidem a tu\",\"publisher\":{\"@id\":\"https:\\\/\\\/clinicagirona.cat\\\/#organization\"},\"potentialAction\":[{\"@type\":\"SearchAction\",\"target\":{\"@type\":\"EntryPoint\",\"urlTemplate\":\"https:\\\/\\\/clinicagirona.cat\\\/?s={search_term_string}\"},\"query-input\":{\"@type\":\"PropertyValueSpecification\",\"valueRequired\":true,\"valueName\":\"search_term_string\"}}],\"inLanguage\":\"es\"},{\"@type\":\"Organization\",\"@id\":\"https:\\\/\\\/clinicagirona.cat\\\/#organization\",\"name\":\"Cl\u00ednica Girona\",\"url\":\"https:\\\/\\\/clinicagirona.cat\\\/\",\"logo\":{\"@type\":\"ImageObject\",\"inLanguage\":\"es\",\"@id\":\"https:\\\/\\\/clinicagirona.cat\\\/#\\\/schema\\\/logo\\\/image\\\/\",\"url\":\"https:\\\/\\\/clinicagirona.cat\\\/wp-content\\\/uploads\\\/2026\\\/04\\\/clinica-girona-logo-quadrat.jpg\",\"contentUrl\":\"https:\\\/\\\/clinicagirona.cat\\\/wp-content\\\/uploads\\\/2026\\\/04\\\/clinica-girona-logo-quadrat.jpg\",\"width\":1000,\"height\":1000,\"caption\":\"Cl\u00ednica Girona\"},\"image\":{\"@id\":\"https:\\\/\\\/clinicagirona.cat\\\/#\\\/schema\\\/logo\\\/image\\\/\"},\"sameAs\":[\"http:\\\/\\\/www.facebook.com\\\/clinicagirona\",\"https:\\\/\\\/www.instagram.com\\\/clinicagirona\\\/\",\"http:\\\/\\\/www.youtube.com\\\/clinicagirona\",\"http:\\\/\\\/www.linkedin.com\\\/in\\\/clnica-girona-130222b6\\\/\"]}]}<\/script>\n<!-- \/ Yoast SEO plugin. -->","yoast_head_json":{"title":"Organigrama - Cl\u00ednica Girona","description":"Descubre el organigrama de Cl\u00ednica Girona. Conoce la estructura de nuestro equipo directivo y los profesionales que hacen posible una atenci\u00f3n m\u00e9dica de calidad en Girona.","robots":{"index":"index","follow":"follow","max-snippet":"max-snippet:-1","max-image-preview":"max-image-preview:large","max-video-preview":"max-video-preview:-1"},"canonical":"https:\/\/clinicagirona.cat\/es\/organigrama\/","og_locale":"es_ES","og_type":"article","og_title":"Organigrama - Cl\u00ednica Girona","og_description":"Descobreix l'organigrama de Cl\u00ednica Girona. Coneix l'estructura del nostre equip de direcci\u00f3 i els professionals que fan possible una atenci\u00f3 m\u00e8dica de qualitat a Girona.","og_url":"https:\/\/clinicagirona.cat\/es\/organigrama\/","og_site_name":"Cl\u00ednica Girona","article_publisher":"http:\/\/www.facebook.com\/clinicagirona","article_modified_time":"2026-04-20T13:13:10+00:00","og_image":[{"url":"https:\/\/clinicagirona.cat\/wp-content\/uploads\/2026\/04\/Organigrama-Clinica-Girona-abril-2026.jpg","type":"","width":"","height":""}],"twitter_card":"summary_large_image","twitter_misc":{"Tiempo de lectura":"1 minuto"},"schema":{"@context":"https:\/\/schema.org","@graph":[{"@type":"WebPage","@id":"https:\/\/clinicagirona.cat\/organigrama\/","url":"https:\/\/clinicagirona.cat\/organigrama\/","name":"Organigrama - Cl\u00ednica Girona","isPartOf":{"@id":"https:\/\/clinicagirona.cat\/#website"},"primaryImageOfPage":{"@id":"https:\/\/clinicagirona.cat\/organigrama\/#primaryimage"},"image":{"@id":"https:\/\/clinicagirona.cat\/organigrama\/#primaryimage"},"thumbnailUrl":"https:\/\/clinicagirona.cat\/wp-content\/uploads\/2026\/04\/Organigrama-Clinica-Girona-abril-2026.jpg","datePublished":"2025-05-20T09:00:42+00:00","dateModified":"2026-04-20T13:13:10+00:00","description":"Descubre el organigrama de Cl\u00ednica Girona. Conoce la estructura de nuestro equipo directivo y los profesionales que hacen posible una atenci\u00f3n m\u00e9dica de calidad en Girona.","breadcrumb":{"@id":"https:\/\/clinicagirona.cat\/organigrama\/#breadcrumb"},"inLanguage":"es","potentialAction":[{"@type":"ReadAction","target":["https:\/\/clinicagirona.cat\/organigrama\/"]}]},{"@type":"ImageObject","inLanguage":"es","@id":"https:\/\/clinicagirona.cat\/organigrama\/#primaryimage","url":"https:\/\/clinicagirona.cat\/wp-content\/uploads\/2026\/04\/Organigrama-Clinica-Girona-abril-2026.jpg","contentUrl":"https:\/\/clinicagirona.cat\/wp-content\/uploads\/2026\/04\/Organigrama-Clinica-Girona-abril-2026.jpg"},{"@type":"BreadcrumbList","@id":"https:\/\/clinicagirona.cat\/organigrama\/#breadcrumb","itemListElement":[{"@type":"ListItem","position":1,"name":"Inici","item":"https:\/\/clinicagirona.cat\/"},{"@type":"ListItem","position":2,"name":"Organigrama"}]},{"@type":"WebSite","@id":"https:\/\/clinicagirona.cat\/#website","url":"https:\/\/clinicagirona.cat\/","name":"Cl\u00ednica Girona","description":"Cuidamos tu salud, te cuidamos a ti","publisher":{"@id":"https:\/\/clinicagirona.cat\/#organization"},"potentialAction":[{"@type":"SearchAction","target":{"@type":"EntryPoint","urlTemplate":"https:\/\/clinicagirona.cat\/?s={search_term_string}"},"query-input":{"@type":"PropertyValueSpecification","valueRequired":true,"valueName":"search_term_string"}}],"inLanguage":"es"},{"@type":"Organization","@id":"https:\/\/clinicagirona.cat\/#organization","name":"Cl\u00ednica Girona","url":"https:\/\/clinicagirona.cat\/","logo":{"@type":"ImageObject","inLanguage":"es","@id":"https:\/\/clinicagirona.cat\/#\/schema\/logo\/image\/","url":"https:\/\/clinicagirona.cat\/wp-content\/uploads\/2026\/04\/clinica-girona-logo-quadrat.jpg","contentUrl":"https:\/\/clinicagirona.cat\/wp-content\/uploads\/2026\/04\/clinica-girona-logo-quadrat.jpg","width":1000,"height":1000,"caption":"Cl\u00ednica Girona"},"image":{"@id":"https:\/\/clinicagirona.cat\/#\/schema\/logo\/image\/"},"sameAs":["http:\/\/www.facebook.com\/clinicagirona","https:\/\/www.instagram.com\/clinicagirona\/","http:\/\/www.youtube.com\/clinicagirona","http:\/\/www.linkedin.com\/in\/clnica-girona-130222b6\/"]}]}},"_links":{"self":[{"href":"https:\/\/clinicagirona.cat\/es\/wp-json\/wp\/v2\/pages\/31414","targetHints":{"allow":["GET"]}}],"collection":[{"href":"https:\/\/clinicagirona.cat\/es\/wp-json\/wp\/v2\/pages"}],"about":[{"href":"https:\/\/clinicagirona.cat\/es\/wp-json\/wp\/v2\/types\/page"}],"author":[{"embeddable":true,"href":"https:\/\/clinicagirona.cat\/es\/wp-json\/wp\/v2\/users\/1"}],"replies":[{"embeddable":true,"href":"https:\/\/clinicagirona.cat\/es\/wp-json\/wp\/v2\/comments?post=31414"}],"version-history":[{"count":52,"href":"https:\/\/clinicagirona.cat\/es\/wp-json\/wp\/v2\/pages\/31414\/revisions"}],"predecessor-version":[{"id":39058,"href":"https:\/\/clinicagirona.cat\/es\/wp-json\/wp\/v2\/pages\/31414\/revisions\/39058"}],"wp:attachment":[{"href":"https:\/\/clinicagirona.cat\/es\/wp-json\/wp\/v2\/media?parent=31414"}],"curies":[{"name":"wp","href":"https:\/\/api.w.org\/{rel}","templated":true}]}}