{"id":31444,"date":"2025-05-20T11:37:28","date_gmt":"2025-05-20T09:37:28","guid":{"rendered":"https:\/\/clinicagirona.cat\/?page_id=31444"},"modified":"2026-03-09T15:05:49","modified_gmt":"2026-03-09T14:05:49","slug":"politica-de-redes-sociales","status":"publish","type":"page","link":"https:\/\/clinicagirona.cat\/es\/politica-de-xarxes-socials\/","title":{"rendered":"Pol\u00edtica de Redes Sociales"},"content":{"rendered":"<h2 class=\"wp-block-heading\" style=\"font-size:20px\">1. Informaci\u00f3n sobre el responsable del tratamiento de los datos alojados en la p\u00e1gina oficial de CL\u00cdNICA GIRONA, S.A. en las redes sociales.<\/h2>\n\n\n\n<p>De conformidad con el deber de informaci\u00f3n establecido en el Reglamento (UE) 2016\/679 de 27 de abril (RGPD), CL\u00cdNICA GIRONA, S.A., en adelante Cl\u00ednica Girona, desea poner en conocimiento de los usuarios de esta red social la pol\u00edtica respecto al tratamiento y protecci\u00f3n de los datos de car\u00e1cter personal de aquellas personas que voluntariamente accedan y utilizen la p\u00e1gina oficial de Cl\u00ednica Girona. El acceso y uso por el usuario de esta p\u00e1gina oficial supone que acepta expresamente esta pol\u00edtica de privacidad y que presta su consentimiento para el tratamiento de sus datos personales. Estas cuentas no son gestionadas las 24 horas del d\u00eda.<\/p>\n\n\n\n<div style=\"height:15px\" aria-hidden=\"true\" class=\"wp-block-spacer\"><\/div>\n\n\n\n<h2 class=\"wp-block-heading\" style=\"font-size:20px\">2. Datos de menores o incapacitados.<\/h2>\n\n\n\n<p>El acceso y registro en esta red social est\u00e1 prohibida a los menores de catorce (14) a\u00f1os. Por otra parte, si el usuario est\u00e1 incapacitado, se advierte que ser\u00e1 necesaria la asistencia consentida del titular de la patria potestad o tutela del usuario o su representante legal para el acceso y uso de esta p\u00e1gina oficial. El responsable quedar\u00e1 expresamente exonerado de cualquier responsabilidad que pudiera derivarse del uso de su p\u00e1gina oficial por menores o incapacitados, siendo esta responsabilidad de sus representantes legales en cada caso.<\/p>\n\n\n\n<div style=\"height:15px\" aria-hidden=\"true\" class=\"wp-block-spacer\"><\/div>\n\n\n\n<h2 class=\"wp-block-heading\" style=\"font-size:20px\">Identificaci\u00f3n de la raz\u00f3n social del responsable del archivo.<\/h2>\n\n\n\n<p>El usuario queda informado de que Cl\u00ednica Girona, con domicilio social en la carretera de Barcelona, 206, 17005\u2013Girona, ostenta la condici\u00f3n de responsable de los ficheros y tratamientos a trav\u00e9s de los cuales se recogen y almacenan los datos personales del usuario a consecuencia del registro y uso de la p\u00e1gina oficial de Cl\u00ednica Girona en esta red social, sin perjuicio de los tratamientos de los que es responsable la entidad titular de la red social en la que se encuentra nuestra p\u00e1gina oficial.<\/p>\n\n\n\n<div style=\"height:15px\" aria-hidden=\"true\" class=\"wp-block-spacer\"><\/div>\n\n\n\n<h2 class=\"wp-block-heading\" style=\"font-size:20px\">4. Finalidades a las que se destinan los datos de car\u00e1cter personal, informaci\u00f3n y consentimiento.<\/h2>\n\n\n\n<p>Los datos personales proporcionados voluntariamente por el usuario, a trav\u00e9s de su p\u00e1gina oficial formar\u00e1n parte de un tratamiento de datos responsabilidad de Cl\u00ednica Girona, con la finalidad de ofrecerle informaci\u00f3n, por correo electr\u00f3nico o cualquier otro medio electr\u00f3nico o f\u00edsico, presente o futuro, que posibilite realizar comunicaci\u00f3n comercial, env\u00edo de bolet\u00edn de informaci\u00f3n a aquellos usuarios que se suscriban, intercambiar informaci\u00f3n con Cl\u00ednica Girona y otros usuarios y establecer comunicaci\u00f3n con terceros.<br>Desde el momento en que el usuario utiliza la presente p\u00e1gina oficial presta su consentimiento libre, inequ\u00edvoco, espec\u00edfico, informado y expreso para el tratamiento de sus datos personales por Cl\u00ednica Girona, para la correcta prestaci\u00f3n de estos servicios de acuerdo con lo establecido en la presente pol\u00edtica.<\/p>\n\n\n\n<p>El usuario es libre de usar la p\u00e1gina oficial de Cl\u00ednica Girona en esta red social, por lo que en caso de que el usuario no est\u00e9 de acuerdo con el tratamiento de sus datos con estos fines, no deber\u00e1 emplear ni proporcionar sus datos personales.<\/p>\n\n\n\n<p>A trav\u00e9s de esta p\u00e1gina oficial, el usuario puede compartir textos, fotos, v\u00eddeos y otro tipo de informaci\u00f3n y\/o contenidos que estar\u00e1n sujetos tanto a la presente pol\u00edtica como a las Normas y Condiciones de la Plataforma. El usuario ser\u00e1 responsable de que todos los contenidos que publique respeten la legislaci\u00f3n vigente, la presente pol\u00edtica y las Normas de la Plataforma.<\/p>\n\n\n\n<p>El usuario \u00fanicamente podr\u00e1 publicar en esta p\u00e1gina oficial datos personales, fotograf\u00edas e informaciones u otros contenidos cuya titularidad y propiedad le pertenezcan o respecto de los cuales ostente la autorizaci\u00f3n de terceros.<\/p>\n\n\n\n<p>Cl\u00ednica Girona tiene derecho a eliminar de la presente p\u00e1gina oficial \u2013de manera unilateral y sin previa comunicaci\u00f3n ni autorizaci\u00f3n del usuario\u2013 cualquier contenido publicado por el usuario que infrinja o vulnere la legislaci\u00f3n vigente, las normas establecidas en la presente pol\u00edtica y las Normas de la Plataforma.<\/p>\n\n\n\n<p>La informaci\u00f3n y los datos personales proporcionados voluntariamente por el usuario a trav\u00e9s de las redes sociales de Cl\u00ednica Girona se tratan con la finalidad de:<br>\u2022 Gestionar el registro del usuario, la creaci\u00f3n de su cuenta y el uso de las redes sociales de Cl\u00ednica Girona.<br>\u2022 Atender todas las peticiones que nos formule a trav\u00e9s de las redes sociales de Cl\u00ednica Girona.<br>\u2022 Enviar informaci\u00f3n y publicidad de Cl\u00ednica Girona por medios electr\u00f3nicos.<br>\u2022 Conocer la opini\u00f3n y la valoraci\u00f3n del usuario.<br>\u2022 Conocer la opini\u00f3n y la valoraci\u00f3n del usuario y mantenerle al d\u00eda de actividades, noticias y ofertas especiales de su inter\u00e9s.<\/p>\n\n\n\n<p>Todo esto, siempre que haya sido consentido de manera previa y expresa por el interesado.<\/p>\n\n\n\n<p>La informaci\u00f3n facilitada por el usuario a trav\u00e9s de las redes sociales de Cl\u00ednica Girona, incluidos los datos personales, podr\u00e1 ser publicada siempre en funci\u00f3n de los servicios que el usuario utilice, por lo que podr\u00e1 quedar a disposici\u00f3n p\u00fablica de otros terceros usuarios de las redes sociales. Desde el perfil de cada red social, el usuario puede configurar qu\u00e9 informaci\u00f3n quiere hacer p\u00fablica en cada caso, ver los permisos que se han concedido, eliminarlos o desactivarlos, as\u00ed como cualquier aplicaci\u00f3n de un tercero que ya no se quiera utilizar.<br><\/p>\n\n\n\n<p>El usuario puede compartir textos, fotos, v\u00eddeos y otros tipos de informaci\u00f3n u otros contenidos en las redes sociales, lo que en este caso har\u00e1 de manera libre, voluntaria y consciente. Si lo hace as\u00ed, estos contenidos estar\u00e1n sujetos tanto a esta pol\u00edtica como a las normas y condiciones de acceso y uso de la red social correspondiente. El usuario ser\u00e1 responsable de que todos los contenidos que publique respeten la legislaci\u00f3n vigente, esta pol\u00edtica y el aviso legal. El usuario \u00fanicamente podr\u00e1 publicar datos personales, fotograf\u00edas e informaciones u otros contenidos cuya titularidad y propiedad le pertenezcan o respecto de los cuales tenga la autorizaci\u00f3n de terceros.<br><\/p>\n\n\n\n<p>Cl\u00ednica Girona tendr\u00e1 derecho a eliminar de esta p\u00e1gina oficial \u2013unilateralmente y sin comunicaci\u00f3n ni autorizaci\u00f3n previa del usuario\u2013 cualquier contenido publicado por el usuario que infrinja o vulnere la legislaci\u00f3n vigente, las normas establecidas en esta pol\u00edtica y\/o las de las redes sociales.<\/p>\n\n\n\n<div style=\"height:15px\" aria-hidden=\"true\" class=\"wp-block-spacer\"><\/div>\n\n\n\n<h2 class=\"wp-block-heading\" style=\"font-size:20px\">5. Identificaci\u00f3n de los destinatarios respecto de los cuales tenga prevista la realizaci\u00f3n de cesiones o comunicaciones de datos.<\/h2>\n\n\n\n<p>Se advierte al usuario que toda la informaci\u00f3n y contenidos que publique en la p\u00e1gina oficial de la Cl\u00ednica Girona en la red social podr\u00e1 ser conocida por los restantes usuarios de la p\u00e1gina oficial y de la plataforma de red social. En consecuencia, toda la informaci\u00f3n y contenidos publicados por el usuario en la p\u00e1gina oficial de Cl\u00ednica Girona en esta red social ser\u00e1n objeto de comunicaci\u00f3n al resto de los usuarios por la misma naturaleza del servicio.<\/p>\n\n\n\n<p>\u00danicamente tiene prevista la realizaci\u00f3n de cesiones o comunicaciones de datos que, debido a la normativa vigente, deba realizar a jueces, tribunales, administraciones p\u00fablicas y autoridades competentes de car\u00e1cter administrativo.<\/p>\n\n\n\n<div style=\"height:15px\" aria-hidden=\"true\" class=\"wp-block-spacer\"><\/div>\n\n\n\n<h2 class=\"wp-block-heading\" style=\"font-size:20px\">6. Otros terceros proveedores de servicios.<\/h2>\n\n\n\n<p>Cl\u00ednica Girona advierte al usuario que esta entidad solo es responsable y garantiza la confidencialidad, seguridad y tratamiento de los datos conforme a la presente pol\u00edtica, respecto a los datos de car\u00e1cter personal que recoja del usuario a trav\u00e9s de esta p\u00e1gina oficial en esta red social, no teniendo ning\u00fan tipo de responsabilidad respecto a los tratamientos y posteriores utilizaciones de los datos personales que pudieran efectuarse tanto por el titular de la red social como por terceros prestadores de servicios de la sociedad de la informaci\u00f3n a los que pudieran acceder por raz\u00f3n de la prestaci\u00f3n de sus servicios o ejercicio de su actividad, terceros que establezcan enlaces en la red social, ni de aquellos responsables a los que, a trav\u00e9s de enlaces, remita a los usuarios adheridos a esta p\u00e1gina oficial.<\/p>\n\n\n\n<div style=\"height:15px\" aria-hidden=\"true\" class=\"wp-block-spacer\"><\/div>\n\n\n\n<h2 class=\"wp-block-heading\" style=\"font-size:20px\">7. Calidad de los datos.<\/h2>\n\n\n\n<p>Cl\u00ednica Girona advierte al usuario que, salvo la existencia de una representaci\u00f3n legalmente constituida, ning\u00fan usuario puede utilizar la identidad de otra persona y comunicar sus datos personales, por lo que el usuario en todo momento deber\u00e1 tener en cuenta que solo puede proporcionar datos personales correspondientes a su propia identidad y que sean adecuadas, pertinentes, actuales, exactas y veraces. En cualquier caso, el usuario deber\u00e1 respetar la privacidad de terceros, sean estos usuarios o no de la red social o de la p\u00e1gina oficial de Cl\u00ednica Girona.<\/p>\n\n\n\n<div style=\"height:15px\" aria-hidden=\"true\" class=\"wp-block-spacer\"><\/div>\n\n\n\n<h2 class=\"wp-block-heading\" style=\"font-size:20px\">8. Ejercicio de los derechos de acceso, rectificaci\u00f3n, cancelaci\u00f3n y oposici\u00f3n de los datos.<\/h2>\n\n\n\n<p>Se informa al usuario de la posibilidad de ejercer los derechos de acceso, rectificaci\u00f3n, cancelaci\u00f3n y oposici\u00f3n mediante solicitud escrita dirigida a Cl\u00ednica Girona, con domicilio social en la Carretera Barcelona, 206, 17005-Girona, junto con la fotocopia de su DNI, en la direcci\u00f3n indicada anteriormente, o bien por correo electr\u00f3nico a:\u00a0<a href=\"mailto:protecciodades@clinicagirona.cat\"><span style=\"text-decoration: underline;\">protecciodades@clinicagirona.cat<\/span><\/a><br>Derechos que asisten al Interesado:<br>\u2022 Derecho a retirar el consentimiento en cualquier momento.<br>\u2022 Derecho de acceso, rectificaci\u00f3n, portabilidad y supresi\u00f3n de sus datos y a la limitaci\u00f3n u oposici\u00f3n a su tratamiento.<br>\u2022 Derecho a presentar una reclamaci\u00f3n ante la Autoridad de Control (www.agpd.es) si considera que el tratamiento no se ajusta a la normativa vigente.<\/p>\n\n\n\n<div style=\"height:15px\" aria-hidden=\"true\" class=\"wp-block-spacer\"><\/div>\n\n\n\n<h2 class=\"wp-block-heading\" style=\"font-size:20px\">9. Normas de uso.<\/h2>\n\n\n\n<ul class=\"wp-block-list\">\n<li>No escribas nada discriminatorio, racista, difamatorio, obsceno, que infrinja la normativa vigente, que invite a hacerlo o que promueva comportamientos inc\u00edvicos.<\/li>\n\n\n\n<li>S\u00e9 amable y respetuoso con los dem\u00e1s y sus opiniones.<\/li>\n\n\n\n<li>Respeto la privacidad y la reputaci\u00f3n de las personas.<\/li>\n\n\n\n<li>Con una vez es suficiente; evite repetir el mismo mensaje continuamente.<\/li>\n\n\n\n<li>Intenta que el contenido de la intervenci\u00f3n tenga relaci\u00f3n con el asunto que se est\u00e1 tratando.<\/li>\n\n\n\n<li>De esta manera, facilita la conversaci\u00f3n.<\/li>\n<\/ul>\n\n\n\n<div style=\"height:15px\" aria-hidden=\"true\" class=\"wp-block-spacer\"><\/div>\n\n\n\n<h2 class=\"wp-block-heading\" style=\"font-size:20px\">10. Otra informaci\u00f3n de inter\u00e9s.<\/h2>\n\n\n\n<p>Cl\u00ednica Girona podr\u00e1 modificar y\/o sustituir en cualquier momento la presente pol\u00edtica con informaci\u00f3n que, seg\u00fan los casos, sustituir\u00e1, completar\u00e1 y\/o modificar\u00e1 la actualmente publicada aqu\u00ed recogida. Por ello el usuario deber\u00e1 acceder peri\u00f3dicamente a la misma con la finalidad de mantenerse actualizado.<\/p>\n\n\n\n<p>El usuario puede contactarnos, mediante el servicio de mensajer\u00eda interna de la red social o a trav\u00e9s de la siguiente direcci\u00f3n y datos de contacto:<br>CL\u00cdNICA GIRONA S.A.<br>Carretera Barcelona, 206, 17005, Girona.<br><a href=\"mailto:protecciodades@clinicagirona.cat\"><span style=\"text-decoration: underline;\">protecciodades@clinicagirona.cat<\/span><\/a><\/p>\n\n\n\n<p>Asimismo, el usuario puede consultar las normas y pol\u00edticas publicadas por el titular de la red social para su uso.<\/p>\n\n\n\n<div style=\"height:90px\" aria-hidden=\"true\" class=\"wp-block-spacer\"><\/div>\n\n\n\n<p><\/p>","protected":false},"excerpt":{"rendered":"<p>1. Informaci\u00f3n sobre el responsable del tratamiento de los datos alojados en la p\u00e1gina oficial de CL\u00cdNICA GIRONA, S.A.<\/p>","protected":false},"author":1,"featured_media":0,"parent":0,"menu_order":0,"comment_status":"closed","ping_status":"open","template":"","meta":{"footnotes":""},"class_list":["post-31444","page","type-page","status-publish","hentry"],"yoast_head":"<!-- This site is optimized with the Yoast SEO plugin v27.4 - https:\/\/yoast.com\/product\/yoast-seo-wordpress\/ -->\n<title>Pol\u00edtica de Xarxes Socials - Cl\u00ednica Girona<\/title>\n<meta name=\"robots\" content=\"noindex, follow\" \/>\n<meta property=\"og:locale\" content=\"es_ES\" \/>\n<meta property=\"og:type\" content=\"article\" \/>\n<meta property=\"og:title\" content=\"Pol\u00edtica de Xarxes Socials - Cl\u00ednica Girona\" \/>\n<meta property=\"og:description\" content=\"1. Informaci\u00f3 sobre el responsable del tractament de les dades allotjades en la p\u00e0gina oficial de CL\u00cdNICA GIRONA, S.A.\u00a0a les\" \/>\n<meta property=\"og:url\" content=\"https:\/\/clinicagirona.cat\/es\/politica-de-redes-sociales\/\" \/>\n<meta property=\"og:site_name\" content=\"Cl\u00ednica Girona\" \/>\n<meta property=\"article:publisher\" content=\"http:\/\/www.facebook.com\/clinicagirona\" \/>\n<meta property=\"article:modified_time\" content=\"2026-03-09T14:05:49+00:00\" \/>\n<meta property=\"og:image\" content=\"https:\/\/clinicagirona.cat\/wp-content\/uploads\/2025\/05\/clinica-girona-frontal-b.jpg\" \/>\n\t<meta property=\"og:image:width\" content=\"900\" \/>\n\t<meta property=\"og:image:height\" content=\"608\" \/>\n\t<meta property=\"og:image:type\" content=\"image\/jpeg\" \/>\n<meta name=\"twitter:card\" content=\"summary_large_image\" \/>\n<meta name=\"twitter:label1\" content=\"Tiempo de lectura\" \/>\n\t<meta name=\"twitter:data1\" content=\"9 minutos\" \/>\n<script type=\"application\/ld+json\" class=\"yoast-schema-graph\">{\"@context\":\"https:\\\/\\\/schema.org\",\"@graph\":[{\"@type\":\"WebPage\",\"@id\":\"https:\\\/\\\/clinicagirona.cat\\\/politica-de-xarxes-socials\\\/\",\"url\":\"https:\\\/\\\/clinicagirona.cat\\\/politica-de-xarxes-socials\\\/\",\"name\":\"Pol\u00edtica de Xarxes Socials - Cl\u00ednica Girona\",\"isPartOf\":{\"@id\":\"https:\\\/\\\/clinicagirona.cat\\\/#website\"},\"datePublished\":\"2025-05-20T09:37:28+00:00\",\"dateModified\":\"2026-03-09T14:05:49+00:00\",\"breadcrumb\":{\"@id\":\"https:\\\/\\\/clinicagirona.cat\\\/politica-de-xarxes-socials\\\/#breadcrumb\"},\"inLanguage\":\"es\",\"potentialAction\":[{\"@type\":\"ReadAction\",\"target\":[\"https:\\\/\\\/clinicagirona.cat\\\/politica-de-xarxes-socials\\\/\"]}]},{\"@type\":\"BreadcrumbList\",\"@id\":\"https:\\\/\\\/clinicagirona.cat\\\/politica-de-xarxes-socials\\\/#breadcrumb\",\"itemListElement\":[{\"@type\":\"ListItem\",\"position\":1,\"name\":\"Inici\",\"item\":\"https:\\\/\\\/clinicagirona.cat\\\/\"},{\"@type\":\"ListItem\",\"position\":2,\"name\":\"Pol\u00edtica de Xarxes Socials\"}]},{\"@type\":\"WebSite\",\"@id\":\"https:\\\/\\\/clinicagirona.cat\\\/#website\",\"url\":\"https:\\\/\\\/clinicagirona.cat\\\/\",\"name\":\"Cl\u00ednica Girona\",\"description\":\"Cuidem la teva salut, et cuidem a tu\",\"publisher\":{\"@id\":\"https:\\\/\\\/clinicagirona.cat\\\/#organization\"},\"potentialAction\":[{\"@type\":\"SearchAction\",\"target\":{\"@type\":\"EntryPoint\",\"urlTemplate\":\"https:\\\/\\\/clinicagirona.cat\\\/?s={search_term_string}\"},\"query-input\":{\"@type\":\"PropertyValueSpecification\",\"valueRequired\":true,\"valueName\":\"search_term_string\"}}],\"inLanguage\":\"es\"},{\"@type\":\"Organization\",\"@id\":\"https:\\\/\\\/clinicagirona.cat\\\/#organization\",\"name\":\"Cl\u00ednica Girona\",\"url\":\"https:\\\/\\\/clinicagirona.cat\\\/\",\"logo\":{\"@type\":\"ImageObject\",\"inLanguage\":\"es\",\"@id\":\"https:\\\/\\\/clinicagirona.cat\\\/#\\\/schema\\\/logo\\\/image\\\/\",\"url\":\"https:\\\/\\\/clinicagirona.cat\\\/wp-content\\\/uploads\\\/2026\\\/04\\\/clinica-girona-logo-quadrat.jpg\",\"contentUrl\":\"https:\\\/\\\/clinicagirona.cat\\\/wp-content\\\/uploads\\\/2026\\\/04\\\/clinica-girona-logo-quadrat.jpg\",\"width\":1000,\"height\":1000,\"caption\":\"Cl\u00ednica Girona\"},\"image\":{\"@id\":\"https:\\\/\\\/clinicagirona.cat\\\/#\\\/schema\\\/logo\\\/image\\\/\"},\"sameAs\":[\"http:\\\/\\\/www.facebook.com\\\/clinicagirona\",\"https:\\\/\\\/www.instagram.com\\\/clinicagirona\\\/\",\"http:\\\/\\\/www.youtube.com\\\/clinicagirona\",\"http:\\\/\\\/www.linkedin.com\\\/in\\\/clnica-girona-130222b6\\\/\"]}]}<\/script>\n<!-- \/ Yoast SEO plugin. -->","yoast_head_json":{"title":"Pol\u00edtica de Redes Sociales - Cl\u00ednica Girona","robots":{"index":"noindex","follow":"follow"},"og_locale":"es_ES","og_type":"article","og_title":"Pol\u00edtica de Xarxes Socials - Cl\u00ednica Girona","og_description":"1. Informaci\u00f3 sobre el responsable del tractament de les dades allotjades en la p\u00e0gina oficial de CL\u00cdNICA GIRONA, S.A.\u00a0a les","og_url":"https:\/\/clinicagirona.cat\/es\/politica-de-redes-sociales\/","og_site_name":"Cl\u00ednica Girona","article_publisher":"http:\/\/www.facebook.com\/clinicagirona","article_modified_time":"2026-03-09T14:05:49+00:00","og_image":[{"width":900,"height":608,"url":"https:\/\/clinicagirona.cat\/wp-content\/uploads\/2025\/05\/clinica-girona-frontal-b.jpg","type":"image\/jpeg"}],"twitter_card":"summary_large_image","twitter_misc":{"Tiempo de lectura":"9 minutos"},"schema":{"@context":"https:\/\/schema.org","@graph":[{"@type":"WebPage","@id":"https:\/\/clinicagirona.cat\/politica-de-xarxes-socials\/","url":"https:\/\/clinicagirona.cat\/politica-de-xarxes-socials\/","name":"Pol\u00edtica de Redes Sociales - Cl\u00ednica Girona","isPartOf":{"@id":"https:\/\/clinicagirona.cat\/#website"},"datePublished":"2025-05-20T09:37:28+00:00","dateModified":"2026-03-09T14:05:49+00:00","breadcrumb":{"@id":"https:\/\/clinicagirona.cat\/politica-de-xarxes-socials\/#breadcrumb"},"inLanguage":"es","potentialAction":[{"@type":"ReadAction","target":["https:\/\/clinicagirona.cat\/politica-de-xarxes-socials\/"]}]},{"@type":"BreadcrumbList","@id":"https:\/\/clinicagirona.cat\/politica-de-xarxes-socials\/#breadcrumb","itemListElement":[{"@type":"ListItem","position":1,"name":"Inici","item":"https:\/\/clinicagirona.cat\/"},{"@type":"ListItem","position":2,"name":"Pol\u00edtica de Xarxes Socials"}]},{"@type":"WebSite","@id":"https:\/\/clinicagirona.cat\/#website","url":"https:\/\/clinicagirona.cat\/","name":"Cl\u00ednica Girona","description":"Cuidamos tu salud, te cuidamos a ti","publisher":{"@id":"https:\/\/clinicagirona.cat\/#organization"},"potentialAction":[{"@type":"SearchAction","target":{"@type":"EntryPoint","urlTemplate":"https:\/\/clinicagirona.cat\/?s={search_term_string}"},"query-input":{"@type":"PropertyValueSpecification","valueRequired":true,"valueName":"search_term_string"}}],"inLanguage":"es"},{"@type":"Organization","@id":"https:\/\/clinicagirona.cat\/#organization","name":"Cl\u00ednica Girona","url":"https:\/\/clinicagirona.cat\/","logo":{"@type":"ImageObject","inLanguage":"es","@id":"https:\/\/clinicagirona.cat\/#\/schema\/logo\/image\/","url":"https:\/\/clinicagirona.cat\/wp-content\/uploads\/2026\/04\/clinica-girona-logo-quadrat.jpg","contentUrl":"https:\/\/clinicagirona.cat\/wp-content\/uploads\/2026\/04\/clinica-girona-logo-quadrat.jpg","width":1000,"height":1000,"caption":"Cl\u00ednica Girona"},"image":{"@id":"https:\/\/clinicagirona.cat\/#\/schema\/logo\/image\/"},"sameAs":["http:\/\/www.facebook.com\/clinicagirona","https:\/\/www.instagram.com\/clinicagirona\/","http:\/\/www.youtube.com\/clinicagirona","http:\/\/www.linkedin.com\/in\/clnica-girona-130222b6\/"]}]}},"_links":{"self":[{"href":"https:\/\/clinicagirona.cat\/es\/wp-json\/wp\/v2\/pages\/31444","targetHints":{"allow":["GET"]}}],"collection":[{"href":"https:\/\/clinicagirona.cat\/es\/wp-json\/wp\/v2\/pages"}],"about":[{"href":"https:\/\/clinicagirona.cat\/es\/wp-json\/wp\/v2\/types\/page"}],"author":[{"embeddable":true,"href":"https:\/\/clinicagirona.cat\/es\/wp-json\/wp\/v2\/users\/1"}],"replies":[{"embeddable":true,"href":"https:\/\/clinicagirona.cat\/es\/wp-json\/wp\/v2\/comments?post=31444"}],"version-history":[{"count":3,"href":"https:\/\/clinicagirona.cat\/es\/wp-json\/wp\/v2\/pages\/31444\/revisions"}],"predecessor-version":[{"id":38588,"href":"https:\/\/clinicagirona.cat\/es\/wp-json\/wp\/v2\/pages\/31444\/revisions\/38588"}],"wp:attachment":[{"href":"https:\/\/clinicagirona.cat\/es\/wp-json\/wp\/v2\/media?parent=31444"}],"curies":[{"name":"wp","href":"https:\/\/api.w.org\/{rel}","templated":true}]}}