{"id":31448,"date":"2025-05-20T11:46:46","date_gmt":"2025-05-20T09:46:46","guid":{"rendered":"https:\/\/clinicagirona.cat\/?page_id=31448"},"modified":"2025-05-20T12:11:10","modified_gmt":"2025-05-20T10:11:10","slug":"protocolo-hemovigilancia","status":"publish","type":"page","link":"https:\/\/clinicagirona.cat\/es\/protocol-hemovigilancia\/","title":{"rendered":"Protocolo de Hemovigilancia"},"content":{"rendered":"<div data-elementor-type=\"wp-page\" data-elementor-id=\"31448\" class=\"elementor elementor-31448\">\n\t\t\t\t<div class=\"wd-negative-gap elementor-element elementor-element-e15afb9 e-flex e-con-boxed e-con e-parent\" data-id=\"e15afb9\" data-element_type=\"container\" data-e-type=\"container\">\n\t\t\t\t\t<div class=\"e-con-inner\">\n\t\t<div class=\"elementor-element elementor-element-cfbd4d3 e-con-full e-flex e-con e-child\" data-id=\"cfbd4d3\" data-element_type=\"container\" data-e-type=\"container\">\n\t\t\t\t<div class=\"elementor-element elementor-element-1e1dd81 wd-width-100 elementor-widget elementor-widget-wd_video\" data-id=\"1e1dd81\" data-element_type=\"widget\" data-e-type=\"widget\" data-widget_type=\"wd_video.default\">\n\t\t\t\t<div class=\"elementor-widget-container\">\n\t\t\t\t\t\n\t\t<div class=\"wd-el-video wd-action-without wd-video-hosted wd-with-aspect-ratio\">\n\t\t\t\t\t\t\t<video src=\"https:\/\/clinicagirona.cat\/wp-content\/uploads\/2025\/05\/hemovigilancia.mp4\" playsinline controls preload=\"metadata\"><\/video>\t\t\t\n\t\t\t\n\t\t\t\n\t\t\t\t\t<\/div>\n\t\t\t\t\t\t<\/div>\n\t\t\t\t<\/div>\n\t\t\t\t<\/div>\n\t\t\t\t\t<\/div>\n\t\t\t\t<\/div>\n\t\t\t\t<\/div>","protected":false},"excerpt":{"rendered":"","protected":false},"author":1,"featured_media":0,"parent":0,"menu_order":0,"comment_status":"closed","ping_status":"closed","template":"","meta":{"footnotes":""},"class_list":["post-31448","page","type-page","status-publish","hentry"],"yoast_head":"<!-- This site is optimized with the Yoast SEO plugin v27.4 - https:\/\/yoast.com\/product\/yoast-seo-wordpress\/ -->\n<title>Protocol Hemovigil\u00e0ncia - Cl\u00ednica Girona<\/title>\n<meta name=\"description\" content=\"Coneix el Protocol d&#039;Hemovigil\u00e0ncia de Cl\u00ednica Girona. Garantim la seguretat en les transfusions sangu\u00ednies amb els m\u00e9s alts est\u00e0ndards de qualitat i control per a la teva tranquil\u00b7litat.\" \/>\n<meta name=\"robots\" content=\"index, follow, max-snippet:-1, max-image-preview:large, max-video-preview:-1\" \/>\n<link rel=\"canonical\" href=\"https:\/\/clinicagirona.cat\/es\/protocolo-hemovigilancia\/\" \/>\n<meta property=\"og:locale\" content=\"es_ES\" \/>\n<meta property=\"og:type\" content=\"article\" \/>\n<meta property=\"og:title\" content=\"Protocol Hemovigil\u00e0ncia - Cl\u00ednica Girona\" \/>\n<meta property=\"og:description\" content=\"Coneix el Protocol d&#039;Hemovigil\u00e0ncia de Cl\u00ednica Girona. Garantim la seguretat en les transfusions sangu\u00ednies amb els m\u00e9s alts est\u00e0ndards de qualitat i control per a la teva tranquil\u00b7litat.\" \/>\n<meta property=\"og:url\" content=\"https:\/\/clinicagirona.cat\/es\/protocolo-hemovigilancia\/\" \/>\n<meta property=\"og:site_name\" content=\"Cl\u00ednica Girona\" \/>\n<meta property=\"article:publisher\" content=\"http:\/\/www.facebook.com\/clinicagirona\" \/>\n<meta property=\"article:modified_time\" content=\"2025-05-20T10:11:10+00:00\" \/>\n<meta property=\"og:image\" content=\"https:\/\/clinicagirona.cat\/wp-content\/uploads\/2025\/05\/clinica-girona-frontal-b.jpg\" \/>\n\t<meta property=\"og:image:width\" content=\"900\" \/>\n\t<meta property=\"og:image:height\" content=\"608\" \/>\n\t<meta property=\"og:image:type\" content=\"image\/jpeg\" \/>\n<meta name=\"twitter:card\" content=\"summary_large_image\" \/>\n<script type=\"application\/ld+json\" class=\"yoast-schema-graph\">{\"@context\":\"https:\\\/\\\/schema.org\",\"@graph\":[{\"@type\":\"WebPage\",\"@id\":\"https:\\\/\\\/clinicagirona.cat\\\/protocol-hemovigilancia\\\/\",\"url\":\"https:\\\/\\\/clinicagirona.cat\\\/protocol-hemovigilancia\\\/\",\"name\":\"Protocol Hemovigil\u00e0ncia - Cl\u00ednica Girona\",\"isPartOf\":{\"@id\":\"https:\\\/\\\/clinicagirona.cat\\\/#website\"},\"datePublished\":\"2025-05-20T09:46:46+00:00\",\"dateModified\":\"2025-05-20T10:11:10+00:00\",\"description\":\"Coneix el Protocol d'Hemovigil\u00e0ncia de Cl\u00ednica Girona. Garantim la seguretat en les transfusions sangu\u00ednies amb els m\u00e9s alts est\u00e0ndards de qualitat i control per a la teva tranquil\u00b7litat.\",\"breadcrumb\":{\"@id\":\"https:\\\/\\\/clinicagirona.cat\\\/protocol-hemovigilancia\\\/#breadcrumb\"},\"inLanguage\":\"es\",\"potentialAction\":[{\"@type\":\"ReadAction\",\"target\":[\"https:\\\/\\\/clinicagirona.cat\\\/protocol-hemovigilancia\\\/\"]}]},{\"@type\":\"BreadcrumbList\",\"@id\":\"https:\\\/\\\/clinicagirona.cat\\\/protocol-hemovigilancia\\\/#breadcrumb\",\"itemListElement\":[{\"@type\":\"ListItem\",\"position\":1,\"name\":\"Inici\",\"item\":\"https:\\\/\\\/clinicagirona.cat\\\/\"},{\"@type\":\"ListItem\",\"position\":2,\"name\":\"Protocol Hemovigil\u00e0ncia\"}]},{\"@type\":\"WebSite\",\"@id\":\"https:\\\/\\\/clinicagirona.cat\\\/#website\",\"url\":\"https:\\\/\\\/clinicagirona.cat\\\/\",\"name\":\"Cl\u00ednica Girona\",\"description\":\"Cuidem la teva salut, et cuidem a tu\",\"publisher\":{\"@id\":\"https:\\\/\\\/clinicagirona.cat\\\/#organization\"},\"potentialAction\":[{\"@type\":\"SearchAction\",\"target\":{\"@type\":\"EntryPoint\",\"urlTemplate\":\"https:\\\/\\\/clinicagirona.cat\\\/?s={search_term_string}\"},\"query-input\":{\"@type\":\"PropertyValueSpecification\",\"valueRequired\":true,\"valueName\":\"search_term_string\"}}],\"inLanguage\":\"es\"},{\"@type\":\"Organization\",\"@id\":\"https:\\\/\\\/clinicagirona.cat\\\/#organization\",\"name\":\"Cl\u00ednica Girona\",\"url\":\"https:\\\/\\\/clinicagirona.cat\\\/\",\"logo\":{\"@type\":\"ImageObject\",\"inLanguage\":\"es\",\"@id\":\"https:\\\/\\\/clinicagirona.cat\\\/#\\\/schema\\\/logo\\\/image\\\/\",\"url\":\"https:\\\/\\\/clinicagirona.cat\\\/wp-content\\\/uploads\\\/2026\\\/04\\\/clinica-girona-logo-quadrat.jpg\",\"contentUrl\":\"https:\\\/\\\/clinicagirona.cat\\\/wp-content\\\/uploads\\\/2026\\\/04\\\/clinica-girona-logo-quadrat.jpg\",\"width\":1000,\"height\":1000,\"caption\":\"Cl\u00ednica Girona\"},\"image\":{\"@id\":\"https:\\\/\\\/clinicagirona.cat\\\/#\\\/schema\\\/logo\\\/image\\\/\"},\"sameAs\":[\"http:\\\/\\\/www.facebook.com\\\/clinicagirona\",\"https:\\\/\\\/www.instagram.com\\\/clinicagirona\\\/\",\"http:\\\/\\\/www.youtube.com\\\/clinicagirona\",\"http:\\\/\\\/www.linkedin.com\\\/in\\\/clnica-girona-130222b6\\\/\"]}]}<\/script>\n<!-- \/ Yoast SEO plugin. -->","yoast_head_json":{"title":"Protocol Hemovigil\u00e0ncia - Cl\u00ednica Girona","description":"Coneix el Protocol d'Hemovigil\u00e0ncia de Cl\u00ednica Girona. Garantim la seguretat en les transfusions sangu\u00ednies amb els m\u00e9s alts est\u00e0ndards de qualitat i control per a la teva tranquil\u00b7litat.","robots":{"index":"index","follow":"follow","max-snippet":"max-snippet:-1","max-image-preview":"max-image-preview:large","max-video-preview":"max-video-preview:-1"},"canonical":"https:\/\/clinicagirona.cat\/es\/protocolo-hemovigilancia\/","og_locale":"es_ES","og_type":"article","og_title":"Protocol Hemovigil\u00e0ncia - Cl\u00ednica Girona","og_description":"Coneix el Protocol d'Hemovigil\u00e0ncia de Cl\u00ednica Girona. Garantim la seguretat en les transfusions sangu\u00ednies amb els m\u00e9s alts est\u00e0ndards de qualitat i control per a la teva tranquil\u00b7litat.","og_url":"https:\/\/clinicagirona.cat\/es\/protocolo-hemovigilancia\/","og_site_name":"Cl\u00ednica Girona","article_publisher":"http:\/\/www.facebook.com\/clinicagirona","article_modified_time":"2025-05-20T10:11:10+00:00","og_image":[{"width":900,"height":608,"url":"https:\/\/clinicagirona.cat\/wp-content\/uploads\/2025\/05\/clinica-girona-frontal-b.jpg","type":"image\/jpeg"}],"twitter_card":"summary_large_image","schema":{"@context":"https:\/\/schema.org","@graph":[{"@type":"WebPage","@id":"https:\/\/clinicagirona.cat\/protocol-hemovigilancia\/","url":"https:\/\/clinicagirona.cat\/protocol-hemovigilancia\/","name":"Protocol Hemovigil\u00e0ncia - Cl\u00ednica Girona","isPartOf":{"@id":"https:\/\/clinicagirona.cat\/#website"},"datePublished":"2025-05-20T09:46:46+00:00","dateModified":"2025-05-20T10:11:10+00:00","description":"Coneix el Protocol d'Hemovigil\u00e0ncia de Cl\u00ednica Girona. Garantim la seguretat en les transfusions sangu\u00ednies amb els m\u00e9s alts est\u00e0ndards de qualitat i control per a la teva tranquil\u00b7litat.","breadcrumb":{"@id":"https:\/\/clinicagirona.cat\/protocol-hemovigilancia\/#breadcrumb"},"inLanguage":"es","potentialAction":[{"@type":"ReadAction","target":["https:\/\/clinicagirona.cat\/protocol-hemovigilancia\/"]}]},{"@type":"BreadcrumbList","@id":"https:\/\/clinicagirona.cat\/protocol-hemovigilancia\/#breadcrumb","itemListElement":[{"@type":"ListItem","position":1,"name":"Inici","item":"https:\/\/clinicagirona.cat\/"},{"@type":"ListItem","position":2,"name":"Protocol Hemovigil\u00e0ncia"}]},{"@type":"WebSite","@id":"https:\/\/clinicagirona.cat\/#website","url":"https:\/\/clinicagirona.cat\/","name":"Cl\u00ednica Girona","description":"Cuidamos tu salud, te cuidamos a ti","publisher":{"@id":"https:\/\/clinicagirona.cat\/#organization"},"potentialAction":[{"@type":"SearchAction","target":{"@type":"EntryPoint","urlTemplate":"https:\/\/clinicagirona.cat\/?s={search_term_string}"},"query-input":{"@type":"PropertyValueSpecification","valueRequired":true,"valueName":"search_term_string"}}],"inLanguage":"es"},{"@type":"Organization","@id":"https:\/\/clinicagirona.cat\/#organization","name":"Cl\u00ednica Girona","url":"https:\/\/clinicagirona.cat\/","logo":{"@type":"ImageObject","inLanguage":"es","@id":"https:\/\/clinicagirona.cat\/#\/schema\/logo\/image\/","url":"https:\/\/clinicagirona.cat\/wp-content\/uploads\/2026\/04\/clinica-girona-logo-quadrat.jpg","contentUrl":"https:\/\/clinicagirona.cat\/wp-content\/uploads\/2026\/04\/clinica-girona-logo-quadrat.jpg","width":1000,"height":1000,"caption":"Cl\u00ednica Girona"},"image":{"@id":"https:\/\/clinicagirona.cat\/#\/schema\/logo\/image\/"},"sameAs":["http:\/\/www.facebook.com\/clinicagirona","https:\/\/www.instagram.com\/clinicagirona\/","http:\/\/www.youtube.com\/clinicagirona","http:\/\/www.linkedin.com\/in\/clnica-girona-130222b6\/"]}]}},"_links":{"self":[{"href":"https:\/\/clinicagirona.cat\/es\/wp-json\/wp\/v2\/pages\/31448","targetHints":{"allow":["GET"]}}],"collection":[{"href":"https:\/\/clinicagirona.cat\/es\/wp-json\/wp\/v2\/pages"}],"about":[{"href":"https:\/\/clinicagirona.cat\/es\/wp-json\/wp\/v2\/types\/page"}],"author":[{"embeddable":true,"href":"https:\/\/clinicagirona.cat\/es\/wp-json\/wp\/v2\/users\/1"}],"replies":[{"embeddable":true,"href":"https:\/\/clinicagirona.cat\/es\/wp-json\/wp\/v2\/comments?post=31448"}],"version-history":[{"count":4,"href":"https:\/\/clinicagirona.cat\/es\/wp-json\/wp\/v2\/pages\/31448\/revisions"}],"predecessor-version":[{"id":31465,"href":"https:\/\/clinicagirona.cat\/es\/wp-json\/wp\/v2\/pages\/31448\/revisions\/31465"}],"wp:attachment":[{"href":"https:\/\/clinicagirona.cat\/es\/wp-json\/wp\/v2\/media?parent=31448"}],"curies":[{"name":"wp","href":"https:\/\/api.w.org\/{rel}","templated":true}]}}