{"id":32443,"date":"2025-05-27T14:04:37","date_gmt":"2025-05-27T12:04:37","guid":{"rendered":"https:\/\/clinicagirona.cat\/?page_id=32443"},"modified":"2025-06-12T14:44:04","modified_gmt":"2025-06-12T12:44:04","slug":"esquema-nacional-de-seguridad","status":"publish","type":"page","link":"https:\/\/clinicagirona.cat\/es\/esquema-nacional-de-seguretat\/","title":{"rendered":"Esquema Nacional de Seguridad (ENS)"},"content":{"rendered":"<div data-elementor-type=\"wp-page\" data-elementor-id=\"32443\" class=\"elementor elementor-32443\">\n\t\t\t\t<div class=\"wd-negative-gap elementor-element elementor-element-2d45f18 e-flex e-con-boxed e-con e-parent\" data-id=\"2d45f18\" data-element_type=\"container\" data-e-type=\"container\">\n\t\t\t\t\t<div class=\"e-con-inner\">\n\t\t<div class=\"elementor-element elementor-element-bdcc40b e-con-full e-flex e-con e-child\" data-id=\"bdcc40b\" data-element_type=\"container\" data-e-type=\"container\">\n\t\t\t\t<div class=\"elementor-element elementor-element-1771730 color-scheme-inherit text-left elementor-widget elementor-widget-text-editor\" data-id=\"1771730\" data-element_type=\"widget\" data-e-type=\"widget\" data-widget_type=\"text-editor.default\">\n\t\t\t\t<div class=\"elementor-widget-container\">\n\t\t\t\t\t\t\t\t\t<p>Con fecha 20 de Mayo de 2025, la\u00a0<strong>Cl\u00ednica Girona<\/strong>\u00a0ha obtenido la\u00a0<strong>certificaci\u00f3n de conformidad\u00a0<\/strong>con el\u2019<strong>Esquema Nacional de Seguridad (ENS)<\/strong>, que lo acredita como entidad que cumple con los requisitos de protecci\u00f3n y seguridad de la informaci\u00f3n. La certificaci\u00f3n ha sido otorgada por el\u2019<strong>Agencia de Ciberseguridad de Catalu\u00f1a<\/strong>\u00a0despu\u00e9s de pasar por un procedimiento de auditor\u00eda.<\/p>\t\t\t\t\t\t\t\t<\/div>\n\t\t\t\t<\/div>\n\t\t\t\t<div class=\"elementor-element elementor-element-cbfe9df color-scheme-inherit text-left elementor-widget elementor-widget-text-editor\" data-id=\"cbfe9df\" data-element_type=\"widget\" data-e-type=\"widget\" data-widget_type=\"text-editor.default\">\n\t\t\t\t<div class=\"elementor-widget-container\">\n\t\t\t\t\t\t\t\t\t<p>Con la obtenci\u00f3n del certificado, la\u00a0<strong>Cl\u00ednica Girona<\/strong>\u00a0acredita formalmente que cumple con lo establecido en el\u00a0<strong>Perfil de Cumplimiento de Requisitos Esenciales (PCE-RES)<\/strong>, que incluye medidas de seguridad, tanto tecnol\u00f3gicas como organizativas. El objetivo del PCE-RES es proteger la informaci\u00f3n y los servicios prestados, por lo que es necesario adoptar medidas de seguridad, entre las que se incluyen normativas, configuraci\u00f3n de sistemas, auditor\u00edas, gesti\u00f3n de incidentes o programas de formaci\u00f3n.<\/p><p>Este \u00e9xito es fruto del compromiso de la\u00a0<strong>Cl\u00ednica Girona<\/strong>\u00a0con la seguridad, la protecci\u00f3n de la informaci\u00f3n y el cumplimiento normativo.<\/p>\t\t\t\t\t\t\t\t<\/div>\n\t\t\t\t<\/div>\n\t\t\t\t<div class=\"elementor-element elementor-element-89948c9 elementor-widget elementor-widget-wd_button\" data-id=\"89948c9\" data-element_type=\"widget\" data-e-type=\"widget\" data-widget_type=\"wd_button.default\">\n\t\t\t\t<div class=\"elementor-widget-container\">\n\t\t\t\t\t\t\t<div class=\"wd-button-wrapper text-left\" >\n\t\t\t<a class=\"btn btn-style-default btn-shape-rectangle btn-size-default btn-color-primary btn-icon-pos-right\"  href=\"\/wp-content\/uploads\/2025\/05\/CertificadoENS-2025-002A.pdf\">\n\t\t\t\t<span class=\"wd-btn-text\" data-elementor-setting-key=\"text\">\n\t\t\t\t\tCertificado de conformidad con el ENS RD 311\/2022\t\t\t\t<\/span>\n\n\t\t\t\t\t\t\t\t\t<span class=\"wd-btn-icon\">\n\t\t\t\t\t\t<svg class=\"wd-icon e-font-icon-svg e-far-file-pdf\" viewbox=\"0 0 384 512\" xmlns=\"http:\/\/www.w3.org\/2000\/svg\"><path d=\"M369.9 97.9L286 14C277 5 264.8-.1 252.1-.1H48C21.5 0 0 21.5 0 48v416c0 26.5 21.5 48 48 48h288c26.5 0 48-21.5 48-48V131.9c0-12.7-5.1-25-14.1-34zM332.1 128H256V51.9l76.1 76.1zM48 464V48h160v104c0 13.3 10.7 24 24 24h104v288H48zm250.2-143.7c-12.2-12-47-8.7-64.4-6.5-17.2-10.5-28.7-25-36.8-46.3 3.9-16.1 10.1-40.6 5.4-56-4.2-26.2-37.8-23.6-42.6-5.9-4.4 16.1-.4 38.5 7 67.1-10 23.9-24.9 56-35.4 74.4-20 10.3-47 26.2-51 46.2-3.3 15.8 26 55.2 76.1-31.2 22.4-7.4 46.8-16.5 68.4-20.1 18.9 10.2 41 17 55.8 17 25.5 0 28-28.2 17.5-38.7zm-198.1 77.8c5.1-13.7 24.5-29.5 30.4-35-19 30.3-30.4 35.7-30.4 35zm81.6-190.6c7.4 0 6.7 32.1 1.8 40.8-4.4-13.9-4.3-40.8-1.8-40.8zm-24.4 136.6c9.7-16.9 18-37 24.7-54.7 8.3 15.1 18.9 27.2 30.1 35.5-20.8 4.3-38.9 13.1-54.8 19.2zm131.6-5s-5 6-37.3-7.8c35.1-2.6 40.9 5.4 37.3 7.8z\"><\/path><\/svg>\t\t\t\t\t<\/span>\n\t\t\t\t\t\t\t<\/a>\n\t\t<\/div>\n\t\t\t\t\t\t<\/div>\n\t\t\t\t<\/div>\n\t\t\t\t<\/div>\n\t\t<div class=\"elementor-element elementor-element-b618281 e-con-full e-flex e-con e-child\" data-id=\"b618281\" data-element_type=\"container\" data-e-type=\"container\">\n\t\t\t\t<div class=\"elementor-element elementor-element-a331ebd elementor-widget elementor-widget-image\" data-id=\"a331ebd\" data-element_type=\"widget\" data-e-type=\"widget\" data-widget_type=\"image.default\">\n\t\t\t\t<div class=\"elementor-widget-container\">\n\t\t\t\t\t\t\t\t\t\t\t\t\t\t\t\t<a href=\"\/wp-content\/uploads\/2025\/05\/CertificadoENS-2025-002A.pdf\" target=\"_blank\">\n\t\t\t\t\t\t\t<img fetchpriority=\"high\" decoding=\"async\" width=\"658\" height=\"800\" src=\"https:\/\/clinicagirona.cat\/wp-content\/uploads\/2025\/05\/distintivo_ens_certificacion_BASICA_RD311-2022-658x800.png\" class=\"attachment-large size-large wp-image-32446\" alt=\"Certificaci\u00f3n ENS Cl\u00ednica Girona\" srcset=\"https:\/\/clinicagirona.cat\/wp-content\/uploads\/2025\/05\/distintivo_ens_certificacion_BASICA_RD311-2022-658x800.png 658w, https:\/\/clinicagirona.cat\/wp-content\/uploads\/2025\/05\/distintivo_ens_certificacion_BASICA_RD311-2022-247x300.png 247w, https:\/\/clinicagirona.cat\/wp-content\/uploads\/2025\/05\/distintivo_ens_certificacion_BASICA_RD311-2022-768x934.png 768w, https:\/\/clinicagirona.cat\/wp-content\/uploads\/2025\/05\/distintivo_ens_certificacion_BASICA_RD311-2022-430x523.png 430w, https:\/\/clinicagirona.cat\/wp-content\/uploads\/2025\/05\/distintivo_ens_certificacion_BASICA_RD311-2022-700x851.png 700w, https:\/\/clinicagirona.cat\/wp-content\/uploads\/2025\/05\/distintivo_ens_certificacion_BASICA_RD311-2022-150x182.png 150w, https:\/\/clinicagirona.cat\/wp-content\/uploads\/2025\/05\/distintivo_ens_certificacion_BASICA_RD311-2022.png 925w\" sizes=\"(max-width: 658px) 100vw, 658px\" \/>\t\t\t\t\t\t\t\t<\/a>\n\t\t\t\t\t\t\t\t\t\t\t\t\t\t\t<\/div>\n\t\t\t\t<\/div>\n\t\t\t\t<\/div>\n\t\t\t\t\t<\/div>\n\t\t\t\t<\/div>\n\t\t<div class=\"wd-negative-gap elementor-element elementor-element-6cb37a6 e-flex e-con-boxed e-con e-parent\" data-id=\"6cb37a6\" data-element_type=\"container\" data-e-type=\"container\">\n\t\t\t\t\t<div class=\"e-con-inner\">\n\t\t\t\t<div class=\"elementor-element elementor-element-cd38cd7 elementor-widget elementor-widget-n-accordion\" data-id=\"cd38cd7\" data-element_type=\"widget\" data-e-type=\"widget\" data-settings=\"{&quot;default_state&quot;:&quot;expanded&quot;,&quot;max_items_expended&quot;:&quot;one&quot;,&quot;n_accordion_animation_duration&quot;:{&quot;unit&quot;:&quot;ms&quot;,&quot;size&quot;:400,&quot;sizes&quot;:[]}}\" data-widget_type=\"nested-accordion.default\">\n\t\t\t\t<div class=\"elementor-widget-container\">\n\t\t\t\t\t\t\t<div class=\"e-n-accordion\" aria-label=\"\u00bfCl\u00ednica Girona es accesible para personas con movilidad reducida?\">\n\t\t\t\t\t\t<details id=\"e-n-accordion-item-2150\" class=\"e-n-accordion-item\" open>\n\t\t\t\t<summary class=\"e-n-accordion-item-title\" data-accordion-index=\"1\" tabindex=\"0\" aria-expanded=\"true\" aria-controls=\"e-n-accordion-item-2150\" >\n\t\t\t\t\t<span class='e-n-accordion-item-title-header'><div class=\"e-n-accordion-item-title-text\"> \tEl Esquema Nacional de Seguridad (ENS) es un conjunto de principios y normas que regulan la seguridad de la informaci\u00f3n en la administraci\u00f3n p\u00fablica espa\u00f1ola. Su objetivo es establecer un nivel m\u00ednimo de seguridad en los sistemas de informaci\u00f3n que permitan la gesti\u00f3n de la informaci\u00f3n y la prestaci\u00f3n de servicios electr\u00f3nicos por parte de las administraciones p\u00fablicas. <\/div><\/span>\n\t\t\t\t\t\t\t<span class='e-n-accordion-item-title-icon'>\n\t\t\t<span class='e-opened' ><svg aria-hidden=\"true\" class=\"e-font-icon-svg e-fas-minus\" viewbox=\"0 0 448 512\" xmlns=\"http:\/\/www.w3.org\/2000\/svg\"><path d=\"M416 208H32c-17.67 0-32 14.33-32 32v32c0 17.67 14.33 32 32 32h384c17.67 0 32-14.33 32-32v-32c0-17.67-14.33-32-32-32z\"><\/path><\/svg><\/span>\n\t\t\t<span class='e-closed'><svg aria-hidden=\"true\" class=\"e-font-icon-svg e-fas-plus\" viewbox=\"0 0 448 512\" xmlns=\"http:\/\/www.w3.org\/2000\/svg\"><path d=\"M416 208H272V64c0-17.67-14.33-32-32-32h-32c-17.67 0-32 14.33-32 32v144H32c-17.67 0-32 14.33-32 32v32c0 17.67 14.33 32 32 32h144v144c0 17.67 14.33 32 32 32h32c17.67 0 32-14.33 32-32V304h144c17.67 0 32-14.33 32-32v-32c0-17.67-14.33-32-32-32z\"><\/path><\/svg><\/span>\n\t\t<\/span>\n\n\t\t\t\t\t\t<\/summary>\n\t\t\t\t<div role=\"region\" aria-labelledby=\"e-n-accordion-item-2150\" class=\"elementor-element elementor-element-827a18f e-con-full e-flex e-con e-child\" data-id=\"827a18f\" data-element_type=\"container\" data-e-type=\"container\">\n\t\t\t\t<div class=\"elementor-element elementor-element-707b94c elementor-widget elementor-widget-wd_text_block\" data-id=\"707b94c\" data-element_type=\"widget\" data-e-type=\"widget\" data-widget_type=\"wd_text_block.default\">\n\t\t\t\t<div class=\"elementor-widget-container\">\n\t\t\t\t\t\t\t<div class=\"wd-text-block reset-last-child text-left\">\n\t\t\t\n\t\t\t<p>L\u2019<strong>Esquema Nacional de Seguridad (ENS)<\/strong>, regulado por el Real Decreto 311\/2022, de 3 de mayo, es una normativa de obligado cumplimiento que establece los principios b\u00e1sicos y los requisitos m\u00ednimos necesarios para garantizar una protecci\u00f3n adecuada de la informaci\u00f3n tratada por las administraciones p\u00fablicas y empresas privadas. Este marco legal es esencial para garantizar la confianza en los servicios electr\u00f3nicos y proteger la privacidad y los datos de los pacientes.<\/p>\n\t\t\t\t\t<\/div>\n\t\t\t\t\t\t<\/div>\n\t\t\t\t<\/div>\n\t\t\t\t<\/div>\n\t\t\t\t\t<\/details>\n\t\t\t\t\t\t<details id=\"e-n-accordion-item-2151\" class=\"e-n-accordion-item\" >\n\t\t\t\t<summary class=\"e-n-accordion-item-title\" data-accordion-index=\"2\" tabindex=\"-1\" aria-expanded=\"false\" aria-controls=\"e-n-accordion-item-2151\" >\n\t\t\t\t\t<span class='e-n-accordion-item-title-header'><div class=\"e-n-accordion-item-title-text\"> Cumplido de est\u00e1ndares <\/div><\/span>\n\t\t\t\t\t\t\t<span class='e-n-accordion-item-title-icon'>\n\t\t\t<span class='e-opened' ><svg aria-hidden=\"true\" class=\"e-font-icon-svg e-fas-minus\" viewbox=\"0 0 448 512\" xmlns=\"http:\/\/www.w3.org\/2000\/svg\"><path d=\"M416 208H32c-17.67 0-32 14.33-32 32v32c0 17.67 14.33 32 32 32h384c17.67 0 32-14.33 32-32v-32c0-17.67-14.33-32-32-32z\"><\/path><\/svg><\/span>\n\t\t\t<span class='e-closed'><svg aria-hidden=\"true\" class=\"e-font-icon-svg e-fas-plus\" viewbox=\"0 0 448 512\" xmlns=\"http:\/\/www.w3.org\/2000\/svg\"><path d=\"M416 208H272V64c0-17.67-14.33-32-32-32h-32c-17.67 0-32 14.33-32 32v144H32c-17.67 0-32 14.33-32 32v32c0 17.67 14.33 32 32 32h144v144c0 17.67 14.33 32 32 32h32c17.67 0 32-14.33 32-32V304h144c17.67 0 32-14.33 32-32v-32c0-17.67-14.33-32-32-32z\"><\/path><\/svg><\/span>\n\t\t<\/span>\n\n\t\t\t\t\t\t<\/summary>\n\t\t\t\t<div role=\"region\" aria-labelledby=\"e-n-accordion-item-2151\" class=\"elementor-element elementor-element-c79cf35 e-con-full e-flex e-con e-child\" data-id=\"c79cf35\" data-element_type=\"container\" data-e-type=\"container\">\n\t\t\t\t<div class=\"elementor-element elementor-element-4eb5c48 elementor-widget elementor-widget-wd_text_block\" data-id=\"4eb5c48\" data-element_type=\"widget\" data-e-type=\"widget\" data-widget_type=\"wd_text_block.default\">\n\t\t\t\t<div class=\"elementor-widget-container\">\n\t\t\t\t\t\t\t<div class=\"wd-text-block reset-last-child text-left\">\n\t\t\t\n\t\t\t<p>La certificaci\u00f3n obtenida confirma que el sistema inform\u00e1tico de la Cl\u00ednica Girona cumple est\u00e1ndares rigurosos en \u00e1reas clave como:<\/p><ul><li><strong>Autenticidad<\/strong>Verificar la identidad de los usuarios y los sistemas involucrados.<\/li><li><strong>Integridad<\/strong>Garantizar que la informaci\u00f3n no se altere de forma no autorizada.<\/li><li><strong>Disponibilidad<\/strong>Garantizar la operatividad continua del sistema para el cumplimiento de las funciones esenciales del organismo.<\/li><li><strong>Confidencialidad<\/strong>Proteger los datos sensibles contra accesos no autorizados.<\/li><\/ul>\n\t\t\t\t\t<\/div>\n\t\t\t\t\t\t<\/div>\n\t\t\t\t<\/div>\n\t\t\t\t<\/div>\n\t\t\t\t\t<\/details>\n\t\t\t\t\t\t<details id=\"e-n-accordion-item-2152\" class=\"e-n-accordion-item\" >\n\t\t\t\t<summary class=\"e-n-accordion-item-title\" data-accordion-index=\"3\" tabindex=\"-1\" aria-expanded=\"false\" aria-controls=\"e-n-accordion-item-2152\" >\n\t\t\t\t\t<span class='e-n-accordion-item-title-header'><div class=\"e-n-accordion-item-title-text\"> Normativa <\/div><\/span>\n\t\t\t\t\t\t\t<span class='e-n-accordion-item-title-icon'>\n\t\t\t<span class='e-opened' ><svg aria-hidden=\"true\" class=\"e-font-icon-svg e-fas-minus\" viewbox=\"0 0 448 512\" xmlns=\"http:\/\/www.w3.org\/2000\/svg\"><path d=\"M416 208H32c-17.67 0-32 14.33-32 32v32c0 17.67 14.33 32 32 32h384c17.67 0 32-14.33 32-32v-32c0-17.67-14.33-32-32-32z\"><\/path><\/svg><\/span>\n\t\t\t<span class='e-closed'><svg aria-hidden=\"true\" class=\"e-font-icon-svg e-fas-plus\" viewbox=\"0 0 448 512\" xmlns=\"http:\/\/www.w3.org\/2000\/svg\"><path d=\"M416 208H272V64c0-17.67-14.33-32-32-32h-32c-17.67 0-32 14.33-32 32v144H32c-17.67 0-32 14.33-32 32v32c0 17.67 14.33 32 32 32h144v144c0 17.67 14.33 32 32 32h32c17.67 0 32-14.33 32-32V304h144c17.67 0 32-14.33 32-32v-32c0-17.67-14.33-32-32-32z\"><\/path><\/svg><\/span>\n\t\t<\/span>\n\n\t\t\t\t\t\t<\/summary>\n\t\t\t\t<div role=\"region\" aria-labelledby=\"e-n-accordion-item-2152\" class=\"elementor-element elementor-element-119a87f e-con-full e-flex e-con e-child\" data-id=\"119a87f\" data-element_type=\"container\" data-e-type=\"container\">\n\t\t\t\t<div class=\"elementor-element elementor-element-6a50849 elementor-widget elementor-widget-wd_text_block\" data-id=\"6a50849\" data-element_type=\"widget\" data-e-type=\"widget\" data-widget_type=\"wd_text_block.default\">\n\t\t\t\t<div class=\"elementor-widget-container\">\n\t\t\t\t\t\t\t<div class=\"wd-text-block reset-last-child text-left\">\n\t\t\t\n\t\t\t<a href=\"https:\/\/www.boe.es\/buscar\/act.php?id=BOE-A-2022-7191\" target=\"_blank\" rel=\"noopener\"><span style=\"text-decoration: underline;\">Real Decreto 311\/2022, de 3 de mayo<\/span><\/a>, por el cual se regula el Esquema Nacional de Seguridad.\n\t\t\t\t\t<\/div>\n\t\t\t\t\t\t<\/div>\n\t\t\t\t<\/div>\n\t\t\t\t<\/div>\n\t\t\t\t\t<\/details>\n\t\t\t\t\t<\/div>\n\t\t\t\t\t\t<\/div>\n\t\t\t\t<\/div>\n\t\t\t\t\t<\/div>\n\t\t\t\t<\/div>\n\t\t\t\t<\/div>","protected":false},"excerpt":{"rendered":"<p>Amb data 20 de Maig del 2025, la\u00a0Cl\u00ednica Girona\u00a0ha obtingut la\u00a0certificaci\u00f3 de conformitat\u00a0amb l\u2019Esquema Nacional de Seguretat (ENS), que l\u2019acredita<\/p>","protected":false},"author":1,"featured_media":0,"parent":0,"menu_order":0,"comment_status":"closed","ping_status":"closed","template":"","meta":{"footnotes":""},"class_list":["post-32443","page","type-page","status-publish","hentry"],"yoast_head":"<!-- This site is optimized with the Yoast SEO plugin v27.4 - https:\/\/yoast.com\/product\/yoast-seo-wordpress\/ -->\n<title>Esquema Nacional de Seguretat (ENS) - Cl\u00ednica Girona<\/title>\n<meta name=\"description\" content=\"La certificaci\u00f3 ha estat atorgada per l\u2019Ag\u00e8ncia de Ciberseguretat de Catalunya despr\u00e9s de passar per un procediment d\u2019auditoria.\" \/>\n<meta name=\"robots\" content=\"index, follow, max-snippet:-1, max-image-preview:large, max-video-preview:-1\" \/>\n<link rel=\"canonical\" href=\"https:\/\/clinicagirona.cat\/es\/esquema-nacional-de-seguridad\/\" \/>\n<meta property=\"og:locale\" content=\"es_ES\" \/>\n<meta property=\"og:type\" content=\"article\" \/>\n<meta property=\"og:title\" content=\"Esquema Nacional de Seguretat (ENS) - Cl\u00ednica Girona\" \/>\n<meta property=\"og:description\" content=\"La certificaci\u00f3 ha estat atorgada per l\u2019Ag\u00e8ncia de Ciberseguretat de Catalunya despr\u00e9s de passar per un procediment d\u2019auditoria.\" \/>\n<meta property=\"og:url\" content=\"https:\/\/clinicagirona.cat\/es\/esquema-nacional-de-seguridad\/\" \/>\n<meta property=\"og:site_name\" content=\"Cl\u00ednica Girona\" \/>\n<meta property=\"article:publisher\" content=\"http:\/\/www.facebook.com\/clinicagirona\" \/>\n<meta property=\"article:modified_time\" content=\"2025-06-12T12:44:04+00:00\" \/>\n<meta property=\"og:image\" content=\"https:\/\/clinicagirona.cat\/wp-content\/uploads\/2025\/05\/distintivo_ens_certificacion_BASICA_RD311-2022-658x800.png\" \/>\n<meta name=\"twitter:card\" content=\"summary_large_image\" \/>\n<meta name=\"twitter:label1\" content=\"Tiempo de lectura\" \/>\n\t<meta name=\"twitter:data1\" content=\"3 minutos\" \/>\n<script type=\"application\/ld+json\" class=\"yoast-schema-graph\">{\"@context\":\"https:\\\/\\\/schema.org\",\"@graph\":[{\"@type\":\"WebPage\",\"@id\":\"https:\\\/\\\/clinicagirona.cat\\\/esquema-nacional-de-seguretat\\\/\",\"url\":\"https:\\\/\\\/clinicagirona.cat\\\/esquema-nacional-de-seguretat\\\/\",\"name\":\"Esquema Nacional de Seguretat (ENS) - Cl\u00ednica Girona\",\"isPartOf\":{\"@id\":\"https:\\\/\\\/clinicagirona.cat\\\/#website\"},\"primaryImageOfPage\":{\"@id\":\"https:\\\/\\\/clinicagirona.cat\\\/esquema-nacional-de-seguretat\\\/#primaryimage\"},\"image\":{\"@id\":\"https:\\\/\\\/clinicagirona.cat\\\/esquema-nacional-de-seguretat\\\/#primaryimage\"},\"thumbnailUrl\":\"https:\\\/\\\/clinicagirona.cat\\\/wp-content\\\/uploads\\\/2025\\\/05\\\/distintivo_ens_certificacion_BASICA_RD311-2022-658x800.png\",\"datePublished\":\"2025-05-27T12:04:37+00:00\",\"dateModified\":\"2025-06-12T12:44:04+00:00\",\"description\":\"La certificaci\u00f3 ha estat atorgada per l\u2019Ag\u00e8ncia de Ciberseguretat de Catalunya despr\u00e9s de passar per un procediment d\u2019auditoria.\",\"breadcrumb\":{\"@id\":\"https:\\\/\\\/clinicagirona.cat\\\/esquema-nacional-de-seguretat\\\/#breadcrumb\"},\"inLanguage\":\"es\",\"potentialAction\":[{\"@type\":\"ReadAction\",\"target\":[\"https:\\\/\\\/clinicagirona.cat\\\/esquema-nacional-de-seguretat\\\/\"]}]},{\"@type\":\"ImageObject\",\"inLanguage\":\"es\",\"@id\":\"https:\\\/\\\/clinicagirona.cat\\\/esquema-nacional-de-seguretat\\\/#primaryimage\",\"url\":\"https:\\\/\\\/clinicagirona.cat\\\/wp-content\\\/uploads\\\/2025\\\/05\\\/distintivo_ens_certificacion_BASICA_RD311-2022-658x800.png\",\"contentUrl\":\"https:\\\/\\\/clinicagirona.cat\\\/wp-content\\\/uploads\\\/2025\\\/05\\\/distintivo_ens_certificacion_BASICA_RD311-2022-658x800.png\"},{\"@type\":\"BreadcrumbList\",\"@id\":\"https:\\\/\\\/clinicagirona.cat\\\/esquema-nacional-de-seguretat\\\/#breadcrumb\",\"itemListElement\":[{\"@type\":\"ListItem\",\"position\":1,\"name\":\"Inici\",\"item\":\"https:\\\/\\\/clinicagirona.cat\\\/\"},{\"@type\":\"ListItem\",\"position\":2,\"name\":\"Esquema Nacional de Seguretat (ENS)\"}]},{\"@type\":\"WebSite\",\"@id\":\"https:\\\/\\\/clinicagirona.cat\\\/#website\",\"url\":\"https:\\\/\\\/clinicagirona.cat\\\/\",\"name\":\"Cl\u00ednica Girona\",\"description\":\"Cuidem la teva salut, et cuidem a tu\",\"publisher\":{\"@id\":\"https:\\\/\\\/clinicagirona.cat\\\/#organization\"},\"potentialAction\":[{\"@type\":\"SearchAction\",\"target\":{\"@type\":\"EntryPoint\",\"urlTemplate\":\"https:\\\/\\\/clinicagirona.cat\\\/?s={search_term_string}\"},\"query-input\":{\"@type\":\"PropertyValueSpecification\",\"valueRequired\":true,\"valueName\":\"search_term_string\"}}],\"inLanguage\":\"es\"},{\"@type\":\"Organization\",\"@id\":\"https:\\\/\\\/clinicagirona.cat\\\/#organization\",\"name\":\"Cl\u00ednica Girona\",\"url\":\"https:\\\/\\\/clinicagirona.cat\\\/\",\"logo\":{\"@type\":\"ImageObject\",\"inLanguage\":\"es\",\"@id\":\"https:\\\/\\\/clinicagirona.cat\\\/#\\\/schema\\\/logo\\\/image\\\/\",\"url\":\"https:\\\/\\\/clinicagirona.cat\\\/wp-content\\\/uploads\\\/2026\\\/04\\\/clinica-girona-logo-quadrat.jpg\",\"contentUrl\":\"https:\\\/\\\/clinicagirona.cat\\\/wp-content\\\/uploads\\\/2026\\\/04\\\/clinica-girona-logo-quadrat.jpg\",\"width\":1000,\"height\":1000,\"caption\":\"Cl\u00ednica Girona\"},\"image\":{\"@id\":\"https:\\\/\\\/clinicagirona.cat\\\/#\\\/schema\\\/logo\\\/image\\\/\"},\"sameAs\":[\"http:\\\/\\\/www.facebook.com\\\/clinicagirona\",\"https:\\\/\\\/www.instagram.com\\\/clinicagirona\\\/\",\"http:\\\/\\\/www.youtube.com\\\/clinicagirona\",\"http:\\\/\\\/www.linkedin.com\\\/in\\\/clnica-girona-130222b6\\\/\"]}]}<\/script>\n<!-- \/ Yoast SEO plugin. -->","yoast_head_json":{"title":"Esquema Nacional de Seguridad (ENS) - Cl\u00ednica Girona","description":"La certificaci\u00f3n ha sido otorgada por la Agencia de Ciberseguridad de Catalu\u00f1a tras pasar por un procedimiento de auditor\u00eda.","robots":{"index":"index","follow":"follow","max-snippet":"max-snippet:-1","max-image-preview":"max-image-preview:large","max-video-preview":"max-video-preview:-1"},"canonical":"https:\/\/clinicagirona.cat\/es\/esquema-nacional-de-seguridad\/","og_locale":"es_ES","og_type":"article","og_title":"Esquema Nacional de Seguretat (ENS) - Cl\u00ednica Girona","og_description":"La certificaci\u00f3 ha estat atorgada per l\u2019Ag\u00e8ncia de Ciberseguretat de Catalunya despr\u00e9s de passar per un procediment d\u2019auditoria.","og_url":"https:\/\/clinicagirona.cat\/es\/esquema-nacional-de-seguridad\/","og_site_name":"Cl\u00ednica Girona","article_publisher":"http:\/\/www.facebook.com\/clinicagirona","article_modified_time":"2025-06-12T12:44:04+00:00","og_image":[{"url":"https:\/\/clinicagirona.cat\/wp-content\/uploads\/2025\/05\/distintivo_ens_certificacion_BASICA_RD311-2022-658x800.png","type":"","width":"","height":""}],"twitter_card":"summary_large_image","twitter_misc":{"Tiempo de lectura":"3 minutos"},"schema":{"@context":"https:\/\/schema.org","@graph":[{"@type":"WebPage","@id":"https:\/\/clinicagirona.cat\/esquema-nacional-de-seguretat\/","url":"https:\/\/clinicagirona.cat\/esquema-nacional-de-seguretat\/","name":"Esquema Nacional de Seguridad (ENS) - Cl\u00ednica Girona","isPartOf":{"@id":"https:\/\/clinicagirona.cat\/#website"},"primaryImageOfPage":{"@id":"https:\/\/clinicagirona.cat\/esquema-nacional-de-seguretat\/#primaryimage"},"image":{"@id":"https:\/\/clinicagirona.cat\/esquema-nacional-de-seguretat\/#primaryimage"},"thumbnailUrl":"https:\/\/clinicagirona.cat\/wp-content\/uploads\/2025\/05\/distintivo_ens_certificacion_BASICA_RD311-2022-658x800.png","datePublished":"2025-05-27T12:04:37+00:00","dateModified":"2025-06-12T12:44:04+00:00","description":"La certificaci\u00f3n ha sido otorgada por la Agencia de Ciberseguridad de Catalu\u00f1a tras pasar por un procedimiento de auditor\u00eda.","breadcrumb":{"@id":"https:\/\/clinicagirona.cat\/esquema-nacional-de-seguretat\/#breadcrumb"},"inLanguage":"es","potentialAction":[{"@type":"ReadAction","target":["https:\/\/clinicagirona.cat\/esquema-nacional-de-seguretat\/"]}]},{"@type":"ImageObject","inLanguage":"es","@id":"https:\/\/clinicagirona.cat\/esquema-nacional-de-seguretat\/#primaryimage","url":"https:\/\/clinicagirona.cat\/wp-content\/uploads\/2025\/05\/distintivo_ens_certificacion_BASICA_RD311-2022-658x800.png","contentUrl":"https:\/\/clinicagirona.cat\/wp-content\/uploads\/2025\/05\/distintivo_ens_certificacion_BASICA_RD311-2022-658x800.png"},{"@type":"BreadcrumbList","@id":"https:\/\/clinicagirona.cat\/esquema-nacional-de-seguretat\/#breadcrumb","itemListElement":[{"@type":"ListItem","position":1,"name":"Inici","item":"https:\/\/clinicagirona.cat\/"},{"@type":"ListItem","position":2,"name":"Esquema Nacional de Seguretat (ENS)"}]},{"@type":"WebSite","@id":"https:\/\/clinicagirona.cat\/#website","url":"https:\/\/clinicagirona.cat\/","name":"Cl\u00ednica Girona","description":"Cuidamos tu salud, te cuidamos a ti","publisher":{"@id":"https:\/\/clinicagirona.cat\/#organization"},"potentialAction":[{"@type":"SearchAction","target":{"@type":"EntryPoint","urlTemplate":"https:\/\/clinicagirona.cat\/?s={search_term_string}"},"query-input":{"@type":"PropertyValueSpecification","valueRequired":true,"valueName":"search_term_string"}}],"inLanguage":"es"},{"@type":"Organization","@id":"https:\/\/clinicagirona.cat\/#organization","name":"Cl\u00ednica Girona","url":"https:\/\/clinicagirona.cat\/","logo":{"@type":"ImageObject","inLanguage":"es","@id":"https:\/\/clinicagirona.cat\/#\/schema\/logo\/image\/","url":"https:\/\/clinicagirona.cat\/wp-content\/uploads\/2026\/04\/clinica-girona-logo-quadrat.jpg","contentUrl":"https:\/\/clinicagirona.cat\/wp-content\/uploads\/2026\/04\/clinica-girona-logo-quadrat.jpg","width":1000,"height":1000,"caption":"Cl\u00ednica Girona"},"image":{"@id":"https:\/\/clinicagirona.cat\/#\/schema\/logo\/image\/"},"sameAs":["http:\/\/www.facebook.com\/clinicagirona","https:\/\/www.instagram.com\/clinicagirona\/","http:\/\/www.youtube.com\/clinicagirona","http:\/\/www.linkedin.com\/in\/clnica-girona-130222b6\/"]}]}},"_links":{"self":[{"href":"https:\/\/clinicagirona.cat\/es\/wp-json\/wp\/v2\/pages\/32443","targetHints":{"allow":["GET"]}}],"collection":[{"href":"https:\/\/clinicagirona.cat\/es\/wp-json\/wp\/v2\/pages"}],"about":[{"href":"https:\/\/clinicagirona.cat\/es\/wp-json\/wp\/v2\/types\/page"}],"author":[{"embeddable":true,"href":"https:\/\/clinicagirona.cat\/es\/wp-json\/wp\/v2\/users\/1"}],"replies":[{"embeddable":true,"href":"https:\/\/clinicagirona.cat\/es\/wp-json\/wp\/v2\/comments?post=32443"}],"version-history":[{"count":7,"href":"https:\/\/clinicagirona.cat\/es\/wp-json\/wp\/v2\/pages\/32443\/revisions"}],"predecessor-version":[{"id":33098,"href":"https:\/\/clinicagirona.cat\/es\/wp-json\/wp\/v2\/pages\/32443\/revisions\/33098"}],"wp:attachment":[{"href":"https:\/\/clinicagirona.cat\/es\/wp-json\/wp\/v2\/media?parent=32443"}],"curies":[{"name":"wp","href":"https:\/\/api.w.org\/{rel}","templated":true}]}}