{"id":34617,"date":"2025-07-09T11:42:48","date_gmt":"2025-07-09T09:42:48","guid":{"rendered":"https:\/\/clinicagirona.cat\/?page_id=34617"},"modified":"2025-07-09T11:43:09","modified_gmt":"2025-07-09T09:43:09","slug":"aviso-legal-3","status":"publish","type":"page","link":"https:\/\/clinicagirona.cat\/es\/legal-notice\/","title":{"rendered":"Aviso Legal"},"content":{"rendered":"<p>Cl\u00ednica Girona S.A., con domicilio social en Girona, en la Carretera Barcelona, 206, y con n\u00famero de C.I.F. A17001025, inscrita en el Registro Mercantil de Girona al Tomo 358, Folio GI-6802, Hoja 133, inscripci\u00f3n 1a, titular de la URL <a href=\"https:\/\/clinicagirona.cat\/es\/\" target=\"_blank\" rel=\"noreferrer noopener\">https:\/\/clinicagirona.cat<\/a> y n\u00famero de tel\u00e9fono de contacto 972 20 45 00. <\/p>\n\n\n\n<p>Como usuario, es importante que sea consciente de estos t\u00e9rminos antes de continuar su navegaci\u00f3n. <\/p>\n\n\n\n<p>Como responsable de este sitio web, me comprometo a procesar la informaci\u00f3n de mis usuarios y clientes con plenas garant\u00edas y a cumplir con los requisitos nacionales y europeos que regulan la recopilaci\u00f3n y el uso de los datos personales de mis usuarios. <\/p>\n\n\n\n<p>Este sitio web se ha adaptado a la Ley Org\u00e1nica 3\/2018, de 5 de diciembre, de Protecci\u00f3n de Datos Personales y garant\u00eda de los derechos digitales (LOPD), cumpliendo tambi\u00e9n con el Reglamento (UE) 2016\/679 del Parlamento Europeo y del Consejo de 27 de abril de 2016, relativo a la protecci\u00f3n de las personas f\u00edsicas (RGPD), as\u00ed como con la Ley 34\/2002, de 11 de julio, de servicios de la sociedad de la informaci\u00f3n y de comercio electr\u00f3nico (LSSICE o LSSI).<\/p>\n\n\n\n<div style=\"height:15px\" aria-hidden=\"true\" class=\"wp-block-spacer\"><\/div>\n\n\n\n<h2 class=\"wp-block-heading\" style=\"font-size:25px\">Obligaciones del Usuario<\/h2>\n\n\n\n<p>El usuario es <strong>informada, y acepta<\/strong>, que el acceso a esta p\u00e1gina web no comporta, en modo alguno, una relaci\u00f3n comercial con Cl\u00ednica Girona S.A. Por lo tanto, el usuario <strong>se compromete a utilizar el sitio web, sus servicios y contenidos sin infringir la legislaci\u00f3n vigente, la buena fe y el orden p\u00fablico<\/strong>.<\/p>\n\n\n\n<p><strong>El uso del sitio web para fines il\u00edcitos o da\u00f1inos est\u00e1 prohibido.<\/strong>, as\u00ed como cualquier uso que pueda causar da\u00f1os o impedir el normal funcionamiento del sitio web. En cuanto al contenido de este sitio web, se proh\u00edbe lo siguiente:<\/p>\n\n\n\n<ul class=\"wp-block-list\">\n<li>Su <strong>reproducci\u00f3n, distribuci\u00f3n o modificaci\u00f3n<\/strong>, en su totalidad o en parte, a menos que sea autorizado por m\u00ed como leg\u00edtimo propietario.<\/li>\n\n\n\n<li>Cualquiera <strong>violaci\u00f3n de los derechos del proveedor<\/strong> o a m\u00ed mismo como el leg\u00edtimo propietario.<\/li>\n\n\n\n<li>Su <strong>para uso comercial o publicitario<\/strong>.<\/li>\n<\/ul>\n\n\n\n<p>Al usar el sitio web de Cl\u00ednica Girona S.A., el usuario se compromete a <strong>no incurrir en ninguna conducta que pueda da\u00f1ar la imagen, los intereses y los derechos de Cl\u00ednica Girona S.A.<\/strong> o a terceros, o que pudieran da\u00f1ar, inutilizar o sobrecargar el portal de Cl\u00ednica Girona S.A., impidiendo, de cualquier forma, el uso normal de la web.<\/p>\n\n\n\n<p>Sin embargo, el usuario debe tener en cuenta que la <strong>las medidas de seguridad para los sistemas inform\u00e1ticos en internet no son del todo fiables<\/strong> y que, por lo tanto, Cl\u00ednica Girona S.A. no puede garantizar la ausencia de <strong>malware<\/strong> o a otros elementos que puedan causar alteraciones en los sistemas inform\u00e1ticos del usuario (software y hardware) o en sus documentos y archivos electr\u00f3nicos contenidos en los mismos, a pesar de que emplee todos los medios necesarios y las medidas de seguridad apropiadas para prevenir la presencia de dichos elementos perjudiciales.<\/p>\n\n\n\n<div style=\"height:15px\" aria-hidden=\"true\" class=\"wp-block-spacer\"><\/div>\n\n\n\n<h2 class=\"wp-block-heading\" style=\"font-size:25px\">Datos personales<\/h2>\n\n\n\n<p>Cl\u00ednica Girona S.A. <strong>cumple plenamente con la legislaci\u00f3n vigente en materia de protecci\u00f3n de datos personales<\/strong> y con el <strong>compromisos de confidencialidad inherentes a su actividad<\/strong>. Cl\u00ednica Girona S.A. tiene <strong>adopt\u00f3 las medidas t\u00e9cnicas necesarias para mantener el nivel de seguridad requerido<\/strong>, seg\u00fan la naturaleza de los datos personales que se tratan y las circunstancias del tratamiento, a fin de <strong>prevenir, en la medida de lo posible y siempre de acuerdo con el estado de la t\u00e9cnica, su alteraci\u00f3n, p\u00e9rdida, tratamiento no autorizado o acceso<\/strong>.<\/p>\n\n\n\n<p>Cl\u00ednica Girona S.A. tiene un <strong>Pol\u00edtica de Privacidad<\/strong> que detalla nuestros esfuerzos por la transparencia y seguridad de la informaci\u00f3n que manejamos.<\/p>\n\n\n\n<div style=\"height:15px\" aria-hidden=\"true\" class=\"wp-block-spacer\"><\/div>\n\n\n\n<h2 class=\"wp-block-heading\" style=\"font-size:25px\">Propiedad Intelectual e Industrial<\/h2>\n\n\n\n<p>Todos <strong>marcas comerciales, nombres comerciales o signos distintivos<\/strong> de cualquier tipo que aparezcan en el sitio web son la <strong>propiedad de Cl\u00ednica Girona S.A. o terceros autorizados<\/strong>, y no deber\u00e1 entenderse que el uso o acceso a la p\u00e1gina web otorga al Usuario alg\u00fan derecho sobre las marcas, nombres comerciales y\/o signos distintivos anteriormente mencionados.<\/p>\n\n\n\n<p>El <strong>los contenidos son propiedad intelectual de Cl\u00ednica Girona S.A. o de terceros<\/strong>, y no se entender\u00e1 que han sido transferidos al Usuario, de conformidad con lo establecido en la pol\u00edtica de privacidad.<\/p>\n\n\n\n<div style=\"height:15px\" aria-hidden=\"true\" class=\"wp-block-spacer\"><\/div>\n\n\n\n<h2 class=\"wp-block-heading\" style=\"font-size:25px\">Responsabilidades<\/h2>\n\n\n\n<p>Cl\u00ednica Girona S.A. <strong>no se hace responsable por da\u00f1os o perjuicios<\/strong> de cualquier tipo que se cause al Usuario como resultado de <strong>fallos o desconexiones en redes de telecomunicaciones<\/strong> que den lugar a la suspensi\u00f3n, cancelaci\u00f3n o interrupci\u00f3n del servicio del sitio web durante su prestaci\u00f3n o con anterioridad.<\/p>\n\n\n\n<p>Cl\u00ednica Girona S.A. <strong>no es responsable de la informaci\u00f3n y otros contenidos integrados en espacios o sitios web de terceros<\/strong> accesible desde el portal de Cl\u00ednica Girona S.A. a trav\u00e9s de enlaces, ni por la informaci\u00f3n y dem\u00e1s contenidos integrados en espacios o sitios web de terceros desde los cuales se acceda al portal por medio de enlaces.<\/p>\n\n\n\n<p>Cl\u00ednica Girona S.A. <strong>asume ninguna responsabilidad por da\u00f1os, perjuicios, p\u00e9rdidas, reclamos o gastos<\/strong> causado por:<\/p>\n\n\n\n<ol class=\"wp-block-list\">\n<li><strong>Interferencias, interrupciones, fallos, omisiones, aver\u00edas telef\u00f3nicas, retrasos, bloqueos o desconexiones<\/strong> en la operaci\u00f3n del sistema electr\u00f3nico, causadas por deficiencias, sobrecargas y errores en las l\u00edneas y redes de telecomunicaciones, o por cualquier otra causa ajena al control de Cl\u00ednica Girona, S.A.<\/li>\n\n\n\n<li><strong>Intrusiones ileg\u00edtimas<\/strong> mediante el uso de programas maliciosos de cualquier tipo y por cualquier medio de comunicaci\u00f3n, tales como virus inform\u00e1ticos, etc.<\/li>\n\n\n\n<li><strong>Uso impropio o inadecuado<\/strong> de los sitios web de Cl\u00ednica Girona S.A.<\/li>\n\n\n\n<li><strong>Errores de seguridad o navegaci\u00f3n<\/strong> causado por un mal funcionamiento del navegador o por el uso de versiones desactualizadas del mismo.<\/li>\n<\/ol>\n\n\n\n<div style=\"height:15px\" aria-hidden=\"true\" class=\"wp-block-spacer\"><\/div>\n\n\n\n<h2 class=\"wp-block-heading\" style=\"font-size:25px\">Ley Aplicable<\/h2>\n\n\n\n<p>Este aviso legal se regir\u00e1 en todos sus aspectos por <strong>Ley espa\u00f1ola<\/strong> y la <strong>Nuevo Reglamento Europeo de Protecci\u00f3n de Datos 679\/2016<\/strong>.<\/p>\n\n\n\n<p>Para la resoluci\u00f3n de cualquier conflicto que pudiera surgir con motivo del acceso al sitio web, el Usuario y Cl\u00ednica Girona S.A. <strong>expresamente acepto someterme a los tribunales y juzgados de la ciudad de Palam\u00f3s<\/strong>, renunciando a cualquier otra jurisdicci\u00f3n general o especial que pudiera corresponderles.<\/p>\n\n\n\n<p><strong>Ley 34\/2002, de 11 de julio, de servicios de la sociedad de la informaci\u00f3n y de correo electr\u00f3nico<\/strong>, se aplicar\u00e1n tambi\u00e9n a estas condiciones.<\/p>\n\n\n\n<div style=\"height:60px\" aria-hidden=\"true\" class=\"wp-block-spacer\"><\/div>\n\n\n\n<p><\/p>","protected":false},"excerpt":{"rendered":"<p>Cl\u00ednica Girona S.A., con domicilio social en Girona, en la Carretera Barcelona, 206, y con n\u00famero de C.I.F. A17001025, inscrita en el<\/p>","protected":false},"author":1,"featured_media":0,"parent":0,"menu_order":0,"comment_status":"closed","ping_status":"closed","template":"","meta":{"footnotes":""},"class_list":["post-34617","page","type-page","status-publish","hentry"],"yoast_head":"<!-- This site is optimized with the Yoast SEO plugin v27.5 - https:\/\/yoast.com\/product\/yoast-seo-wordpress\/ -->\n<title>Legal Notice - Cl\u00ednica Girona<\/title>\n<meta name=\"robots\" content=\"noindex, follow\" \/>\n<meta property=\"og:locale\" content=\"es_ES\" \/>\n<meta property=\"og:type\" content=\"article\" \/>\n<meta property=\"og:title\" content=\"Legal Notice - Cl\u00ednica Girona\" \/>\n<meta property=\"og:description\" content=\"Cl\u00ednica Girona S.A., with registered office in Girona, at Carretera Barcelona, 206, and with C.I.F. number A17001025, registered in the\" \/>\n<meta property=\"og:url\" content=\"https:\/\/clinicagirona.cat\/es\/aviso-legal-3\/\" \/>\n<meta property=\"og:site_name\" content=\"Cl\u00ednica Girona\" \/>\n<meta property=\"article:publisher\" content=\"http:\/\/www.facebook.com\/clinicagirona\" \/>\n<meta property=\"article:modified_time\" content=\"2025-07-09T09:43:09+00:00\" \/>\n<meta property=\"og:image\" content=\"https:\/\/clinicagirona.cat\/wp-content\/uploads\/2025\/05\/clinica-girona-frontal-b.jpg\" \/>\n\t<meta property=\"og:image:width\" content=\"900\" \/>\n\t<meta property=\"og:image:height\" content=\"608\" \/>\n\t<meta property=\"og:image:type\" content=\"image\/jpeg\" \/>\n<meta name=\"twitter:card\" content=\"summary_large_image\" \/>\n<meta name=\"twitter:label1\" content=\"Tiempo de lectura\" \/>\n\t<meta name=\"twitter:data1\" content=\"5 minutos\" \/>\n<script type=\"application\/ld+json\" class=\"yoast-schema-graph\">{\"@context\":\"https:\\\/\\\/schema.org\",\"@graph\":[{\"@type\":\"WebPage\",\"@id\":\"https:\\\/\\\/clinicagirona.cat\\\/legal-notice\\\/\",\"url\":\"https:\\\/\\\/clinicagirona.cat\\\/legal-notice\\\/\",\"name\":\"Legal Notice - Cl\u00ednica Girona\",\"isPartOf\":{\"@id\":\"https:\\\/\\\/clinicagirona.cat\\\/#website\"},\"datePublished\":\"2025-07-09T09:42:48+00:00\",\"dateModified\":\"2025-07-09T09:43:09+00:00\",\"breadcrumb\":{\"@id\":\"https:\\\/\\\/clinicagirona.cat\\\/legal-notice\\\/#breadcrumb\"},\"inLanguage\":\"es\",\"potentialAction\":[{\"@type\":\"ReadAction\",\"target\":[\"https:\\\/\\\/clinicagirona.cat\\\/legal-notice\\\/\"]}]},{\"@type\":\"BreadcrumbList\",\"@id\":\"https:\\\/\\\/clinicagirona.cat\\\/legal-notice\\\/#breadcrumb\",\"itemListElement\":[{\"@type\":\"ListItem\",\"position\":1,\"name\":\"Inici\",\"item\":\"https:\\\/\\\/clinicagirona.cat\\\/\"},{\"@type\":\"ListItem\",\"position\":2,\"name\":\"Legal Notice\"}]},{\"@type\":\"WebSite\",\"@id\":\"https:\\\/\\\/clinicagirona.cat\\\/#website\",\"url\":\"https:\\\/\\\/clinicagirona.cat\\\/\",\"name\":\"Cl\u00ednica Girona\",\"description\":\"Cuidem la teva salut, et cuidem a tu\",\"publisher\":{\"@id\":\"https:\\\/\\\/clinicagirona.cat\\\/#organization\"},\"potentialAction\":[{\"@type\":\"SearchAction\",\"target\":{\"@type\":\"EntryPoint\",\"urlTemplate\":\"https:\\\/\\\/clinicagirona.cat\\\/?s={search_term_string}\"},\"query-input\":{\"@type\":\"PropertyValueSpecification\",\"valueRequired\":true,\"valueName\":\"search_term_string\"}}],\"inLanguage\":\"es\"},{\"@type\":\"Organization\",\"@id\":\"https:\\\/\\\/clinicagirona.cat\\\/#organization\",\"name\":\"Cl\u00ednica Girona\",\"url\":\"https:\\\/\\\/clinicagirona.cat\\\/\",\"logo\":{\"@type\":\"ImageObject\",\"inLanguage\":\"es\",\"@id\":\"https:\\\/\\\/clinicagirona.cat\\\/#\\\/schema\\\/logo\\\/image\\\/\",\"url\":\"https:\\\/\\\/clinicagirona.cat\\\/wp-content\\\/uploads\\\/2026\\\/04\\\/clinica-girona-logo-quadrat.jpg\",\"contentUrl\":\"https:\\\/\\\/clinicagirona.cat\\\/wp-content\\\/uploads\\\/2026\\\/04\\\/clinica-girona-logo-quadrat.jpg\",\"width\":1000,\"height\":1000,\"caption\":\"Cl\u00ednica Girona\"},\"image\":{\"@id\":\"https:\\\/\\\/clinicagirona.cat\\\/#\\\/schema\\\/logo\\\/image\\\/\"},\"sameAs\":[\"http:\\\/\\\/www.facebook.com\\\/clinicagirona\",\"https:\\\/\\\/www.instagram.com\\\/clinicagirona\\\/\",\"http:\\\/\\\/www.youtube.com\\\/clinicagirona\",\"http:\\\/\\\/www.linkedin.com\\\/in\\\/clnica-girona-130222b6\\\/\"]}]}<\/script>\n<!-- \/ Yoast SEO plugin. -->","yoast_head_json":{"title":"Aviso Legal - Cl\u00ednica Girona","robots":{"index":"noindex","follow":"follow"},"og_locale":"es_ES","og_type":"article","og_title":"Legal Notice - Cl\u00ednica Girona","og_description":"Cl\u00ednica Girona S.A., with registered office in Girona, at Carretera Barcelona, 206, and with C.I.F. number A17001025, registered in the","og_url":"https:\/\/clinicagirona.cat\/es\/aviso-legal-3\/","og_site_name":"Cl\u00ednica Girona","article_publisher":"http:\/\/www.facebook.com\/clinicagirona","article_modified_time":"2025-07-09T09:43:09+00:00","og_image":[{"width":900,"height":608,"url":"https:\/\/clinicagirona.cat\/wp-content\/uploads\/2025\/05\/clinica-girona-frontal-b.jpg","type":"image\/jpeg"}],"twitter_card":"summary_large_image","twitter_misc":{"Tiempo de lectura":"5 minutos"},"schema":{"@context":"https:\/\/schema.org","@graph":[{"@type":"WebPage","@id":"https:\/\/clinicagirona.cat\/legal-notice\/","url":"https:\/\/clinicagirona.cat\/legal-notice\/","name":"Aviso Legal - Cl\u00ednica Girona","isPartOf":{"@id":"https:\/\/clinicagirona.cat\/#website"},"datePublished":"2025-07-09T09:42:48+00:00","dateModified":"2025-07-09T09:43:09+00:00","breadcrumb":{"@id":"https:\/\/clinicagirona.cat\/legal-notice\/#breadcrumb"},"inLanguage":"es","potentialAction":[{"@type":"ReadAction","target":["https:\/\/clinicagirona.cat\/legal-notice\/"]}]},{"@type":"BreadcrumbList","@id":"https:\/\/clinicagirona.cat\/legal-notice\/#breadcrumb","itemListElement":[{"@type":"ListItem","position":1,"name":"Inici","item":"https:\/\/clinicagirona.cat\/"},{"@type":"ListItem","position":2,"name":"Legal Notice"}]},{"@type":"WebSite","@id":"https:\/\/clinicagirona.cat\/#website","url":"https:\/\/clinicagirona.cat\/","name":"Cl\u00ednica Girona","description":"Cuidamos tu salud, te cuidamos a ti","publisher":{"@id":"https:\/\/clinicagirona.cat\/#organization"},"potentialAction":[{"@type":"SearchAction","target":{"@type":"EntryPoint","urlTemplate":"https:\/\/clinicagirona.cat\/?s={search_term_string}"},"query-input":{"@type":"PropertyValueSpecification","valueRequired":true,"valueName":"search_term_string"}}],"inLanguage":"es"},{"@type":"Organization","@id":"https:\/\/clinicagirona.cat\/#organization","name":"Cl\u00ednica Girona","url":"https:\/\/clinicagirona.cat\/","logo":{"@type":"ImageObject","inLanguage":"es","@id":"https:\/\/clinicagirona.cat\/#\/schema\/logo\/image\/","url":"https:\/\/clinicagirona.cat\/wp-content\/uploads\/2026\/04\/clinica-girona-logo-quadrat.jpg","contentUrl":"https:\/\/clinicagirona.cat\/wp-content\/uploads\/2026\/04\/clinica-girona-logo-quadrat.jpg","width":1000,"height":1000,"caption":"Cl\u00ednica Girona"},"image":{"@id":"https:\/\/clinicagirona.cat\/#\/schema\/logo\/image\/"},"sameAs":["http:\/\/www.facebook.com\/clinicagirona","https:\/\/www.instagram.com\/clinicagirona\/","http:\/\/www.youtube.com\/clinicagirona","http:\/\/www.linkedin.com\/in\/clnica-girona-130222b6\/"]}]}},"_links":{"self":[{"href":"https:\/\/clinicagirona.cat\/es\/wp-json\/wp\/v2\/pages\/34617","targetHints":{"allow":["GET"]}}],"collection":[{"href":"https:\/\/clinicagirona.cat\/es\/wp-json\/wp\/v2\/pages"}],"about":[{"href":"https:\/\/clinicagirona.cat\/es\/wp-json\/wp\/v2\/types\/page"}],"author":[{"embeddable":true,"href":"https:\/\/clinicagirona.cat\/es\/wp-json\/wp\/v2\/users\/1"}],"replies":[{"embeddable":true,"href":"https:\/\/clinicagirona.cat\/es\/wp-json\/wp\/v2\/comments?post=34617"}],"version-history":[{"count":1,"href":"https:\/\/clinicagirona.cat\/es\/wp-json\/wp\/v2\/pages\/34617\/revisions"}],"predecessor-version":[{"id":34620,"href":"https:\/\/clinicagirona.cat\/es\/wp-json\/wp\/v2\/pages\/34617\/revisions\/34620"}],"wp:attachment":[{"href":"https:\/\/clinicagirona.cat\/es\/wp-json\/wp\/v2\/media?parent=34617"}],"curies":[{"name":"wp","href":"https:\/\/api.w.org\/{rel}","templated":true}]}}