{"id":34622,"date":"2025-07-09T12:07:28","date_gmt":"2025-07-09T10:07:28","guid":{"rendered":"https:\/\/clinicagirona.cat\/?page_id=34622"},"modified":"2025-07-09T12:07:29","modified_gmt":"2025-07-09T10:07:29","slug":"politica-de-privacidad-2","status":"publish","type":"page","link":"https:\/\/clinicagirona.cat\/es\/privacy-policy\/","title":{"rendered":"Pol\u00edtica de Privacidad"},"content":{"rendered":"<p>Cl\u00ednica Girona S.A., en cumplimiento de la <strong>Reglamento Europeo de Protecci\u00f3n de Datos 679\/2016<\/strong>, garantiza la <strong>protecci\u00f3n y confidencialidad de los datos personales<\/strong> de cualquier tipo que nos proporcionen nuestros clientes, \u201cusuarios\u201d, en el Sitio Web.<\/p>\n\n\n\n<h2 class=\"wp-block-heading\">Informaci\u00f3n b\u00e1sica<\/h2>\n\n\n\n<p>De acuerdo con <strong>Art\u00edculo 13 del Reglamento General de Protecci\u00f3n de Datos (RGPD) de la Uni\u00f3n Europea<\/strong>, Cl\u00ednica Girona S.A., como responsable del tratamiento, le informa de los siguientes aspectos relevantes:<\/p>\n\n\n\n<ul class=\"wp-block-list\">\n<li><strong>Controlador de datos<\/strong>: Cl\u00ednica Girona S.A.<\/li>\n\n\n\n<li><strong>Prop\u00f3sito<\/strong>El prop\u00f3sito para el cual procesamos la informaci\u00f3n proporcionada por las partes interesadas es gestionar el env\u00edo de la informaci\u00f3n solicitada y proporcionar la informaci\u00f3n solicitada a las partes interesadas. Los datos proporcionados se conservar\u00e1n mientras se mantenga una relaci\u00f3n comercial y no se solicite su eliminaci\u00f3n.<\/li>\n\n\n\n<li><strong>Ejercicio de Derechos<\/strong>Contacto: protecciodades@clinicagirona.cat<\/li>\n\n\n\n<li><strong>Retiro<\/strong>Gratis.<\/li>\n\n\n\n<li><strong>Destinatarios<\/strong>Los datos no se transferir\u00e1n a terceros, excepto cuando sea legalmente obligatorio.<\/li>\n\n\n\n<li><strong>Queja<\/strong>Autoridad supervisora espa\u00f1ola.<\/li>\n\n\n\n<li><strong>Informaci\u00f3n adicional<\/strong>Puede consultar informaci\u00f3n adicional y detallada sobre protecci\u00f3n de datos y privacidad en www.clinicagirona.cat<\/li>\n<\/ul>\n\n\n\n<p>Cl\u00ednica Girona S.A. es responsable del tratamiento de los datos personales que recopila y trata, ofreciendo los siguientes medios de contacto:<\/p>\n\n\n\n<p>Cl\u00ednica Girona S.A. con NIF A17001025, con domicilio social en Carrer Barcelona, 206, 17005 Girona y correo electr\u00f3nico: <a href=\"mailto:protecciodades@clinicagirona.cat\"><span style=\"text-decoration: underline;\">protecciodades@clinicagirona.cat<\/span><\/a>.<\/p>\n\n\n\n<div style=\"height:15px\" aria-hidden=\"true\" class=\"wp-block-spacer\"><\/div>\n\n\n\n<h2 class=\"wp-block-heading\" style=\"font-size:25px\">Alcance de la Pol\u00edtica<\/h2>\n\n\n\n<p>Cuando acceda y utilice nuestro sitio web, <strong>www.clinicagirona.cat<\/strong>, usted acepta <strong>Aceptar esta pol\u00edtica de privacidad<\/strong>, as\u00ed como las disposiciones contenidas en el <strong>Aviso legal y pol\u00edtica de cookies<\/strong>.<\/p>\n\n\n\n<p>Le proporcionamos esta informaci\u00f3n para que, antes de la documentaci\u00f3n de sus datos personales, usted pueda <strong>acceder a la Pol\u00edtica de Privacidad y cualquier otra informaci\u00f3n relevante sobre Protecci\u00f3n de Datos<\/strong>.<\/p>\n\n\n\n<p>Adem\u00e1s, esta pol\u00edtica sirve para <strong>proporcionar informaci\u00f3n adicional de segundo nivel<\/strong> para aquellas cl\u00e1usulas informativas que redirigen a ella para ese prop\u00f3sito.<\/p>\n\n\n\n<div style=\"height:15px\" aria-hidden=\"true\" class=\"wp-block-spacer\"><\/div>\n\n\n\n<h2 class=\"wp-block-heading\" style=\"font-size:25px\">Prop\u00f3sito del procesamiento<\/h2>\n\n\n\n<p>Cl\u00ednica Girona S.A. ser\u00e1 <strong>procesar la informaci\u00f3n que nos proporciona para los siguientes fines<\/strong>:<\/p>\n\n\n\n<ul class=\"wp-block-list\">\n<li><strong>Gestionar cualquier tipo de solicitud, sugerencia o consulta<\/strong> sobre nuestros servicios profesionales que env\u00ede.<\/li>\n\n\n\n<li><strong>Comunicaciones comerciales<\/strong>Procesando tus datos para el prop\u00f3sito de <strong>inform\u00e1ndole sobre art\u00edculos de inter\u00e9s e informaci\u00f3n general sobre nuestros servicios por correo electr\u00f3nico<\/strong>.<\/li>\n\n\n\n<li><strong>Gesti\u00f3n administrativa, contable y fiscal<\/strong>.<\/li>\n\n\n\n<li><strong>Gestionar los datos proporcionados por los candidatos a trav\u00e9s de su Curr\u00edculum Vitae (CV)<\/strong>, para los fines del proceso de selecci\u00f3n. Usted autoriza expresamente a la Cl\u00ednica a tratar sus datos con la finalidad indicada.<\/li>\n<\/ul>\n\n\n\n<p>Cl\u00ednica Girona S.A. ser\u00e1 <strong>procese su informaci\u00f3n y datos proporcionados para los procesos de selecci\u00f3n con la m\u00e1s estricta confidencialidad<\/strong>.<\/p>\n\n\n\n<div style=\"height:15px\" aria-hidden=\"true\" class=\"wp-block-spacer\"><\/div>\n\n\n\n<h2 class=\"wp-block-heading\" style=\"font-size:25px\">Per\u00edodo de retenci\u00f3n de datos<\/h2>\n\n\n\n<p>El per\u00edodo de <strong>La retenci\u00f3n de datos personales variar\u00e1 seg\u00fan el servicio que contrate o proporcione.<\/strong>. En cualquier caso, ser\u00e1 el <strong>m\u00ednimo necesario<\/strong>, y podr\u00e1 ser mantenido de acuerdo a las circunstancias aplicables en cada caso y la legislaci\u00f3n vigente.<\/p>\n\n\n\n<div style=\"height:15px\" aria-hidden=\"true\" class=\"wp-block-spacer\"><\/div>\n\n\n\n<h2 class=\"wp-block-heading\" style=\"font-size:25px\">Legitimaci\u00f3n (Base legal)<\/h2>\n\n\n\n<p>La base legal para el procesamiento de datos es la <strong>consentimiento de las partes interesadas<\/strong> para el tratamiento y gesti\u00f3n de cualquier solicitud de informaci\u00f3n o consulta sobre nuestros servicios profesionales, as\u00ed como para el env\u00edo de comunicaciones comerciales realizadas<sup><\/sup> por Cl\u00ednica Girona S.A. cuando el tratamiento sea necesario para la ejecuci\u00f3n de un contrato.<\/p>\n\n\n\n<div style=\"height:15px\" aria-hidden=\"true\" class=\"wp-block-spacer\"><\/div>\n\n\n\n<h2 class=\"wp-block-heading\" style=\"font-size:25px\">Origen de los datos<\/h2>\n\n\n\n<p>Todos <strong>los datos de car\u00e1cter personal que tratamos a trav\u00e9s de nuestro sitio web proceden directamente de la persona interesada<\/strong>.<\/p>\n\n\n\n<div style=\"height:15px\" aria-hidden=\"true\" class=\"wp-block-spacer\"><\/div>\n\n\n\n<h2 class=\"wp-block-heading\" style=\"font-size:25px\">Derechos<\/h2>\n\n\n\n<p>En cumplimiento de la normativa europea de protecci\u00f3n de datos, com\u00fanmente conocida como <strong>RGPD<\/strong>\u2014le informamos de su <strong>derechos como propietario y sujeto de datos<\/strong> de los datos personales que recopilamos y procesamos, incluidos los siguientes derechos:<\/p>\n\n\n\n<ul class=\"wp-block-list\">\n<li>Tienes derecho a <strong>retirar el consentimiento<\/strong> concedido para el procesamiento de sus datos personales <strong>gratis y en cualquier momento<\/strong>.<\/li>\n\n\n\n<li>Tienes el reconocido <strong>derecho a acceder a tus datos personales<\/strong>, as\u00ed como el <strong>derecho de rectificaci\u00f3n<\/strong> lo.<\/li>\n\n\n\n<li>Tienes el <strong>derecho a oponerse al tratamiento de sus datos personales<\/strong>, as\u00ed como el <strong>derecho al olvido<\/strong>, com\u00fanmente conocido como el <strong>derecho al olvido<\/strong>. Del mismo modo, usted tiene derecho a oponerse al tratamiento de decisiones individuales automatizadas.<\/li>\n\n\n\n<li>Tienes el <strong>derecho a obtener la limitaci\u00f3n del tratamiento de los datos personales<\/strong>.<\/li>\n\n\n\n<li>Tienes el <strong>derecho a solicitar la portabilidad de tus datos personales<\/strong>.<\/li>\n\n\n\n<li>Tienes el <strong>el derecho a presentar una reclamaci\u00f3n ante la autoridad de control de protecci\u00f3n de datos competente<\/strong>, que es la Agencia Espa\u00f1ola de Protecci\u00f3n de Datos (agpd.es).<\/li>\n<\/ul>\n\n\n\n<p>Puede ejercer estos derechos reconocidos enviando una solicitud a trav\u00e9s de <strong>email a: protecciodades@clinicagirona.cat<\/strong> o a trav\u00e9s de los medios de contacto que ponemos a su disposici\u00f3n, indicando en el asunto del mensaje o la comunicaci\u00f3n la referencia: <strong>Derechos RGPD<\/strong>. Adem\u00e1s, para tramitar esta solicitud, necesitamos informaci\u00f3n adicional que permita verificar la identidad de la persona que ejerce el derecho y que est\u00e1 vinculada al tratamiento de los datos personales; se requerir\u00e1 informaci\u00f3n o documentaci\u00f3n adicional para acreditar la identidad del interesado o de la parte interesada que ejerza el derecho en cuesti\u00f3n.<\/p>\n\n\n\n<div style=\"height:15px\" aria-hidden=\"true\" class=\"wp-block-spacer\"><\/div>\n\n\n\n<h2 class=\"wp-block-heading\" style=\"font-size:25px\">Retirada del consentimiento<\/h2>\n\n\n\n<p>De acuerdo con <strong>Directiva 2002\/58\/CE<\/strong> con respecto a los servicios de la sociedad de la informaci\u00f3n y a la posibilidad de enviar comunicaciones promocionales o publicitarias por medios electr\u00f3nicos, mecanismos que son <strong>se incorporan o se ponen a disposici\u00f3n de los destinatarios de estas comunicaciones medios sencillos y gratuitos para retirar su consentimiento<\/strong> otorgados con el fin de enviarlos, cumpliendo enteramente con las normativas europeas y nacionales pertinentes.<\/p>\n\n\n\n<div style=\"height:15px\" aria-hidden=\"true\" class=\"wp-block-spacer\"><\/div>\n\n\n\n<h2 class=\"wp-block-heading\" style=\"font-size:25px\">Pol\u00edtica de Cookies<\/h2>\n\n\n\n<p>A <strong>\u2018Galleta\u2019<\/strong> es un archivo peque\u00f1o que se almacena en tu computadora y nos permite reconocerte. La recopilaci\u00f3n de cookies nos ayuda <strong>mejorar la calidad de nuestro sitio web<\/strong>, lo que nos permite monitorear qu\u00e9 p\u00e1ginas nuestros usuarios encuentran \u00fatiles y cu\u00e1les no.<\/p>\n\n\n\n<p>Las cookies son esenciales para el funcionamiento de internet, ofreciendo innumerables ventajas para la prestaci\u00f3n de servicios interactivos y facilitando tu navegaci\u00f3n y usabilidad de nuestro sitio web. Ten en cuenta que <strong>las cookies no pueden da\u00f1ar tu equipo, y tenerlas activadas nos ayuda a identificar y resolver errores<\/strong>. Si desea m\u00e1s informaci\u00f3n sobre las cookies, haga clic en este enlace: <a href=\"https:\/\/clinicagirona.cat\/es\/galletas-en\/\" target=\"_blank\" rel=\"noreferrer noopener\">https:\/\/clinicagirona.cat\/cookies-en\/<\/a><\/p>\n\n\n\n<div style=\"height:15px\" aria-hidden=\"true\" class=\"wp-block-spacer\"><\/div>\n\n\n\n<h2 class=\"wp-block-heading\" style=\"font-size:25px\">Notificaci\u00f3n de Incumplimiento de Datos Personales<\/h2>\n\n\n\n<p>En caso de que sus datos se vean comprometidos, Cl\u00ednica Girona S.A. habr\u00e1 <strong>notificarle a usted y a las autoridades supervisoras competentes en un plazo de 72 horas<\/strong> por correo electr\u00f3nico con informaci\u00f3n sobre el alcance de la violaci\u00f3n, los datos afectados, cualquier impacto en el servicio y el plan de acci\u00f3n de Cl\u00ednica Girona S.A. con medidas para proteger los datos y limitar cualquier efecto negativo posible en los titulares de los datos.<\/p>\n\n\n\n<p>A <strong>\u201cviolaci\u00f3n de datos personales\u201d<\/strong> se refiere a una violaci\u00f3n de la seguridad que da lugar a la destrucci\u00f3n, p\u00e9rdida, alteraci\u00f3n, divulgaci\u00f3n no autorizada o acceso accidental o il\u00edcito a datos personales transmitidos, almacenados o procesados de otro modo en relaci\u00f3n con la prestaci\u00f3n del Servicio.<\/p>\n\n\n\n<div style=\"height:15px\" aria-hidden=\"true\" class=\"wp-block-spacer\"><\/div>\n\n\n\n<h2 class=\"wp-block-heading\" style=\"font-size:25px\">Preguntas y Modificaciones<\/h2>\n\n\n\n<p>Si tienes alguna pregunta sobre esta Pol\u00edtica de Privacidad, por favor <strong>cont\u00e1ctenos enviando un correo electr\u00f3nico a protecciodades@clinicagirona.cat<\/strong>.<\/p>\n\n\n\n<div style=\"height:90px\" aria-hidden=\"true\" class=\"wp-block-spacer\"><\/div>","protected":false},"excerpt":{"rendered":"<p>Cl\u00ednica Girona S.A., en cumplimiento del Reglamento Europeo de Protecci\u00f3n de Datos 679\/2016, garantiza la protecci\u00f3n y confidencialidad de los datos personales<\/p>","protected":false},"author":1,"featured_media":0,"parent":0,"menu_order":0,"comment_status":"closed","ping_status":"closed","template":"","meta":{"footnotes":""},"class_list":["post-34622","page","type-page","status-publish","hentry"],"yoast_head":"<!-- This site is optimized with the Yoast SEO plugin v27.5 - https:\/\/yoast.com\/product\/yoast-seo-wordpress\/ -->\n<title>Privacy Policy - Cl\u00ednica Girona<\/title>\n<meta name=\"robots\" content=\"noindex, follow\" \/>\n<meta property=\"og:locale\" content=\"es_ES\" \/>\n<meta property=\"og:type\" content=\"article\" \/>\n<meta property=\"og:title\" content=\"Privacy Policy - Cl\u00ednica Girona\" \/>\n<meta property=\"og:description\" content=\"Cl\u00ednica Girona S.A., in compliance with the European Data Protection Regulation 679\/2016, guarantees the protection and confidentiality of personal data\" \/>\n<meta property=\"og:url\" content=\"https:\/\/clinicagirona.cat\/es\/politica-de-privacidad-2\/\" \/>\n<meta property=\"og:site_name\" content=\"Cl\u00ednica Girona\" \/>\n<meta property=\"article:publisher\" content=\"http:\/\/www.facebook.com\/clinicagirona\" \/>\n<meta property=\"article:modified_time\" content=\"2025-07-09T10:07:29+00:00\" \/>\n<meta property=\"og:image\" content=\"https:\/\/clinicagirona.cat\/wp-content\/uploads\/2025\/05\/clinica-girona-frontal-b.jpg\" \/>\n\t<meta property=\"og:image:width\" content=\"900\" \/>\n\t<meta property=\"og:image:height\" content=\"608\" \/>\n\t<meta property=\"og:image:type\" content=\"image\/jpeg\" \/>\n<meta name=\"twitter:card\" content=\"summary_large_image\" \/>\n<meta name=\"twitter:label1\" content=\"Tiempo de lectura\" \/>\n\t<meta name=\"twitter:data1\" content=\"6 minutos\" \/>\n<script type=\"application\/ld+json\" class=\"yoast-schema-graph\">{\"@context\":\"https:\\\/\\\/schema.org\",\"@graph\":[{\"@type\":\"WebPage\",\"@id\":\"https:\\\/\\\/clinicagirona.cat\\\/privacy-policy\\\/\",\"url\":\"https:\\\/\\\/clinicagirona.cat\\\/privacy-policy\\\/\",\"name\":\"Privacy Policy - Cl\u00ednica Girona\",\"isPartOf\":{\"@id\":\"https:\\\/\\\/clinicagirona.cat\\\/#website\"},\"datePublished\":\"2025-07-09T10:07:28+00:00\",\"dateModified\":\"2025-07-09T10:07:29+00:00\",\"breadcrumb\":{\"@id\":\"https:\\\/\\\/clinicagirona.cat\\\/privacy-policy\\\/#breadcrumb\"},\"inLanguage\":\"es\",\"potentialAction\":[{\"@type\":\"ReadAction\",\"target\":[\"https:\\\/\\\/clinicagirona.cat\\\/privacy-policy\\\/\"]}]},{\"@type\":\"BreadcrumbList\",\"@id\":\"https:\\\/\\\/clinicagirona.cat\\\/privacy-policy\\\/#breadcrumb\",\"itemListElement\":[{\"@type\":\"ListItem\",\"position\":1,\"name\":\"Inici\",\"item\":\"https:\\\/\\\/clinicagirona.cat\\\/\"},{\"@type\":\"ListItem\",\"position\":2,\"name\":\"Privacy Policy\"}]},{\"@type\":\"WebSite\",\"@id\":\"https:\\\/\\\/clinicagirona.cat\\\/#website\",\"url\":\"https:\\\/\\\/clinicagirona.cat\\\/\",\"name\":\"Cl\u00ednica Girona\",\"description\":\"Cuidem la teva salut, et cuidem a tu\",\"publisher\":{\"@id\":\"https:\\\/\\\/clinicagirona.cat\\\/#organization\"},\"potentialAction\":[{\"@type\":\"SearchAction\",\"target\":{\"@type\":\"EntryPoint\",\"urlTemplate\":\"https:\\\/\\\/clinicagirona.cat\\\/?s={search_term_string}\"},\"query-input\":{\"@type\":\"PropertyValueSpecification\",\"valueRequired\":true,\"valueName\":\"search_term_string\"}}],\"inLanguage\":\"es\"},{\"@type\":\"Organization\",\"@id\":\"https:\\\/\\\/clinicagirona.cat\\\/#organization\",\"name\":\"Cl\u00ednica Girona\",\"url\":\"https:\\\/\\\/clinicagirona.cat\\\/\",\"logo\":{\"@type\":\"ImageObject\",\"inLanguage\":\"es\",\"@id\":\"https:\\\/\\\/clinicagirona.cat\\\/#\\\/schema\\\/logo\\\/image\\\/\",\"url\":\"https:\\\/\\\/clinicagirona.cat\\\/wp-content\\\/uploads\\\/2026\\\/04\\\/clinica-girona-logo-quadrat.jpg\",\"contentUrl\":\"https:\\\/\\\/clinicagirona.cat\\\/wp-content\\\/uploads\\\/2026\\\/04\\\/clinica-girona-logo-quadrat.jpg\",\"width\":1000,\"height\":1000,\"caption\":\"Cl\u00ednica Girona\"},\"image\":{\"@id\":\"https:\\\/\\\/clinicagirona.cat\\\/#\\\/schema\\\/logo\\\/image\\\/\"},\"sameAs\":[\"http:\\\/\\\/www.facebook.com\\\/clinicagirona\",\"https:\\\/\\\/www.instagram.com\\\/clinicagirona\\\/\",\"http:\\\/\\\/www.youtube.com\\\/clinicagirona\",\"http:\\\/\\\/www.linkedin.com\\\/in\\\/clnica-girona-130222b6\\\/\"]}]}<\/script>\n<!-- \/ Yoast SEO plugin. -->","yoast_head_json":{"title":"Pol\u00edtica de Privacidad - Cl\u00ednica Girona","robots":{"index":"noindex","follow":"follow"},"og_locale":"es_ES","og_type":"article","og_title":"Privacy Policy - Cl\u00ednica Girona","og_description":"Cl\u00ednica Girona S.A., in compliance with the European Data Protection Regulation 679\/2016, guarantees the protection and confidentiality of personal data","og_url":"https:\/\/clinicagirona.cat\/es\/politica-de-privacidad-2\/","og_site_name":"Cl\u00ednica Girona","article_publisher":"http:\/\/www.facebook.com\/clinicagirona","article_modified_time":"2025-07-09T10:07:29+00:00","og_image":[{"width":900,"height":608,"url":"https:\/\/clinicagirona.cat\/wp-content\/uploads\/2025\/05\/clinica-girona-frontal-b.jpg","type":"image\/jpeg"}],"twitter_card":"summary_large_image","twitter_misc":{"Tiempo de lectura":"6 minutos"},"schema":{"@context":"https:\/\/schema.org","@graph":[{"@type":"WebPage","@id":"https:\/\/clinicagirona.cat\/privacy-policy\/","url":"https:\/\/clinicagirona.cat\/privacy-policy\/","name":"Pol\u00edtica de Privacidad - Cl\u00ednica Girona","isPartOf":{"@id":"https:\/\/clinicagirona.cat\/#website"},"datePublished":"2025-07-09T10:07:28+00:00","dateModified":"2025-07-09T10:07:29+00:00","breadcrumb":{"@id":"https:\/\/clinicagirona.cat\/privacy-policy\/#breadcrumb"},"inLanguage":"es","potentialAction":[{"@type":"ReadAction","target":["https:\/\/clinicagirona.cat\/privacy-policy\/"]}]},{"@type":"BreadcrumbList","@id":"https:\/\/clinicagirona.cat\/privacy-policy\/#breadcrumb","itemListElement":[{"@type":"ListItem","position":1,"name":"Inici","item":"https:\/\/clinicagirona.cat\/"},{"@type":"ListItem","position":2,"name":"Privacy Policy"}]},{"@type":"WebSite","@id":"https:\/\/clinicagirona.cat\/#website","url":"https:\/\/clinicagirona.cat\/","name":"Cl\u00ednica Girona","description":"Cuidamos tu salud, te cuidamos a ti","publisher":{"@id":"https:\/\/clinicagirona.cat\/#organization"},"potentialAction":[{"@type":"SearchAction","target":{"@type":"EntryPoint","urlTemplate":"https:\/\/clinicagirona.cat\/?s={search_term_string}"},"query-input":{"@type":"PropertyValueSpecification","valueRequired":true,"valueName":"search_term_string"}}],"inLanguage":"es"},{"@type":"Organization","@id":"https:\/\/clinicagirona.cat\/#organization","name":"Cl\u00ednica Girona","url":"https:\/\/clinicagirona.cat\/","logo":{"@type":"ImageObject","inLanguage":"es","@id":"https:\/\/clinicagirona.cat\/#\/schema\/logo\/image\/","url":"https:\/\/clinicagirona.cat\/wp-content\/uploads\/2026\/04\/clinica-girona-logo-quadrat.jpg","contentUrl":"https:\/\/clinicagirona.cat\/wp-content\/uploads\/2026\/04\/clinica-girona-logo-quadrat.jpg","width":1000,"height":1000,"caption":"Cl\u00ednica Girona"},"image":{"@id":"https:\/\/clinicagirona.cat\/#\/schema\/logo\/image\/"},"sameAs":["http:\/\/www.facebook.com\/clinicagirona","https:\/\/www.instagram.com\/clinicagirona\/","http:\/\/www.youtube.com\/clinicagirona","http:\/\/www.linkedin.com\/in\/clnica-girona-130222b6\/"]}]}},"_links":{"self":[{"href":"https:\/\/clinicagirona.cat\/es\/wp-json\/wp\/v2\/pages\/34622","targetHints":{"allow":["GET"]}}],"collection":[{"href":"https:\/\/clinicagirona.cat\/es\/wp-json\/wp\/v2\/pages"}],"about":[{"href":"https:\/\/clinicagirona.cat\/es\/wp-json\/wp\/v2\/types\/page"}],"author":[{"embeddable":true,"href":"https:\/\/clinicagirona.cat\/es\/wp-json\/wp\/v2\/users\/1"}],"replies":[{"embeddable":true,"href":"https:\/\/clinicagirona.cat\/es\/wp-json\/wp\/v2\/comments?post=34622"}],"version-history":[{"count":1,"href":"https:\/\/clinicagirona.cat\/es\/wp-json\/wp\/v2\/pages\/34622\/revisions"}],"predecessor-version":[{"id":34627,"href":"https:\/\/clinicagirona.cat\/es\/wp-json\/wp\/v2\/pages\/34622\/revisions\/34627"}],"wp:attachment":[{"href":"https:\/\/clinicagirona.cat\/es\/wp-json\/wp\/v2\/media?parent=34622"}],"curies":[{"name":"wp","href":"https:\/\/api.w.org\/{rel}","templated":true}]}}