{"id":34630,"date":"2025-07-09T12:14:09","date_gmt":"2025-07-09T10:14:09","guid":{"rendered":"https:\/\/clinicagirona.cat\/?page_id=34630"},"modified":"2025-07-09T12:14:47","modified_gmt":"2025-07-09T10:14:47","slug":"pago-2","status":"publish","type":"page","link":"https:\/\/clinicagirona.cat\/es\/payment\/","title":{"rendered":"M\u00e9todos de pago"},"content":{"rendered":"<p>Al realizar el pedido, el cliente puede elegir pagar el servicio utilizando VISA, MASTERCARD o BIZUM.<\/p>\n\n\n\n<h2 class=\"wp-block-heading\" style=\"font-size:25px\"><strong>VISA \/ MASTERCARD \/ MAESTRO<\/strong><\/h2>\n\n\n\n<p>La validaci\u00f3n de pago mediante tarjeta se realiza a trav\u00e9s del TPV virtual Redsys y la pasarela de pago de \u201cla Caixa\u201d. Los datos confidenciales como el n\u00famero de tarjeta o los c\u00f3digos de seguridad son gestionados directamente con \u201cla Caixa\u201d y, por lo tanto, ni Cl\u00ednica Girona ni Redsys tienen acceso. La validaci\u00f3n de la compra con tarjeta de cr\u00e9dito es inmediata.<\/p>\n\n\n\n<div style=\"height:15px\" aria-hidden=\"true\" class=\"wp-block-spacer\"><\/div>\n\n\n\n<h2 class=\"wp-block-heading\" style=\"font-size:25px\"><strong>BIZUM<\/strong><\/h2>\n\n\n\n<p>Si selecciona esta opci\u00f3n de pago, tambi\u00e9n se realiza con el sistema TPV externo de Redsys. En la p\u00e1gina de pago, deber\u00e1 introducir su n\u00famero de tel\u00e9fono. A continuaci\u00f3n, se le solicitar\u00e1 el c\u00f3digo de pago, que es un n\u00famero (normalmente de 4 d\u00edgitos) que recibir\u00e1 en el tel\u00e9fono que haya facilitado.<\/p>\n\n\n\n<p>Es imprescindible tener activado el servicio Bizum para poder pagar con este m\u00e9todo.<\/p>\n\n\n\n<div style=\"height:90px\" aria-hidden=\"true\" class=\"wp-block-spacer\"><\/div>\n\n\n\n<p><\/p>","protected":false},"excerpt":{"rendered":"<p>Al realizar el pedido, el cliente puede optar por pagar el servicio utilizando VISA, MASTERCARD o BIZUM. VISA \/<\/p>","protected":false},"author":1,"featured_media":0,"parent":0,"menu_order":0,"comment_status":"closed","ping_status":"closed","template":"","meta":{"footnotes":""},"class_list":["post-34630","page","type-page","status-publish","hentry"],"yoast_head":"<!-- This site is optimized with the Yoast SEO plugin v27.4 - https:\/\/yoast.com\/product\/yoast-seo-wordpress\/ -->\n<title>Payment methods - Cl\u00ednica Girona<\/title>\n<meta name=\"robots\" content=\"index, follow, max-snippet:-1, max-image-preview:large, max-video-preview:-1\" \/>\n<link rel=\"canonical\" href=\"https:\/\/clinicagirona.cat\/es\/pago-2\/\" \/>\n<meta property=\"og:locale\" content=\"es_ES\" \/>\n<meta property=\"og:type\" content=\"article\" \/>\n<meta property=\"og:title\" content=\"Payment methods - Cl\u00ednica Girona\" \/>\n<meta property=\"og:description\" content=\"When placing the order, the customer can choose to pay for the service using VISA, MASTERCARD or BIZUM. VISA \/\" \/>\n<meta property=\"og:url\" content=\"https:\/\/clinicagirona.cat\/es\/pago-2\/\" \/>\n<meta property=\"og:site_name\" content=\"Cl\u00ednica Girona\" \/>\n<meta property=\"article:publisher\" content=\"http:\/\/www.facebook.com\/clinicagirona\" \/>\n<meta property=\"article:modified_time\" content=\"2025-07-09T10:14:47+00:00\" \/>\n<meta property=\"og:image\" content=\"https:\/\/clinicagirona.cat\/wp-content\/uploads\/2025\/05\/clinica-girona-frontal-b.jpg\" \/>\n\t<meta property=\"og:image:width\" content=\"900\" \/>\n\t<meta property=\"og:image:height\" content=\"608\" \/>\n\t<meta property=\"og:image:type\" content=\"image\/jpeg\" \/>\n<meta name=\"twitter:card\" content=\"summary_large_image\" \/>\n<meta name=\"twitter:label1\" content=\"Tiempo de lectura\" \/>\n\t<meta name=\"twitter:data1\" content=\"1 minuto\" \/>\n<script type=\"application\/ld+json\" class=\"yoast-schema-graph\">{\"@context\":\"https:\\\/\\\/schema.org\",\"@graph\":[{\"@type\":\"WebPage\",\"@id\":\"https:\\\/\\\/clinicagirona.cat\\\/payment\\\/\",\"url\":\"https:\\\/\\\/clinicagirona.cat\\\/payment\\\/\",\"name\":\"Payment methods - Cl\u00ednica Girona\",\"isPartOf\":{\"@id\":\"https:\\\/\\\/clinicagirona.cat\\\/#website\"},\"datePublished\":\"2025-07-09T10:14:09+00:00\",\"dateModified\":\"2025-07-09T10:14:47+00:00\",\"breadcrumb\":{\"@id\":\"https:\\\/\\\/clinicagirona.cat\\\/payment\\\/#breadcrumb\"},\"inLanguage\":\"es\",\"potentialAction\":[{\"@type\":\"ReadAction\",\"target\":[\"https:\\\/\\\/clinicagirona.cat\\\/payment\\\/\"]}]},{\"@type\":\"BreadcrumbList\",\"@id\":\"https:\\\/\\\/clinicagirona.cat\\\/payment\\\/#breadcrumb\",\"itemListElement\":[{\"@type\":\"ListItem\",\"position\":1,\"name\":\"Inici\",\"item\":\"https:\\\/\\\/clinicagirona.cat\\\/\"},{\"@type\":\"ListItem\",\"position\":2,\"name\":\"Payment methods\"}]},{\"@type\":\"WebSite\",\"@id\":\"https:\\\/\\\/clinicagirona.cat\\\/#website\",\"url\":\"https:\\\/\\\/clinicagirona.cat\\\/\",\"name\":\"Cl\u00ednica Girona\",\"description\":\"Cuidem la teva salut, et cuidem a tu\",\"publisher\":{\"@id\":\"https:\\\/\\\/clinicagirona.cat\\\/#organization\"},\"potentialAction\":[{\"@type\":\"SearchAction\",\"target\":{\"@type\":\"EntryPoint\",\"urlTemplate\":\"https:\\\/\\\/clinicagirona.cat\\\/?s={search_term_string}\"},\"query-input\":{\"@type\":\"PropertyValueSpecification\",\"valueRequired\":true,\"valueName\":\"search_term_string\"}}],\"inLanguage\":\"es\"},{\"@type\":\"Organization\",\"@id\":\"https:\\\/\\\/clinicagirona.cat\\\/#organization\",\"name\":\"Cl\u00ednica Girona\",\"url\":\"https:\\\/\\\/clinicagirona.cat\\\/\",\"logo\":{\"@type\":\"ImageObject\",\"inLanguage\":\"es\",\"@id\":\"https:\\\/\\\/clinicagirona.cat\\\/#\\\/schema\\\/logo\\\/image\\\/\",\"url\":\"https:\\\/\\\/clinicagirona.cat\\\/wp-content\\\/uploads\\\/2026\\\/04\\\/clinica-girona-logo-quadrat.jpg\",\"contentUrl\":\"https:\\\/\\\/clinicagirona.cat\\\/wp-content\\\/uploads\\\/2026\\\/04\\\/clinica-girona-logo-quadrat.jpg\",\"width\":1000,\"height\":1000,\"caption\":\"Cl\u00ednica Girona\"},\"image\":{\"@id\":\"https:\\\/\\\/clinicagirona.cat\\\/#\\\/schema\\\/logo\\\/image\\\/\"},\"sameAs\":[\"http:\\\/\\\/www.facebook.com\\\/clinicagirona\",\"https:\\\/\\\/www.instagram.com\\\/clinicagirona\\\/\",\"http:\\\/\\\/www.youtube.com\\\/clinicagirona\",\"http:\\\/\\\/www.linkedin.com\\\/in\\\/clnica-girona-130222b6\\\/\"]}]}<\/script>\n<!-- \/ Yoast SEO plugin. -->","yoast_head_json":{"title":"M\u00e9todos de pago - Cl\u00ednica Girona","robots":{"index":"index","follow":"follow","max-snippet":"max-snippet:-1","max-image-preview":"max-image-preview:large","max-video-preview":"max-video-preview:-1"},"canonical":"https:\/\/clinicagirona.cat\/es\/pago-2\/","og_locale":"es_ES","og_type":"article","og_title":"Payment methods - Cl\u00ednica Girona","og_description":"When placing the order, the customer can choose to pay for the service using VISA, MASTERCARD or BIZUM. VISA \/","og_url":"https:\/\/clinicagirona.cat\/es\/pago-2\/","og_site_name":"Cl\u00ednica Girona","article_publisher":"http:\/\/www.facebook.com\/clinicagirona","article_modified_time":"2025-07-09T10:14:47+00:00","og_image":[{"width":900,"height":608,"url":"https:\/\/clinicagirona.cat\/wp-content\/uploads\/2025\/05\/clinica-girona-frontal-b.jpg","type":"image\/jpeg"}],"twitter_card":"summary_large_image","twitter_misc":{"Tiempo de lectura":"1 minuto"},"schema":{"@context":"https:\/\/schema.org","@graph":[{"@type":"WebPage","@id":"https:\/\/clinicagirona.cat\/payment\/","url":"https:\/\/clinicagirona.cat\/payment\/","name":"M\u00e9todos de pago - Cl\u00ednica Girona","isPartOf":{"@id":"https:\/\/clinicagirona.cat\/#website"},"datePublished":"2025-07-09T10:14:09+00:00","dateModified":"2025-07-09T10:14:47+00:00","breadcrumb":{"@id":"https:\/\/clinicagirona.cat\/payment\/#breadcrumb"},"inLanguage":"es","potentialAction":[{"@type":"ReadAction","target":["https:\/\/clinicagirona.cat\/payment\/"]}]},{"@type":"BreadcrumbList","@id":"https:\/\/clinicagirona.cat\/payment\/#breadcrumb","itemListElement":[{"@type":"ListItem","position":1,"name":"Inici","item":"https:\/\/clinicagirona.cat\/"},{"@type":"ListItem","position":2,"name":"Payment methods"}]},{"@type":"WebSite","@id":"https:\/\/clinicagirona.cat\/#website","url":"https:\/\/clinicagirona.cat\/","name":"Cl\u00ednica Girona","description":"Cuidamos tu salud, te cuidamos a ti","publisher":{"@id":"https:\/\/clinicagirona.cat\/#organization"},"potentialAction":[{"@type":"SearchAction","target":{"@type":"EntryPoint","urlTemplate":"https:\/\/clinicagirona.cat\/?s={search_term_string}"},"query-input":{"@type":"PropertyValueSpecification","valueRequired":true,"valueName":"search_term_string"}}],"inLanguage":"es"},{"@type":"Organization","@id":"https:\/\/clinicagirona.cat\/#organization","name":"Cl\u00ednica Girona","url":"https:\/\/clinicagirona.cat\/","logo":{"@type":"ImageObject","inLanguage":"es","@id":"https:\/\/clinicagirona.cat\/#\/schema\/logo\/image\/","url":"https:\/\/clinicagirona.cat\/wp-content\/uploads\/2026\/04\/clinica-girona-logo-quadrat.jpg","contentUrl":"https:\/\/clinicagirona.cat\/wp-content\/uploads\/2026\/04\/clinica-girona-logo-quadrat.jpg","width":1000,"height":1000,"caption":"Cl\u00ednica Girona"},"image":{"@id":"https:\/\/clinicagirona.cat\/#\/schema\/logo\/image\/"},"sameAs":["http:\/\/www.facebook.com\/clinicagirona","https:\/\/www.instagram.com\/clinicagirona\/","http:\/\/www.youtube.com\/clinicagirona","http:\/\/www.linkedin.com\/in\/clnica-girona-130222b6\/"]}]}},"_links":{"self":[{"href":"https:\/\/clinicagirona.cat\/es\/wp-json\/wp\/v2\/pages\/34630","targetHints":{"allow":["GET"]}}],"collection":[{"href":"https:\/\/clinicagirona.cat\/es\/wp-json\/wp\/v2\/pages"}],"about":[{"href":"https:\/\/clinicagirona.cat\/es\/wp-json\/wp\/v2\/types\/page"}],"author":[{"embeddable":true,"href":"https:\/\/clinicagirona.cat\/es\/wp-json\/wp\/v2\/users\/1"}],"replies":[{"embeddable":true,"href":"https:\/\/clinicagirona.cat\/es\/wp-json\/wp\/v2\/comments?post=34630"}],"version-history":[{"count":1,"href":"https:\/\/clinicagirona.cat\/es\/wp-json\/wp\/v2\/pages\/34630\/revisions"}],"predecessor-version":[{"id":34633,"href":"https:\/\/clinicagirona.cat\/es\/wp-json\/wp\/v2\/pages\/34630\/revisions\/34633"}],"wp:attachment":[{"href":"https:\/\/clinicagirona.cat\/es\/wp-json\/wp\/v2\/media?parent=34630"}],"curies":[{"name":"wp","href":"https:\/\/api.w.org\/{rel}","templated":true}]}}