{"id":34644,"date":"2025-07-09T12:53:16","date_gmt":"2025-07-09T10:53:16","guid":{"rendered":"https:\/\/clinicagirona.cat\/?page_id=34644"},"modified":"2025-07-09T13:07:23","modified_gmt":"2025-07-09T11:07:23","slug":"cookies-es","status":"publish","type":"page","link":"https:\/\/clinicagirona.cat\/es\/cookies-es\/","title":{"rendered":"Pol\u00edtica de cookies"},"content":{"rendered":"<p>Esta pol\u00edtica de cookies se actualiz\u00f3 por \u00faltima vez el 26 de junio de 2025 y se aplica a ciudadanos y residentes legales permanentes del Espacio Econ\u00f3mico Europeo y Suiza.<\/p>\n\n\n\n<h2 class=\"wp-block-heading\" style=\"font-size:25px\">1. Introducci\u00f3n<\/h2>\n\n\n\n<p>Nuestro sitio web, <a class=\"\" href=\"https:\/\/clinicagirona.cat\/es\/\">https:\/\/clinicagirona.cat<\/a> (en adelante &#8220;el sitio web&#8221;) utiliza cookies y otras tecnolog\u00edas relacionadas (por comodidad, todas las tecnolog\u00edas se denominan &#8220;cookies&#8221;). Las cookies tambi\u00e9n son colocadas por terceros que hemos contratado. En el siguiente documento le informamos sobre el uso de cookies en nuestro sitio web.<\/p>\n\n\n\n<h2 class=\"wp-block-heading\" style=\"font-size:25px\">2. \u00bfQu\u00e9 son las cookies?<\/h2>\n\n\n\n<p>Una cookie es un archivo peque\u00f1o y sencillo que se env\u00eda junto con las p\u00e1ginas de este sitio web y que su navegador almacena en el disco duro de su ordenador u otro dispositivo. La informaci\u00f3n almacenada en \u00e9l puede ser devuelta a nuestros servidores o a los servidores de los terceros correspondientes durante una visita posterior.<\/p>\n\n\n\n<h2 class=\"wp-block-heading\" style=\"font-size:25px\">3. \u00bfQu\u00e9 son los scripts?<\/h2>\n\n\n\n<p>Un script es una pieza de c\u00f3digo de software que se utiliza para que nuestro sitio web funcione correctamente e interactivamente. Este c\u00f3digo se ejecuta en nuestro servidor o en su dispositivo.<\/p>\n\n\n\n<h2 class=\"wp-block-heading\" style=\"font-size:25px\">4. \u00bfQu\u00e9 es una baliza web?<\/h2>\n\n\n\n<p>Una baliza web (o una etiqueta de p\u00edxel) es una peque\u00f1a e invisible pieza de texto o imagen en un sitio web que se utiliza para controlar el tr\u00e1fico de un sitio web. Para ello, se almacenan varios datos utilizando balizas web.<\/p>\n\n\n\n<h2 class=\"wp-block-heading\" style=\"font-size:25px\">5. Cookies<\/h2>\n\n\n\n<p><strong>5.1 Cookies t\u00e9cnicas o funcionales<\/strong><\/p>\n\n\n\n<p>Algunas cookies aseguran que ciertas partes del sitio web funcionen correctamente y que las preferencias de los usuarios sigan siendo conocidas. Utilizando cookies funcionales, le facilitamos la visita a nuestro sitio web. De este modo, no tiene que introducir repetidamente la misma informaci\u00f3n cuando visita nuestro sitio web y, por ejemplo, los elementos permanecen en el carrito de la compra hasta que haya pagado. Podemos colocar estas cookies sin su consentimiento.<\/p>\n\n\n\n<p><strong>5.2 Cookies de estad\u00edstica<\/strong><\/p>\n\n\n\n<p>Utilizamos cookies anal\u00edticas para optimizar la experiencia del sitio web para nuestros usuarios. Con estas cookies anal\u00edticas obtenemos informaci\u00f3n sobre el uso de nuestro sitio web. Le pedimos permiso para colocar cookies de estad\u00edsticas.<\/p>\n\n\n\n<p><strong>5.3 Cookies de marketing\/seguimiento<\/strong><\/p>\n\n\n\n<p>Las cookies de marketing\/seguimiento son cookies o cualquier otra forma de almacenamiento local que se utilizan para crear perfiles de usuario para mostrar publicidad o para hacer un seguimiento del usuario en este sitio web o en varios sitios web con fines de marketing similares.<\/p>\n\n\n\n<p><strong>5.4 Redes sociales<\/strong><\/p>\n\n\n\n<p>En nuestro sitio web hemos incluido contenido de Instagram para promocionar p\u00e1ginas web (por ejemplo, &#8220;me gusta&#8221;, &#8220;pin&#8221;) o compartir (por ejemplo, &#8220;tuitear&#8221;) en redes sociales como Instagram. Este contenido est\u00e1 incrustado con c\u00f3digo derivado de Instagram y coloca cookies. Este contenido puede almacenar y procesar cierta informaci\u00f3n para publicidad personalizada.<br>Lea, por favor, la pol\u00edtica de privacidad de estas redes sociales (que puede cambiar regularmente) para entender qu\u00e9 hacen con sus datos personales procesados utilizando estas cookies. Los datos recuperados est\u00e1n anonimizados en la medida de lo posible. Instagram se encuentra en Estados Unidos.<\/p>\n\n\n\n<h2 class=\"wp-block-heading\" style=\"font-size:25px\">6. Cookies colocadas<\/h2>\n\n\n\n<h2 class=\"wp-block-heading\" style=\"font-size:25px\">7. Consentimiento<\/h2>\n\n\n\n<p>Cuando visite nuestro sitio web por primera vez, le mostraremos un mensaje emergente con una explicaci\u00f3n sobre las cookies. Tan pronto como haga clic en &#8220;Guardar las preferencias&#8221;, nos da su consentimiento para utilizar las categor\u00edas de cookies y extensiones que ha seleccionado en el mensaje emergente, tal y como se describe en esta Pol\u00edtica de cookies. Puede desactivar el uso de cookies a trav\u00e9s de su navegador, pero tenga en cuenta que es posible que nuestro sitio web ya no funcione correctamente.<\/p>\n\n\n\n<p><strong>7.1 Gestione su configuraci\u00f3n de consentimiento<\/strong><\/p>\n\n\n\n<p>Funcional<br>Estad\u00edsticas<br>Marketing<\/p>\n\n\n\n<h2 class=\"wp-block-heading\" style=\"font-size:25px\">8. Activaci\u00f3n \/ desactivaci\u00f3n y eliminaci\u00f3n de cookies<\/h2>\n\n\n\n<p>Puede usar su navegador para eliminar las cookies autom\u00e1tica o manualmente. Adem\u00e1s, puede especificar que determinadas cookies no sean colocadas. Otra opci\u00f3n es cambiar las preferencias de su navegador para recibir un mensaje cada vez que se coloque una cookie. Para m\u00e1s informaci\u00f3n, puede consultar las instrucciones en la Ayuda de su navegador.<br>Tenga en cuenta que nuestro sitio web puede no funcionar correctamente si todas las cookies est\u00e1n desactivadas. Si elimina las cookies del navegador, se crear\u00e1n nuevas tras su consentimiento cuando vuelva a visitar nuestros sitios web.<\/p>\n\n\n\n<h2 class=\"wp-block-heading\" style=\"font-size:25px\">9. Sus derechos respecto a los datos personales<\/h2>\n\n\n\n<p>Tiene los siguientes derechos respecto a sus datos personales:<\/p>\n\n\n\n<ul class=\"wp-block-list\">\n<li>Tiene derecho a saber por qu\u00e9 se necesitan sus datos personales, qu\u00e9 ocurrir\u00e1 con ellos y cu\u00e1nto tiempo se conservar\u00e1n.<\/li>\n\n\n\n<li>Derecho de acceso: tiene derecho a acceder a sus datos personales que conocemos.<\/li>\n\n\n\n<li>Derecho de rectificaci\u00f3n: tiene derecho a completar, corregir, eliminar o bloquear sus datos personales siempre que lo desee.<\/li>\n\n\n\n<li>Si nos da su consentimiento para procesar sus datos, tiene derecho a revocar dicho consentimiento y eliminar sus datos personales.<\/li>\n\n\n\n<li>Derecho a la portabilidad de los datos: tiene derecho a solicitar todos los datos personales del responsable del tratamiento y transferirlos en su totalidad a otro responsable del tratamiento.<\/li>\n\n\n\n<li>Derecho de oposici\u00f3n: puede oponerse al procesamiento de sus datos. Cumplimos con ello, salvo que existan motivos justificados para el procesamiento.<\/li>\n<\/ul>\n\n\n\n<p>Para ejercer estos derechos, p\u00f3ngase en contacto con nosotros. Consulte los datos de contacto al final de esta Pol\u00edtica de cookies. Si tiene una queja sobre c\u00f3mo gestionamos sus datos, nos gustar\u00eda escucharle, pero tambi\u00e9n tiene derecho a presentar una reclamaci\u00f3n ante la autoridad de control (la Agencia de Protecci\u00f3n de Datos).<\/p>\n\n\n\n<h2 class=\"wp-block-heading\" style=\"font-size:25px\">10. Datos de contacto<\/h2>\n\n\n\n<p>Para preguntas y\/o comentarios sobre nuestra Pol\u00edtica de cookies y esta declaraci\u00f3n, p\u00f3ngase en contacto con nosotros mediante los siguientes datos de contacto:<\/p>\n\n\n\n<p>Grup Cl\u00ednica Girona<br>Calle Barcelona, 206, 17005 Girona<br>Espa\u00f1a<br>Sitio web: <a class=\"\" href=\"https:\/\/clinicagirona.cat\/es\/\">https:\/\/clinicagirona.cat<\/a><br>Correo electr\u00f3nico: <a>clinicagirona@clinicagirona.cat<\/a><br>N\u00famero de tel\u00e9fono: +34 972 010 300<\/p>\n\n\n\n<div style=\"height:90px\" aria-hidden=\"true\" class=\"wp-block-spacer\"><\/div>","protected":false},"excerpt":{"rendered":"<p>Esta pol\u00edtica de cookies se actualiz\u00f3 por \u00faltima vez el 26 de junio de 2025 y se aplica a ciudadanos<\/p>","protected":false},"author":1,"featured_media":0,"parent":0,"menu_order":0,"comment_status":"closed","ping_status":"closed","template":"","meta":{"footnotes":""},"class_list":["post-34644","page","type-page","status-publish","hentry"],"yoast_head":"<!-- This site is optimized with the Yoast SEO plugin v27.4 - https:\/\/yoast.com\/product\/yoast-seo-wordpress\/ -->\n<title>Pol\u00edtica de Cookies - Cl\u00ednica Girona<\/title>\n<meta name=\"robots\" content=\"noindex, follow\" \/>\n<meta property=\"og:locale\" content=\"es_ES\" \/>\n<meta property=\"og:type\" content=\"article\" \/>\n<meta property=\"og:title\" content=\"Pol\u00edtica de Cookies - Cl\u00ednica Girona\" \/>\n<meta property=\"og:description\" content=\"Esta pol\u00edtica de cookies se actualiz\u00f3 por \u00faltima vez el 26 de junio de 2025 y se aplica a ciudadanos\" \/>\n<meta property=\"og:url\" content=\"https:\/\/clinicagirona.cat\/es\/cookies-es\/\" \/>\n<meta property=\"og:site_name\" content=\"Cl\u00ednica Girona\" \/>\n<meta property=\"article:publisher\" content=\"http:\/\/www.facebook.com\/clinicagirona\" \/>\n<meta property=\"article:modified_time\" content=\"2025-07-09T11:07:23+00:00\" \/>\n<meta property=\"og:image\" content=\"https:\/\/clinicagirona.cat\/wp-content\/uploads\/2025\/05\/clinica-girona-frontal-b.jpg\" \/>\n\t<meta property=\"og:image:width\" content=\"900\" \/>\n\t<meta property=\"og:image:height\" content=\"608\" \/>\n\t<meta property=\"og:image:type\" content=\"image\/jpeg\" \/>\n<meta name=\"twitter:card\" content=\"summary_large_image\" \/>\n<meta name=\"twitter:label1\" content=\"Tiempo de lectura\" \/>\n\t<meta name=\"twitter:data1\" content=\"6 minutos\" \/>\n<script type=\"application\/ld+json\" class=\"yoast-schema-graph\">{\"@context\":\"https:\\\/\\\/schema.org\",\"@graph\":[{\"@type\":\"WebPage\",\"@id\":\"https:\\\/\\\/clinicagirona.cat\\\/cookies-es\\\/\",\"url\":\"https:\\\/\\\/clinicagirona.cat\\\/cookies-es\\\/\",\"name\":\"Pol\u00edtica de Cookies - Cl\u00ednica Girona\",\"isPartOf\":{\"@id\":\"https:\\\/\\\/clinicagirona.cat\\\/#website\"},\"datePublished\":\"2025-07-09T10:53:16+00:00\",\"dateModified\":\"2025-07-09T11:07:23+00:00\",\"breadcrumb\":{\"@id\":\"https:\\\/\\\/clinicagirona.cat\\\/cookies-es\\\/#breadcrumb\"},\"inLanguage\":\"es\",\"potentialAction\":[{\"@type\":\"ReadAction\",\"target\":[\"https:\\\/\\\/clinicagirona.cat\\\/cookies-es\\\/\"]}]},{\"@type\":\"BreadcrumbList\",\"@id\":\"https:\\\/\\\/clinicagirona.cat\\\/cookies-es\\\/#breadcrumb\",\"itemListElement\":[{\"@type\":\"ListItem\",\"position\":1,\"name\":\"Inici\",\"item\":\"https:\\\/\\\/clinicagirona.cat\\\/\"},{\"@type\":\"ListItem\",\"position\":2,\"name\":\"Pol\u00edtica de Cookies\"}]},{\"@type\":\"WebSite\",\"@id\":\"https:\\\/\\\/clinicagirona.cat\\\/#website\",\"url\":\"https:\\\/\\\/clinicagirona.cat\\\/\",\"name\":\"Cl\u00ednica Girona\",\"description\":\"Cuidem la teva salut, et cuidem a tu\",\"publisher\":{\"@id\":\"https:\\\/\\\/clinicagirona.cat\\\/#organization\"},\"potentialAction\":[{\"@type\":\"SearchAction\",\"target\":{\"@type\":\"EntryPoint\",\"urlTemplate\":\"https:\\\/\\\/clinicagirona.cat\\\/?s={search_term_string}\"},\"query-input\":{\"@type\":\"PropertyValueSpecification\",\"valueRequired\":true,\"valueName\":\"search_term_string\"}}],\"inLanguage\":\"es\"},{\"@type\":\"Organization\",\"@id\":\"https:\\\/\\\/clinicagirona.cat\\\/#organization\",\"name\":\"Cl\u00ednica Girona\",\"url\":\"https:\\\/\\\/clinicagirona.cat\\\/\",\"logo\":{\"@type\":\"ImageObject\",\"inLanguage\":\"es\",\"@id\":\"https:\\\/\\\/clinicagirona.cat\\\/#\\\/schema\\\/logo\\\/image\\\/\",\"url\":\"https:\\\/\\\/clinicagirona.cat\\\/wp-content\\\/uploads\\\/2026\\\/04\\\/clinica-girona-logo-quadrat.jpg\",\"contentUrl\":\"https:\\\/\\\/clinicagirona.cat\\\/wp-content\\\/uploads\\\/2026\\\/04\\\/clinica-girona-logo-quadrat.jpg\",\"width\":1000,\"height\":1000,\"caption\":\"Cl\u00ednica Girona\"},\"image\":{\"@id\":\"https:\\\/\\\/clinicagirona.cat\\\/#\\\/schema\\\/logo\\\/image\\\/\"},\"sameAs\":[\"http:\\\/\\\/www.facebook.com\\\/clinicagirona\",\"https:\\\/\\\/www.instagram.com\\\/clinicagirona\\\/\",\"http:\\\/\\\/www.youtube.com\\\/clinicagirona\",\"http:\\\/\\\/www.linkedin.com\\\/in\\\/clnica-girona-130222b6\\\/\"]}]}<\/script>\n<!-- \/ Yoast SEO plugin. -->","yoast_head_json":{"title":"Pol\u00edtica de Cookies - Cl\u00ednica Girona","robots":{"index":"noindex","follow":"follow"},"og_locale":"es_ES","og_type":"article","og_title":"Pol\u00edtica de Cookies - Cl\u00ednica Girona","og_description":"Esta pol\u00edtica de cookies se actualiz\u00f3 por \u00faltima vez el 26 de junio de 2025 y se aplica a ciudadanos","og_url":"https:\/\/clinicagirona.cat\/es\/cookies-es\/","og_site_name":"Cl\u00ednica Girona","article_publisher":"http:\/\/www.facebook.com\/clinicagirona","article_modified_time":"2025-07-09T11:07:23+00:00","og_image":[{"width":900,"height":608,"url":"https:\/\/clinicagirona.cat\/wp-content\/uploads\/2025\/05\/clinica-girona-frontal-b.jpg","type":"image\/jpeg"}],"twitter_card":"summary_large_image","twitter_misc":{"Tiempo de lectura":"6 minutos"},"schema":{"@context":"https:\/\/schema.org","@graph":[{"@type":"WebPage","@id":"https:\/\/clinicagirona.cat\/cookies-es\/","url":"https:\/\/clinicagirona.cat\/cookies-es\/","name":"Pol\u00edtica de Cookies - Cl\u00ednica Girona","isPartOf":{"@id":"https:\/\/clinicagirona.cat\/#website"},"datePublished":"2025-07-09T10:53:16+00:00","dateModified":"2025-07-09T11:07:23+00:00","breadcrumb":{"@id":"https:\/\/clinicagirona.cat\/cookies-es\/#breadcrumb"},"inLanguage":"es","potentialAction":[{"@type":"ReadAction","target":["https:\/\/clinicagirona.cat\/cookies-es\/"]}]},{"@type":"BreadcrumbList","@id":"https:\/\/clinicagirona.cat\/cookies-es\/#breadcrumb","itemListElement":[{"@type":"ListItem","position":1,"name":"Inici","item":"https:\/\/clinicagirona.cat\/"},{"@type":"ListItem","position":2,"name":"Pol\u00edtica de Cookies"}]},{"@type":"WebSite","@id":"https:\/\/clinicagirona.cat\/#website","url":"https:\/\/clinicagirona.cat\/","name":"Cl\u00ednica Girona","description":"Cuidamos tu salud, te cuidamos a ti","publisher":{"@id":"https:\/\/clinicagirona.cat\/#organization"},"potentialAction":[{"@type":"SearchAction","target":{"@type":"EntryPoint","urlTemplate":"https:\/\/clinicagirona.cat\/?s={search_term_string}"},"query-input":{"@type":"PropertyValueSpecification","valueRequired":true,"valueName":"search_term_string"}}],"inLanguage":"es"},{"@type":"Organization","@id":"https:\/\/clinicagirona.cat\/#organization","name":"Cl\u00ednica Girona","url":"https:\/\/clinicagirona.cat\/","logo":{"@type":"ImageObject","inLanguage":"es","@id":"https:\/\/clinicagirona.cat\/#\/schema\/logo\/image\/","url":"https:\/\/clinicagirona.cat\/wp-content\/uploads\/2026\/04\/clinica-girona-logo-quadrat.jpg","contentUrl":"https:\/\/clinicagirona.cat\/wp-content\/uploads\/2026\/04\/clinica-girona-logo-quadrat.jpg","width":1000,"height":1000,"caption":"Cl\u00ednica Girona"},"image":{"@id":"https:\/\/clinicagirona.cat\/#\/schema\/logo\/image\/"},"sameAs":["http:\/\/www.facebook.com\/clinicagirona","https:\/\/www.instagram.com\/clinicagirona\/","http:\/\/www.youtube.com\/clinicagirona","http:\/\/www.linkedin.com\/in\/clnica-girona-130222b6\/"]}]}},"_links":{"self":[{"href":"https:\/\/clinicagirona.cat\/es\/wp-json\/wp\/v2\/pages\/34644","targetHints":{"allow":["GET"]}}],"collection":[{"href":"https:\/\/clinicagirona.cat\/es\/wp-json\/wp\/v2\/pages"}],"about":[{"href":"https:\/\/clinicagirona.cat\/es\/wp-json\/wp\/v2\/types\/page"}],"author":[{"embeddable":true,"href":"https:\/\/clinicagirona.cat\/es\/wp-json\/wp\/v2\/users\/1"}],"replies":[{"embeddable":true,"href":"https:\/\/clinicagirona.cat\/es\/wp-json\/wp\/v2\/comments?post=34644"}],"version-history":[{"count":2,"href":"https:\/\/clinicagirona.cat\/es\/wp-json\/wp\/v2\/pages\/34644\/revisions"}],"predecessor-version":[{"id":34649,"href":"https:\/\/clinicagirona.cat\/es\/wp-json\/wp\/v2\/pages\/34644\/revisions\/34649"}],"wp:attachment":[{"href":"https:\/\/clinicagirona.cat\/es\/wp-json\/wp\/v2\/media?parent=34644"}],"curies":[{"name":"wp","href":"https:\/\/api.w.org\/{rel}","templated":true}]}}