{"id":34645,"date":"2025-07-09T13:05:53","date_gmt":"2025-07-09T11:05:53","guid":{"rendered":"https:\/\/clinicagirona.cat\/?page_id=34645"},"modified":"2025-07-09T13:06:50","modified_gmt":"2025-07-09T11:06:50","slug":"galletas-en","status":"publish","type":"page","link":"https:\/\/clinicagirona.cat\/es\/cookies-en\/","title":{"rendered":"Pol\u00edtica de Cookies"},"content":{"rendered":"<p>Esta pol\u00edtica de cookies se actualiz\u00f3 por \u00faltima vez el 26 de junio de 2025 y se aplica a los ciudadanos y residentes permanentes legales del Espacio Econ\u00f3mico Europeo y Suiza.<\/p>\n\n\n\n<h2 class=\"wp-block-heading\" style=\"font-size:27px\">1. Introducci\u00f3n<\/h2>\n\n\n\n<p>Nuestro sitio web, <a class=\"\" href=\"https:\/\/clinicagirona.cat\/es\/\">https:\/\/clinicagirona.cat<\/a> (en adelante, \u201cel sitio web\u201d) utiliza cookies y otras tecnolog\u00edas relacionadas (a efectos pr\u00e1cticos, todas las tecnolog\u00edas se denominan \u201ccookies\u201d). Tambi\u00e9n se colocan cookies por parte de terceros con los que hemos contratado. En el siguiente documento, le informamos sobre el uso de cookies en nuestro sitio web.<\/p>\n\n\n\n<h2 class=\"wp-block-heading\">2. \u00bfQu\u00e9 son las cookies?<\/h2>\n\n\n\n<p>Una cookie es un archivo peque\u00f1o y sencillo que se env\u00eda junto con las p\u00e1ginas de este sitio web y que su navegador almacena en el disco duro de su ordenador o en otro dispositivo. La informaci\u00f3n almacenada en \u00e9l puede ser devuelta a nuestros servidores o a los servidores de terceros relevantes durante una visita posterior.<\/p>\n\n\n\n<h2 class=\"wp-block-heading\" style=\"font-size:25px\">3. \u00bfQu\u00e9 son los scripts?<\/h2>\n\n\n\n<p>Un script es un fragmento de c\u00f3digo de software que se utiliza para que nuestro sitio web funcione correctamente e interactivamente. Este c\u00f3digo se ejecuta en nuestro servidor o en tu dispositivo.<\/p>\n\n\n\n<h2 class=\"wp-block-heading\" style=\"font-size:25px\">4. \u00bfQu\u00e9 es un web beacon?<\/h2>\n\n\n\n<p>Una baliza web (o etiqueta pixel) es una peque\u00f1a pieza de texto o imagen invisible en un sitio web que se utiliza para monitorear el tr\u00e1fico del sitio web. Para este prop\u00f3sito, se almacenan diversos datos utilizando balizas web.<\/p>\n\n\n\n<p style=\"font-size:25px\">5. Galletas<\/p>\n\n\n\n<p><strong>5.1 Cookies t\u00e9cnicas o funcionales<\/strong><br>Algunas cookies aseguran que ciertas partes del sitio web funcionen correctamente y que las preferencias del usuario permanezcan conocidas. Al utilizar cookies funcionales, le facilitamos la visita a nuestro sitio web. Esto significa que no necesita introducir la misma informaci\u00f3n repetidamente al visitar nuestro sitio web y, por ejemplo, los art\u00edculos permanecen en su carrito de la compra hasta que haya pagado. Podemos colocar estas cookies sin su consentimiento.<\/p>\n\n\n\n<p><strong>5.2 Cookies de estad\u00edsticas<\/strong><br>Utilizamos cookies anal\u00edticas para optimizar la experiencia del sitio web para nuestros usuarios. Con estas cookies anal\u00edticas, obtenemos informaci\u00f3n sobre el uso de nuestro sitio web. Solicitamos su permiso para colocar cookies de estad\u00edsticas.<\/p>\n\n\n\n<p><strong>5.3 Cookies de marketing\/seguimiento<\/strong><br>Las cookies de marketing\/seguimiento son cookies o cualquier otra forma de almacenamiento local que se utiliza para crear perfiles de usuario para mostrar publicidad o para rastrear al usuario en este sitio web o en m\u00faltiples sitios web con fines de marketing similares.<\/p>\n\n\n\n<p><strong>5.4 Redes sociales<\/strong><br>Hemos incluido contenido de Instagram en nuestro sitio web para promocionar p\u00e1ginas web (por ejemplo, \u201cme gusta\u201d, \u201cfijar\u201d) o compartir (por ejemplo, \u201ctuitear\u201d) en redes sociales como Instagram. Este contenido est\u00e1 incrustado con c\u00f3digo derivado de Instagram y coloca cookies. Este contenido puede almacenar y procesar cierta informaci\u00f3n para publicidad personalizada.<br>Lea la pol\u00edtica de privacidad de estas redes sociales (que puede cambiar con regularidad) para comprender qu\u00e9 hacen con sus datos personales procesados utilizando estas cookies. Los datos recuperados se anonimizan tanto como sea posible. Instagram se encuentra en los Estados Unidos.<\/p>\n\n\n\n<h2 class=\"wp-block-heading\" style=\"font-size:25px\">6. Galletas colocadas<\/h2>\n\n\n\n<h2 class=\"wp-block-heading\" style=\"font-size:25px\">7. Consentimiento<\/h2>\n\n\n\n<p>Cuando visite nuestro sitio web por primera vez, le mostraremos una ventana emergente con una explicaci\u00f3n sobre las cookies. Tan pronto como haga clic en \u201cGuardar preferencias\u201d, usted consiente que utilicemos las categor\u00edas de cookies y extensiones que seleccion\u00f3 en la ventana emergente, seg\u00fan lo descrito en esta Pol\u00edtica de Cookies. Puede deshabilitar el uso de cookies a trav\u00e9s de su navegador, pero tenga en cuenta que nuestro sitio web puede dejar de funcionar correctamente.<\/p>\n\n\n\n<p><strong>7.1 Administra tu configuraci\u00f3n de consentimiento<\/strong><\/p>\n\n\n\n<p>Funcional<br>Estad\u00edstica<br>Marketing<\/p>\n\n\n\n<h2 class=\"wp-block-heading\" style=\"font-size:25px\">8. Habilitar\/deshabilitar y eliminar cookies<\/h2>\n\n\n\n<p>Puedes usar tu navegador para eliminar cookies de forma autom\u00e1tica o manual. Tambi\u00e9n puedes especificar que no se coloquen ciertas cookies. Otra opci\u00f3n es cambiar la configuraci\u00f3n de tu navegador para que recibas un mensaje cada vez que se coloque una cookie. Para obtener m\u00e1s informaci\u00f3n, consulta la secci\u00f3n de Ayuda de tu navegador.<br>Tenga en cuenta que nuestro sitio web puede no funcionar correctamente si todas las cookies est\u00e1n desactivadas. Si elimina las cookies en su navegador, se volver\u00e1n a colocar despu\u00e9s de su consentimiento cuando vuelva a visitar nuestro sitio web.<\/p>\n\n\n\n<h2 class=\"wp-block-heading\" style=\"font-size:25px\">9. Tus derechos sobre los datos personales<\/h2>\n\n\n\n<p>Usted tiene los siguientes derechos con respecto a sus datos personales:<\/p>\n\n\n\n<ul class=\"wp-block-list\">\n<li>Tiene derecho a saber por qu\u00e9 se necesitan sus datos personales, qu\u00e9 suceder\u00e1 con ellos y cu\u00e1nto tiempo se conservar\u00e1n.<\/li>\n\n\n\n<li>Derecho de acceso: Usted tiene derecho a acceder a sus datos personales que obran en nuestro poder.<\/li>\n\n\n\n<li>Derecho de rectificaci\u00f3n: Usted tiene derecho a complementar, corregir, eliminar o bloquear sus datos personales cuando lo desee.<\/li>\n\n\n\n<li>Si nos otorga su consentimiento para procesar sus datos, tiene derecho a revocar dicho consentimiento y a que se eliminen sus datos personales.<\/li>\n\n\n\n<li>Derecho a la portabilidad de tus datos: Tienes derecho a solicitar todos tus datos personales al responsable del tratamiento y a transmitirlos en su totalidad a otro responsable.<\/li>\n\n\n\n<li>Derecho de oposici\u00f3n: Usted puede oponerse al tratamiento de sus datos. Cumplimos con esto a menos que existan motivos justificados para el tratamiento.<\/li>\n\n\n\n<li><\/li>\n<\/ul>\n\n\n\n<p>Para ejercer estos derechos, p\u00f3ngase en contacto con nosotros. Consulte los datos de contacto al final de esta Pol\u00edtica de cookies. Si tiene alguna queja sobre c\u00f3mo manejamos sus datos, nos gustar\u00eda saber de usted, pero usted tambi\u00e9n tiene derecho a presentar una queja ante la autoridad supervisora (la Agencia de Protecci\u00f3n de Datos).<\/p>\n\n\n\n<h2 class=\"wp-block-heading\" style=\"font-size:25px\">10. Detalles de contacto<\/h2>\n\n\n\n<p>Para preguntas y\/o comentarios sobre nuestra Pol\u00edtica de Cookies y esta declaraci\u00f3n, p\u00f3ngase en contacto con nosotros utilizando los siguientes datos de contacto:<\/p>\n\n\n\n<p>Grup Cl\u00ednica Girona<br>Calle Barcelona, 206, 17005 Girona<br>Espa\u00f1a<br>Sitio web <a class=\"\" href=\"https:\/\/clinicagirona.cat\/es\/\">https:\/\/clinicagirona.cat<\/a><br>Correo electr\u00f3nico: <a>clinicagirona@clinicagirona.cat<\/a><br>N\u00famero de tel\u00e9fono: +34 972 010 300<\/p>\n\n\n\n<p><\/p>","protected":false},"excerpt":{"rendered":"<p>Esta pol\u00edtica de cookies se actualiz\u00f3 por \u00faltima vez el 26 de junio de 2025 y se aplica a los ciudadanos y residentes permanentes legales de<\/p>","protected":false},"author":1,"featured_media":0,"parent":0,"menu_order":0,"comment_status":"closed","ping_status":"closed","template":"","meta":{"footnotes":""},"class_list":["post-34645","page","type-page","status-publish","hentry"],"yoast_head":"<!-- This site is optimized with the Yoast SEO plugin v27.5 - https:\/\/yoast.com\/product\/yoast-seo-wordpress\/ -->\n<title>Cookies Policy - Cl\u00ednica Girona<\/title>\n<meta name=\"robots\" content=\"noindex, follow\" \/>\n<meta property=\"og:locale\" content=\"es_ES\" \/>\n<meta property=\"og:type\" content=\"article\" \/>\n<meta property=\"og:title\" content=\"Cookies Policy - Cl\u00ednica Girona\" \/>\n<meta property=\"og:description\" content=\"This cookie policy was last updated on June 26, 2025 and applies to citizens and legal permanent residents of the\" \/>\n<meta property=\"og:url\" content=\"https:\/\/clinicagirona.cat\/es\/galletas-en\/\" \/>\n<meta property=\"og:site_name\" content=\"Cl\u00ednica Girona\" \/>\n<meta property=\"article:publisher\" content=\"http:\/\/www.facebook.com\/clinicagirona\" \/>\n<meta property=\"article:modified_time\" content=\"2025-07-09T11:06:50+00:00\" \/>\n<meta property=\"og:image\" content=\"https:\/\/clinicagirona.cat\/wp-content\/uploads\/2025\/05\/clinica-girona-frontal-b.jpg\" \/>\n\t<meta property=\"og:image:width\" content=\"900\" \/>\n\t<meta property=\"og:image:height\" content=\"608\" \/>\n\t<meta property=\"og:image:type\" content=\"image\/jpeg\" \/>\n<meta name=\"twitter:card\" content=\"summary_large_image\" \/>\n<meta name=\"twitter:label1\" content=\"Tiempo de lectura\" \/>\n\t<meta name=\"twitter:data1\" content=\"5 minutos\" \/>\n<script type=\"application\/ld+json\" class=\"yoast-schema-graph\">{\"@context\":\"https:\\\/\\\/schema.org\",\"@graph\":[{\"@type\":\"WebPage\",\"@id\":\"https:\\\/\\\/clinicagirona.cat\\\/cookies-en\\\/\",\"url\":\"https:\\\/\\\/clinicagirona.cat\\\/cookies-en\\\/\",\"name\":\"Cookies Policy - Cl\u00ednica Girona\",\"isPartOf\":{\"@id\":\"https:\\\/\\\/clinicagirona.cat\\\/#website\"},\"datePublished\":\"2025-07-09T11:05:53+00:00\",\"dateModified\":\"2025-07-09T11:06:50+00:00\",\"breadcrumb\":{\"@id\":\"https:\\\/\\\/clinicagirona.cat\\\/cookies-en\\\/#breadcrumb\"},\"inLanguage\":\"es\",\"potentialAction\":[{\"@type\":\"ReadAction\",\"target\":[\"https:\\\/\\\/clinicagirona.cat\\\/cookies-en\\\/\"]}]},{\"@type\":\"BreadcrumbList\",\"@id\":\"https:\\\/\\\/clinicagirona.cat\\\/cookies-en\\\/#breadcrumb\",\"itemListElement\":[{\"@type\":\"ListItem\",\"position\":1,\"name\":\"Inici\",\"item\":\"https:\\\/\\\/clinicagirona.cat\\\/\"},{\"@type\":\"ListItem\",\"position\":2,\"name\":\"Cookies Policy\"}]},{\"@type\":\"WebSite\",\"@id\":\"https:\\\/\\\/clinicagirona.cat\\\/#website\",\"url\":\"https:\\\/\\\/clinicagirona.cat\\\/\",\"name\":\"Cl\u00ednica Girona\",\"description\":\"Cuidem la teva salut, et cuidem a tu\",\"publisher\":{\"@id\":\"https:\\\/\\\/clinicagirona.cat\\\/#organization\"},\"potentialAction\":[{\"@type\":\"SearchAction\",\"target\":{\"@type\":\"EntryPoint\",\"urlTemplate\":\"https:\\\/\\\/clinicagirona.cat\\\/?s={search_term_string}\"},\"query-input\":{\"@type\":\"PropertyValueSpecification\",\"valueRequired\":true,\"valueName\":\"search_term_string\"}}],\"inLanguage\":\"es\"},{\"@type\":\"Organization\",\"@id\":\"https:\\\/\\\/clinicagirona.cat\\\/#organization\",\"name\":\"Cl\u00ednica Girona\",\"url\":\"https:\\\/\\\/clinicagirona.cat\\\/\",\"logo\":{\"@type\":\"ImageObject\",\"inLanguage\":\"es\",\"@id\":\"https:\\\/\\\/clinicagirona.cat\\\/#\\\/schema\\\/logo\\\/image\\\/\",\"url\":\"https:\\\/\\\/clinicagirona.cat\\\/wp-content\\\/uploads\\\/2026\\\/04\\\/clinica-girona-logo-quadrat.jpg\",\"contentUrl\":\"https:\\\/\\\/clinicagirona.cat\\\/wp-content\\\/uploads\\\/2026\\\/04\\\/clinica-girona-logo-quadrat.jpg\",\"width\":1000,\"height\":1000,\"caption\":\"Cl\u00ednica Girona\"},\"image\":{\"@id\":\"https:\\\/\\\/clinicagirona.cat\\\/#\\\/schema\\\/logo\\\/image\\\/\"},\"sameAs\":[\"http:\\\/\\\/www.facebook.com\\\/clinicagirona\",\"https:\\\/\\\/www.instagram.com\\\/clinicagirona\\\/\",\"http:\\\/\\\/www.youtube.com\\\/clinicagirona\",\"http:\\\/\\\/www.linkedin.com\\\/in\\\/clnica-girona-130222b6\\\/\"]}]}<\/script>\n<!-- \/ Yoast SEO plugin. -->","yoast_head_json":{"title":"Pol\u00edtica de Cookies - Cl\u00ednica Girona","robots":{"index":"noindex","follow":"follow"},"og_locale":"es_ES","og_type":"article","og_title":"Cookies Policy - Cl\u00ednica Girona","og_description":"This cookie policy was last updated on June 26, 2025 and applies to citizens and legal permanent residents of the","og_url":"https:\/\/clinicagirona.cat\/es\/galletas-en\/","og_site_name":"Cl\u00ednica Girona","article_publisher":"http:\/\/www.facebook.com\/clinicagirona","article_modified_time":"2025-07-09T11:06:50+00:00","og_image":[{"width":900,"height":608,"url":"https:\/\/clinicagirona.cat\/wp-content\/uploads\/2025\/05\/clinica-girona-frontal-b.jpg","type":"image\/jpeg"}],"twitter_card":"summary_large_image","twitter_misc":{"Tiempo de lectura":"5 minutos"},"schema":{"@context":"https:\/\/schema.org","@graph":[{"@type":"WebPage","@id":"https:\/\/clinicagirona.cat\/cookies-en\/","url":"https:\/\/clinicagirona.cat\/cookies-en\/","name":"Pol\u00edtica de Cookies - Cl\u00ednica Girona","isPartOf":{"@id":"https:\/\/clinicagirona.cat\/#website"},"datePublished":"2025-07-09T11:05:53+00:00","dateModified":"2025-07-09T11:06:50+00:00","breadcrumb":{"@id":"https:\/\/clinicagirona.cat\/cookies-en\/#breadcrumb"},"inLanguage":"es","potentialAction":[{"@type":"ReadAction","target":["https:\/\/clinicagirona.cat\/cookies-en\/"]}]},{"@type":"BreadcrumbList","@id":"https:\/\/clinicagirona.cat\/cookies-en\/#breadcrumb","itemListElement":[{"@type":"ListItem","position":1,"name":"Inici","item":"https:\/\/clinicagirona.cat\/"},{"@type":"ListItem","position":2,"name":"Cookies Policy"}]},{"@type":"WebSite","@id":"https:\/\/clinicagirona.cat\/#website","url":"https:\/\/clinicagirona.cat\/","name":"Cl\u00ednica Girona","description":"Cuidamos tu salud, te cuidamos a ti","publisher":{"@id":"https:\/\/clinicagirona.cat\/#organization"},"potentialAction":[{"@type":"SearchAction","target":{"@type":"EntryPoint","urlTemplate":"https:\/\/clinicagirona.cat\/?s={search_term_string}"},"query-input":{"@type":"PropertyValueSpecification","valueRequired":true,"valueName":"search_term_string"}}],"inLanguage":"es"},{"@type":"Organization","@id":"https:\/\/clinicagirona.cat\/#organization","name":"Cl\u00ednica Girona","url":"https:\/\/clinicagirona.cat\/","logo":{"@type":"ImageObject","inLanguage":"es","@id":"https:\/\/clinicagirona.cat\/#\/schema\/logo\/image\/","url":"https:\/\/clinicagirona.cat\/wp-content\/uploads\/2026\/04\/clinica-girona-logo-quadrat.jpg","contentUrl":"https:\/\/clinicagirona.cat\/wp-content\/uploads\/2026\/04\/clinica-girona-logo-quadrat.jpg","width":1000,"height":1000,"caption":"Cl\u00ednica Girona"},"image":{"@id":"https:\/\/clinicagirona.cat\/#\/schema\/logo\/image\/"},"sameAs":["http:\/\/www.facebook.com\/clinicagirona","https:\/\/www.instagram.com\/clinicagirona\/","http:\/\/www.youtube.com\/clinicagirona","http:\/\/www.linkedin.com\/in\/clnica-girona-130222b6\/"]}]}},"_links":{"self":[{"href":"https:\/\/clinicagirona.cat\/es\/wp-json\/wp\/v2\/pages\/34645","targetHints":{"allow":["GET"]}}],"collection":[{"href":"https:\/\/clinicagirona.cat\/es\/wp-json\/wp\/v2\/pages"}],"about":[{"href":"https:\/\/clinicagirona.cat\/es\/wp-json\/wp\/v2\/types\/page"}],"author":[{"embeddable":true,"href":"https:\/\/clinicagirona.cat\/es\/wp-json\/wp\/v2\/users\/1"}],"replies":[{"embeddable":true,"href":"https:\/\/clinicagirona.cat\/es\/wp-json\/wp\/v2\/comments?post=34645"}],"version-history":[{"count":2,"href":"https:\/\/clinicagirona.cat\/es\/wp-json\/wp\/v2\/pages\/34645\/revisions"}],"predecessor-version":[{"id":34648,"href":"https:\/\/clinicagirona.cat\/es\/wp-json\/wp\/v2\/pages\/34645\/revisions\/34648"}],"wp:attachment":[{"href":"https:\/\/clinicagirona.cat\/es\/wp-json\/wp\/v2\/media?parent=34645"}],"curies":[{"name":"wp","href":"https:\/\/api.w.org\/{rel}","templated":true}]}}