{"id":37035,"date":"2026-02-16T10:59:29","date_gmt":"2026-02-16T09:59:29","guid":{"rendered":"https:\/\/clinicagirona.cat\/?page_id=37035"},"modified":"2026-03-19T13:21:01","modified_gmt":"2026-03-19T12:21:01","slug":"cirugia-robotica","status":"publish","type":"page","link":"https:\/\/clinicagirona.cat\/es\/cirurgia-robotica\/","title":{"rendered":"Cirug\u00eda rob\u00f3tica"},"content":{"rendered":"<div data-elementor-type=\"wp-page\" data-elementor-id=\"37035\" class=\"elementor elementor-37035\">\n\t\t\t\t<div class=\"elementor-element elementor-element-ef65825 e-flex e-con-boxed e-con e-parent\" data-id=\"ef65825\" data-element_type=\"container\" data-e-type=\"container\">\n\t\t\t\t\t<div class=\"e-con-inner\">\n\t\t<div class=\"elementor-element elementor-element-ba6de9b e-con-full e-flex e-con e-child\" data-id=\"ba6de9b\" data-element_type=\"container\" data-e-type=\"container\">\n\t\t\t\t<div class=\"elementor-element elementor-element-6b880ac wd-width-100 elementor-widget elementor-widget-wd_title\" data-id=\"6b880ac\" data-element_type=\"widget\" data-e-type=\"widget\" data-widget_type=\"wd_title.default\">\n\t\t\t\t<div class=\"elementor-widget-container\">\n\t\t\t\t\t\t\t<div class=\"title-wrapper wd-set-mb reset-last-child wd-title-color-default wd-title-style-default wd-title-size-medium text-left\">\n\n\t\t\t\n\t\t\t<div class=\"liner-continer\">\n\t\t\t\t<h2 class=\"woodmart-title-container title wd-fontsize-xl\">Cirug\u00eda rob\u00f3tica<\/h2> \n\t\t\t\t\t\t\t<\/div>\n\n\t\t\t\t\t<\/div>\n\t\t\t\t\t\t<\/div>\n\t\t\t\t<\/div>\n\t\t\t\t<div class=\"elementor-element elementor-element-cb402c0 color-scheme-inherit text-left elementor-widget elementor-widget-text-editor\" data-id=\"cb402c0\" data-element_type=\"widget\" data-e-type=\"widget\" data-widget_type=\"text-editor.default\">\n\t\t\t\t<div class=\"elementor-widget-container\">\n\t\t\t\t\t\t\t\t\t<p>Cl\u00ednica Girona cuenta con un sistema rob\u00f3tico Da Vinci que permite realizar procedimientos quir\u00fargicos m\u00ednimamente invasivos con gran precisi\u00f3n y control que provocan un <strong>mejor resultado de las intervenciones y una recuperaci\u00f3n m\u00e1s r\u00e1pida de los pacientes<\/strong>. Nuestro equipo de expertos valora la idoneidad del paciente para una cirug\u00eda rob\u00f3tica seg\u00fan su patolog\u00eda y dise\u00f1a una estrategia personalizada aprovechando las ventajas que ofrece esta tecnolog\u00eda.<\/p>\t\t\t\t\t\t\t\t<\/div>\n\t\t\t\t<\/div>\n\t\t\t\t<div class=\"elementor-element elementor-element-24c30e1 color-scheme-inherit text-left elementor-widget elementor-widget-text-editor\" data-id=\"24c30e1\" data-element_type=\"widget\" data-e-type=\"widget\" data-widget_type=\"text-editor.default\">\n\t\t\t\t<div class=\"elementor-widget-container\">\n\t\t\t\t\t\t\t\t\t<p>Este sistema quir\u00fargico permite a los cirujanos realizar <strong>operaciones complejas mediante peque\u00f1as incisiones<\/strong> utilizando una consola rob\u00f3tica que controla los instrumentos y una c\u00e1mara de alta definici\u00f3n en 3D. El cirujano, mediante los accionadores de la consola, controla los brazos del robot, que reproducen y ampl\u00edan los movimientos ordenados.<\/p>\t\t\t\t\t\t\t\t<\/div>\n\t\t\t\t<\/div>\n\t\t\t\t<\/div>\n\t\t\t\t\t<\/div>\n\t\t\t\t<\/div>\n\t\t<div class=\"wd-negative-gap elementor-element elementor-element-1d932eb wd-section-stretch-content e-flex e-con-boxed e-con e-parent\" data-id=\"1d932eb\" data-element_type=\"container\" data-e-type=\"container\">\n\t\t\t\t\t<div class=\"e-con-inner\">\n\t\t<div class=\"elementor-element elementor-element-ac92dd7 e-con-full e-flex e-con e-child\" data-id=\"ac92dd7\" data-element_type=\"container\" data-e-type=\"container\" data-settings=\"{&quot;background_background&quot;:&quot;video&quot;,&quot;background_video_link&quot;:&quot;https:\\\/\\\/www.youtube.com\\\/watch?v=dPDqTjDPBXY&quot;,&quot;background_play_on_mobile&quot;:&quot;yes&quot;}\">\n\t\t<div class=\"elementor-background-video-container\">\n\t\t\t\t\t\t\t<div class=\"elementor-background-video-embed\" role=\"presentation\"><\/div>\n\t\t\t\t\t\t<\/div>\t\t<\/div>\n\t\t<div class=\"elementor-element elementor-element-e0ccd3f e-con-full e-flex e-con e-child\" data-id=\"e0ccd3f\" data-element_type=\"container\" data-e-type=\"container\">\n\t\t<div class=\"elementor-element elementor-element-2d9dbd4 e-con-full e-flex e-con e-child\" data-id=\"2d9dbd4\" data-element_type=\"container\" data-e-type=\"container\">\n\t\t\t\t<div class=\"elementor-element elementor-element-99f8505 color-scheme-inherit text-left elementor-widget elementor-widget-text-editor\" data-id=\"99f8505\" data-element_type=\"widget\" data-e-type=\"widget\" data-widget_type=\"text-editor.default\">\n\t\t\t\t<div class=\"elementor-widget-container\">\n\t\t\t\t\t\t\t\t\t<p>Se trata de una t\u00e9cnica que supone un <strong>gran valor a\u00f1adido para los pacientes<\/strong>:<\/p><ul><li>Reducci\u00f3n del dolor y del riesgo de infecci\u00f3n.<\/li><li>Menos sangrado y menor riesgo de complicaciones en la intervenci\u00f3n.<\/li><li>Cicatrices m\u00e1s peque\u00f1as.<\/li><li>Menos tiempo de recuperaci\u00f3n y menos d\u00edas de estancia en el hospital.<\/li><li>Mejores resultados cl\u00ednicos en general.<\/li><\/ul>\t\t\t\t\t\t\t\t<\/div>\n\t\t\t\t<\/div>\n\t\t\t\t<div class=\"elementor-element elementor-element-cfccc4b color-scheme-inherit text-left elementor-widget elementor-widget-text-editor\" data-id=\"cfccc4b\" data-element_type=\"widget\" data-e-type=\"widget\" data-widget_type=\"text-editor.default\">\n\t\t\t\t<div class=\"elementor-widget-container\">\n\t\t\t\t\t\t\t\t\t<p>Cabe destacar que diversos estudios han demostrado que las intervenciones quir\u00fargicas con la cirug\u00eda rob\u00f3tica Da Vinci conllevan una reducci\u00f3n del riesgo de transfusi\u00f3n de sangre del 70%, una disminuci\u00f3n de la tasa de complicaciones postoperatorias de entre el 30 y el 40% y una <strong>estancia hospitalaria de entre 1 y 2 d\u00edas menos que con las t\u00e9cnicas convencionales<\/strong>.<\/p>\t\t\t\t\t\t\t\t<\/div>\n\t\t\t\t<\/div>\n\t\t\t\t<\/div>\n\t\t\t\t<\/div>\n\t\t\t\t\t<\/div>\n\t\t\t\t<\/div>\n\t\t<div class=\"wd-negative-gap elementor-element elementor-element-55f3dca wd-section-stretch-content e-flex e-con-boxed e-con e-parent\" data-id=\"55f3dca\" data-element_type=\"container\" data-e-type=\"container\">\n\t\t\t\t\t<div class=\"e-con-inner\">\n\t\t<div class=\"elementor-element elementor-element-7f55abd e-con-full e-flex e-con e-child\" data-id=\"7f55abd\" data-element_type=\"container\" data-e-type=\"container\">\n\t\t<div class=\"elementor-element elementor-element-b01108d e-con-full e-flex e-con e-child\" data-id=\"b01108d\" data-element_type=\"container\" data-e-type=\"container\">\n\t\t\t\t<div class=\"elementor-element elementor-element-441a23d color-scheme-inherit text-left elementor-widget elementor-widget-text-editor\" data-id=\"441a23d\" data-element_type=\"widget\" data-e-type=\"widget\" data-widget_type=\"text-editor.default\">\n\t\t\t\t<div class=\"elementor-widget-container\">\n\t\t\t\t\t\t\t\t\t<p>Esta t\u00e9cnica se utiliza en un total de <strong>m\u00e1s de 100 procedimientos<\/strong> corresponden a estas especialidades:<\/p><p>Cirug\u00eda urol\u00f3gica.<br \/>Cirug\u00eda ginecol\u00f3gica.<br \/>Cirug\u00eda general.<br \/>Cirug\u00eda bari\u00e1trica.<br \/>Cirug\u00eda de cabeza y cuello.<br \/>Cirug\u00eda tor\u00e1cica.<br \/>Cirug\u00eda pedi\u00e1trica.<\/p>\t\t\t\t\t\t\t\t<\/div>\n\t\t\t\t<\/div>\n\t\t\t\t<\/div>\n\t\t\t\t<\/div>\n\t\t<div class=\"elementor-element elementor-element-e33a82f e-con-full e-flex e-con e-child\" data-id=\"e33a82f\" data-element_type=\"container\" data-e-type=\"container\" data-settings=\"{&quot;background_background&quot;:&quot;classic&quot;}\">\n\t\t\t\t<\/div>\n\t\t\t\t\t<\/div>\n\t\t\t\t<\/div>\n\t\t<div class=\"wd-negative-gap elementor-element elementor-element-d5e2585 wd-section-stretch-content e-flex e-con-boxed e-con e-parent\" data-id=\"d5e2585\" data-element_type=\"container\" data-e-type=\"container\">\n\t\t\t\t\t<div class=\"e-con-inner\">\n\t\t<div class=\"elementor-element elementor-element-7990546 e-con-full e-flex e-con e-child\" data-id=\"7990546\" data-element_type=\"container\" data-e-type=\"container\" data-settings=\"{&quot;background_background&quot;:&quot;classic&quot;}\">\n\t\t\t\t<\/div>\n\t\t<div class=\"elementor-element elementor-element-decec66 e-con-full e-flex e-con e-child\" data-id=\"decec66\" data-element_type=\"container\" data-e-type=\"container\">\n\t\t<div class=\"elementor-element elementor-element-0b01e1f e-con-full e-flex e-con e-child\" data-id=\"0b01e1f\" data-element_type=\"container\" data-e-type=\"container\">\n\t\t\t\t<div class=\"elementor-element elementor-element-4776da3 color-scheme-inherit text-left elementor-widget elementor-widget-text-editor\" data-id=\"4776da3\" data-element_type=\"widget\" data-e-type=\"widget\" data-widget_type=\"text-editor.default\">\n\t\t\t\t<div class=\"elementor-widget-container\">\n\t\t\t\t\t\t\t\t\t<p>En este sentido, <strong>la plataforma potencia y aumenta las habilidades del cirujano<\/strong>, reduciendo el posible temblor y perfeccionando todos los movimientos, pero no los sustituye, no se puede programar y necesita siempre una orden directa del cirujano para realizar las maniobras quir\u00fargicas.<\/p><p>La plataforma incluye un sistema de comunicaci\u00f3n integrado entre la consola y el carro del paciente, con micr\u00f3fonos y altavoces, que facilita que el cirujano est\u00e9 en contacto con su equipo sin tener que retirar la cabeza del visor. <strong>La consola se puede adaptar a las caracter\u00edsticas f\u00edsicas de cada cirujano.<\/strong>, generando una posici\u00f3n m\u00e1s c\u00f3moda durante la operaci\u00f3n para minimizar la fatiga.<\/p><p>Cl\u00ednica Girona apuesta con esta plataforma por la <strong>innovaci\u00f3n tecnol\u00f3gica<\/strong>, excelencia asistencial, mejora continua de la experiencia del paciente y atracci\u00f3n del talento m\u00e9dico presente en nuestro territorio.\u00a0 \u00a0<\/p>\t\t\t\t\t\t\t\t<\/div>\n\t\t\t\t<\/div>\n\t\t\t\t<\/div>\n\t\t\t\t<\/div>\n\t\t\t\t\t<\/div>\n\t\t\t\t<\/div>\n\t\t\t\t<\/div>","protected":false},"excerpt":{"rendered":"<p>Cirurgia rob\u00f2tica Cl\u00ednica Girona disposa d\u2019un sistema rob\u00f2tic Da Vinci que permet realitzar procediments quir\u00fargics m\u00ednimament invasius amb gran precisi\u00f3<\/p>","protected":false},"author":1,"featured_media":37037,"parent":0,"menu_order":0,"comment_status":"closed","ping_status":"closed","template":"","meta":{"footnotes":""},"class_list":["post-37035","page","type-page","status-publish","has-post-thumbnail","hentry"],"yoast_head":"<!-- This site is optimized with the Yoast SEO plugin v27.4 - https:\/\/yoast.com\/product\/yoast-seo-wordpress\/ -->\n<title>Cirurgia rob\u00f2tica - Cl\u00ednica Girona<\/title>\n<meta name=\"description\" content=\"Cirurgia rob\u00f2tica Da Vinci a Cl\u00ednica Girona: tecnologia de precisi\u00f3 per a una recuperaci\u00f3 r\u00e0pida i menys complicacions. Excel\u00b7l\u00e8ncia en cirurgia avan\u00e7ada.\" \/>\n<meta name=\"robots\" content=\"index, follow, max-snippet:-1, max-image-preview:large, max-video-preview:-1\" \/>\n<link rel=\"canonical\" href=\"https:\/\/clinicagirona.cat\/es\/cirugia-robotica\/\" \/>\n<meta property=\"og:locale\" content=\"es_ES\" \/>\n<meta property=\"og:type\" content=\"article\" \/>\n<meta property=\"og:title\" content=\"Cirurgia rob\u00f2tica - Cl\u00ednica Girona\" \/>\n<meta property=\"og:description\" content=\"Cirurgia rob\u00f2tica Da Vinci a Cl\u00ednica Girona: tecnologia de precisi\u00f3 per a una recuperaci\u00f3 r\u00e0pida i menys complicacions. Excel\u00b7l\u00e8ncia en cirurgia avan\u00e7ada.\" \/>\n<meta property=\"og:url\" content=\"https:\/\/clinicagirona.cat\/es\/cirugia-robotica\/\" \/>\n<meta property=\"og:site_name\" content=\"Cl\u00ednica Girona\" \/>\n<meta property=\"article:publisher\" content=\"http:\/\/www.facebook.com\/clinicagirona\" \/>\n<meta property=\"article:modified_time\" content=\"2026-03-19T12:21:01+00:00\" \/>\n<meta property=\"og:image\" content=\"https:\/\/clinicagirona.cat\/wp-content\/uploads\/2026\/02\/Cirurgia-robotica-banner.jpg\" \/>\n\t<meta property=\"og:image:width\" content=\"900\" \/>\n\t<meta property=\"og:image:height\" content=\"600\" \/>\n\t<meta property=\"og:image:type\" content=\"image\/jpeg\" \/>\n<meta name=\"twitter:card\" content=\"summary_large_image\" \/>\n<meta name=\"twitter:label1\" content=\"Tiempo de lectura\" \/>\n\t<meta name=\"twitter:data1\" content=\"3 minutos\" \/>\n<script type=\"application\/ld+json\" class=\"yoast-schema-graph\">{\"@context\":\"https:\\\/\\\/schema.org\",\"@graph\":[{\"@type\":\"WebPage\",\"@id\":\"https:\\\/\\\/clinicagirona.cat\\\/cirurgia-robotica\\\/\",\"url\":\"https:\\\/\\\/clinicagirona.cat\\\/cirurgia-robotica\\\/\",\"name\":\"Cirurgia rob\u00f2tica - Cl\u00ednica Girona\",\"isPartOf\":{\"@id\":\"https:\\\/\\\/clinicagirona.cat\\\/#website\"},\"primaryImageOfPage\":{\"@id\":\"https:\\\/\\\/clinicagirona.cat\\\/cirurgia-robotica\\\/#primaryimage\"},\"image\":{\"@id\":\"https:\\\/\\\/clinicagirona.cat\\\/cirurgia-robotica\\\/#primaryimage\"},\"thumbnailUrl\":\"https:\\\/\\\/clinicagirona.cat\\\/wp-content\\\/uploads\\\/2026\\\/02\\\/Cirurgia-robotica-banner.jpg\",\"datePublished\":\"2026-02-16T09:59:29+00:00\",\"dateModified\":\"2026-03-19T12:21:01+00:00\",\"description\":\"Cirurgia rob\u00f2tica Da Vinci a Cl\u00ednica Girona: tecnologia de precisi\u00f3 per a una recuperaci\u00f3 r\u00e0pida i menys complicacions. Excel\u00b7l\u00e8ncia en cirurgia avan\u00e7ada.\",\"breadcrumb\":{\"@id\":\"https:\\\/\\\/clinicagirona.cat\\\/cirurgia-robotica\\\/#breadcrumb\"},\"inLanguage\":\"es\",\"potentialAction\":[{\"@type\":\"ReadAction\",\"target\":[\"https:\\\/\\\/clinicagirona.cat\\\/cirurgia-robotica\\\/\"]}]},{\"@type\":\"ImageObject\",\"inLanguage\":\"es\",\"@id\":\"https:\\\/\\\/clinicagirona.cat\\\/cirurgia-robotica\\\/#primaryimage\",\"url\":\"https:\\\/\\\/clinicagirona.cat\\\/wp-content\\\/uploads\\\/2026\\\/02\\\/Cirurgia-robotica-banner.jpg\",\"contentUrl\":\"https:\\\/\\\/clinicagirona.cat\\\/wp-content\\\/uploads\\\/2026\\\/02\\\/Cirurgia-robotica-banner.jpg\",\"width\":900,\"height\":600,\"caption\":\"Da Vinci Cirurgia rob\u00f2tica\"},{\"@type\":\"BreadcrumbList\",\"@id\":\"https:\\\/\\\/clinicagirona.cat\\\/cirurgia-robotica\\\/#breadcrumb\",\"itemListElement\":[{\"@type\":\"ListItem\",\"position\":1,\"name\":\"Inici\",\"item\":\"https:\\\/\\\/clinicagirona.cat\\\/\"},{\"@type\":\"ListItem\",\"position\":2,\"name\":\"Cirurgia rob\u00f2tica\"}]},{\"@type\":\"WebSite\",\"@id\":\"https:\\\/\\\/clinicagirona.cat\\\/#website\",\"url\":\"https:\\\/\\\/clinicagirona.cat\\\/\",\"name\":\"Cl\u00ednica Girona\",\"description\":\"Cuidem la teva salut, et cuidem a tu\",\"publisher\":{\"@id\":\"https:\\\/\\\/clinicagirona.cat\\\/#organization\"},\"potentialAction\":[{\"@type\":\"SearchAction\",\"target\":{\"@type\":\"EntryPoint\",\"urlTemplate\":\"https:\\\/\\\/clinicagirona.cat\\\/?s={search_term_string}\"},\"query-input\":{\"@type\":\"PropertyValueSpecification\",\"valueRequired\":true,\"valueName\":\"search_term_string\"}}],\"inLanguage\":\"es\"},{\"@type\":\"Organization\",\"@id\":\"https:\\\/\\\/clinicagirona.cat\\\/#organization\",\"name\":\"Cl\u00ednica Girona\",\"url\":\"https:\\\/\\\/clinicagirona.cat\\\/\",\"logo\":{\"@type\":\"ImageObject\",\"inLanguage\":\"es\",\"@id\":\"https:\\\/\\\/clinicagirona.cat\\\/#\\\/schema\\\/logo\\\/image\\\/\",\"url\":\"https:\\\/\\\/clinicagirona.cat\\\/wp-content\\\/uploads\\\/2026\\\/04\\\/clinica-girona-logo-quadrat.jpg\",\"contentUrl\":\"https:\\\/\\\/clinicagirona.cat\\\/wp-content\\\/uploads\\\/2026\\\/04\\\/clinica-girona-logo-quadrat.jpg\",\"width\":1000,\"height\":1000,\"caption\":\"Cl\u00ednica Girona\"},\"image\":{\"@id\":\"https:\\\/\\\/clinicagirona.cat\\\/#\\\/schema\\\/logo\\\/image\\\/\"},\"sameAs\":[\"http:\\\/\\\/www.facebook.com\\\/clinicagirona\",\"https:\\\/\\\/www.instagram.com\\\/clinicagirona\\\/\",\"http:\\\/\\\/www.youtube.com\\\/clinicagirona\",\"http:\\\/\\\/www.linkedin.com\\\/in\\\/clnica-girona-130222b6\\\/\"]}]}<\/script>\n<!-- \/ Yoast SEO plugin. -->","yoast_head_json":{"title":"Cirug\u00eda rob\u00f3tica - Cl\u00ednica Girona","description":"Cirug\u00eda rob\u00f3tica Da Vinci en Cl\u00ednica Girona: tecnolog\u00eda de precisi\u00f3n para una recuperaci\u00f3n r\u00e1pida y menos complicaciones. Excelencia en cirug\u00eda avanzada.","robots":{"index":"index","follow":"follow","max-snippet":"max-snippet:-1","max-image-preview":"max-image-preview:large","max-video-preview":"max-video-preview:-1"},"canonical":"https:\/\/clinicagirona.cat\/es\/cirugia-robotica\/","og_locale":"es_ES","og_type":"article","og_title":"Cirurgia rob\u00f2tica - Cl\u00ednica Girona","og_description":"Cirurgia rob\u00f2tica Da Vinci a Cl\u00ednica Girona: tecnologia de precisi\u00f3 per a una recuperaci\u00f3 r\u00e0pida i menys complicacions. Excel\u00b7l\u00e8ncia en cirurgia avan\u00e7ada.","og_url":"https:\/\/clinicagirona.cat\/es\/cirugia-robotica\/","og_site_name":"Cl\u00ednica Girona","article_publisher":"http:\/\/www.facebook.com\/clinicagirona","article_modified_time":"2026-03-19T12:21:01+00:00","og_image":[{"width":900,"height":600,"url":"https:\/\/clinicagirona.cat\/wp-content\/uploads\/2026\/02\/Cirurgia-robotica-banner.jpg","type":"image\/jpeg"}],"twitter_card":"summary_large_image","twitter_misc":{"Tiempo de lectura":"3 minutos"},"schema":{"@context":"https:\/\/schema.org","@graph":[{"@type":"WebPage","@id":"https:\/\/clinicagirona.cat\/cirurgia-robotica\/","url":"https:\/\/clinicagirona.cat\/cirurgia-robotica\/","name":"Cirug\u00eda rob\u00f3tica - Cl\u00ednica Girona","isPartOf":{"@id":"https:\/\/clinicagirona.cat\/#website"},"primaryImageOfPage":{"@id":"https:\/\/clinicagirona.cat\/cirurgia-robotica\/#primaryimage"},"image":{"@id":"https:\/\/clinicagirona.cat\/cirurgia-robotica\/#primaryimage"},"thumbnailUrl":"https:\/\/clinicagirona.cat\/wp-content\/uploads\/2026\/02\/Cirurgia-robotica-banner.jpg","datePublished":"2026-02-16T09:59:29+00:00","dateModified":"2026-03-19T12:21:01+00:00","description":"Cirug\u00eda rob\u00f3tica Da Vinci en Cl\u00ednica Girona: tecnolog\u00eda de precisi\u00f3n para una recuperaci\u00f3n r\u00e1pida y menos complicaciones. Excelencia en cirug\u00eda avanzada.","breadcrumb":{"@id":"https:\/\/clinicagirona.cat\/cirurgia-robotica\/#breadcrumb"},"inLanguage":"es","potentialAction":[{"@type":"ReadAction","target":["https:\/\/clinicagirona.cat\/cirurgia-robotica\/"]}]},{"@type":"ImageObject","inLanguage":"es","@id":"https:\/\/clinicagirona.cat\/cirurgia-robotica\/#primaryimage","url":"https:\/\/clinicagirona.cat\/wp-content\/uploads\/2026\/02\/Cirurgia-robotica-banner.jpg","contentUrl":"https:\/\/clinicagirona.cat\/wp-content\/uploads\/2026\/02\/Cirurgia-robotica-banner.jpg","width":900,"height":600,"caption":"Da Vinci Cirurgia rob\u00f2tica"},{"@type":"BreadcrumbList","@id":"https:\/\/clinicagirona.cat\/cirurgia-robotica\/#breadcrumb","itemListElement":[{"@type":"ListItem","position":1,"name":"Inici","item":"https:\/\/clinicagirona.cat\/"},{"@type":"ListItem","position":2,"name":"Cirurgia rob\u00f2tica"}]},{"@type":"WebSite","@id":"https:\/\/clinicagirona.cat\/#website","url":"https:\/\/clinicagirona.cat\/","name":"Cl\u00ednica Girona","description":"Cuidamos tu salud, te cuidamos a ti","publisher":{"@id":"https:\/\/clinicagirona.cat\/#organization"},"potentialAction":[{"@type":"SearchAction","target":{"@type":"EntryPoint","urlTemplate":"https:\/\/clinicagirona.cat\/?s={search_term_string}"},"query-input":{"@type":"PropertyValueSpecification","valueRequired":true,"valueName":"search_term_string"}}],"inLanguage":"es"},{"@type":"Organization","@id":"https:\/\/clinicagirona.cat\/#organization","name":"Cl\u00ednica Girona","url":"https:\/\/clinicagirona.cat\/","logo":{"@type":"ImageObject","inLanguage":"es","@id":"https:\/\/clinicagirona.cat\/#\/schema\/logo\/image\/","url":"https:\/\/clinicagirona.cat\/wp-content\/uploads\/2026\/04\/clinica-girona-logo-quadrat.jpg","contentUrl":"https:\/\/clinicagirona.cat\/wp-content\/uploads\/2026\/04\/clinica-girona-logo-quadrat.jpg","width":1000,"height":1000,"caption":"Cl\u00ednica Girona"},"image":{"@id":"https:\/\/clinicagirona.cat\/#\/schema\/logo\/image\/"},"sameAs":["http:\/\/www.facebook.com\/clinicagirona","https:\/\/www.instagram.com\/clinicagirona\/","http:\/\/www.youtube.com\/clinicagirona","http:\/\/www.linkedin.com\/in\/clnica-girona-130222b6\/"]}]}},"_links":{"self":[{"href":"https:\/\/clinicagirona.cat\/es\/wp-json\/wp\/v2\/pages\/37035","targetHints":{"allow":["GET"]}}],"collection":[{"href":"https:\/\/clinicagirona.cat\/es\/wp-json\/wp\/v2\/pages"}],"about":[{"href":"https:\/\/clinicagirona.cat\/es\/wp-json\/wp\/v2\/types\/page"}],"author":[{"embeddable":true,"href":"https:\/\/clinicagirona.cat\/es\/wp-json\/wp\/v2\/users\/1"}],"replies":[{"embeddable":true,"href":"https:\/\/clinicagirona.cat\/es\/wp-json\/wp\/v2\/comments?post=37035"}],"version-history":[{"count":76,"href":"https:\/\/clinicagirona.cat\/es\/wp-json\/wp\/v2\/pages\/37035\/revisions"}],"predecessor-version":[{"id":38867,"href":"https:\/\/clinicagirona.cat\/es\/wp-json\/wp\/v2\/pages\/37035\/revisions\/38867"}],"wp:featuredmedia":[{"embeddable":true,"href":"https:\/\/clinicagirona.cat\/es\/wp-json\/wp\/v2\/media\/37037"}],"wp:attachment":[{"href":"https:\/\/clinicagirona.cat\/es\/wp-json\/wp\/v2\/media?parent=37035"}],"curies":[{"name":"wp","href":"https:\/\/api.w.org\/{rel}","templated":true}]}}