{"id":33740,"date":"2025-06-20T13:57:09","date_gmt":"2025-06-20T11:57:09","guid":{"rendered":"https:\/\/clinicagirona.cat\/?post_type=product&#038;p=33740"},"modified":"2026-02-27T13:47:59","modified_gmt":"2026-02-27T12:47:59","slug":"sra-ariadna-mallol-ragolta","status":"publish","type":"product","link":"https:\/\/clinicagirona.cat\/es\/professionals-medics\/sra-ariadna-mallol-ragolta\/","title":{"rendered":"Sra. Ariadna Mallol Ragolta"},"content":{"rendered":"<div data-elementor-type=\"wp-post\" data-elementor-id=\"33740\" class=\"elementor elementor-33740\">\n\t\t\t\t<div class=\"elementor-element elementor-element-360ae12 e-con-full e-flex e-con e-child\" data-id=\"360ae12\" data-element_type=\"container\" data-e-type=\"container\">\n\t\t<div class=\"elementor-element elementor-element-919e078 e-con-full e-flex e-con e-child\" data-id=\"919e078\" data-element_type=\"container\" data-e-type=\"container\">\n\t\t<div class=\"elementor-element elementor-element-ad831e6 e-con-full e-flex e-con e-child\" data-id=\"ad831e6\" data-element_type=\"container\" data-e-type=\"container\">\n\t\t\t\t<div class=\"elementor-element elementor-element-b8aff74 elementor-widget elementor-widget-wd_button\" data-id=\"b8aff74\" data-element_type=\"widget\" data-e-type=\"widget\" data-widget_type=\"wd_button.default\">\n\t\t\t\t<div class=\"elementor-widget-container\">\n\t\t\t\t\t\t\t<div class=\"wd-button-wrapper text-center\" >\n\t\t\t<a class=\"btn btn-style-default btn-shape-rectangle btn-size-default btn-color-primary btn-full-width btn-icon-pos-left\"  href=\"tel:972224099\">\n\t\t\t\t<span class=\"wd-btn-text\" data-elementor-setting-key=\"text\">\n\t\t\t\t\tSolicitar cita telef\u00f3nica\t\t\t\t<\/span>\n\n\t\t\t\t\t\t\t\t\t<span class=\"wd-btn-icon\">\n\t\t\t\t\t\t<svg class=\"wd-icon e-font-icon-svg e-fas-mobile-alt\" viewbox=\"0 0 320 512\" xmlns=\"http:\/\/www.w3.org\/2000\/svg\"><path d=\"M272 0H48C21.5 0 0 21.5 0 48v416c0 26.5 21.5 48 48 48h224c26.5 0 48-21.5 48-48V48c0-26.5-21.5-48-48-48zM160 480c-17.7 0-32-14.3-32-32s14.3-32 32-32 32 14.3 32 32-14.3 32-32 32zm112-108c0 6.6-5.4 12-12 12H60c-6.6 0-12-5.4-12-12V60c0-6.6 5.4-12 12-12h200c6.6 0 12 5.4 12 12v312z\"><\/path><\/svg>\t\t\t\t\t<\/span>\n\t\t\t\t\t\t\t<\/a>\n\t\t<\/div>\n\t\t\t\t\t\t<\/div>\n\t\t\t\t<\/div>\n\t\t\t\t<\/div>\n\t\t<div class=\"elementor-element elementor-element-1034dc1 e-con-full e-flex e-con e-child\" data-id=\"1034dc1\" data-element_type=\"container\" data-e-type=\"container\">\n\t\t\t\t<div class=\"elementor-element elementor-element-33cbe48 elementor-widget elementor-widget-wd_button\" data-id=\"33cbe48\" data-element_type=\"widget\" data-e-type=\"widget\" data-widget_type=\"wd_button.default\">\n\t\t\t\t<div class=\"elementor-widget-container\">\n\t\t\t\t\t\t\t<div class=\"wd-button-wrapper text-center\" >\n\t\t\t<a class=\"btn btn-style-default btn-shape-rectangle btn-size-default btn-color-primary btn-full-width btn-icon-pos-left\"  href=\"https:\/\/clinicagirona.cat\/es\/contacto\/\" target=\"_blank\">\n\t\t\t\t<span class=\"wd-btn-text\" data-elementor-setting-key=\"text\">\n\t\t\t\t\tFormulario de contacto\t\t\t\t<\/span>\n\n\t\t\t\t\t\t\t\t\t<span class=\"wd-btn-icon\">\n\t\t\t\t\t\t<svg class=\"wd-icon e-font-icon-svg e-far-envelope\" viewbox=\"0 0 512 512\" xmlns=\"http:\/\/www.w3.org\/2000\/svg\"><path d=\"M464 64H48C21.49 64 0 85.49 0 112v288c0 26.51 21.49 48 48 48h416c26.51 0 48-21.49 48-48V112c0-26.51-21.49-48-48-48zm0 48v40.805c-22.422 18.259-58.168 46.651-134.587 106.49-16.841 13.247-50.201 45.072-73.413 44.701-23.208.375-56.579-31.459-73.413-44.701C106.18 199.465 70.425 171.067 48 152.805V112h416zM48 400V214.398c22.914 18.251 55.409 43.862 104.938 82.646 21.857 17.205 60.134 55.186 103.062 54.955 42.717.231 80.509-37.199 103.053-54.947 49.528-38.783 82.032-64.401 104.947-82.653V400H48z\"><\/path><\/svg>\t\t\t\t\t<\/span>\n\t\t\t\t\t\t\t<\/a>\n\t\t<\/div>\n\t\t\t\t\t\t<\/div>\n\t\t\t\t<\/div>\n\t\t\t\t<\/div>\n\t\t\t\t<\/div>\n\t\t\t\t<\/div>\n\t\t<div class=\"wd-negative-gap elementor-element elementor-element-a1b74cc e-flex e-con-boxed e-con e-parent\" data-id=\"a1b74cc\" data-element_type=\"container\" data-e-type=\"container\">\n\t\t\t\t\t<div class=\"e-con-inner\">\n\t\t\t\t<div class=\"elementor-element elementor-element-68d9a96 elementor-widget elementor-widget-n-accordion\" data-id=\"68d9a96\" data-element_type=\"widget\" data-e-type=\"widget\" data-settings=\"{&quot;default_state&quot;:&quot;all_collapsed&quot;,&quot;max_items_expended&quot;:&quot;one&quot;,&quot;n_accordion_animation_duration&quot;:{&quot;unit&quot;:&quot;ms&quot;,&quot;size&quot;:400,&quot;sizes&quot;:[]}}\" data-widget_type=\"nested-accordion.default\">\n\t\t\t\t<div class=\"elementor-widget-container\">\n\t\t\t\t\t\t\t<div class=\"e-n-accordion\" aria-label=\"\u00bfCl\u00ednica Girona es accesible para personas con movilidad reducida?\">\n\t\t\t\t\t\t<details id=\"e-n-accordion-item-1090\" class=\"e-n-accordion-item\" >\n\t\t\t\t<summary class=\"e-n-accordion-item-title\" data-accordion-index=\"1\" tabindex=\"0\" aria-expanded=\"false\" aria-controls=\"e-n-accordion-item-1090\" >\n\t\t\t\t\t<span class='e-n-accordion-item-title-header'><div class=\"e-n-accordion-item-title-text\"> Formaci\u00f3n sanitaria <\/div><\/span>\n\t\t\t\t\t\t\t<span class='e-n-accordion-item-title-icon'>\n\t\t\t<span class='e-opened' ><svg aria-hidden=\"true\" class=\"e-font-icon-svg e-fas-minus\" viewbox=\"0 0 448 512\" xmlns=\"http:\/\/www.w3.org\/2000\/svg\"><path d=\"M416 208H32c-17.67 0-32 14.33-32 32v32c0 17.67 14.33 32 32 32h384c17.67 0 32-14.33 32-32v-32c0-17.67-14.33-32-32-32z\"><\/path><\/svg><\/span>\n\t\t\t<span class='e-closed'><svg aria-hidden=\"true\" class=\"e-font-icon-svg e-fas-plus\" viewbox=\"0 0 448 512\" xmlns=\"http:\/\/www.w3.org\/2000\/svg\"><path d=\"M416 208H272V64c0-17.67-14.33-32-32-32h-32c-17.67 0-32 14.33-32 32v144H32c-17.67 0-32 14.33-32 32v32c0 17.67 14.33 32 32 32h144v144c0 17.67 14.33 32 32 32h32c17.67 0 32-14.33 32-32V304h144c17.67 0 32-14.33 32-32v-32c0-17.67-14.33-32-32-32z\"><\/path><\/svg><\/span>\n\t\t<\/span>\n\n\t\t\t\t\t\t<\/summary>\n\t\t\t\t<div role=\"region\" aria-labelledby=\"e-n-accordion-item-1090\" class=\"elementor-element elementor-element-99c2b0a e-con-full e-flex e-con e-child\" data-id=\"99c2b0a\" data-element_type=\"container\" data-e-type=\"container\">\n\t\t\t\t<div class=\"elementor-element elementor-element-e326f82 elementor-widget elementor-widget-wd_text_block\" data-id=\"e326f82\" data-element_type=\"widget\" data-e-type=\"widget\" data-widget_type=\"wd_text_block.default\">\n\t\t\t\t<div class=\"elementor-widget-container\">\n\t\t\t\t\t\t\t<div class=\"wd-text-block reset-last-child text-left\">\n\t\t\t\n\t\t\t<ul><li>2025: Curso Ecograf\u00eda en el Paciente con Obesidad Eco-Nutricional.&nbsp;<strong>Col\u00b7legi de Dietistes i Nutricionistes de Catalunya.<\/strong><\/li><li>2025: Curso Nutrici\u00f3n Oncol\u00f3gica en C\u00e1ncer de Mama, Gastrointestinal y Ginecol\u00f3gico.&nbsp;<strong>Colegio de Dietistas-Nutricionistas de la Comunidad Valenciana.<\/strong><\/li><li>2024: Curso de Promoci\u00f3n de la Salud en el Abordaje de la Enfermedad Renal Cr\u00f3nica.&nbsp;<strong>Col\u00b7legi de Dietistes i Nutricionistes de Catalunya.<\/strong><\/li><li>2024: Curso Mejora de la Alimentaci\u00f3n en personas con Disfagia orofar\u00edngea (DO), actuaciones de los profesionales sanitarios.&nbsp;<strong>Col\u00b7legi de Dietistes i Nutricionistes de Catalunya.<\/strong><\/li><li>2024: Curso Nutrici\u00f3n y Diet\u00e9tica aplicada en personas con diabetes.&nbsp;<strong>Col\u00b7legi de Dietistes i Nutricionistes de Catalunya.<\/strong><\/li><li>2024: Jornada Multidisciplinar sobre Obesidad y Cirug\u00eda Bari\u00e1trica: Aspectos Nutricionales.&nbsp;<strong>Hospital Cl\u00ednic de Barcelona.<\/strong><\/li><li>2024: IV Jornada sobre Nutrici\u00f3n y C\u00e1ncer. \u201cDe la Investigaci\u00f3n b\u00e1sica a la Cl\u00ednica: tejiendo puentes\u201d.&nbsp;<strong>Institut Catal\u00e0 d\u2019Oncologia-ICO.<\/strong><\/li><li>2024: Curso Tratamiento Diet\u00e9tico-Nutricional en TCA y Obesidad.&nbsp;<strong>Academia Aleris<\/strong>.<\/li><li>2023: XVIII Simposio de Nutrici\u00f3n en Enfermedad Renal Cr\u00f3nica. Un abordaje integral adaptado.&nbsp;<strong>Hospital Universitario de La Princesa.<\/strong><\/li><li>2023: Curso Acompa\u00f1ar la Lactancia Materna como Dietista-Nutricionista.&nbsp;<strong>Col\u00b7legi de Dietistes i Nutricionistes de Catalunya.<\/strong><\/li><li>2023: Curso Actualizaci\u00f3n Enfermedad Renal Cr\u00f3nica.&nbsp;<strong>Col\u00b7legi de Dietistes i Nutricionistes de Catalunya.<\/strong><\/li><li>2023: Curso Experto en Salud Femenina y Fertilidad.&nbsp;<strong>Experta en Nutrici\u00f3.<\/strong><\/li><li>2022: XVII Simposio de Nutrici\u00f3n en Enfermedad Renal Cr\u00f3nica. Un abordaje integral adaptado.&nbsp;<strong>Hospital Universitario de La Princesa.<\/strong><\/li><li>2022: Especializaci\u00f3n en Patolog\u00eda Renal.&nbsp;<strong>Norte Salud Nutrici\u00f3n.<\/strong><\/li><li>2022: Resoluci\u00f3n de Casos Pr\u00e1cticos: Paciente Renal.&nbsp;<strong>Academia Aleris.<\/strong><\/li><li>2022: Curso Experto en Patolog\u00edas Digestivas Presencial.&nbsp;<strong>Experta en Nutrici\u00f3n.<\/strong><\/li><li>2022: Posgrado en Nutrici\u00f3n y Salud Hormonal de la Mujer.&nbsp;<strong>ICNS.<\/strong><\/li><li>2021: Grado en Nutrici\u00f3n Humana y Diet\u00e9tica.&nbsp;<strong>Universitat de Barcelona.<\/strong><\/li><\/ul>\n\t\t\t\t\t<\/div>\n\t\t\t\t\t\t<\/div>\n\t\t\t\t<\/div>\n\t\t\t\t<\/div>\n\t\t\t\t\t<\/details>\n\t\t\t\t\t<\/div>\n\t\t\t\t\t\t<\/div>\n\t\t\t\t<\/div>\n\t\t\t\t\t<\/div>\n\t\t\t\t<\/div>\n\t\t\t\t<\/div>","protected":false},"excerpt":{"rendered":"<h3 style=\"margin-bottom: 0px;\"><strong>Nutrici\u00f3n<\/strong><\/h3>\n<p><span style=\"color: #3369a4;\">Primera Planta \/ M\u00f3dulo B \u2013 972 224 099<\/span><\/p>\n<p>La se\u00f1ora Ariadna Mallol Ragolta es graduada en Nutrici\u00f3n Humana y Diet\u00e9tica por la Universitat de Barcelona. Est\u00e1 especializada en nutrici\u00f3n digestiva, renal y en nutrici\u00f3n y salud hormonal femenina. Es nutricionista del servicio de di\u00e1lisis de Cl\u00ednica Girona, especializada en Nutrici\u00f3n en obesidad y enfermedad metab\u00f3lica, Nutrici\u00f3n digestiva, Nutrici\u00f3n renal y Nutrici\u00f3n y salud hormonal femenina.<\/p>\n<p>Sitio web: <span style=\"text-decoration: underline;\"><a href=\"https:\/\/www.somnutricionista.com\" target=\"_blank\" rel=\"noopener\">www.somnutricionista.com<\/a><\/span><\/p>","protected":false},"featured_media":36208,"comment_status":"open","ping_status":"closed","template":"","meta":[],"product_brand":[],"product_cat":[156],"product_tag":[],"class_list":{"0":"post-33740","1":"product","2":"type-product","3":"status-publish","4":"has-post-thumbnail","6":"product_cat-nutricio","8":"first","9":"instock","10":"shipping-taxable","11":"product-type-simple"},"yoast_head":"<!-- This site is optimized with the Yoast SEO plugin v27.4 - https:\/\/yoast.com\/product\/yoast-seo-wordpress\/ -->\n<title>Sra. Ariadna Mallol Ragolta - Cl\u00ednica Girona<\/title>\n<meta name=\"description\" content=\"Graduada en Nutrici\u00f3 Humana i Diet\u00e8tica per la Universitat de Barcelona. Especialitzada en nutrici\u00f3 digestiva, renal i en nutrici\u00f3 i salut hormonal femenina.\" \/>\n<meta name=\"robots\" content=\"index, follow, max-snippet:-1, max-image-preview:large, max-video-preview:-1\" \/>\n<link rel=\"canonical\" href=\"https:\/\/clinicagirona.cat\/es\/profesionales-medicos\/sra-ariadna-mallol-ragolta\/\" \/>\n<meta property=\"og:locale\" content=\"es_ES\" \/>\n<meta property=\"og:type\" content=\"article\" \/>\n<meta property=\"og:title\" content=\"Sra. Ariadna Mallol Ragolta - Cl\u00ednica Girona\" \/>\n<meta property=\"og:description\" content=\"Graduada en Nutrici\u00f3 Humana i Diet\u00e8tica per la Universitat de Barcelona. Especialitzada en nutrici\u00f3 digestiva, renal i en nutrici\u00f3 i salut hormonal femenina.\" \/>\n<meta property=\"og:url\" content=\"https:\/\/clinicagirona.cat\/es\/profesionales-medicos\/sra-ariadna-mallol-ragolta\/\" \/>\n<meta property=\"og:site_name\" content=\"Cl\u00ednica Girona\" \/>\n<meta property=\"article:publisher\" content=\"http:\/\/www.facebook.com\/clinicagirona\" \/>\n<meta property=\"article:modified_time\" content=\"2026-02-27T12:47:59+00:00\" \/>\n<meta property=\"og:image\" content=\"https:\/\/clinicagirona.cat\/wp-content\/uploads\/2025\/06\/Sra.-Ariadna-Mallol-Ragolta.jpg\" \/>\n\t<meta property=\"og:image:width\" content=\"900\" \/>\n\t<meta property=\"og:image:height\" content=\"1350\" \/>\n\t<meta property=\"og:image:type\" content=\"image\/jpeg\" \/>\n<meta name=\"twitter:card\" content=\"summary_large_image\" \/>\n<meta name=\"twitter:label1\" content=\"Tiempo de lectura\" \/>\n\t<meta name=\"twitter:data1\" content=\"3 minutos\" \/>\n<script type=\"application\/ld+json\" class=\"yoast-schema-graph\">{\"@context\":\"https:\\\/\\\/schema.org\",\"@graph\":[{\"@type\":\"WebPage\",\"@id\":\"https:\\\/\\\/clinicagirona.cat\\\/professionals-medics\\\/sra-ariadna-mallol-ragolta\\\/\",\"url\":\"https:\\\/\\\/clinicagirona.cat\\\/professionals-medics\\\/sra-ariadna-mallol-ragolta\\\/\",\"name\":\"Sra. Ariadna Mallol Ragolta - Cl\u00ednica Girona\",\"isPartOf\":{\"@id\":\"https:\\\/\\\/clinicagirona.cat\\\/#website\"},\"primaryImageOfPage\":{\"@id\":\"https:\\\/\\\/clinicagirona.cat\\\/professionals-medics\\\/sra-ariadna-mallol-ragolta\\\/#primaryimage\"},\"image\":{\"@id\":\"https:\\\/\\\/clinicagirona.cat\\\/professionals-medics\\\/sra-ariadna-mallol-ragolta\\\/#primaryimage\"},\"thumbnailUrl\":\"https:\\\/\\\/clinicagirona.cat\\\/wp-content\\\/uploads\\\/2025\\\/06\\\/Sra.-Ariadna-Mallol-Ragolta.jpg\",\"datePublished\":\"2025-06-20T11:57:09+00:00\",\"dateModified\":\"2026-02-27T12:47:59+00:00\",\"description\":\"Graduada en Nutrici\u00f3 Humana i Diet\u00e8tica per la Universitat de Barcelona. Especialitzada en nutrici\u00f3 digestiva, renal i en nutrici\u00f3 i salut hormonal femenina.\",\"breadcrumb\":{\"@id\":\"https:\\\/\\\/clinicagirona.cat\\\/professionals-medics\\\/sra-ariadna-mallol-ragolta\\\/#breadcrumb\"},\"inLanguage\":\"es\",\"potentialAction\":[{\"@type\":\"ReadAction\",\"target\":[\"https:\\\/\\\/clinicagirona.cat\\\/professionals-medics\\\/sra-ariadna-mallol-ragolta\\\/\"]}]},{\"@type\":\"ImageObject\",\"inLanguage\":\"es\",\"@id\":\"https:\\\/\\\/clinicagirona.cat\\\/professionals-medics\\\/sra-ariadna-mallol-ragolta\\\/#primaryimage\",\"url\":\"https:\\\/\\\/clinicagirona.cat\\\/wp-content\\\/uploads\\\/2025\\\/06\\\/Sra.-Ariadna-Mallol-Ragolta.jpg\",\"contentUrl\":\"https:\\\/\\\/clinicagirona.cat\\\/wp-content\\\/uploads\\\/2025\\\/06\\\/Sra.-Ariadna-Mallol-Ragolta.jpg\",\"width\":900,\"height\":1350,\"caption\":\"Sra. Ariadna Mallol Ragolta\"},{\"@type\":\"BreadcrumbList\",\"@id\":\"https:\\\/\\\/clinicagirona.cat\\\/professionals-medics\\\/sra-ariadna-mallol-ragolta\\\/#breadcrumb\",\"itemListElement\":[{\"@type\":\"ListItem\",\"position\":1,\"name\":\"Inici\",\"item\":\"https:\\\/\\\/clinicagirona.cat\\\/\"},{\"@type\":\"ListItem\",\"position\":2,\"name\":\"Facultatius\",\"item\":\"https:\\\/\\\/clinicagirona.cat\\\/facultatius\\\/\"},{\"@type\":\"ListItem\",\"position\":3,\"name\":\"Sra. Ariadna Mallol Ragolta\"}]},{\"@type\":\"WebSite\",\"@id\":\"https:\\\/\\\/clinicagirona.cat\\\/#website\",\"url\":\"https:\\\/\\\/clinicagirona.cat\\\/\",\"name\":\"Cl\u00ednica Girona\",\"description\":\"Cuidem la teva salut, et cuidem a tu\",\"publisher\":{\"@id\":\"https:\\\/\\\/clinicagirona.cat\\\/#organization\"},\"potentialAction\":[{\"@type\":\"SearchAction\",\"target\":{\"@type\":\"EntryPoint\",\"urlTemplate\":\"https:\\\/\\\/clinicagirona.cat\\\/?s={search_term_string}\"},\"query-input\":{\"@type\":\"PropertyValueSpecification\",\"valueRequired\":true,\"valueName\":\"search_term_string\"}}],\"inLanguage\":\"es\"},{\"@type\":\"Organization\",\"@id\":\"https:\\\/\\\/clinicagirona.cat\\\/#organization\",\"name\":\"Cl\u00ednica Girona\",\"url\":\"https:\\\/\\\/clinicagirona.cat\\\/\",\"logo\":{\"@type\":\"ImageObject\",\"inLanguage\":\"es\",\"@id\":\"https:\\\/\\\/clinicagirona.cat\\\/#\\\/schema\\\/logo\\\/image\\\/\",\"url\":\"https:\\\/\\\/clinicagirona.cat\\\/wp-content\\\/uploads\\\/2026\\\/04\\\/clinica-girona-logo-quadrat.jpg\",\"contentUrl\":\"https:\\\/\\\/clinicagirona.cat\\\/wp-content\\\/uploads\\\/2026\\\/04\\\/clinica-girona-logo-quadrat.jpg\",\"width\":1000,\"height\":1000,\"caption\":\"Cl\u00ednica Girona\"},\"image\":{\"@id\":\"https:\\\/\\\/clinicagirona.cat\\\/#\\\/schema\\\/logo\\\/image\\\/\"},\"sameAs\":[\"http:\\\/\\\/www.facebook.com\\\/clinicagirona\",\"https:\\\/\\\/www.instagram.com\\\/clinicagirona\\\/\",\"http:\\\/\\\/www.youtube.com\\\/clinicagirona\",\"http:\\\/\\\/www.linkedin.com\\\/in\\\/clnica-girona-130222b6\\\/\"]}]}<\/script>\n<!-- \/ Yoast SEO plugin. -->","yoast_head_json":{"title":"S","description":"Graduada en Nutrici\u00f3n Humana y Diet\u00e9tica por la Universidad de Barcelona. Especializada en nutrici\u00f3n digestiva, renal y en nutrici\u00f3n y salud hormonal femenina.","robots":{"index":"index","follow":"follow","max-snippet":"max-snippet:-1","max-image-preview":"max-image-preview:large","max-video-preview":"max-video-preview:-1"},"canonical":"https:\/\/clinicagirona.cat\/es\/profesionales-medicos\/sra-ariadna-mallol-ragolta\/","og_locale":"es_ES","og_type":"article","og_title":"Sra. Ariadna Mallol Ragolta - Cl\u00ednica Girona","og_description":"Graduada en Nutrici\u00f3 Humana i Diet\u00e8tica per la Universitat de Barcelona. Especialitzada en nutrici\u00f3 digestiva, renal i en nutrici\u00f3 i salut hormonal femenina.","og_url":"https:\/\/clinicagirona.cat\/es\/profesionales-medicos\/sra-ariadna-mallol-ragolta\/","og_site_name":"Cl\u00ednica Girona","article_publisher":"http:\/\/www.facebook.com\/clinicagirona","article_modified_time":"2026-02-27T12:47:59+00:00","og_image":[{"width":900,"height":1350,"url":"https:\/\/clinicagirona.cat\/wp-content\/uploads\/2025\/06\/Sra.-Ariadna-Mallol-Ragolta.jpg","type":"image\/jpeg"}],"twitter_card":"summary_large_image","twitter_misc":{"Tiempo de lectura":"3 minutos"},"schema":{"@context":"https:\/\/schema.org","@graph":[{"@type":"WebPage","@id":"https:\/\/clinicagirona.cat\/professionals-medics\/sra-ariadna-mallol-ragolta\/","url":"https:\/\/clinicagirona.cat\/professionals-medics\/sra-ariadna-mallol-ragolta\/","name":"S","isPartOf":{"@id":"https:\/\/clinicagirona.cat\/#website"},"primaryImageOfPage":{"@id":"https:\/\/clinicagirona.cat\/professionals-medics\/sra-ariadna-mallol-ragolta\/#primaryimage"},"image":{"@id":"https:\/\/clinicagirona.cat\/professionals-medics\/sra-ariadna-mallol-ragolta\/#primaryimage"},"thumbnailUrl":"https:\/\/clinicagirona.cat\/wp-content\/uploads\/2025\/06\/Sra.-Ariadna-Mallol-Ragolta.jpg","datePublished":"2025-06-20T11:57:09+00:00","dateModified":"2026-02-27T12:47:59+00:00","description":"Graduada en Nutrici\u00f3n Humana y Diet\u00e9tica por la Universidad de Barcelona. Especializada en nutrici\u00f3n digestiva, renal y en nutrici\u00f3n y salud hormonal femenina.","breadcrumb":{"@id":"https:\/\/clinicagirona.cat\/professionals-medics\/sra-ariadna-mallol-ragolta\/#breadcrumb"},"inLanguage":"es","potentialAction":[{"@type":"ReadAction","target":["https:\/\/clinicagirona.cat\/professionals-medics\/sra-ariadna-mallol-ragolta\/"]}]},{"@type":"ImageObject","inLanguage":"es","@id":"https:\/\/clinicagirona.cat\/professionals-medics\/sra-ariadna-mallol-ragolta\/#primaryimage","url":"https:\/\/clinicagirona.cat\/wp-content\/uploads\/2025\/06\/Sra.-Ariadna-Mallol-Ragolta.jpg","contentUrl":"https:\/\/clinicagirona.cat\/wp-content\/uploads\/2025\/06\/Sra.-Ariadna-Mallol-Ragolta.jpg","width":900,"height":1350,"caption":"Sra. Ariadna Mallol Ragolta"},{"@type":"BreadcrumbList","@id":"https:\/\/clinicagirona.cat\/professionals-medics\/sra-ariadna-mallol-ragolta\/#breadcrumb","itemListElement":[{"@type":"ListItem","position":1,"name":"Inici","item":"https:\/\/clinicagirona.cat\/"},{"@type":"ListItem","position":2,"name":"Facultatius","item":"https:\/\/clinicagirona.cat\/facultatius\/"},{"@type":"ListItem","position":3,"name":"Sra. Ariadna Mallol Ragolta"}]},{"@type":"WebSite","@id":"https:\/\/clinicagirona.cat\/#website","url":"https:\/\/clinicagirona.cat\/","name":"Cl\u00ednica Girona","description":"Cuidamos tu salud, te cuidamos a ti","publisher":{"@id":"https:\/\/clinicagirona.cat\/#organization"},"potentialAction":[{"@type":"SearchAction","target":{"@type":"EntryPoint","urlTemplate":"https:\/\/clinicagirona.cat\/?s={search_term_string}"},"query-input":{"@type":"PropertyValueSpecification","valueRequired":true,"valueName":"search_term_string"}}],"inLanguage":"es"},{"@type":"Organization","@id":"https:\/\/clinicagirona.cat\/#organization","name":"Cl\u00ednica Girona","url":"https:\/\/clinicagirona.cat\/","logo":{"@type":"ImageObject","inLanguage":"es","@id":"https:\/\/clinicagirona.cat\/#\/schema\/logo\/image\/","url":"https:\/\/clinicagirona.cat\/wp-content\/uploads\/2026\/04\/clinica-girona-logo-quadrat.jpg","contentUrl":"https:\/\/clinicagirona.cat\/wp-content\/uploads\/2026\/04\/clinica-girona-logo-quadrat.jpg","width":1000,"height":1000,"caption":"Cl\u00ednica Girona"},"image":{"@id":"https:\/\/clinicagirona.cat\/#\/schema\/logo\/image\/"},"sameAs":["http:\/\/www.facebook.com\/clinicagirona","https:\/\/www.instagram.com\/clinicagirona\/","http:\/\/www.youtube.com\/clinicagirona","http:\/\/www.linkedin.com\/in\/clnica-girona-130222b6\/"]}]}},"_links":{"self":[{"href":"https:\/\/clinicagirona.cat\/es\/wp-json\/wp\/v2\/product\/33740","targetHints":{"allow":["GET"]}}],"collection":[{"href":"https:\/\/clinicagirona.cat\/es\/wp-json\/wp\/v2\/product"}],"about":[{"href":"https:\/\/clinicagirona.cat\/es\/wp-json\/wp\/v2\/types\/product"}],"replies":[{"embeddable":true,"href":"https:\/\/clinicagirona.cat\/es\/wp-json\/wp\/v2\/comments?post=33740"}],"version-history":[{"count":16,"href":"https:\/\/clinicagirona.cat\/es\/wp-json\/wp\/v2\/product\/33740\/revisions"}],"predecessor-version":[{"id":38474,"href":"https:\/\/clinicagirona.cat\/es\/wp-json\/wp\/v2\/product\/33740\/revisions\/38474"}],"wp:featuredmedia":[{"embeddable":true,"href":"https:\/\/clinicagirona.cat\/es\/wp-json\/wp\/v2\/media\/36208"}],"wp:attachment":[{"href":"https:\/\/clinicagirona.cat\/es\/wp-json\/wp\/v2\/media?parent=33740"}],"wp:term":[{"taxonomy":"product_brand","embeddable":true,"href":"https:\/\/clinicagirona.cat\/es\/wp-json\/wp\/v2\/product_brand?post=33740"},{"taxonomy":"product_cat","embeddable":true,"href":"https:\/\/clinicagirona.cat\/es\/wp-json\/wp\/v2\/product_cat?post=33740"},{"taxonomy":"product_tag","embeddable":true,"href":"https:\/\/clinicagirona.cat\/es\/wp-json\/wp\/v2\/product_tag?post=33740"}],"curies":[{"name":"wp","href":"https:\/\/api.w.org\/{rel}","templated":true}]}}