{"id":34001,"date":"2025-07-01T12:21:07","date_gmt":"2025-07-01T10:21:07","guid":{"rendered":"https:\/\/clinicagirona.cat\/?post_type=product&#038;p=34001"},"modified":"2026-02-27T13:33:49","modified_gmt":"2026-02-27T12:33:49","slug":"dr-felix-castillo-salinas","status":"publish","type":"product","link":"https:\/\/clinicagirona.cat\/es\/professionals-medics\/dr-felix-castillo-salinas\/","title":{"rendered":"Dr. F\u00e8lix Castillo Salinas"},"content":{"rendered":"<div data-elementor-type=\"wp-post\" data-elementor-id=\"34001\" class=\"elementor elementor-34001\">\n\t\t\t\t<div class=\"elementor-element elementor-element-837df28 e-con-full e-flex e-con e-child\" data-id=\"837df28\" data-element_type=\"container\" data-e-type=\"container\">\n\t\t<div class=\"elementor-element elementor-element-17dec2a e-con-full e-flex e-con e-child\" data-id=\"17dec2a\" data-element_type=\"container\" data-e-type=\"container\">\n\t\t<div class=\"elementor-element elementor-element-ca13af5 e-con-full e-flex e-con e-child\" data-id=\"ca13af5\" data-element_type=\"container\" data-e-type=\"container\">\n\t\t\t\t<div class=\"elementor-element elementor-element-2314711 elementor-widget elementor-widget-wd_button\" data-id=\"2314711\" data-element_type=\"widget\" data-e-type=\"widget\" data-widget_type=\"wd_button.default\">\n\t\t\t\t<div class=\"elementor-widget-container\">\n\t\t\t\t\t\t\t<div class=\"wd-button-wrapper text-center\" >\n\t\t\t<a class=\"btn btn-style-default btn-shape-rectangle btn-size-default btn-color-primary btn-full-width btn-icon-pos-left\"  href=\"tel:972483535\">\n\t\t\t\t<span class=\"wd-btn-text\" data-elementor-setting-key=\"text\">\n\t\t\t\t\tSolicitar cita telef\u00f3nica\t\t\t\t<\/span>\n\n\t\t\t\t\t\t\t\t\t<span class=\"wd-btn-icon\">\n\t\t\t\t\t\t<svg class=\"wd-icon e-font-icon-svg e-fas-mobile-alt\" viewbox=\"0 0 320 512\" xmlns=\"http:\/\/www.w3.org\/2000\/svg\"><path d=\"M272 0H48C21.5 0 0 21.5 0 48v416c0 26.5 21.5 48 48 48h224c26.5 0 48-21.5 48-48V48c0-26.5-21.5-48-48-48zM160 480c-17.7 0-32-14.3-32-32s14.3-32 32-32 32 14.3 32 32-14.3 32-32 32zm112-108c0 6.6-5.4 12-12 12H60c-6.6 0-12-5.4-12-12V60c0-6.6 5.4-12 12-12h200c6.6 0 12 5.4 12 12v312z\"><\/path><\/svg>\t\t\t\t\t<\/span>\n\t\t\t\t\t\t\t<\/a>\n\t\t<\/div>\n\t\t\t\t\t\t<\/div>\n\t\t\t\t<\/div>\n\t\t\t\t<\/div>\n\t\t<div class=\"elementor-element elementor-element-cabd931 e-con-full e-flex e-con e-child\" data-id=\"cabd931\" data-element_type=\"container\" data-e-type=\"container\">\n\t\t\t\t<div class=\"elementor-element elementor-element-54dc785 elementor-widget elementor-widget-wd_button\" data-id=\"54dc785\" data-element_type=\"widget\" data-e-type=\"widget\" data-widget_type=\"wd_button.default\">\n\t\t\t\t<div class=\"elementor-widget-container\">\n\t\t\t\t\t\t\t<div class=\"wd-button-wrapper text-center\" >\n\t\t\t<a class=\"btn btn-style-default btn-shape-rectangle btn-size-default btn-color-primary btn-full-width btn-icon-pos-left\"  href=\"https:\/\/clinicagirona.cat\/es\/contacto\/\" target=\"_blank\">\n\t\t\t\t<span class=\"wd-btn-text\" data-elementor-setting-key=\"text\">\n\t\t\t\t\tFormulario de contacto\t\t\t\t<\/span>\n\n\t\t\t\t\t\t\t\t\t<span class=\"wd-btn-icon\">\n\t\t\t\t\t\t<svg class=\"wd-icon e-font-icon-svg e-far-envelope\" viewbox=\"0 0 512 512\" xmlns=\"http:\/\/www.w3.org\/2000\/svg\"><path d=\"M464 64H48C21.49 64 0 85.49 0 112v288c0 26.51 21.49 48 48 48h416c26.51 0 48-21.49 48-48V112c0-26.51-21.49-48-48-48zm0 48v40.805c-22.422 18.259-58.168 46.651-134.587 106.49-16.841 13.247-50.201 45.072-73.413 44.701-23.208.375-56.579-31.459-73.413-44.701C106.18 199.465 70.425 171.067 48 152.805V112h416zM48 400V214.398c22.914 18.251 55.409 43.862 104.938 82.646 21.857 17.205 60.134 55.186 103.062 54.955 42.717.231 80.509-37.199 103.053-54.947 49.528-38.783 82.032-64.401 104.947-82.653V400H48z\"><\/path><\/svg>\t\t\t\t\t<\/span>\n\t\t\t\t\t\t\t<\/a>\n\t\t<\/div>\n\t\t\t\t\t\t<\/div>\n\t\t\t\t<\/div>\n\t\t\t\t<\/div>\n\t\t\t\t<\/div>\n\t\t\t\t<\/div>\n\t\t<div class=\"wd-negative-gap elementor-element elementor-element-a7c74c7 e-flex e-con-boxed e-con e-parent\" data-id=\"a7c74c7\" data-element_type=\"container\" data-e-type=\"container\">\n\t\t\t\t\t<div class=\"e-con-inner\">\n\t\t\t\t<div class=\"elementor-element elementor-element-af98fac elementor-widget elementor-widget-n-accordion\" data-id=\"af98fac\" data-element_type=\"widget\" data-e-type=\"widget\" data-settings=\"{&quot;default_state&quot;:&quot;all_collapsed&quot;,&quot;max_items_expended&quot;:&quot;one&quot;,&quot;n_accordion_animation_duration&quot;:{&quot;unit&quot;:&quot;ms&quot;,&quot;size&quot;:400,&quot;sizes&quot;:[]}}\" data-widget_type=\"nested-accordion.default\">\n\t\t\t\t<div class=\"elementor-widget-container\">\n\t\t\t\t\t\t\t<div class=\"e-n-accordion\" aria-label=\"\u00bfCl\u00ednica Girona es accesible para personas con movilidad reducida?\">\n\t\t\t\t\t\t<details id=\"e-n-accordion-item-1840\" class=\"e-n-accordion-item\" >\n\t\t\t\t<summary class=\"e-n-accordion-item-title\" data-accordion-index=\"1\" tabindex=\"0\" aria-expanded=\"false\" aria-controls=\"e-n-accordion-item-1840\" >\n\t\t\t\t\t<span class='e-n-accordion-item-title-header'><div class=\"e-n-accordion-item-title-text\"> Formaci\u00f3n sanitaria <\/div><\/span>\n\t\t\t\t\t\t\t<span class='e-n-accordion-item-title-icon'>\n\t\t\t<span class='e-opened' ><svg aria-hidden=\"true\" class=\"e-font-icon-svg e-fas-minus\" viewbox=\"0 0 448 512\" xmlns=\"http:\/\/www.w3.org\/2000\/svg\"><path d=\"M416 208H32c-17.67 0-32 14.33-32 32v32c0 17.67 14.33 32 32 32h384c17.67 0 32-14.33 32-32v-32c0-17.67-14.33-32-32-32z\"><\/path><\/svg><\/span>\n\t\t\t<span class='e-closed'><svg aria-hidden=\"true\" class=\"e-font-icon-svg e-fas-plus\" viewbox=\"0 0 448 512\" xmlns=\"http:\/\/www.w3.org\/2000\/svg\"><path d=\"M416 208H272V64c0-17.67-14.33-32-32-32h-32c-17.67 0-32 14.33-32 32v144H32c-17.67 0-32 14.33-32 32v32c0 17.67 14.33 32 32 32h144v144c0 17.67 14.33 32 32 32h32c17.67 0 32-14.33 32-32V304h144c17.67 0 32-14.33 32-32v-32c0-17.67-14.33-32-32-32z\"><\/path><\/svg><\/span>\n\t\t<\/span>\n\n\t\t\t\t\t\t<\/summary>\n\t\t\t\t<div role=\"region\" aria-labelledby=\"e-n-accordion-item-1840\" class=\"elementor-element elementor-element-d5902fb e-con-full e-flex e-con e-child\" data-id=\"d5902fb\" data-element_type=\"container\" data-e-type=\"container\">\n\t\t\t\t<div class=\"elementor-element elementor-element-a7a73bb elementor-widget elementor-widget-wd_text_block\" data-id=\"a7a73bb\" data-element_type=\"widget\" data-e-type=\"widget\" data-widget_type=\"wd_text_block.default\">\n\t\t\t\t<div class=\"elementor-widget-container\">\n\t\t\t\t\t\t\t<div class=\"wd-text-block reset-last-child text-left\">\n\t\t\t\n\t\t\t<p>Licenciado en Medicina y Cirug\u00eda por la Universitat Aut\u00f2noma de Barcelona (UAB), est\u00e1 especializado en Pediatr\u00eda v\u00eda MIR. Tiene el grado de doctor por la UAB y es Premio Extraordinario de Doctorado. Ha realizado un M\u00e1ster en Gesti\u00f3n Cl\u00ednica en la UOC.<\/p>\n\t\t\t\t\t<\/div>\n\t\t\t\t\t\t<\/div>\n\t\t\t\t<\/div>\n\t\t\t\t<\/div>\n\t\t\t\t\t<\/details>\n\t\t\t\t\t\t<details id=\"e-n-accordion-item-1841\" class=\"e-n-accordion-item\" >\n\t\t\t\t<summary class=\"e-n-accordion-item-title\" data-accordion-index=\"2\" tabindex=\"-1\" aria-expanded=\"false\" aria-controls=\"e-n-accordion-item-1841\" >\n\t\t\t\t\t<span class='e-n-accordion-item-title-header'><div class=\"e-n-accordion-item-title-text\"> Trayectoria <\/div><\/span>\n\t\t\t\t\t\t\t<span class='e-n-accordion-item-title-icon'>\n\t\t\t<span class='e-opened' ><svg aria-hidden=\"true\" class=\"e-font-icon-svg e-fas-minus\" viewbox=\"0 0 448 512\" xmlns=\"http:\/\/www.w3.org\/2000\/svg\"><path d=\"M416 208H32c-17.67 0-32 14.33-32 32v32c0 17.67 14.33 32 32 32h384c17.67 0 32-14.33 32-32v-32c0-17.67-14.33-32-32-32z\"><\/path><\/svg><\/span>\n\t\t\t<span class='e-closed'><svg aria-hidden=\"true\" class=\"e-font-icon-svg e-fas-plus\" viewbox=\"0 0 448 512\" xmlns=\"http:\/\/www.w3.org\/2000\/svg\"><path d=\"M416 208H272V64c0-17.67-14.33-32-32-32h-32c-17.67 0-32 14.33-32 32v144H32c-17.67 0-32 14.33-32 32v32c0 17.67 14.33 32 32 32h144v144c0 17.67 14.33 32 32 32h32c17.67 0 32-14.33 32-32V304h144c17.67 0 32-14.33 32-32v-32c0-17.67-14.33-32-32-32z\"><\/path><\/svg><\/span>\n\t\t<\/span>\n\n\t\t\t\t\t\t<\/summary>\n\t\t\t\t<div role=\"region\" aria-labelledby=\"e-n-accordion-item-1841\" class=\"elementor-element elementor-element-786e481 e-con-full e-flex e-con e-child\" data-id=\"786e481\" data-element_type=\"container\" data-e-type=\"container\">\n\t\t\t\t<div class=\"elementor-element elementor-element-b5f836d elementor-widget elementor-widget-wd_text_block\" data-id=\"b5f836d\" data-element_type=\"widget\" data-e-type=\"widget\" data-widget_type=\"wd_text_block.default\">\n\t\t\t\t<div class=\"elementor-widget-container\">\n\t\t\t\t\t\t\t<div class=\"wd-text-block reset-last-child text-left\">\n\t\t\t\n\t\t\t<p>Jefe de Servicio de Neonatolog\u00eda de la Vall d'Hebron.<\/p>\n\t\t\t\t\t<\/div>\n\t\t\t\t\t\t<\/div>\n\t\t\t\t<\/div>\n\t\t\t\t<\/div>\n\t\t\t\t\t<\/details>\n\t\t\t\t\t\t<details id=\"e-n-accordion-item-1842\" class=\"e-n-accordion-item\" >\n\t\t\t\t<summary class=\"e-n-accordion-item-title\" data-accordion-index=\"3\" tabindex=\"-1\" aria-expanded=\"false\" aria-controls=\"e-n-accordion-item-1842\" >\n\t\t\t\t\t<span class='e-n-accordion-item-title-header'><div class=\"e-n-accordion-item-title-text\"> Actividad docente <\/div><\/span>\n\t\t\t\t\t\t\t<span class='e-n-accordion-item-title-icon'>\n\t\t\t<span class='e-opened' ><svg aria-hidden=\"true\" class=\"e-font-icon-svg e-fas-minus\" viewbox=\"0 0 448 512\" xmlns=\"http:\/\/www.w3.org\/2000\/svg\"><path d=\"M416 208H32c-17.67 0-32 14.33-32 32v32c0 17.67 14.33 32 32 32h384c17.67 0 32-14.33 32-32v-32c0-17.67-14.33-32-32-32z\"><\/path><\/svg><\/span>\n\t\t\t<span class='e-closed'><svg aria-hidden=\"true\" class=\"e-font-icon-svg e-fas-plus\" viewbox=\"0 0 448 512\" xmlns=\"http:\/\/www.w3.org\/2000\/svg\"><path d=\"M416 208H272V64c0-17.67-14.33-32-32-32h-32c-17.67 0-32 14.33-32 32v144H32c-17.67 0-32 14.33-32 32v32c0 17.67 14.33 32 32 32h144v144c0 17.67 14.33 32 32 32h32c17.67 0 32-14.33 32-32V304h144c17.67 0 32-14.33 32-32v-32c0-17.67-14.33-32-32-32z\"><\/path><\/svg><\/span>\n\t\t<\/span>\n\n\t\t\t\t\t\t<\/summary>\n\t\t\t\t<div role=\"region\" aria-labelledby=\"e-n-accordion-item-1842\" class=\"elementor-element elementor-element-b45a98f e-con-full e-flex e-con e-child\" data-id=\"b45a98f\" data-element_type=\"container\" data-e-type=\"container\">\n\t\t\t\t<div class=\"elementor-element elementor-element-be05217 elementor-widget elementor-widget-wd_text_block\" data-id=\"be05217\" data-element_type=\"widget\" data-e-type=\"widget\" data-widget_type=\"wd_text_block.default\">\n\t\t\t\t<div class=\"elementor-widget-container\">\n\t\t\t\t\t\t\t<div class=\"wd-text-block reset-last-child text-left\">\n\t\t\t\n\t\t\t<p>Profesor asociado de Pediatr\u00eda en la Universitat Aut\u00f2noma de Barcelona y Director del M\u00e1ster en Neonatolog\u00eda de la misma universidad.<\/p>\n\t\t\t\t\t<\/div>\n\t\t\t\t\t\t<\/div>\n\t\t\t\t<\/div>\n\t\t\t\t<\/div>\n\t\t\t\t\t<\/details>\n\t\t\t\t\t\t<details id=\"e-n-accordion-item-1843\" class=\"e-n-accordion-item\" >\n\t\t\t\t<summary class=\"e-n-accordion-item-title\" data-accordion-index=\"4\" tabindex=\"-1\" aria-expanded=\"false\" aria-controls=\"e-n-accordion-item-1843\" >\n\t\t\t\t\t<span class='e-n-accordion-item-title-header'><div class=\"e-n-accordion-item-title-text\"> Membres\u00eda <\/div><\/span>\n\t\t\t\t\t\t\t<span class='e-n-accordion-item-title-icon'>\n\t\t\t<span class='e-opened' ><svg aria-hidden=\"true\" class=\"e-font-icon-svg e-fas-minus\" viewbox=\"0 0 448 512\" xmlns=\"http:\/\/www.w3.org\/2000\/svg\"><path d=\"M416 208H32c-17.67 0-32 14.33-32 32v32c0 17.67 14.33 32 32 32h384c17.67 0 32-14.33 32-32v-32c0-17.67-14.33-32-32-32z\"><\/path><\/svg><\/span>\n\t\t\t<span class='e-closed'><svg aria-hidden=\"true\" class=\"e-font-icon-svg e-fas-plus\" viewbox=\"0 0 448 512\" xmlns=\"http:\/\/www.w3.org\/2000\/svg\"><path d=\"M416 208H272V64c0-17.67-14.33-32-32-32h-32c-17.67 0-32 14.33-32 32v144H32c-17.67 0-32 14.33-32 32v32c0 17.67 14.33 32 32 32h144v144c0 17.67 14.33 32 32 32h32c17.67 0 32-14.33 32-32V304h144c17.67 0 32-14.33 32-32v-32c0-17.67-14.33-32-32-32z\"><\/path><\/svg><\/span>\n\t\t<\/span>\n\n\t\t\t\t\t\t<\/summary>\n\t\t\t\t<div role=\"region\" aria-labelledby=\"e-n-accordion-item-1843\" class=\"elementor-element elementor-element-722af4f e-con-full e-flex e-con e-child\" data-id=\"722af4f\" data-element_type=\"container\" data-e-type=\"container\">\n\t\t\t\t<div class=\"elementor-element elementor-element-33cf4bf elementor-widget elementor-widget-wd_text_block\" data-id=\"33cf4bf\" data-element_type=\"widget\" data-e-type=\"widget\" data-widget_type=\"wd_text_block.default\">\n\t\t\t\t<div class=\"elementor-widget-container\">\n\t\t\t\t\t\t\t<div class=\"wd-text-block reset-last-child text-left\">\n\t\t\t\n\t\t\t<p>Miembro del Grupo de Investigaci\u00f3n en Crecimiento y Desarrollo y de Neonatolog\u00eda del Instituto de Investigaci\u00f3n del Hospital Universitari Vall d'Hebron (VHIR).<\/p>\n\t\t\t\t\t<\/div>\n\t\t\t\t\t\t<\/div>\n\t\t\t\t<\/div>\n\t\t\t\t<\/div>\n\t\t\t\t\t<\/details>\n\t\t\t\t\t<\/div>\n\t\t\t\t\t\t<\/div>\n\t\t\t\t<\/div>\n\t\t\t\t\t<\/div>\n\t\t\t\t<\/div>\n\t\t\t\t<\/div>","protected":false},"excerpt":{"rendered":"<h3 style=\"margin-bottom: 0px;\"><strong> Pediatr\u00eda <\/strong><\/h3>\n<p><span style=\"color: #3369a4;\">Segundo Piso \/ M\u00f3dulo D \u2013 972 483 535<\/span><\/p>\n<p>El doctor F\u00e8lix Castillo Salinas es licenciado en Medicina y Cirug\u00eda por la Universitat Aut\u00f2noma de Barcelona (UAB) y est\u00e1 especializado en Pediatr\u00eda v\u00eda MIR. Tiene el grado de doctor por la UAB y es Premio Extraordinario de Doctorado.<\/p>","protected":false},"featured_media":36523,"comment_status":"open","ping_status":"closed","template":"","meta":[],"product_brand":[],"product_cat":[108],"product_tag":[],"class_list":{"0":"post-34001","1":"product","2":"type-product","3":"status-publish","4":"has-post-thumbnail","6":"product_cat-pediatria","8":"first","9":"instock","10":"shipping-taxable","11":"product-type-simple"},"yoast_head":"<!-- This site is optimized with the Yoast SEO plugin v27.4 - https:\/\/yoast.com\/product\/yoast-seo-wordpress\/ -->\n<title>Dr. F\u00e9lix Castillo Salinas - Cl\u00ednica Girona<\/title>\n<meta name=\"description\" content=\"El Dr. F\u00e9lix Castillo Salinas \u00e9s llicenciat en Medicina i Cirurgia per la Universitat Aut\u00f2noma de Barcelona (UAB), especialitzat en Pediatria via MIR.\" \/>\n<meta name=\"robots\" content=\"index, follow, max-snippet:-1, max-image-preview:large, max-video-preview:-1\" \/>\n<link rel=\"canonical\" href=\"https:\/\/clinicagirona.cat\/es\/profesionales-medicos\/dr-felix-castillo-salinas\/\" \/>\n<meta property=\"og:locale\" content=\"es_ES\" \/>\n<meta property=\"og:type\" content=\"article\" \/>\n<meta property=\"og:title\" content=\"Dr. F\u00e9lix Castillo Salinas - Cl\u00ednica Girona\" \/>\n<meta property=\"og:description\" content=\"El Dr. F\u00e9lix Castillo Salinas \u00e9s llicenciat en Medicina i Cirurgia per la Universitat Aut\u00f2noma de Barcelona (UAB), especialitzat en Pediatria via MIR.\" \/>\n<meta property=\"og:url\" content=\"https:\/\/clinicagirona.cat\/es\/profesionales-medicos\/dr-felix-castillo-salinas\/\" \/>\n<meta property=\"og:site_name\" content=\"Cl\u00ednica Girona\" \/>\n<meta property=\"article:publisher\" content=\"http:\/\/www.facebook.com\/clinicagirona\" \/>\n<meta property=\"article:modified_time\" content=\"2026-02-27T12:33:49+00:00\" \/>\n<meta property=\"og:image\" content=\"https:\/\/clinicagirona.cat\/wp-content\/uploads\/2025\/07\/doctor-sense-foto.jpg\" \/>\n\t<meta property=\"og:image:width\" content=\"900\" \/>\n\t<meta property=\"og:image:height\" content=\"1350\" \/>\n\t<meta property=\"og:image:type\" content=\"image\/jpeg\" \/>\n<meta name=\"twitter:card\" content=\"summary_large_image\" \/>\n<meta name=\"twitter:label1\" content=\"Tiempo de lectura\" \/>\n\t<meta name=\"twitter:data1\" content=\"2 minutos\" \/>\n<script type=\"application\/ld+json\" class=\"yoast-schema-graph\">{\"@context\":\"https:\\\/\\\/schema.org\",\"@graph\":[{\"@type\":\"WebPage\",\"@id\":\"https:\\\/\\\/clinicagirona.cat\\\/professionals-medics\\\/dr-felix-castillo-salinas\\\/\",\"url\":\"https:\\\/\\\/clinicagirona.cat\\\/professionals-medics\\\/dr-felix-castillo-salinas\\\/\",\"name\":\"Dr. F\u00e9lix Castillo Salinas - Cl\u00ednica Girona\",\"isPartOf\":{\"@id\":\"https:\\\/\\\/clinicagirona.cat\\\/#website\"},\"primaryImageOfPage\":{\"@id\":\"https:\\\/\\\/clinicagirona.cat\\\/professionals-medics\\\/dr-felix-castillo-salinas\\\/#primaryimage\"},\"image\":{\"@id\":\"https:\\\/\\\/clinicagirona.cat\\\/professionals-medics\\\/dr-felix-castillo-salinas\\\/#primaryimage\"},\"thumbnailUrl\":\"https:\\\/\\\/clinicagirona.cat\\\/wp-content\\\/uploads\\\/2025\\\/07\\\/doctor-sense-foto.jpg\",\"datePublished\":\"2025-07-01T10:21:07+00:00\",\"dateModified\":\"2026-02-27T12:33:49+00:00\",\"description\":\"El Dr. F\u00e9lix Castillo Salinas \u00e9s llicenciat en Medicina i Cirurgia per la Universitat Aut\u00f2noma de Barcelona (UAB), especialitzat en Pediatria via MIR.\",\"breadcrumb\":{\"@id\":\"https:\\\/\\\/clinicagirona.cat\\\/professionals-medics\\\/dr-felix-castillo-salinas\\\/#breadcrumb\"},\"inLanguage\":\"es\",\"potentialAction\":[{\"@type\":\"ReadAction\",\"target\":[\"https:\\\/\\\/clinicagirona.cat\\\/professionals-medics\\\/dr-felix-castillo-salinas\\\/\"]}]},{\"@type\":\"ImageObject\",\"inLanguage\":\"es\",\"@id\":\"https:\\\/\\\/clinicagirona.cat\\\/professionals-medics\\\/dr-felix-castillo-salinas\\\/#primaryimage\",\"url\":\"https:\\\/\\\/clinicagirona.cat\\\/wp-content\\\/uploads\\\/2025\\\/07\\\/doctor-sense-foto.jpg\",\"contentUrl\":\"https:\\\/\\\/clinicagirona.cat\\\/wp-content\\\/uploads\\\/2025\\\/07\\\/doctor-sense-foto.jpg\",\"width\":900,\"height\":1350},{\"@type\":\"BreadcrumbList\",\"@id\":\"https:\\\/\\\/clinicagirona.cat\\\/professionals-medics\\\/dr-felix-castillo-salinas\\\/#breadcrumb\",\"itemListElement\":[{\"@type\":\"ListItem\",\"position\":1,\"name\":\"Inici\",\"item\":\"https:\\\/\\\/clinicagirona.cat\\\/\"},{\"@type\":\"ListItem\",\"position\":2,\"name\":\"Facultatius\",\"item\":\"https:\\\/\\\/clinicagirona.cat\\\/facultatius\\\/\"},{\"@type\":\"ListItem\",\"position\":3,\"name\":\"Dr. F\u00e9lix Castillo Salinas\"}]},{\"@type\":\"WebSite\",\"@id\":\"https:\\\/\\\/clinicagirona.cat\\\/#website\",\"url\":\"https:\\\/\\\/clinicagirona.cat\\\/\",\"name\":\"Cl\u00ednica Girona\",\"description\":\"Cuidem la teva salut, et cuidem a tu\",\"publisher\":{\"@id\":\"https:\\\/\\\/clinicagirona.cat\\\/#organization\"},\"potentialAction\":[{\"@type\":\"SearchAction\",\"target\":{\"@type\":\"EntryPoint\",\"urlTemplate\":\"https:\\\/\\\/clinicagirona.cat\\\/?s={search_term_string}\"},\"query-input\":{\"@type\":\"PropertyValueSpecification\",\"valueRequired\":true,\"valueName\":\"search_term_string\"}}],\"inLanguage\":\"es\"},{\"@type\":\"Organization\",\"@id\":\"https:\\\/\\\/clinicagirona.cat\\\/#organization\",\"name\":\"Cl\u00ednica Girona\",\"url\":\"https:\\\/\\\/clinicagirona.cat\\\/\",\"logo\":{\"@type\":\"ImageObject\",\"inLanguage\":\"es\",\"@id\":\"https:\\\/\\\/clinicagirona.cat\\\/#\\\/schema\\\/logo\\\/image\\\/\",\"url\":\"https:\\\/\\\/clinicagirona.cat\\\/wp-content\\\/uploads\\\/2026\\\/04\\\/clinica-girona-logo-quadrat.jpg\",\"contentUrl\":\"https:\\\/\\\/clinicagirona.cat\\\/wp-content\\\/uploads\\\/2026\\\/04\\\/clinica-girona-logo-quadrat.jpg\",\"width\":1000,\"height\":1000,\"caption\":\"Cl\u00ednica Girona\"},\"image\":{\"@id\":\"https:\\\/\\\/clinicagirona.cat\\\/#\\\/schema\\\/logo\\\/image\\\/\"},\"sameAs\":[\"http:\\\/\\\/www.facebook.com\\\/clinicagirona\",\"https:\\\/\\\/www.instagram.com\\\/clinicagirona\\\/\",\"http:\\\/\\\/www.youtube.com\\\/clinicagirona\",\"http:\\\/\\\/www.linkedin.com\\\/in\\\/clnica-girona-130222b6\\\/\"]}]}<\/script>\n<!-- \/ Yoast SEO plugin. -->","yoast_head_json":{"title":"Dr. F\u00e9lix Castillo Salinas - Cl\u00ednica Girona","description":"El Dr. F\u00e9lix Castillo Salinas es licenciado en Medicina y Cirug\u00eda por la Universitat Aut\u00f2noma de Barcelona (UAB), especializado en Pediatr\u00eda v\u00eda MIR.","robots":{"index":"index","follow":"follow","max-snippet":"max-snippet:-1","max-image-preview":"max-image-preview:large","max-video-preview":"max-video-preview:-1"},"canonical":"https:\/\/clinicagirona.cat\/es\/profesionales-medicos\/dr-felix-castillo-salinas\/","og_locale":"es_ES","og_type":"article","og_title":"Dr. F\u00e9lix Castillo Salinas - Cl\u00ednica Girona","og_description":"El Dr. F\u00e9lix Castillo Salinas \u00e9s llicenciat en Medicina i Cirurgia per la Universitat Aut\u00f2noma de Barcelona (UAB), especialitzat en Pediatria via MIR.","og_url":"https:\/\/clinicagirona.cat\/es\/profesionales-medicos\/dr-felix-castillo-salinas\/","og_site_name":"Cl\u00ednica Girona","article_publisher":"http:\/\/www.facebook.com\/clinicagirona","article_modified_time":"2026-02-27T12:33:49+00:00","og_image":[{"width":900,"height":1350,"url":"https:\/\/clinicagirona.cat\/wp-content\/uploads\/2025\/07\/doctor-sense-foto.jpg","type":"image\/jpeg"}],"twitter_card":"summary_large_image","twitter_misc":{"Tiempo de lectura":"2 minutos"},"schema":{"@context":"https:\/\/schema.org","@graph":[{"@type":"WebPage","@id":"https:\/\/clinicagirona.cat\/professionals-medics\/dr-felix-castillo-salinas\/","url":"https:\/\/clinicagirona.cat\/professionals-medics\/dr-felix-castillo-salinas\/","name":"Dr. F\u00e9lix Castillo Salinas - Cl\u00ednica Girona","isPartOf":{"@id":"https:\/\/clinicagirona.cat\/#website"},"primaryImageOfPage":{"@id":"https:\/\/clinicagirona.cat\/professionals-medics\/dr-felix-castillo-salinas\/#primaryimage"},"image":{"@id":"https:\/\/clinicagirona.cat\/professionals-medics\/dr-felix-castillo-salinas\/#primaryimage"},"thumbnailUrl":"https:\/\/clinicagirona.cat\/wp-content\/uploads\/2025\/07\/doctor-sense-foto.jpg","datePublished":"2025-07-01T10:21:07+00:00","dateModified":"2026-02-27T12:33:49+00:00","description":"El Dr. F\u00e9lix Castillo Salinas es licenciado en Medicina y Cirug\u00eda por la Universitat Aut\u00f2noma de Barcelona (UAB), especializado en Pediatr\u00eda v\u00eda MIR.","breadcrumb":{"@id":"https:\/\/clinicagirona.cat\/professionals-medics\/dr-felix-castillo-salinas\/#breadcrumb"},"inLanguage":"es","potentialAction":[{"@type":"ReadAction","target":["https:\/\/clinicagirona.cat\/professionals-medics\/dr-felix-castillo-salinas\/"]}]},{"@type":"ImageObject","inLanguage":"es","@id":"https:\/\/clinicagirona.cat\/professionals-medics\/dr-felix-castillo-salinas\/#primaryimage","url":"https:\/\/clinicagirona.cat\/wp-content\/uploads\/2025\/07\/doctor-sense-foto.jpg","contentUrl":"https:\/\/clinicagirona.cat\/wp-content\/uploads\/2025\/07\/doctor-sense-foto.jpg","width":900,"height":1350},{"@type":"BreadcrumbList","@id":"https:\/\/clinicagirona.cat\/professionals-medics\/dr-felix-castillo-salinas\/#breadcrumb","itemListElement":[{"@type":"ListItem","position":1,"name":"Inici","item":"https:\/\/clinicagirona.cat\/"},{"@type":"ListItem","position":2,"name":"Facultatius","item":"https:\/\/clinicagirona.cat\/facultatius\/"},{"@type":"ListItem","position":3,"name":"Dr. F\u00e9lix Castillo Salinas"}]},{"@type":"WebSite","@id":"https:\/\/clinicagirona.cat\/#website","url":"https:\/\/clinicagirona.cat\/","name":"Cl\u00ednica Girona","description":"Cuidamos tu salud, te cuidamos a ti","publisher":{"@id":"https:\/\/clinicagirona.cat\/#organization"},"potentialAction":[{"@type":"SearchAction","target":{"@type":"EntryPoint","urlTemplate":"https:\/\/clinicagirona.cat\/?s={search_term_string}"},"query-input":{"@type":"PropertyValueSpecification","valueRequired":true,"valueName":"search_term_string"}}],"inLanguage":"es"},{"@type":"Organization","@id":"https:\/\/clinicagirona.cat\/#organization","name":"Cl\u00ednica Girona","url":"https:\/\/clinicagirona.cat\/","logo":{"@type":"ImageObject","inLanguage":"es","@id":"https:\/\/clinicagirona.cat\/#\/schema\/logo\/image\/","url":"https:\/\/clinicagirona.cat\/wp-content\/uploads\/2026\/04\/clinica-girona-logo-quadrat.jpg","contentUrl":"https:\/\/clinicagirona.cat\/wp-content\/uploads\/2026\/04\/clinica-girona-logo-quadrat.jpg","width":1000,"height":1000,"caption":"Cl\u00ednica Girona"},"image":{"@id":"https:\/\/clinicagirona.cat\/#\/schema\/logo\/image\/"},"sameAs":["http:\/\/www.facebook.com\/clinicagirona","https:\/\/www.instagram.com\/clinicagirona\/","http:\/\/www.youtube.com\/clinicagirona","http:\/\/www.linkedin.com\/in\/clnica-girona-130222b6\/"]}]}},"_links":{"self":[{"href":"https:\/\/clinicagirona.cat\/es\/wp-json\/wp\/v2\/product\/34001","targetHints":{"allow":["GET"]}}],"collection":[{"href":"https:\/\/clinicagirona.cat\/es\/wp-json\/wp\/v2\/product"}],"about":[{"href":"https:\/\/clinicagirona.cat\/es\/wp-json\/wp\/v2\/types\/product"}],"replies":[{"embeddable":true,"href":"https:\/\/clinicagirona.cat\/es\/wp-json\/wp\/v2\/comments?post=34001"}],"version-history":[{"count":15,"href":"https:\/\/clinicagirona.cat\/es\/wp-json\/wp\/v2\/product\/34001\/revisions"}],"predecessor-version":[{"id":38413,"href":"https:\/\/clinicagirona.cat\/es\/wp-json\/wp\/v2\/product\/34001\/revisions\/38413"}],"wp:featuredmedia":[{"embeddable":true,"href":"https:\/\/clinicagirona.cat\/es\/wp-json\/wp\/v2\/media\/36523"}],"wp:attachment":[{"href":"https:\/\/clinicagirona.cat\/es\/wp-json\/wp\/v2\/media?parent=34001"}],"wp:term":[{"taxonomy":"product_brand","embeddable":true,"href":"https:\/\/clinicagirona.cat\/es\/wp-json\/wp\/v2\/product_brand?post=34001"},{"taxonomy":"product_cat","embeddable":true,"href":"https:\/\/clinicagirona.cat\/es\/wp-json\/wp\/v2\/product_cat?post=34001"},{"taxonomy":"product_tag","embeddable":true,"href":"https:\/\/clinicagirona.cat\/es\/wp-json\/wp\/v2\/product_tag?post=34001"}],"curies":[{"name":"wp","href":"https:\/\/api.w.org\/{rel}","templated":true}]}}