{"id":34438,"date":"2025-07-03T11:24:15","date_gmt":"2025-07-03T09:24:15","guid":{"rendered":"https:\/\/clinicagirona.cat\/?post_type=product&#038;p=34438"},"modified":"2026-02-27T11:28:04","modified_gmt":"2026-02-27T10:28:04","slug":"dr-alejandro-hernandez-martinez","status":"publish","type":"product","link":"https:\/\/clinicagirona.cat\/es\/professionals-medics\/dr-alejandro-hernandez-martinez\/","title":{"rendered":"Dr. Alejandro Hern\u00e1ndez Mart\u00ednez"},"content":{"rendered":"<div data-elementor-type=\"wp-post\" data-elementor-id=\"34438\" class=\"elementor elementor-34438\">\n\t\t\t\t<div class=\"elementor-element elementor-element-22acea2 e-con-full e-flex e-con e-child\" data-id=\"22acea2\" data-element_type=\"container\" data-e-type=\"container\">\n\t\t<div class=\"elementor-element elementor-element-6392a47 e-con-full e-flex e-con e-child\" data-id=\"6392a47\" data-element_type=\"container\" data-e-type=\"container\">\n\t\t<div class=\"elementor-element elementor-element-8ab2088 e-con-full e-flex e-con e-child\" data-id=\"8ab2088\" data-element_type=\"container\" data-e-type=\"container\">\n\t\t\t\t<div class=\"elementor-element elementor-element-8703a34 elementor-widget elementor-widget-wd_button\" data-id=\"8703a34\" data-element_type=\"widget\" data-e-type=\"widget\" data-widget_type=\"wd_button.default\">\n\t\t\t\t<div class=\"elementor-widget-container\">\n\t\t\t\t\t\t\t<div class=\"wd-button-wrapper text-center\" >\n\t\t\t<a class=\"btn btn-style-default btn-shape-rectangle btn-size-default btn-color-primary btn-full-width btn-icon-pos-left\"  href=\"tel:972224099\">\n\t\t\t\t<span class=\"wd-btn-text\" data-elementor-setting-key=\"text\">\n\t\t\t\t\tSolicitar cita telef\u00f3nica\t\t\t\t<\/span>\n\n\t\t\t\t\t\t\t\t\t<span class=\"wd-btn-icon\">\n\t\t\t\t\t\t<svg class=\"wd-icon e-font-icon-svg e-fas-mobile-alt\" viewbox=\"0 0 320 512\" xmlns=\"http:\/\/www.w3.org\/2000\/svg\"><path d=\"M272 0H48C21.5 0 0 21.5 0 48v416c0 26.5 21.5 48 48 48h224c26.5 0 48-21.5 48-48V48c0-26.5-21.5-48-48-48zM160 480c-17.7 0-32-14.3-32-32s14.3-32 32-32 32 14.3 32 32-14.3 32-32 32zm112-108c0 6.6-5.4 12-12 12H60c-6.6 0-12-5.4-12-12V60c0-6.6 5.4-12 12-12h200c6.6 0 12 5.4 12 12v312z\"><\/path><\/svg>\t\t\t\t\t<\/span>\n\t\t\t\t\t\t\t<\/a>\n\t\t<\/div>\n\t\t\t\t\t\t<\/div>\n\t\t\t\t<\/div>\n\t\t\t\t<\/div>\n\t\t<div class=\"elementor-element elementor-element-afb7a47 e-con-full e-flex e-con e-child\" data-id=\"afb7a47\" data-element_type=\"container\" data-e-type=\"container\">\n\t\t\t\t<div class=\"elementor-element elementor-element-145e126 elementor-widget elementor-widget-wd_button\" data-id=\"145e126\" data-element_type=\"widget\" data-e-type=\"widget\" data-widget_type=\"wd_button.default\">\n\t\t\t\t<div class=\"elementor-widget-container\">\n\t\t\t\t\t\t\t<div class=\"wd-button-wrapper text-center\" >\n\t\t\t<a class=\"btn btn-style-default btn-shape-rectangle btn-size-default btn-color-primary btn-full-width btn-icon-pos-left\"  href=\"https:\/\/clinicagirona.cat\/es\/contacto\/\" target=\"_blank\">\n\t\t\t\t<span class=\"wd-btn-text\" data-elementor-setting-key=\"text\">\n\t\t\t\t\tFormulario de contacto\t\t\t\t<\/span>\n\n\t\t\t\t\t\t\t\t\t<span class=\"wd-btn-icon\">\n\t\t\t\t\t\t<svg class=\"wd-icon e-font-icon-svg e-far-envelope\" viewbox=\"0 0 512 512\" xmlns=\"http:\/\/www.w3.org\/2000\/svg\"><path d=\"M464 64H48C21.49 64 0 85.49 0 112v288c0 26.51 21.49 48 48 48h416c26.51 0 48-21.49 48-48V112c0-26.51-21.49-48-48-48zm0 48v40.805c-22.422 18.259-58.168 46.651-134.587 106.49-16.841 13.247-50.201 45.072-73.413 44.701-23.208.375-56.579-31.459-73.413-44.701C106.18 199.465 70.425 171.067 48 152.805V112h416zM48 400V214.398c22.914 18.251 55.409 43.862 104.938 82.646 21.857 17.205 60.134 55.186 103.062 54.955 42.717.231 80.509-37.199 103.053-54.947 49.528-38.783 82.032-64.401 104.947-82.653V400H48z\"><\/path><\/svg>\t\t\t\t\t<\/span>\n\t\t\t\t\t\t\t<\/a>\n\t\t<\/div>\n\t\t\t\t\t\t<\/div>\n\t\t\t\t<\/div>\n\t\t\t\t<\/div>\n\t\t\t\t<\/div>\n\t\t\t\t<\/div>\n\t\t<div class=\"wd-negative-gap elementor-element elementor-element-acd0c4f e-flex e-con-boxed e-con e-parent\" data-id=\"acd0c4f\" data-element_type=\"container\" data-e-type=\"container\">\n\t\t\t\t\t<div class=\"e-con-inner\">\n\t\t\t\t<div class=\"elementor-element elementor-element-9c3fc30 elementor-widget elementor-widget-n-accordion\" data-id=\"9c3fc30\" data-element_type=\"widget\" data-e-type=\"widget\" data-settings=\"{&quot;default_state&quot;:&quot;all_collapsed&quot;,&quot;max_items_expended&quot;:&quot;one&quot;,&quot;n_accordion_animation_duration&quot;:{&quot;unit&quot;:&quot;ms&quot;,&quot;size&quot;:400,&quot;sizes&quot;:[]}}\" data-widget_type=\"nested-accordion.default\">\n\t\t\t\t<div class=\"elementor-widget-container\">\n\t\t\t\t\t\t\t<div class=\"e-n-accordion\" aria-label=\"\u00bfCl\u00ednica Girona es accesible para personas con movilidad reducida?\">\n\t\t\t\t\t\t<details id=\"e-n-accordion-item-1630\" class=\"e-n-accordion-item\" >\n\t\t\t\t<summary class=\"e-n-accordion-item-title\" data-accordion-index=\"1\" tabindex=\"0\" aria-expanded=\"false\" aria-controls=\"e-n-accordion-item-1630\" >\n\t\t\t\t\t<span class='e-n-accordion-item-title-header'><div class=\"e-n-accordion-item-title-text\"> Formaci\u00f3n sanitaria <\/div><\/span>\n\t\t\t\t\t\t\t<span class='e-n-accordion-item-title-icon'>\n\t\t\t<span class='e-opened' ><svg aria-hidden=\"true\" class=\"e-font-icon-svg e-fas-minus\" viewbox=\"0 0 448 512\" xmlns=\"http:\/\/www.w3.org\/2000\/svg\"><path d=\"M416 208H32c-17.67 0-32 14.33-32 32v32c0 17.67 14.33 32 32 32h384c17.67 0 32-14.33 32-32v-32c0-17.67-14.33-32-32-32z\"><\/path><\/svg><\/span>\n\t\t\t<span class='e-closed'><svg aria-hidden=\"true\" class=\"e-font-icon-svg e-fas-plus\" viewbox=\"0 0 448 512\" xmlns=\"http:\/\/www.w3.org\/2000\/svg\"><path d=\"M416 208H272V64c0-17.67-14.33-32-32-32h-32c-17.67 0-32 14.33-32 32v144H32c-17.67 0-32 14.33-32 32v32c0 17.67 14.33 32 32 32h144v144c0 17.67 14.33 32 32 32h32c17.67 0 32-14.33 32-32V304h144c17.67 0 32-14.33 32-32v-32c0-17.67-14.33-32-32-32z\"><\/path><\/svg><\/span>\n\t\t<\/span>\n\n\t\t\t\t\t\t<\/summary>\n\t\t\t\t<div role=\"region\" aria-labelledby=\"e-n-accordion-item-1630\" class=\"elementor-element elementor-element-64a5dca e-con-full e-flex e-con e-child\" data-id=\"64a5dca\" data-element_type=\"container\" data-e-type=\"container\">\n\t\t\t\t<div class=\"elementor-element elementor-element-0dc35fe elementor-widget elementor-widget-wd_text_block\" data-id=\"0dc35fe\" data-element_type=\"widget\" data-e-type=\"widget\" data-widget_type=\"wd_text_block.default\">\n\t\t\t\t<div class=\"elementor-widget-container\">\n\t\t\t\t\t\t\t<div class=\"wd-text-block reset-last-child text-left\">\n\t\t\t\n\t\t\t<p><span style=\"font-weight: 400;\">Doctor en Cirug\u00eda por la Universitat Aut\u00f2noma de Barcelona por el trabajo en el tratamiento con c\u00e9lulas madre expandidas de la osteonecrosis de cabeza femoral. Adem\u00e1s, es M\u00e1ster en Traumatolog\u00eda del Deporte y Metodolog\u00eda de la Investigaci\u00f3n Sanitaria.<\/span><\/p>\n\t\t\t\t\t<\/div>\n\t\t\t\t\t\t<\/div>\n\t\t\t\t<\/div>\n\t\t\t\t<\/div>\n\t\t\t\t\t<\/details>\n\t\t\t\t\t\t<details id=\"e-n-accordion-item-1631\" class=\"e-n-accordion-item\" >\n\t\t\t\t<summary class=\"e-n-accordion-item-title\" data-accordion-index=\"2\" tabindex=\"-1\" aria-expanded=\"false\" aria-controls=\"e-n-accordion-item-1631\" >\n\t\t\t\t\t<span class='e-n-accordion-item-title-header'><div class=\"e-n-accordion-item-title-text\"> Trayectoria <\/div><\/span>\n\t\t\t\t\t\t\t<span class='e-n-accordion-item-title-icon'>\n\t\t\t<span class='e-opened' ><svg aria-hidden=\"true\" class=\"e-font-icon-svg e-fas-minus\" viewbox=\"0 0 448 512\" xmlns=\"http:\/\/www.w3.org\/2000\/svg\"><path d=\"M416 208H32c-17.67 0-32 14.33-32 32v32c0 17.67 14.33 32 32 32h384c17.67 0 32-14.33 32-32v-32c0-17.67-14.33-32-32-32z\"><\/path><\/svg><\/span>\n\t\t\t<span class='e-closed'><svg aria-hidden=\"true\" class=\"e-font-icon-svg e-fas-plus\" viewbox=\"0 0 448 512\" xmlns=\"http:\/\/www.w3.org\/2000\/svg\"><path d=\"M416 208H272V64c0-17.67-14.33-32-32-32h-32c-17.67 0-32 14.33-32 32v144H32c-17.67 0-32 14.33-32 32v32c0 17.67 14.33 32 32 32h144v144c0 17.67 14.33 32 32 32h32c17.67 0 32-14.33 32-32V304h144c17.67 0 32-14.33 32-32v-32c0-17.67-14.33-32-32-32z\"><\/path><\/svg><\/span>\n\t\t<\/span>\n\n\t\t\t\t\t\t<\/summary>\n\t\t\t\t<div role=\"region\" aria-labelledby=\"e-n-accordion-item-1631\" class=\"elementor-element elementor-element-a7c0df9 e-con-full e-flex e-con e-child\" data-id=\"a7c0df9\" data-element_type=\"container\" data-e-type=\"container\">\n\t\t\t\t<div class=\"elementor-element elementor-element-38980d2 elementor-widget elementor-widget-wd_text_block\" data-id=\"38980d2\" data-element_type=\"widget\" data-e-type=\"widget\" data-widget_type=\"wd_text_block.default\">\n\t\t\t\t<div class=\"elementor-widget-container\">\n\t\t\t\t\t\t\t<div class=\"wd-text-block reset-last-child text-left\">\n\t\t\t\n\t\t\t<p><span style=\"font-weight: 400;\">Actualmente es jefe de la Unidad de Cadera del Servicio de Cirug\u00eda Ortop\u00e9dica y Traumatolog\u00eda del Hospital Vall d'Hebron de Barcelona y miembro de la Unidad de Cadera de Traumatolog\u00eda Lenox Corachan.<\/span><\/p>\n\t\t\t\t\t<\/div>\n\t\t\t\t\t\t<\/div>\n\t\t\t\t<\/div>\n\t\t\t\t<\/div>\n\t\t\t\t\t<\/details>\n\t\t\t\t\t\t<details id=\"e-n-accordion-item-1632\" class=\"e-n-accordion-item\" >\n\t\t\t\t<summary class=\"e-n-accordion-item-title\" data-accordion-index=\"3\" tabindex=\"-1\" aria-expanded=\"false\" aria-controls=\"e-n-accordion-item-1632\" >\n\t\t\t\t\t<span class='e-n-accordion-item-title-header'><div class=\"e-n-accordion-item-title-text\"> Actividad docente <\/div><\/span>\n\t\t\t\t\t\t\t<span class='e-n-accordion-item-title-icon'>\n\t\t\t<span class='e-opened' ><svg aria-hidden=\"true\" class=\"e-font-icon-svg e-fas-minus\" viewbox=\"0 0 448 512\" xmlns=\"http:\/\/www.w3.org\/2000\/svg\"><path d=\"M416 208H32c-17.67 0-32 14.33-32 32v32c0 17.67 14.33 32 32 32h384c17.67 0 32-14.33 32-32v-32c0-17.67-14.33-32-32-32z\"><\/path><\/svg><\/span>\n\t\t\t<span class='e-closed'><svg aria-hidden=\"true\" class=\"e-font-icon-svg e-fas-plus\" viewbox=\"0 0 448 512\" xmlns=\"http:\/\/www.w3.org\/2000\/svg\"><path d=\"M416 208H272V64c0-17.67-14.33-32-32-32h-32c-17.67 0-32 14.33-32 32v144H32c-17.67 0-32 14.33-32 32v32c0 17.67 14.33 32 32 32h144v144c0 17.67 14.33 32 32 32h32c17.67 0 32-14.33 32-32V304h144c17.67 0 32-14.33 32-32v-32c0-17.67-14.33-32-32-32z\"><\/path><\/svg><\/span>\n\t\t<\/span>\n\n\t\t\t\t\t\t<\/summary>\n\t\t\t\t<div role=\"region\" aria-labelledby=\"e-n-accordion-item-1632\" class=\"elementor-element elementor-element-88b62a2 e-con-full e-flex e-con e-child\" data-id=\"88b62a2\" data-element_type=\"container\" data-e-type=\"container\">\n\t\t\t\t<div class=\"elementor-element elementor-element-d5b81ac elementor-widget elementor-widget-wd_text_block\" data-id=\"d5b81ac\" data-element_type=\"widget\" data-e-type=\"widget\" data-widget_type=\"wd_text_block.default\">\n\t\t\t\t<div class=\"elementor-widget-container\">\n\t\t\t\t\t\t\t<div class=\"wd-text-block reset-last-child text-left\">\n\t\t\t\n\t\t\t<p><span style=\"font-weight: 400;\">A lo largo de su trayectoria ha combinado la labor asistencial con la docencia y ha sido tutor acreditado de la especialidad de Cirug\u00eda Ortop\u00e9dica y Traumatolog\u00eda de la unidad docente del Hospital Vall d'Hebron de Barcelona.<\/span><\/p>\n\t\t\t\t\t<\/div>\n\t\t\t\t\t\t<\/div>\n\t\t\t\t<\/div>\n\t\t\t\t<\/div>\n\t\t\t\t\t<\/details>\n\t\t\t\t\t\t<details id=\"e-n-accordion-item-1633\" class=\"e-n-accordion-item\" >\n\t\t\t\t<summary class=\"e-n-accordion-item-title\" data-accordion-index=\"4\" tabindex=\"-1\" aria-expanded=\"false\" aria-controls=\"e-n-accordion-item-1633\" >\n\t\t\t\t\t<span class='e-n-accordion-item-title-header'><div class=\"e-n-accordion-item-title-text\"> Membres\u00eda <\/div><\/span>\n\t\t\t\t\t\t\t<span class='e-n-accordion-item-title-icon'>\n\t\t\t<span class='e-opened' ><svg aria-hidden=\"true\" class=\"e-font-icon-svg e-fas-minus\" viewbox=\"0 0 448 512\" xmlns=\"http:\/\/www.w3.org\/2000\/svg\"><path d=\"M416 208H32c-17.67 0-32 14.33-32 32v32c0 17.67 14.33 32 32 32h384c17.67 0 32-14.33 32-32v-32c0-17.67-14.33-32-32-32z\"><\/path><\/svg><\/span>\n\t\t\t<span class='e-closed'><svg aria-hidden=\"true\" class=\"e-font-icon-svg e-fas-plus\" viewbox=\"0 0 448 512\" xmlns=\"http:\/\/www.w3.org\/2000\/svg\"><path d=\"M416 208H272V64c0-17.67-14.33-32-32-32h-32c-17.67 0-32 14.33-32 32v144H32c-17.67 0-32 14.33-32 32v32c0 17.67 14.33 32 32 32h144v144c0 17.67 14.33 32 32 32h32c17.67 0 32-14.33 32-32V304h144c17.67 0 32-14.33 32-32v-32c0-17.67-14.33-32-32-32z\"><\/path><\/svg><\/span>\n\t\t<\/span>\n\n\t\t\t\t\t\t<\/summary>\n\t\t\t\t<div role=\"region\" aria-labelledby=\"e-n-accordion-item-1633\" class=\"elementor-element elementor-element-6868da6 e-con-full e-flex e-con e-child\" data-id=\"6868da6\" data-element_type=\"container\" data-e-type=\"container\">\n\t\t\t\t<div class=\"elementor-element elementor-element-a069703 elementor-widget elementor-widget-wd_text_block\" data-id=\"a069703\" data-element_type=\"widget\" data-e-type=\"widget\" data-widget_type=\"wd_text_block.default\">\n\t\t\t\t<div class=\"elementor-widget-container\">\n\t\t\t\t\t\t\t<div class=\"wd-text-block reset-last-child text-left\">\n\t\t\t\n\t\t\t<p><span style=\"font-weight: 400;\">Forma parte de las sociedades estatales e internacionales m\u00e1s prestigiosas en Cirug\u00eda de Cadera.<\/span><\/p>\n\t\t\t\t\t<\/div>\n\t\t\t\t\t\t<\/div>\n\t\t\t\t<\/div>\n\t\t\t\t<\/div>\n\t\t\t\t\t<\/details>\n\t\t\t\t\t<\/div>\n\t\t\t\t\t\t<\/div>\n\t\t\t\t<\/div>\n\t\t\t\t\t<\/div>\n\t\t\t\t<\/div>\n\t\t\t\t<\/div>","protected":false},"excerpt":{"rendered":"<h3 style=\"margin-bottom: 0px;\"><strong> Traumatolog\u00eda <\/strong><\/h3>\n<p><span style=\"color: #3369a4;\">Primera Planta \/ M\u00f3dulo B \u2013 972 224 099<\/span><\/p>\n<p>El doctor Alejandro Hern\u00e1ndez Mart\u00ednez es un traumat\u00f3logo cualificado, con pr\u00e1ctica en Cl\u00ednica Girona y Cl\u00ednica Corachan, especializado en cirug\u00eda de cadera m\u00ednimamente invasiva, artroscopia y traumatolog\u00eda deportiva.<\/p>","protected":false},"featured_media":36181,"comment_status":"open","ping_status":"closed","template":"","meta":[],"product_brand":[],"product_cat":[114],"product_tag":[],"class_list":{"0":"post-34438","1":"product","2":"type-product","3":"status-publish","4":"has-post-thumbnail","6":"product_cat-traumatologia","8":"first","9":"instock","10":"shipping-taxable","11":"product-type-simple"},"yoast_head":"<!-- This site is optimized with the Yoast SEO plugin v27.4 - https:\/\/yoast.com\/product\/yoast-seo-wordpress\/ -->\n<title>Dr. Alejandro Hern\u00e1ndez Mart\u00ednez - Cl\u00ednica Girona<\/title>\n<meta name=\"description\" content=\"El Dr. Alejandro Hern\u00e1ndez Mart\u00ednez \u00e9s un traumat\u00f2leg qualificat amb pr\u00e0ctica a Cl\u00ednica Girona i Cl\u00ednica Corachan, especialitzat en cirurgia de maluc m\u00ednimament invasiva, artrosc\u00f2pia, i traumatologia esportiva.\" \/>\n<meta name=\"robots\" content=\"index, follow, max-snippet:-1, max-image-preview:large, max-video-preview:-1\" \/>\n<link rel=\"canonical\" href=\"https:\/\/clinicagirona.cat\/es\/profesionales-medicos\/dr-alejandro-hernandez-martinez\/\" \/>\n<meta property=\"og:locale\" content=\"es_ES\" \/>\n<meta property=\"og:type\" content=\"article\" \/>\n<meta property=\"og:title\" content=\"Dr. Alejandro Hern\u00e1ndez Mart\u00ednez - Cl\u00ednica Girona\" \/>\n<meta property=\"og:description\" content=\"El Dr. Alejandro Hern\u00e1ndez Mart\u00ednez \u00e9s un traumat\u00f2leg qualificat amb pr\u00e0ctica a Cl\u00ednica Girona i Cl\u00ednica Corachan, especialitzat en cirurgia de maluc m\u00ednimament invasiva, artrosc\u00f2pia, i traumatologia esportiva.\" \/>\n<meta property=\"og:url\" content=\"https:\/\/clinicagirona.cat\/es\/profesionales-medicos\/dr-alejandro-hernandez-martinez\/\" \/>\n<meta property=\"og:site_name\" content=\"Cl\u00ednica Girona\" \/>\n<meta property=\"article:publisher\" content=\"http:\/\/www.facebook.com\/clinicagirona\" \/>\n<meta property=\"article:modified_time\" content=\"2026-02-27T10:28:04+00:00\" \/>\n<meta property=\"og:image\" content=\"https:\/\/clinicagirona.cat\/wp-content\/uploads\/2025\/07\/Dr.-Alejandro-Hernandez-Martinez.jpg\" \/>\n\t<meta property=\"og:image:width\" content=\"900\" \/>\n\t<meta property=\"og:image:height\" content=\"1350\" \/>\n\t<meta property=\"og:image:type\" content=\"image\/jpeg\" \/>\n<meta name=\"twitter:card\" content=\"summary_large_image\" \/>\n<meta name=\"twitter:label1\" content=\"Tiempo de lectura\" \/>\n\t<meta name=\"twitter:data1\" content=\"2 minutos\" \/>\n<script type=\"application\/ld+json\" class=\"yoast-schema-graph\">{\"@context\":\"https:\\\/\\\/schema.org\",\"@graph\":[{\"@type\":\"WebPage\",\"@id\":\"https:\\\/\\\/clinicagirona.cat\\\/professionals-medics\\\/dr-alejandro-hernandez-martinez\\\/\",\"url\":\"https:\\\/\\\/clinicagirona.cat\\\/professionals-medics\\\/dr-alejandro-hernandez-martinez\\\/\",\"name\":\"Dr. Alejandro Hern\u00e1ndez Mart\u00ednez - Cl\u00ednica Girona\",\"isPartOf\":{\"@id\":\"https:\\\/\\\/clinicagirona.cat\\\/#website\"},\"primaryImageOfPage\":{\"@id\":\"https:\\\/\\\/clinicagirona.cat\\\/professionals-medics\\\/dr-alejandro-hernandez-martinez\\\/#primaryimage\"},\"image\":{\"@id\":\"https:\\\/\\\/clinicagirona.cat\\\/professionals-medics\\\/dr-alejandro-hernandez-martinez\\\/#primaryimage\"},\"thumbnailUrl\":\"https:\\\/\\\/clinicagirona.cat\\\/wp-content\\\/uploads\\\/2025\\\/07\\\/Dr.-Alejandro-Hernandez-Martinez.jpg\",\"datePublished\":\"2025-07-03T09:24:15+00:00\",\"dateModified\":\"2026-02-27T10:28:04+00:00\",\"description\":\"El Dr. Alejandro Hern\u00e1ndez Mart\u00ednez \u00e9s un traumat\u00f2leg qualificat amb pr\u00e0ctica a Cl\u00ednica Girona i Cl\u00ednica Corachan, especialitzat en cirurgia de maluc m\u00ednimament invasiva, artrosc\u00f2pia, i traumatologia esportiva.\",\"breadcrumb\":{\"@id\":\"https:\\\/\\\/clinicagirona.cat\\\/professionals-medics\\\/dr-alejandro-hernandez-martinez\\\/#breadcrumb\"},\"inLanguage\":\"es\",\"potentialAction\":[{\"@type\":\"ReadAction\",\"target\":[\"https:\\\/\\\/clinicagirona.cat\\\/professionals-medics\\\/dr-alejandro-hernandez-martinez\\\/\"]}]},{\"@type\":\"ImageObject\",\"inLanguage\":\"es\",\"@id\":\"https:\\\/\\\/clinicagirona.cat\\\/professionals-medics\\\/dr-alejandro-hernandez-martinez\\\/#primaryimage\",\"url\":\"https:\\\/\\\/clinicagirona.cat\\\/wp-content\\\/uploads\\\/2025\\\/07\\\/Dr.-Alejandro-Hernandez-Martinez.jpg\",\"contentUrl\":\"https:\\\/\\\/clinicagirona.cat\\\/wp-content\\\/uploads\\\/2025\\\/07\\\/Dr.-Alejandro-Hernandez-Martinez.jpg\",\"width\":900,\"height\":1350,\"caption\":\"Dr. Alejandro Hern\u00e1ndez Mart\u00ednez\"},{\"@type\":\"BreadcrumbList\",\"@id\":\"https:\\\/\\\/clinicagirona.cat\\\/professionals-medics\\\/dr-alejandro-hernandez-martinez\\\/#breadcrumb\",\"itemListElement\":[{\"@type\":\"ListItem\",\"position\":1,\"name\":\"Inici\",\"item\":\"https:\\\/\\\/clinicagirona.cat\\\/\"},{\"@type\":\"ListItem\",\"position\":2,\"name\":\"Facultatius\",\"item\":\"https:\\\/\\\/clinicagirona.cat\\\/facultatius\\\/\"},{\"@type\":\"ListItem\",\"position\":3,\"name\":\"Dr. Alejandro Hern\u00e1ndez Mart\u00ednez\"}]},{\"@type\":\"WebSite\",\"@id\":\"https:\\\/\\\/clinicagirona.cat\\\/#website\",\"url\":\"https:\\\/\\\/clinicagirona.cat\\\/\",\"name\":\"Cl\u00ednica Girona\",\"description\":\"Cuidem la teva salut, et cuidem a tu\",\"publisher\":{\"@id\":\"https:\\\/\\\/clinicagirona.cat\\\/#organization\"},\"potentialAction\":[{\"@type\":\"SearchAction\",\"target\":{\"@type\":\"EntryPoint\",\"urlTemplate\":\"https:\\\/\\\/clinicagirona.cat\\\/?s={search_term_string}\"},\"query-input\":{\"@type\":\"PropertyValueSpecification\",\"valueRequired\":true,\"valueName\":\"search_term_string\"}}],\"inLanguage\":\"es\"},{\"@type\":\"Organization\",\"@id\":\"https:\\\/\\\/clinicagirona.cat\\\/#organization\",\"name\":\"Cl\u00ednica Girona\",\"url\":\"https:\\\/\\\/clinicagirona.cat\\\/\",\"logo\":{\"@type\":\"ImageObject\",\"inLanguage\":\"es\",\"@id\":\"https:\\\/\\\/clinicagirona.cat\\\/#\\\/schema\\\/logo\\\/image\\\/\",\"url\":\"https:\\\/\\\/clinicagirona.cat\\\/wp-content\\\/uploads\\\/2026\\\/04\\\/clinica-girona-logo-quadrat.jpg\",\"contentUrl\":\"https:\\\/\\\/clinicagirona.cat\\\/wp-content\\\/uploads\\\/2026\\\/04\\\/clinica-girona-logo-quadrat.jpg\",\"width\":1000,\"height\":1000,\"caption\":\"Cl\u00ednica Girona\"},\"image\":{\"@id\":\"https:\\\/\\\/clinicagirona.cat\\\/#\\\/schema\\\/logo\\\/image\\\/\"},\"sameAs\":[\"http:\\\/\\\/www.facebook.com\\\/clinicagirona\",\"https:\\\/\\\/www.instagram.com\\\/clinicagirona\\\/\",\"http:\\\/\\\/www.youtube.com\\\/clinicagirona\",\"http:\\\/\\\/www.linkedin.com\\\/in\\\/clnica-girona-130222b6\\\/\"]}]}<\/script>\n<!-- \/ Yoast SEO plugin. -->","yoast_head_json":{"title":"Dr. Alejandro Hern\u00e1ndez Mart\u00ednez - Cl\u00ednica Girona","description":"El Dr. Alejandro Hern\u00e1ndez Mart\u00ednez es un traumat\u00f3logo cualificado con pr\u00e1ctica en Cl\u00ednica Girona y Cl\u00ednica Corachan, especializado en cirug\u00eda de cadera m\u00ednimamente invasiva, artroscopia y traumatolog\u00eda deportiva.","robots":{"index":"index","follow":"follow","max-snippet":"max-snippet:-1","max-image-preview":"max-image-preview:large","max-video-preview":"max-video-preview:-1"},"canonical":"https:\/\/clinicagirona.cat\/es\/profesionales-medicos\/dr-alejandro-hernandez-martinez\/","og_locale":"es_ES","og_type":"article","og_title":"Dr. Alejandro Hern\u00e1ndez Mart\u00ednez - Cl\u00ednica Girona","og_description":"El Dr. Alejandro Hern\u00e1ndez Mart\u00ednez \u00e9s un traumat\u00f2leg qualificat amb pr\u00e0ctica a Cl\u00ednica Girona i Cl\u00ednica Corachan, especialitzat en cirurgia de maluc m\u00ednimament invasiva, artrosc\u00f2pia, i traumatologia esportiva.","og_url":"https:\/\/clinicagirona.cat\/es\/profesionales-medicos\/dr-alejandro-hernandez-martinez\/","og_site_name":"Cl\u00ednica Girona","article_publisher":"http:\/\/www.facebook.com\/clinicagirona","article_modified_time":"2026-02-27T10:28:04+00:00","og_image":[{"width":900,"height":1350,"url":"https:\/\/clinicagirona.cat\/wp-content\/uploads\/2025\/07\/Dr.-Alejandro-Hernandez-Martinez.jpg","type":"image\/jpeg"}],"twitter_card":"summary_large_image","twitter_misc":{"Tiempo de lectura":"2 minutos"},"schema":{"@context":"https:\/\/schema.org","@graph":[{"@type":"WebPage","@id":"https:\/\/clinicagirona.cat\/professionals-medics\/dr-alejandro-hernandez-martinez\/","url":"https:\/\/clinicagirona.cat\/professionals-medics\/dr-alejandro-hernandez-martinez\/","name":"Dr. Alejandro Hern\u00e1ndez Mart\u00ednez - Cl\u00ednica Girona","isPartOf":{"@id":"https:\/\/clinicagirona.cat\/#website"},"primaryImageOfPage":{"@id":"https:\/\/clinicagirona.cat\/professionals-medics\/dr-alejandro-hernandez-martinez\/#primaryimage"},"image":{"@id":"https:\/\/clinicagirona.cat\/professionals-medics\/dr-alejandro-hernandez-martinez\/#primaryimage"},"thumbnailUrl":"https:\/\/clinicagirona.cat\/wp-content\/uploads\/2025\/07\/Dr.-Alejandro-Hernandez-Martinez.jpg","datePublished":"2025-07-03T09:24:15+00:00","dateModified":"2026-02-27T10:28:04+00:00","description":"El Dr. Alejandro Hern\u00e1ndez Mart\u00ednez es un traumat\u00f3logo cualificado con pr\u00e1ctica en Cl\u00ednica Girona y Cl\u00ednica Corachan, especializado en cirug\u00eda de cadera m\u00ednimamente invasiva, artroscopia y traumatolog\u00eda deportiva.","breadcrumb":{"@id":"https:\/\/clinicagirona.cat\/professionals-medics\/dr-alejandro-hernandez-martinez\/#breadcrumb"},"inLanguage":"es","potentialAction":[{"@type":"ReadAction","target":["https:\/\/clinicagirona.cat\/professionals-medics\/dr-alejandro-hernandez-martinez\/"]}]},{"@type":"ImageObject","inLanguage":"es","@id":"https:\/\/clinicagirona.cat\/professionals-medics\/dr-alejandro-hernandez-martinez\/#primaryimage","url":"https:\/\/clinicagirona.cat\/wp-content\/uploads\/2025\/07\/Dr.-Alejandro-Hernandez-Martinez.jpg","contentUrl":"https:\/\/clinicagirona.cat\/wp-content\/uploads\/2025\/07\/Dr.-Alejandro-Hernandez-Martinez.jpg","width":900,"height":1350,"caption":"Dr. Alejandro Hern\u00e1ndez Mart\u00ednez"},{"@type":"BreadcrumbList","@id":"https:\/\/clinicagirona.cat\/professionals-medics\/dr-alejandro-hernandez-martinez\/#breadcrumb","itemListElement":[{"@type":"ListItem","position":1,"name":"Inici","item":"https:\/\/clinicagirona.cat\/"},{"@type":"ListItem","position":2,"name":"Facultatius","item":"https:\/\/clinicagirona.cat\/facultatius\/"},{"@type":"ListItem","position":3,"name":"Dr. Alejandro Hern\u00e1ndez Mart\u00ednez"}]},{"@type":"WebSite","@id":"https:\/\/clinicagirona.cat\/#website","url":"https:\/\/clinicagirona.cat\/","name":"Cl\u00ednica Girona","description":"Cuidamos tu salud, te cuidamos a ti","publisher":{"@id":"https:\/\/clinicagirona.cat\/#organization"},"potentialAction":[{"@type":"SearchAction","target":{"@type":"EntryPoint","urlTemplate":"https:\/\/clinicagirona.cat\/?s={search_term_string}"},"query-input":{"@type":"PropertyValueSpecification","valueRequired":true,"valueName":"search_term_string"}}],"inLanguage":"es"},{"@type":"Organization","@id":"https:\/\/clinicagirona.cat\/#organization","name":"Cl\u00ednica Girona","url":"https:\/\/clinicagirona.cat\/","logo":{"@type":"ImageObject","inLanguage":"es","@id":"https:\/\/clinicagirona.cat\/#\/schema\/logo\/image\/","url":"https:\/\/clinicagirona.cat\/wp-content\/uploads\/2026\/04\/clinica-girona-logo-quadrat.jpg","contentUrl":"https:\/\/clinicagirona.cat\/wp-content\/uploads\/2026\/04\/clinica-girona-logo-quadrat.jpg","width":1000,"height":1000,"caption":"Cl\u00ednica Girona"},"image":{"@id":"https:\/\/clinicagirona.cat\/#\/schema\/logo\/image\/"},"sameAs":["http:\/\/www.facebook.com\/clinicagirona","https:\/\/www.instagram.com\/clinicagirona\/","http:\/\/www.youtube.com\/clinicagirona","http:\/\/www.linkedin.com\/in\/clnica-girona-130222b6\/"]}]}},"_links":{"self":[{"href":"https:\/\/clinicagirona.cat\/es\/wp-json\/wp\/v2\/product\/34438","targetHints":{"allow":["GET"]}}],"collection":[{"href":"https:\/\/clinicagirona.cat\/es\/wp-json\/wp\/v2\/product"}],"about":[{"href":"https:\/\/clinicagirona.cat\/es\/wp-json\/wp\/v2\/types\/product"}],"replies":[{"embeddable":true,"href":"https:\/\/clinicagirona.cat\/es\/wp-json\/wp\/v2\/comments?post=34438"}],"version-history":[{"count":19,"href":"https:\/\/clinicagirona.cat\/es\/wp-json\/wp\/v2\/product\/34438\/revisions"}],"predecessor-version":[{"id":38169,"href":"https:\/\/clinicagirona.cat\/es\/wp-json\/wp\/v2\/product\/34438\/revisions\/38169"}],"wp:featuredmedia":[{"embeddable":true,"href":"https:\/\/clinicagirona.cat\/es\/wp-json\/wp\/v2\/media\/36181"}],"wp:attachment":[{"href":"https:\/\/clinicagirona.cat\/es\/wp-json\/wp\/v2\/media?parent=34438"}],"wp:term":[{"taxonomy":"product_brand","embeddable":true,"href":"https:\/\/clinicagirona.cat\/es\/wp-json\/wp\/v2\/product_brand?post=34438"},{"taxonomy":"product_cat","embeddable":true,"href":"https:\/\/clinicagirona.cat\/es\/wp-json\/wp\/v2\/product_cat?post=34438"},{"taxonomy":"product_tag","embeddable":true,"href":"https:\/\/clinicagirona.cat\/es\/wp-json\/wp\/v2\/product_tag?post=34438"}],"curies":[{"name":"wp","href":"https:\/\/api.w.org\/{rel}","templated":true}]}}