{"id":34482,"date":"2025-07-03T12:46:01","date_gmt":"2025-07-03T10:46:01","guid":{"rendered":"https:\/\/clinicagirona.cat\/?post_type=product&#038;p=34482"},"modified":"2026-02-27T11:03:39","modified_gmt":"2026-02-27T10:03:39","slug":"dr-jorge-mario-alfonzo-julia","status":"publish","type":"product","link":"https:\/\/clinicagirona.cat\/es\/professionals-medics\/dr-jorge-mario-alfonzo-julia\/","title":{"rendered":"Dr. Jorge Mario Alfonzo Juli\u00e1"},"content":{"rendered":"<div data-elementor-type=\"wp-post\" data-elementor-id=\"34482\" class=\"elementor elementor-34482\">\n\t\t\t\t<div class=\"elementor-element elementor-element-b3f59ef e-con-full e-flex e-con e-child\" data-id=\"b3f59ef\" data-element_type=\"container\" data-e-type=\"container\">\n\t\t<div class=\"elementor-element elementor-element-f883715 e-con-full e-flex e-con e-child\" data-id=\"f883715\" data-element_type=\"container\" data-e-type=\"container\">\n\t\t<div class=\"elementor-element elementor-element-8307ef8 e-con-full e-flex e-con e-child\" data-id=\"8307ef8\" data-element_type=\"container\" data-e-type=\"container\">\n\t\t\t\t<div class=\"elementor-element elementor-element-f579091 elementor-widget elementor-widget-wd_button\" data-id=\"f579091\" data-element_type=\"widget\" data-e-type=\"widget\" data-widget_type=\"wd_button.default\">\n\t\t\t\t<div class=\"elementor-widget-container\">\n\t\t\t\t\t\t\t<div class=\"wd-button-wrapper text-center\" >\n\t\t\t<a class=\"btn btn-style-default btn-shape-rectangle btn-size-default btn-color-primary btn-full-width btn-icon-pos-left\"  href=\"tel:972487092\">\n\t\t\t\t<span class=\"wd-btn-text\" data-elementor-setting-key=\"text\">\n\t\t\t\t\tSolicitar cita telef\u00f3nica\t\t\t\t<\/span>\n\n\t\t\t\t\t\t\t\t\t<span class=\"wd-btn-icon\">\n\t\t\t\t\t\t<svg class=\"wd-icon e-font-icon-svg e-fas-mobile-alt\" viewbox=\"0 0 320 512\" xmlns=\"http:\/\/www.w3.org\/2000\/svg\"><path d=\"M272 0H48C21.5 0 0 21.5 0 48v416c0 26.5 21.5 48 48 48h224c26.5 0 48-21.5 48-48V48c0-26.5-21.5-48-48-48zM160 480c-17.7 0-32-14.3-32-32s14.3-32 32-32 32 14.3 32 32-14.3 32-32 32zm112-108c0 6.6-5.4 12-12 12H60c-6.6 0-12-5.4-12-12V60c0-6.6 5.4-12 12-12h200c6.6 0 12 5.4 12 12v312z\"><\/path><\/svg>\t\t\t\t\t<\/span>\n\t\t\t\t\t\t\t<\/a>\n\t\t<\/div>\n\t\t\t\t\t\t<\/div>\n\t\t\t\t<\/div>\n\t\t\t\t<\/div>\n\t\t<div class=\"elementor-element elementor-element-78165bf e-con-full e-flex e-con e-child\" data-id=\"78165bf\" data-element_type=\"container\" data-e-type=\"container\">\n\t\t\t\t<div class=\"elementor-element elementor-element-5326285 elementor-widget elementor-widget-wd_button\" data-id=\"5326285\" data-element_type=\"widget\" data-e-type=\"widget\" data-widget_type=\"wd_button.default\">\n\t\t\t\t<div class=\"elementor-widget-container\">\n\t\t\t\t\t\t\t<div class=\"wd-button-wrapper text-center\" >\n\t\t\t<a class=\"btn btn-style-default btn-shape-rectangle btn-size-default btn-color-primary btn-full-width btn-icon-pos-left\"  href=\"https:\/\/clinicagirona.cat\/es\/contacto\/\" target=\"_blank\">\n\t\t\t\t<span class=\"wd-btn-text\" data-elementor-setting-key=\"text\">\n\t\t\t\t\tFormulario de contacto\t\t\t\t<\/span>\n\n\t\t\t\t\t\t\t\t\t<span class=\"wd-btn-icon\">\n\t\t\t\t\t\t<svg class=\"wd-icon e-font-icon-svg e-far-envelope\" viewbox=\"0 0 512 512\" xmlns=\"http:\/\/www.w3.org\/2000\/svg\"><path d=\"M464 64H48C21.49 64 0 85.49 0 112v288c0 26.51 21.49 48 48 48h416c26.51 0 48-21.49 48-48V112c0-26.51-21.49-48-48-48zm0 48v40.805c-22.422 18.259-58.168 46.651-134.587 106.49-16.841 13.247-50.201 45.072-73.413 44.701-23.208.375-56.579-31.459-73.413-44.701C106.18 199.465 70.425 171.067 48 152.805V112h416zM48 400V214.398c22.914 18.251 55.409 43.862 104.938 82.646 21.857 17.205 60.134 55.186 103.062 54.955 42.717.231 80.509-37.199 103.053-54.947 49.528-38.783 82.032-64.401 104.947-82.653V400H48z\"><\/path><\/svg>\t\t\t\t\t<\/span>\n\t\t\t\t\t\t\t<\/a>\n\t\t<\/div>\n\t\t\t\t\t\t<\/div>\n\t\t\t\t<\/div>\n\t\t\t\t<\/div>\n\t\t\t\t<\/div>\n\t\t\t\t<\/div>\n\t\t<div class=\"wd-negative-gap elementor-element elementor-element-a82b491 e-flex e-con-boxed e-con e-parent\" data-id=\"a82b491\" data-element_type=\"container\" data-e-type=\"container\">\n\t\t\t\t\t<div class=\"e-con-inner\">\n\t\t\t\t<div class=\"elementor-element elementor-element-53b6691 elementor-widget elementor-widget-n-accordion\" data-id=\"53b6691\" data-element_type=\"widget\" data-e-type=\"widget\" data-settings=\"{&quot;default_state&quot;:&quot;all_collapsed&quot;,&quot;max_items_expended&quot;:&quot;one&quot;,&quot;n_accordion_animation_duration&quot;:{&quot;unit&quot;:&quot;ms&quot;,&quot;size&quot;:400,&quot;sizes&quot;:[]}}\" data-widget_type=\"nested-accordion.default\">\n\t\t\t\t<div class=\"elementor-widget-container\">\n\t\t\t\t\t\t\t<div class=\"e-n-accordion\" aria-label=\"\u00bfCl\u00ednica Girona es accesible para personas con movilidad reducida?\">\n\t\t\t\t\t\t<details id=\"e-n-accordion-item-8770\" class=\"e-n-accordion-item\" >\n\t\t\t\t<summary class=\"e-n-accordion-item-title\" data-accordion-index=\"1\" tabindex=\"0\" aria-expanded=\"false\" aria-controls=\"e-n-accordion-item-8770\" >\n\t\t\t\t\t<span class='e-n-accordion-item-title-header'><div class=\"e-n-accordion-item-title-text\"> Formaci\u00f3n sanitaria <\/div><\/span>\n\t\t\t\t\t\t\t<span class='e-n-accordion-item-title-icon'>\n\t\t\t<span class='e-opened' ><svg aria-hidden=\"true\" class=\"e-font-icon-svg e-fas-minus\" viewbox=\"0 0 448 512\" xmlns=\"http:\/\/www.w3.org\/2000\/svg\"><path d=\"M416 208H32c-17.67 0-32 14.33-32 32v32c0 17.67 14.33 32 32 32h384c17.67 0 32-14.33 32-32v-32c0-17.67-14.33-32-32-32z\"><\/path><\/svg><\/span>\n\t\t\t<span class='e-closed'><svg aria-hidden=\"true\" class=\"e-font-icon-svg e-fas-plus\" viewbox=\"0 0 448 512\" xmlns=\"http:\/\/www.w3.org\/2000\/svg\"><path d=\"M416 208H272V64c0-17.67-14.33-32-32-32h-32c-17.67 0-32 14.33-32 32v144H32c-17.67 0-32 14.33-32 32v32c0 17.67 14.33 32 32 32h144v144c0 17.67 14.33 32 32 32h32c17.67 0 32-14.33 32-32V304h144c17.67 0 32-14.33 32-32v-32c0-17.67-14.33-32-32-32z\"><\/path><\/svg><\/span>\n\t\t<\/span>\n\n\t\t\t\t\t\t<\/summary>\n\t\t\t\t<div role=\"region\" aria-labelledby=\"e-n-accordion-item-8770\" class=\"elementor-element elementor-element-72513a8 e-con-full e-flex e-con e-child\" data-id=\"72513a8\" data-element_type=\"container\" data-e-type=\"container\">\n\t\t\t\t<div class=\"elementor-element elementor-element-a03a4ef elementor-widget elementor-widget-wd_text_block\" data-id=\"a03a4ef\" data-element_type=\"widget\" data-e-type=\"widget\" data-widget_type=\"wd_text_block.default\">\n\t\t\t\t<div class=\"elementor-widget-container\">\n\t\t\t\t\t\t\t<div class=\"wd-text-block reset-last-child text-left\">\n\t\t\t\n\t\t\t<ul><li><strong>Grado: <\/strong>Doctor en Medicina graduado por la Universidad de Ciencias M\u00e9dicas de La Habana (Cuba).<\/li><li><strong>Postgrado:<\/strong> Especialista en Nefrolog\u00eda, formado en el Hospital Consorci Sanitari de Terrassa (Barcelona).<\/li><li><strong>M\u00e1ster <\/strong>en Hemodi\u00e1lisis por la Universidad Complutense de Madrid.<\/li><\/ul>\n\t\t\t\t\t<\/div>\n\t\t\t\t\t\t<\/div>\n\t\t\t\t<\/div>\n\t\t\t\t<\/div>\n\t\t\t\t\t<\/details>\n\t\t\t\t\t\t<details id=\"e-n-accordion-item-8771\" class=\"e-n-accordion-item\" >\n\t\t\t\t<summary class=\"e-n-accordion-item-title\" data-accordion-index=\"2\" tabindex=\"-1\" aria-expanded=\"false\" aria-controls=\"e-n-accordion-item-8771\" >\n\t\t\t\t\t<span class='e-n-accordion-item-title-header'><div class=\"e-n-accordion-item-title-text\"> Trayectoria <\/div><\/span>\n\t\t\t\t\t\t\t<span class='e-n-accordion-item-title-icon'>\n\t\t\t<span class='e-opened' ><svg aria-hidden=\"true\" class=\"e-font-icon-svg e-fas-minus\" viewbox=\"0 0 448 512\" xmlns=\"http:\/\/www.w3.org\/2000\/svg\"><path d=\"M416 208H32c-17.67 0-32 14.33-32 32v32c0 17.67 14.33 32 32 32h384c17.67 0 32-14.33 32-32v-32c0-17.67-14.33-32-32-32z\"><\/path><\/svg><\/span>\n\t\t\t<span class='e-closed'><svg aria-hidden=\"true\" class=\"e-font-icon-svg e-fas-plus\" viewbox=\"0 0 448 512\" xmlns=\"http:\/\/www.w3.org\/2000\/svg\"><path d=\"M416 208H272V64c0-17.67-14.33-32-32-32h-32c-17.67 0-32 14.33-32 32v144H32c-17.67 0-32 14.33-32 32v32c0 17.67 14.33 32 32 32h144v144c0 17.67 14.33 32 32 32h32c17.67 0 32-14.33 32-32V304h144c17.67 0 32-14.33 32-32v-32c0-17.67-14.33-32-32-32z\"><\/path><\/svg><\/span>\n\t\t<\/span>\n\n\t\t\t\t\t\t<\/summary>\n\t\t\t\t<div role=\"region\" aria-labelledby=\"e-n-accordion-item-8771\" class=\"elementor-element elementor-element-262f700 e-con-full e-flex e-con e-child\" data-id=\"262f700\" data-element_type=\"container\" data-e-type=\"container\">\n\t\t\t\t<div class=\"elementor-element elementor-element-bb5b039 elementor-widget elementor-widget-wd_text_block\" data-id=\"bb5b039\" data-element_type=\"widget\" data-e-type=\"widget\" data-widget_type=\"wd_text_block.default\">\n\t\t\t\t<div class=\"elementor-widget-container\">\n\t\t\t\t\t\t\t<div class=\"wd-text-block reset-last-child text-left\">\n\t\t\t\n\t\t\t<p id=\"tw-target-text\" class=\"tw-data-text tw-text-large tw-ta\" dir=\"ltr\" tabindex=\"-1\" role=\"text\" data-placeholder=\"Traducci\u00f3n\" data-ved=\"2ahUKEwjM-cK3zbqSAxW-K_sDHci3BiUQ3ewLegQIDBAW\" aria-label=\"Experiencia cl\u00ednica desarrollada en el \u00e1mbito hospitalario y consulta especializada en Catalu\u00f1a. Pr\u00e1ctica centrada en el manejo integral de la enfermedad renal cr\u00f3nica en todas las etapas, desde la prevenci\u00f3n y diagn\u00f3stico precoz hasta el tratamiento de fases avanzadas.\"><span class=\"Y2IQFc\" lang=\"ca\">Experiencia cl\u00ednica desarrollada en el \u00e1mbito hospitalario y consulta especializada en Catalu\u00f1a. Pr\u00e1ctica centrada en el manejo integral de la enfermedad renal cr\u00f3nica en todas las etapas, desde la prevenci\u00f3n y diagn\u00f3stico precoz hasta el tratamiento de fases avanzadas.<\/span><\/p>\n\t\t\t\t\t<\/div>\n\t\t\t\t\t\t<\/div>\n\t\t\t\t<\/div>\n\t\t\t\t<\/div>\n\t\t\t\t\t<\/details>\n\t\t\t\t\t\t<details id=\"e-n-accordion-item-8772\" class=\"e-n-accordion-item\" >\n\t\t\t\t<summary class=\"e-n-accordion-item-title\" data-accordion-index=\"3\" tabindex=\"-1\" aria-expanded=\"false\" aria-controls=\"e-n-accordion-item-8772\" >\n\t\t\t\t\t<span class='e-n-accordion-item-title-header'><div class=\"e-n-accordion-item-title-text\"> Membres\u00eda <\/div><\/span>\n\t\t\t\t\t\t\t<span class='e-n-accordion-item-title-icon'>\n\t\t\t<span class='e-opened' ><svg aria-hidden=\"true\" class=\"e-font-icon-svg e-fas-minus\" viewbox=\"0 0 448 512\" xmlns=\"http:\/\/www.w3.org\/2000\/svg\"><path d=\"M416 208H32c-17.67 0-32 14.33-32 32v32c0 17.67 14.33 32 32 32h384c17.67 0 32-14.33 32-32v-32c0-17.67-14.33-32-32-32z\"><\/path><\/svg><\/span>\n\t\t\t<span class='e-closed'><svg aria-hidden=\"true\" class=\"e-font-icon-svg e-fas-plus\" viewbox=\"0 0 448 512\" xmlns=\"http:\/\/www.w3.org\/2000\/svg\"><path d=\"M416 208H272V64c0-17.67-14.33-32-32-32h-32c-17.67 0-32 14.33-32 32v144H32c-17.67 0-32 14.33-32 32v32c0 17.67 14.33 32 32 32h144v144c0 17.67 14.33 32 32 32h32c17.67 0 32-14.33 32-32V304h144c17.67 0 32-14.33 32-32v-32c0-17.67-14.33-32-32-32z\"><\/path><\/svg><\/span>\n\t\t<\/span>\n\n\t\t\t\t\t\t<\/summary>\n\t\t\t\t<div role=\"region\" aria-labelledby=\"e-n-accordion-item-8772\" class=\"elementor-element elementor-element-051cfa5 e-con-full e-flex e-con e-child\" data-id=\"051cfa5\" data-element_type=\"container\" data-e-type=\"container\">\n\t\t\t\t<div class=\"elementor-element elementor-element-7a996f9 elementor-widget elementor-widget-wd_text_block\" data-id=\"7a996f9\" data-element_type=\"widget\" data-e-type=\"widget\" data-widget_type=\"wd_text_block.default\">\n\t\t\t\t<div class=\"elementor-widget-container\">\n\t\t\t\t\t\t\t<div class=\"wd-text-block reset-last-child text-left\">\n\t\t\t\n\t\t\t<ul><li>Sociedad Espa\u00f1ola de Nefrolog\u00eda.<\/li><li>Asociaci\u00f3n Renal Europea.<\/li><li>Sociedad Internacional de Nefrolog\u00eda.<\/li><\/ul>\n\t\t\t\t\t<\/div>\n\t\t\t\t\t\t<\/div>\n\t\t\t\t<\/div>\n\t\t\t\t<\/div>\n\t\t\t\t\t<\/details>\n\t\t\t\t\t<\/div>\n\t\t\t\t\t\t<\/div>\n\t\t\t\t<\/div>\n\t\t\t\t\t<\/div>\n\t\t\t\t<\/div>\n\t\t\t\t<\/div>","protected":false},"excerpt":{"rendered":"<h3 style=\"margin-bottom: 0px;\"><strong>Nefrolog\u00eda y Di\u00e1lisis<\/strong><\/h3>\n<p><span style=\"color: #3369a4;\">Segunda Planta \/ M\u00f3dulo C \u2013 972 487 092<\/span><\/p>\n<p id=\"tw-target-text\" class=\"tw-data-text tw-text-large tw-ta\" dir=\"ltr\" tabindex=\"-1\" role=\"text\" data-placeholder=\"Traducci\u00f3n\" data-ved=\"2ahUKEwjM-cK3zbqSAxW-K_sDHci3BiUQ3ewLegQIDBAW\" aria-label=\"Especialista en nefrolog\u00eda con experiencia en el manejo integral de la enfermedad renal cr\u00f3nica y terapias de reemplazo renal. Consulta especializada en patolog\u00edas renales complejas, riesgo cardiovascular, hipertensi\u00f3n arterial, nefrolitiasis e infecciones urinarias desde el rigor cient\u00edfico y la atenci\u00f3n cercana y personalizada.\"><span class=\"Y2IQFc\" lang=\"ca\">El doctor Jorge Mario Alfonzo Juli\u00e1 es especialista en Nefrolog\u00eda con experiencia en el manejo integral de la enfermedad renal cr\u00f3nica y terapias de reemplazo renal. Tiene una consulta especializada en patolog\u00edas renales complejas, riesgo cardiovascular, hipertensi\u00f3n arterial, nefrolitiasis e infecciones urinarias desde el rigor cient\u00edfico y la atenci\u00f3n cercana y personalizada.<\/span><\/p>\n<p dir=\"ltr\" tabindex=\"-1\" role=\"text\" data-placeholder=\"Traducci\u00f3n\" data-ved=\"2ahUKEwjM-cK3zbqSAxW-K_sDHci3BiUQ3ewLegQIDBAW\" aria-label=\"Especialista en nefrolog\u00eda con experiencia en el manejo integral de la enfermedad renal cr\u00f3nica y terapias de reemplazo renal. Consulta especializada en patolog\u00edas renales complejas, riesgo cardiovascular, hipertensi\u00f3n arterial, nefrolitiasis e infecciones urinarias desde el rigor cient\u00edfico y la atenci\u00f3n cercana y personalizada.\">P\u00e1gina web <span style=\"text-decoration: underline;\"><a href=\"https:\/\/www.jorgealfonzo.com\/\" target=\"_blank\" rel=\"noopener\">www.jorgealfonzo.com<\/a><\/span><\/p>","protected":false},"featured_media":36003,"comment_status":"open","ping_status":"closed","template":"","meta":[],"product_brand":[],"product_cat":[102],"product_tag":[],"class_list":{"0":"post-34482","1":"product","2":"type-product","3":"status-publish","4":"has-post-thumbnail","6":"product_cat-nefrologia-i-dialisi","8":"first","9":"instock","10":"shipping-taxable","11":"product-type-simple"},"yoast_head":"<!-- This site is optimized with the Yoast SEO plugin v27.4 - https:\/\/yoast.com\/product\/yoast-seo-wordpress\/ -->\n<title>Dr. Jorge Mario Alfonzo Juli\u00e1 - Cl\u00ednica Girona<\/title>\n<meta name=\"description\" content=\"Especialitzat en nefrologia, la seva pr\u00e0ctica se centra en el diagn\u00f2stic i tractament de malalties renals, amb experi\u00e8ncia en hemodi\u00e0lisi, di\u00e0lisi peritoneal i malalties renals cr\u00f2niques.\" \/>\n<meta name=\"robots\" content=\"index, follow, max-snippet:-1, max-image-preview:large, max-video-preview:-1\" \/>\n<link rel=\"canonical\" href=\"https:\/\/clinicagirona.cat\/es\/profesionales-medicos\/dr-jorge-mario-alfonzo-julia\/\" \/>\n<meta property=\"og:locale\" content=\"es_ES\" \/>\n<meta property=\"og:type\" content=\"article\" \/>\n<meta property=\"og:title\" content=\"Dr. Jorge Mario Alfonzo Juli\u00e1 - Cl\u00ednica Girona\" \/>\n<meta property=\"og:description\" content=\"Especialitzat en nefrologia, la seva pr\u00e0ctica se centra en el diagn\u00f2stic i tractament de malalties renals, amb experi\u00e8ncia en hemodi\u00e0lisi, di\u00e0lisi peritoneal i malalties renals cr\u00f2niques.\" \/>\n<meta property=\"og:url\" content=\"https:\/\/clinicagirona.cat\/es\/profesionales-medicos\/dr-jorge-mario-alfonzo-julia\/\" \/>\n<meta property=\"og:site_name\" content=\"Cl\u00ednica Girona\" \/>\n<meta property=\"article:publisher\" content=\"http:\/\/www.facebook.com\/clinicagirona\" \/>\n<meta property=\"article:modified_time\" content=\"2026-02-27T10:03:39+00:00\" \/>\n<meta property=\"og:image\" content=\"https:\/\/clinicagirona.cat\/wp-content\/uploads\/2025\/07\/Dr.-Jorge-Mario-Alfonzo-Julia.jpg\" \/>\n\t<meta property=\"og:image:width\" content=\"900\" \/>\n\t<meta property=\"og:image:height\" content=\"1350\" \/>\n\t<meta property=\"og:image:type\" content=\"image\/jpeg\" \/>\n<meta name=\"twitter:card\" content=\"summary_large_image\" \/>\n<meta name=\"twitter:label1\" content=\"Tiempo de lectura\" \/>\n\t<meta name=\"twitter:data1\" content=\"1 minuto\" \/>\n<script type=\"application\/ld+json\" class=\"yoast-schema-graph\">{\"@context\":\"https:\\\/\\\/schema.org\",\"@graph\":[{\"@type\":\"WebPage\",\"@id\":\"https:\\\/\\\/clinicagirona.cat\\\/professionals-medics\\\/dr-jorge-mario-alfonzo-julia\\\/\",\"url\":\"https:\\\/\\\/clinicagirona.cat\\\/professionals-medics\\\/dr-jorge-mario-alfonzo-julia\\\/\",\"name\":\"Dr. Jorge Mario Alfonzo Juli\u00e1 - Cl\u00ednica Girona\",\"isPartOf\":{\"@id\":\"https:\\\/\\\/clinicagirona.cat\\\/#website\"},\"primaryImageOfPage\":{\"@id\":\"https:\\\/\\\/clinicagirona.cat\\\/professionals-medics\\\/dr-jorge-mario-alfonzo-julia\\\/#primaryimage\"},\"image\":{\"@id\":\"https:\\\/\\\/clinicagirona.cat\\\/professionals-medics\\\/dr-jorge-mario-alfonzo-julia\\\/#primaryimage\"},\"thumbnailUrl\":\"https:\\\/\\\/clinicagirona.cat\\\/wp-content\\\/uploads\\\/2025\\\/07\\\/Dr.-Jorge-Mario-Alfonzo-Julia.jpg\",\"datePublished\":\"2025-07-03T10:46:01+00:00\",\"dateModified\":\"2026-02-27T10:03:39+00:00\",\"description\":\"Especialitzat en nefrologia, la seva pr\u00e0ctica se centra en el diagn\u00f2stic i tractament de malalties renals, amb experi\u00e8ncia en hemodi\u00e0lisi, di\u00e0lisi peritoneal i malalties renals cr\u00f2niques.\",\"breadcrumb\":{\"@id\":\"https:\\\/\\\/clinicagirona.cat\\\/professionals-medics\\\/dr-jorge-mario-alfonzo-julia\\\/#breadcrumb\"},\"inLanguage\":\"es\",\"potentialAction\":[{\"@type\":\"ReadAction\",\"target\":[\"https:\\\/\\\/clinicagirona.cat\\\/professionals-medics\\\/dr-jorge-mario-alfonzo-julia\\\/\"]}]},{\"@type\":\"ImageObject\",\"inLanguage\":\"es\",\"@id\":\"https:\\\/\\\/clinicagirona.cat\\\/professionals-medics\\\/dr-jorge-mario-alfonzo-julia\\\/#primaryimage\",\"url\":\"https:\\\/\\\/clinicagirona.cat\\\/wp-content\\\/uploads\\\/2025\\\/07\\\/Dr.-Jorge-Mario-Alfonzo-Julia.jpg\",\"contentUrl\":\"https:\\\/\\\/clinicagirona.cat\\\/wp-content\\\/uploads\\\/2025\\\/07\\\/Dr.-Jorge-Mario-Alfonzo-Julia.jpg\",\"width\":900,\"height\":1350,\"caption\":\"Dr. Jorge Mario Alfonzo Juli\u00e1\"},{\"@type\":\"BreadcrumbList\",\"@id\":\"https:\\\/\\\/clinicagirona.cat\\\/professionals-medics\\\/dr-jorge-mario-alfonzo-julia\\\/#breadcrumb\",\"itemListElement\":[{\"@type\":\"ListItem\",\"position\":1,\"name\":\"Inici\",\"item\":\"https:\\\/\\\/clinicagirona.cat\\\/\"},{\"@type\":\"ListItem\",\"position\":2,\"name\":\"Facultatius\",\"item\":\"https:\\\/\\\/clinicagirona.cat\\\/facultatius\\\/\"},{\"@type\":\"ListItem\",\"position\":3,\"name\":\"Dr. Jorge Mario Alfonzo Juli\u00e1\"}]},{\"@type\":\"WebSite\",\"@id\":\"https:\\\/\\\/clinicagirona.cat\\\/#website\",\"url\":\"https:\\\/\\\/clinicagirona.cat\\\/\",\"name\":\"Cl\u00ednica Girona\",\"description\":\"Cuidem la teva salut, et cuidem a tu\",\"publisher\":{\"@id\":\"https:\\\/\\\/clinicagirona.cat\\\/#organization\"},\"potentialAction\":[{\"@type\":\"SearchAction\",\"target\":{\"@type\":\"EntryPoint\",\"urlTemplate\":\"https:\\\/\\\/clinicagirona.cat\\\/?s={search_term_string}\"},\"query-input\":{\"@type\":\"PropertyValueSpecification\",\"valueRequired\":true,\"valueName\":\"search_term_string\"}}],\"inLanguage\":\"es\"},{\"@type\":\"Organization\",\"@id\":\"https:\\\/\\\/clinicagirona.cat\\\/#organization\",\"name\":\"Cl\u00ednica Girona\",\"url\":\"https:\\\/\\\/clinicagirona.cat\\\/\",\"logo\":{\"@type\":\"ImageObject\",\"inLanguage\":\"es\",\"@id\":\"https:\\\/\\\/clinicagirona.cat\\\/#\\\/schema\\\/logo\\\/image\\\/\",\"url\":\"https:\\\/\\\/clinicagirona.cat\\\/wp-content\\\/uploads\\\/2026\\\/04\\\/clinica-girona-logo-quadrat.jpg\",\"contentUrl\":\"https:\\\/\\\/clinicagirona.cat\\\/wp-content\\\/uploads\\\/2026\\\/04\\\/clinica-girona-logo-quadrat.jpg\",\"width\":1000,\"height\":1000,\"caption\":\"Cl\u00ednica Girona\"},\"image\":{\"@id\":\"https:\\\/\\\/clinicagirona.cat\\\/#\\\/schema\\\/logo\\\/image\\\/\"},\"sameAs\":[\"http:\\\/\\\/www.facebook.com\\\/clinicagirona\",\"https:\\\/\\\/www.instagram.com\\\/clinicagirona\\\/\",\"http:\\\/\\\/www.youtube.com\\\/clinicagirona\",\"http:\\\/\\\/www.linkedin.com\\\/in\\\/clnica-girona-130222b6\\\/\"]}]}<\/script>\n<!-- \/ Yoast SEO plugin. -->","yoast_head_json":{"title":"Dr. Jorge Mario Alfonzo Juli\u00e1 - Cl\u00ednica Girona","description":"Especializado en nefrolog\u00eda, su pr\u00e1ctica se centra en el diagn\u00f3stico y tratamiento de enfermedades renales, con experiencia en hemodi\u00e1lisis, di\u00e1lisis peritoneal y enfermedades renales cr\u00f3nicas.","robots":{"index":"index","follow":"follow","max-snippet":"max-snippet:-1","max-image-preview":"max-image-preview:large","max-video-preview":"max-video-preview:-1"},"canonical":"https:\/\/clinicagirona.cat\/es\/profesionales-medicos\/dr-jorge-mario-alfonzo-julia\/","og_locale":"es_ES","og_type":"article","og_title":"Dr. Jorge Mario Alfonzo Juli\u00e1 - Cl\u00ednica Girona","og_description":"Especialitzat en nefrologia, la seva pr\u00e0ctica se centra en el diagn\u00f2stic i tractament de malalties renals, amb experi\u00e8ncia en hemodi\u00e0lisi, di\u00e0lisi peritoneal i malalties renals cr\u00f2niques.","og_url":"https:\/\/clinicagirona.cat\/es\/profesionales-medicos\/dr-jorge-mario-alfonzo-julia\/","og_site_name":"Cl\u00ednica Girona","article_publisher":"http:\/\/www.facebook.com\/clinicagirona","article_modified_time":"2026-02-27T10:03:39+00:00","og_image":[{"width":900,"height":1350,"url":"https:\/\/clinicagirona.cat\/wp-content\/uploads\/2025\/07\/Dr.-Jorge-Mario-Alfonzo-Julia.jpg","type":"image\/jpeg"}],"twitter_card":"summary_large_image","twitter_misc":{"Tiempo de lectura":"1 minuto"},"schema":{"@context":"https:\/\/schema.org","@graph":[{"@type":"WebPage","@id":"https:\/\/clinicagirona.cat\/professionals-medics\/dr-jorge-mario-alfonzo-julia\/","url":"https:\/\/clinicagirona.cat\/professionals-medics\/dr-jorge-mario-alfonzo-julia\/","name":"Dr. Jorge Mario Alfonzo Juli\u00e1 - Cl\u00ednica Girona","isPartOf":{"@id":"https:\/\/clinicagirona.cat\/#website"},"primaryImageOfPage":{"@id":"https:\/\/clinicagirona.cat\/professionals-medics\/dr-jorge-mario-alfonzo-julia\/#primaryimage"},"image":{"@id":"https:\/\/clinicagirona.cat\/professionals-medics\/dr-jorge-mario-alfonzo-julia\/#primaryimage"},"thumbnailUrl":"https:\/\/clinicagirona.cat\/wp-content\/uploads\/2025\/07\/Dr.-Jorge-Mario-Alfonzo-Julia.jpg","datePublished":"2025-07-03T10:46:01+00:00","dateModified":"2026-02-27T10:03:39+00:00","description":"Especializado en nefrolog\u00eda, su pr\u00e1ctica se centra en el diagn\u00f3stico y tratamiento de enfermedades renales, con experiencia en hemodi\u00e1lisis, di\u00e1lisis peritoneal y enfermedades renales cr\u00f3nicas.","breadcrumb":{"@id":"https:\/\/clinicagirona.cat\/professionals-medics\/dr-jorge-mario-alfonzo-julia\/#breadcrumb"},"inLanguage":"es","potentialAction":[{"@type":"ReadAction","target":["https:\/\/clinicagirona.cat\/professionals-medics\/dr-jorge-mario-alfonzo-julia\/"]}]},{"@type":"ImageObject","inLanguage":"es","@id":"https:\/\/clinicagirona.cat\/professionals-medics\/dr-jorge-mario-alfonzo-julia\/#primaryimage","url":"https:\/\/clinicagirona.cat\/wp-content\/uploads\/2025\/07\/Dr.-Jorge-Mario-Alfonzo-Julia.jpg","contentUrl":"https:\/\/clinicagirona.cat\/wp-content\/uploads\/2025\/07\/Dr.-Jorge-Mario-Alfonzo-Julia.jpg","width":900,"height":1350,"caption":"Dr. Jorge Mario Alfonzo Juli\u00e1"},{"@type":"BreadcrumbList","@id":"https:\/\/clinicagirona.cat\/professionals-medics\/dr-jorge-mario-alfonzo-julia\/#breadcrumb","itemListElement":[{"@type":"ListItem","position":1,"name":"Inici","item":"https:\/\/clinicagirona.cat\/"},{"@type":"ListItem","position":2,"name":"Facultatius","item":"https:\/\/clinicagirona.cat\/facultatius\/"},{"@type":"ListItem","position":3,"name":"Dr. Jorge Mario Alfonzo Juli\u00e1"}]},{"@type":"WebSite","@id":"https:\/\/clinicagirona.cat\/#website","url":"https:\/\/clinicagirona.cat\/","name":"Cl\u00ednica Girona","description":"Cuidamos tu salud, te cuidamos a ti","publisher":{"@id":"https:\/\/clinicagirona.cat\/#organization"},"potentialAction":[{"@type":"SearchAction","target":{"@type":"EntryPoint","urlTemplate":"https:\/\/clinicagirona.cat\/?s={search_term_string}"},"query-input":{"@type":"PropertyValueSpecification","valueRequired":true,"valueName":"search_term_string"}}],"inLanguage":"es"},{"@type":"Organization","@id":"https:\/\/clinicagirona.cat\/#organization","name":"Cl\u00ednica Girona","url":"https:\/\/clinicagirona.cat\/","logo":{"@type":"ImageObject","inLanguage":"es","@id":"https:\/\/clinicagirona.cat\/#\/schema\/logo\/image\/","url":"https:\/\/clinicagirona.cat\/wp-content\/uploads\/2026\/04\/clinica-girona-logo-quadrat.jpg","contentUrl":"https:\/\/clinicagirona.cat\/wp-content\/uploads\/2026\/04\/clinica-girona-logo-quadrat.jpg","width":1000,"height":1000,"caption":"Cl\u00ednica Girona"},"image":{"@id":"https:\/\/clinicagirona.cat\/#\/schema\/logo\/image\/"},"sameAs":["http:\/\/www.facebook.com\/clinicagirona","https:\/\/www.instagram.com\/clinicagirona\/","http:\/\/www.youtube.com\/clinicagirona","http:\/\/www.linkedin.com\/in\/clnica-girona-130222b6\/"]}]}},"_links":{"self":[{"href":"https:\/\/clinicagirona.cat\/es\/wp-json\/wp\/v2\/product\/34482","targetHints":{"allow":["GET"]}}],"collection":[{"href":"https:\/\/clinicagirona.cat\/es\/wp-json\/wp\/v2\/product"}],"about":[{"href":"https:\/\/clinicagirona.cat\/es\/wp-json\/wp\/v2\/types\/product"}],"replies":[{"embeddable":true,"href":"https:\/\/clinicagirona.cat\/es\/wp-json\/wp\/v2\/comments?post=34482"}],"version-history":[{"count":24,"href":"https:\/\/clinicagirona.cat\/es\/wp-json\/wp\/v2\/product\/34482\/revisions"}],"predecessor-version":[{"id":38136,"href":"https:\/\/clinicagirona.cat\/es\/wp-json\/wp\/v2\/product\/34482\/revisions\/38136"}],"wp:featuredmedia":[{"embeddable":true,"href":"https:\/\/clinicagirona.cat\/es\/wp-json\/wp\/v2\/media\/36003"}],"wp:attachment":[{"href":"https:\/\/clinicagirona.cat\/es\/wp-json\/wp\/v2\/media?parent=34482"}],"wp:term":[{"taxonomy":"product_brand","embeddable":true,"href":"https:\/\/clinicagirona.cat\/es\/wp-json\/wp\/v2\/product_brand?post=34482"},{"taxonomy":"product_cat","embeddable":true,"href":"https:\/\/clinicagirona.cat\/es\/wp-json\/wp\/v2\/product_cat?post=34482"},{"taxonomy":"product_tag","embeddable":true,"href":"https:\/\/clinicagirona.cat\/es\/wp-json\/wp\/v2\/product_tag?post=34482"}],"curies":[{"name":"wp","href":"https:\/\/api.w.org\/{rel}","templated":true}]}}